{"id":1105,"date":"2026-01-26T15:16:46","date_gmt":"2026-01-26T07:16:46","guid":{"rendered":"https:\/\/www.peanuts-machine.com\/?post_type=product&#038;p=1105"},"modified":"2026-01-30T16:54:46","modified_gmt":"2026-01-30T08:54:46","slug":"small-peanut-butter-processing-line","status":"publish","type":"product","link":"https:\/\/www.peanuts-machine.com\/fr\/product\/small-peanut-butter-processing-line\/","title":{"rendered":"Ligne de traitement semi-automatique de beurre d'arachide de petite capacit\u00e9 100Kg\/h"},"content":{"rendered":"<div class=\"kk-star-ratings kksr-auto kksr-align-left kksr-valign-top\"     data-payload='{&quot;align&quot;:&quot;left&quot;,&quot;id&quot;:&quot;1105&quot;,&quot;slug&quot;:&quot;default&quot;,&quot;valign&quot;:&quot;top&quot;,&quot;ignore&quot;:&quot;&quot;,&quot;reference&quot;:&quot;auto&quot;,&quot;class&quot;:&quot;&quot;,&quot;count&quot;:&quot;9&quot;,&quot;legendonly&quot;:&quot;&quot;,&quot;readonly&quot;:&quot;&quot;,&quot;score&quot;:&quot;4.8&quot;,&quot;starsonly&quot;:&quot;&quot;,&quot;best&quot;:&quot;5&quot;,&quot;gap&quot;:&quot;5&quot;,&quot;greet&quot;:&quot;Rate this product&quot;,&quot;legend&quot;:&quot;4.8\\\/5 - (9 votes)&quot;,&quot;size&quot;:&quot;24&quot;,&quot;title&quot;:&quot;100Kg\\\/h Small-Scale Semi-Automatic Peanut Butter Processing Line&quot;,&quot;width&quot;:&quot;136.7&quot;,&quot;_legend&quot;:&quot;{score}\\\/{best} - ({count} {votes})&quot;,&quot;font_factor&quot;:&quot;1.25&quot;}'>              <div class=\"kksr-stars\">      <div class=\"kksr-stars-inactive\">             <div class=\"kksr-star\" data-star=\"1\" style=\"padding-right: 5px\">               <div class=\"kksr-icon\" style=\"width: 24px; height: 24px;\"><\/div>         <\/div>             <div class=\"kksr-star\" data-star=\"2\" style=\"padding-right: 5px\">               <div class=\"kksr-icon\" style=\"width: 24px; height: 24px;\"><\/div>         <\/div>             <div class=\"kksr-star\" data-star=\"3\" style=\"padding-right: 5px\">               <div class=\"kksr-icon\" style=\"width: 24px; height: 24px;\"><\/div>         <\/div>             <div class=\"kksr-star\" data-star=\"4\" style=\"padding-right: 5px\">               <div class=\"kksr-icon\" style=\"width: 24px; height: 24px;\"><\/div>         <\/div>             <div class=\"kksr-star\" data-star=\"5\" style=\"padding-right: 5px\">               <div class=\"kksr-icon\" style=\"width: 24px; height: 24px;\"><\/div>         <\/div>     <\/div>      <div class=\"kksr-stars-active\" style=\"width: 136.7px;\">             <div class=\"kksr-star\" style=\"padding-right: 5px\">               <div class=\"kksr-icon\" style=\"width: 24px; height: 24px;\"><\/div>         <\/div>             <div class=\"kksr-star\" style=\"padding-right: 5px\">               <div class=\"kksr-icon\" style=\"width: 24px; height: 24px;\"><\/div>         <\/div>             <div class=\"kksr-star\" style=\"padding-right: 5px\">               <div class=\"kksr-icon\" style=\"width: 24px; height: 24px;\"><\/div>         <\/div>             <div class=\"kksr-star\" style=\"padding-right: 5px\">               <div class=\"kksr-icon\" style=\"width: 24px; height: 24px;\"><\/div>         <\/div>             <div class=\"kksr-star\" style=\"padding-right: 5px\">               <div class=\"kksr-icon\" style=\"width: 24px; height: 24px;\"><\/div>         <\/div>     <\/div> <\/div>                   <div class=\"kksr-legend\" style=\"font-size: 19.2px;\">             4,8\/5 - (9 votes)    <\/div>     <\/div>  <p>Cette ligne de traitement du beurre de cacahu\u00e8te semi-automatique est un syst\u00e8me complet con\u00e7u sp\u00e9cifiquement pour les petites entreprises. Avec une capacit\u00e9 de 100 kg\/h, elle int\u00e8gre la torr\u00e9faction, le d\u00e9corticage, le broyage et le remplissage en une seule unit\u00e9, permettant une production efficace et hygi\u00e9nique de beurre de cacahu\u00e8te.<\/p>    <p>Compact en empreinte et simple \u00e0 op\u00e9rer, cette ligne convient aux entreprises avec un capital limit\u00e9 ou aux startups. La capacit\u00e9 de production peut \u00eatre personnalis\u00e9e pour r\u00e9pondre aux exigences du client. La ligne de production enti\u00e8re garantit une qualit\u00e9 constante et stable du beurre de cacahu\u00e8te, ce qui en fait un choix id\u00e9al pour la petite transformation alimentaire et les investissements entrepreneuriaux.<\/p>    <figure class=\"wp-block-embed aligncenter is-type-video is-provider-youtube wp-block-embed-youtube wp-embed-aspect-16-9 wp-has-aspect-ratio\"><div class=\"wp-block-embed__wrapper\"> <iframe loading=\"lazy\" title=\"Semi-Automatic Peanut Butter Production Line | Efficient &amp; Smooth Operation \ud83e\udd5c#peanutbutter\" width=\"500\" height=\"281\" src=\"https:\/\/www.youtube.com\/embed\/_EzcL1xaoWw?feature=oembed\" frameborder=\"0\" allow=\"accelerometer; autoplay; clipboard-write; encrypted-media; gyroscope; picture-in-picture; web-share\" referrerpolicy=\"strict-origin-when-cross-origin\" allowfullscreen><\/iframe> <\/div><figcaption class=\"wp-element-caption\">Vid\u00e9o de fonctionnement de la ligne semi-automatique de traitement du beurre de noix<\/figcaption><\/figure>    <h2 class=\"wp-block-heading\">Caract\u00e9ristiques et avantages de la ligne de production<\/h2>    <ul class=\"wp-block-list\"> <li>Conception compacte : id\u00e9ale pour les startups et petites usines, offrant une op\u00e9ration conviviale et une efficacit\u00e9 en espace.<\/li>    <li>Processus int\u00e9gr\u00e9 : rationalise la production depuis le nettoyage des mati\u00e8res premi\u00e8res, la torr\u00e9faction, le d\u00e9corticage, le broyage jusqu'au remplissage et \u00e0 l'\u00e9tiquetage.<\/li>    <li>Capacit\u00e9 r\u00e9glable : production standard d'environ 100 kg\/h, avec des capacit\u00e9s plus \u00e9lev\u00e9es disponibles sur demande.<\/li>    <li>S\u00e9curit\u00e9 hygi\u00e9nique : l'ensemble de l'unit\u00e9 est construit \u00e0 partir de mat\u00e9riaux de qualit\u00e9 alimentaire, avec une op\u00e9ration conviviale qui respecte les normes d'hygi\u00e8ne en traitement alimentaire.<\/li>    <li>\u00c9conomies de main-d'\u0153uvre : le fonctionnement semi-automatique r\u00e9duit le travail manuel tout en augmentant l'efficacit\u00e9 de la production.<\/li> <\/ul>    <figure class=\"wp-block-gallery has-nested-images columns-default is-cropped wp-block-gallery-2 is-layout-flex wp-block-gallery-is-layout-flex\"> <figure class=\"wp-block-image size-large\"><img loading=\"lazy\" decoding=\"async\" width=\"720\" height=\"540\" data-id=\"1109\" src=\"https:\/\/www.peanuts-machine.com\/wp-content\/uploads\/2026\/01\/nut-butter-factory-line.webp\" alt=\"ligne de fabrication de beurre de noix\" class=\"wp-image-1109\" title=\"\" srcset=\"https:\/\/www.peanuts-machine.com\/wp-content\/uploads\/2026\/01\/nut-butter-factory-line.webp 720w, https:\/\/www.peanuts-machine.com\/wp-content\/uploads\/2026\/01\/nut-butter-factory-line-300x225.webp 300w, https:\/\/www.peanuts-machine.com\/wp-content\/uploads\/2026\/01\/nut-butter-factory-line-16x12.webp 16w\" sizes=\"auto, (max-width: 720px) 100vw, 720px\" \/><figcaption class=\"wp-element-caption\">ligne de fabrication de beurre de noix<\/figcaption><\/figure>    <figure class=\"wp-block-image size-large\"><img loading=\"lazy\" decoding=\"async\" width=\"720\" height=\"540\" data-id=\"1110\" src=\"https:\/\/www.peanuts-machine.com\/wp-content\/uploads\/2026\/01\/small-scale-peanut-butter-plant.webp\" alt=\"petite usine de beurre de cacahu\u00e8te\" class=\"wp-image-1110\" title=\"\" srcset=\"https:\/\/www.peanuts-machine.com\/wp-content\/uploads\/2026\/01\/small-scale-peanut-butter-plant.webp 720w, https:\/\/www.peanuts-machine.com\/wp-content\/uploads\/2026\/01\/small-scale-peanut-butter-plant-300x225.webp 300w, https:\/\/www.peanuts-machine.com\/wp-content\/uploads\/2026\/01\/small-scale-peanut-butter-plant-16x12.webp 16w\" sizes=\"auto, (max-width: 720px) 100vw, 720px\" \/><figcaption class=\"wp-element-caption\">petite usine de beurre de cacahu\u00e8te<\/figcaption><\/figure> <\/figure>    <h2 class=\"wp-block-heading\">Ligne semi-automatique de traitement du beurre de cacahu\u00e8te<\/h2>    <p>Le processus complet de la ligne de traitement du beurre de cacahu\u00e8te est le suivant :<\/p>    <ol class=\"wp-block-list\"> <li>Transport des mati\u00e8res premi\u00e8res : les cacahu\u00e8tes sont transport\u00e9es automatiquement par des \u00e9l\u00e9vateurs vers les \u00e9quipements de nettoyage ou de torr\u00e9faction, assurant un transfert hygi\u00e9nique et efficace des mat\u00e9riaux.<\/li>    <li>Torr\u00e9faction des cacahu\u00e8tes : le <strong><em><a href=\"https:\/\/www.peanuts-machine.com\/fr\/product\/peanut-roasting-machine\/\">torr\u00e9facteur d'arachide<\/a><\/em><\/strong> chauffe uniform\u00e9ment les cacahu\u00e8tes avec des temp\u00e9ratures r\u00e9glables automatiquement allant de 0 \u00e0 300\u00b0C, am\u00e9liorant pleinement l'ar\u00f4me et facilitant le d\u00e9corticage.<\/li>    <li>D\u00e9corticage des cacahu\u00e8tes : les cacahu\u00e8tes grill\u00e9es entrent dans la machine de d\u00e9corticage, o\u00f9 un frottement doux et un flux d'air s\u00e9parent les noyaux de la peau rouge, atteignant des taux d'\u00e9pluchage \u00e9lev\u00e9s tout en conservant des particules de cacahu\u00e8te intactes.<\/li>    <li>Tri manuel : les op\u00e9rateurs inspectent visuellement les cacahu\u00e8tes d\u00e9cortiqu\u00e9es aux stations de tri, enlevant la peau r\u00e9siduelle, les noyaux br\u00fbl\u00e9s ou d\u00e9color\u00e9s pour assurer une qualit\u00e9 constante des mati\u00e8res premi\u00e8res.<\/li>    <li>Concassage de cacahu\u00e8tes : les cacahu\u00e8tes tri\u00e9es entrent dans le <strong><em><a href=\"https:\/\/www.peanuts-machine.com\/fr\/product\/commercial-peanut-butter-machine\/\">machine \u00e0 beurre de noix<\/a><\/em><\/strong>, r\u00e9duit en beurre de cacahu\u00e8te lisse avec une taille de particules r\u00e9glable (2-100\u03bcm) selon les besoins.<\/li>    <li>Remplissage et bouchage : le beurre de cacahu\u00e8te moulu est automatiquement rempli dans des bouteilles ou bocaux par une machine de remplissage \u00e0 poids pr\u00e9d\u00e9finis. Une machine de bouchage scelle ensuite les contenants, assurant l'\u00e9tanch\u00e9it\u00e9 et l'hygi\u00e8ne.<\/li>    <li>\u00c9tiquetage : les machines d'\u00e9tiquetage semi-automatiques peuvent \u00eatre utilis\u00e9es pour appliquer des \u00e9tiquettes sur les bouteilles, am\u00e9liorant l'esth\u00e9tique du produit et standardisant la pr\u00e9sentation sur le march\u00e9.<\/li> <\/ol>    <figure class=\"wp-block-gallery has-nested-images columns-2 is-cropped wp-block-gallery-3 is-layout-flex wp-block-gallery-is-layout-flex\"> <figure class=\"wp-block-image size-large\"><img loading=\"lazy\" decoding=\"async\" width=\"720\" height=\"540\" data-id=\"1114\" src=\"https:\/\/www.peanuts-machine.com\/wp-content\/uploads\/2026\/01\/peanut-roaster-machine.webp\" alt=\"machine \u00e0 r\u00f4tir les cacahu\u00e8tes\" class=\"wp-image-1114\" title=\"\" srcset=\"https:\/\/www.peanuts-machine.com\/wp-content\/uploads\/2026\/01\/peanut-roaster-machine.webp 720w, https:\/\/www.peanuts-machine.com\/wp-content\/uploads\/2026\/01\/peanut-roaster-machine-300x225.webp 300w, https:\/\/www.peanuts-machine.com\/wp-content\/uploads\/2026\/01\/peanut-roaster-machine-16x12.webp 16w\" sizes=\"auto, (max-width: 720px) 100vw, 720px\" \/><figcaption class=\"wp-element-caption\">machine \u00e0 r\u00f4tir les cacahu\u00e8tes<\/figcaption><\/figure>    <figure class=\"wp-block-image size-large\"><img loading=\"lazy\" decoding=\"async\" width=\"720\" height=\"540\" data-id=\"1113\" src=\"https:\/\/www.peanuts-machine.com\/wp-content\/uploads\/2026\/01\/peanut-peeling-machine.webp\" alt=\"machine \u00e0 \u00e9plucher les cacahu\u00e8tes\" class=\"wp-image-1113\" title=\"\" srcset=\"https:\/\/www.peanuts-machine.com\/wp-content\/uploads\/2026\/01\/peanut-peeling-machine.webp 720w, https:\/\/www.peanuts-machine.com\/wp-content\/uploads\/2026\/01\/peanut-peeling-machine-300x225.webp 300w, https:\/\/www.peanuts-machine.com\/wp-content\/uploads\/2026\/01\/peanut-peeling-machine-16x12.webp 16w\" sizes=\"auto, (max-width: 720px) 100vw, 720px\" \/><figcaption class=\"wp-element-caption\">machine \u00e0 \u00e9plucher les cacahu\u00e8tes<\/figcaption><\/figure>    <figure class=\"wp-block-image size-large\"><img loading=\"lazy\" decoding=\"async\" width=\"540\" height=\"720\" data-id=\"1112\" src=\"https:\/\/www.peanuts-machine.com\/wp-content\/uploads\/2026\/01\/peanut-butter-colloid-mill.webp\" alt=\"moulin \u00e0 collo\u00efde pour beurre de cacahu\u00e8te\" class=\"wp-image-1112\" title=\"\" srcset=\"https:\/\/www.peanuts-machine.com\/wp-content\/uploads\/2026\/01\/peanut-butter-colloid-mill.webp 540w, https:\/\/www.peanuts-machine.com\/wp-content\/uploads\/2026\/01\/peanut-butter-colloid-mill-225x300.webp 225w, https:\/\/www.peanuts-machine.com\/wp-content\/uploads\/2026\/01\/peanut-butter-colloid-mill-9x12.webp 9w\" sizes=\"auto, (max-width: 540px) 100vw, 540px\" \/><figcaption class=\"wp-element-caption\">moulin \u00e0 collo\u00efde pour beurre de cacahu\u00e8te<\/figcaption><\/figure>    <figure class=\"wp-block-image size-large\"><img loading=\"lazy\" decoding=\"async\" width=\"540\" height=\"720\" data-id=\"1111\" src=\"https:\/\/www.peanuts-machine.com\/wp-content\/uploads\/2026\/01\/double-head-filling-machine.webp\" alt=\"machine de remplissage \u00e0 double t\u00eate\" class=\"wp-image-1111\" title=\"\" srcset=\"https:\/\/www.peanuts-machine.com\/wp-content\/uploads\/2026\/01\/double-head-filling-machine.webp 540w, https:\/\/www.peanuts-machine.com\/wp-content\/uploads\/2026\/01\/double-head-filling-machine-225x300.webp 225w, https:\/\/www.peanuts-machine.com\/wp-content\/uploads\/2026\/01\/double-head-filling-machine-9x12.webp 9w\" sizes=\"auto, (max-width: 540px) 100vw, 540px\" \/><figcaption class=\"wp-element-caption\">machine de remplissage \u00e0 double t\u00eate<\/figcaption><\/figure> <\/figure>    <h2 class=\"wp-block-heading\">Param\u00e8tres techniques cl\u00e9s de l'\u00e9quipement<\/h2>    <figure class=\"wp-block-table is-style-stripes\"><table class=\"has-fixed-layout\"><tbody><tr><td><strong>\u00c9quipement<\/strong><\/td><td><strong>Mod\u00e8le \/ Sp\u00e9cification<\/strong><\/td><td><strong>Capacit\u00e9<\/strong><\/td><td><strong>Puissance \/ Tension<\/strong><\/td><td><strong>Taille (mm)<\/strong><\/td><td><strong>Remarques<\/strong><\/td><\/tr><tr><td>Torr\u00e9facteur d'arachide<\/td><td>TZR-100<\/td><td>100 kg\/h<\/td><td>22,5 kW \/ 380V<\/td><td>2900\u00d71400\u00d71650<\/td><td>Acier inoxydable; <br>chauffage \u00e9lectrique; <br>thermostat automatique<\/td><\/tr><tr><td>\u00c9pluchage d'arachides <br>Machine<\/td><td>&#8211;<\/td><td>100-200 kg\/h<\/td><td>0,75 kW \/ 380V<\/td><td>1100\u00d7450\u00d71100<\/td><td>Frottement doux, <br>taux d'\u00e9pluchage \u00e9lev\u00e9<\/td><\/tr><tr><td>Beurre d'arachide <br>Broyeur<\/td><td>TZ-110<\/td><td>80-100 kg\/h<\/td><td>7,5 kW \/ 380V<\/td><td>700\u00d7430\u00d71000<\/td><td>Ajustable <br>\u00e9paisseur 2-100\u03bcm<\/td><\/tr><tr><td>Beurre d'arachide <br>Machine de remplissage<\/td><td>&#8211;<\/td><td>400-500 bouteilles\/h<\/td><td>380V<\/td><td>&#8211;<\/td><td>Plage de remplissage <br>100-1000ml, <br>\u00e0 deux t\u00eates<\/td><\/tr><tr><td>Bouchage <br>Machine<\/td><td>&#8211;<\/td><td>20 pi\u00e8ces\/min<\/td><td>0,37 kW \/ 380V<\/td><td>630\u00d7240\u00d7940<\/td><td>Hauteur de la bouteille <br>160-300mm<\/td><\/tr><tr><td>Semi-automatique <br>\u00c9tiquetage <br>Machine<\/td><td>&#8211;<\/td><td>20-40 bouteilles\/min<\/td><td>100 W \/ 380V<\/td><td>650\u00d7345\u00d7450<\/td><td>Diam\u00e8tre de la bouteille <br>15-120mm<\/td><\/tr><\/tbody><\/table><figcaption class=\"wp-element-caption\">Donn\u00e9es techniques des machines de la ligne de traitement semi-automatique du beurre de cacahu\u00e8te<\/figcaption><\/figure>    <figure class=\"wp-block-gallery has-nested-images columns-default is-cropped wp-block-gallery-4 is-layout-flex wp-block-gallery-is-layout-flex\"> <figure class=\"wp-block-image size-large\"><img loading=\"lazy\" decoding=\"async\" width=\"720\" height=\"540\" data-id=\"1107\" src=\"https:\/\/www.peanuts-machine.com\/wp-content\/uploads\/2026\/01\/nut-butter-manufacturing-line.webp\" alt=\"ligne de fabrication de beurre de noix\" class=\"wp-image-1107\" title=\"\" srcset=\"https:\/\/www.peanuts-machine.com\/wp-content\/uploads\/2026\/01\/nut-butter-manufacturing-line.webp 720w, https:\/\/www.peanuts-machine.com\/wp-content\/uploads\/2026\/01\/nut-butter-manufacturing-line-300x225.webp 300w, https:\/\/www.peanuts-machine.com\/wp-content\/uploads\/2026\/01\/nut-butter-manufacturing-line-16x12.webp 16w\" sizes=\"auto, (max-width: 720px) 100vw, 720px\" \/><figcaption class=\"wp-element-caption\">ligne de fabrication de beurre de noix<\/figcaption><\/figure>    <figure class=\"wp-block-image size-large\"><img loading=\"lazy\" decoding=\"async\" width=\"720\" height=\"540\" data-id=\"1108\" src=\"https:\/\/www.peanuts-machine.com\/wp-content\/uploads\/2026\/01\/semi-automatic-peanut-butter-processing-line.webp\" alt=\"ligne de traitement de beurre de cacahu\u00e8te semi-automatique\" class=\"wp-image-1108\" title=\"\" srcset=\"https:\/\/www.peanuts-machine.com\/wp-content\/uploads\/2026\/01\/semi-automatic-peanut-butter-processing-line.webp 720w, https:\/\/www.peanuts-machine.com\/wp-content\/uploads\/2026\/01\/semi-automatic-peanut-butter-processing-line-300x225.webp 300w, https:\/\/www.peanuts-machine.com\/wp-content\/uploads\/2026\/01\/semi-automatic-peanut-butter-processing-line-16x12.webp 16w\" sizes=\"auto, (max-width: 720px) 100vw, 720px\" \/><figcaption class=\"wp-element-caption\">ligne de traitement de beurre de cacahu\u00e8te semi-automatique<\/figcaption><\/figure> <\/figure>    <p class=\"translation-block\">En plus de cette ligne de production de beurre de cacahu\u00e8te semi-automatique compacte, nous proposons \u00e9galement <strong><em><a href=\"https:\/\/www.peanuts-machine.com\/fr\/product\/peanut-butter-production-line\/\">des lignes de traitement de beurre de cacahu\u00e8te enti\u00e8rement automatis\u00e9es \u00e0 haute capacit\u00e9<\/a><\/em><\/strong>. Con\u00e7ues pour la fabrication industrielle \u00e0 grande \u00e9chelle, ces solutions permettent aux entreprises d'atteindre une production efficace, rentable et coh\u00e9rente par lot. Contactez-nous d\u00e8s aujourd'hui pour d\u00e9couvrir la solution de production de beurre de cacahu\u00e8te la mieux adapt\u00e9e \u00e0 vos besoins !<\/p>","protected":false},"excerpt":{"rendered":"<p>La ligne de traitement semi-automatique du beurre d'arachide int\u00e8gre la torr\u00e9faction, l'\u00e9pluchage, le broyage et le remplissage. Elle convient aux petites entreprises ou aux usines en d\u00e9marrage pour r\u00e9aliser une production stable et standardis\u00e9e de beurre de noix.<\/p>","protected":false},"author":1,"featured_media":1127,"parent":0,"template":"","tags":[35],"product-type":[3],"class_list":["post-1105","product","type-product","status-publish","has-post-thumbnail","hentry","tag-peanut-butter","product-type-peanut-processing-lines"],"_links":{"self":[{"href":"https:\/\/www.peanuts-machine.com\/fr\/wp-json\/wp\/v2\/product\/1105","targetHints":{"allow":["GET"]}}],"collection":[{"href":"https:\/\/www.peanuts-machine.com\/fr\/wp-json\/wp\/v2\/product"}],"about":[{"href":"https:\/\/www.peanuts-machine.com\/fr\/wp-json\/wp\/v2\/types\/product"}],"author":[{"embeddable":true,"href":"https:\/\/www.peanuts-machine.com\/fr\/wp-json\/wp\/v2\/users\/1"}],"wp:featuredmedia":[{"embeddable":true,"href":"https:\/\/www.peanuts-machine.com\/fr\/wp-json\/wp\/v2\/media\/1127"}],"wp:attachment":[{"href":"https:\/\/www.peanuts-machine.com\/fr\/wp-json\/wp\/v2\/media?parent=1105"}],"wp:term":[{"taxonomy":"post_tag","embeddable":true,"href":"https:\/\/www.peanuts-machine.com\/fr\/wp-json\/wp\/v2\/tags?post=1105"},{"taxonomy":"product-type","embeddable":true,"href":"https:\/\/www.peanuts-machine.com\/fr\/wp-json\/wp\/v2\/product-type?post=1105"}],"curies":[{"name":"wp","href":"https:\/\/api.w.org\/{rel}","templated":true}]}}