{"id":1149,"date":"2026-01-28T16:03:52","date_gmt":"2026-01-28T08:03:52","guid":{"rendered":"https:\/\/www.peanuts-machine.com\/?post_type=product&#038;p=1149"},"modified":"2026-01-30T16:55:51","modified_gmt":"2026-01-30T08:55:51","slug":"rice-bar-production-line","status":"publish","type":"product","link":"https:\/\/www.peanuts-machine.com\/fr\/product\/rice-bar-production-line\/","title":{"rendered":"Ligne de production de barres de riz | Machine automatique pour barres de snack"},"content":{"rendered":"<div class=\"kk-star-ratings kksr-auto kksr-align-left kksr-valign-top\"     data-payload='{&quot;align&quot;:&quot;left&quot;,&quot;id&quot;:&quot;1149&quot;,&quot;slug&quot;:&quot;default&quot;,&quot;valign&quot;:&quot;top&quot;,&quot;ignore&quot;:&quot;&quot;,&quot;reference&quot;:&quot;auto&quot;,&quot;class&quot;:&quot;&quot;,&quot;count&quot;:&quot;29&quot;,&quot;legendonly&quot;:&quot;&quot;,&quot;readonly&quot;:&quot;&quot;,&quot;score&quot;:&quot;4.7&quot;,&quot;starsonly&quot;:&quot;&quot;,&quot;best&quot;:&quot;5&quot;,&quot;gap&quot;:&quot;5&quot;,&quot;greet&quot;:&quot;Rate this product&quot;,&quot;legend&quot;:&quot;4.7\\\/5 - (29 votes)&quot;,&quot;size&quot;:&quot;24&quot;,&quot;title&quot;:&quot;Rice Bar Production Line | Automatic Snack Bar Machine&quot;,&quot;width&quot;:&quot;133.8&quot;,&quot;_legend&quot;:&quot;{score}\\\/{best} - ({count} {votes})&quot;,&quot;font_factor&quot;:&quot;1.25&quot;}'>              <div class=\"kksr-stars\">      <div class=\"kksr-stars-inactive\">             <div class=\"kksr-star\" data-star=\"1\" style=\"padding-right: 5px\">               <div class=\"kksr-icon\" style=\"width: 24px; height: 24px;\"><\/div>         <\/div>             <div class=\"kksr-star\" data-star=\"2\" style=\"padding-right: 5px\">               <div class=\"kksr-icon\" style=\"width: 24px; height: 24px;\"><\/div>         <\/div>             <div class=\"kksr-star\" data-star=\"3\" style=\"padding-right: 5px\">               <div class=\"kksr-icon\" style=\"width: 24px; height: 24px;\"><\/div>         <\/div>             <div class=\"kksr-star\" data-star=\"4\" style=\"padding-right: 5px\">               <div class=\"kksr-icon\" style=\"width: 24px; height: 24px;\"><\/div>         <\/div>             <div class=\"kksr-star\" data-star=\"5\" style=\"padding-right: 5px\">               <div class=\"kksr-icon\" style=\"width: 24px; height: 24px;\"><\/div>         <\/div>     <\/div>      <div class=\"kksr-stars-active\" style=\"width: 133.8px;\">             <div class=\"kksr-star\" style=\"padding-right: 5px\">               <div class=\"kksr-icon\" style=\"width: 24px; height: 24px;\"><\/div>         <\/div>             <div class=\"kksr-star\" style=\"padding-right: 5px\">               <div class=\"kksr-icon\" style=\"width: 24px; height: 24px;\"><\/div>         <\/div>             <div class=\"kksr-star\" style=\"padding-right: 5px\">               <div class=\"kksr-icon\" style=\"width: 24px; height: 24px;\"><\/div>         <\/div>             <div class=\"kksr-star\" style=\"padding-right: 5px\">               <div class=\"kksr-icon\" style=\"width: 24px; height: 24px;\"><\/div>         <\/div>             <div class=\"kksr-star\" style=\"padding-right: 5px\">               <div class=\"kksr-icon\" style=\"width: 24px; height: 24px;\"><\/div>         <\/div>     <\/div> <\/div>                   <div class=\"kksr-legend\" style=\"font-size: 19.2px;\">             4.7\/5 - (29 votes)    <\/div>     <\/div>  <p>La ligne de production automatique compl\u00e8te de barres de riz souffl\u00e9 est sp\u00e9cialement con\u00e7ue pour la production continue et \u00e0 grande \u00e9chelle de boules de riz souffl\u00e9, de boules de c\u00e9r\u00e9ales et de divers produits de confiserie \u00e0 base de c\u00e9r\u00e9ales souffl\u00e9es. Elle r\u00e9pond aux demandes de production continue d'environ 80\u2013150 kg\/h. <\/p>    <p>This integrated system combines puffing, sugar boiling, mixing, molding, and packaging into one unit. It comprehensively meets food processing enterprises&#8217; requirements for efficiency, quality, and diverse product offerings.<\/p>    <figure class=\"wp-block-embed aligncenter is-type-video is-provider-youtube wp-block-embed-youtube wp-embed-aspect-16-9 wp-has-aspect-ratio\"><div class=\"wp-block-embed__wrapper\"> <iframe loading=\"lazy\" title=\"Puffed Rice Cereal Bar Production Line | Efficient &amp; High-Quality \ud83c\udf7f#riceballs #cerealbar\" width=\"500\" height=\"281\" src=\"https:\/\/www.youtube.com\/embed\/OcXKtBMlMGw?feature=oembed\" frameborder=\"0\" allow=\"accelerometer; autoplay; clipboard-write; encrypted-media; gyroscope; picture-in-picture; web-share\" referrerpolicy=\"strict-origin-when-cross-origin\" allowfullscreen><\/iframe> <\/div><figcaption class=\"wp-element-caption\">Vid\u00e9o de fonctionnement de la ligne de production automatique de barres de riz<\/figcaption><\/figure>    <h2 class=\"wp-block-heading\">Applications de la ligne de production de barres de riz<\/h2>    <p>Cette ligne de moulage rotatif de boules de riz souffl\u00e9 convient au traitement de diverses collations \u00e0 base de grains et de noix. Les produits typiques incluent, mais ne sont pas limit\u00e9s \u00e0 :<\/p>    <ul class=\"wp-block-list\"> <li>Boules de riz souffl\u00e9 \/ Boules de bonbons de riz souffl\u00e9<\/li>    <li>Boules de grains, boules d'avoine, boules de ma\u00efs<\/li>    <li>Boules d'\u00e9nergie aux noix, Boules de prot\u00e9ines<\/li>    <li>Bonbons de riz souffl\u00e9, produits de bonbons multigrains<\/li>    <li>Produits de forme ronde, cylindrique, sph\u00e9rique et autres<\/li> <\/ul>    <p>Utilis\u00e9 largement dans les usines de snacks, les ateliers de fabrication de bonbons, les entreprises alimentaires \u00e0 base de grains, et les projets de transformation alimentaire \u00e0 l'export.<\/p>    <figure class=\"wp-block-gallery has-nested-images columns-default is-cropped wp-block-gallery-2 is-layout-flex wp-block-gallery-is-layout-flex\"> <figure class=\"wp-block-image size-large\"><img loading=\"lazy\" decoding=\"async\" width=\"720\" height=\"540\" data-id=\"1154\" src=\"https:\/\/www.peanuts-machine.com\/wp-content\/uploads\/2026\/01\/rice-snack-bar-production.webp\" alt=\"Production de barres de snack de riz\" class=\"wp-image-1154\" title=\"\" srcset=\"https:\/\/www.peanuts-machine.com\/wp-content\/uploads\/2026\/01\/rice-snack-bar-production.webp 720w, https:\/\/www.peanuts-machine.com\/wp-content\/uploads\/2026\/01\/rice-snack-bar-production-300x225.webp 300w, https:\/\/www.peanuts-machine.com\/wp-content\/uploads\/2026\/01\/rice-snack-bar-production-16x12.webp 16w\" sizes=\"auto, (max-width: 720px) 100vw, 720px\" \/><figcaption class=\"wp-element-caption\">Production de barres de snack de riz<\/figcaption><\/figure>    <figure class=\"wp-block-image size-large\"><img loading=\"lazy\" decoding=\"async\" width=\"720\" height=\"540\" data-id=\"1153\" src=\"https:\/\/www.peanuts-machine.com\/wp-content\/uploads\/2026\/01\/rice-balls.webp\" alt=\"boules de riz\" class=\"wp-image-1153\" title=\"\" srcset=\"https:\/\/www.peanuts-machine.com\/wp-content\/uploads\/2026\/01\/rice-balls.webp 720w, https:\/\/www.peanuts-machine.com\/wp-content\/uploads\/2026\/01\/rice-balls-300x225.webp 300w, https:\/\/www.peanuts-machine.com\/wp-content\/uploads\/2026\/01\/rice-balls-16x12.webp 16w\" sizes=\"auto, (max-width: 720px) 100vw, 720px\" \/><figcaption class=\"wp-element-caption\">boules de riz<\/figcaption><\/figure>    <figure class=\"wp-block-image size-large\"><img loading=\"lazy\" decoding=\"async\" width=\"720\" height=\"540\" data-id=\"1152\" src=\"https:\/\/www.peanuts-machine.com\/wp-content\/uploads\/2026\/01\/cereal-bar.webp\" alt=\"barre c\u00e9r\u00e9ale\" class=\"wp-image-1152\" title=\"\" srcset=\"https:\/\/www.peanuts-machine.com\/wp-content\/uploads\/2026\/01\/cereal-bar.webp 720w, https:\/\/www.peanuts-machine.com\/wp-content\/uploads\/2026\/01\/cereal-bar-300x225.webp 300w, https:\/\/www.peanuts-machine.com\/wp-content\/uploads\/2026\/01\/cereal-bar-16x12.webp 16w\" sizes=\"auto, (max-width: 720px) 100vw, 720px\" \/><figcaption class=\"wp-element-caption\">barre c\u00e9r\u00e9ale<\/figcaption><\/figure> <\/figure>    <h2 class=\"wp-block-heading\">Avantages de la ligne de moulage rotatif de boules de riz<\/h2>    <ul class=\"wp-block-list\"> <li>Haute automatisation : op\u00e9ration continue depuis le soufflage des ingr\u00e9dients jusqu'au moulage et \u00e0 l'emballage, r\u00e9duisant consid\u00e9rablement les co\u00fbts de main-d'\u0153uvre.<\/li>    <li>Formation coh\u00e9rente du produit : le moulage rotatif assure une taille et un poids uniformes.<\/li>    <li>Polyvalence d'adaptabilit\u00e9 : traite divers grains, noix et combinaisons d'ingr\u00e9dients.<\/li>    <li>Conception structurelle conforme aux normes alimentaires : \u00e9quipements critiques en acier inoxydable, respectant les normes d'hygi\u00e8ne alimentaire.<\/li>    <li>Production stable et haute efficacit\u00e9 : id\u00e9al pour une production r\u00e9guli\u00e8re de moyenne \u00e0 grande \u00e9chelle.<\/li>    <li>Op\u00e9ration et maintenance conviviales : disposition claire, param\u00e8tres contr\u00f4lables, faible taux de d\u00e9faillance.<\/li> <\/ul>    <h2 class=\"wp-block-heading\">Processus de la ligne de production de barres de snack<\/h2>    <p>La ligne de production de barres de riz comprend les processus suivants :<\/p>    <ul class=\"wp-block-list\"> <li><strong>Soufflage de grains<\/strong> \u2192 <strong>\u00c9bullition du sucre<\/strong> \u2192 <strong>M\u00e9lange<\/strong> \u2192 <strong>Moulage rotatif<\/strong> \u2192 <strong>Emballage<\/strong><\/li> <\/ul>    <figure class=\"wp-block-gallery has-nested-images columns-default is-cropped wp-block-gallery-3 is-layout-flex wp-block-gallery-is-layout-flex\"> <figure class=\"wp-block-image size-large\"><img loading=\"lazy\" decoding=\"async\" width=\"720\" height=\"540\" data-id=\"1155\" src=\"https:\/\/www.peanuts-machine.com\/wp-content\/uploads\/2026\/01\/rice-bar-making-machine.webp\" alt=\"Machine \u00e0 fabriquer des barres de riz\" class=\"wp-image-1155\" title=\"\" srcset=\"https:\/\/www.peanuts-machine.com\/wp-content\/uploads\/2026\/01\/rice-bar-making-machine.webp 720w, https:\/\/www.peanuts-machine.com\/wp-content\/uploads\/2026\/01\/rice-bar-making-machine-300x225.webp 300w, https:\/\/www.peanuts-machine.com\/wp-content\/uploads\/2026\/01\/rice-bar-making-machine-16x12.webp 16w\" sizes=\"auto, (max-width: 720px) 100vw, 720px\" \/><figcaption class=\"wp-element-caption\">Machine \u00e0 fabriquer des barres de riz<\/figcaption><\/figure>    <figure class=\"wp-block-image size-large\"><img loading=\"lazy\" decoding=\"async\" width=\"720\" height=\"540\" data-id=\"1156\" src=\"https:\/\/www.peanuts-machine.com\/wp-content\/uploads\/2026\/01\/rice-bar-production-line.webp\" alt=\"Ligne de production de barres de riz\" class=\"wp-image-1156\" title=\"\" srcset=\"https:\/\/www.peanuts-machine.com\/wp-content\/uploads\/2026\/01\/rice-bar-production-line.webp 720w, https:\/\/www.peanuts-machine.com\/wp-content\/uploads\/2026\/01\/rice-bar-production-line-300x225.webp 300w, https:\/\/www.peanuts-machine.com\/wp-content\/uploads\/2026\/01\/rice-bar-production-line-16x12.webp 16w\" sizes=\"auto, (max-width: 720px) 100vw, 720px\" \/><figcaption class=\"wp-element-caption\">Ligne de production de barres de riz<\/figcaption><\/figure> <\/figure>    <p>Voici une introduction d\u00e9taill\u00e9e de chaque machine principale dans la ligne de production :<\/p>    <h3 class=\"wp-block-heading\">Machine \u00e0 souffler \u00e0 flux d'air SLP-60<\/h3>    <p>Utilis\u00e9e pour le soufflage rapide de grains tels que le riz, le ma\u00efs, le bl\u00e9, l'avoine, le soja et le millet. Pr\u00e9serve la saveur et les nutriments originaux tout en assurant un soufflage uniforme.<\/p>    <figure class=\"wp-block-table is-style-stripes\"><table class=\"has-fixed-layout\"><tbody><tr><td><strong>Article<\/strong><\/td><td><strong>Sp\u00e9cification<\/strong><\/td><\/tr><tr><td>Tension<\/td><td>380V \/ 50Hz<\/td><\/tr><tr><td>Pouvoir<\/td><td>0.75 kW<\/td><\/tr><tr><td>Capacit\u00e9<\/td><td>90\u2013100 kg\/h<\/td><\/tr><tr><td>Poids<\/td><td>500 kg<\/td><\/tr><tr><td>Taille<\/td><td>1600 \u00d7 820 \u00d7 1370 mm<\/td><\/tr><\/tbody><\/table><figcaption class=\"wp-element-caption\">Param\u00e8tres techniques de la machine \u00e0 souffler \u00e0 flux d'air<\/figcaption><\/figure>    <h3 class=\"wp-block-heading\">Machine \u00e0 chaudi\u00e8re \u00e0 double enveloppe TZ-200<\/h3>    <p>Chauffage, \u00e9bullition et contr\u00f4le de la temp\u00e9rature pour sirops, miel ou solutions de sucre. Assure un chauffage uniforme avec des r\u00e9glages de temp\u00e9rature ajustables, adapt\u00e9 \u00e0 la production continue.<\/p>    <figure class=\"wp-block-table is-style-stripes\"><table class=\"has-fixed-layout\"><tbody><tr><td><strong>Article<\/strong><\/td><td><strong>Sp\u00e9cification<\/strong><\/td><\/tr><tr><td>Tension<\/td><td>380V \/ 50Hz<\/td><\/tr><tr><td>Pouvoir<\/td><td>15 kW<\/td><\/tr><tr><td>Diam\u00e8tre<\/td><td>\u00d8840 mm<\/td><\/tr><tr><td>Poids<\/td><td>480 kg<\/td><\/tr><tr><td>Taille<\/td><td>1470 \u00d7 905 \u00d7 990 mm<\/td><\/tr><\/tbody><\/table><figcaption class=\"wp-element-caption\">Donn\u00e9es techniques de la machine \u00e0 chaudi\u00e8re \u00e0 double enveloppe<\/figcaption><\/figure>    <figure class=\"wp-block-gallery has-nested-images columns-default is-cropped wp-block-gallery-4 is-layout-flex wp-block-gallery-is-layout-flex\"> <figure class=\"wp-block-image size-large\"><img loading=\"lazy\" decoding=\"async\" width=\"720\" height=\"540\" data-id=\"1157\" src=\"https:\/\/www.peanuts-machine.com\/wp-content\/uploads\/2026\/01\/puffing-machine.webp\" alt=\"Machine \u00e0 souffler\" class=\"wp-image-1157\" title=\"\" srcset=\"https:\/\/www.peanuts-machine.com\/wp-content\/uploads\/2026\/01\/puffing-machine.webp 720w, https:\/\/www.peanuts-machine.com\/wp-content\/uploads\/2026\/01\/puffing-machine-300x225.webp 300w, https:\/\/www.peanuts-machine.com\/wp-content\/uploads\/2026\/01\/puffing-machine-16x12.webp 16w\" sizes=\"auto, (max-width: 720px) 100vw, 720px\" \/><figcaption class=\"wp-element-caption\">Machine \u00e0 souffler<\/figcaption><\/figure>    <figure class=\"wp-block-image size-large\"><img loading=\"lazy\" decoding=\"async\" width=\"720\" height=\"540\" data-id=\"1158\" src=\"https:\/\/www.peanuts-machine.com\/wp-content\/uploads\/2026\/01\/sugar-boiling-pot.webp\" alt=\"Cuve \u00e0 \u00e9bullition de sucre\" class=\"wp-image-1158\" title=\"\" srcset=\"https:\/\/www.peanuts-machine.com\/wp-content\/uploads\/2026\/01\/sugar-boiling-pot.webp 720w, https:\/\/www.peanuts-machine.com\/wp-content\/uploads\/2026\/01\/sugar-boiling-pot-300x225.webp 300w, https:\/\/www.peanuts-machine.com\/wp-content\/uploads\/2026\/01\/sugar-boiling-pot-16x12.webp 16w\" sizes=\"auto, (max-width: 720px) 100vw, 720px\" \/><figcaption class=\"wp-element-caption\">Cuve \u00e0 \u00e9bullition de sucre<\/figcaption><\/figure>    <figure class=\"wp-block-image size-large\"><img loading=\"lazy\" decoding=\"async\" width=\"720\" height=\"540\" data-id=\"1159\" src=\"https:\/\/www.peanuts-machine.com\/wp-content\/uploads\/2026\/01\/mixer.webp\" alt=\"mixer\" class=\"wp-image-1159\" title=\"\" srcset=\"https:\/\/www.peanuts-machine.com\/wp-content\/uploads\/2026\/01\/mixer.webp 720w, https:\/\/www.peanuts-machine.com\/wp-content\/uploads\/2026\/01\/mixer-300x225.webp 300w, https:\/\/www.peanuts-machine.com\/wp-content\/uploads\/2026\/01\/mixer-16x12.webp 16w\" sizes=\"auto, (max-width: 720px) 100vw, 720px\" \/><figcaption class=\"wp-element-caption\">mixer<\/figcaption><\/figure> <\/figure>    <h3 class=\"wp-block-heading\">Machine de m\u00e9lange TZ-15<\/h3>    <p>M\u00e9langer soigneusement le sirop pr\u00e9par\u00e9 avec les grains souffl\u00e9s, les noix et autres ingr\u00e9dients. \u00c9quip\u00e9 d'un syst\u00e8me de contr\u00f4le de la temp\u00e9rature et d'une structure isol\u00e9e pour assurer un m\u00e9lange uniforme et \u00e9viter la formation de grumeaux.<\/p>    <figure class=\"wp-block-table is-style-stripes\"><table class=\"has-fixed-layout\"><tbody><tr><td><strong>Article<\/strong><\/td><td><strong>Sp\u00e9cification<\/strong><\/td><\/tr><tr><td>Tension<\/td><td>380V \/ 50Hz<\/td><\/tr><tr><td>Pouvoir<\/td><td>1,1 kW<\/td><\/tr><tr><td>Capacit\u00e9<\/td><td>10 kg \/ lot<\/td><\/tr><tr><td>Taille<\/td><td>700 \u00d7 800 \u00d7 1200 mm<\/td><\/tr><\/tbody><\/table><figcaption class=\"wp-element-caption\">Param\u00e8tres techniques du m\u00e9langeur de la ligne de production de barres de riz<\/figcaption><\/figure>    <h3 class=\"wp-block-heading\">Machine \u00e0 mouler \u00e0 plateau tournant HY-MZ100<\/h3>    <p>L'\u00e9quipement de formation du noyau permet le moulage automatis\u00e9 de produits sph\u00e9riques, circulaires, cylindriques et autres \u00e0 l'aide de moules tournants. Il offre des r\u00e9sultats esth\u00e9tiques avec une grande efficacit\u00e9.<\/p>    <figure class=\"wp-block-table is-style-stripes\"><table class=\"has-fixed-layout\"><tbody><tr><td><strong>Article<\/strong><\/td><td><strong>Sp\u00e9cification<\/strong><\/td><\/tr><tr><td>Tension<\/td><td>380V \/ 50Hz<\/td><\/tr><tr><td>Pouvoir<\/td><td>2,2 kW<\/td><\/tr><tr><td>Capacit\u00e9<\/td><td>80\u2013150 kg\/h<\/td><\/tr><tr><td>Taille<\/td><td>1160 \u00d7 1160 \u00d7 1380 mm<\/td><\/tr><\/tbody><\/table><figcaption class=\"wp-element-caption\">Param\u00e8tres techniques de la machine de formation de la ligne de production de barres de riz<\/figcaption><\/figure>    <figure class=\"wp-block-gallery has-nested-images columns-default is-cropped wp-block-gallery-5 is-layout-flex wp-block-gallery-is-layout-flex\"> <figure class=\"wp-block-image size-large\"><img loading=\"lazy\" decoding=\"async\" width=\"720\" height=\"540\" data-id=\"1161\" src=\"https:\/\/www.peanuts-machine.com\/wp-content\/uploads\/2026\/01\/machine-internal-view.webp\" alt=\"Vue int\u00e9rieure de la machine\" class=\"wp-image-1161\" title=\"\" srcset=\"https:\/\/www.peanuts-machine.com\/wp-content\/uploads\/2026\/01\/machine-internal-view.webp 720w, https:\/\/www.peanuts-machine.com\/wp-content\/uploads\/2026\/01\/machine-internal-view-300x225.webp 300w, https:\/\/www.peanuts-machine.com\/wp-content\/uploads\/2026\/01\/machine-internal-view-16x12.webp 16w\" sizes=\"auto, (max-width: 720px) 100vw, 720px\" \/><figcaption class=\"wp-element-caption\">Vue int\u00e9rieure de la machine<\/figcaption><\/figure>    <figure class=\"wp-block-image size-large\"><img loading=\"lazy\" decoding=\"async\" width=\"720\" height=\"540\" data-id=\"1160\" src=\"https:\/\/www.peanuts-machine.com\/wp-content\/uploads\/2026\/01\/cereal-bar-machine-mold.webp\" alt=\"Moule de machine \u00e0 barres de c\u00e9r\u00e9ales\" class=\"wp-image-1160\" title=\"\" srcset=\"https:\/\/www.peanuts-machine.com\/wp-content\/uploads\/2026\/01\/cereal-bar-machine-mold.webp 720w, https:\/\/www.peanuts-machine.com\/wp-content\/uploads\/2026\/01\/cereal-bar-machine-mold-300x225.webp 300w, https:\/\/www.peanuts-machine.com\/wp-content\/uploads\/2026\/01\/cereal-bar-machine-mold-16x12.webp 16w\" sizes=\"auto, (max-width: 720px) 100vw, 720px\" \/><figcaption class=\"wp-element-caption\">Moule de machine \u00e0 barres de c\u00e9r\u00e9ales<\/figcaption><\/figure>    <figure class=\"wp-block-image size-large\"><img loading=\"lazy\" decoding=\"async\" width=\"720\" height=\"540\" data-id=\"1162\" src=\"https:\/\/www.peanuts-machine.com\/wp-content\/uploads\/2026\/01\/rice-ball-forming-machine.webp\" alt=\"Machine \u00e0 former des boules de riz\" class=\"wp-image-1162\" title=\"\" srcset=\"https:\/\/www.peanuts-machine.com\/wp-content\/uploads\/2026\/01\/rice-ball-forming-machine.webp 720w, https:\/\/www.peanuts-machine.com\/wp-content\/uploads\/2026\/01\/rice-ball-forming-machine-300x225.webp 300w, https:\/\/www.peanuts-machine.com\/wp-content\/uploads\/2026\/01\/rice-ball-forming-machine-16x12.webp 16w\" sizes=\"auto, (max-width: 720px) 100vw, 720px\" \/><figcaption class=\"wp-element-caption\">Machine \u00e0 former des boules de riz<\/figcaption><\/figure> <\/figure>    <h3 class=\"wp-block-heading\">Machine d'emballage TZ-320<\/h3>    <p>Convient \u00e0 l'emballage \u00e0 grande vitesse de divers aliments de forme r\u00e9guli\u00e8re tels que boules de riz souffl\u00e9, bonbons de riz souffl\u00e9, biscuits sacha et barres \u00e9nerg\u00e9tiques. Dot\u00e9 de joints attrayants et d'une forte adaptabilit\u00e9.<\/p>    <figure class=\"wp-block-table is-style-stripes\"><table class=\"has-fixed-layout\"><tbody><tr><td><strong>Article<\/strong><\/td><td><strong>Sp\u00e9cification<\/strong><\/td><\/tr><tr><td>Tension<\/td><td>220V<\/td><\/tr><tr><td>Pouvoir<\/td><td>2,5 kW<\/td><\/tr><tr><td>Vitesse d'emballage<\/td><td>50\u2013300 pcs\/min<\/td><\/tr><tr><td>Taille d'emballage<\/td><td>L : 50\u2013300 mm \/ l : 50\u2013310 mm \/ H : 5\u201360 mm<\/td><\/tr><tr><td>Taille de la machine<\/td><td>3800 \u00d7 780 \u00d7 1500 mm<\/td><\/tr><\/tbody><\/table><figcaption class=\"wp-element-caption\">Donn\u00e9es techniques de la machine d'emballage de barres de c\u00e9r\u00e9ales<\/figcaption><\/figure>    <h2 class=\"wp-block-heading\">Conclusion<\/h2>    <p>La ligne de production de barres de riz souffl\u00e9 est devenue une solution id\u00e9ale pour le traitement de boules de c\u00e9r\u00e9ales et de produits de confiserie souffl\u00e9s, gr\u00e2ce \u00e0 ses m\u00e9thodes de moulage flexibles et diversifi\u00e9es. Cette ligne convient \u00e0 la production \u00e0 grande \u00e9chelle et standardis\u00e9e, tout en \u00e9tant adaptable pour r\u00e9pondre \u00e0 diff\u00e9rents produits et capacit\u00e9s.<\/p>    <p class=\"translation-block\">De plus, nous proposons une gamme d'\u00e9quipements de traitement de snacks aux arachides et aux noix, tels que <strong><em><a href=\"https:\/\/www.peanuts-machine.com\/fr\/product\/peanut-cereal-bar-production-line\/\">lignes de traitement de bonbons aux arachides<\/a><\/em><\/strong>, pour r\u00e9pondre \u00e0 diverses formes de produits et exigences de positionnement sur le march\u00e9. N'h\u00e9sitez pas \u00e0 nous contacter \u00e0 tout moment pour la s\u00e9lection d'\u00e9quipements et la configuration de solutions. Nous offrons des services professionnels et efficaces en un seul endroit.<\/p>","protected":false},"excerpt":{"rendered":"<p>La ligne de production de barres de riz int\u00e8gre des processus tels que le soufflage, l'\u00e9bullition du sucre, le m\u00e9lange, le moulage et l'emballage. Elle produit efficacement des boules de riz souffl\u00e9, des boules de c\u00e9r\u00e9ales et diverses confiseries \u00e0 base de noix.<\/p>","protected":false},"author":1,"featured_media":1163,"parent":0,"template":"","tags":[45,59],"product-type":[3],"class_list":["post-1149","product","type-product","status-publish","has-post-thumbnail","hentry","tag-cereal-bar","tag-rice-bar","product-type-peanut-processing-lines"],"_links":{"self":[{"href":"https:\/\/www.peanuts-machine.com\/fr\/wp-json\/wp\/v2\/product\/1149","targetHints":{"allow":["GET"]}}],"collection":[{"href":"https:\/\/www.peanuts-machine.com\/fr\/wp-json\/wp\/v2\/product"}],"about":[{"href":"https:\/\/www.peanuts-machine.com\/fr\/wp-json\/wp\/v2\/types\/product"}],"author":[{"embeddable":true,"href":"https:\/\/www.peanuts-machine.com\/fr\/wp-json\/wp\/v2\/users\/1"}],"wp:featuredmedia":[{"embeddable":true,"href":"https:\/\/www.peanuts-machine.com\/fr\/wp-json\/wp\/v2\/media\/1163"}],"wp:attachment":[{"href":"https:\/\/www.peanuts-machine.com\/fr\/wp-json\/wp\/v2\/media?parent=1149"}],"wp:term":[{"taxonomy":"post_tag","embeddable":true,"href":"https:\/\/www.peanuts-machine.com\/fr\/wp-json\/wp\/v2\/tags?post=1149"},{"taxonomy":"product-type","embeddable":true,"href":"https:\/\/www.peanuts-machine.com\/fr\/wp-json\/wp\/v2\/product-type?post=1149"}],"curies":[{"name":"wp","href":"https:\/\/api.w.org\/{rel}","templated":true}]}}