{"id":115,"date":"2022-08-10T02:41:04","date_gmt":"2022-08-10T02:41:04","guid":{"rendered":"https:\/\/www.peanuts-machine.com\/?post_type=product&#038;p=115"},"modified":"2026-01-14T16:15:10","modified_gmt":"2026-01-14T08:15:10","slug":"groundnut-oil-extractor","status":"publish","type":"product","link":"https:\/\/www.peanuts-machine.com\/fr\/product\/groundnut-oil-extractor\/","title":{"rendered":"Extracteur d'huile d'arachide | Expulseur d'huile de cacahu\u00e8te \u00e0 vis"},"content":{"rendered":"<div class=\"kk-star-ratings kksr-auto kksr-align-left kksr-valign-top\"     data-payload='{&quot;align&quot;:&quot;left&quot;,&quot;id&quot;:&quot;115&quot;,&quot;slug&quot;:&quot;default&quot;,&quot;valign&quot;:&quot;top&quot;,&quot;ignore&quot;:&quot;&quot;,&quot;reference&quot;:&quot;auto&quot;,&quot;class&quot;:&quot;&quot;,&quot;count&quot;:&quot;24&quot;,&quot;legendonly&quot;:&quot;&quot;,&quot;readonly&quot;:&quot;&quot;,&quot;score&quot;:&quot;4.6&quot;,&quot;starsonly&quot;:&quot;&quot;,&quot;best&quot;:&quot;5&quot;,&quot;gap&quot;:&quot;5&quot;,&quot;greet&quot;:&quot;Rate this product&quot;,&quot;legend&quot;:&quot;4.6\\\/5 - (24 votes)&quot;,&quot;size&quot;:&quot;24&quot;,&quot;title&quot;:&quot;Groundnut Oil Extractor | Screw Peanut Oil Expeller&quot;,&quot;width&quot;:&quot;130.9&quot;,&quot;_legend&quot;:&quot;{score}\\\/{best} - ({count} {votes})&quot;,&quot;font_factor&quot;:&quot;1.25&quot;}'>              <div class=\"kksr-stars\">      <div class=\"kksr-stars-inactive\">             <div class=\"kksr-star\" data-star=\"1\" style=\"padding-right: 5px\">               <div class=\"kksr-icon\" style=\"width: 24px; height: 24px;\"><\/div>         <\/div>             <div class=\"kksr-star\" data-star=\"2\" style=\"padding-right: 5px\">               <div class=\"kksr-icon\" style=\"width: 24px; height: 24px;\"><\/div>         <\/div>             <div class=\"kksr-star\" data-star=\"3\" style=\"padding-right: 5px\">               <div class=\"kksr-icon\" style=\"width: 24px; height: 24px;\"><\/div>         <\/div>             <div class=\"kksr-star\" data-star=\"4\" style=\"padding-right: 5px\">               <div class=\"kksr-icon\" style=\"width: 24px; height: 24px;\"><\/div>         <\/div>             <div class=\"kksr-star\" data-star=\"5\" style=\"padding-right: 5px\">               <div class=\"kksr-icon\" style=\"width: 24px; height: 24px;\"><\/div>         <\/div>     <\/div>      <div class=\"kksr-stars-active\" style=\"width: 130.9px;\">             <div class=\"kksr-star\" style=\"padding-right: 5px\">               <div class=\"kksr-icon\" style=\"width: 24px; height: 24px;\"><\/div>         <\/div>             <div class=\"kksr-star\" style=\"padding-right: 5px\">               <div class=\"kksr-icon\" style=\"width: 24px; height: 24px;\"><\/div>         <\/div>             <div class=\"kksr-star\" style=\"padding-right: 5px\">               <div class=\"kksr-icon\" style=\"width: 24px; height: 24px;\"><\/div>         <\/div>             <div class=\"kksr-star\" style=\"padding-right: 5px\">               <div class=\"kksr-icon\" style=\"width: 24px; height: 24px;\"><\/div>         <\/div>             <div class=\"kksr-star\" style=\"padding-right: 5px\">               <div class=\"kksr-icon\" style=\"width: 24px; height: 24px;\"><\/div>         <\/div>     <\/div> <\/div>                   <div class=\"kksr-legend\" style=\"font-size: 19.2px;\">             4,6\/5 - (24 votes)    <\/div>     <\/div>  <p>L'extracteur d'huile de cacahu\u00e8te \u00e0 vis automatique est con\u00e7u pour les cacahu\u00e8tes, le soja, le colza, les graines de tournesol et d'autres cultures ol\u00e9agineuses avec un rendement en huile inf\u00e9rieur \u00e0 40 %. Compar\u00e9 \u00e0 la m\u00e9thode traditionnelle d'extraction d'huile, la machine am\u00e9liore l'efficacit\u00e9 du rendement en huile de 35 % \u00e0 50 % et r\u00e9duit la consommation d'\u00e9nergie de 60 %. <\/p>    <p>Il est compatible avec plus de 20 types de graines ol\u00e9agineuses en m\u00eame temps et garantit la puret\u00e9 de l'huile gr\u00e2ce \u00e0 un processus en acier inoxydable de qualit\u00e9 alimentaire. Avec sa structure compacte et son utilisation facile, il peut \u00eatre largement utilis\u00e9 dans les ateliers familiaux, les petites huileries et les projets de transformation d'huile au d\u00e9but de l'activit\u00e9.<\/p>    <figure class=\"wp-block-embed aligncenter is-type-video is-provider-youtube wp-block-embed-youtube wp-embed-aspect-16-9 wp-has-aspect-ratio\"><div class=\"wp-block-embed__wrapper\"> <iframe loading=\"lazy\" title=\"D\u00e9couvrez les merveilles de notre presse \u00e0 huile automatique \u00e0 vis !#oil #oilpress\" width=\"500\" height=\"281\" src=\"https:\/\/www.youtube.com\/embed\/W56VMnGhLCI?feature=oembed\" frameborder=\"0\" allow=\"accelerometer; autoplay; clipboard-write; encrypted-media; gyroscope; picture-in-picture; web-share\" referrerpolicy=\"strict-origin-when-cross-origin\" allowfullscreen><\/iframe> <\/div><figcaption class=\"wp-element-caption\">vid\u00e9o de fonctionnement de la presse \u00e0 huile \u00e0 vis<\/figcaption><\/figure>    <h2 class=\"wp-block-heading\">Avantages de la machine d'extraction d'huile par vis de cacahu\u00e8tes<\/h2>    <ul class=\"wp-block-list\"> <li>Petite empreinte : seulement 10-20 m\u00e8tres carr\u00e9s, adapt\u00e9 \u00e0 divers sites.<\/li>    <li>Syst\u00e8me de pressage haute efficacit\u00e9 : la conception optimis\u00e9e de la chambre de pressage augmente la pression interne et am\u00e9liore consid\u00e9rablement l'efficacit\u00e9 du pressage de l'huile.<\/li>    <li>Large gamme de mati\u00e8res premi\u00e8res applicables : plus de 20 types de mati\u00e8res premi\u00e8res huileuses peuvent \u00eatre trait\u00e9es pour r\u00e9pondre aux besoins de production diversifi\u00e9s.<\/li>    <li>Capacit\u00e9 de traitement \u00e9lev\u00e9e : elle peut traiter 500 kilogrammes de mati\u00e8res premi\u00e8res par heure, et elle est facile \u00e0 utiliser, une seule personne peut r\u00e9aliser la production.<\/li>    <li>Structure robuste et durable : l'ensemble de l'extracteur d'huile d'arachide est fabriqu\u00e9 en acier au carbone de haute qualit\u00e9, r\u00e9sistant \u00e0 l'usure et durable, permettant un fonctionnement continu \u00e0 long terme.<\/li>    <li>Rendement \u00e9lev\u00e9 en huile : le rendement en huile peut atteindre environ 50 %, le taux d'huile r\u00e9siduelle du g\u00e2teau sec est inf\u00e9rieur \u00e0 8 %, et le taux d'utilisation de l'huile est \u00e9lev\u00e9.<\/li> <\/ul>    <figure class=\"wp-block-gallery has-nested-images columns-default is-cropped wp-block-gallery-2 is-layout-flex wp-block-gallery-is-layout-flex\"> <figure class=\"wp-block-image size-large\"><img loading=\"lazy\" decoding=\"async\" width=\"720\" height=\"540\" data-id=\"593\" src=\"https:\/\/www.peanuts-machine.com\/wp-content\/uploads\/2022\/08\/screw-oil-press-machine.webp\" alt=\"presse \u00e0 huile \u00e0 vis\" class=\"wp-image-593\" title=\"\" srcset=\"https:\/\/www.peanuts-machine.com\/wp-content\/uploads\/2022\/08\/screw-oil-press-machine.webp 720w, https:\/\/www.peanuts-machine.com\/wp-content\/uploads\/2022\/08\/screw-oil-press-machine-300x225.webp 300w, https:\/\/www.peanuts-machine.com\/wp-content\/uploads\/2022\/08\/screw-oil-press-machine-16x12.webp 16w\" sizes=\"auto, (max-width: 720px) 100vw, 720px\" \/><figcaption class=\"wp-element-caption\">presse \u00e0 huile \u00e0 vis<\/figcaption><\/figure>    <figure class=\"wp-block-image size-large\"><img loading=\"lazy\" decoding=\"async\" width=\"720\" height=\"540\" data-id=\"592\" src=\"https:\/\/www.peanuts-machine.com\/wp-content\/uploads\/2022\/08\/oil-expeller-machine.webp\" alt=\"machine \u00e0 expulser l&#039;huile\" class=\"wp-image-592\" title=\"\" srcset=\"https:\/\/www.peanuts-machine.com\/wp-content\/uploads\/2022\/08\/oil-expeller-machine.webp 720w, https:\/\/www.peanuts-machine.com\/wp-content\/uploads\/2022\/08\/oil-expeller-machine-300x225.webp 300w, https:\/\/www.peanuts-machine.com\/wp-content\/uploads\/2022\/08\/oil-expeller-machine-16x12.webp 16w\" sizes=\"auto, (max-width: 720px) 100vw, 720px\" \/><figcaption class=\"wp-element-caption\">machine \u00e0 expulser l'huile<\/figcaption><\/figure> <\/figure>    <h2 class=\"wp-block-heading\">Champ d'application de la machine de presse \u00e0 huile \u00e0 vis<\/h2>    <p>Cette machine d'extraction d'huile d'arachide est adapt\u00e9e \u00e0 une large gamme de mati\u00e8res premi\u00e8res ol\u00e9agineuses et de noix, y compris, mais sans s'y limiter : les graines de moutarde, les graines de tournesol, les graines de colza, le soja, les graines de ricin, les noix de karit\u00e9, les graines de noix de coco ou de coprah, les graines de neem, les graines de coton, les graines de jatropha, le germe de ma\u00efs, les graines de lin, les amandes de palme, les cacahu\u00e8tes, les graines de s\u00e9same, etc.<\/p>    <p>Si vous n'\u00eates pas s\u00fbr que vos mati\u00e8res premi\u00e8res soient adapt\u00e9es, n'h\u00e9sitez pas \u00e0 nous contacter. Nous pouvons vous fournir un service de test gratuit des mati\u00e8res premi\u00e8res pour vous aider \u00e0 \u00e9valuer l'effet de production d'huile.<\/p>    <figure class=\"wp-block-gallery has-nested-images columns-default is-cropped wp-block-gallery-3 is-layout-flex wp-block-gallery-is-layout-flex\"> <figure class=\"wp-block-image size-large\"><img loading=\"lazy\" decoding=\"async\" width=\"720\" height=\"540\" data-id=\"117\" src=\"https:\/\/www.peanuts-machine.com\/wp-content\/uploads\/2022\/08\/application-range-of-peanut-oil-press.webp\" alt=\"gamme d&#039;applications de la presse \u00e0 huile d&#039;arachide\" class=\"wp-image-117\" title=\"\" srcset=\"https:\/\/www.peanuts-machine.com\/wp-content\/uploads\/2022\/08\/application-range-of-peanut-oil-press.webp 720w, https:\/\/www.peanuts-machine.com\/wp-content\/uploads\/2022\/08\/application-range-of-peanut-oil-press-300x225.webp 300w\" sizes=\"auto, (max-width: 720px) 100vw, 720px\" \/><figcaption class=\"wp-element-caption\">gamme d'applications de la presse \u00e0 huile d'arachide<\/figcaption><\/figure>    <figure class=\"wp-block-image size-large\"><img loading=\"lazy\" decoding=\"async\" width=\"720\" height=\"540\" data-id=\"590\" src=\"https:\/\/www.peanuts-machine.com\/wp-content\/uploads\/2022\/08\/oil-press-applications.webp\" alt=\"applications de presse \u00e0 huile\" class=\"wp-image-590\" title=\"\" srcset=\"https:\/\/www.peanuts-machine.com\/wp-content\/uploads\/2022\/08\/oil-press-applications.webp 720w, https:\/\/www.peanuts-machine.com\/wp-content\/uploads\/2022\/08\/oil-press-applications-300x225.webp 300w, https:\/\/www.peanuts-machine.com\/wp-content\/uploads\/2022\/08\/oil-press-applications-16x12.webp 16w\" sizes=\"auto, (max-width: 720px) 100vw, 720px\" \/><figcaption class=\"wp-element-caption\">applications de presse \u00e0 huile<\/figcaption><\/figure> <\/figure>    <h2 class=\"wp-block-heading\" id=\"h-how-to-extract-oil-from-groundnut-seed\">Structure et principe de fonctionnement de l'extracteur d'huile \u00e0 vis<\/h2>    <p>L'extracteur d'huile d'arachide se compose principalement d'un bo\u00eetier de contr\u00f4le automatique, d'une partie de chauffage et de pressage, d'un dispositif de r\u00e9glage, d'une partie rotative et d'un syst\u00e8me de filtration sous vide. Toutes les pi\u00e8ces fonctionnent ensemble pour r\u00e9aliser le processus de pressage d'huile enti\u00e8rement automatique et efficace, allant de l'alimentation en mati\u00e8re premi\u00e8re, au chauffage, au pressage et \u00e0 la filtration de la graisse.<\/p>    <figure class=\"wp-block-gallery has-nested-images columns-default is-cropped wp-block-gallery-4 is-layout-flex wp-block-gallery-is-layout-flex\"> <figure class=\"wp-block-image size-large\"><img loading=\"lazy\" decoding=\"async\" width=\"720\" height=\"540\" data-id=\"119\" src=\"https:\/\/www.peanuts-machine.com\/wp-content\/uploads\/2022\/08\/groundnut-oil-extractor.webp\" alt=\"extracteur d&#039;huile d&#039;arachide\" class=\"wp-image-119\" title=\"\" srcset=\"https:\/\/www.peanuts-machine.com\/wp-content\/uploads\/2022\/08\/groundnut-oil-extractor.webp 720w, https:\/\/www.peanuts-machine.com\/wp-content\/uploads\/2022\/08\/groundnut-oil-extractor-300x225.webp 300w\" sizes=\"auto, (max-width: 720px) 100vw, 720px\" \/><figcaption class=\"wp-element-caption\">extracteur d'huile d'arachide<\/figcaption><\/figure>    <figure class=\"wp-block-image size-large\"><img loading=\"lazy\" decoding=\"async\" width=\"720\" height=\"540\" data-id=\"120\" src=\"https:\/\/www.peanuts-machine.com\/wp-content\/uploads\/2022\/08\/internal-screw.webp\" alt=\"vis interne\" class=\"wp-image-120\" title=\"\" srcset=\"https:\/\/www.peanuts-machine.com\/wp-content\/uploads\/2022\/08\/internal-screw.webp 720w, https:\/\/www.peanuts-machine.com\/wp-content\/uploads\/2022\/08\/internal-screw-300x225.webp 300w\" sizes=\"auto, (max-width: 720px) 100vw, 720px\" \/><figcaption class=\"wp-element-caption\">vis interne<\/figcaption><\/figure> <\/figure>   <div class=\"wp-block-image\"> <figure class=\"aligncenter size-full\"><img loading=\"lazy\" decoding=\"async\" width=\"710\" height=\"512\" src=\"https:\/\/www.peanuts-machine.com\/wp-content\/uploads\/2022\/08\/automatic-oil-expeller-machine-structure.webp\" alt=\"structure de machine d&#039;expulsion automatique d&#039;huile\" class=\"wp-image-118\" title=\"\" srcset=\"https:\/\/www.peanuts-machine.com\/wp-content\/uploads\/2022\/08\/automatic-oil-expeller-machine-structure.webp 710w, https:\/\/www.peanuts-machine.com\/wp-content\/uploads\/2022\/08\/automatic-oil-expeller-machine-structure-300x216.webp 300w\" sizes=\"auto, (max-width: 710px) 100vw, 710px\" \/><figcaption class=\"wp-element-caption\">structure de machine d'expulsion automatique d'huile<\/figcaption><\/figure> <\/div>   <ol class=\"wp-block-list\"> <li>Pr\u00e9traitement des mati\u00e8res premi\u00e8res : selon la teneur en huile et les propri\u00e9t\u00e9s physiques des graines ol\u00e9agineuses, il est g\u00e9n\u00e9ralement n\u00e9cessaire de passer par des \u00e9tapes de pr\u00e9traitement telles que le nettoyage, le s\u00e9chage, le concassage, le laminage de l'embryon, la cuisson \u00e0 la vapeur et le temp\u00e9rage.<\/li>    <li>Alimentation : les noix de cacahu\u00e8te pr\u00e9trait\u00e9es et d'autres mati\u00e8res premi\u00e8res sont vers\u00e9es dans la tr\u00e9mie.<\/li>    <li>Propulsion et pressurisation par vis : entra\u00een\u00e9 par l'arbre de vis, le mat\u00e9riau avance ; \u00e0 mesure que l'espace dans la chambre de pressage se r\u00e9tr\u00e9cit progressivement, la densit\u00e9 du mat\u00e9riau augmente et la pression interne s'\u00e9l\u00e8ve.<\/li>    <li>Pr\u00e9cipitation d'huile et de graisse : sous l'effet de la haute temp\u00e9rature, de la pression et de la chaleur de friction, la structure cellulaire du mat\u00e9riau huileux est d\u00e9truite et l'huile et la graisse sont lib\u00e9r\u00e9es.<\/li>    <li>Filtration sous vide : l'huile extraite passe par le syst\u00e8me de filtration sous vide pour \u00e9liminer les r\u00e9sidus et les impuret\u00e9s et obtenir de l'huile comestible pure.<\/li>    <li>Collecte du produit fini : l'huile comestible filtr\u00e9e peut \u00eatre collect\u00e9e et utilis\u00e9e.<\/li> <\/ol>    <figure class=\"wp-block-embed aligncenter is-type-video is-provider-youtube wp-block-embed-youtube wp-embed-aspect-16-9 wp-has-aspect-ratio\"><div class=\"wp-block-embed__wrapper\"> <iframe loading=\"lazy\" title=\"Fabriquer de l&#039;huile d&#039;arachide avec notre presse \u00e0 huile de haute qualit\u00e9\u00a0! #oilpressmachine\" width=\"500\" height=\"281\" src=\"https:\/\/www.youtube.com\/embed\/AAq6nmmhjEE?feature=oembed\" frameborder=\"0\" allow=\"accelerometer; autoplay; clipboard-write; encrypted-media; gyroscope; picture-in-picture; web-share\" referrerpolicy=\"strict-origin-when-cross-origin\" allowfullscreen><\/iframe> <\/div><figcaption class=\"wp-element-caption\">vid\u00e9o de travail de la machine d'extraction d'huile d'arachide<\/figcaption><\/figure>    <h2 class=\"wp-block-heading\" id=\"h-parameters-of-the-groundnut-oil-extractor\">Param\u00e8tres de la machine d'extraction d'huile de cacahu\u00e8te<\/h2>    <figure class=\"wp-block-table is-style-stripes\"><table><tbody><tr><td>Mod\u00e8le<\/td><td>TZ-60<\/td><td>TZ-70<\/td><td>TZ-80<\/td><td>TZ-180<\/td><td>TZ-125<\/td><\/tr><tr><td>Diam\u00e8tre de presse<\/td><td>55mm<\/td><td>65mm<\/td><td>80mm<\/td><td>100mm<\/td><td>125mm<\/td><\/tr><tr><td>Vitesse de presse<\/td><td>64 tr\/min<\/td><td>38 tr\/min<\/td><td>35 tr\/min<\/td><td>37 tr\/min<\/td><td>34 tr\/min<\/td><\/tr><tr><td>Moteur<\/td><td>202kw<\/td><td>3kw<\/td><td>4kw<\/td><td>7,5 kW<\/td><td>15kw<\/td><\/tr><tr><td>Pompe \u00e0 vide<\/td><td>0,75 kW<\/td><td>0,75 kW<\/td><td>0,55 kW<\/td><td>0,75 kW<\/td><td>0,75 kW<\/td><\/tr><tr><td>Puissance de chauffage<\/td><td>0,5 kW<\/td><td>1,1 kW<\/td><td>2,2 kW<\/td><td>3kw<\/td><td>3,75 kW<\/td><\/tr><tr><td>Capacit\u00e9<\/td><td>40-60kg\/heure<\/td><td>50-70kg\/heure<\/td><td>80-120 kg\/heure<\/td><td>150-230kg\/h<\/td><td>300-350 kg\/heure<\/td><\/tr><tr><td>Poids<\/td><td>240 kg<\/td><td>280 kg<\/td><td>850 kg<\/td><td>1100 kg<\/td><td>1400 kg<\/td><\/tr><tr><td>Taille<\/td><td>1,2*0,48*1,1m<\/td><td>1,4*0,5*1,2m<\/td><td>1,7*0,11*1,6m<\/td><td>1,9*1,2*1,3m<\/td><td>2,6*1,3*2,3 m<\/td><\/tr><\/tbody><\/table><figcaption class=\"wp-element-caption\">Donn\u00e9es techniques de la machine d'extraction d'huile d'arachide<\/figcaption><\/figure>    <h2 class=\"wp-block-heading\" id=\"h-which-groundnut-is-best-for-oil-extraction\">Quelle arachide est la meilleure pour l\u2019extraction de l\u2019huile ?<\/h2>    <ol class=\"wp-block-list\"> <li>Consid\u00e9rez la taille de la graine de cacahu\u00e8te. Si la graine de cacahu\u00e8te est trop grande, elle ne passera pas par l'ouverture d'alimentation des petites machines \u00e0 huile. Inversement, si la graine est trop petite, la vitesse en aval sera trop \u00e9lev\u00e9e, ce qui peut nuire au rendement en huile.<\/li>    <li>V\u00e9rifiez si le grain de cacahu\u00e8te est frais. Il est essentiel que les cacahu\u00e8tes utilis\u00e9es pour l'extraction d'huile ne soient pas moisis, car les grains moisis contiennent de l'aflatoxine, un puissant canc\u00e9rig\u00e8ne. <\/li>    <li>Examinez la vari\u00e9t\u00e9 de grains d\u2019arachide. Il existe plusieurs types d\u2019arachides, notamment les arachides ordinaires, les arachides perl\u00e9es, les arachides multigrains et les arachides dragon. Le type ordinaire est le plus adapt\u00e9 \u00e0 l\u2019extraction du p\u00e9trole, avec une teneur en huile de 52-54%.<\/li> <\/ol>    <figure class=\"wp-block-gallery has-nested-images columns-default is-cropped wp-block-gallery-5 is-layout-flex wp-block-gallery-is-layout-flex\"> <figure class=\"wp-block-image size-large\"><img loading=\"lazy\" decoding=\"async\" width=\"720\" height=\"540\" data-id=\"595\" src=\"https:\/\/www.peanuts-machine.com\/wp-content\/uploads\/2022\/08\/seed-oil-extraction-machines.webp\" alt=\"machines d&#039;extraction d&#039;huile de graines\" class=\"wp-image-595\" title=\"\" srcset=\"https:\/\/www.peanuts-machine.com\/wp-content\/uploads\/2022\/08\/seed-oil-extraction-machines.webp 720w, https:\/\/www.peanuts-machine.com\/wp-content\/uploads\/2022\/08\/seed-oil-extraction-machines-300x225.webp 300w, https:\/\/www.peanuts-machine.com\/wp-content\/uploads\/2022\/08\/seed-oil-extraction-machines-16x12.webp 16w\" sizes=\"auto, (max-width: 720px) 100vw, 720px\" \/><figcaption class=\"wp-element-caption\">machines d'extraction d'huile de graines<\/figcaption><\/figure>    <figure class=\"wp-block-image size-large\"><img loading=\"lazy\" decoding=\"async\" width=\"720\" height=\"540\" data-id=\"594\" src=\"https:\/\/www.peanuts-machine.com\/wp-content\/uploads\/2022\/08\/oil-mill-machinery.webp\" alt=\"machines pour moulin \u00e0 huile\" class=\"wp-image-594\" title=\"\" srcset=\"https:\/\/www.peanuts-machine.com\/wp-content\/uploads\/2022\/08\/oil-mill-machinery.webp 720w, https:\/\/www.peanuts-machine.com\/wp-content\/uploads\/2022\/08\/oil-mill-machinery-300x225.webp 300w, https:\/\/www.peanuts-machine.com\/wp-content\/uploads\/2022\/08\/oil-mill-machinery-16x12.webp 16w\" sizes=\"auto, (max-width: 720px) 100vw, 720px\" \/><figcaption class=\"wp-element-caption\">machines pour moulin \u00e0 huile<\/figcaption><\/figure> <\/figure>    <h2 class=\"wp-block-heading\" id=\"h-how-to-start-groundnut-oil-extraction-business\">Comment d\u00e9marrer une entreprise d\u2019extraction d\u2019huile d\u2019arachide ?<\/h2>    <ol class=\"wp-block-list\"> <li>R\u00e9alisez une analyse de march\u00e9 approfondie. Il est essentiel de d\u00e9terminer si des arachides sont cultiv\u00e9es dans la r\u00e9gion, d'\u00e9valuer la qualit\u00e9 des arachides, de comprendre la demande locale pour l'huile d'arachide et d'\u00e9valuer les niveaux de revenu de la population.<\/li>    <li>S\u00e9lectionnez un emplacement appropri\u00e9 pour installer un <a href=\"https:\/\/en.wikipedia.org\/wiki\/Peanut_oil\" target=\"_blank\" rel=\"noopener\">huile d'arachide<\/a> activit\u00e9 d'extraction. Apr\u00e8s cela, obtenir la licence commerciale n\u00e9cessaire aupr\u00e8s du service gouvernemental concern\u00e9.<\/li>    <li>Achetez du mat\u00e9riel de machine de traitement de l'huile d'arachide. Si vous souhaitez d\u00e9marrer une usine de presse \u00e0 huile d\u2019arachide, une presse \u00e0 huile d\u2019arachide ne suffit pas. Tu as besoin d'un <a href=\"https:\/\/www.peanuts-machine.com\/fr\/product\/groundnut-sheller\/\">d\u00e9cortiqueuse d'arachide<\/a>, <a href=\"https:\/\/www.peanuts-machine.com\/fr\/product\/peanut-peeling-machine\/\">machine \u00e0 \u00e9plucher les cacahu\u00e8tes<\/a>, extracteur d'huile d'arachide, <a href=\"https:\/\/www.peanuts-machine.com\/fr\/product\/peanut-butter-filling-machine\/\">machine de remplissage d'arachide<\/a>, et autres \u00e9quipements connexes<\/li>    <li>Commercialisez votre huile d\u2019arachide. Enfin, vous devez trouver des canaux de vente pour vendre votre huile d\u2019arachide.<\/li> <\/ol>    <figure class=\"wp-block-gallery has-nested-images columns-default is-cropped wp-block-gallery-6 is-layout-flex wp-block-gallery-is-layout-flex\"> <figure class=\"wp-block-image size-large\"><img loading=\"lazy\" decoding=\"async\" width=\"720\" height=\"540\" data-id=\"596\" src=\"https:\/\/www.peanuts-machine.com\/wp-content\/uploads\/2022\/08\/oil-pressing-equipment.webp\" alt=\"\u00e9quipement de pressage d&#039;huile\" class=\"wp-image-596\" title=\"\" srcset=\"https:\/\/www.peanuts-machine.com\/wp-content\/uploads\/2022\/08\/oil-pressing-equipment.webp 720w, https:\/\/www.peanuts-machine.com\/wp-content\/uploads\/2022\/08\/oil-pressing-equipment-300x225.webp 300w, https:\/\/www.peanuts-machine.com\/wp-content\/uploads\/2022\/08\/oil-pressing-equipment-16x12.webp 16w\" sizes=\"auto, (max-width: 720px) 100vw, 720px\" \/><figcaption class=\"wp-element-caption\">\u00e9quipement de pressage d'huile<\/figcaption><\/figure>    <figure class=\"wp-block-image size-large\"><img loading=\"lazy\" decoding=\"async\" width=\"720\" height=\"540\" data-id=\"122\" src=\"https:\/\/www.peanuts-machine.com\/wp-content\/uploads\/2022\/08\/pictures-of-the-production-of-peanut-oil-press.webp\" alt=\"production de presse \u00e0 huile d&#039;arachide\" class=\"wp-image-122\" title=\"\" srcset=\"https:\/\/www.peanuts-machine.com\/wp-content\/uploads\/2022\/08\/pictures-of-the-production-of-peanut-oil-press.webp 720w, https:\/\/www.peanuts-machine.com\/wp-content\/uploads\/2022\/08\/pictures-of-the-production-of-peanut-oil-press-300x225.webp 300w\" sizes=\"auto, (max-width: 720px) 100vw, 720px\" \/><figcaption class=\"wp-element-caption\">production de presse \u00e0 huile d'arachide<\/figcaption><\/figure> <\/figure>    <p>Nous accueillons les demandes en anglais, fran\u00e7ais, arabe, espagnol, russe et dans de nombreuses autres langues. Notre \u00e9quipe professionnelle vous r\u00e9pondra dans un d\u00e9lai d'un jour ouvrable. Si vous \u00eates int\u00e9ress\u00e9 par notre machine d'extraction d'huile d'arachide, n'h\u00e9sitez pas \u00e0 nous contacter !<\/p>","protected":false},"excerpt":{"rendered":"<p>L'extracteur d'huile de cacahu\u00e8te \u00e0 vis pr\u00e9sente des avantages tels qu'un petit encombrement, un rendement en huile \u00e9lev\u00e9 et une ad\u00e9quation pour le traitement de divers types d'huiles. Il est largement utilis\u00e9 dans les ateliers familiaux et les petits sites de transformation d'huile.<\/p>","protected":false},"author":1,"featured_media":121,"parent":0,"template":"","tags":[37,42,36,40],"product-type":[54,46],"class_list":["post-115","product","type-product","status-publish","has-post-thumbnail","hentry","tag-groundnut","tag-groundnut-oil","tag-peanut","tag-peanut-oil","product-type-other-peanut-related-machine","product-type-products"],"_links":{"self":[{"href":"https:\/\/www.peanuts-machine.com\/fr\/wp-json\/wp\/v2\/product\/115","targetHints":{"allow":["GET"]}}],"collection":[{"href":"https:\/\/www.peanuts-machine.com\/fr\/wp-json\/wp\/v2\/product"}],"about":[{"href":"https:\/\/www.peanuts-machine.com\/fr\/wp-json\/wp\/v2\/types\/product"}],"author":[{"embeddable":true,"href":"https:\/\/www.peanuts-machine.com\/fr\/wp-json\/wp\/v2\/users\/1"}],"wp:featuredmedia":[{"embeddable":true,"href":"https:\/\/www.peanuts-machine.com\/fr\/wp-json\/wp\/v2\/media\/121"}],"wp:attachment":[{"href":"https:\/\/www.peanuts-machine.com\/fr\/wp-json\/wp\/v2\/media?parent=115"}],"wp:term":[{"taxonomy":"post_tag","embeddable":true,"href":"https:\/\/www.peanuts-machine.com\/fr\/wp-json\/wp\/v2\/tags?post=115"},{"taxonomy":"product-type","embeddable":true,"href":"https:\/\/www.peanuts-machine.com\/fr\/wp-json\/wp\/v2\/product-type?post=115"}],"curies":[{"name":"wp","href":"https:\/\/api.w.org\/{rel}","templated":true}]}}