{"id":1196,"date":"2026-02-05T17:18:13","date_gmt":"2026-02-05T09:18:13","guid":{"rendered":"https:\/\/www.peanuts-machine.com\/?post_type=product&#038;p=1196"},"modified":"2026-02-05T17:32:39","modified_gmt":"2026-02-05T09:32:39","slug":"weighing-packaging-machine","status":"publish","type":"product","link":"https:\/\/www.peanuts-machine.com\/fr\/product\/weighing-packaging-machine\/","title":{"rendered":"Machine d'emballage \u00e0 pes\u00e9e \u00e0 10 t\u00eates | Machine de pes\u00e9e et d'emballage"},"content":{"rendered":"<div class=\"kk-star-ratings kksr-auto kksr-align-left kksr-valign-top\"     data-payload='{&quot;align&quot;:&quot;left&quot;,&quot;id&quot;:&quot;1196&quot;,&quot;slug&quot;:&quot;default&quot;,&quot;valign&quot;:&quot;top&quot;,&quot;ignore&quot;:&quot;&quot;,&quot;reference&quot;:&quot;auto&quot;,&quot;class&quot;:&quot;&quot;,&quot;count&quot;:&quot;6&quot;,&quot;legendonly&quot;:&quot;&quot;,&quot;readonly&quot;:&quot;&quot;,&quot;score&quot;:&quot;4.5&quot;,&quot;starsonly&quot;:&quot;&quot;,&quot;best&quot;:&quot;5&quot;,&quot;gap&quot;:&quot;5&quot;,&quot;greet&quot;:&quot;Rate this product&quot;,&quot;legend&quot;:&quot;4.5\\\/5 - (6 votes)&quot;,&quot;size&quot;:&quot;24&quot;,&quot;title&quot;:&quot;10 Heads Weighing Packaging Machine | Weigher Packing Machine&quot;,&quot;width&quot;:&quot;128&quot;,&quot;_legend&quot;:&quot;{score}\\\/{best} - ({count} {votes})&quot;,&quot;font_factor&quot;:&quot;1.25&quot;}'>              <div class=\"kksr-stars\">      <div class=\"kksr-stars-inactive\">             <div class=\"kksr-star\" data-star=\"1\" style=\"padding-right: 5px\">               <div class=\"kksr-icon\" style=\"width: 24px; height: 24px;\"><\/div>         <\/div>             <div class=\"kksr-star\" data-star=\"2\" style=\"padding-right: 5px\">               <div class=\"kksr-icon\" style=\"width: 24px; height: 24px;\"><\/div>         <\/div>             <div class=\"kksr-star\" data-star=\"3\" style=\"padding-right: 5px\">               <div class=\"kksr-icon\" style=\"width: 24px; height: 24px;\"><\/div>         <\/div>             <div class=\"kksr-star\" data-star=\"4\" style=\"padding-right: 5px\">               <div class=\"kksr-icon\" style=\"width: 24px; height: 24px;\"><\/div>         <\/div>             <div class=\"kksr-star\" data-star=\"5\" style=\"padding-right: 5px\">               <div class=\"kksr-icon\" style=\"width: 24px; height: 24px;\"><\/div>         <\/div>     <\/div>      <div class=\"kksr-stars-active\" style=\"width: 128px;\">             <div class=\"kksr-star\" style=\"padding-right: 5px\">               <div class=\"kksr-icon\" style=\"width: 24px; height: 24px;\"><\/div>         <\/div>             <div class=\"kksr-star\" style=\"padding-right: 5px\">               <div class=\"kksr-icon\" style=\"width: 24px; height: 24px;\"><\/div>         <\/div>             <div class=\"kksr-star\" style=\"padding-right: 5px\">               <div class=\"kksr-icon\" style=\"width: 24px; height: 24px;\"><\/div>         <\/div>             <div class=\"kksr-star\" style=\"padding-right: 5px\">               <div class=\"kksr-icon\" style=\"width: 24px; height: 24px;\"><\/div>         <\/div>             <div class=\"kksr-star\" style=\"padding-right: 5px\">               <div class=\"kksr-icon\" style=\"width: 24px; height: 24px;\"><\/div>         <\/div>     <\/div> <\/div>                   <div class=\"kksr-legend\" style=\"font-size: 19.2px;\">             4.5\/5 - (6 votes)    <\/div>     <\/div>  <p>La machine d'emballage \u00e0 pes\u00e9e \u00e0 10 t\u00eates est sp\u00e9cialement con\u00e7ue pour les mat\u00e9riaux granulaires, en poudre et \u00e0 gros blocs. Cette machine int\u00e8gre une balance \u00e9lectronique \u00e0 dix t\u00eates avec une machine d'emballage verticale, r\u00e9alisant des op\u00e9rations enti\u00e8rement automatis\u00e9es de pes\u00e9e, remplissage, formation de sacs, scellage, coupe, et transport du produit.<\/p>    <p>\u00c9quip\u00e9e d'un syst\u00e8me de contr\u00f4le programmable PLC et d'une grande interface tactile, la machine atteint des vitesses d'emballage jusqu'\u00e0 50 sacs par minute. Utilisant un contr\u00f4le servo et des balances \u00e9lectroniques de haute pr\u00e9cision, elle offre une pr\u00e9cision dans \u00b11%. Cela garantit un emballage esth\u00e9tiquement agr\u00e9able et dimensionnellement pr\u00e9cis tout en s'adaptant \u00e0 divers mat\u00e9riaux et formats d'emballage.<\/p>    <figure class=\"wp-block-embed aligncenter is-type-video is-provider-youtube wp-block-embed-youtube wp-embed-aspect-16-9 wp-has-aspect-ratio\"><div class=\"wp-block-embed__wrapper\"> <iframe loading=\"lazy\" title=\"Machine d&#039;emballage \u00e0 pes\u00e9e \u00e0 10 t\u00eates | Emballage automatique pr\u00e9cis \u00e0 haute vitesse#emballage #machineemballage\" width=\"500\" height=\"281\" src=\"https:\/\/www.youtube.com\/embed\/ZyrYHaxCDSs?feature=oembed\" frameborder=\"0\" allow=\"accelerometer; autoplay; clipboard-write; encrypted-media; gyroscope; picture-in-picture; web-share\" referrerpolicy=\"strict-origin-when-cross-origin\" allowfullscreen><\/iframe> <\/div><figcaption class=\"wp-element-caption\">Vid\u00e9o de fonctionnement de la machine d'emballage \u00e0 pes\u00e9e automatique<\/figcaption><\/figure>    <h2 class=\"wp-block-heading\">Applications de la machine d'emballage \u00e0 pes\u00e9e<\/h2>    <ul class=\"wp-block-list\"> <li><strong>Industrie alimentaire :<\/strong> Pesage et emballage automatiques de snacks tels que snacks souffl\u00e9s (ex. chips de pomme de terre, crackers de riz, b\u00e2tons de crevettes), noix \u00e0 coque dure (noix, pistaches), bonbons, graines de melon, petits biscuits, chips de fruits\/l\u00e9gumes, chocolat, pruneaux confits, noix grill\u00e9es, et gel\u00e9es.<\/li>    <li><strong>Industrie non alimentaire :<\/strong> Emballage quantitatif de mat\u00e9riaux granulaires, en blocs, et en bandes pour aliments pour animaux et petites pi\u00e8ces de quincaillerie.<\/li>    <li><strong>Mat\u00e9riaux en poudre et liquides :<\/strong> adapt\u00e9 aux mat\u00e9riaux en poudre et en p\u00e2te liquide (par exemple, lait en poudre, poudre de soja).<\/li> <\/ul>    <figure class=\"wp-block-gallery has-nested-images columns-default is-cropped wp-block-gallery-2 is-layout-flex wp-block-gallery-is-layout-flex\"> <figure class=\"wp-block-image size-large\"><img loading=\"lazy\" decoding=\"async\" width=\"720\" height=\"540\" data-id=\"1202\" src=\"https:\/\/www.peanuts-machine.com\/wp-content\/uploads\/2026\/02\/machine-applicable-materials.webp\" alt=\"Mat\u00e9riaux applicables \u00e0 la machine\" class=\"wp-image-1202\" title=\"\" srcset=\"https:\/\/www.peanuts-machine.com\/wp-content\/uploads\/2026\/02\/machine-applicable-materials.webp 720w, https:\/\/www.peanuts-machine.com\/wp-content\/uploads\/2026\/02\/machine-applicable-materials-300x225.webp 300w, https:\/\/www.peanuts-machine.com\/wp-content\/uploads\/2026\/02\/machine-applicable-materials-16x12.webp 16w\" sizes=\"auto, (max-width: 720px) 100vw, 720px\" \/><figcaption class=\"wp-element-caption\">Mat\u00e9riaux applicables \u00e0 la machine<\/figcaption><\/figure>    <figure class=\"wp-block-image size-large\"><img loading=\"lazy\" decoding=\"async\" width=\"720\" height=\"540\" data-id=\"1203\" src=\"https:\/\/www.peanuts-machine.com\/wp-content\/uploads\/2026\/02\/packing-machine-applications.webp\" alt=\"applications de machines d&#039;emballage\" class=\"wp-image-1203\" title=\"\" srcset=\"https:\/\/www.peanuts-machine.com\/wp-content\/uploads\/2026\/02\/packing-machine-applications.webp 720w, https:\/\/www.peanuts-machine.com\/wp-content\/uploads\/2026\/02\/packing-machine-applications-300x225.webp 300w, https:\/\/www.peanuts-machine.com\/wp-content\/uploads\/2026\/02\/packing-machine-applications-16x12.webp 16w\" sizes=\"auto, (max-width: 720px) 100vw, 720px\" \/><figcaption class=\"wp-element-caption\">applications de machines d'emballage<\/figcaption><\/figure> <\/figure>    <h2 class=\"wp-block-heading\">Caract\u00e9ristiques de la machine de remplissage \u00e0 pes\u00e9e multi-t\u00eates<\/h2>    <ul class=\"wp-block-list\"> <li>Haute pr\u00e9cision et efficacit\u00e9 : chacune des dix t\u00eates de la balance \u00e9lectronique combin\u00e9e d\u00e9tecte ind\u00e9pendamment les mat\u00e9riaux, les combinant automatiquement pour atteindre le rapport de poids cible le plus proche. La pr\u00e9cision atteint \u00b11%, avec des vitesses d'emballage allant de 5 \u00e0 50 sacs par minute.<\/li>    <li>Int\u00e9gration enti\u00e8rement automatis\u00e9e : r\u00e9alise automatiquement la lev\u00e9e du r\u00e9servoir, la pes\u00e9e, la formation de sacs, le remplissage, le scellage\/coupe, et le codage, r\u00e9duisant l'intervention manuelle et les taux d'erreur.<\/li>    <li>Simplicit\u00e9 d'utilisation : dot\u00e9e d'un grand \u00e9cran tactile couleur avec trois interfaces linguistiques pour une configuration rapide de la longueur d'emballage, de la vitesse et des m\u00e9thodes de coupe. Les ajustements de d\u00e9viation ne n\u00e9cessitent pas d'outils.<\/li>    <li>Haute stabilit\u00e9 et hygi\u00e8ne : enti\u00e8rement fabriqu\u00e9 en acier inoxydable pour la propret\u00e9 et l'hygi\u00e8ne. M\u00e9canismes ferm\u00e9s emp\u00eachant efficacement l'intrusion de poussi\u00e8re. Circuit \u00e9lectrique et pneumatique ind\u00e9pendant garantissant un faible bruit et une performance \u00e9lectrique stable.<\/li>    <li>Haute flexibilit\u00e9 : configurable avec \u00e9l\u00e9vateurs en Z, coupe de sacs simple\/continue, et dispositifs de perforation pour accueillir des mat\u00e9riaux fragiles et non fragiles.<\/li> <\/ul>    <figure class=\"wp-block-gallery has-nested-images columns-default is-cropped wp-block-gallery-3 is-layout-flex wp-block-gallery-is-layout-flex\"> <figure class=\"wp-block-image size-large\"><img loading=\"lazy\" decoding=\"async\" width=\"540\" height=\"720\" data-id=\"1206\" src=\"https:\/\/www.peanuts-machine.com\/wp-content\/uploads\/2026\/02\/packing-machine-for-food.webp\" alt=\"machine d&#039;emballage pour aliments\" class=\"wp-image-1206\" title=\"\" srcset=\"https:\/\/www.peanuts-machine.com\/wp-content\/uploads\/2026\/02\/packing-machine-for-food.webp 540w, https:\/\/www.peanuts-machine.com\/wp-content\/uploads\/2026\/02\/packing-machine-for-food-225x300.webp 225w, https:\/\/www.peanuts-machine.com\/wp-content\/uploads\/2026\/02\/packing-machine-for-food-9x12.webp 9w\" sizes=\"auto, (max-width: 540px) 100vw, 540px\" \/><figcaption class=\"wp-element-caption\">machine d'emballage pour aliments<\/figcaption><\/figure>    <figure class=\"wp-block-image size-large\"><img loading=\"lazy\" decoding=\"async\" width=\"540\" height=\"720\" data-id=\"1204\" src=\"https:\/\/www.peanuts-machine.com\/wp-content\/uploads\/2026\/02\/10-head-weighing-packaging-machine.webp\" alt=\"Machine d&#039;emballage \u00e0 pes\u00e9e \u00e0 10 t\u00eates\" class=\"wp-image-1204\" title=\"\" srcset=\"https:\/\/www.peanuts-machine.com\/wp-content\/uploads\/2026\/02\/10-head-weighing-packaging-machine.webp 540w, https:\/\/www.peanuts-machine.com\/wp-content\/uploads\/2026\/02\/10-head-weighing-packaging-machine-225x300.webp 225w, https:\/\/www.peanuts-machine.com\/wp-content\/uploads\/2026\/02\/10-head-weighing-packaging-machine-9x12.webp 9w\" sizes=\"auto, (max-width: 540px) 100vw, 540px\" \/><figcaption class=\"wp-element-caption\">Machine d'emballage \u00e0 pes\u00e9e \u00e0 10 t\u00eates<\/figcaption><\/figure>    <figure class=\"wp-block-image size-large\"><img loading=\"lazy\" decoding=\"async\" width=\"540\" height=\"720\" data-id=\"1205\" src=\"https:\/\/www.peanuts-machine.com\/wp-content\/uploads\/2026\/02\/multihead-weigher-packing-machine.webp\" alt=\"Machine d&#039;emballage \u00e0 pes\u00e9e multi-t\u00eates\" class=\"wp-image-1205\" title=\"\" srcset=\"https:\/\/www.peanuts-machine.com\/wp-content\/uploads\/2026\/02\/multihead-weigher-packing-machine.webp 540w, https:\/\/www.peanuts-machine.com\/wp-content\/uploads\/2026\/02\/multihead-weigher-packing-machine-225x300.webp 225w, https:\/\/www.peanuts-machine.com\/wp-content\/uploads\/2026\/02\/multihead-weigher-packing-machine-9x12.webp 9w\" sizes=\"auto, (max-width: 540px) 100vw, 540px\" \/><figcaption class=\"wp-element-caption\">Machine d'emballage \u00e0 pes\u00e9e multi-t\u00eates<\/figcaption><\/figure> <\/figure>    <h2 class=\"wp-block-heading\">Sp\u00e9cifications de la machine d'emballage automatique \u00e0 10 t\u00eates<\/h2>    <figure class=\"wp-block-table is-style-stripes\"><table class=\"has-fixed-layout\"><tbody><tr><td><strong>Mod\u00e8le<\/strong><\/td><td><strong>TH-720<\/strong><\/td><\/tr><tr><td>Longueur du sac<\/td><td>100-500mm (L)<\/td><\/tr><tr><td>Largeur du sac<\/td><td>180-350mm (L)<\/td><\/tr><tr><td>Largeur maximale du film en rouleau<\/td><td>720mm<\/td><\/tr><tr><td>Vitesse d'emballage<\/td><td>5-50 sacs\/min<\/td><\/tr><tr><td>Plage de mesure<\/td><td>6000ml (Max)<\/td><\/tr><tr><td>Pression d'air<\/td><td>0.65 Mpa<\/td><\/tr><tr><td>Consommation de gaz<\/td><td>0.4 m\u00b3\/min<\/td><\/tr><tr><td>Tension d'alimentation<\/td><td>220VAC\/50Hz<\/td><\/tr><tr><td>Pouvoir<\/td><td>5Kw<\/td><\/tr><tr><td>Dimensions (L\u00d7l\u00d7H)<\/td><td>1780\u00d71350\u00d71950mm<\/td><\/tr><\/tbody><\/table><figcaption class=\"wp-element-caption\">Param\u00e8tres techniques de la machine d'emballage \u00e0 pes\u00e9e automatique<\/figcaption><\/figure>    <h2 class=\"wp-block-heading\">Structure et principe de fonctionnement de la machine<\/h2>    <h3 class=\"wp-block-heading\">\u00c9l\u00e9vateur de mat\u00e9riaux en Z<\/h3>    <ul class=\"wp-block-list\"> <li>Caract\u00e9ristiques de seaux en acier inoxydable 304 pour une d\u00e9charge uniforme du mat\u00e9riau, avec des bords en caoutchouc pour \u00e9viter le blocage des particules fines.<\/li>    <li>\u00c9quip\u00e9e d'un m\u00e9canisme de vibration r\u00e9glable pour assurer un flux fluide du mat\u00e9riau dans la bo\u00eete de transfert.<\/li>    <li>Armoire \u00e9lectrique ind\u00e9pendante et conception \u00e0 clip facilitant la maintenance et le r\u00e9glage de la tension de la cha\u00eene.<\/li> <\/ul>    <h3 class=\"wp-block-heading\">Balance \u00e9lectronique \u00e0 10 t\u00eates<\/h3>    <ul class=\"wp-block-list\"> <li>Chaque t\u00eate dispose d'une pes\u00e9e \u00e9lectronique ind\u00e9pendante avec capteurs de pr\u00e9cision pour la surveillance du mat\u00e9riau.<\/li>    <li>Capacit\u00e9 maximale : 6 kg. Le vibrateur aide \u00e0 la d\u00e9charge du mat\u00e9riau.<\/li>    <li>\u00c9quip\u00e9e d'un \u00e9cran tactile PLC de 9,7 pouces supportant des interfaces multilingues.<\/li> <\/ul>    <h3 class=\"wp-block-heading\">Remplisseur vertical de poche<\/h3>    <ul class=\"wp-block-list\"> <li>Contr\u00f4l\u00e9e par servo pour une formation et une coupe de sacs de haute pr\u00e9cision.<\/li>    <li>Vitesse d'emballage r\u00e9glable, longueur du sac, et temp\u00e9rature du coupeur ; supporte la coupe de sac simple ou continue.<\/li>    <li>Les diagnostics d'alarme automatiques am\u00e9liorent la s\u00e9curit\u00e9 de la production.<\/li> <\/ul>    <h3 class=\"wp-block-heading\">Plateforme de travail de la balance \u00e9lectronique<\/h3>    <ul class=\"wp-block-list\"> <li>Garde-corps antid\u00e9rapants \u00e0 quatre c\u00f4t\u00e9s avec quatre jambes amovibles pour une s\u00e9curit\u00e9 renforc\u00e9e.<\/li>    <li>Fournit un support stable pour une op\u00e9ration et une maintenance faciles.<\/li> <\/ul>    <h3 class=\"wp-block-heading\">Convoyeur de d\u00e9charge<\/h3>    <ul class=\"wp-block-list\"> <li>Caract\u00e9ristiques de vitesse de transmission r\u00e9glable.<\/li>    <li>Con\u00e7ue en PVC avec roues pour une mobilit\u00e9 facile.<\/li> <\/ul>    <figure class=\"wp-block-gallery has-nested-images columns-default is-cropped wp-block-gallery-4 is-layout-flex wp-block-gallery-is-layout-flex\"> <figure class=\"wp-block-image size-large\"><img loading=\"lazy\" decoding=\"async\" width=\"720\" height=\"540\" data-id=\"1207\" src=\"https:\/\/www.peanuts-machine.com\/wp-content\/uploads\/2026\/02\/automatic-bagging-machine.webp\" alt=\"Machine d&#039;emballage automatique \u00e0 sacs\" class=\"wp-image-1207\" title=\"\" srcset=\"https:\/\/www.peanuts-machine.com\/wp-content\/uploads\/2026\/02\/automatic-bagging-machine.webp 720w, https:\/\/www.peanuts-machine.com\/wp-content\/uploads\/2026\/02\/automatic-bagging-machine-300x225.webp 300w, https:\/\/www.peanuts-machine.com\/wp-content\/uploads\/2026\/02\/automatic-bagging-machine-16x12.webp 16w\" sizes=\"auto, (max-width: 720px) 100vw, 720px\" \/><figcaption class=\"wp-element-caption\">Machine d'emballage automatique \u00e0 sacs<\/figcaption><\/figure>    <figure class=\"wp-block-image size-large\"><img loading=\"lazy\" decoding=\"async\" width=\"720\" height=\"540\" data-id=\"1208\" src=\"https:\/\/www.peanuts-machine.com\/wp-content\/uploads\/2026\/02\/automatic-packing-equipment.webp\" alt=\"\u00c9quipement d&#039;emballage automatique\" class=\"wp-image-1208\" title=\"\" srcset=\"https:\/\/www.peanuts-machine.com\/wp-content\/uploads\/2026\/02\/automatic-packing-equipment.webp 720w, https:\/\/www.peanuts-machine.com\/wp-content\/uploads\/2026\/02\/automatic-packing-equipment-300x225.webp 300w, https:\/\/www.peanuts-machine.com\/wp-content\/uploads\/2026\/02\/automatic-packing-equipment-16x12.webp 16w\" sizes=\"auto, (max-width: 720px) 100vw, 720px\" \/><figcaption class=\"wp-element-caption\">Machine d'emballage \u00e0 pes\u00e9e automatique<\/figcaption><\/figure> <\/figure>    <h3 class=\"wp-block-heading\">Flux de travail<\/h3>    <ol class=\"wp-block-list\"> <li>Les mat\u00e9riaux sont transport\u00e9s via un \u00e9l\u00e9vateur en Z vers la balance \u00e9lectronique \u00e0 dix t\u00eates. <\/li>    <li>Chaque t\u00eate de pes\u00e9e fonctionne ind\u00e9pendamment, combinant automatiquement le rapport le plus proche du poids cible. <\/li>    <li>Les mat\u00e9riaux sont ensuite lib\u00e9r\u00e9s des r\u00e9servoirs de pes\u00e9e dans la machine d'emballage verticale, o\u00f9 la formation du sac, le remplissage, le scellage, et la d\u00e9charge sont r\u00e9alis\u00e9s, permettant un emballage enti\u00e8rement automatis\u00e9.<\/li> <\/ol>    <h2 class=\"wp-block-heading\">Conclusion<\/h2>    <p class=\"translation-block\">Si vos sp\u00e9cifications de produit, vos exigences de capacit\u00e9 de production ou votre budget diff\u00e8rent, nous pouvons \u00e9galement fournir des solutions plus adapt\u00e9es. Par exemple, <strong><em><a href=\"https:\/\/www.peanuts-machine.com\/fr\/product\/4-heads-weigh-filling-machine\/\">machines d'emballage \u00e0 pes\u00e9e \u00e0 4 t\u00eates<\/a><\/em><\/strong>, <strong><em><a href=\"https:\/\/www.peanuts-machine.com\/fr\/product\/rotary-pouch-packing-machine\/\">machines d'emballage \u00e0 granules de type plateau tournant<\/a><\/em><\/strong>, et autres \u00e9quipements personnalis\u00e9s peuvent r\u00e9pondre \u00e0 divers besoins en mat\u00e9riaux et formats d'emballage. <\/p>    <p>N'h\u00e9sitez pas \u00e0 nous contacter \u00e0 tout moment pour des conseils professionnels de s\u00e9lection et des solutions d\u00e9taill\u00e9es. Nous concevrons une ligne de production d'emballage efficace et fiable sp\u00e9cialement pour vous.<\/p>","protected":false},"excerpt":{"rendered":"<p>La machine d'emballage \u00e0 10 t\u00eates de pes\u00e9e int\u00e8gre une pes\u00e9e de haute pr\u00e9cision et un emballage \u00e0 haute efficacit\u00e9. Elle convient \u00e0 la production d'emballage automatis\u00e9e de divers mat\u00e9riaux granulaires, en poudre et \u00e0 gros blocs.<\/p>","protected":false},"author":1,"featured_media":1209,"parent":0,"template":"","tags":[56,36],"product-type":[60,46],"class_list":["post-1196","product","type-product","status-publish","has-post-thumbnail","hentry","tag-nut","tag-peanut","product-type-packaging-machine","product-type-products"],"_links":{"self":[{"href":"https:\/\/www.peanuts-machine.com\/fr\/wp-json\/wp\/v2\/product\/1196","targetHints":{"allow":["GET"]}}],"collection":[{"href":"https:\/\/www.peanuts-machine.com\/fr\/wp-json\/wp\/v2\/product"}],"about":[{"href":"https:\/\/www.peanuts-machine.com\/fr\/wp-json\/wp\/v2\/types\/product"}],"author":[{"embeddable":true,"href":"https:\/\/www.peanuts-machine.com\/fr\/wp-json\/wp\/v2\/users\/1"}],"wp:featuredmedia":[{"embeddable":true,"href":"https:\/\/www.peanuts-machine.com\/fr\/wp-json\/wp\/v2\/media\/1209"}],"wp:attachment":[{"href":"https:\/\/www.peanuts-machine.com\/fr\/wp-json\/wp\/v2\/media?parent=1196"}],"wp:term":[{"taxonomy":"post_tag","embeddable":true,"href":"https:\/\/www.peanuts-machine.com\/fr\/wp-json\/wp\/v2\/tags?post=1196"},{"taxonomy":"product-type","embeddable":true,"href":"https:\/\/www.peanuts-machine.com\/fr\/wp-json\/wp\/v2\/product-type?post=1196"}],"curies":[{"name":"wp","href":"https:\/\/api.w.org\/{rel}","templated":true}]}}