{"id":124,"date":"2022-08-10T03:19:23","date_gmt":"2022-08-10T03:19:23","guid":{"rendered":"https:\/\/www.peanuts-machine.com\/?post_type=product&#038;p=124"},"modified":"2026-01-14T15:57:42","modified_gmt":"2026-01-14T07:57:42","slug":"coated-peanut-making-machine","status":"publish","type":"product","link":"https:\/\/www.peanuts-machine.com\/fr\/product\/coated-peanut-making-machine\/","title":{"rendered":"Machine de fabrication d'arachides enrob\u00e9es | Machine de rev\u00eatement d'arachide"},"content":{"rendered":"<div class=\"kk-star-ratings kksr-auto kksr-align-left kksr-valign-top\"     data-payload='{&quot;align&quot;:&quot;left&quot;,&quot;id&quot;:&quot;124&quot;,&quot;slug&quot;:&quot;default&quot;,&quot;valign&quot;:&quot;top&quot;,&quot;ignore&quot;:&quot;&quot;,&quot;reference&quot;:&quot;auto&quot;,&quot;class&quot;:&quot;&quot;,&quot;count&quot;:&quot;9&quot;,&quot;legendonly&quot;:&quot;&quot;,&quot;readonly&quot;:&quot;&quot;,&quot;score&quot;:&quot;4.8&quot;,&quot;starsonly&quot;:&quot;&quot;,&quot;best&quot;:&quot;5&quot;,&quot;gap&quot;:&quot;5&quot;,&quot;greet&quot;:&quot;Rate this product&quot;,&quot;legend&quot;:&quot;4.8\\\/5 - (9 votes)&quot;,&quot;size&quot;:&quot;24&quot;,&quot;title&quot;:&quot;Coated Peanut Making Machine | Peanut Coating Machine&quot;,&quot;width&quot;:&quot;136.7&quot;,&quot;_legend&quot;:&quot;{score}\\\/{best} - ({count} {votes})&quot;,&quot;font_factor&quot;:&quot;1.25&quot;}'>              <div class=\"kksr-stars\">      <div class=\"kksr-stars-inactive\">             <div class=\"kksr-star\" data-star=\"1\" style=\"padding-right: 5px\">               <div class=\"kksr-icon\" style=\"width: 24px; height: 24px;\"><\/div>         <\/div>             <div class=\"kksr-star\" data-star=\"2\" style=\"padding-right: 5px\">               <div class=\"kksr-icon\" style=\"width: 24px; height: 24px;\"><\/div>         <\/div>             <div class=\"kksr-star\" data-star=\"3\" style=\"padding-right: 5px\">               <div class=\"kksr-icon\" style=\"width: 24px; height: 24px;\"><\/div>         <\/div>             <div class=\"kksr-star\" data-star=\"4\" style=\"padding-right: 5px\">               <div class=\"kksr-icon\" style=\"width: 24px; height: 24px;\"><\/div>         <\/div>             <div class=\"kksr-star\" data-star=\"5\" style=\"padding-right: 5px\">               <div class=\"kksr-icon\" style=\"width: 24px; height: 24px;\"><\/div>         <\/div>     <\/div>      <div class=\"kksr-stars-active\" style=\"width: 136.7px;\">             <div class=\"kksr-star\" style=\"padding-right: 5px\">               <div class=\"kksr-icon\" style=\"width: 24px; height: 24px;\"><\/div>         <\/div>             <div class=\"kksr-star\" style=\"padding-right: 5px\">               <div class=\"kksr-icon\" style=\"width: 24px; height: 24px;\"><\/div>         <\/div>             <div class=\"kksr-star\" style=\"padding-right: 5px\">               <div class=\"kksr-icon\" style=\"width: 24px; height: 24px;\"><\/div>         <\/div>             <div class=\"kksr-star\" style=\"padding-right: 5px\">               <div class=\"kksr-icon\" style=\"width: 24px; height: 24px;\"><\/div>         <\/div>             <div class=\"kksr-star\" style=\"padding-right: 5px\">               <div class=\"kksr-icon\" style=\"width: 24px; height: 24px;\"><\/div>         <\/div>     <\/div> <\/div>                   <div class=\"kksr-legend\" style=\"font-size: 19.2px;\">             4,8\/5 - (9 votes)    <\/div>     <\/div>  <p>Id\u00e9al pour l'industrie alimentaire, pharmaceutique, chimique et d'autres secteurs, cette machine \u00e0 fabriquer des cacahu\u00e8tes enti\u00e8rement en acier inoxydable est compos\u00e9e d'une chambre en acier inoxydable de qualit\u00e9 alimentaire + d'un rev\u00eatement en t\u00e9flon nano, ce qui permet une performance thermique efficace et un design facile \u00e0 nettoyer. <\/p>    <p>Il peut non seulement produire en masse des noix enrob\u00e9es de cinq \u00e9pices, de chocolat, de cacao, de vanille et d'autres saveurs, mais aussi s'adapter \u00e0 diff\u00e9rents types de besoins d'enrobage tels que les pilules et les f\u00e8ves. <\/p>    <p>La machine prend en charge diverses fonctions personnalis\u00e9es telles que le contr\u00f4le de vitesse sans \u00e9chelons, le pulv\u00e9risation de liquide, la circulation d'air chaud et l'\u00e9limination de la poussi\u00e8re, etc., ce qui r\u00e9alise v\u00e9ritablement l'op\u00e9ration int\u00e9gr\u00e9e de l'emballage au s\u00e9chage, et augmente le taux de r\u00e9ussite de l'emballage \u00e0 99 %.<\/p>    <figure class=\"wp-block-embed aligncenter is-type-video is-provider-youtube wp-block-embed-youtube wp-embed-aspect-16-9 wp-has-aspect-ratio\"><div class=\"wp-block-embed__wrapper\"> <iframe loading=\"lazy\" title=\"High-Efficiency Peanut &amp; Nut Coating Machine | Smooth and Even Coating#nutmachine #peanut\" width=\"500\" height=\"281\" src=\"https:\/\/www.youtube.com\/embed\/SLyS-0WMuGM?feature=oembed\" frameborder=\"0\" allow=\"accelerometer; autoplay; clipboard-write; encrypted-media; gyroscope; picture-in-picture; web-share\" referrerpolicy=\"strict-origin-when-cross-origin\" allowfullscreen><\/iframe> <\/div><figcaption class=\"wp-element-caption\">Vid\u00e9o de fonctionnement de la machine \u00e0 enrober les arachides<\/figcaption><\/figure>    <h2 class=\"wp-block-heading\">Quel est l\u2019enrobage des cacahu\u00e8tes ?<\/h2>    <p>Lors du rev\u00eatement des cacahu\u00e8tes (ou d'autres haricots et pilules), la recette de rev\u00eatement courante est faite d'ingr\u00e9dients naturels tels que le lait de coco, le sucre, la poudre de s\u00e9same blanc, la farine de riz gluant et la farine, qui non seulement forme un film uniforme avec une bonne adh\u00e9rence, mais contient \u00e9galement des ingr\u00e9dients s\u00fbrs et comestibles.<\/p>   <div class=\"wp-block-image\"> <figure class=\"aligncenter size-full\"><img loading=\"lazy\" decoding=\"async\" width=\"720\" height=\"540\" src=\"https:\/\/www.peanuts-machine.com\/wp-content\/uploads\/2022\/08\/final-products.webp\" alt=\"produits finis\" class=\"wp-image-127\" title=\"\" srcset=\"https:\/\/www.peanuts-machine.com\/wp-content\/uploads\/2022\/08\/final-products.webp 720w, https:\/\/www.peanuts-machine.com\/wp-content\/uploads\/2022\/08\/final-products-300x225.webp 300w\" sizes=\"auto, (max-width: 720px) 100vw, 720px\" \/><figcaption class=\"wp-element-caption\">produits finis<\/figcaption><\/figure> <\/div>   <h2 class=\"wp-block-heading\">Caract\u00e9ristiques de la machine de fabrication d'arachides enrob\u00e9es<\/h2>    <ul class=\"wp-block-list\"> <li>Bon fonctionnement, faible bruit, op\u00e9ration facile et haute efficacit\u00e9.<\/li>    <li>L'ensemble de la machine est en acier inoxydable, hygi\u00e9nique, beau et durable.<\/li>    <li>Il peut \u00eatre \u00e9quip\u00e9 d'un dispositif d'alimentation automatique, d'un dispositif de d\u00e9poussi\u00e9rage et d'un syst\u00e8me de soufflage d'air froid.<\/li>    <li>La forme du pot de rev\u00eatement peut \u00eatre personnalis\u00e9e en fonction des besoins et peut \u00e9galement \u00eatre transform\u00e9e en un type enti\u00e8rement ferm\u00e9.<\/li>    <li>Large gamme d'applications. Convient pour enrober les cacahu\u00e8tes, les noix de cajou, les haricots japonais, l'aub\u00e9pine de soja, les f\u00e8ves et d'autres mat\u00e9riaux.<\/li> <\/ul>   <div class=\"wp-block-image\"> <figure class=\"aligncenter size-full\"><img loading=\"lazy\" decoding=\"async\" width=\"720\" height=\"540\" src=\"https:\/\/www.peanuts-machine.com\/wp-content\/uploads\/2022\/08\/coated-peanut-making-machine-for-sale.webp\" alt=\"machine de fabrication d&#039;arachides enrob\u00e9es \u00e0 vendre\" class=\"wp-image-126\" title=\"\" srcset=\"https:\/\/www.peanuts-machine.com\/wp-content\/uploads\/2022\/08\/coated-peanut-making-machine-for-sale.webp 720w, https:\/\/www.peanuts-machine.com\/wp-content\/uploads\/2022\/08\/coated-peanut-making-machine-for-sale-300x225.webp 300w\" sizes=\"auto, (max-width: 720px) 100vw, 720px\" \/><figcaption class=\"wp-element-caption\">machine de fabrication d'arachides enrob\u00e9es \u00e0 vendre<\/figcaption><\/figure> <\/div>   <h2 class=\"wp-block-heading\" id=\"h-what-is-the-peanut-coating-process\">Structure principale de la machine de rev\u00eatement d'arachide<\/h2>    <p>La machine \u00e0 fabriquer des hamburgers aux cacahu\u00e8tes se compose de plusieurs composants : un cadre, une bo\u00eete de vitesses, un dispositif de chauffage, un pot de rev\u00eatement de sucre, un pistolet pulv\u00e9risateur, un syst\u00e8me de pulv\u00e9risation et une console PLC.<\/p>    <ul class=\"wp-block-list\"> <li>La machine automatique de fabrication d'arachides enrob\u00e9es est actionn\u00e9e par un syst\u00e8me de contr\u00f4le qui facilite le retournement et le laminage continus du mat\u00e9riau. <\/li>    <li>Le pistolet pulv\u00e9risateur applique le rev\u00eatement en fonction des param\u00e8tres sp\u00e9cifi\u00e9s. <\/li>    <li>Pendant ce temps, l'armoire \u00e0 air chaud lib\u00e8re de l'air chaud pour s\u00e9cher le rev\u00eatement sur le mat\u00e9riau, ce qui donne une finition lisse au produit final.<\/li> <\/ul>   <div class=\"wp-block-image\"> <figure class=\"aligncenter size-full\"><img loading=\"lazy\" decoding=\"async\" width=\"720\" height=\"944\" src=\"https:\/\/www.peanuts-machine.com\/wp-content\/uploads\/2022\/08\/nut-coating-machine-structure.webp\" alt=\"structure de la machine de rev\u00eatement des noix\" class=\"wp-image-129\" title=\"\" srcset=\"https:\/\/www.peanuts-machine.com\/wp-content\/uploads\/2022\/08\/nut-coating-machine-structure.webp 720w, https:\/\/www.peanuts-machine.com\/wp-content\/uploads\/2022\/08\/nut-coating-machine-structure-229x300.webp 229w\" sizes=\"auto, (max-width: 720px) 100vw, 720px\" \/><figcaption class=\"wp-element-caption\">structure de la machine de rev\u00eatement des noix<\/figcaption><\/figure> <\/div>   <h2 class=\"wp-block-heading\" id=\"h-features-of-coated-peanut-making-machine\">Flux de travail de la machine de production de collations aux arachides enrob\u00e9es<\/h2>   <div id=\"rank-math-howto\" class=\"rank-math-block\" > <div class=\"rank-math-howto-description\">  <\/div>  <div class=\"rank-math-steps\"> <div id=\"howto-step-1736326338787\" class=\"rank-math-step\"> <h3 class=\"rank-math-step-title\">Pr\u00e9paration des cacahu\u00e8tes<\/h3> <div class=\"rank-math-step-content\"><p>Assurez-vous que les cacahu\u00e8tes sont soigneusement nettoy\u00e9es, compl\u00e8tement s\u00e8ches et exemptes de tout corps \u00e9tranger ou d\u00e9bris. Selon le type d'enrobage que vous choisissez et les capacit\u00e9s de votre machine de fabrication d'arachides enrob\u00e9es, vous devrez peut-\u00eatre d\u00e9cortiquer les cacahu\u00e8tes au pr\u00e9alable.<\/p> <\/div> <\/div> <div id=\"howto-step-1736326357379\" class=\"rank-math-step\"> <h3 class=\"rank-math-step-title\">Affiner les param\u00e8tres du rev\u00eatement de cacahu\u00e8tes<\/h3> <div class=\"rank-math-step-content\"><p>Pour obtenir les r\u00e9sultats de rev\u00eatement souhait\u00e9s, vous pouvez ajuster des param\u00e8tres tels que la temp\u00e9rature, la vitesse d'essorage et le volume de rev\u00eatement en fonction de vos besoins sp\u00e9cifiques. Il est essentiel de bien r\u00e9gler ces param\u00e8tres pour garantir la coh\u00e9rence et produire des cacahu\u00e8tes enrob\u00e9es de haute qualit\u00e9.<\/p> <\/div> <\/div> <div id=\"howto-step-1736326368771\" class=\"rank-math-step\"> <h3 class=\"rank-math-step-title\">Chargement des cacahu\u00e8tes dans la coucheuse de cacahu\u00e8tes<\/h3> <div class=\"rank-math-step-content\"><p>Ouvrez la tr\u00e9mie ou la goulotte de chargement de la machine \u00e0 cacahu\u00e8tes enrob\u00e9es et versez-y les cacahu\u00e8tes pr\u00e9par\u00e9es. Faites attention \u00e0 ne pas trop remplir, car cela peut entra\u00eener des obstructions ou une distribution in\u00e9gale de l'enrobage. Une charge \u00e9quilibr\u00e9e garantit un m\u00e9lange d\u00e9licieux de saveurs et de textures.<\/p> <\/div> <\/div> <div id=\"howto-step-1736326379307\" class=\"rank-math-step\"> <h3 class=\"rank-math-step-title\">D\u00e9marrage du processus de rev\u00eatement<\/h3> <div class=\"rank-math-step-content\"><p>La dur\u00e9e et la vitesse de rotation peuvent varier en fonction de l'\u00e9paisseur du rev\u00eatement que vous souhaitez. \u00c0 l'int\u00e9rieur du tambour rotatif, le syst\u00e8me de rev\u00eatement appliquera le rev\u00eatement choisi, transformant les cacahu\u00e8tes en une d\u00e9licieuse friandise.<\/p> <\/div> <\/div> <\/div> <\/div>       <figure class=\"wp-block-embed aligncenter is-type-video is-provider-youtube wp-block-embed-youtube wp-embed-aspect-16-9 wp-has-aspect-ratio\"><div class=\"wp-block-embed__wrapper\"> <iframe loading=\"lazy\" title=\"Machine d&#039;enrobage de cacahu\u00e8tes pour le traitement des noix et des collations | Haute efficacit\u00e9 et pr\u00e9cision #cacahu\u00e8te\" width=\"422\" height=\"750\" src=\"https:\/\/www.youtube.com\/embed\/p6jiNRUXJOs?feature=oembed\" frameborder=\"0\" allow=\"accelerometer; autoplay; clipboard-write; encrypted-media; gyroscope; picture-in-picture; web-share\" referrerpolicy=\"strict-origin-when-cross-origin\" allowfullscreen><\/iframe> <\/div><figcaption class=\"wp-element-caption\">vid\u00e9o de fonctionnement de la machine \u00e0 enrober les noix<\/figcaption><\/figure>   <div class=\"wp-block-image\"> <figure class=\"aligncenter size-full\"><img loading=\"lazy\" decoding=\"async\" width=\"720\" height=\"540\" src=\"https:\/\/www.peanuts-machine.com\/wp-content\/uploads\/2022\/08\/peanut-snack-production-machine.webp\" alt=\"machine de production de collations aux arachides\" class=\"wp-image-651\" title=\"\" srcset=\"https:\/\/www.peanuts-machine.com\/wp-content\/uploads\/2022\/08\/peanut-snack-production-machine.webp 720w, https:\/\/www.peanuts-machine.com\/wp-content\/uploads\/2022\/08\/peanut-snack-production-machine-300x225.webp 300w, https:\/\/www.peanuts-machine.com\/wp-content\/uploads\/2022\/08\/peanut-snack-production-machine-16x12.webp 16w\" sizes=\"auto, (max-width: 720px) 100vw, 720px\" \/><figcaption class=\"wp-element-caption\">machine de production de collations aux arachides<\/figcaption><\/figure> <\/div>   <h2 class=\"wp-block-heading\" id=\"h-coated-peanut-making-machine-parameters\">Param\u00e8tres de la machine d'enrobage de farine d'arachide<\/h2>    <figure class=\"wp-block-table is-style-stripes\"><table><tbody><tr><td>Mod\u00e8le<\/td><td>TZ-400<\/td><td>TZ-600<\/td><td>TZ-800<\/td><td>TZ-1000<\/td><\/tr><tr><td>Capacit\u00e9<\/td><td>30kg\/h<\/td><td>60kg\/h<\/td><td>100kg\/h<\/td><td>150kg\/h<\/td><\/tr><tr><td>Pouvoir<\/td><td>0,75 kW<\/td><td>0,75 kW<\/td><td>1,1 kW<\/td><td>1,1 kW<\/td><\/tr><tr><td>Diam\u00e8tre<\/td><td>400mm<\/td><td>600mm<\/td><td>800mm<\/td><td>1000mm<\/td><\/tr><tr><td>Taille<\/td><td>550*400*800mm<\/td><td>800*600*900mm<\/td><td>1000*800*1430mm<\/td><td>1100*1000*1560mm<\/td><\/tr><tr><td>Poids<\/td><td>38 kg<\/td><td>85 kg<\/td><td>205 kg<\/td><td>220 kg<\/td><\/tr><\/tbody><\/table><figcaption class=\"wp-element-caption\">donn\u00e9es techniques de l'\u00e9quipement d'enrobage d'arachide<\/figcaption><\/figure>   <div class=\"wp-block-image\"> <figure class=\"aligncenter size-full\"><img loading=\"lazy\" decoding=\"async\" width=\"720\" height=\"540\" src=\"https:\/\/www.peanuts-machine.com\/wp-content\/uploads\/2022\/08\/peanut-candy-coating-machine.webp\" alt=\"machine d&#039;enrobage de bonbons aux arachides\" class=\"wp-image-652\" title=\"\" srcset=\"https:\/\/www.peanuts-machine.com\/wp-content\/uploads\/2022\/08\/peanut-candy-coating-machine.webp 720w, https:\/\/www.peanuts-machine.com\/wp-content\/uploads\/2022\/08\/peanut-candy-coating-machine-300x225.webp 300w, https:\/\/www.peanuts-machine.com\/wp-content\/uploads\/2022\/08\/peanut-candy-coating-machine-16x12.webp 16w\" sizes=\"auto, (max-width: 720px) 100vw, 720px\" \/><figcaption class=\"wp-element-caption\">machine d'enrobage de bonbons aux arachides<\/figcaption><\/figure> <\/div>   <h2 class=\"wp-block-heading\">Pourquoi fabriquer des cacahu\u00e8tes enrob\u00e9es ?<\/h2>    <ul class=\"wp-block-list\"> <li>Le sucre, les \u00e9pices et la poudre de s\u00e9same rendent les cacahu\u00e8tes plus croustillantes et d\u00e9licieuses.<\/li>    <li>Des ingr\u00e9dients tels que le sucre, la farine de riz gluant et le lait de coco dans l'enrobage aident \u00e0 reconstituer l'\u00e9nergie et \u00e0 augmenter la sati\u00e9t\u00e9.<\/li>    <li>Une consommation mod\u00e9r\u00e9e de cacahu\u00e8tes enrob\u00e9es peut aider \u00e0 stabiliser la glyc\u00e9mie en lib\u00e9rant le sucre lentement.<\/li>    <li>Les prot\u00e9ines de haute qualit\u00e9 et les graisses saines pr\u00e9sentes dans les cacahu\u00e8tes, combin\u00e9es \u00e0 la sati\u00e9t\u00e9 apport\u00e9e par l'enrobage, pourraient avoir des avantages potentiels pour la sant\u00e9 cardiovasculaire et la gestion du poids.<\/li>    <li>Bien que nutritif, l'enrobage ajoute des calories et du sucre, il est donc recommand\u00e9 de les utiliser comme collation et de contr\u00f4ler la consommation.<\/li> <\/ul>   <div class=\"wp-block-image\"> <figure class=\"aligncenter size-full\"><img loading=\"lazy\" decoding=\"async\" width=\"720\" height=\"540\" src=\"https:\/\/www.peanuts-machine.com\/wp-content\/uploads\/2022\/08\/nut-coating-machine.webp\" alt=\"machine de rev\u00eatement de noix\" class=\"wp-image-656\" title=\"\" srcset=\"https:\/\/www.peanuts-machine.com\/wp-content\/uploads\/2022\/08\/nut-coating-machine.webp 720w, https:\/\/www.peanuts-machine.com\/wp-content\/uploads\/2022\/08\/nut-coating-machine-300x225.webp 300w, https:\/\/www.peanuts-machine.com\/wp-content\/uploads\/2022\/08\/nut-coating-machine-16x12.webp 16w\" sizes=\"auto, (max-width: 720px) 100vw, 720px\" \/><figcaption class=\"wp-element-caption\">machine de rev\u00eatement de noix<\/figcaption><\/figure> <\/div>  <div class=\"wp-block-image\"> <figure class=\"aligncenter size-full\"><img loading=\"lazy\" decoding=\"async\" width=\"720\" height=\"540\" src=\"https:\/\/www.peanuts-machine.com\/wp-content\/uploads\/2022\/08\/sugar-coating-machine-in-stock.webp\" alt=\"machine \u00e0 enrober le sucre en stock\" class=\"wp-image-130\" title=\"\" srcset=\"https:\/\/www.peanuts-machine.com\/wp-content\/uploads\/2022\/08\/sugar-coating-machine-in-stock.webp 720w, https:\/\/www.peanuts-machine.com\/wp-content\/uploads\/2022\/08\/sugar-coating-machine-in-stock-300x225.webp 300w\" sizes=\"auto, (max-width: 720px) 100vw, 720px\" \/><figcaption class=\"wp-element-caption\">machine \u00e0 enrober le sucre en stock<\/figcaption><\/figure> <\/div>   <h2 class=\"wp-block-heading\" id=\"h-peanut-coating-machine-for-sale\">Machines \u00e0 enduire les noix \u00e0 vendre<\/h2>    <p class=\"translation-block\">C'est aussi la machine la plus importante de la <a href=\"https:\/\/www.peanuts-machine.com\/fr\/product\/coated-peanut-production-line\/\">ligne de production d'arachides enrob\u00e9es<\/a>. Nous proposons une gamme de mod\u00e8les de machines de fabrication d'arachides enrob\u00e9es, ce qui signifie que le prix peut varier en fonction de la machine sp\u00e9cifique. De plus, nous pouvons personnaliser la machine pour r\u00e9pondre aux exigences uniques de nos clients. Si cette machine vous int\u00e9resse, n'h\u00e9sitez pas \u00e0 nous contacter.<\/p>    <figure class=\"wp-block-embed aligncenter is-type-video is-provider-youtube wp-block-embed-youtube wp-embed-aspect-16-9 wp-has-aspect-ratio\"><div class=\"wp-block-embed__wrapper\"> <iframe loading=\"lazy\" title=\"Machine de rev\u00eatement d&#039;arachide | La vid\u00e9o de fabrication d&#039;arachides enrob\u00e9es\" width=\"500\" height=\"281\" src=\"https:\/\/www.youtube.com\/embed\/b38_jr7zqyU?feature=oembed\" frameborder=\"0\" allow=\"accelerometer; autoplay; clipboard-write; encrypted-media; gyroscope; picture-in-picture; web-share\" referrerpolicy=\"strict-origin-when-cross-origin\" allowfullscreen><\/iframe> <\/div><figcaption class=\"wp-element-caption\">vid\u00e9o de travail de la machine de fabrication d'arachides enrob\u00e9es<\/figcaption><\/figure>","protected":false},"excerpt":{"rendered":"<p>La machine de fabrication d'arachides enrob\u00e9es convient au traitement de toutes sortes d'arachides et autres produits enrob\u00e9s. Il est id\u00e9al pour les industries pharmaceutiques, alimentaires et chimiques.<\/p>","protected":false},"author":1,"featured_media":128,"parent":0,"template":"","tags":[43],"product-type":[53,46],"class_list":["post-124","product","type-product","status-publish","has-post-thumbnail","hentry","tag-coated-peanut","product-type-peanut-coating-machine","product-type-products"],"_links":{"self":[{"href":"https:\/\/www.peanuts-machine.com\/fr\/wp-json\/wp\/v2\/product\/124","targetHints":{"allow":["GET"]}}],"collection":[{"href":"https:\/\/www.peanuts-machine.com\/fr\/wp-json\/wp\/v2\/product"}],"about":[{"href":"https:\/\/www.peanuts-machine.com\/fr\/wp-json\/wp\/v2\/types\/product"}],"author":[{"embeddable":true,"href":"https:\/\/www.peanuts-machine.com\/fr\/wp-json\/wp\/v2\/users\/1"}],"wp:featuredmedia":[{"embeddable":true,"href":"https:\/\/www.peanuts-machine.com\/fr\/wp-json\/wp\/v2\/media\/128"}],"wp:attachment":[{"href":"https:\/\/www.peanuts-machine.com\/fr\/wp-json\/wp\/v2\/media?parent=124"}],"wp:term":[{"taxonomy":"post_tag","embeddable":true,"href":"https:\/\/www.peanuts-machine.com\/fr\/wp-json\/wp\/v2\/tags?post=124"},{"taxonomy":"product-type","embeddable":true,"href":"https:\/\/www.peanuts-machine.com\/fr\/wp-json\/wp\/v2\/product-type?post=124"}],"curies":[{"name":"wp","href":"https:\/\/api.w.org\/{rel}","templated":true}]}}