{"id":278,"date":"2022-12-12T15:24:44","date_gmt":"2022-12-12T07:24:44","guid":{"rendered":"https:\/\/www.peanuts-machine.com\/?post_type=product&#038;p=278"},"modified":"2026-01-16T11:35:34","modified_gmt":"2026-01-16T03:35:34","slug":"groundnut-planter-machine","status":"publish","type":"product","link":"https:\/\/www.peanuts-machine.com\/fr\/product\/groundnut-planter-machine\/","title":{"rendered":"Planteur d\u2019arachide | Machine de plantation de graines d'arachide"},"content":{"rendered":"<div class=\"kk-star-ratings kksr-auto kksr-align-left kksr-valign-top\"     data-payload='{&quot;align&quot;:&quot;left&quot;,&quot;id&quot;:&quot;278&quot;,&quot;slug&quot;:&quot;default&quot;,&quot;valign&quot;:&quot;top&quot;,&quot;ignore&quot;:&quot;&quot;,&quot;reference&quot;:&quot;auto&quot;,&quot;class&quot;:&quot;&quot;,&quot;count&quot;:&quot;17&quot;,&quot;legendonly&quot;:&quot;&quot;,&quot;readonly&quot;:&quot;&quot;,&quot;score&quot;:&quot;4.8&quot;,&quot;starsonly&quot;:&quot;&quot;,&quot;best&quot;:&quot;5&quot;,&quot;gap&quot;:&quot;5&quot;,&quot;greet&quot;:&quot;Rate this product&quot;,&quot;legend&quot;:&quot;4.8\\\/5 - (17 votes)&quot;,&quot;size&quot;:&quot;24&quot;,&quot;title&quot;:&quot;Groundnut Planter | Peanut Seeds Planting Machine&quot;,&quot;width&quot;:&quot;136.7&quot;,&quot;_legend&quot;:&quot;{score}\\\/{best} - ({count} {votes})&quot;,&quot;font_factor&quot;:&quot;1.25&quot;}'>              <div class=\"kksr-stars\">      <div class=\"kksr-stars-inactive\">             <div class=\"kksr-star\" data-star=\"1\" style=\"padding-right: 5px\">               <div class=\"kksr-icon\" style=\"width: 24px; height: 24px;\"><\/div>         <\/div>             <div class=\"kksr-star\" data-star=\"2\" style=\"padding-right: 5px\">               <div class=\"kksr-icon\" style=\"width: 24px; height: 24px;\"><\/div>         <\/div>             <div class=\"kksr-star\" data-star=\"3\" style=\"padding-right: 5px\">               <div class=\"kksr-icon\" style=\"width: 24px; height: 24px;\"><\/div>         <\/div>             <div class=\"kksr-star\" data-star=\"4\" style=\"padding-right: 5px\">               <div class=\"kksr-icon\" style=\"width: 24px; height: 24px;\"><\/div>         <\/div>             <div class=\"kksr-star\" data-star=\"5\" style=\"padding-right: 5px\">               <div class=\"kksr-icon\" style=\"width: 24px; height: 24px;\"><\/div>         <\/div>     <\/div>      <div class=\"kksr-stars-active\" style=\"width: 136.7px;\">             <div class=\"kksr-star\" style=\"padding-right: 5px\">               <div class=\"kksr-icon\" style=\"width: 24px; height: 24px;\"><\/div>         <\/div>             <div class=\"kksr-star\" style=\"padding-right: 5px\">               <div class=\"kksr-icon\" style=\"width: 24px; height: 24px;\"><\/div>         <\/div>             <div class=\"kksr-star\" style=\"padding-right: 5px\">               <div class=\"kksr-icon\" style=\"width: 24px; height: 24px;\"><\/div>         <\/div>             <div class=\"kksr-star\" style=\"padding-right: 5px\">               <div class=\"kksr-icon\" style=\"width: 24px; height: 24px;\"><\/div>         <\/div>             <div class=\"kksr-star\" style=\"padding-right: 5px\">               <div class=\"kksr-icon\" style=\"width: 24px; height: 24px;\"><\/div>         <\/div>     <\/div> <\/div>                   <div class=\"kksr-legend\" style=\"font-size: 19.2px;\">             4,8\/5 - (17 votes)    <\/div>     <\/div>  <p>Le planteur d'arachides est con\u00e7u pour \u00eatre utilis\u00e9 facilement par une seule personne et peut \u00eatre directement attach\u00e9 \u00e0 un tracteur pour une utilisation sur des terres cultiv\u00e9es. Il est disponible en diff\u00e9rentes configurations, notamment 2, 4, 6 et 8 rang\u00e9es, permettant une personnalisation en fonction de vos besoins sp\u00e9cifiques de plantation. <\/p>    <p>Au-del\u00e0 de ses fonctions principales telles que l'application d'engrais, l'ensemencement et le paillage, il peut \u00e9galement \u00eatre \u00e9quip\u00e9 de fonctionnalit\u00e9s suppl\u00e9mentaires telles que le travail rotatif du sol, la pulv\u00e9risation, la gestion de la pression du sol et le stockage de l'eau pour r\u00e9pondre aux diverses exigences de plantation.<\/p>    <figure class=\"wp-block-embed aligncenter is-type-video is-provider-youtube wp-block-embed-youtube wp-embed-aspect-16-9 wp-has-aspect-ratio\"><div class=\"wp-block-embed__wrapper\"> <iframe loading=\"lazy\" title=\"Nouvelle technologie agricole moderne\u00a0! Le planteur d&#039;arachides aide \u00e0 r\u00e9colter en un seul clic \ud83c\udf31\ud83d\ude9c#peanut #planter\" width=\"500\" height=\"281\" src=\"https:\/\/www.youtube.com\/embed\/s8vec3aw-vU?feature=oembed\" frameborder=\"0\" allow=\"accelerometer; autoplay; clipboard-write; encrypted-media; gyroscope; picture-in-picture; web-share\" referrerpolicy=\"strict-origin-when-cross-origin\" allowfullscreen><\/iframe> <\/div><figcaption class=\"wp-element-caption\">vid\u00e9o de travail de la planteuse d'arachides<\/figcaption><\/figure>    <p>Lors de la pr\u00e9paration du terrain pour la plantation, la machine peut cr\u00e9er des ridges adapt\u00e9s aux besoins de l'agriculteur et \u00e0 la taille du champ, atteignant un taux de productivit\u00e9 de plus de 5 \u00e0 8 acres par heure. <\/p>    <p>Sa conception garantit une disposition logique, un fonctionnement fluide, un espacement uniforme des semis et une profondeur de plantation constante. De plus, il permet des ajustements en profondeur, en espacement des rangs et en espacement des plantations pour r\u00e9pondre aux normes agricoles des diff\u00e9rentes r\u00e9gions.<\/p>   <div class=\"wp-block-image\"> <figure class=\"aligncenter size-full\"><img loading=\"lazy\" decoding=\"async\" width=\"720\" height=\"540\" src=\"https:\/\/www.peanuts-machine.com\/wp-content\/uploads\/2022\/12\/fffect-of-peanut-seeding.webp\" alt=\"effet du semis d&#039;arachide\" class=\"wp-image-283\" title=\"\" srcset=\"https:\/\/www.peanuts-machine.com\/wp-content\/uploads\/2022\/12\/fffect-of-peanut-seeding.webp 720w, https:\/\/www.peanuts-machine.com\/wp-content\/uploads\/2022\/12\/fffect-of-peanut-seeding-300x225.webp 300w\" sizes=\"auto, (max-width: 720px) 100vw, 720px\" \/><figcaption class=\"wp-element-caption\">effet du semis d'arachide<\/figcaption><\/figure> <\/div>   <h2 class=\"wp-block-heading\">Points forts du semoir d'arachide<\/h2>    <ul class=\"wp-block-list\"> <li>Cette machine est tr\u00e8s polyvalente, capable de semer du bl\u00e9, du soja, des arachides, du ma\u00efs, des haricots et d'autres graines granulaires. <\/li>    <li>Il combine plusieurs fonctions, notamment la fertilisation, l\u2019ensemencement, la pulv\u00e9risation et le paillage, le tout dans une seule unit\u00e9. <\/li>    <li>Construit en acier au mangan\u00e8se 65#, il offre une excellente r\u00e9sistance \u00e0 l'abrasion. <\/li>    <li>La pr\u00e9cision du semis est \u00e9lev\u00e9e, garantissant une profondeur constante et un fort taux de semis. <\/li>    <li>Il peut fonctionner efficacement sur divers terrains, notamment dans les zones vallonn\u00e9es et montagneuses. <\/li>    <li>M\u00eame dans les parcelles avec une mauvaise pr\u00e9paration du sol, des mauvaises herbes ou des r\u00e9sidus de r\u00e9colte, la machine fonctionne normalement. <\/li>    <li>Le distributeur de graines garantit que les graines sont sem\u00e9es avec pr\u00e9cision et uniform\u00e9ment, r\u00e9duisant ainsi le nombre de graines pourries et maintenant un espacement de plantation appropri\u00e9. <\/li>    <li>Aucun travail manuel n'est requis, car la machine peut efficacement prot\u00e9ger le film contre les vents violents en le pelletant m\u00e9caniquement et en le pressant. <\/li>    <li>Nous pouvons personnaliser la machine de buttage et de paillage pour produire 1 \u00e0 6 rang\u00e9es, en ajustant l'espacement des rang\u00e9es et des plantations en fonction des exigences du client.<\/li> <\/ul>   <div class=\"wp-block-image\"> <figure class=\"aligncenter size-full\"><img loading=\"lazy\" decoding=\"async\" width=\"720\" height=\"540\" src=\"https:\/\/www.peanuts-machine.com\/wp-content\/uploads\/2022\/12\/peanut-planting-machine-for-sale.webp\" alt=\"machine de plantation d&#039;arachides \u00e0 vendre\" class=\"wp-image-286\" title=\"\" srcset=\"https:\/\/www.peanuts-machine.com\/wp-content\/uploads\/2022\/12\/peanut-planting-machine-for-sale.webp 720w, https:\/\/www.peanuts-machine.com\/wp-content\/uploads\/2022\/12\/peanut-planting-machine-for-sale-300x225.webp 300w\" sizes=\"auto, (max-width: 720px) 100vw, 720px\" \/><figcaption class=\"wp-element-caption\">machine de plantation d'arachides \u00e0 vendre<\/figcaption><\/figure> <\/div>   <h2 class=\"wp-block-heading\">D\u00e9tails de conception du pot d'arachide<\/h2>    <p>La machine se compose de quatre \u00e9l\u00e9ments principaux\u00a0: un dispositif de semis, un dispositif de d\u00e9charge d'engrais, un dispositif de pulv\u00e9risation et un dispositif de pellicule. Ceux-ci correspondent \u00e0 la tr\u00e9mie \u00e0 semences, \u00e0 la tr\u00e9mie \u00e0 engrais et \u00e0 la trancheuse. <\/p>    <p>Vous pouvez r\u00e9gler la largeur du billon, la hauteur du billon, la profondeur de semis et la largeur du film de recouvrement. Le dispositif de dosage des graines utilis\u00e9 dans le planteur d'arachides permet d'ajuster la quantit\u00e9 de semis en fonction de la taille des graines et des besoins sp\u00e9cifiques des diff\u00e9rentes r\u00e9gions.<\/p>   <div class=\"wp-block-image\"> <figure class=\"aligncenter size-full\"><img loading=\"lazy\" decoding=\"async\" width=\"720\" height=\"570\" src=\"https:\/\/www.peanuts-machine.com\/wp-content\/uploads\/2022\/12\/machine-structure.webp\" alt=\"structure de la machine\" class=\"wp-image-284\" title=\"\" srcset=\"https:\/\/www.peanuts-machine.com\/wp-content\/uploads\/2022\/12\/machine-structure.webp 720w, https:\/\/www.peanuts-machine.com\/wp-content\/uploads\/2022\/12\/machine-structure-300x238.webp 300w\" sizes=\"auto, (max-width: 720px) 100vw, 720px\" \/><figcaption class=\"wp-element-caption\">structure de la machine<\/figcaption><\/figure> <\/div>   <h2 class=\"wp-block-heading\">Comment semer des graines d\u2019arachide ?<\/h2>    <p>Utiliser un planteur d\u2019arachides pour semer des arachides est assez simple. Les fonctions principales de la planteuse d'arachide Taizy comprennent la fertilisation, le semis, la couverture du sol et la pulv\u00e9risation. <\/p>    <ul class=\"wp-block-list\"> <li>Lorsque le tracteur se d\u00e9place, il fait tourner les roues au sol. Ces roues, \u00e0 leur tour, font tourner l'arbre de dosage des graines via une cha\u00eene de transmission, permettant au dispositif de dosage des graines de fonctionner efficacement. <\/li>    <li>Sur le c\u00f4t\u00e9 oppos\u00e9 du semoir d'arachides, la roue motrice fait tourner l'arbre de d\u00e9charge d'engrais \u00e0 travers une cha\u00eene, permettant au d\u00e9chargeur d'engrais de lib\u00e9rer l'engrais. <\/li>    <li>Une bo\u00eete \u00e0 m\u00e9dicaments est positionn\u00e9e \u00e0 l'arri\u00e8re de la bo\u00eete \u00e0 engrais, o\u00f9 le m\u00e9dicament liquide est pulv\u00e9ris\u00e9 \u00e0 travers une buse aliment\u00e9e par une pompe \u00e9lectrique. Chaque cr\u00eate peut accueillir deux buses de m\u00e9dicaments liquides. <\/li>    <li>Le film est pos\u00e9 sur le support film plastique et adh\u00e8re \u00e0 la surface du fa\u00eetage \u00e0 l'aide d'un rouleau presseur de film. Les roues d'\u00e9talement du film de chaque c\u00f4t\u00e9 pressent le film jusqu'au bord du foss\u00e9 et enfin, le dispositif de recouvrement du film maintient le film en place.<\/li> <\/ul>    <figure class=\"wp-block-embed aligncenter is-type-video is-provider-youtube wp-block-embed-youtube wp-embed-aspect-16-9 wp-has-aspect-ratio\"><div class=\"wp-block-embed__wrapper\"> <iframe loading=\"lazy\" title=\"Planteuse d&#039;arachides 6 rang\u00e9es et 3 cr\u00eates - Semis efficace et pr\u00e9cis#peanut #arachide #peanutfarming\" width=\"500\" height=\"281\" src=\"https:\/\/www.youtube.com\/embed\/Xe1ijUHdHQU?feature=oembed\" frameborder=\"0\" allow=\"accelerometer; autoplay; clipboard-write; encrypted-media; gyroscope; picture-in-picture; web-share\" referrerpolicy=\"strict-origin-when-cross-origin\" allowfullscreen><\/iframe> <\/div><figcaption class=\"wp-element-caption\">Planteuse d'arachide utilis\u00e9e sur le chantier<\/figcaption><\/figure>    <h2 class=\"wp-block-heading\">Param\u00e8tres de la planteuse d'arachide<\/h2>    <figure class=\"wp-block-table\"><table><tbody><tr><td>Mod\u00e8le<\/td><td>2BHMF-2<\/td><td>2BHMF-4<\/td><td>2BHMF-6<\/td><\/tr><tr><td>Nombre de lignes<\/td><td>2<\/td><td>4<\/td><td>6<\/td><\/tr><tr><td>Productivit\u00e9<\/td><td>0,5-0,8 acre\/h<\/td><td>0,8 \u00e0 1,6 acre\/h<\/td><td>1,6 \u00e0 3,2 acres\/h<\/td><\/tr><tr><td>Taille<\/td><td>2940\u00d71200\u00d71300 millim\u00e8tres<\/td><td>2940\u00d71600\u00d71300 millim\u00e8tres<\/td><td>2940x1900x1300mm<\/td><\/tr><tr><td>Poids<\/td><td>180 kg<\/td><td>350kg<\/td><td>450 kg<\/td><\/tr><tr><td>Espace des lignes<\/td><td>300-350 millim\u00e8tres<\/td><td>300-350 millim\u00e8tres<\/td><td>300-350 millim\u00e8tres<\/td><\/tr><tr><td>Espace de graine<\/td><td>80-300 millim\u00e8tres<\/td><td>80-300 millim\u00e8tres<\/td><td>80-300 millim\u00e8tres<\/td><\/tr><tr><td>Taux de semis<\/td><td>&gt;98%<\/td><td>&gt;98%<\/td><td>&gt;98%<\/td><\/tr><tr><td>Une puissance adapt\u00e9e<\/td><td>20-40 ch<\/td><td>40-70 ch<\/td><td>60-90 ch<\/td><\/tr><\/tbody><\/table><figcaption class=\"wp-element-caption\">donn\u00e9es techniques du semoir de graines d'arachide<\/figcaption><\/figure>    <h2 class=\"wp-block-heading\">O\u00f9 acheter un planteur d'arachides ?<\/h2>    <p>Chez Taizy Peanut Machinery Factory, nous proposons \u00e0 la vente trois mod\u00e8les populaires de planteuses d'arachides\u00a0: des planteuses \u00e0 deux rang\u00e9es, \u00e0 quatre rang\u00e9es et \u00e0 six rang\u00e9es. Chaque machine offre les m\u00eames r\u00e9sultats de semis de haute qualit\u00e9 et efficaces. <\/p>    <p>Les clients peuvent s\u00e9lectionner le mod\u00e8le qui correspond le mieux \u00e0 leurs besoins sp\u00e9cifiques. Pour ceux qui recherchent des options plus petites, nous proposons \u00e9galement des planteuses d'arachides automotrices pour r\u00e9pondre \u00e0 leurs besoins. De plus, nous proposons des services personnalis\u00e9s pour r\u00e9pondre \u00e0 diverses demandes.<\/p>    <div class=\"wp-block-columns is-layout-flex wp-container-core-columns-is-layout-9d6595d7 wp-block-columns-is-layout-flex\"> <div class=\"wp-block-column is-layout-flow wp-block-column-is-layout-flow\"> <figure class=\"wp-block-image size-full\"><img loading=\"lazy\" decoding=\"async\" width=\"720\" height=\"540\" src=\"https:\/\/www.peanuts-machine.com\/wp-content\/uploads\/2022\/12\/2-row-peanut-planting-machine.webp\" alt=\"Planteuse d&#039;arachides \u00e0 2 rangs\" class=\"wp-image-279\" title=\"\" srcset=\"https:\/\/www.peanuts-machine.com\/wp-content\/uploads\/2022\/12\/2-row-peanut-planting-machine.webp 720w, https:\/\/www.peanuts-machine.com\/wp-content\/uploads\/2022\/12\/2-row-peanut-planting-machine-300x225.webp 300w\" sizes=\"auto, (max-width: 720px) 100vw, 720px\" \/><figcaption class=\"wp-element-caption\">Planteuse d'arachides \u00e0 2 rangs<\/figcaption><\/figure> <\/div>    <div class=\"wp-block-column is-layout-flow wp-block-column-is-layout-flow\"> <figure class=\"wp-block-image size-full\"><img loading=\"lazy\" decoding=\"async\" width=\"720\" height=\"540\" src=\"https:\/\/www.peanuts-machine.com\/wp-content\/uploads\/2022\/12\/4-row-groundnut-planter-machine.webp\" alt=\"Planteuse d&#039;arachides \u00e0 4 rang\u00e9es\" class=\"wp-image-280\" title=\"\" srcset=\"https:\/\/www.peanuts-machine.com\/wp-content\/uploads\/2022\/12\/4-row-groundnut-planter-machine.webp 720w, https:\/\/www.peanuts-machine.com\/wp-content\/uploads\/2022\/12\/4-row-groundnut-planter-machine-300x225.webp 300w\" sizes=\"auto, (max-width: 720px) 100vw, 720px\" \/><figcaption class=\"wp-element-caption\">Planteuse d'arachides \u00e0 4 rang\u00e9es<\/figcaption><\/figure> <\/div>    <div class=\"wp-block-column is-layout-flow wp-block-column-is-layout-flow\"> <figure class=\"wp-block-image size-full\"><img loading=\"lazy\" decoding=\"async\" width=\"720\" height=\"540\" src=\"https:\/\/www.peanuts-machine.com\/wp-content\/uploads\/2022\/12\/6-row-groundnut-planter.webp\" alt=\"Planteuse d&#039;arachides 6 rangs\" class=\"wp-image-281\" title=\"\" srcset=\"https:\/\/www.peanuts-machine.com\/wp-content\/uploads\/2022\/12\/6-row-groundnut-planter.webp 720w, https:\/\/www.peanuts-machine.com\/wp-content\/uploads\/2022\/12\/6-row-groundnut-planter-300x225.webp 300w\" sizes=\"auto, (max-width: 720px) 100vw, 720px\" \/><figcaption class=\"wp-element-caption\">Planteuse d'arachides 6 rangs<\/figcaption><\/figure> <\/div> <\/div>    <p class=\"translation-block\">En tant que fabricant leader de machines agricoles, nous proposons une large gamme de machines de plantation d'arachides pr\u00e9sentant divers styles et effets de semis. Parall\u00e8lement \u00e0 nos planteuses d'arachides, nous fournissons \u00e9galement des <a href=\"https:\/\/www.peanuts-machine.com\/fr\/product\/peanut-harvester\/\">\u00e9quipements de r\u00e9colte d'arachides<\/a>, des <a href=\"https:\/\/www.peanuts-machine.com\/fr\/product\/groundnut-sheller\/\">d\u00e9cortiqueuses d'arachides<\/a>, des <a href=\"https:\/\/www.peanuts-machine.com\/fr\/product\/peanut-roasting-machine\/\">machines \u00e0 r\u00f4tir les arachides<\/a> et d'autres machines de traitement des arachides. N'h\u00e9sitez pas \u00e0 nous contacter pour tous vos besoins.<\/p>","protected":false},"excerpt":{"rendered":"<p>Le planteur d'arachides est \u00e9quip\u00e9 d'un labour rotatif, d'une application d'engrais, d'un paillage, d'un paillage et de pulv\u00e9risations, et peut \u00eatre attach\u00e9 directement \u00e0 un tracteur pour la plantation.<\/p>","protected":false},"author":1,"featured_media":285,"parent":0,"template":"","tags":[37,36],"product-type":[47,46],"class_list":["post-278","product","type-product","status-publish","has-post-thumbnail","hentry","tag-groundnut","tag-peanut","product-type-peanut-harvesting-machine","product-type-products"],"_links":{"self":[{"href":"https:\/\/www.peanuts-machine.com\/fr\/wp-json\/wp\/v2\/product\/278","targetHints":{"allow":["GET"]}}],"collection":[{"href":"https:\/\/www.peanuts-machine.com\/fr\/wp-json\/wp\/v2\/product"}],"about":[{"href":"https:\/\/www.peanuts-machine.com\/fr\/wp-json\/wp\/v2\/types\/product"}],"author":[{"embeddable":true,"href":"https:\/\/www.peanuts-machine.com\/fr\/wp-json\/wp\/v2\/users\/1"}],"wp:featuredmedia":[{"embeddable":true,"href":"https:\/\/www.peanuts-machine.com\/fr\/wp-json\/wp\/v2\/media\/285"}],"wp:attachment":[{"href":"https:\/\/www.peanuts-machine.com\/fr\/wp-json\/wp\/v2\/media?parent=278"}],"wp:term":[{"taxonomy":"post_tag","embeddable":true,"href":"https:\/\/www.peanuts-machine.com\/fr\/wp-json\/wp\/v2\/tags?post=278"},{"taxonomy":"product-type","embeddable":true,"href":"https:\/\/www.peanuts-machine.com\/fr\/wp-json\/wp\/v2\/product-type?post=278"}],"curies":[{"name":"wp","href":"https:\/\/api.w.org\/{rel}","templated":true}]}}