{"id":300,"date":"2023-01-10T16:29:50","date_gmt":"2023-01-10T08:29:50","guid":{"rendered":"https:\/\/www.peanuts-machine.com\/?post_type=product&#038;p=300"},"modified":"2026-01-14T16:04:46","modified_gmt":"2026-01-14T08:04:46","slug":"continuous-peanut-roasting-oven","status":"publish","type":"product","link":"https:\/\/www.peanuts-machine.com\/fr\/product\/continuous-peanut-roasting-oven\/","title":{"rendered":"Four \u00e0 torr\u00e9fier les arachides en continu | Torr\u00e9facteur multifonction pour noix"},"content":{"rendered":"<div class=\"kk-star-ratings kksr-auto kksr-align-left kksr-valign-top\"     data-payload='{&quot;align&quot;:&quot;left&quot;,&quot;id&quot;:&quot;300&quot;,&quot;slug&quot;:&quot;default&quot;,&quot;valign&quot;:&quot;top&quot;,&quot;ignore&quot;:&quot;&quot;,&quot;reference&quot;:&quot;auto&quot;,&quot;class&quot;:&quot;&quot;,&quot;count&quot;:&quot;17&quot;,&quot;legendonly&quot;:&quot;&quot;,&quot;readonly&quot;:&quot;&quot;,&quot;score&quot;:&quot;4.7&quot;,&quot;starsonly&quot;:&quot;&quot;,&quot;best&quot;:&quot;5&quot;,&quot;gap&quot;:&quot;5&quot;,&quot;greet&quot;:&quot;Rate this product&quot;,&quot;legend&quot;:&quot;4.7\\\/5 - (17 votes)&quot;,&quot;size&quot;:&quot;24&quot;,&quot;title&quot;:&quot;Continuous Peanut Roasting Oven | Multifunctional Nuts Roaster&quot;,&quot;width&quot;:&quot;133.8&quot;,&quot;_legend&quot;:&quot;{score}\\\/{best} - ({count} {votes})&quot;,&quot;font_factor&quot;:&quot;1.25&quot;}'>              <div class=\"kksr-stars\">      <div class=\"kksr-stars-inactive\">             <div class=\"kksr-star\" data-star=\"1\" style=\"padding-right: 5px\">               <div class=\"kksr-icon\" style=\"width: 24px; height: 24px;\"><\/div>         <\/div>             <div class=\"kksr-star\" data-star=\"2\" style=\"padding-right: 5px\">               <div class=\"kksr-icon\" style=\"width: 24px; height: 24px;\"><\/div>         <\/div>             <div class=\"kksr-star\" data-star=\"3\" style=\"padding-right: 5px\">               <div class=\"kksr-icon\" style=\"width: 24px; height: 24px;\"><\/div>         <\/div>             <div class=\"kksr-star\" data-star=\"4\" style=\"padding-right: 5px\">               <div class=\"kksr-icon\" style=\"width: 24px; height: 24px;\"><\/div>         <\/div>             <div class=\"kksr-star\" data-star=\"5\" style=\"padding-right: 5px\">               <div class=\"kksr-icon\" style=\"width: 24px; height: 24px;\"><\/div>         <\/div>     <\/div>      <div class=\"kksr-stars-active\" style=\"width: 133.8px;\">             <div class=\"kksr-star\" style=\"padding-right: 5px\">               <div class=\"kksr-icon\" style=\"width: 24px; height: 24px;\"><\/div>         <\/div>             <div class=\"kksr-star\" style=\"padding-right: 5px\">               <div class=\"kksr-icon\" style=\"width: 24px; height: 24px;\"><\/div>         <\/div>             <div class=\"kksr-star\" style=\"padding-right: 5px\">               <div class=\"kksr-icon\" style=\"width: 24px; height: 24px;\"><\/div>         <\/div>             <div class=\"kksr-star\" style=\"padding-right: 5px\">               <div class=\"kksr-icon\" style=\"width: 24px; height: 24px;\"><\/div>         <\/div>             <div class=\"kksr-star\" style=\"padding-right: 5px\">               <div class=\"kksr-icon\" style=\"width: 24px; height: 24px;\"><\/div>         <\/div>     <\/div> <\/div>                   <div class=\"kksr-legend\" style=\"font-size: 19.2px;\">             4,7\/5 - (17 votes)    <\/div>     <\/div>  <p>Le four de torr\u00e9faction continu \u00e0 bande pour arachides est un appareil multifonctionnel qui combine des fonctions de s\u00e9chage \u00e0 basse temp\u00e9rature et de torr\u00e9faction \u00e0 haute temp\u00e9rature, adapt\u00e9 au traitement continu de diverses noix et mat\u00e9riaux granulaires. <\/p>    <p>L'\u00e9quipement prend en charge le chauffage \u00e9lectrique ou le chauffage au gaz et est \u00e9quip\u00e9 d'un syst\u00e8me de circulation d'air chaud, qui peut \u00e9conomiser efficacement l'\u00e9nergie et r\u00e9duire la consommation. Il est largement utilis\u00e9 dans les entreprises de transformation alimentaire pour la torr\u00e9faction automatis\u00e9e de produits agricoles tels que les arachides, les graines de s\u00e9same et les graines de tournesol. <\/p>    <figure class=\"wp-block-embed aligncenter is-type-video is-provider-youtube wp-block-embed-youtube wp-embed-aspect-16-9 wp-has-aspect-ratio\"><div class=\"wp-block-embed__wrapper\"> <iframe loading=\"lazy\" title=\"Machine \u00e0 r\u00f4tir les arachides en continu | R\u00f4tissoire efficace de type bande en action ! \ud83e\udd5c\ud83d\udd25#r\u00f4tir #r\u00f4tissoire\" width=\"500\" height=\"281\" src=\"https:\/\/www.youtube.com\/embed\/OPODSLCt6Go?feature=oembed\" frameborder=\"0\" allow=\"accelerometer; autoplay; clipboard-write; encrypted-media; gyroscope; picture-in-picture; web-share\" referrerpolicy=\"strict-origin-when-cross-origin\" allowfullscreen><\/iframe> <\/div><figcaption class=\"wp-element-caption\">Vid\u00e9o de fonctionnement du four de torr\u00e9faction continu pour arachides<\/figcaption><\/figure>    <p>En ajustant la temp\u00e9rature et la vitesse du tapis roulant, la machine peut r\u00e9aliser de mani\u00e8re flexible une torr\u00e9faction automatique continue tout au long du processus, de l'alimentation de la mati\u00e8re premi\u00e8re au d\u00e9chargement du produit, ce qui en fait un appareil id\u00e9al pour am\u00e9liorer l'efficacit\u00e9 de la production et la qualit\u00e9 du produit.<\/p>   <div class=\"wp-block-image\"> <figure class=\"aligncenter size-full\"><img loading=\"lazy\" decoding=\"async\" width=\"720\" height=\"540\" src=\"https:\/\/www.peanuts-machine.com\/wp-content\/uploads\/2023\/01\/continuous-peanut-roasting-machine.webp\" alt=\"Machine \u00e0 torr\u00e9fier les arachides continue\" class=\"wp-image-779\" title=\"\" srcset=\"https:\/\/www.peanuts-machine.com\/wp-content\/uploads\/2023\/01\/continuous-peanut-roasting-machine.webp 720w, https:\/\/www.peanuts-machine.com\/wp-content\/uploads\/2023\/01\/continuous-peanut-roasting-machine-300x225.webp 300w, https:\/\/www.peanuts-machine.com\/wp-content\/uploads\/2023\/01\/continuous-peanut-roasting-machine-16x12.webp 16w\" sizes=\"auto, (max-width: 720px) 100vw, 720px\" \/><figcaption class=\"wp-element-caption\">Machine \u00e0 torr\u00e9fier les arachides continue<\/figcaption><\/figure> <\/div>   <h2 class=\"wp-block-heading\">Points forts du torr\u00e9facteur automatique continu<\/h2>    <ul class=\"wp-block-list\"> <li>Contr\u00f4le flexible de la temp\u00e9rature : large plage de temp\u00e9rature (0-300\u00b0C r\u00e9glable) pour r\u00e9pondre \u00e0 divers besoins, du s\u00e9chage \u00e0 basse temp\u00e9rature \u00e0 la cuisson \u00e0 haute temp\u00e9rature.<\/li>    <li>Utilisation conviviale : la conception enti\u00e8rement automatique ne n\u00e9cessite qu'un seul op\u00e9rateur, ce qui permet d'\u00e9conomiser sur les co\u00fbts de main-d'\u0153uvre.<\/li>    <li>Mat\u00e9riaux de qualit\u00e9 alimentaire : toutes les pi\u00e8ces en contact avec les mat\u00e9riaux sont en acier inoxydable, garantissant s\u00e9curit\u00e9, hygi\u00e8ne et facilit\u00e9 de nettoyage.<\/li>    <li>\u00c9conome en \u00e9nergie et respectueux de l'environnement : un mat\u00e9riau d'isolation de haute qualit\u00e9 et un syst\u00e8me de circulation d'air chaud r\u00e9duisent consid\u00e9rablement la perte de chaleur.<\/li>    <li>Cuisson uniforme : une structure de distribution d'air chaud rationnelle assure un chauffage uniforme des mat\u00e9riaux, r\u00e9sultant en une meilleure couleur et saveur.<\/li>    <li>Syst\u00e8me de refroidissement automatique : emp\u00eache la surcuisson et am\u00e9liore la stabilit\u00e9 du produit.<\/li>    <li>Haute adaptabilit\u00e9 : vitesse de transport r\u00e9glable (25-40 Hz) et \u00e9paisseur du mat\u00e9riau r\u00e9glable (4-10 mm) pour s'adapter de mani\u00e8re flexible aux diff\u00e9rentes exigences des mat\u00e9riaux.<\/li> <\/ul>   <div class=\"wp-block-image\"> <figure class=\"aligncenter size-full\"><img loading=\"lazy\" decoding=\"async\" width=\"720\" height=\"540\" src=\"https:\/\/www.peanuts-machine.com\/wp-content\/uploads\/2023\/01\/continuous-nut-roaster.webp\" alt=\"Torr\u00e9facteur continu pour noix\" class=\"wp-image-780\" title=\"\" srcset=\"https:\/\/www.peanuts-machine.com\/wp-content\/uploads\/2023\/01\/continuous-nut-roaster.webp 720w, https:\/\/www.peanuts-machine.com\/wp-content\/uploads\/2023\/01\/continuous-nut-roaster-300x225.webp 300w, https:\/\/www.peanuts-machine.com\/wp-content\/uploads\/2023\/01\/continuous-nut-roaster-16x12.webp 16w\" sizes=\"auto, (max-width: 720px) 100vw, 720px\" \/><figcaption class=\"wp-element-caption\">Torr\u00e9facteur continu pour noix<\/figcaption><\/figure> <\/div>   <h2 class=\"wp-block-heading\">Champ d'application du four \u00e0 r\u00f4tir \u00e0 convoyeur<\/h2>    <p>Ce four de torr\u00e9faction continu pour arachides convient \u00e0 la torr\u00e9faction d'une vari\u00e9t\u00e9 de noix et de sous-produits agricoles, y compris, mais sans s'y limiter :<\/p>    <ul class=\"wp-block-list\"> <li>Divers types d'arachides (d\u00e9cortiqu\u00e9es\/non d\u00e9cortiqu\u00e9es).<\/li>    <li>Graines de s\u00e9same, graines de tournesol (graines de tournesol, graines de citrouille, etc.).<\/li>    <li>Soja, haricots verts, f\u00e8ves, pois et autres l\u00e9gumineuses.<\/li>    <li>Anacardes, amandes, noix, pignons de pin, noisettes, pistaches et autres noix.<\/li>    <li>Piments s\u00e9ch\u00e9s, fruits s\u00e9ch\u00e9s, l\u00e9gumes s\u00e9ch\u00e9s et autres aliments aromatis\u00e9s.<\/li> <\/ul>    <p>Que ce soit pour le s\u00e9chage, la torr\u00e9faction ou l'am\u00e9lioration de l'ar\u00f4me, cette machine peut r\u00e9pondre pr\u00e9cis\u00e9ment aux exigences de traitement des diff\u00e9rents produits.<\/p>   <div class=\"wp-block-image\"> <figure class=\"aligncenter size-full\"><img loading=\"lazy\" decoding=\"async\" width=\"720\" height=\"540\" src=\"https:\/\/www.peanuts-machine.com\/wp-content\/uploads\/2023\/01\/application-scope.webp\" alt=\"champ d&#039;application\" class=\"wp-image-301\" title=\"\" srcset=\"https:\/\/www.peanuts-machine.com\/wp-content\/uploads\/2023\/01\/application-scope.webp 720w, https:\/\/www.peanuts-machine.com\/wp-content\/uploads\/2023\/01\/application-scope-300x225.webp 300w\" sizes=\"auto, (max-width: 720px) 100vw, 720px\" \/><figcaption class=\"wp-element-caption\">champ d'application<\/figcaption><\/figure> <\/div>   <h2 class=\"wp-block-heading\">Structure du four \u00e0 r\u00f4tir en continu pour arachides<\/h2>    <p>Le four de torr\u00e9faction continue d'arachides comprend un \u00e9l\u00e9vateur, une section d'alimentation, une section de torr\u00e9faction, une section de refroidissement, une section de d\u00e9chargement et une section de tamis vibrant. Diverses zones sont isol\u00e9es pour r\u00e9duire les pertes de chaleur et r\u00e9duire les co\u00fbts d\u2019exploitation.<\/p>   <div class=\"wp-block-image\"> <figure class=\"aligncenter size-full\"><img loading=\"lazy\" decoding=\"async\" width=\"720\" height=\"540\" src=\"https:\/\/www.peanuts-machine.com\/wp-content\/uploads\/2023\/01\/structure-of-industrial-peanut-roasting-machine.webp\" alt=\"structure de la machine industrielle de torr\u00e9faction d&#039;arachide\" class=\"wp-image-308\" title=\"\" srcset=\"https:\/\/www.peanuts-machine.com\/wp-content\/uploads\/2023\/01\/structure-of-industrial-peanut-roasting-machine.webp 720w, https:\/\/www.peanuts-machine.com\/wp-content\/uploads\/2023\/01\/structure-of-industrial-peanut-roasting-machine-300x225.webp 300w\" sizes=\"auto, (max-width: 720px) 100vw, 720px\" \/><figcaption class=\"wp-element-caption\">structure de la machine industrielle de torr\u00e9faction d'arachide<\/figcaption><\/figure> <\/div>  <div class=\"wp-block-image\"> <figure class=\"aligncenter size-full\"><img loading=\"lazy\" decoding=\"async\" width=\"720\" height=\"540\" src=\"https:\/\/www.peanuts-machine.com\/wp-content\/uploads\/2023\/01\/machine-details.webp\" alt=\"d\u00e9tails de la machine\" class=\"wp-image-305\" title=\"\" srcset=\"https:\/\/www.peanuts-machine.com\/wp-content\/uploads\/2023\/01\/machine-details.webp 720w, https:\/\/www.peanuts-machine.com\/wp-content\/uploads\/2023\/01\/machine-details-300x225.webp 300w\" sizes=\"auto, (max-width: 720px) 100vw, 720px\" \/><figcaption class=\"wp-element-caption\">d\u00e9tails de la machine<\/figcaption><\/figure> <\/div>   <h2 class=\"wp-block-heading\">Principe de fonctionnement de la machine \u00e0 r\u00f4tir les noix<\/h2>    <p>Vous pouvez utiliser l\u2019\u00e9lectricit\u00e9 ou le gaz pour griller des cacahu\u00e8tes. <\/p>    <ol class=\"wp-block-list\"> <li>Tout d\u2019abord, l\u2019op\u00e9rateur doit charger les cacahu\u00e8tes dans la tr\u00e9mie d\u2019alimentation. Ensuite, un ascenseur d\u00e9placera les cacahu\u00e8tes vers le syst\u00e8me de torr\u00e9faction. <\/li>    <li>Apr\u00e8s cela, les cacahu\u00e8tes seront r\u00e9parties uniform\u00e9ment sur la plaque \u00e0 r\u00f4tir. Le four de cuisson peut atteindre des temp\u00e9ratures de 180 \u00e0 200 \u2103. Apr\u00e8s environ 20 minutes de torr\u00e9faction, les cacahu\u00e8tes seront cuites. <\/li>    <li>Ils passeront ensuite \u00e0 la section de refroidissement du four de torr\u00e9faction continu pour arachides. Apr\u00e8s 10 minutes, les arachides refroidies seront lib\u00e9r\u00e9es par le port de d\u00e9chargement.<\/li> <\/ol>   <div class=\"wp-block-image\"> <figure class=\"aligncenter size-full\"><img loading=\"lazy\" decoding=\"async\" width=\"720\" height=\"540\" src=\"https:\/\/www.peanuts-machine.com\/wp-content\/uploads\/2023\/01\/industrial-peanut-roaster.webp\" alt=\"torr\u00e9facteur industriel d&#039;arachide\" class=\"wp-image-304\" title=\"\" srcset=\"https:\/\/www.peanuts-machine.com\/wp-content\/uploads\/2023\/01\/industrial-peanut-roaster.webp 720w, https:\/\/www.peanuts-machine.com\/wp-content\/uploads\/2023\/01\/industrial-peanut-roaster-300x225.webp 300w\" sizes=\"auto, (max-width: 720px) 100vw, 720px\" \/><figcaption class=\"wp-element-caption\">torr\u00e9facteur industriel d'arachide<\/figcaption><\/figure> <\/div>   <h2 class=\"wp-block-heading\">D\u00e9tails du processus de travail<\/h2>    <ul class=\"wp-block-list\"> <li>En utilisant des br\u00fbleurs s\u00e9par\u00e9s pour le chauffage par le haut et par le bas, le four est plus facile \u00e0 contr\u00f4ler et plus r\u00e9actif. <\/li>    <li>Chaque zone poss\u00e8de ses propres r\u00e9glages de temp\u00e9rature, permettant un contr\u00f4le ind\u00e9pendant. <\/li>    <li>Pour minimiser la consommation d'\u00e9nergie, un br\u00fbleur est d\u00e9sign\u00e9 pour le chauffage par le haut et un autre pour le chauffage par le bas dans chaque zone. <\/li>    <li>Contrairement aux fours conventionnels qui cessent de fonctionner en cas de panne d'un br\u00fbleur, nos fours continuent de fonctionner efficacement gr\u00e2ce \u00e0 la pr\u00e9sence de plusieurs br\u00fbleurs, garantissant ainsi leur fiabilit\u00e9. <\/li>    <li>Apr\u00e8s le processus de cuisson, une section de refroidissement finale est incluse pour emp\u00eacher le produit de sortir du four trop chaud et d'absorber l'humidit\u00e9 de l'air. <\/li>    <li>De plus, un agitateur d'alimentation peut \u00eatre install\u00e9 \u00e0 l'extr\u00e9mit\u00e9 d'entr\u00e9e et un agitateur de collecte \u00e0 l'extr\u00e9mit\u00e9 de sortie sur demande.<\/li> <\/ul>   <div class=\"wp-block-image\"> <figure class=\"aligncenter size-full\"><img loading=\"lazy\" decoding=\"async\" width=\"720\" height=\"540\" src=\"https:\/\/www.peanuts-machine.com\/wp-content\/uploads\/2023\/01\/continuous-peanut-roasting-oven.webp\" alt=\"four \u00e0 r\u00f4tir en continu pour arachides\" class=\"wp-image-303\" title=\"\" srcset=\"https:\/\/www.peanuts-machine.com\/wp-content\/uploads\/2023\/01\/continuous-peanut-roasting-oven.webp 720w, https:\/\/www.peanuts-machine.com\/wp-content\/uploads\/2023\/01\/continuous-peanut-roasting-oven-300x225.webp 300w\" sizes=\"auto, (max-width: 720px) 100vw, 720px\" \/><figcaption class=\"wp-element-caption\">four \u00e0 r\u00f4tir en continu pour arachides<\/figcaption><\/figure> <\/div>   <h2 class=\"wp-block-heading\">Param\u00e8tres de la machine \u00e0 r\u00f4tir les amandes<\/h2>    <figure class=\"wp-block-table is-style-stripes\"><table><tbody><tr><td>Taper<\/td><td>TZ-200<\/td><td>TZ-300<\/td><td>TZ-500<\/td><td>TZ-1000<\/td><\/tr><tr><td>Capacit\u00e9 (kg\/h)<\/td><td>200<\/td><td>300-350<\/td><td>500<\/td><td>1000<\/td><\/tr><tr><td>Taille M)<\/td><td>Convoyeur \u00e9l\u00e9vateur : 1.5*0.8*2.8<br>Four de torr\u00e9faction : 6.9*1.5*2.6<\/td><td>Convoyeur \u00e9l\u00e9vateur : 1.5*0.8*2.8<br>Four de torr\u00e9faction : 7.5*1.5*2.6<\/td><td>Convoyeur \u00e9l\u00e9vateur : 2.5*0.7*2.8<br>Four de torr\u00e9faction : 8.5*1.8*2.6<\/td><td>Convoyeur \u00e9l\u00e9vateur : 2.5*0.7*2.8<br>Four de torr\u00e9faction : 11*2.1*2.6<\/td><\/tr><tr><td>Puissance de chauffage (kw)<\/td><td>46<\/td><td>70<\/td><td>130<\/td><td>230<\/td><\/tr><tr><td>Puissance (kw)<\/td><td>10<\/td><td>10<\/td><td>15<\/td><td>15<\/td><\/tr><\/tbody><\/table><figcaption class=\"wp-element-caption\">donn\u00e9es techniques du four \u00e0 r\u00f4tir en continu pour arachides<\/figcaption><\/figure>   <div class=\"wp-block-image\"> <figure class=\"aligncenter size-full\"><img loading=\"lazy\" decoding=\"async\" width=\"720\" height=\"540\" src=\"https:\/\/www.peanuts-machine.com\/wp-content\/uploads\/2023\/01\/automatic-conveyor-roasting-machine.webp\" alt=\"r\u00f4tissoire \u00e0 convoyeur automatique\" class=\"wp-image-628\" title=\"\" srcset=\"https:\/\/www.peanuts-machine.com\/wp-content\/uploads\/2023\/01\/automatic-conveyor-roasting-machine.webp 720w, https:\/\/www.peanuts-machine.com\/wp-content\/uploads\/2023\/01\/automatic-conveyor-roasting-machine-300x225.webp 300w, https:\/\/www.peanuts-machine.com\/wp-content\/uploads\/2023\/01\/automatic-conveyor-roasting-machine-16x12.webp 16w\" sizes=\"auto, (max-width: 720px) 100vw, 720px\" \/><figcaption class=\"wp-element-caption\">r\u00f4tissoire \u00e0 convoyeur automatique<\/figcaption><\/figure> <\/div>   <p class=\"translation-block\">La torr\u00e9faction am\u00e9liore la qualit\u00e9 des arachides et peut donner des r\u00e9sultats vari\u00e9s, permettant diff\u00e9rents types de production, y compris le blanchiment des arachides, le hachage, le enrobage, le broyage pour les <a href=\"https:\/\/www.peanuts-machine.com\/fr\/product\/peanut-butter-production-line\/\">lignes de production de beurre d'arachide<\/a>, et la friture. <\/p>    <p class=\"translation-block\">De plus, nous avons un autre type de <a href=\"https:\/\/www.peanuts-machine.com\/fr\/product\/peanut-roasting-machine\/\">machine \u00e0 torr\u00e9fier les arachides<\/a> \u00e0 vendre. Les images et vid\u00e9os de la machine sont pr\u00e9sent\u00e9es ci-dessous :<\/p>    <figure class=\"wp-block-embed aligncenter is-type-video is-provider-youtube wp-block-embed-youtube wp-embed-aspect-16-9 wp-has-aspect-ratio\"><div class=\"wp-block-embed__wrapper\"> <iframe loading=\"lazy\" title=\"Machine efficace de torr\u00e9faction et de refroidissement des cacahu\u00e8tes en action\u00a0! #cacahu\u00e8te #arachide #roast\" width=\"500\" height=\"281\" src=\"https:\/\/www.youtube.com\/embed\/4rRCnqDT7xk?feature=oembed\" frameborder=\"0\" allow=\"accelerometer; autoplay; clipboard-write; encrypted-media; gyroscope; picture-in-picture; web-share\" referrerpolicy=\"strict-origin-when-cross-origin\" allowfullscreen><\/iframe> <\/div><figcaption class=\"wp-element-caption\">Vid\u00e9o de fonctionnement de la machine \u00e0 torr\u00e9faction automatique d'arachides<\/figcaption><\/figure>   <div class=\"wp-block-image\"> <figure class=\"aligncenter size-full\"><img loading=\"lazy\" decoding=\"async\" width=\"720\" height=\"540\" src=\"https:\/\/www.peanuts-machine.com\/wp-content\/uploads\/2023\/01\/continuous-nut-roasting-oven.webp\" alt=\"Machine \u00e0 torr\u00e9fier les noix automatique\" class=\"wp-image-629\" title=\"\" srcset=\"https:\/\/www.peanuts-machine.com\/wp-content\/uploads\/2023\/01\/continuous-nut-roasting-oven.webp 720w, https:\/\/www.peanuts-machine.com\/wp-content\/uploads\/2023\/01\/continuous-nut-roasting-oven-300x225.webp 300w, https:\/\/www.peanuts-machine.com\/wp-content\/uploads\/2023\/01\/continuous-nut-roasting-oven-16x12.webp 16w\" sizes=\"auto, (max-width: 720px) 100vw, 720px\" \/><figcaption class=\"wp-element-caption\">Machine \u00e0 torr\u00e9fier les noix automatique<\/figcaption><\/figure> <\/div>   <p>Si vous avez besoin d'un \u00e9quipement de torr\u00e9faction efficace pour votre ligne de transformation de noix, nos machines sont sans aucun doute un choix fiable. Si vous avez des exigences particuli\u00e8res, veuillez nous contacter et nous vous proposerons des options personnalis\u00e9es.<\/p>","protected":false},"excerpt":{"rendered":"<p>Le four continu de torr\u00e9faction d'arachides convient au s\u00e9chage \u00e0 basse temp\u00e9rature et \u00e0 la torr\u00e9faction \u00e0 haute temp\u00e9rature de diverses noix et mati\u00e8res granulaires, se caract\u00e9risant par une faible consommation d'\u00e9nergie, un contr\u00f4le pr\u00e9cis de la temp\u00e9rature et une torr\u00e9faction uniforme.<\/p>","protected":false},"author":1,"featured_media":307,"parent":0,"template":"","tags":[56,36],"product-type":[50,46],"class_list":["post-300","product","type-product","status-publish","has-post-thumbnail","hentry","tag-nut","tag-peanut","product-type-peanut-roasting-machine","product-type-products"],"_links":{"self":[{"href":"https:\/\/www.peanuts-machine.com\/fr\/wp-json\/wp\/v2\/product\/300","targetHints":{"allow":["GET"]}}],"collection":[{"href":"https:\/\/www.peanuts-machine.com\/fr\/wp-json\/wp\/v2\/product"}],"about":[{"href":"https:\/\/www.peanuts-machine.com\/fr\/wp-json\/wp\/v2\/types\/product"}],"author":[{"embeddable":true,"href":"https:\/\/www.peanuts-machine.com\/fr\/wp-json\/wp\/v2\/users\/1"}],"wp:featuredmedia":[{"embeddable":true,"href":"https:\/\/www.peanuts-machine.com\/fr\/wp-json\/wp\/v2\/media\/307"}],"wp:attachment":[{"href":"https:\/\/www.peanuts-machine.com\/fr\/wp-json\/wp\/v2\/media?parent=300"}],"wp:term":[{"taxonomy":"post_tag","embeddable":true,"href":"https:\/\/www.peanuts-machine.com\/fr\/wp-json\/wp\/v2\/tags?post=300"},{"taxonomy":"product-type","embeddable":true,"href":"https:\/\/www.peanuts-machine.com\/fr\/wp-json\/wp\/v2\/product-type?post=300"}],"curies":[{"name":"wp","href":"https:\/\/api.w.org\/{rel}","templated":true}]}}