{"id":31,"date":"2022-08-09T06:11:21","date_gmt":"2022-08-09T06:11:21","guid":{"rendered":"https:\/\/www.peanuts-machine.com\/?post_type=product&#038;p=31"},"modified":"2026-02-06T15:53:37","modified_gmt":"2026-02-06T07:53:37","slug":"peanut-roasting-line","status":"publish","type":"product","link":"https:\/\/www.peanuts-machine.com\/fr\/product\/peanut-roasting-line\/","title":{"rendered":"Ligne de torr\u00e9faction d'arachides | Processus de torr\u00e9faction des arachides"},"content":{"rendered":"<div class=\"kk-star-ratings kksr-auto kksr-align-left kksr-valign-top\"     data-payload='{&quot;align&quot;:&quot;left&quot;,&quot;id&quot;:&quot;31&quot;,&quot;slug&quot;:&quot;default&quot;,&quot;valign&quot;:&quot;top&quot;,&quot;ignore&quot;:&quot;&quot;,&quot;reference&quot;:&quot;auto&quot;,&quot;class&quot;:&quot;&quot;,&quot;count&quot;:&quot;26&quot;,&quot;legendonly&quot;:&quot;&quot;,&quot;readonly&quot;:&quot;&quot;,&quot;score&quot;:&quot;4.8&quot;,&quot;starsonly&quot;:&quot;&quot;,&quot;best&quot;:&quot;5&quot;,&quot;gap&quot;:&quot;5&quot;,&quot;greet&quot;:&quot;Rate this product&quot;,&quot;legend&quot;:&quot;4.8\\\/5 - (26 votes)&quot;,&quot;size&quot;:&quot;24&quot;,&quot;title&quot;:&quot;Peanut Roasting Line | Peanut Roasting Process&quot;,&quot;width&quot;:&quot;136.7&quot;,&quot;_legend&quot;:&quot;{score}\\\/{best} - ({count} {votes})&quot;,&quot;font_factor&quot;:&quot;1.25&quot;}'>              <div class=\"kksr-stars\">      <div class=\"kksr-stars-inactive\">             <div class=\"kksr-star\" data-star=\"1\" style=\"padding-right: 5px\">               <div class=\"kksr-icon\" style=\"width: 24px; height: 24px;\"><\/div>         <\/div>             <div class=\"kksr-star\" data-star=\"2\" style=\"padding-right: 5px\">               <div class=\"kksr-icon\" style=\"width: 24px; height: 24px;\"><\/div>         <\/div>             <div class=\"kksr-star\" data-star=\"3\" style=\"padding-right: 5px\">               <div class=\"kksr-icon\" style=\"width: 24px; height: 24px;\"><\/div>         <\/div>             <div class=\"kksr-star\" data-star=\"4\" style=\"padding-right: 5px\">               <div class=\"kksr-icon\" style=\"width: 24px; height: 24px;\"><\/div>         <\/div>             <div class=\"kksr-star\" data-star=\"5\" style=\"padding-right: 5px\">               <div class=\"kksr-icon\" style=\"width: 24px; height: 24px;\"><\/div>         <\/div>     <\/div>      <div class=\"kksr-stars-active\" style=\"width: 136.7px;\">             <div class=\"kksr-star\" style=\"padding-right: 5px\">               <div class=\"kksr-icon\" style=\"width: 24px; height: 24px;\"><\/div>         <\/div>             <div class=\"kksr-star\" style=\"padding-right: 5px\">               <div class=\"kksr-icon\" style=\"width: 24px; height: 24px;\"><\/div>         <\/div>             <div class=\"kksr-star\" style=\"padding-right: 5px\">               <div class=\"kksr-icon\" style=\"width: 24px; height: 24px;\"><\/div>         <\/div>             <div class=\"kksr-star\" style=\"padding-right: 5px\">               <div class=\"kksr-icon\" style=\"width: 24px; height: 24px;\"><\/div>         <\/div>             <div class=\"kksr-star\" style=\"padding-right: 5px\">               <div class=\"kksr-icon\" style=\"width: 24px; height: 24px;\"><\/div>         <\/div>     <\/div> <\/div>                   <div class=\"kksr-legend\" style=\"font-size: 19.2px;\">             4.8\/5 - (26 votes)    <\/div>     <\/div>  <p class=\"translation-block\">La ligne de torr\u00e9faction d'arachides est principalement utilis\u00e9e pour torr\u00e9fier les arachides et les noix. Elle peut ainsi \u00e9liminer efficacement l'humidit\u00e9 des arachides. De plus, cette ligne de production fait partie int\u00e9grante de la <a href=\"https:\/\/www.peanuts-machine.com\/fr\/product\/peanut-butter-production-line\/\">ligne de production de beurre d'arachide<\/a> et de la <a href=\"https:\/\/www.peanuts-machine.com\/fr\/product\/coated-peanut-production-line\/\">ligne d'enrobage d'arachide<\/a>.<\/p>   <div class=\"wp-block-image\"> <figure class=\"aligncenter size-full\"><img loading=\"lazy\" decoding=\"async\" width=\"1024\" height=\"515\" src=\"https:\/\/www.peanuts-machine.com\/wp-content\/uploads\/2022\/08\/tz-peanut-roasting-equipment.webp\" alt=\"\u00e9quipement de torr\u00e9faction d&#039;arachide tz\" class=\"wp-image-38\" title=\"\" srcset=\"https:\/\/www.peanuts-machine.com\/wp-content\/uploads\/2022\/08\/tz-peanut-roasting-equipment.webp 1024w, https:\/\/www.peanuts-machine.com\/wp-content\/uploads\/2022\/08\/tz-peanut-roasting-equipment-300x151.webp 300w, https:\/\/www.peanuts-machine.com\/wp-content\/uploads\/2022\/08\/tz-peanut-roasting-equipment-768x386.webp 768w\" sizes=\"auto, (max-width: 1024px) 100vw, 1024px\" \/><figcaption class=\"wp-element-caption\">\u00c9quipement de torr\u00e9faction d'arachide TZ<\/figcaption><\/figure> <\/div>   <h2 class=\"wp-block-heading\" id=\"h-what-is-the-complete-peanut-roasting-process\">Quel est le processus complet de torr\u00e9faction des cacahu\u00e8tes\u00a0?<\/h2>    <p>La ligne de torr\u00e9faction d'arachide comprend un \u00e9l\u00e9vateur de mati\u00e8res premi\u00e8res, une tr\u00e9mie d'alimentation, une partie de torr\u00e9faction, une partie de refroidissement et un port de d\u00e9chargement. Premi\u00e8rement, les cacahu\u00e8tes entrent dans la tr\u00e9mie d\u2019alimentation via l\u2019\u00e9l\u00e9vateur de mati\u00e8res premi\u00e8res. Ensuite, il entre dans la section de torr\u00e9faction entra\u00een\u00e9e par la cad\u00e8ne situ\u00e9e en bas. La bande transporteuse \u00e0 cha\u00eenes peut permettre aux cacahu\u00e8tes de r\u00f4tir plus compl\u00e8tement dans le torr\u00e9facteur et d'avoir un meilleur go\u00fbt. Enfin, les cacahu\u00e8tes grill\u00e9es entrent dans la section de refroidissement pour r\u00e9duire la temp\u00e9rature du mat\u00e9riau. Les cacahu\u00e8tes grill\u00e9es peuvent \u00eatre transform\u00e9es en beurre de cacahu\u00e8te et en cacahu\u00e8tes enrob\u00e9es.<\/p>   <div class=\"wp-block-image\"> <figure class=\"aligncenter size-full\"><img loading=\"lazy\" decoding=\"async\" width=\"1024\" height=\"515\" src=\"https:\/\/www.peanuts-machine.com\/wp-content\/uploads\/2022\/08\/commercial-peanut-roasting-system-in-factory.webp\" alt=\"syst\u00e8me commercial de torr\u00e9faction d&#039;arachide en usine\" class=\"wp-image-34\" title=\"\" srcset=\"https:\/\/www.peanuts-machine.com\/wp-content\/uploads\/2022\/08\/commercial-peanut-roasting-system-in-factory.webp 1024w, https:\/\/www.peanuts-machine.com\/wp-content\/uploads\/2022\/08\/commercial-peanut-roasting-system-in-factory-300x151.webp 300w, https:\/\/www.peanuts-machine.com\/wp-content\/uploads\/2022\/08\/commercial-peanut-roasting-system-in-factory-768x386.webp 768w\" sizes=\"auto, (max-width: 1024px) 100vw, 1024px\" \/><figcaption class=\"wp-element-caption\">syst\u00e8me commercial de torr\u00e9faction d'arachide en usine<\/figcaption><\/figure> <\/div>   <h2 class=\"wp-block-heading\" id=\"h-structure-diagram-of-peanut-roasting-line\">Sch\u00e9ma structurel de la ligne de torr\u00e9faction d'arachide<\/h2>   <div class=\"wp-block-image\"> <figure class=\"aligncenter size-full\"><img loading=\"lazy\" decoding=\"async\" width=\"1024\" height=\"515\" src=\"https:\/\/www.peanuts-machine.com\/wp-content\/uploads\/2022\/08\/structure-picture.webp\" alt=\"image de la structure\" class=\"wp-image-37\" title=\"\" srcset=\"https:\/\/www.peanuts-machine.com\/wp-content\/uploads\/2022\/08\/structure-picture.webp 1024w, https:\/\/www.peanuts-machine.com\/wp-content\/uploads\/2022\/08\/structure-picture-300x151.webp 300w, https:\/\/www.peanuts-machine.com\/wp-content\/uploads\/2022\/08\/structure-picture-768x386.webp 768w\" sizes=\"auto, (max-width: 1024px) 100vw, 1024px\" \/><figcaption class=\"wp-element-caption\">image de la structure<\/figcaption><\/figure> <\/div>   <h2 class=\"wp-block-heading\" id=\"h-machine-parameters\">Param\u00e8tres de la machine<\/h2>    <figure class=\"wp-block-table is-style-stripes\"><table><tbody><tr><td>Taper<\/td><td>TZ-200<\/td><td>TZ-300<\/td><td>TZ-500<\/td><td>TZ-1000<\/td><\/tr><tr><td>Pouvoir<\/td><td>10KW<\/td><td>10KW<\/td><td>15KW<\/td><td>15KW<\/td><\/tr><tr><td>Puissance de chauffage<\/td><td>46KW<\/td><td>70KW<\/td><td>130KW<\/td><td>230KW<\/td><\/tr><tr><td>Capacit\u00e9<\/td><td>200 KG\/H<\/td><td>300-350 KG\/H<\/td><td>500 KG\/H<\/td><td>1000 KG\/H<\/td><\/tr><tr><td>Taille<\/td><td>Palan : 1,5 m*0,8 m*2,8 mFour \u00e0 r\u00f4tir : 6,9 m*1,5 m*2,6 m<\/td><td>Palan : 1,5 m*0,8 m*2,8 mFour \u00e0 r\u00f4tir : 7,5 m*1,5 m*2,6 m<\/td><td>Palan : 2,5 m*0,7 m*2,8 mFour \u00e0 r\u00f4tir : 8,5 m*1,8 m*2,6 m<\/td><td>Palan : 2,5 m*0,7 m*2,8 mFour \u00e0 r\u00f4tir : 11 m*2,1 m*2,6 m<\/td><\/tr><tr><td>Poids<\/td><td>&nbsp;<\/td><td>&nbsp;<\/td><td>3000KG<\/td><td><\/td><\/tr><\/tbody><\/table><\/figure>    <h2 class=\"wp-block-heading\" id=\"h-features-of-peanut-roasting-line\">Caract\u00e9ristiques de la ligne de torr\u00e9faction d'arachide<\/h2>    <ol class=\"wp-block-list\"> <li>Production int\u00e9gr\u00e9e de torr\u00e9faction et de refroidissement. Notre syst\u00e8me de torr\u00e9faction d'arachides a non seulement pour fonction de torr\u00e9faction mais \u00e9galement pour fonction de refroidissement dans la seconde moiti\u00e9 de l'\u00e9quipement.<\/li>    <li>Le haut degr\u00e9 d'automatisation. Le <a href=\"https:\/\/www.peanuts-machine.com\/fr\/product\/peanut-roasting-machine\/\">torr\u00e9facteur industriel d'arachide<\/a> dispose des deux fonctions de r\u00e9glage automatique de la temp\u00e9rature. Par cons\u00e9quent, vous n\u2019avez pas \u00e0 vous soucier des cacahu\u00e8tes et des noix qui seront grill\u00e9es pendant le processus de torr\u00e9faction.<\/li>    <li>Plusieurs m\u00e9thodes de chauffage. Vous pouvez choisir le chauffage \u00e9lectrique, le chauffage au gaz et d\u2019autres m\u00e9thodes de chauffage.<\/li>    <li>\u00c9conomie d'\u00e9nergie. Les cacahu\u00e8tes grill\u00e9es sont tr\u00e8s piquantes. Il est donc dangereux de d\u00e9placer le mat\u00e9riel manuellement. De plus, la ligne de production de torr\u00e9faction d'arachides peut envoyer les cacahu\u00e8tes grill\u00e9es directement vers le syst\u00e8me de refroidissement. C'est \u00e0 la fois pratique et s\u00fbr.<\/li>    <li>Op\u00e9ration simple. Parce que notre ligne de torr\u00e9faction de cacahu\u00e8tes est enti\u00e8rement automatique. Il est donc facile \u00e0 apprendre et \u00e0 utiliser.<\/li> <\/ol>   <div class=\"wp-block-image\"> <figure class=\"aligncenter size-full\"><img loading=\"lazy\" decoding=\"async\" width=\"1024\" height=\"515\" src=\"https:\/\/www.peanuts-machine.com\/wp-content\/uploads\/2022\/08\/roasting-chain-plate.webp\" alt=\"plaque \u00e0 cha\u00eene de torr\u00e9faction\" class=\"wp-image-36\" title=\"\" srcset=\"https:\/\/www.peanuts-machine.com\/wp-content\/uploads\/2022\/08\/roasting-chain-plate.webp 1024w, https:\/\/www.peanuts-machine.com\/wp-content\/uploads\/2022\/08\/roasting-chain-plate-300x151.webp 300w, https:\/\/www.peanuts-machine.com\/wp-content\/uploads\/2022\/08\/roasting-chain-plate-768x386.webp 768w\" sizes=\"auto, (max-width: 1024px) 100vw, 1024px\" \/><figcaption class=\"wp-element-caption\">plaque \u00e0 cha\u00eene de torr\u00e9faction<\/figcaption><\/figure> <\/div>   <h2 class=\"wp-block-heading\" id=\"h-application-scope-of-peanuts-roaster-line\">Champ d'application de la ligne de torr\u00e9faction d'arachides<\/h2>    <p class=\"translation-block\">La ligne de torr\u00e9faction d'arachides convient \u00e0 la torr\u00e9faction des arachides et \u00e0 la torr\u00e9faction des amandes, des graines de s\u00e9same, des noix de cajou, des graines de tournesol, des f\u00e8ves de cacao, des pois chiches, des haricots japonais, des pistaches et d'autres types de noix et de l\u00e9gumineuses. Elle peut \u00e9galement \u00eatre utilis\u00e9e pour transformer des c\u00e9r\u00e9ales telles que le ma\u00efs, le <a href=\"https:\/\/en.wikipedia.org\/wiki\/Quinoa\" target=\"_blank\" rel=\"noopener\">quinoa<\/a> et l'avoine. Par cons\u00e9quent, notre torr\u00e9facteur d'arachides commercial a un large \u00e9ventail d'applications. Donc, si vous avez besoin de cette machine, n'h\u00e9sitez pas \u00e0 nous contacter.<\/p>","protected":false},"excerpt":{"rendered":"<p>The peanut roasting line is mainly used to roast peanuts and nuts. So, it can effectively remove the moisture from peanuts. Also, this production line is an integral part of the peanut butter production line and the peanut coating line. What is the complete peanut roasting process? The peanut roasting line includes a raw material [&hellip;]<\/p>\n","protected":false},"author":1,"featured_media":33,"parent":0,"template":"","tags":[56,36],"product-type":[3],"class_list":["post-31","product","type-product","status-publish","has-post-thumbnail","hentry","tag-nut","tag-peanut","product-type-peanut-processing-lines"],"_links":{"self":[{"href":"https:\/\/www.peanuts-machine.com\/fr\/wp-json\/wp\/v2\/product\/31","targetHints":{"allow":["GET"]}}],"collection":[{"href":"https:\/\/www.peanuts-machine.com\/fr\/wp-json\/wp\/v2\/product"}],"about":[{"href":"https:\/\/www.peanuts-machine.com\/fr\/wp-json\/wp\/v2\/types\/product"}],"author":[{"embeddable":true,"href":"https:\/\/www.peanuts-machine.com\/fr\/wp-json\/wp\/v2\/users\/1"}],"wp:featuredmedia":[{"embeddable":true,"href":"https:\/\/www.peanuts-machine.com\/fr\/wp-json\/wp\/v2\/media\/33"}],"wp:attachment":[{"href":"https:\/\/www.peanuts-machine.com\/fr\/wp-json\/wp\/v2\/media?parent=31"}],"wp:term":[{"taxonomy":"post_tag","embeddable":true,"href":"https:\/\/www.peanuts-machine.com\/fr\/wp-json\/wp\/v2\/tags?post=31"},{"taxonomy":"product-type","embeddable":true,"href":"https:\/\/www.peanuts-machine.com\/fr\/wp-json\/wp\/v2\/product-type?post=31"}],"curies":[{"name":"wp","href":"https:\/\/api.w.org\/{rel}","templated":true}]}}