{"id":310,"date":"2023-01-14T15:51:13","date_gmt":"2023-01-14T07:51:13","guid":{"rendered":"https:\/\/www.peanuts-machine.com\/?post_type=product&#038;p=310"},"modified":"2026-01-15T17:47:54","modified_gmt":"2026-01-15T09:47:54","slug":"wet-groundnut-peeling-machine","status":"publish","type":"product","link":"https:\/\/www.peanuts-machine.com\/fr\/product\/wet-groundnut-peeling-machine\/","title":{"rendered":"Machine \u00e0 \u00e9plucher les arachides humides | Dissolvant pour la peau d'arachide"},"content":{"rendered":"<div class=\"kk-star-ratings kksr-auto kksr-align-left kksr-valign-top\"     data-payload='{&quot;align&quot;:&quot;left&quot;,&quot;id&quot;:&quot;310&quot;,&quot;slug&quot;:&quot;default&quot;,&quot;valign&quot;:&quot;top&quot;,&quot;ignore&quot;:&quot;&quot;,&quot;reference&quot;:&quot;auto&quot;,&quot;class&quot;:&quot;&quot;,&quot;count&quot;:&quot;10&quot;,&quot;legendonly&quot;:&quot;&quot;,&quot;readonly&quot;:&quot;&quot;,&quot;score&quot;:&quot;4.6&quot;,&quot;starsonly&quot;:&quot;&quot;,&quot;best&quot;:&quot;5&quot;,&quot;gap&quot;:&quot;5&quot;,&quot;greet&quot;:&quot;Rate this product&quot;,&quot;legend&quot;:&quot;4.6\\\/5 - (10 votes)&quot;,&quot;size&quot;:&quot;24&quot;,&quot;title&quot;:&quot;Wet Groundnut Peeling Machine | Peanut Skin Remover&quot;,&quot;width&quot;:&quot;130.9&quot;,&quot;_legend&quot;:&quot;{score}\\\/{best} - ({count} {votes})&quot;,&quot;font_factor&quot;:&quot;1.25&quot;}'>              <div class=\"kksr-stars\">      <div class=\"kksr-stars-inactive\">             <div class=\"kksr-star\" data-star=\"1\" style=\"padding-right: 5px\">               <div class=\"kksr-icon\" style=\"width: 24px; height: 24px;\"><\/div>         <\/div>             <div class=\"kksr-star\" data-star=\"2\" style=\"padding-right: 5px\">               <div class=\"kksr-icon\" style=\"width: 24px; height: 24px;\"><\/div>         <\/div>             <div class=\"kksr-star\" data-star=\"3\" style=\"padding-right: 5px\">               <div class=\"kksr-icon\" style=\"width: 24px; height: 24px;\"><\/div>         <\/div>             <div class=\"kksr-star\" data-star=\"4\" style=\"padding-right: 5px\">               <div class=\"kksr-icon\" style=\"width: 24px; height: 24px;\"><\/div>         <\/div>             <div class=\"kksr-star\" data-star=\"5\" style=\"padding-right: 5px\">               <div class=\"kksr-icon\" style=\"width: 24px; height: 24px;\"><\/div>         <\/div>     <\/div>      <div class=\"kksr-stars-active\" style=\"width: 130.9px;\">             <div class=\"kksr-star\" style=\"padding-right: 5px\">               <div class=\"kksr-icon\" style=\"width: 24px; height: 24px;\"><\/div>         <\/div>             <div class=\"kksr-star\" style=\"padding-right: 5px\">               <div class=\"kksr-icon\" style=\"width: 24px; height: 24px;\"><\/div>         <\/div>             <div class=\"kksr-star\" style=\"padding-right: 5px\">               <div class=\"kksr-icon\" style=\"width: 24px; height: 24px;\"><\/div>         <\/div>             <div class=\"kksr-star\" style=\"padding-right: 5px\">               <div class=\"kksr-icon\" style=\"width: 24px; height: 24px;\"><\/div>         <\/div>             <div class=\"kksr-star\" style=\"padding-right: 5px\">               <div class=\"kksr-icon\" style=\"width: 24px; height: 24px;\"><\/div>         <\/div>     <\/div> <\/div>                   <div class=\"kksr-legend\" style=\"font-size: 19.2px;\">             4,6\/5 - (10 votes)    <\/div>     <\/div>  <p>La machine \u00e0 \u00e9plucher les arachides humides adopte des roues en caoutchouc souple de haute qualit\u00e9 pour enlever efficacement la peau rouge de l'arachide par friction physique. Son processus d'\u00e9pluchage est doux et ne nuit pas \u00e0 la structure nutritionnelle et \u00e0 la couleur des arachides elles-m\u00eames. L'arachide finie apr\u00e8s \u00e9pluchage est blanche, intacte et sans d\u00e9coloration, ce qui augmente consid\u00e9rablement la valeur ajout\u00e9e du produit. <\/p>    <p>Il n'est pas seulement adapt\u00e9 aux cacahu\u00e8tes, mais peut \u00e9galement \u00e9plucher des amandes, des f\u00e8ves, des soja, des haricots mungo, des pois chiches, des haricots verts et des f\u00e8ves, etc. C'est l'\u00e9quipement cl\u00e9 dans la ligne de production de transformation profonde de l'huile de cacahu\u00e8te, du lait de cacahu\u00e8te, des cacahu\u00e8tes frites, des cacahu\u00e8tes \u00e9pic\u00e9es, des boissons aux amandes, etc. <\/p>    <figure class=\"wp-block-embed aligncenter is-type-video is-provider-youtube wp-block-embed-youtube wp-embed-aspect-16-9 wp-has-aspect-ratio\"><div class=\"wp-block-embed__wrapper\"> <iframe loading=\"lazy\" title=\"Machine efficace pour \u00e9plucher les cacahu\u00e8tes par voie humide - \u00c9limination parfaite de la peau#peanut #groundnut #peeling #peeler\" width=\"500\" height=\"281\" src=\"https:\/\/www.youtube.com\/embed\/ZWbRkVyX7do?feature=oembed\" frameborder=\"0\" allow=\"accelerometer; autoplay; clipboard-write; encrypted-media; gyroscope; picture-in-picture; web-share\" referrerpolicy=\"strict-origin-when-cross-origin\" allowfullscreen><\/iframe> <\/div><figcaption class=\"wp-element-caption\">vid\u00e9o de travail de la machine \u00e0 \u00e9plucher les arachides de type humide<\/figcaption><\/figure>    <p class=\"translation-block\">Contrairement \u00e0 la <a href=\"https:\/\/www.peanuts-machine.com\/fr\/product\/peanut-peeling-machine\/\"><strong><em>machine \u00e0 d\u00e9cortiquer les arachides \u00e0 sec<\/em><\/strong><\/a> traditionnelle, cette machine convient aux mati\u00e8res premi\u00e8res tremp\u00e9es, peut \u00eatre utilis\u00e9e comme machine autonome ou en fonctionnement dans une ligne de production, pour r\u00e9pondre aux besoins de production diversifi\u00e9s.<\/p>    <h2 class=\"wp-block-heading\">Avantages de la machine \u00e0 \u00e9plucher humide les arachides<\/h2>    <ul class=\"wp-block-list\"> <li>\u00c9pluchage propre : le taux d'\u00e9pluchage atteint jusqu'\u00e0 98 %, rapide et propre, les cacahu\u00e8tes sont enti\u00e8res et belles.<\/li>    <li>Fonctionnement simple : il suffit de verser les cacahu\u00e8tes tremp\u00e9es, la machine peut automatiquement terminer l'\u00e9pluchage.<\/li>    <li>S\u00fbr et hygi\u00e9nique : toute la machine est en acier inoxydable, robuste et durable, facile \u00e0 nettoyer, conforme aux exigences de s\u00e9curit\u00e9 alimentaire.<\/li>    <li>Large gamme d'utilisations : non seulement pour les cacahu\u00e8tes, mais aussi pour les amandes, les soja, les f\u00e8ves, le riz \u00e0 l'ail, etc., une vari\u00e9t\u00e9 d'ingr\u00e9dients est applicable.<\/li>    <li>S\u00e9paration automatique de la peau r\u00e9siduelle : la peau sera automatiquement s\u00e9par\u00e9e des cacahu\u00e8tes, des cacahu\u00e8tes propres sans peau m\u00e9lang\u00e9e, facile pour le traitement ult\u00e9rieur.<\/li>    <li>Support de personnalisation : vous pouvez personnaliser la machine pour votre propre usage selon la demande des clients.<\/li>    <li>Diff\u00e9rents mod\u00e8les disponibles : il existe des mod\u00e8les avec diff\u00e9rentes capacit\u00e9s, adapt\u00e9s aux ateliers familiaux, aux petites usines et \u00e0 la production \u00e0 grande \u00e9chelle.<\/li> <\/ul>    <figure class=\"wp-block-gallery has-nested-images columns-default is-cropped wp-block-gallery-2 is-layout-flex wp-block-gallery-is-layout-flex\"> <figure class=\"wp-block-image size-large\"><img loading=\"lazy\" decoding=\"async\" width=\"720\" height=\"540\" data-id=\"315\" src=\"https:\/\/www.peanuts-machine.com\/wp-content\/uploads\/2023\/01\/wet-type-groundnut-peeling-machine.webp\" alt=\"machine \u00e0 \u00e9plucher les arachides de type humide\" class=\"wp-image-315\" title=\"\" srcset=\"https:\/\/www.peanuts-machine.com\/wp-content\/uploads\/2023\/01\/wet-type-groundnut-peeling-machine.webp 720w, https:\/\/www.peanuts-machine.com\/wp-content\/uploads\/2023\/01\/wet-type-groundnut-peeling-machine-300x225.webp 300w\" sizes=\"auto, (max-width: 720px) 100vw, 720px\" \/><figcaption class=\"wp-element-caption\">machine \u00e0 \u00e9plucher les arachides de type humide<\/figcaption><\/figure>    <figure class=\"wp-block-image size-large\"><img loading=\"lazy\" decoding=\"async\" width=\"720\" height=\"540\" data-id=\"316\" src=\"https:\/\/www.peanuts-machine.com\/wp-content\/uploads\/2023\/01\/widely-application.webp\" alt=\"largement application\" class=\"wp-image-316\" title=\"\" srcset=\"https:\/\/www.peanuts-machine.com\/wp-content\/uploads\/2023\/01\/widely-application.webp 720w, https:\/\/www.peanuts-machine.com\/wp-content\/uploads\/2023\/01\/widely-application-300x225.webp 300w\" sizes=\"auto, (max-width: 720px) 100vw, 720px\" \/><figcaption class=\"wp-element-caption\">largement application<\/figcaption><\/figure> <\/figure>    <h2 class=\"wp-block-heading\">Comment fonctionne une machine \u00e0 \u00e9plucher les cacahu\u00e8tes humides ?<\/h2>    <p>La machine \u00e0 \u00e9plucher les arachides humides fonctionne sur le principe de l'\u00e9pluchage par le frottement de roues en caoutchouc, ce qui lui permet de retirer d\u00e9licatement la peau des cacahu\u00e8tes, tout comme le feraient des mains humaines.<\/p>    <ul class=\"wp-block-list\"> <li>Pour utiliser la machine, il suffit de faire tremper les cacahu\u00e8tes pendant quelques instants, puis de les verser dans l'entonnoir. Les barres directionnelles et les roues d'alimentation de chaque c\u00f4t\u00e9 guident les cacahu\u00e8tes vers les roues en caoutchouc rotatives, qui sont maintenues par trois puissants poussoirs. (Apr\u00e8s avoir tremp\u00e9 dans de l'eau chaude, il est important d'apporter de l'eau ti\u00e8de dans le d\u00e9cortiqueur pour \u00e9viter que les cacahu\u00e8tes ne s\u00e8chent ou ne refroidissent.) <\/li>    <li>Une fois que la lame a coup\u00e9 la peau rouge ext\u00e9rieure, le noyau d'arachide est pel\u00e9 et la roue en caoutchouc pousse le noyau pel\u00e9 dans la tr\u00e9mie, le s\u00e9parant de la peau rouge. <\/li> <\/ul>   <div class=\"wp-block-image\"> <figure class=\"aligncenter size-full\"><img loading=\"lazy\" decoding=\"async\" width=\"720\" height=\"540\" src=\"https:\/\/www.peanuts-machine.com\/wp-content\/uploads\/2023\/01\/structure-details-of-peanut-peeler-machine.webp\" alt=\"d\u00e9tails de structure de la machine \u00e0 \u00e9plucher les cacahu\u00e8tes\" class=\"wp-image-314\" title=\"\" srcset=\"https:\/\/www.peanuts-machine.com\/wp-content\/uploads\/2023\/01\/structure-details-of-peanut-peeler-machine.webp 720w, https:\/\/www.peanuts-machine.com\/wp-content\/uploads\/2023\/01\/structure-details-of-peanut-peeler-machine-300x225.webp 300w\" sizes=\"auto, (max-width: 720px) 100vw, 720px\" \/><figcaption class=\"wp-element-caption\">d\u00e9tails de structure de la machine \u00e0 \u00e9plucher les cacahu\u00e8tes<\/figcaption><\/figure> <\/div>   <p>Avant de les \u00e9plucher, le riz et les haricots doivent \u00eatre tremp\u00e9s dans de l'eau chaude pendant 3 \u00e0 5 minutes \u00e0 une temp\u00e9rature de 97 \u00e0 98 degr\u00e9s. Le processus et la dur\u00e9e du trempage sont cruciaux pour d\u00e9cortiquer efficacement les cacahu\u00e8tes humides. <\/p>    <p>L'exp\u00e9rience a montr\u00e9 que le trempage dans l'eau froide pendant les 30 premi\u00e8res minutes, suivi de 0,5 \u00e0 1 minute dans l'eau chaude, donne des cacahu\u00e8tes froides \u00e0 l'int\u00e9rieur et chaudes \u00e0 l'ext\u00e9rieur, fournissant suffisamment d'humidit\u00e9. Cela provoque l'expansion de la peau ext\u00e9rieure en raison de l'eau chaude, ce qui rend le processus de d\u00e9corticage beaucoup plus facile !<\/p>    <figure class=\"wp-block-gallery has-nested-images columns-default is-cropped wp-block-gallery-3 is-layout-flex wp-block-gallery-is-layout-flex\"> <figure class=\"wp-block-image size-large\"><img loading=\"lazy\" decoding=\"async\" width=\"720\" height=\"540\" data-id=\"1036\" src=\"https:\/\/www.peanuts-machine.com\/wp-content\/uploads\/2023\/01\/wet-peanut-peeling-machine-1.webp\" alt=\"machine \u00e0 \u00e9plucher les arachides humides\" class=\"wp-image-1036\" title=\"\" srcset=\"https:\/\/www.peanuts-machine.com\/wp-content\/uploads\/2023\/01\/wet-peanut-peeling-machine-1.webp 720w, https:\/\/www.peanuts-machine.com\/wp-content\/uploads\/2023\/01\/wet-peanut-peeling-machine-1-300x225.webp 300w, https:\/\/www.peanuts-machine.com\/wp-content\/uploads\/2023\/01\/wet-peanut-peeling-machine-1-16x12.webp 16w\" sizes=\"auto, (max-width: 720px) 100vw, 720px\" \/><figcaption class=\"wp-element-caption\">machine \u00e0 \u00e9plucher les arachides humides<\/figcaption><\/figure>    <figure class=\"wp-block-image size-large\"><img loading=\"lazy\" decoding=\"async\" width=\"720\" height=\"540\" data-id=\"1037\" src=\"https:\/\/www.peanuts-machine.com\/wp-content\/uploads\/2023\/01\/wet-peanut-skin-remover.webp\" alt=\"\u00c9plucheur de peau de cacahu\u00e8te humide\" class=\"wp-image-1037\" title=\"\" srcset=\"https:\/\/www.peanuts-machine.com\/wp-content\/uploads\/2023\/01\/wet-peanut-skin-remover.webp 720w, https:\/\/www.peanuts-machine.com\/wp-content\/uploads\/2023\/01\/wet-peanut-skin-remover-300x225.webp 300w, https:\/\/www.peanuts-machine.com\/wp-content\/uploads\/2023\/01\/wet-peanut-skin-remover-16x12.webp 16w\" sizes=\"auto, (max-width: 720px) 100vw, 720px\" \/><figcaption class=\"wp-element-caption\">\u00c9plucheur de peau de cacahu\u00e8te humide<\/figcaption><\/figure> <\/figure>    <h2 class=\"wp-block-heading\">Param\u00e8tres de la machine \u00e0 \u00e9plucher la peau d'arachide<\/h2>    <figure class=\"wp-block-table is-style-stripes\"><table><tbody><tr><td>Mod\u00e8le<\/td><td>TZ-1<\/td><td>TZ-2<\/td><td>TZ-3<\/td><td>TZ-4<\/td><\/tr><tr><td>Capacit\u00e9 (kg\/h)<\/td><td>200-300<\/td><td>400-500<\/td><td>600-800<\/td><td>800-1000<\/td><\/tr><tr><td>Puissance du moteur (kw)<\/td><td>0.55<\/td><td>0.55*2<\/td><td>0.55 *3<\/td><td>0.55 *4<\/td><\/tr><tr><td>Puissance du ventilateur (kw)<\/td><td>0.37<\/td><td>0.37<\/td><td>0.37<\/td><td>0.37<\/td><\/tr><tr><td>Tension (v)<\/td><td>380\/220<\/td><td>380\/220<\/td><td>380\/220<\/td><td>380\/220<\/td><\/tr><tr><td>Fr\u00e9quence\u00a0(hz)<\/td><td>50<\/td><td>50<\/td><td>50<\/td><td>50<\/td><\/tr><tr><td>Taux de pelage<\/td><td>\u226598%<\/td><td>\u226598%<\/td><td>\u226598%<\/td><td>\u226598%<\/td><\/tr><tr><td>Taille (mm)<\/td><td>1100*400*1100<\/td><td>1100*700*1100<\/td><td>1100*1000*1100<\/td><td>1100*1400*1100<\/td><\/tr><\/tbody><\/table><figcaption class=\"wp-element-caption\">donn\u00e9es techniques de la machine \u00e0 \u00e9plucher les cacahu\u00e8tes humide<\/figcaption><\/figure>    <p>Voici les param\u00e8tres sp\u00e9cifiques de quatre machines \u00e0 \u00e9plucher les arachides de type humide diff\u00e9rentes. Les capacit\u00e9s de production des machines sont de 200 \u00e0 300 kg\/h, 400 \u00e0 500 kg\/h, 600 \u00e0 800 kg\/h et 800 \u00e0 1 000 kg\/h. <\/p>    <p>La puissance du moteur de ces machines est respectivement de 0,55 kW, 1,1 kW, 1,65 kW et 2,2 kW. Vous pouvez vous r\u00e9f\u00e9rer \u00e0 notre tableau des param\u00e8tres pour plus de d\u00e9tails. Choisissez la machine qui correspond le mieux \u00e0 vos besoins.<\/p>    <figure class=\"wp-block-gallery has-nested-images columns-default is-cropped wp-block-gallery-4 is-layout-flex wp-block-gallery-is-layout-flex\"> <figure class=\"wp-block-image size-large\"><img loading=\"lazy\" decoding=\"async\" width=\"540\" height=\"720\" data-id=\"1038\" src=\"https:\/\/www.peanuts-machine.com\/wp-content\/uploads\/2023\/01\/peanut-red-skin-peeling-machine-for-sale-1.webp\" alt=\"Machine \u00e0 \u00e9plucher la peau rouge d&#039;arachide \u00e0 vendre\" class=\"wp-image-1038\" title=\"\" srcset=\"https:\/\/www.peanuts-machine.com\/wp-content\/uploads\/2023\/01\/peanut-red-skin-peeling-machine-for-sale-1.webp 540w, https:\/\/www.peanuts-machine.com\/wp-content\/uploads\/2023\/01\/peanut-red-skin-peeling-machine-for-sale-1-225x300.webp 225w, https:\/\/www.peanuts-machine.com\/wp-content\/uploads\/2023\/01\/peanut-red-skin-peeling-machine-for-sale-1-9x12.webp 9w\" sizes=\"auto, (max-width: 540px) 100vw, 540px\" \/><figcaption class=\"wp-element-caption\">Machine \u00e0 \u00e9plucher la peau rouge d'arachide \u00e0 vendre<\/figcaption><\/figure>    <figure class=\"wp-block-image size-large\"><img loading=\"lazy\" decoding=\"async\" width=\"540\" height=\"720\" data-id=\"1039\" src=\"https:\/\/www.peanuts-machine.com\/wp-content\/uploads\/2023\/01\/stainless-steel-wet-groundnut-peeling-machine.webp\" alt=\"Machine de pelage d&#039;arachides mouill\u00e9es en acier inoxydable\" class=\"wp-image-1039\" title=\"\" srcset=\"https:\/\/www.peanuts-machine.com\/wp-content\/uploads\/2023\/01\/stainless-steel-wet-groundnut-peeling-machine.webp 540w, https:\/\/www.peanuts-machine.com\/wp-content\/uploads\/2023\/01\/stainless-steel-wet-groundnut-peeling-machine-225x300.webp 225w, https:\/\/www.peanuts-machine.com\/wp-content\/uploads\/2023\/01\/stainless-steel-wet-groundnut-peeling-machine-9x12.webp 9w\" sizes=\"auto, (max-width: 540px) 100vw, 540px\" \/><figcaption class=\"wp-element-caption\">Machine de pelage d'arachides mouill\u00e9es en acier inoxydable<\/figcaption><\/figure> <\/figure>    <figure class=\"wp-block-gallery has-nested-images columns-default is-cropped wp-block-gallery-5 is-layout-flex wp-block-gallery-is-layout-flex\"> <figure class=\"wp-block-image size-large\"><img loading=\"lazy\" decoding=\"async\" width=\"720\" height=\"540\" data-id=\"616\" src=\"https:\/\/www.peanuts-machine.com\/wp-content\/uploads\/2023\/01\/peanut-processing-equipment.webp\" alt=\"\u00e9quipement de transformation d&#039;arachide\" class=\"wp-image-616\" title=\"\" srcset=\"https:\/\/www.peanuts-machine.com\/wp-content\/uploads\/2023\/01\/peanut-processing-equipment.webp 720w, https:\/\/www.peanuts-machine.com\/wp-content\/uploads\/2023\/01\/peanut-processing-equipment-300x225.webp 300w, https:\/\/www.peanuts-machine.com\/wp-content\/uploads\/2023\/01\/peanut-processing-equipment-16x12.webp 16w\" sizes=\"auto, (max-width: 720px) 100vw, 720px\" \/><figcaption class=\"wp-element-caption\">\u00e9quipement de transformation d'arachide<\/figcaption><\/figure>    <figure class=\"wp-block-image size-large\"><img loading=\"lazy\" decoding=\"async\" width=\"720\" height=\"540\" data-id=\"617\" src=\"https:\/\/www.peanuts-machine.com\/wp-content\/uploads\/2023\/01\/peanut-skin-remover.webp\" alt=\"dissolvant de peau d&#039;arachide\" class=\"wp-image-617\" title=\"\" srcset=\"https:\/\/www.peanuts-machine.com\/wp-content\/uploads\/2023\/01\/peanut-skin-remover.webp 720w, https:\/\/www.peanuts-machine.com\/wp-content\/uploads\/2023\/01\/peanut-skin-remover-300x225.webp 300w, https:\/\/www.peanuts-machine.com\/wp-content\/uploads\/2023\/01\/peanut-skin-remover-16x12.webp 16w\" sizes=\"auto, (max-width: 720px) 100vw, 720px\" \/><figcaption class=\"wp-element-caption\">dissolvant de peau d'arachide<\/figcaption><\/figure> <\/figure>    <h2 class=\"wp-block-heading\">Prix \u200b\u200bde la machine pour enlever la peau d'arachide de type humide<\/h2>    <p>Le prix d\u2019une machine \u00e0 \u00e9plucher les arachides peut varier consid\u00e9rablement en raison de plusieurs facteurs. <\/p>    <ul class=\"wp-block-list\"> <li>Premi\u00e8rement, les machines \u00e0 rendement plus \u00e9lev\u00e9 ont g\u00e9n\u00e9ralement un prix plus \u00e9lev\u00e9 que celles \u00e0 rendement inf\u00e9rieur. <\/li>    <li>De plus, la qualit\u00e9 de la machine joue un r\u00f4le crucial ; les machines de haute qualit\u00e9 sont g\u00e9n\u00e9ralement plus ch\u00e8res que leurs homologues de moindre qualit\u00e9. <\/li>    <li>Certains fabricants peuvent opter pour des mat\u00e9riaux de qualit\u00e9 non alimentaire dans leurs machines \u00e0 \u00e9plucher les arachides afin de r\u00e9duire les co\u00fbts. <\/li>    <li>Enfin, les frais d\u2019exp\u00e9dition sont une autre consid\u00e9ration importante. <\/li> <\/ul>    <p>Si vous \u00eates int\u00e9ress\u00e9 par le prix d'une machine \u00e0 d\u00e9cortiquer les arachides de type humide, veuillez nous contacter avec vos exigences et votre emplacement, et nous vous r\u00e9pondrons rapidement.<\/p>   <div class=\"wp-block-image\"> <figure class=\"aligncenter size-full\"><img loading=\"lazy\" decoding=\"async\" width=\"720\" height=\"540\" src=\"https:\/\/www.peanuts-machine.com\/wp-content\/uploads\/2023\/01\/peanut-peeling-machine-shipped-to-kenya.webp\" alt=\"machine \u00e0 \u00e9plucher les arachides exp\u00e9di\u00e9e au Kenya\" class=\"wp-image-311\" title=\"\" srcset=\"https:\/\/www.peanuts-machine.com\/wp-content\/uploads\/2023\/01\/peanut-peeling-machine-shipped-to-kenya.webp 720w, https:\/\/www.peanuts-machine.com\/wp-content\/uploads\/2023\/01\/peanut-peeling-machine-shipped-to-kenya-300x225.webp 300w\" sizes=\"auto, (max-width: 720px) 100vw, 720px\" \/><figcaption class=\"wp-element-caption\">machine \u00e0 \u00e9plucher les arachides exp\u00e9di\u00e9e au Kenya<\/figcaption><\/figure> <\/div>   <h2 class=\"wp-block-heading\">O\u00f9 acheter une \u00e9plucheuse d\u2019arachides ?<\/h2>    <ul class=\"wp-block-list\"> <li>Vous pouvez trouver une machine \u00e0 \u00e9plucher les cacahu\u00e8tes localement, ce qui contribuera \u00e0 r\u00e9duire les co\u00fbts d'exp\u00e9dition et \u00e0 faciliter la maintenance.<\/li>    <li>Si vous connaissez des amis qui ont de l\u2019exp\u00e9rience avec ce type d\u2019achat, envisagez d\u2019acheter la machine par leur interm\u00e9diaire.<\/li>    <li>Pour les achats en ligne, gr\u00e2ce aux progr\u00e8s de la logistique mondiale, vous pouvez commander une machine \u00e0 \u00e9plucher les arachides de type humide de haute qualit\u00e9 dans d'autres pays, vous offrant ainsi plus d'options. En tant que fabricant professionnel de machines \u00e0 \u00e9plucher les cacahu\u00e8tes humides, nous proposons une vari\u00e9t\u00e9 de mod\u00e8les parmi lesquels les clients peuvent choisir, garantissant ainsi la qualit\u00e9.<\/li> <\/ul>   <div class=\"wp-block-image\"> <figure class=\"aligncenter size-full\"><img loading=\"lazy\" decoding=\"async\" width=\"720\" height=\"540\" src=\"https:\/\/www.peanuts-machine.com\/wp-content\/uploads\/2023\/01\/machine-certifications.webp\" alt=\"certifications de machines\" class=\"wp-image-618\" title=\"\" srcset=\"https:\/\/www.peanuts-machine.com\/wp-content\/uploads\/2023\/01\/machine-certifications.webp 720w, https:\/\/www.peanuts-machine.com\/wp-content\/uploads\/2023\/01\/machine-certifications-300x225.webp 300w, https:\/\/www.peanuts-machine.com\/wp-content\/uploads\/2023\/01\/machine-certifications-16x12.webp 16w\" sizes=\"auto, (max-width: 720px) 100vw, 720px\" \/><figcaption class=\"wp-element-caption\">certifications de machines<\/figcaption><\/figure> <\/div>   <p>Merci d'avoir visit\u00e9 notre site Web\u00a0! Si vous \u00eates int\u00e9ress\u00e9 par l'industrie de transformation des arachides et que vous avez des questions, n'h\u00e9sitez pas \u00e0 soumettre le formulaire \u00e0 droite. Nous r\u00e9pondrons \u00e0 votre message dans les 24 heures.<\/p>","protected":false},"excerpt":{"rendered":"<p>La machine \u00e0 \u00e9plucher les arachides humides utilise des roues en caoutchouc souple pour \u00e9liminer efficacement la peau rouge des arachides. C'est l'\u00e9quipement parfait pour les cacahu\u00e8tes frites, le lait de cacahu\u00e8te, les grains de poivre, le g\u00e2teau aux cacahu\u00e8tes et l'huile d'arachide. <\/p>","protected":false},"author":1,"featured_media":313,"parent":0,"template":"","tags":[37,36],"product-type":[49,46],"class_list":["post-310","product","type-product","status-publish","has-post-thumbnail","hentry","tag-groundnut","tag-peanut","product-type-peanut-peeling-machine","product-type-products"],"_links":{"self":[{"href":"https:\/\/www.peanuts-machine.com\/fr\/wp-json\/wp\/v2\/product\/310","targetHints":{"allow":["GET"]}}],"collection":[{"href":"https:\/\/www.peanuts-machine.com\/fr\/wp-json\/wp\/v2\/product"}],"about":[{"href":"https:\/\/www.peanuts-machine.com\/fr\/wp-json\/wp\/v2\/types\/product"}],"author":[{"embeddable":true,"href":"https:\/\/www.peanuts-machine.com\/fr\/wp-json\/wp\/v2\/users\/1"}],"wp:featuredmedia":[{"embeddable":true,"href":"https:\/\/www.peanuts-machine.com\/fr\/wp-json\/wp\/v2\/media\/313"}],"wp:attachment":[{"href":"https:\/\/www.peanuts-machine.com\/fr\/wp-json\/wp\/v2\/media?parent=310"}],"wp:term":[{"taxonomy":"post_tag","embeddable":true,"href":"https:\/\/www.peanuts-machine.com\/fr\/wp-json\/wp\/v2\/tags?post=310"},{"taxonomy":"product-type","embeddable":true,"href":"https:\/\/www.peanuts-machine.com\/fr\/wp-json\/wp\/v2\/product-type?post=310"}],"curies":[{"name":"wp","href":"https:\/\/api.w.org\/{rel}","templated":true}]}}