{"id":365,"date":"2023-05-05T10:10:04","date_gmt":"2023-05-05T02:10:04","guid":{"rendered":"https:\/\/www.peanuts-machine.com\/?post_type=product&#038;p=365"},"modified":"2026-02-24T13:52:35","modified_gmt":"2026-02-24T05:52:35","slug":"peanut-brittle-forming-and-cutting-machine","status":"publish","type":"product","link":"https:\/\/www.peanuts-machine.com\/fr\/product\/peanut-brittle-forming-and-cutting-machine\/","title":{"rendered":"Machine semi-automatique de formation et de d\u00e9coupe de caramel aux arachides"},"content":{"rendered":"<div class=\"kk-star-ratings kksr-auto kksr-align-left kksr-valign-top\"     data-payload='{&quot;align&quot;:&quot;left&quot;,&quot;id&quot;:&quot;365&quot;,&quot;slug&quot;:&quot;default&quot;,&quot;valign&quot;:&quot;top&quot;,&quot;ignore&quot;:&quot;&quot;,&quot;reference&quot;:&quot;auto&quot;,&quot;class&quot;:&quot;&quot;,&quot;count&quot;:&quot;26&quot;,&quot;legendonly&quot;:&quot;&quot;,&quot;readonly&quot;:&quot;&quot;,&quot;score&quot;:&quot;4.8&quot;,&quot;starsonly&quot;:&quot;&quot;,&quot;best&quot;:&quot;5&quot;,&quot;gap&quot;:&quot;5&quot;,&quot;greet&quot;:&quot;Rate this product&quot;,&quot;legend&quot;:&quot;4.8\\\/5 - (26 votes)&quot;,&quot;size&quot;:&quot;24&quot;,&quot;title&quot;:&quot;Semi-Automatic Peanut Brittle Forming and Cutting Machine&quot;,&quot;width&quot;:&quot;136.7&quot;,&quot;_legend&quot;:&quot;{score}\\\/{best} - ({count} {votes})&quot;,&quot;font_factor&quot;:&quot;1.25&quot;}'>              <div class=\"kksr-stars\">      <div class=\"kksr-stars-inactive\">             <div class=\"kksr-star\" data-star=\"1\" style=\"padding-right: 5px\">               <div class=\"kksr-icon\" style=\"width: 24px; height: 24px;\"><\/div>         <\/div>             <div class=\"kksr-star\" data-star=\"2\" style=\"padding-right: 5px\">               <div class=\"kksr-icon\" style=\"width: 24px; height: 24px;\"><\/div>         <\/div>             <div class=\"kksr-star\" data-star=\"3\" style=\"padding-right: 5px\">               <div class=\"kksr-icon\" style=\"width: 24px; height: 24px;\"><\/div>         <\/div>             <div class=\"kksr-star\" data-star=\"4\" style=\"padding-right: 5px\">               <div class=\"kksr-icon\" style=\"width: 24px; height: 24px;\"><\/div>         <\/div>             <div class=\"kksr-star\" data-star=\"5\" style=\"padding-right: 5px\">               <div class=\"kksr-icon\" style=\"width: 24px; height: 24px;\"><\/div>         <\/div>     <\/div>      <div class=\"kksr-stars-active\" style=\"width: 136.7px;\">             <div class=\"kksr-star\" style=\"padding-right: 5px\">               <div class=\"kksr-icon\" style=\"width: 24px; height: 24px;\"><\/div>         <\/div>             <div class=\"kksr-star\" style=\"padding-right: 5px\">               <div class=\"kksr-icon\" style=\"width: 24px; height: 24px;\"><\/div>         <\/div>             <div class=\"kksr-star\" style=\"padding-right: 5px\">               <div class=\"kksr-icon\" style=\"width: 24px; height: 24px;\"><\/div>         <\/div>             <div class=\"kksr-star\" style=\"padding-right: 5px\">               <div class=\"kksr-icon\" style=\"width: 24px; height: 24px;\"><\/div>         <\/div>             <div class=\"kksr-star\" style=\"padding-right: 5px\">               <div class=\"kksr-icon\" style=\"width: 24px; height: 24px;\"><\/div>         <\/div>     <\/div> <\/div>                   <div class=\"kksr-legend\" style=\"font-size: 19.2px;\">             4.8\/5 - (26 votes)    <\/div>     <\/div>  <p>La machine de formation et de coupe du caramel d'arachide sert d'\u00e9quipement principal pour la fabrication de bonbons aux arachides, caramel d'arachide, bonbons au s\u00e9same et diverses barres de grains. Int\u00e9grant des fonctions de formation et de coupe de blocs, elle convient aux petites et moyennes unit\u00e9s de transformation alimentaire et aux ateliers artisanaux.<\/p>    <p>Featuring a semi-automatic design, this line ensures uniform product appearance and consistent dimensions while significantly reducing manual labor intensity. Its compact structure and flexible operation deliver an output of 150\u2013300 kg\/h, meeting customers&#8217; practical production needsacross different scales.<\/p>    <figure class=\"wp-block-embed aligncenter is-type-video is-provider-youtube wp-block-embed-youtube wp-embed-aspect-16-9 wp-has-aspect-ratio\"><div class=\"wp-block-embed__wrapper\"> <iframe loading=\"lazy\" title=\"Semi-Automatic Peanut Candy Production Line | Efficient &amp; Reliable Sweet Making#peanutbrittle\" width=\"500\" height=\"281\" src=\"https:\/\/www.youtube.com\/embed\/5cDzhiBWwJk?feature=oembed\" frameborder=\"0\" allow=\"accelerometer; autoplay; clipboard-write; encrypted-media; gyroscope; picture-in-picture; web-share\" referrerpolicy=\"strict-origin-when-cross-origin\" allowfullscreen><\/iframe> <\/div><figcaption class=\"wp-element-caption\">Vid\u00e9o de fonctionnement de la ligne semi-automatique de traitement de barres de c\u00e9r\u00e9ales aux arachides<\/figcaption><\/figure>    <h2 class=\"wp-block-heading\">Composition de l'\u00e9quipement et champ d'application<\/h2>    <p>Cette machine semi-automatique de formation et de coupe du caramel d'arachide se compose principalement des deux composants suivants :<\/p>    <ul class=\"wp-block-list\"> <li>Machine de formation de blocs de bonbons aux arachides (presse \u00e0 un seul rouleau reciprocant)<\/li>    <li>Machine de coupe transversale avec d\u00e9charge automatique<\/li> <\/ul>    <p class=\"translation-block\"><strong>L'\u00e9quipement complet est largement applicable pour :<\/strong><\/p>    <p>Formation et coupe de divers aliments, y compris bonbons aux arachides, caramel d'arachide, bonbons au s\u00e9same, biscuits sacha, bonbons de riz souffl\u00e9, barres \u00e9nerg\u00e9tiques de grains, bonbons aux graines de tournesol, bonbons de grains souffl\u00e9s, etc.<\/p>   <div class=\"wp-block-image\"> <figure class=\"aligncenter size-full\"><img loading=\"lazy\" decoding=\"async\" width=\"720\" height=\"540\" src=\"https:\/\/www.peanuts-machine.com\/wp-content\/uploads\/2023\/05\/cereal-bar-production.webp\" alt=\"Production de barres de c\u00e9r\u00e9ales\" class=\"wp-image-1138\" title=\"\" srcset=\"https:\/\/www.peanuts-machine.com\/wp-content\/uploads\/2023\/05\/cereal-bar-production.webp 720w, https:\/\/www.peanuts-machine.com\/wp-content\/uploads\/2023\/05\/cereal-bar-production-300x225.webp 300w, https:\/\/www.peanuts-machine.com\/wp-content\/uploads\/2023\/05\/cereal-bar-production-16x12.webp 16w\" sizes=\"auto, (max-width: 720px) 100vw, 720px\" \/><figcaption class=\"wp-element-caption\">Production de barres de c\u00e9r\u00e9ales<\/figcaption><\/figure> <\/div>   <h2 class=\"wp-block-heading\">Caract\u00e9ristiques de la machine de formation et de coupe du caramel d'arachide<\/h2>    <ul class=\"wp-block-list\"> <li>Contr\u00f4le efficace des co\u00fbts d'investissement en \u00e9quipement, adapt\u00e9 \u00e0 une production de petite \u00e0 moyenne \u00e9chelle.<\/li>    <li>Les composants de contact cl\u00e9s utilisent de l'acier inoxydable SUS304\/201 de qualit\u00e9 alimentaire, offrant r\u00e9sistance \u00e0 la corrosion et facilit\u00e9 de nettoyage.<\/li>    <li>L'\u00e9paisseur du bloc, la largeur et les dimensions de coupe sont ajustables pour r\u00e9pondre aux sp\u00e9cifications diverses des produits en fonction des exigences du client.<\/li>    <li>Lames en alliage de haute qualit\u00e9 et rouleaux de pression anti-adh\u00e9rence minimisent l'adh\u00e9rence et prolongent la dur\u00e9e de vie.<\/li>    <li>Le contr\u00f4le manuel avec assistance m\u00e9canique garantit un faible taux de d\u00e9faillance. La surface compacte facilite l'agencement flexible de l'atelier.<\/li> <\/ul>    <figure class=\"wp-block-gallery has-nested-images columns-default is-cropped wp-block-gallery-2 is-layout-flex wp-block-gallery-is-layout-flex\"> <figure class=\"wp-block-image size-large\"><img loading=\"lazy\" decoding=\"async\" width=\"720\" height=\"540\" data-id=\"1139\" src=\"https:\/\/www.peanuts-machine.com\/wp-content\/uploads\/2023\/05\/peanut-brittle-forming-and-cutting-machine-2.webp\" alt=\"machine de formage et de d\u00e9coupe de cassants d&#039;arachide\" class=\"wp-image-1139\" title=\"\" srcset=\"https:\/\/www.peanuts-machine.com\/wp-content\/uploads\/2023\/05\/peanut-brittle-forming-and-cutting-machine-2.webp 720w, https:\/\/www.peanuts-machine.com\/wp-content\/uploads\/2023\/05\/peanut-brittle-forming-and-cutting-machine-2-300x225.webp 300w, https:\/\/www.peanuts-machine.com\/wp-content\/uploads\/2023\/05\/peanut-brittle-forming-and-cutting-machine-2-16x12.webp 16w\" sizes=\"auto, (max-width: 720px) 100vw, 720px\" \/><figcaption class=\"wp-element-caption\">machine de formage et de d\u00e9coupe de cassants d'arachide<\/figcaption><\/figure>    <figure class=\"wp-block-image size-large\"><img loading=\"lazy\" decoding=\"async\" width=\"720\" height=\"540\" data-id=\"1140\" src=\"https:\/\/www.peanuts-machine.com\/wp-content\/uploads\/2023\/05\/semi-automatic-peanut-candy-production-line.webp\" alt=\"Ligne de production semi-automatique de bonbons aux arachides\" class=\"wp-image-1140\" title=\"\" srcset=\"https:\/\/www.peanuts-machine.com\/wp-content\/uploads\/2023\/05\/semi-automatic-peanut-candy-production-line.webp 720w, https:\/\/www.peanuts-machine.com\/wp-content\/uploads\/2023\/05\/semi-automatic-peanut-candy-production-line-300x225.webp 300w, https:\/\/www.peanuts-machine.com\/wp-content\/uploads\/2023\/05\/semi-automatic-peanut-candy-production-line-16x12.webp 16w\" sizes=\"auto, (max-width: 720px) 100vw, 720px\" \/><figcaption class=\"wp-element-caption\">Ligne de production semi-automatique de bonbons aux arachides<\/figcaption><\/figure> <\/figure>    <h2 class=\"wp-block-heading\">Principe de fonctionnement de la machine de formation de barre de c\u00e9r\u00e9ales aux arachides<\/h2>    <p>La machine semi-automatique de formation et de coupe du caramel d'arachide se compose principalement d'un syst\u00e8me de compression, d'un syst\u00e8me de refroidissement et d'un syst\u00e8me de coupe, offrant un processus global clair et efficace.<\/p>    <ol class=\"wp-block-list\"> <li>Tout d'abord, le sirop pr\u00e9-m\u00e9lang\u00e9 et les arachides (ou autres ingr\u00e9dients) sont manuellement introduits dans la machine de formation de blocs. L'\u00e9quipement compacte et fa\u00e7onne la mati\u00e8re \u00e0 l'aide de rouleaux reciprocants, formant des blocs de bonbons d'une \u00e9paisseur uniforme.<\/li>    <li>Ensuite, les blocs de sucre se solidifient progressivement lors du transport et du refroidissement naturel avant d'entrer dans la zone de coupe. La coupe utilise un alimentage intermittent, avec des lames simples ou crois\u00e9es pour trancher rapidement les blocs en produits finis de dimensions sp\u00e9cifi\u00e9es.<\/li> <\/ol>    <p>En ajustant les param\u00e8tres du moule et de la lame, la production de bonbons aux arachides de diff\u00e9rentes tailles et formes peut \u00eatre r\u00e9alis\u00e9e de mani\u00e8re flexible.<\/p>    <figure class=\"wp-block-gallery has-nested-images columns-default is-cropped wp-block-gallery-3 is-layout-flex wp-block-gallery-is-layout-flex\"> <figure class=\"wp-block-image size-large\"><img loading=\"lazy\" decoding=\"async\" width=\"720\" height=\"540\" data-id=\"1141\" src=\"https:\/\/www.peanuts-machine.com\/wp-content\/uploads\/2023\/05\/peanut-bar-molding-die.webp\" alt=\"Moule de moulage de barre d&#039;arachide\" class=\"wp-image-1141\" title=\"\" srcset=\"https:\/\/www.peanuts-machine.com\/wp-content\/uploads\/2023\/05\/peanut-bar-molding-die.webp 720w, https:\/\/www.peanuts-machine.com\/wp-content\/uploads\/2023\/05\/peanut-bar-molding-die-300x225.webp 300w, https:\/\/www.peanuts-machine.com\/wp-content\/uploads\/2023\/05\/peanut-bar-molding-die-16x12.webp 16w\" sizes=\"auto, (max-width: 720px) 100vw, 720px\" \/><figcaption class=\"wp-element-caption\">Moule de moulage de barre d'arachide<\/figcaption><\/figure>    <figure class=\"wp-block-image size-large\"><img loading=\"lazy\" decoding=\"async\" width=\"720\" height=\"540\" data-id=\"1142\" src=\"https:\/\/www.peanuts-machine.com\/wp-content\/uploads\/2023\/05\/peanut-candy-cutting-tools.webp\" alt=\"Outils de coupe pour bonbons aux arachides\" class=\"wp-image-1142\" title=\"\" srcset=\"https:\/\/www.peanuts-machine.com\/wp-content\/uploads\/2023\/05\/peanut-candy-cutting-tools.webp 720w, https:\/\/www.peanuts-machine.com\/wp-content\/uploads\/2023\/05\/peanut-candy-cutting-tools-300x225.webp 300w, https:\/\/www.peanuts-machine.com\/wp-content\/uploads\/2023\/05\/peanut-candy-cutting-tools-16x12.webp 16w\" sizes=\"auto, (max-width: 720px) 100vw, 720px\" \/><figcaption class=\"wp-element-caption\">Outils de coupe pour bonbons aux arachides<\/figcaption><\/figure> <\/figure>    <h2 class=\"wp-block-heading\">Param\u00e8tres des machines \u00e0 fabriquer des bonbons aux arachides<\/h2>    <h3 class=\"wp-block-heading\">Machine de flattening et de formation du caramel d'arachide<\/h3>    <figure class=\"wp-block-table is-style-stripes\"><table class=\"has-fixed-layout\"><tbody><tr><td><strong>Article<\/strong><\/td><td><strong>Sp\u00e9cification<\/strong><\/td><\/tr><tr><td>Tension<\/td><td>380V<\/td><\/tr><tr><td>Pouvoir<\/td><td>1,5 KW<\/td><\/tr><tr><td>Capacit\u00e9<\/td><td>150\u2013300 KG\/H<\/td><\/tr><tr><td>Dimensions<\/td><td>1600 \u00d7 800 \u00d7 1300 mm<\/td><\/tr><tr><td>Application<\/td><td>Formation de caramel \/ bonbons aux arachides<\/td><\/tr><tr><td>Type de d\u00e9charge<\/td><td>D\u00e9charge automatique<\/td><\/tr><tr><td>Personnalisation<\/td><td>Non<\/td><\/tr><\/tbody><\/table><figcaption class=\"wp-element-caption\">Donn\u00e9es techniques de la machine de formation de bonbons aux arachides<\/figcaption><\/figure>    <figure class=\"wp-block-gallery has-nested-images columns-default is-cropped wp-block-gallery-4 is-layout-flex wp-block-gallery-is-layout-flex\"> <figure class=\"wp-block-image size-large\"><img loading=\"lazy\" decoding=\"async\" width=\"720\" height=\"540\" data-id=\"1143\" src=\"https:\/\/www.peanuts-machine.com\/wp-content\/uploads\/2023\/05\/peanut-brittle-forming-machine.webp\" alt=\"Machine de formation du caramel d&#039;arachide\" class=\"wp-image-1143\" title=\"\" srcset=\"https:\/\/www.peanuts-machine.com\/wp-content\/uploads\/2023\/05\/peanut-brittle-forming-machine.webp 720w, https:\/\/www.peanuts-machine.com\/wp-content\/uploads\/2023\/05\/peanut-brittle-forming-machine-300x225.webp 300w, https:\/\/www.peanuts-machine.com\/wp-content\/uploads\/2023\/05\/peanut-brittle-forming-machine-16x12.webp 16w\" sizes=\"auto, (max-width: 720px) 100vw, 720px\" \/><figcaption class=\"wp-element-caption\">Machine de formation du caramel d'arachide<\/figcaption><\/figure>    <figure class=\"wp-block-image size-large\"><img loading=\"lazy\" decoding=\"async\" width=\"720\" height=\"540\" data-id=\"1144\" src=\"https:\/\/www.peanuts-machine.com\/wp-content\/uploads\/2023\/05\/peanut-candy-pressing-machine.webp\" alt=\"Machine de pressage de bonbons aux arachides\" class=\"wp-image-1144\" title=\"\" srcset=\"https:\/\/www.peanuts-machine.com\/wp-content\/uploads\/2023\/05\/peanut-candy-pressing-machine.webp 720w, https:\/\/www.peanuts-machine.com\/wp-content\/uploads\/2023\/05\/peanut-candy-pressing-machine-300x225.webp 300w, https:\/\/www.peanuts-machine.com\/wp-content\/uploads\/2023\/05\/peanut-candy-pressing-machine-16x12.webp 16w\" sizes=\"auto, (max-width: 720px) 100vw, 720px\" \/><figcaption class=\"wp-element-caption\">Machine de pressage de bonbons aux arachides<\/figcaption><\/figure> <\/figure>    <h3 class=\"wp-block-heading\">Machine de coupe du caramel d'arachide<\/h3>    <figure class=\"wp-block-table is-style-stripes\"><table class=\"has-fixed-layout\"><tbody><tr><td><strong>Article<\/strong><\/td><td><strong>Sp\u00e9cification<\/strong><\/td><\/tr><tr><td>Mod\u00e8le<\/td><td>QY-QKJ<\/td><\/tr><tr><td>Tension<\/td><td>380V \/ 220V<\/td><\/tr><tr><td>Pouvoir<\/td><td>2 \u00d7 1,5 KW<\/td><\/tr><tr><td>Capacit\u00e9<\/td><td>50\u2013100 KG\/H<\/td><\/tr><tr><td>Dimensions<\/td><td>1810 \u00d7 1680 \u00d7 1120 mm<\/td><\/tr><tr><td>Poids net<\/td><td>380 KG<\/td><\/tr><tr><td>Application<\/td><td>D\u00e9coupe alimentaire<\/td><\/tr><tr><td>Type de d\u00e9charge<\/td><td>D\u00e9charge par le haut du convoyeur<\/td><\/tr><tr><td>Personnalisation<\/td><td>Oui<\/td><\/tr><\/tbody><\/table><figcaption class=\"wp-element-caption\">Param\u00e8tres techniques de la machine de coupe du caramel d'arachide<\/figcaption><\/figure>    <figure class=\"wp-block-gallery has-nested-images columns-default is-cropped wp-block-gallery-5 is-layout-flex wp-block-gallery-is-layout-flex\"> <figure class=\"wp-block-image size-large\"><img loading=\"lazy\" decoding=\"async\" width=\"720\" height=\"540\" data-id=\"1145\" src=\"https:\/\/www.peanuts-machine.com\/wp-content\/uploads\/2023\/05\/cereal-bar-cutting-machine.webp\" alt=\"machine de d\u00e9coupe de barres de c\u00e9r\u00e9ales\" class=\"wp-image-1145\" title=\"\" srcset=\"https:\/\/www.peanuts-machine.com\/wp-content\/uploads\/2023\/05\/cereal-bar-cutting-machine.webp 720w, https:\/\/www.peanuts-machine.com\/wp-content\/uploads\/2023\/05\/cereal-bar-cutting-machine-300x225.webp 300w, https:\/\/www.peanuts-machine.com\/wp-content\/uploads\/2023\/05\/cereal-bar-cutting-machine-16x12.webp 16w\" sizes=\"auto, (max-width: 720px) 100vw, 720px\" \/><figcaption class=\"wp-element-caption\">machine de d\u00e9coupe de barres de c\u00e9r\u00e9ales<\/figcaption><\/figure>    <figure class=\"wp-block-image size-large\"><img loading=\"lazy\" decoding=\"async\" width=\"720\" height=\"540\" data-id=\"1146\" src=\"https:\/\/www.peanuts-machine.com\/wp-content\/uploads\/2023\/05\/peanut-brittle-cutting-machine.webp\" alt=\"Machine de coupe du caramel d&#039;arachide\" class=\"wp-image-1146\" title=\"\" srcset=\"https:\/\/www.peanuts-machine.com\/wp-content\/uploads\/2023\/05\/peanut-brittle-cutting-machine.webp 720w, https:\/\/www.peanuts-machine.com\/wp-content\/uploads\/2023\/05\/peanut-brittle-cutting-machine-300x225.webp 300w, https:\/\/www.peanuts-machine.com\/wp-content\/uploads\/2023\/05\/peanut-brittle-cutting-machine-16x12.webp 16w\" sizes=\"auto, (max-width: 720px) 100vw, 720px\" \/><figcaption class=\"wp-element-caption\">Machine de coupe du caramel d'arachide<\/figcaption><\/figure> <\/figure>    <h2 class=\"wp-block-heading\">Comment est fabriqu\u00e9 le cassant aux cacahu\u00e8tes ?<\/h2>    <p>Le caramel d'arachide est produit \u00e0 travers une ligne de traitement compl\u00e8te plut\u00f4t qu'une seule machine. En plus de la machine de formation et de coupe du caramel d'arachide, le processus de production comprend \u00e9galement une machine de torr\u00e9faction des arachides, une machine d'\u00e9pluchage des arachides, une marmite \u00e0 double paroi, un m\u00e9langeur de bonbons aux arachides et une machine d'emballage.<\/p>    <ol class=\"wp-block-list\"> <li>Tout d'abord, les arachides crues sont torr\u00e9fi\u00e9es et \u00e9pluch\u00e9es, tandis que le sirop est bouilli dans la marmite \u00e0 double paroi.<\/li>    <li>Les arachides \u00e9pluch\u00e9es sont ensuite vers\u00e9es dans le sirop et bien m\u00e9lang\u00e9es.<\/li>    <li>Ensuite, le m\u00e9lange d'arachides et de sirop est transf\u00e9r\u00e9 \u00e0 la machine de formation et de coupe du bonbon aux arachides pour l'aplatir, le modeler et le couper.<\/li>    <li>Apr\u00e8s refroidissement, le caramel d'arachide fini peut \u00eatre emball\u00e9 et pr\u00e9par\u00e9 \u00e0 la vente.<\/li> <\/ol>    <p class=\"translation-block\">Pour les clients ayant des besoins de capacit\u00e9 plus \u00e9lev\u00e9s et souhaitant r\u00e9duire la main-d'\u0153uvre, une <strong><em><a href=\"https:\/\/www.peanuts-machine.com\/fr\/product\/peanut-cereal-bar-production-line\/\">ligne de production automatique compl\u00e8te de caramel d'arachide<\/a><\/em><\/strong> est \u00e9galement disponible, offrant une production continue et une efficacit\u00e9 accrue.<\/p>   <div class=\"wp-block-image\"> <figure class=\"aligncenter size-full\"><img loading=\"lazy\" decoding=\"async\" width=\"720\" height=\"540\" src=\"https:\/\/www.peanuts-machine.com\/wp-content\/uploads\/2023\/05\/peanut-candy-production-line-1.webp\" alt=\"ligne de production de bonbons aux arachides\" class=\"wp-image-372\" title=\"\" srcset=\"https:\/\/www.peanuts-machine.com\/wp-content\/uploads\/2023\/05\/peanut-candy-production-line-1.webp 720w, https:\/\/www.peanuts-machine.com\/wp-content\/uploads\/2023\/05\/peanut-candy-production-line-1-300x225.webp 300w\" sizes=\"auto, (max-width: 720px) 100vw, 720px\" \/><figcaption class=\"wp-element-caption\">Ligne de production automatique de bonbons aux arachides<\/figcaption><\/figure> <\/div>   <h2 class=\"wp-block-heading\">Contactez-nous<\/h2>    <p>Avez-vous besoin d'une machine de formation et de coupe du caramel d'arachide, d'une machine de formation de barres de c\u00e9r\u00e9ales ou d'une ligne de barres de c\u00e9r\u00e9ales ? Si vous \u00eates int\u00e9ress\u00e9, n'h\u00e9sitez pas \u00e0 nous contacter, et nous vous r\u00e9pondrons d\u00e8s que possible.<\/p>","protected":false},"excerpt":{"rendered":"<p>La machine semi-automatique de formation et de d\u00e9coupe de caramel aux arachides int\u00e8gre des fonctions de pressage, de moulage et de d\u00e9coupe, permettant la production de bonbons aux arachides, de bonbons au s\u00e9same et de diverses confiseries \u00e0 base de grains.<\/p>","protected":false},"author":1,"featured_media":366,"parent":0,"template":"","tags":[44],"product-type":[3],"class_list":["post-365","product","type-product","status-publish","has-post-thumbnail","hentry","tag-peanut-brittle","product-type-peanut-processing-lines"],"_links":{"self":[{"href":"https:\/\/www.peanuts-machine.com\/fr\/wp-json\/wp\/v2\/product\/365","targetHints":{"allow":["GET"]}}],"collection":[{"href":"https:\/\/www.peanuts-machine.com\/fr\/wp-json\/wp\/v2\/product"}],"about":[{"href":"https:\/\/www.peanuts-machine.com\/fr\/wp-json\/wp\/v2\/types\/product"}],"author":[{"embeddable":true,"href":"https:\/\/www.peanuts-machine.com\/fr\/wp-json\/wp\/v2\/users\/1"}],"wp:featuredmedia":[{"embeddable":true,"href":"https:\/\/www.peanuts-machine.com\/fr\/wp-json\/wp\/v2\/media\/366"}],"wp:attachment":[{"href":"https:\/\/www.peanuts-machine.com\/fr\/wp-json\/wp\/v2\/media?parent=365"}],"wp:term":[{"taxonomy":"post_tag","embeddable":true,"href":"https:\/\/www.peanuts-machine.com\/fr\/wp-json\/wp\/v2\/tags?post=365"},{"taxonomy":"product-type","embeddable":true,"href":"https:\/\/www.peanuts-machine.com\/fr\/wp-json\/wp\/v2\/product-type?post=365"}],"curies":[{"name":"wp","href":"https:\/\/api.w.org\/{rel}","templated":true}]}}