{"id":47,"date":"2022-08-09T07:33:37","date_gmt":"2022-08-09T07:33:37","guid":{"rendered":"https:\/\/www.peanuts-machine.com\/?post_type=product&#038;p=47"},"modified":"2026-03-23T16:06:37","modified_gmt":"2026-03-23T08:06:37","slug":"peanut-butter-production-line","status":"publish","type":"product","link":"https:\/\/www.peanuts-machine.com\/fr\/product\/peanut-butter-production-line\/","title":{"rendered":"Ligne de production de beurre d'arachide de 500-2000Kg\/h | Ligne industrielle de beurre de noix"},"content":{"rendered":"<div class=\"kk-star-ratings kksr-auto kksr-align-left kksr-valign-top\"     data-payload='{&quot;align&quot;:&quot;left&quot;,&quot;id&quot;:&quot;47&quot;,&quot;slug&quot;:&quot;default&quot;,&quot;valign&quot;:&quot;top&quot;,&quot;ignore&quot;:&quot;&quot;,&quot;reference&quot;:&quot;auto&quot;,&quot;class&quot;:&quot;&quot;,&quot;count&quot;:&quot;21&quot;,&quot;legendonly&quot;:&quot;&quot;,&quot;readonly&quot;:&quot;&quot;,&quot;score&quot;:&quot;4.7&quot;,&quot;starsonly&quot;:&quot;&quot;,&quot;best&quot;:&quot;5&quot;,&quot;gap&quot;:&quot;5&quot;,&quot;greet&quot;:&quot;Rate this product&quot;,&quot;legend&quot;:&quot;4.7\\\/5 - (21 votes)&quot;,&quot;size&quot;:&quot;24&quot;,&quot;title&quot;:&quot;500-2000Kg\\\/h Peanut Butter Production Line | Industrial Nut Butter Line&quot;,&quot;width&quot;:&quot;133.8&quot;,&quot;_legend&quot;:&quot;{score}\\\/{best} - ({count} {votes})&quot;,&quot;font_factor&quot;:&quot;1.25&quot;}'>              <div class=\"kksr-stars\">      <div class=\"kksr-stars-inactive\">             <div class=\"kksr-star\" data-star=\"1\" style=\"padding-right: 5px\">               <div class=\"kksr-icon\" style=\"width: 24px; height: 24px;\"><\/div>         <\/div>             <div class=\"kksr-star\" data-star=\"2\" style=\"padding-right: 5px\">               <div class=\"kksr-icon\" style=\"width: 24px; height: 24px;\"><\/div>         <\/div>             <div class=\"kksr-star\" data-star=\"3\" style=\"padding-right: 5px\">               <div class=\"kksr-icon\" style=\"width: 24px; height: 24px;\"><\/div>         <\/div>             <div class=\"kksr-star\" data-star=\"4\" style=\"padding-right: 5px\">               <div class=\"kksr-icon\" style=\"width: 24px; height: 24px;\"><\/div>         <\/div>             <div class=\"kksr-star\" data-star=\"5\" style=\"padding-right: 5px\">               <div class=\"kksr-icon\" style=\"width: 24px; height: 24px;\"><\/div>         <\/div>     <\/div>      <div class=\"kksr-stars-active\" style=\"width: 133.8px;\">             <div class=\"kksr-star\" style=\"padding-right: 5px\">               <div class=\"kksr-icon\" style=\"width: 24px; height: 24px;\"><\/div>         <\/div>             <div class=\"kksr-star\" style=\"padding-right: 5px\">               <div class=\"kksr-icon\" style=\"width: 24px; height: 24px;\"><\/div>         <\/div>             <div class=\"kksr-star\" style=\"padding-right: 5px\">               <div class=\"kksr-icon\" style=\"width: 24px; height: 24px;\"><\/div>         <\/div>             <div class=\"kksr-star\" style=\"padding-right: 5px\">               <div class=\"kksr-icon\" style=\"width: 24px; height: 24px;\"><\/div>         <\/div>             <div class=\"kksr-star\" style=\"padding-right: 5px\">               <div class=\"kksr-icon\" style=\"width: 24px; height: 24px;\"><\/div>         <\/div>     <\/div> <\/div>                   <div class=\"kksr-legend\" style=\"font-size: 19.2px;\">             4,7\/5 - (21 votes)    <\/div>     <\/div>  <p>The peanut butter production line is a specialized, fully automated processing system designed for the efficient production of various types of peanut butter. Taizy&#8217;s nut butter processing line offers multiple capacity options tailored to customer needs, ranging from 500 kg\/h to 2,000 kg\/h, accommodating production scales from small workshops to large-scale factories.<\/p>    <p>Lors de la production, des cacahu\u00e8tes soigneusement s\u00e9lectionn\u00e9es subissent des processus tels que la torr\u00e9faction \u00e0 haute temp\u00e9rature, le d\u00e9corticage et le broyage pour produire du beurre de cacahu\u00e8te de haute qualit\u00e9. Qu'il s'agisse de beurre de cacahu\u00e8te traditionnel lisse ou de beurre de cacahu\u00e8te avec des morceaux de noix ajout\u00e9s, le syst\u00e8me peut r\u00e9aliser un traitement de haute qualit\u00e9 en toute simplicit\u00e9.<\/p>    <figure class=\"wp-block-embed aligncenter is-type-video is-provider-youtube wp-block-embed-youtube wp-embed-aspect-16-9 wp-has-aspect-ratio\"><div class=\"wp-block-embed__wrapper\"> <iframe loading=\"lazy\" title=\"Des cacahu\u00e8tes \u00e0 la perfection | Ligne de production de beurre de cacahu\u00e8te en action \ud83e\udd5c\u2728#beurredecacahu\u00e8te\" width=\"500\" height=\"281\" src=\"https:\/\/www.youtube.com\/embed\/hpgksLfMthQ?feature=oembed\" frameborder=\"0\" allow=\"accelerometer; autoplay; clipboard-write; encrypted-media; gyroscope; picture-in-picture; web-share\" referrerpolicy=\"strict-origin-when-cross-origin\" allowfullscreen><\/iframe> <\/div><figcaption class=\"wp-element-caption\">Vid\u00e9o de fonctionnement de la ligne de production de beurre de cacahu\u00e8te dans l'usine<\/figcaption><\/figure>    <p>L'ensemble de la ligne de production est hautement m\u00e9canis\u00e9 et fonctionne dans un syst\u00e8me enti\u00e8rement ferm\u00e9, offrant une op\u00e9ration simple, un fonctionnement fluide, de faibles niveaux de bruit, une r\u00e9sistance \u00e0 la corrosion et une facilit\u00e9 de maintenance. Cela garantit une qualit\u00e9 de produit constante et l'a rend tr\u00e8s populaire tant sur les march\u00e9s nationaux qu'internationaux.<\/p>   <div class=\"wp-block-image\"> <figure class=\"aligncenter size-full\"><img loading=\"lazy\" decoding=\"async\" width=\"1024\" height=\"576\" src=\"https:\/\/www.peanuts-machine.com\/wp-content\/uploads\/2022\/08\/automatic-peanut-butter-processing-line.webp\" alt=\"ligne de traitement automatique du beurre de cacahu\u00e8te\" class=\"wp-image-51\" title=\"\" srcset=\"https:\/\/www.peanuts-machine.com\/wp-content\/uploads\/2022\/08\/automatic-peanut-butter-processing-line.webp 1024w, https:\/\/www.peanuts-machine.com\/wp-content\/uploads\/2022\/08\/automatic-peanut-butter-processing-line-300x169.webp 300w, https:\/\/www.peanuts-machine.com\/wp-content\/uploads\/2022\/08\/automatic-peanut-butter-processing-line-768x432.webp 768w\" sizes=\"auto, (max-width: 1024px) 100vw, 1024px\" \/><figcaption class=\"wp-element-caption\">ligne de traitement automatique du beurre de cacahu\u00e8te<\/figcaption><\/figure> <\/div>   <h2 class=\"wp-block-heading\">Quelles sont les applications du beurre de cacahu\u00e8te ?<\/h2>    <p>Le beurre de cacahu\u00e8te est un condiment ador\u00e9 dans le monde entier qui peut \u00eatre utilis\u00e9 dans des plats sucr\u00e9s et sal\u00e9s, et est largement utilis\u00e9 dans une vari\u00e9t\u00e9 d'aliments :<\/p>    <ul class=\"wp-block-list\"> <li>Aliments de style occidental : utilis\u00e9 dans les cr\u00eapes, les sandwiches, les cookies au go\u00fbt de cacahu\u00e8te, les p\u00e2tisseries cuites, les bonbons, les c\u00e9r\u00e9ales pour le petit d\u00e9jeuner et la glace, etc.<\/li>    <li>Aliments de style chinois : utilis\u00e9 dans les nouilles saut\u00e9es, les nouilles s\u00e8ches chaudes, les nouilles saut\u00e9es, les sauces pour fondue, les petits pains cuits \u00e0 la vapeur et comme assaisonnement pour les plats saut\u00e9s.<\/li>    <li>Autres utilisations : peut \u00eatre utilis\u00e9 comme garniture ou tartinade pour des g\u00e2teaux, du pain, des petits pains, des desserts, et plus encore.<\/li> <\/ul>   <div class=\"wp-block-image\"> <figure class=\"aligncenter size-full\"><img loading=\"lazy\" decoding=\"async\" width=\"720\" height=\"540\" src=\"https:\/\/www.peanuts-machine.com\/wp-content\/uploads\/2022\/08\/peanut-butter.webp\" alt=\"beurre d&#039;arachide\" class=\"wp-image-54\" title=\"\" srcset=\"https:\/\/www.peanuts-machine.com\/wp-content\/uploads\/2022\/08\/peanut-butter.webp 720w, https:\/\/www.peanuts-machine.com\/wp-content\/uploads\/2022\/08\/peanut-butter-300x225.webp 300w\" sizes=\"auto, (max-width: 720px) 100vw, 720px\" \/><figcaption class=\"wp-element-caption\">beurre d'arachide<\/figcaption><\/figure> <\/div>   <h2 class=\"wp-block-heading\">Caract\u00e9ristiques de la ligne de production automatique de beurre de cacahu\u00e8te<\/h2>    <ul class=\"wp-block-list\"> <li>Couvrant l'ensemble du processus du r\u00f4tissage, du pelage, du concassage, du broyage, jusqu'\u00e0 l'emballage, r\u00e9duisant consid\u00e9rablement les co\u00fbts de main-d'\u0153uvre.<\/li>    <li>Enti\u00e8rement construit en acier inoxydable r\u00e9sistant \u00e0 la corrosion, garantissant un fonctionnement fluide, une longue dur\u00e9e de vie et un design enti\u00e8rement ferm\u00e9 pour pr\u00e9venir la contamination.<\/li>    <li>Des broyeurs grossiers et fins optimis\u00e9s garantissent une texture de beurre de cacahu\u00e8te lisse et cr\u00e9meuse.<\/li>    <li>Dispose d'une interface \u00e0 \u00e9cran tactile pour des op\u00e9rations automatis\u00e9es, facilitant son utilisation et sa gestion.<\/li>    <li>Peut produire du beurre de cacahu\u00e8te lisse, croquant, sucr\u00e9 ou sal\u00e9, et est \u00e9galement adapt\u00e9 pour la p\u00e2te de s\u00e9same, la p\u00e2te d'amande et d'autres produits.<\/li>    <li>Peut \u00eatre personnalis\u00e9 pour r\u00e9pondre aux exigences des clients en mati\u00e8re de capacit\u00e9 de production et de configuration, adapt\u00e9 aux usines de diff\u00e9rentes \u00e9chelles.<\/li>    <li>Certifi\u00e9 CE, conforme aux normes internationales de s\u00e9curit\u00e9 et de qualit\u00e9, garantissant la fiabilit\u00e9 du produit.<\/li> <\/ul>   <div class=\"wp-block-image\"> <figure class=\"aligncenter size-full\"><img loading=\"lazy\" decoding=\"async\" width=\"720\" height=\"540\" src=\"https:\/\/www.peanuts-machine.com\/wp-content\/uploads\/2022\/08\/peanut-butter-production-line-1.webp\" alt=\"ligne de production de beurre de cacahu\u00e8te\" class=\"wp-image-794\" title=\"\" srcset=\"https:\/\/www.peanuts-machine.com\/wp-content\/uploads\/2022\/08\/peanut-butter-production-line-1.webp 720w, https:\/\/www.peanuts-machine.com\/wp-content\/uploads\/2022\/08\/peanut-butter-production-line-1-300x225.webp 300w, https:\/\/www.peanuts-machine.com\/wp-content\/uploads\/2022\/08\/peanut-butter-production-line-1-16x12.webp 16w\" sizes=\"auto, (max-width: 720px) 100vw, 720px\" \/><figcaption class=\"wp-element-caption\">ligne de production de beurre de cacahu\u00e8te<\/figcaption><\/figure> <\/div>  <div class=\"wp-block-image\"> <figure class=\"aligncenter size-full\"><img loading=\"lazy\" decoding=\"async\" width=\"720\" height=\"540\" src=\"https:\/\/www.peanuts-machine.com\/wp-content\/uploads\/2022\/08\/automatic-nut-butter-production-line.webp\" alt=\"ligne de production automatique de beurre de noix\" class=\"wp-image-1120\" title=\"\" srcset=\"https:\/\/www.peanuts-machine.com\/wp-content\/uploads\/2022\/08\/automatic-nut-butter-production-line.webp 720w, https:\/\/www.peanuts-machine.com\/wp-content\/uploads\/2022\/08\/automatic-nut-butter-production-line-300x225.webp 300w, https:\/\/www.peanuts-machine.com\/wp-content\/uploads\/2022\/08\/automatic-nut-butter-production-line-16x12.webp 16w\" sizes=\"auto, (max-width: 720px) 100vw, 720px\" \/><figcaption class=\"wp-element-caption\">ligne de production automatique de beurre de noix<\/figcaption><\/figure> <\/div>   <h2 class=\"wp-block-heading\" id=\"h-how-peanut-butter-is-made-in-factories\">Comment le beurre de cacahu\u00e8te est-il fabriqu\u00e9 dans les usines ?<\/h2>    <p>La ligne de production de beurre de cacahu\u00e8te utilise des processus enti\u00e8rement automatis\u00e9s pour atteindre un traitement efficace des mati\u00e8res premi\u00e8res aux produits finis. Les principaux processus incluent :<\/p>    <ol class=\"wp-block-list\"> <li>R\u00f4tissage et refroidissement : le r\u00f4tissage \u00e0 haute temp\u00e9rature am\u00e9liore l'ar\u00f4me des cacahu\u00e8tes, suivi d'un refroidissement rapide via un tapis roulant de refroidissement pour les pr\u00e9parer \u00e0 l'\u00e9cossage.<\/li>    <li>\u00c9cossage et broyage : apr\u00e8s un \u00e9cossage efficace, les cacahu\u00e8tes sont broy\u00e9es en une p\u00e2te lisse.<\/li>    <li>Assaisonnement et d\u00e9gazage : des assaisonnements sont ajout\u00e9s selon la formule pour garantir un go\u00fbt uniforme, tandis que le d\u00e9gazage prolonge la dur\u00e9e de conservation.<\/li>    <li>Emballage : le beurre de cacahu\u00e8te fini est automatiquement rempli dans des bouteilles ou des canettes \u00e0 l'aide d'\u00e9quipements de remplissage automatis\u00e9s, facilitant ainsi la vente.<\/li> <\/ol>    <figure class=\"wp-block-embed aligncenter is-type-video is-provider-youtube wp-block-embed-youtube wp-embed-aspect-16-9 wp-has-aspect-ratio\"><div class=\"wp-block-embed__wrapper\"> <iframe loading=\"lazy\" title=\"Ligne de production de beurre de cacahu\u00e8te \u00e0 grande \u00e9chelle | Machine de fabrication de beurre de cacahu\u00e8te\" width=\"500\" height=\"281\" src=\"https:\/\/www.youtube.com\/embed\/6hxYN-_xMGQ?feature=oembed\" frameborder=\"0\" allow=\"accelerometer; autoplay; clipboard-write; encrypted-media; gyroscope; picture-in-picture; web-share\" referrerpolicy=\"strict-origin-when-cross-origin\" allowfullscreen><\/iframe> <\/div><figcaption class=\"wp-element-caption\">Vid\u00e9o du flux de travail de la ligne de production de beurre de cacahu\u00e8te<\/figcaption><\/figure>    <h2 class=\"wp-block-heading\" id=\"h-peanut-butter-processing-machine-introduction\">Pr\u00e9sentation de la machine de traitement du beurre de cacahu\u00e8te<\/h2>    <ol class=\"wp-block-list\"> <li><strong><em><a href=\"https:\/\/www.peanuts-machine.com\/fr\/product\/continuous-peanut-roasting-oven\/\">Machine \u00e0 r\u00f4tir les cacahu\u00e8tes<\/a><\/em><\/strong>: le contr\u00f4le automatique de la temp\u00e9rature garantit un ar\u00f4me uniforme.<\/li>    <li>Tapis roulant de refroidissement : le refroidissement rapide am\u00e9liore l'efficacit\u00e9 de l'\u00e9cossage ult\u00e9rieur.<\/li>    <li><strong><em><a href=\"https:\/\/www.peanuts-machine.com\/fr\/product\/peanut-peeling-and-splitting-machine\/\">Machine \u00e0 \u00e9plucher les cacahu\u00e8tes<\/a><\/em><\/strong>: taux de pelage allant jusqu'\u00e0 96 %, am\u00e9liorant la qualit\u00e9 du broyage.<\/li>    <li>Machine de broyage du beurre de noix : \u00e9quipement principal capable de produire du beurre de cacahu\u00e8te de haute finesse.<\/li>    <li>Cuve de m\u00e9lange : supporte le m\u00e9lange de divers assaisonnements, avec des saveurs personnalisables.<\/li>    <li>Cuve de d\u00e9gazage : \u00e9limine l'air pour prolonger la dur\u00e9e de conservation du produit.<\/li>    <li><strong><em><a href=\"https:\/\/www.peanuts-machine.com\/fr\/product\/peanut-butter-filling-machine\/\">Machine de remplissage de beurre de noix<\/a><\/em><\/strong>: remplissage et scellage enti\u00e8rement automatiques, am\u00e9liorant l'efficacit\u00e9 de production.<\/li> <\/ol>   <div class=\"wp-block-image\"> <figure class=\"aligncenter size-full\"><img loading=\"lazy\" decoding=\"async\" width=\"720\" height=\"540\" src=\"https:\/\/www.peanuts-machine.com\/wp-content\/uploads\/2022\/08\/continuous-peanut-roasting-machine.webp\" alt=\"Machine \u00e0 torr\u00e9fier les arachides continue\" class=\"wp-image-1122\" title=\"\" srcset=\"https:\/\/www.peanuts-machine.com\/wp-content\/uploads\/2022\/08\/continuous-peanut-roasting-machine.webp 720w, https:\/\/www.peanuts-machine.com\/wp-content\/uploads\/2022\/08\/continuous-peanut-roasting-machine-300x225.webp 300w, https:\/\/www.peanuts-machine.com\/wp-content\/uploads\/2022\/08\/continuous-peanut-roasting-machine-16x12.webp 16w\" sizes=\"auto, (max-width: 720px) 100vw, 720px\" \/><figcaption class=\"wp-element-caption\">Machine \u00e0 torr\u00e9fier les arachides continue<\/figcaption><\/figure> <\/div>  <div class=\"wp-block-image\"> <figure class=\"aligncenter size-full\"><img loading=\"lazy\" decoding=\"async\" width=\"720\" height=\"540\" src=\"https:\/\/www.peanuts-machine.com\/wp-content\/uploads\/2022\/08\/peanut-peeling-and-separating-machine.webp\" alt=\"Machine de pelage et de s\u00e9paration des cacahu\u00e8tes\" class=\"wp-image-1123\" title=\"\" srcset=\"https:\/\/www.peanuts-machine.com\/wp-content\/uploads\/2022\/08\/peanut-peeling-and-separating-machine.webp 720w, https:\/\/www.peanuts-machine.com\/wp-content\/uploads\/2022\/08\/peanut-peeling-and-separating-machine-300x225.webp 300w, https:\/\/www.peanuts-machine.com\/wp-content\/uploads\/2022\/08\/peanut-peeling-and-separating-machine-16x12.webp 16w\" sizes=\"auto, (max-width: 720px) 100vw, 720px\" \/><figcaption class=\"wp-element-caption\">Machine de pelage et de s\u00e9paration des cacahu\u00e8tes<\/figcaption><\/figure> <\/div>  <div class=\"wp-block-image\"> <figure class=\"aligncenter size-full\"><img loading=\"lazy\" decoding=\"async\" width=\"720\" height=\"540\" src=\"https:\/\/www.peanuts-machine.com\/wp-content\/uploads\/2022\/08\/peanut-butter-grinding-machine-1.webp\" alt=\"broyeur de beurre de cacahu\u00e8te\" class=\"wp-image-1119\" title=\"\" srcset=\"https:\/\/www.peanuts-machine.com\/wp-content\/uploads\/2022\/08\/peanut-butter-grinding-machine-1.webp 720w, https:\/\/www.peanuts-machine.com\/wp-content\/uploads\/2022\/08\/peanut-butter-grinding-machine-1-300x225.webp 300w, https:\/\/www.peanuts-machine.com\/wp-content\/uploads\/2022\/08\/peanut-butter-grinding-machine-1-16x12.webp 16w\" sizes=\"auto, (max-width: 720px) 100vw, 720px\" \/><figcaption class=\"wp-element-caption\">broyeur de beurre de cacahu\u00e8te<\/figcaption><\/figure> <\/div>   <h2 class=\"wp-block-heading\" id=\"h-200-kg-h-peanut-butter-production-line-parameters\">Param\u00e8tres de la ligne de production de beurre de cacahu\u00e8te de 200 kg\/h<\/h2>    <figure class=\"wp-block-table is-style-stripes\"><table><tbody><tr><td>Nom<\/td><td>Pouvoir<\/td><td>Taille<\/td><td>Poids<\/td><\/tr><tr><td>Machine \u00e0 r\u00f4tir les cacahu\u00e8tes<\/td><td>130kw<\/td><td>8500*1800*2600mm<\/td><td>3000kg<\/td><\/tr><tr><td>Convoyeur<\/td><td>0,75 kW<\/td><td>900*750*3000mm<\/td><td>260 kg<\/td><\/tr><tr><td>Ceinture de refroidissement<\/td><td>5,6 kW<\/td><td>6000*1200*1600mm<\/td><td>600 kg<\/td><\/tr><tr><td>Machine de pelage de moiti\u00e9 de cacahu\u00e8te<\/td><td>3kw<\/td><td>1900*800*1350mm<\/td><td>500 kg&nbsp;<\/td><\/tr><tr><td>Silo de stockage<\/td><td>0,04kw<\/td><td>1200*1100*3300mm<\/td><td>200kg<\/td><\/tr><tr><td>Moulin Colliod<\/td><td>30*2kw<\/td><td>1400*1250*2000mm<\/td><td>1300kg<\/td><\/tr><tr><td>Cuve de m\u00e9lange<\/td><td>3kw<\/td><td>1000*1000*1900mm(500L)<\/td><td>200kg<\/td><\/tr><tr><td>R\u00e9servoir \u00e0 vide<\/td><td>3 1,5kw<\/td><td>900*900*2500mm(500L)<\/td><td>300 kg<\/td><\/tr><tr><td>R\u00e9servoir de stockage<\/td><td>1,5 kW<\/td><td>900*900*1200mm(500L)<\/td><td>150 kg<\/td><\/tr><\/tbody><\/table><figcaption class=\"wp-element-caption\">Donn\u00e9es techniques de la ligne de production de beurre de cacahu\u00e8te \u00e0 petite \u00e9chelle<\/figcaption><\/figure>   <div class=\"wp-block-image\"> <figure class=\"aligncenter size-full\"><img loading=\"lazy\" decoding=\"async\" width=\"720\" height=\"540\" src=\"https:\/\/www.peanuts-machine.com\/wp-content\/uploads\/2022\/08\/peanut-butter-processing-plant-1.webp\" alt=\"usine de transformation du beurre de cacahu\u00e8te\" class=\"wp-image-1118\" title=\"\" srcset=\"https:\/\/www.peanuts-machine.com\/wp-content\/uploads\/2022\/08\/peanut-butter-processing-plant-1.webp 720w, https:\/\/www.peanuts-machine.com\/wp-content\/uploads\/2022\/08\/peanut-butter-processing-plant-1-300x225.webp 300w, https:\/\/www.peanuts-machine.com\/wp-content\/uploads\/2022\/08\/peanut-butter-processing-plant-1-16x12.webp 16w\" sizes=\"auto, (max-width: 720px) 100vw, 720px\" \/><figcaption class=\"wp-element-caption\">usine de transformation du beurre de cacahu\u00e8te<\/figcaption><\/figure> <\/div>   <h2 class=\"wp-block-heading\" id=\"h-how-to-make-your-own-peanut-butter-in-store\">Comment fabriquer son propre beurre de cacahu\u00e8te en magasin ?<\/h2>    <p class=\"translation-block\">Si vous ouvrez un magasin et souhaitez vendre du beurre de cacahu\u00e8te pour faire du profit, il n'est pas n\u00e9cessaire d'investir dans une grande ligne de production. Tout ce dont vous avez besoin est une <strong><em><a href=\"https:\/\/www.peanuts-machine.com\/fr\/product\/small-peanut-butter-processing-line\/\">petite usine de traitement du beurre de cacahu\u00e8te<\/a><\/em><\/strong>.<\/p>    <ul class=\"wp-block-list\"> <li>Co\u00fbt bas, taille compacte : L'\u00e9quipement est abordable, compact et peu encombrant, ce qui le rend id\u00e9al pour les petits et moyens magasins.<\/li>    <li>Facile \u00e0 utiliser, qualit\u00e9 constante : La machine peut facilement produire un beurre de cacahu\u00e8te lisse et savoureux qui r\u00e9pond aux besoins des ventes en magasin.<\/li>    <li>Op\u00e9rations flexibles : Elle r\u00e9pond non seulement aux besoins d'approvisionnement en produits de votre propre magasin, mais vous permet \u00e9galement d'\u00e9largir les canaux de profit gr\u00e2ce \u00e0 un traitement en petites quantit\u00e9s.<\/li> <\/ul>   <div class=\"wp-block-image\"> <figure class=\"aligncenter size-full\"><img loading=\"lazy\" decoding=\"async\" width=\"720\" height=\"540\" src=\"https:\/\/www.peanuts-machine.com\/wp-content\/uploads\/2022\/08\/nut-butter-processing-plant.webp\" alt=\"usine de traitement de beurre de noix\" class=\"wp-image-795\" title=\"\" srcset=\"https:\/\/www.peanuts-machine.com\/wp-content\/uploads\/2022\/08\/nut-butter-processing-plant.webp 720w, https:\/\/www.peanuts-machine.com\/wp-content\/uploads\/2022\/08\/nut-butter-processing-plant-300x225.webp 300w, https:\/\/www.peanuts-machine.com\/wp-content\/uploads\/2022\/08\/nut-butter-processing-plant-16x12.webp 16w\" sizes=\"auto, (max-width: 720px) 100vw, 720px\" \/><figcaption class=\"wp-element-caption\">usine de traitement de beurre de noix<\/figcaption><\/figure> <\/div>   <h2 class=\"wp-block-heading\" id=\"h-factors-affecting-the-cost-of-a-peanut-butter-processing-plant\">Facteurs influen\u00e7ant le co\u00fbt des usines de traitement du beurre de cacahu\u00e8te<\/h2>    <ul class=\"wp-block-list\"> <li>Emplacement de l'usine : les loyers d'usine et les prix des terrains sont plus \u00e9lev\u00e9s pr\u00e8s du centre-ville, donc choisir un emplacement \u00e9loign\u00e9 de la ville est plus \u00e9conomique.<\/li>    <li>Configuration de la ligne de production : les lignes de production de beurre de cacahu\u00e8te enti\u00e8rement automatis\u00e9es sont tr\u00e8s efficaces mais plus co\u00fbteuses. Lorsque les fonds sont limit\u00e9s, des lignes de production semi-automatis\u00e9es peuvent \u00eatre choisies, n\u00e9cessitant un investissement inf\u00e9rieur.<\/li>    <li>Co\u00fbts de main-d'\u0153uvre : avec l'am\u00e9lioration de l'\u00e9conomie, les co\u00fbts de main-d'\u0153uvre augmentent \u00e9galement, donc les d\u00e9penses de main-d'\u0153uvre sont l'un des facteurs importants influen\u00e7ant les co\u00fbts globaux.<\/li> <\/ul>   <div class=\"wp-block-image\"> <figure class=\"aligncenter size-full\"><img loading=\"lazy\" decoding=\"async\" width=\"720\" height=\"540\" src=\"https:\/\/www.peanuts-machine.com\/wp-content\/uploads\/2022\/08\/commercial-peanut-butter-line.webp\" alt=\"ligne de beurre de cacahu\u00e8te commerciale\" class=\"wp-image-796\" title=\"\" srcset=\"https:\/\/www.peanuts-machine.com\/wp-content\/uploads\/2022\/08\/commercial-peanut-butter-line.webp 720w, https:\/\/www.peanuts-machine.com\/wp-content\/uploads\/2022\/08\/commercial-peanut-butter-line-300x225.webp 300w, https:\/\/www.peanuts-machine.com\/wp-content\/uploads\/2022\/08\/commercial-peanut-butter-line-16x12.webp 16w\" sizes=\"auto, (max-width: 720px) 100vw, 720px\" \/><figcaption class=\"wp-element-caption\">ligne de beurre de cacahu\u00e8te commerciale<\/figcaption><\/figure> <\/div>   <p class=\"translation-block\">En fonction de votre situation financi\u00e8re et de vos besoins de production, choisir la bonne solution est essentiel pour parvenir \u00e0 l'\u00e9quilibre optimal entre investissement et rendement. Taizy offre \u00e0 ses clients une vari\u00e9t\u00e9 d'options, des petites lignes de production semi-automatiques aux grandes lignes enti\u00e8rement automatiques, vous aidant \u00e0 lancer facilement votre activit\u00e9 de transformation de <a href=\"https:\/\/en.wikipedia.org\/wiki\/Peanut_butter\" target=\"_blank\" rel=\"noopener\">beurre d'arachide<\/a>.<\/p>","protected":false},"excerpt":{"rendered":"<p>La ligne de production de beurre de cacahu\u00e8te est personnalisable et peut produire divers types de beurres de noix. Avec une capacit\u00e9 de production de 200 \u00e0 1000 kg\/h, elle est adapt\u00e9e \u00e0 la production dans des usines de diff\u00e9rentes \u00e9chelles.<\/p>","protected":false},"author":1,"featured_media":50,"parent":0,"template":"","tags":[35],"product-type":[3],"class_list":["post-47","product","type-product","status-publish","has-post-thumbnail","hentry","tag-peanut-butter","product-type-peanut-processing-lines"],"_links":{"self":[{"href":"https:\/\/www.peanuts-machine.com\/fr\/wp-json\/wp\/v2\/product\/47","targetHints":{"allow":["GET"]}}],"collection":[{"href":"https:\/\/www.peanuts-machine.com\/fr\/wp-json\/wp\/v2\/product"}],"about":[{"href":"https:\/\/www.peanuts-machine.com\/fr\/wp-json\/wp\/v2\/types\/product"}],"author":[{"embeddable":true,"href":"https:\/\/www.peanuts-machine.com\/fr\/wp-json\/wp\/v2\/users\/1"}],"wp:featuredmedia":[{"embeddable":true,"href":"https:\/\/www.peanuts-machine.com\/fr\/wp-json\/wp\/v2\/media\/50"}],"wp:attachment":[{"href":"https:\/\/www.peanuts-machine.com\/fr\/wp-json\/wp\/v2\/media?parent=47"}],"wp:term":[{"taxonomy":"post_tag","embeddable":true,"href":"https:\/\/www.peanuts-machine.com\/fr\/wp-json\/wp\/v2\/tags?post=47"},{"taxonomy":"product-type","embeddable":true,"href":"https:\/\/www.peanuts-machine.com\/fr\/wp-json\/wp\/v2\/product-type?post=47"}],"curies":[{"name":"wp","href":"https:\/\/api.w.org\/{rel}","templated":true}]}}