{"id":70,"date":"2022-08-09T09:35:58","date_gmt":"2022-08-09T09:35:58","guid":{"rendered":"https:\/\/www.peanuts-machine.com\/?post_type=product&#038;p=70"},"modified":"2026-01-16T11:45:35","modified_gmt":"2026-01-16T03:45:35","slug":"groundnut-sheller","status":"publish","type":"product","link":"https:\/\/www.peanuts-machine.com\/fr\/product\/groundnut-sheller\/","title":{"rendered":"D\u00e9cortiqueur d\u2019arachide | Machine \u00e0 d\u00e9cortiquer les arachides"},"content":{"rendered":"<div class=\"kk-star-ratings kksr-auto kksr-align-left kksr-valign-top\"     data-payload='{&quot;align&quot;:&quot;left&quot;,&quot;id&quot;:&quot;70&quot;,&quot;slug&quot;:&quot;default&quot;,&quot;valign&quot;:&quot;top&quot;,&quot;ignore&quot;:&quot;&quot;,&quot;reference&quot;:&quot;auto&quot;,&quot;class&quot;:&quot;&quot;,&quot;count&quot;:&quot;25&quot;,&quot;legendonly&quot;:&quot;&quot;,&quot;readonly&quot;:&quot;&quot;,&quot;score&quot;:&quot;4.8&quot;,&quot;starsonly&quot;:&quot;&quot;,&quot;best&quot;:&quot;5&quot;,&quot;gap&quot;:&quot;5&quot;,&quot;greet&quot;:&quot;Rate this product&quot;,&quot;legend&quot;:&quot;4.8\\\/5 - (25 votes)&quot;,&quot;size&quot;:&quot;24&quot;,&quot;title&quot;:&quot;Groundnut Sheller | Peanut Shelling Machine&quot;,&quot;width&quot;:&quot;136.7&quot;,&quot;_legend&quot;:&quot;{score}\\\/{best} - ({count} {votes})&quot;,&quot;font_factor&quot;:&quot;1.25&quot;}'>              <div class=\"kksr-stars\">      <div class=\"kksr-stars-inactive\">             <div class=\"kksr-star\" data-star=\"1\" style=\"padding-right: 5px\">               <div class=\"kksr-icon\" style=\"width: 24px; height: 24px;\"><\/div>         <\/div>             <div class=\"kksr-star\" data-star=\"2\" style=\"padding-right: 5px\">               <div class=\"kksr-icon\" style=\"width: 24px; height: 24px;\"><\/div>         <\/div>             <div class=\"kksr-star\" data-star=\"3\" style=\"padding-right: 5px\">               <div class=\"kksr-icon\" style=\"width: 24px; height: 24px;\"><\/div>         <\/div>             <div class=\"kksr-star\" data-star=\"4\" style=\"padding-right: 5px\">               <div class=\"kksr-icon\" style=\"width: 24px; height: 24px;\"><\/div>         <\/div>             <div class=\"kksr-star\" data-star=\"5\" style=\"padding-right: 5px\">               <div class=\"kksr-icon\" style=\"width: 24px; height: 24px;\"><\/div>         <\/div>     <\/div>      <div class=\"kksr-stars-active\" style=\"width: 136.7px;\">             <div class=\"kksr-star\" style=\"padding-right: 5px\">               <div class=\"kksr-icon\" style=\"width: 24px; height: 24px;\"><\/div>         <\/div>             <div class=\"kksr-star\" style=\"padding-right: 5px\">               <div class=\"kksr-icon\" style=\"width: 24px; height: 24px;\"><\/div>         <\/div>             <div class=\"kksr-star\" style=\"padding-right: 5px\">               <div class=\"kksr-icon\" style=\"width: 24px; height: 24px;\"><\/div>         <\/div>             <div class=\"kksr-star\" style=\"padding-right: 5px\">               <div class=\"kksr-icon\" style=\"width: 24px; height: 24px;\"><\/div>         <\/div>             <div class=\"kksr-star\" style=\"padding-right: 5px\">               <div class=\"kksr-icon\" style=\"width: 24px; height: 24px;\"><\/div>         <\/div>     <\/div> <\/div>                   <div class=\"kksr-legend\" style=\"font-size: 19.2px;\">             4,8\/5 - (25 votes)    <\/div>     <\/div>  <p>La d\u00e9cortiqueuse d'arachides est con\u00e7ue pour \u00e9liminer efficacement les coques dures des arachides, produisant ainsi des noyaux d'arachides \u00e0 peau rouge. Il s'adapte \u00e0 diff\u00e9rentes tailles et types d'arachides, atteignant un taux de d\u00e9corticage sup\u00e9rieur \u00e0 98% et un faible taux de casse inf\u00e9rieur \u00e0 2%. De nombreux mod\u00e8les sont compacts et \u00e9quip\u00e9s de roues, ce qui facilite leur transport sur diff\u00e9rents chantiers. <\/p>    <figure class=\"wp-block-embed aligncenter is-type-video is-provider-youtube wp-block-embed-youtube wp-embed-aspect-16-9 wp-has-aspect-ratio\"><div class=\"wp-block-embed__wrapper\"> <iframe loading=\"lazy\" title=\"Efficace et pratique ! Machine \u00e0 d\u00e9cortiquer les cacahu\u00e8tes \u00e0 usage domestique choquante en ligne\u00a0!\" width=\"500\" height=\"281\" src=\"https:\/\/www.youtube.com\/embed\/_BhNMHRh6mY?start=5&#038;feature=oembed\" frameborder=\"0\" allow=\"accelerometer; autoplay; clipboard-write; encrypted-media; gyroscope; picture-in-picture; web-share\" referrerpolicy=\"strict-origin-when-cross-origin\" allowfullscreen><\/iframe> <\/div><figcaption class=\"wp-element-caption\">Vid\u00e9o de travail de la petite d\u00e9cortiqueuse d'arachides et d'arachides<\/figcaption><\/figure>    <p class=\"translation-block\">Les noyaux d'arachides d\u00e9cortiqu\u00e9s peuvent \u00eatre utilis\u00e9s dans la production de beurre d'arachide, d'huile d'arachide et de bonbons aux arachides. Par cons\u00e9quent, les machines \u00e0 d\u00e9cortiquer les arachides sont pr\u00e9cieuses dans les <a href=\"https:\/\/www.peanuts-machine.com\/fr\/product\/peanut-butter-production-line\/\">usines de production de beurre d'arachide<\/a>, les usines d'extraction d'huile et les op\u00e9rations de transformation des aliments.<\/p>   <div class=\"wp-block-image\"> <figure class=\"aligncenter size-full\"><img loading=\"lazy\" decoding=\"async\" width=\"750\" height=\"500\" src=\"https:\/\/www.peanuts-machine.com\/wp-content\/uploads\/2022\/08\/peanut-shelling-machine.webp\" alt=\"d\u00e9cortiqueuse d&#039;arachide\" class=\"wp-image-76\" title=\"\" srcset=\"https:\/\/www.peanuts-machine.com\/wp-content\/uploads\/2022\/08\/peanut-shelling-machine.webp 750w, https:\/\/www.peanuts-machine.com\/wp-content\/uploads\/2022\/08\/peanut-shelling-machine-300x200.webp 300w\" sizes=\"auto, (max-width: 750px) 100vw, 750px\" \/><figcaption class=\"wp-element-caption\">d\u00e9cortiqueuse d'arachide<\/figcaption><\/figure> <\/div>   <h2 class=\"wp-block-heading\" id=\"h-working-principle-of-groundnut-sheller\">Principe de fonctionnement de la d\u00e9cortiqueuse d'arachide<\/h2>    <ol class=\"wp-block-list\"> <li>Les cacahu\u00e8tes sont introduites manuellement dans la tr\u00e9mie d'alimentation, puis roul\u00e9es jusqu'au rouleau, o\u00f9 la friction et la pression r\u00e9p\u00e9t\u00e9es des doubles rouleaux s\u00e9parent les coques des cacahu\u00e8tes des grains. <\/li>    <li>Apr\u00e8s le processus de d\u00e9corticage, les coques et les noyaux des cacahu\u00e8tes tombent \u00e0 travers la grille. Dans le conduit d'air, la plupart des coques d'arachide sont souffl\u00e9es hors de la machine, tandis que les noyaux d'arachide et certaines coques cass\u00e9es se d\u00e9placent vers le tamis de s\u00e9paration par gravit\u00e9, se d\u00e9pla\u00e7ant de chaque c\u00f4t\u00e9 du tamis vibrant. <\/li>    <li>Les noyaux d'arachide sortent par l'orifice de d\u00e9charge et les coques cass\u00e9es sont souffl\u00e9es par l'extr\u00e9mit\u00e9 oppos\u00e9e par le ventilateur \u00e0 plaques. Simultan\u00e9ment, les cacahu\u00e8tes non d\u00e9cortiqu\u00e9es sont dirig\u00e9es vers le deuxi\u00e8me dispositif de transport et transport\u00e9es vers l'ouverture d'alimentation via la tr\u00e9mie de transport pour un deuxi\u00e8me d\u00e9corticage.<\/li> <\/ol>   <div class=\"wp-block-image\"> <figure class=\"aligncenter size-full\"><img loading=\"lazy\" decoding=\"async\" width=\"575\" height=\"540\" src=\"https:\/\/www.peanuts-machine.com\/wp-content\/uploads\/2022\/08\/working-process-of-the-sheller.webp\" alt=\"processus de travail du d\u00e9cortiqueur\" class=\"wp-image-77\" title=\"\" srcset=\"https:\/\/www.peanuts-machine.com\/wp-content\/uploads\/2022\/08\/working-process-of-the-sheller.webp 575w, https:\/\/www.peanuts-machine.com\/wp-content\/uploads\/2022\/08\/working-process-of-the-sheller-300x282.webp 300w\" sizes=\"auto, (max-width: 575px) 100vw, 575px\" \/><figcaption class=\"wp-element-caption\">processus de travail du d\u00e9cortiqueur<\/figcaption><\/figure> <\/div>   <h2 class=\"wp-block-heading\" id=\"h-automatic-peanut-sheller-machine-design\">Conception de d\u00e9cortiqueuse automatique d'arachides<\/h2>    <p>Diff\u00e9rents types de d\u00e9cortiqueuses d'arachides ont une structure simple et compacte. Leurs principes sont g\u00e9n\u00e9ralement similaires, impliquant une alimentation manuelle, un deuxi\u00e8me d\u00e9corticage \u00e0 double tambour, une s\u00e9lection primaire \u00e9olienne, un tri par tamis de tri par gravit\u00e9, un deuxi\u00e8me battage des fruits d'arachide et des composants tels que des ventilateurs et des tamis de tri par gravit\u00e9.<\/p>    <h2 class=\"wp-block-heading\" id=\"h-machine-parameters\">Param\u00e8tres des machines \u00e0 d\u00e9cortiquer les cacahu\u00e8tes<\/h2>    <p>Nous proposons une vari\u00e9t\u00e9 de d\u00e9cortiqueuses d'arachides, telles que les mod\u00e8les TBH-200, TBH-400 et TBH-800. La plus petite machine \u00e0 d\u00e9cortiquer les cacahu\u00e8tes a un rendement de 200 kg\/h, tandis que le mod\u00e8le plus grand peut atteindre un rendement de 5 000 \u00e0 8 000 kg\/h. Vous trouverez ci-dessous les informations sur les param\u00e8tres des deux mod\u00e8les.<\/p>    <div class=\"wp-block-columns is-layout-flex wp-container-core-columns-is-layout-9d6595d7 wp-block-columns-is-layout-flex\"> <div class=\"wp-block-column is-layout-flow wp-block-column-is-layout-flow\"> <figure class=\"wp-block-table\"><table><tbody><tr><td>Mod\u00e8le<\/td><td>TBH-800<\/td><\/tr><tr><td>Dimension hors tout (mm)<\/td><td>1330*750*1570<\/td><\/tr><tr><td>Poids net \/ kg)<\/td><td>160<\/td><\/tr><tr><td>Productivit\u00e9 (kg\/h)<\/td><td>600-800<\/td><\/tr><tr><td>Taux de casse<\/td><td>\u22642,0%<\/td><\/tr><tr><td>Taux de d\u00e9g\u00e2ts<\/td><td>\u22643,0%<\/td><\/tr><tr><td>Taux de bombardement<\/td><td>\u226598%<\/td><\/tr><tr><td>Pouvoir<\/td><td>3 kW, 220 V, 50 Hz, moteur en cuivre<\/td><\/tr><tr><td>Fonction<\/td><td>D\u00e9corticage\/d\u00e9corticage d\u2019arachides<\/td><\/tr><\/tbody><\/table><figcaption class=\"wp-element-caption\">d\u00e9cortiqueuse d'arachide \u00e0 petite \u00e9chelle<\/figcaption><\/figure> <\/div>    <div class=\"wp-block-column is-layout-flow wp-block-column-is-layout-flow\"> <figure class=\"wp-block-table\"><table><tbody><tr><td>Mod\u00e8le<\/td><td>TZ-5000<\/td><\/tr><tr><td>Dimension hors tout (mm)<\/td><td>2750*1800*3360<\/td><\/tr><tr><td>Poids net \/ kg)<\/td><td>2850<\/td><\/tr><tr><td>Productivit\u00e9 (kg\/h)<\/td><td>5000-8000<\/td><\/tr><tr><td>Taux de casse<\/td><td>\u22645,0%<\/td><\/tr><tr><td>Taux de d\u00e9g\u00e2ts<\/td><td>\u22640,5%<\/td><\/tr><tr><td>Taux de bombardement<\/td><td>\u226599%<\/td><\/tr><tr><td>Puissance (kw)<\/td><td>42.5<\/td><\/tr><tr><td>Humidit\u00e9 d'exploitation<\/td><td>6.3\u226412<\/td><\/tr><\/tbody><\/table><figcaption class=\"wp-element-caption\">d\u00e9cortiqueuse d'arachides \u00e0 grande \u00e9chelle<\/figcaption><\/figure> <\/div> <\/div>    <p>Vous pouvez choisir le mod\u00e8le le plus petit pour un usage domestique, et les deux mod\u00e8les offrent d'excellentes performances au travail. De plus, nous disposons d\u2019autres mod\u00e8les de machines. Si vous en avez besoin, n'h\u00e9sitez pas \u00e0 nous contacter.<\/p>    <figure class=\"wp-block-embed aligncenter is-type-video is-provider-youtube wp-block-embed-youtube wp-embed-aspect-16-9 wp-has-aspect-ratio\"><div class=\"wp-block-embed__wrapper\"> <iframe loading=\"lazy\" title=\"D\u00e9cortiqueur d\u2019arachide | Comment fonctionne la machine \u00e0 d\u00e9cortiquer les cacahu\u00e8tes\u00a0?\" width=\"500\" height=\"281\" src=\"https:\/\/www.youtube.com\/embed\/rDRyQVDmK_8?feature=oembed\" frameborder=\"0\" allow=\"accelerometer; autoplay; clipboard-write; encrypted-media; gyroscope; picture-in-picture; web-share\" referrerpolicy=\"strict-origin-when-cross-origin\" allowfullscreen><\/iframe> <\/div><figcaption class=\"wp-element-caption\">vid\u00e9o de la machine \u00e0 d\u00e9cortiquer les cacahu\u00e8tes<\/figcaption><\/figure>    <h2 class=\"wp-block-heading\" id=\"h-advantages-of-taizy-groundnut-sheller\">Avantages de la d\u00e9cortiqueuse d'arachide Taizy<\/h2>    <ul class=\"wp-block-list\"> <li>La machine b\u00e9n\u00e9ficie d'une longue dur\u00e9e de vie, construite en acier de haute qualit\u00e9, garantissant sa robustesse et sa durabilit\u00e9. <\/li>    <li>Il pr\u00e9sente un taux de bombardement \u00e9lev\u00e9 atteignant plus de 98%. Cela lui donne un avantage significatif sur les machines similaires. <\/li>    <li>Le taux de nettoyage \u00e9lev\u00e9 est d\u00fb \u00e0 une conception de ventilateur unique qui s\u00e9pare efficacement les coquilles d'arachide des grains, ce qui donne des grains d'arachide plus propres. <\/li>    <li>Cette d\u00e9cortiqueuse d'arachides est polyvalente et largement utilis\u00e9e dans les installations de production de beurre de cacahu\u00e8te, les presses \u00e0 huile et les usines de transformation des aliments.<\/li>    <li>Nous pouvons \u00e9quiper la machine d'un moteur \u00e9lectrique, d'un moteur \u00e0 essence ou d'un moteur diesel en fonction de vos besoins.<\/li> <\/ul>   <div class=\"wp-block-image\"> <figure class=\"aligncenter size-full\"><img loading=\"lazy\" decoding=\"async\" width=\"720\" height=\"540\" src=\"https:\/\/www.peanuts-machine.com\/wp-content\/uploads\/2022\/08\/peanut-shelling-machine-for-sale.webp\" alt=\"d\u00e9cortiqueuse d&#039;arachide \u00e0 vendre\" class=\"wp-image-75\" title=\"\" srcset=\"https:\/\/www.peanuts-machine.com\/wp-content\/uploads\/2022\/08\/peanut-shelling-machine-for-sale.webp 720w, https:\/\/www.peanuts-machine.com\/wp-content\/uploads\/2022\/08\/peanut-shelling-machine-for-sale-300x225.webp 300w\" sizes=\"auto, (max-width: 720px) 100vw, 720px\" \/><figcaption class=\"wp-element-caption\">d\u00e9cortiqueuse d'arachide \u00e0 vendre<\/figcaption><\/figure> <\/div>   <h2 class=\"wp-block-heading\" id=\"h-types-of-groundnut-sheller-machine\">Faites attention \u00e0 la teneur en eau des cacahu\u00e8tes<\/h2>    <p>Le niveau d\u2019humidit\u00e9 des cacahu\u00e8tes devrait \u00eatre parfait ; s'ils sont trop secs, ils auront un taux de broyage \u00e9lev\u00e9, et s'ils sont trop humides, cela aura un impact sur l'efficacit\u00e9 du travail. Pour obtenir la teneur en humidit\u00e9 appropri\u00e9e, vous pouvez utiliser les m\u00e9thodes suivantes\u00a0: <\/p>    <ol class=\"wp-block-list\"> <li>En hiver, avant de d\u00e9cortiquer, vaporisez environ 10 kg d'eau ti\u00e8de uniform\u00e9ment tous les 50 kg de cacahu\u00e8tes, puis recouvrez-les d'un film plastique pendant environ 10 heures. Apr\u00e8s cela, placez-les au soleil pendant environ 1 heure pour pr\u00e9parer le d\u00e9corticage. Dans les autres saisons, le temps de recouvrement doit \u00eatre d'environ 6 heures, le reste des \u00e9tapes restant les m\u00eames. <\/li>    <li>Une autre m\u00e9thode consiste \u00e0 plonger les cacahu\u00e8tes plus s\u00e8ches dans une piscine, \u00e0 les rep\u00eacher rapidement, \u00e0 les recouvrir d'un film plastique pendant environ 1 journ\u00e9e, puis \u00e0 les s\u00e9cher au soleil. Une fois que la teneur en humidit\u00e9 est adapt\u00e9e, ils peuvent \u00eatre d\u00e9cortiqu\u00e9s. <\/li> <\/ol>    <p>Une d\u00e9cortiqueuse d'arachides est utilis\u00e9e pour d\u00e9cortiquer les cacahu\u00e8tes crues s\u00e9ch\u00e9es au soleil, offrant des avantages tels qu'un rendement \u00e9lev\u00e9, une utilisation facile, un faible taux de fractionnement et de faibles co\u00fbts de maintenance.<\/p>   <div class=\"wp-block-image\"> <figure class=\"aligncenter size-full\"><img loading=\"lazy\" decoding=\"async\" width=\"720\" height=\"540\" src=\"https:\/\/www.peanuts-machine.com\/wp-content\/uploads\/2022\/08\/large-scale-peanut-shelling-machine.webp\" alt=\"d\u00e9cortiqueuse d&#039;arachide \u00e0 grande \u00e9chelle\" class=\"wp-image-359\" title=\"\" srcset=\"https:\/\/www.peanuts-machine.com\/wp-content\/uploads\/2022\/08\/large-scale-peanut-shelling-machine.webp 720w, https:\/\/www.peanuts-machine.com\/wp-content\/uploads\/2022\/08\/large-scale-peanut-shelling-machine-300x225.webp 300w\" sizes=\"auto, (max-width: 720px) 100vw, 720px\" \/><figcaption class=\"wp-element-caption\">d\u00e9cortiqueuse d'arachide \u00e0 grande \u00e9chelle<\/figcaption><\/figure> <\/div>   <h2 class=\"wp-block-heading\" id=\"h-where-to-buy-peanut-sheller\">O\u00f9 acheter des machines \u00e0 enlever les coques d'arachides ?<\/h2>    <p class=\"translation-block\">En tant que fabricant professionnel de d\u00e9cortiqueuses d'arachides, nous proposons non seulement des machines \u00e0 d\u00e9cortiquer les arachides, mais \u00e9galement une gamme d'\u00e9quipements connexes, notamment des <strong><em><a href=\"https:\/\/www.peanuts-machine.com\/fr\/product\/peanut-butter-production-line\/\">lignes de production de beurre d'arachide<\/a><\/em><\/strong>, des <a href=\"https:\/\/www.peanuts-machine.com\/fr\/product\/peanut-peeling-machine\/\"><strong><em>machines \u00e0 peler les arachides<\/em><\/strong><\/a>, des machines \u00e0 beurre d'arachide et des machines \u00e0 nougat d'arachide.<\/p>    <p>Si vous \u00eates \u00e0 la recherche d'un fournisseur fiable de machines \u00e0 d\u00e9cortiquer les arachides, nous pouvons vous fournir des services personnalis\u00e9s pour r\u00e9pondre \u00e0 vos besoins sp\u00e9cifiques. Nous proposons \u00e9galement des unit\u00e9s combin\u00e9es de d\u00e9corticage des arachides qui comprennent \u00e0 la fois des fonctions de d\u00e9corticage et de nettoyage (comme montr\u00e9 dans la vid\u00e9o ci-dessous) parmi lesquelles vous pouvez choisir.<\/p>    <figure class=\"wp-block-embed aligncenter is-type-video is-provider-youtube wp-block-embed-youtube wp-embed-aspect-16-9 wp-has-aspect-ratio\"><div class=\"wp-block-embed__wrapper\"> <iframe loading=\"lazy\" title=\"R\u00e9volutionner le traitement des arachides\u00a0:\u00a0unit\u00e9 de d\u00e9corticage d&#039;arachides innovante (nettoyage et d\u00e9corticage)\u00a0!#peanut\" width=\"500\" height=\"281\" src=\"https:\/\/www.youtube.com\/embed\/egCUZvfcnFI?feature=oembed\" frameborder=\"0\" allow=\"accelerometer; autoplay; clipboard-write; encrypted-media; gyroscope; picture-in-picture; web-share\" referrerpolicy=\"strict-origin-when-cross-origin\" allowfullscreen><\/iframe> <\/div><figcaption class=\"wp-element-caption\">Vid\u00e9o de travail combin\u00e9e du d\u00e9cortiqueur et du nettoyeur d'arachides<\/figcaption><\/figure>    <p class=\"translation-block\">\u00c0 ce jour, nos d\u00e9cortiqueuses d'arachides ont \u00e9t\u00e9 export\u00e9es vers des pays tels que le Nigeria, la Turquie, la Zambie, la Belgique, l'Afghanistan, <a href=\"https:\/\/en.wikipedia.org\/wiki\/Saint_Kitts\" target=\"_blank\" rel=\"noopener\">Saint-Christophe-et-Neviso<\/a> et les \u00celes, la Gr\u00e8ce, et bien d'autres. Si vous \u00eates int\u00e9ress\u00e9 par nos machines, n'h\u00e9sitez pas \u00e0 nous contacter.<\/p>    <h2 class=\"wp-block-heading\">FAQ<\/h2>   <div id=\"rank-math-faq\" class=\"rank-math-block\"> <div class=\"rank-math-list\"> <div id=\"faq-question-1745315245563\" class=\"rank-math-list-item\"> <h3 class=\"rank-math-question\">Quelle est la capacit\u00e9 de traitement de cette bombardement d'arachide?<\/h3> <div class=\"rank-math-answer\">  <p>La capacit\u00e9 de traitement de notre machine \u00e0 bardeaux d'arachide varie selon le mod\u00e8le, allant g\u00e9n\u00e9ralement de 500 kg \u00e0 2000 kg par heure, adapt\u00e9e \u00e0 diff\u00e9rentes \u00e9chelles de production. Les chiffres exacts peuvent \u00eatre ajust\u00e9s en fonction de la vari\u00e9t\u00e9 d'arachide et de la teneur en humidit\u00e9 que vous fournissez.<\/p>  <\/div> <\/div> <div id=\"faq-question-1745315262249\" class=\"rank-math-list-item\"> <h3 class=\"rank-math-question\">Quel est le taux de rupture des arachides pendant les bombardements?<\/h3> <div class=\"rank-math-answer\">  <p>Notre machine maintient un taux de rupture inf\u00e9rieur \u00e0 2%, minimisant les dommages aux noyaux d'arachide. La structure de la machine est optimis\u00e9e pour g\u00e9rer les arachides avec une duret\u00e9 de coquille variable.<\/p>  <\/div> <\/div> <div id=\"faq-question-1745315320117\" class=\"rank-math-list-item\"> <h3 class=\"rank-math-question\">Quelles sont les exigences de fr\u00e9quence de maintenance et de soins pour la machine?<\/h3> <div class=\"rank-math-answer\">  <p>Nous recommandons le nettoyage et l'inspection de base avant le fonctionnement quotidien, en nous concentrant sur la section des bombardements et le syst\u00e8me de transmission. Un entretien complet toutes les 400 heures de travail, y compris la lubrification et le resserrement des composants, assure un fonctionnement efficace \u00e0 long terme.<\/p>  <\/div> <\/div> <div id=\"faq-question-1745315483094\" class=\"rank-math-list-item\"> <h3 class=\"rank-math-question\">\u00c0 quelles vari\u00e9t\u00e9s ou sp\u00e9cifications d'arachide la machine convient-elle?<\/h3> <div class=\"rank-math-answer\">  <p>Notre machine Sheller \u00e0 l'arachide est compatible avec diverses vari\u00e9t\u00e9s d'arachide, y compris \u00e0 la fois des types de coquilles et de carrosseries, et prend en charge les bombardements de diff\u00e9rentes tailles d'arachide. Les utilisateurs peuvent ajuster les param\u00e8tres de la machine en fonction du type sp\u00e9cifique pour les performances de bombardement optimales.<\/p>  <\/div> <\/div> <\/div> <\/div>","protected":false},"excerpt":{"rendered":"<p>La d\u00e9cortiqueuse d'arachides est con\u00e7ue pour retirer les coques dures des arachides, produisant ainsi des noyaux d'arachides \u00e0 peau rouge. Il atteint un taux de bombardement sup\u00e9rieur \u00e0 98% et un faible taux de casse inf\u00e9rieur \u00e0 2%.<\/p>","protected":false},"author":1,"featured_media":72,"parent":0,"template":"","tags":[37,36],"product-type":[47,46],"class_list":["post-70","product","type-product","status-publish","has-post-thumbnail","hentry","tag-groundnut","tag-peanut","product-type-peanut-harvesting-machine","product-type-products"],"_links":{"self":[{"href":"https:\/\/www.peanuts-machine.com\/fr\/wp-json\/wp\/v2\/product\/70","targetHints":{"allow":["GET"]}}],"collection":[{"href":"https:\/\/www.peanuts-machine.com\/fr\/wp-json\/wp\/v2\/product"}],"about":[{"href":"https:\/\/www.peanuts-machine.com\/fr\/wp-json\/wp\/v2\/types\/product"}],"author":[{"embeddable":true,"href":"https:\/\/www.peanuts-machine.com\/fr\/wp-json\/wp\/v2\/users\/1"}],"wp:featuredmedia":[{"embeddable":true,"href":"https:\/\/www.peanuts-machine.com\/fr\/wp-json\/wp\/v2\/media\/72"}],"wp:attachment":[{"href":"https:\/\/www.peanuts-machine.com\/fr\/wp-json\/wp\/v2\/media?parent=70"}],"wp:term":[{"taxonomy":"post_tag","embeddable":true,"href":"https:\/\/www.peanuts-machine.com\/fr\/wp-json\/wp\/v2\/tags?post=70"},{"taxonomy":"product-type","embeddable":true,"href":"https:\/\/www.peanuts-machine.com\/fr\/wp-json\/wp\/v2\/product-type?post=70"}],"curies":[{"name":"wp","href":"https:\/\/api.w.org\/{rel}","templated":true}]}}