{"id":87,"date":"2022-08-10T01:16:26","date_gmt":"2022-08-10T01:16:26","guid":{"rendered":"https:\/\/www.peanuts-machine.com\/?post_type=product&#038;p=87"},"modified":"2026-01-13T15:25:41","modified_gmt":"2026-01-13T07:25:41","slug":"commercial-peanut-butter-machine","status":"publish","type":"product","link":"https:\/\/www.peanuts-machine.com\/fr\/product\/commercial-peanut-butter-machine\/","title":{"rendered":"Machine \u00e0 beurre de cacahu\u00e8te commerciale | Moulins \u00e0 collo\u00efdes pour beurre de noix"},"content":{"rendered":"<div class=\"kk-star-ratings kksr-auto kksr-align-left kksr-valign-top\"     data-payload='{&quot;align&quot;:&quot;left&quot;,&quot;id&quot;:&quot;87&quot;,&quot;slug&quot;:&quot;default&quot;,&quot;valign&quot;:&quot;top&quot;,&quot;ignore&quot;:&quot;&quot;,&quot;reference&quot;:&quot;auto&quot;,&quot;class&quot;:&quot;&quot;,&quot;count&quot;:&quot;21&quot;,&quot;legendonly&quot;:&quot;&quot;,&quot;readonly&quot;:&quot;&quot;,&quot;score&quot;:&quot;4.8&quot;,&quot;starsonly&quot;:&quot;&quot;,&quot;best&quot;:&quot;5&quot;,&quot;gap&quot;:&quot;5&quot;,&quot;greet&quot;:&quot;Rate this product&quot;,&quot;legend&quot;:&quot;4.8\\\/5 - (21 votes)&quot;,&quot;size&quot;:&quot;24&quot;,&quot;title&quot;:&quot;Commercial Peanut Butter Machine | Nut Butter Colloid Mill&quot;,&quot;width&quot;:&quot;136.7&quot;,&quot;_legend&quot;:&quot;{score}\\\/{best} - ({count} {votes})&quot;,&quot;font_factor&quot;:&quot;1.25&quot;}'>              <div class=\"kksr-stars\">      <div class=\"kksr-stars-inactive\">             <div class=\"kksr-star\" data-star=\"1\" style=\"padding-right: 5px\">               <div class=\"kksr-icon\" style=\"width: 24px; height: 24px;\"><\/div>         <\/div>             <div class=\"kksr-star\" data-star=\"2\" style=\"padding-right: 5px\">               <div class=\"kksr-icon\" style=\"width: 24px; height: 24px;\"><\/div>         <\/div>             <div class=\"kksr-star\" data-star=\"3\" style=\"padding-right: 5px\">               <div class=\"kksr-icon\" style=\"width: 24px; height: 24px;\"><\/div>         <\/div>             <div class=\"kksr-star\" data-star=\"4\" style=\"padding-right: 5px\">               <div class=\"kksr-icon\" style=\"width: 24px; height: 24px;\"><\/div>         <\/div>             <div class=\"kksr-star\" data-star=\"5\" style=\"padding-right: 5px\">               <div class=\"kksr-icon\" style=\"width: 24px; height: 24px;\"><\/div>         <\/div>     <\/div>      <div class=\"kksr-stars-active\" style=\"width: 136.7px;\">             <div class=\"kksr-star\" style=\"padding-right: 5px\">               <div class=\"kksr-icon\" style=\"width: 24px; height: 24px;\"><\/div>         <\/div>             <div class=\"kksr-star\" style=\"padding-right: 5px\">               <div class=\"kksr-icon\" style=\"width: 24px; height: 24px;\"><\/div>         <\/div>             <div class=\"kksr-star\" style=\"padding-right: 5px\">               <div class=\"kksr-icon\" style=\"width: 24px; height: 24px;\"><\/div>         <\/div>             <div class=\"kksr-star\" style=\"padding-right: 5px\">               <div class=\"kksr-icon\" style=\"width: 24px; height: 24px;\"><\/div>         <\/div>             <div class=\"kksr-star\" style=\"padding-right: 5px\">               <div class=\"kksr-icon\" style=\"width: 24px; height: 24px;\"><\/div>         <\/div>     <\/div> <\/div>                   <div class=\"kksr-legend\" style=\"font-size: 19.2px;\">             4,8\/5 - (21 votes)    <\/div>     <\/div>  <p>La machine \u00e0 beurre de cacahu\u00e8te commerciale est un \u00e9quipement de traitement ultra-micro humide adapt\u00e9 \u00e0 une large gamme de mat\u00e9riaux, int\u00e9grant les fonctions de concassage, de dispersion, d'\u00e9mulsification et d'homog\u00e9n\u00e9isation. <\/p>    <p>Cet \u00e9quipement adopte un moteur \u00e0 vitesse r\u00e9glable, qui peut ajuster de mani\u00e8re flexible la vitesse de rotation en fonction des diff\u00e9rentes caract\u00e9ristiques des mat\u00e9riaux, et le degr\u00e9 de finesse peut atteindre 125-150 mailles, avec un taux d'homog\u00e9n\u00e9isation allant jusqu'\u00e0 95 %. <\/p>    <p>Avec ses performances excellentes et ses applications diversifi\u00e9es, il a \u00e9t\u00e9 largement utilis\u00e9 dans les industries alimentaire, pharmaceutique, des produits chimiques quotidiens, chimique et d'autres, c'est le choix id\u00e9al d'\u00e9quipement de transformation fine.<\/p>    <figure class=\"wp-block-embed aligncenter is-type-video is-provider-youtube wp-block-embed-youtube wp-embed-aspect-16-9 wp-has-aspect-ratio\"><div class=\"wp-block-embed__wrapper\"> <iframe loading=\"lazy\" title=\"Pr\u00e9parer un beurre de pistache lisse avec un moulin \u00e0 collo\u00efde | D\u00e9mo de machine de traitement du beurre de noix#colloidmill\" width=\"500\" height=\"281\" src=\"https:\/\/www.youtube.com\/embed\/tSl1mDsV-qU?feature=oembed\" frameborder=\"0\" allow=\"accelerometer; autoplay; clipboard-write; encrypted-media; gyroscope; picture-in-picture; web-share\" referrerpolicy=\"strict-origin-when-cross-origin\" allowfullscreen><\/iframe> <\/div><figcaption class=\"wp-element-caption\">Moulin \u00e0 collo\u00efde multifonction en acier inoxydable pour divers beurres de noix.<\/figcaption><\/figure>    <h2 class=\"wp-block-heading\">Application du moulin collo\u00efdal de beurre de cacahu\u00e8te<\/h2>    <ul class=\"wp-block-list\"> <li>Industrie alimentaire : transformation de beurre de cacahu\u00e8te, de p\u00e2te de s\u00e9same, de p\u00e2te d'amande, de sauce chili, de ketchup, de sauces, de lait de soja, de produits laitiers, de boissons, etc.<\/li>    <li>Industrie pharmaceutique : il est adapt\u00e9 \u00e0 la pr\u00e9paration de sirops, de solutions nutritionnelles, de cr\u00e8mes \u00e0 base de plantes et d'extraits de plantes.<\/li>    <li>Industrie chimique quotidienne : il peut \u00eatre utilis\u00e9 dans la production de dentifrice, de cosm\u00e9tiques, de d\u00e9tergents et d'autres produits de premi\u00e8re n\u00e9cessit\u00e9.<\/li>    <li>Industrie chimique : largement utilis\u00e9e dans l'\u00e9mulsification et l'homog\u00e9n\u00e9isation de mat\u00e9riaux industriels tels que les pigments, les colorants, les peintures, les lubrifiants, les catalyseurs p\u00e9troliers, etc.<\/li>    <li>Champ de beurre de noix : non seulement limit\u00e9 \u00e0 la production de beurre de cacahu\u00e8te, mais peut \u00e9galement traiter efficacement d'autres produits de beurre de noix tels que le beurre d'amande, le beurre de cacao, etc.<\/li> <\/ul>   <div class=\"wp-block-image\"> <figure class=\"aligncenter size-full\"><img loading=\"lazy\" decoding=\"async\" width=\"720\" height=\"540\" src=\"https:\/\/www.peanuts-machine.com\/wp-content\/uploads\/2022\/08\/peanut-butter-machine-application.webp\" alt=\"application commerciale de machine \u00e0 beurre de cacahu\u00e8te\" class=\"wp-image-96\" title=\"\" srcset=\"https:\/\/www.peanuts-machine.com\/wp-content\/uploads\/2022\/08\/peanut-butter-machine-application.webp 720w, https:\/\/www.peanuts-machine.com\/wp-content\/uploads\/2022\/08\/peanut-butter-machine-application-300x225.webp 300w\" sizes=\"auto, (max-width: 720px) 100vw, 720px\" \/><figcaption class=\"wp-element-caption\">application commerciale de machine \u00e0 beurre de cacahu\u00e8te<\/figcaption><\/figure> <\/div>   <h2 class=\"wp-block-heading\">Points forts de la machine commerciale \u00e0 beurre de cacahu\u00e8te<\/h2>    <ul class=\"wp-block-list\"> <li>Technologie avanc\u00e9e : adoption de la derni\u00e8re technologie de traitement des granul\u00e9s humides, le produit fini est fin et uniforme avec une qualit\u00e9 excellente.<\/li>    <li>Structure compacte : conception du corps raisonnable, petit encombrement, le plus petit mod\u00e8le mesure seulement 650 \u00d7 320 \u00d7 650 mm, adapt\u00e9 \u00e0 une vari\u00e9t\u00e9 d'environnements de production.<\/li>    <li>S\u00fbr et hygi\u00e9nique : toute la machine \u00e0 beurre de cacahu\u00e8te commerciale est fabriqu\u00e9e en acier inoxydable 304, ce qui respecte les normes de s\u00e9curit\u00e9 alimentaire et est facile \u00e0 nettoyer, garantissant l'hygi\u00e8ne de la production.<\/li>    <li>Production efficace : haute production, peut produire de 200 \u00e0 6000 kilogrammes de beurre de cacahu\u00e8te par heure, pour r\u00e9pondre aux besoins de diff\u00e9rentes \u00e9chelles de production.<\/li>    <li>Mod\u00e8les complets : offrent une vari\u00e9t\u00e9 d'options, allant de petits ateliers \u00e0 de grandes lignes de production de beurre de cacahu\u00e8te pouvant \u00eatre personnalis\u00e9es.<\/li> <\/ul>    <figure class=\"wp-block-gallery has-nested-images columns-default is-cropped wp-block-gallery-2 is-layout-flex wp-block-gallery-is-layout-flex\"> <figure class=\"wp-block-image size-large\"><img loading=\"lazy\" decoding=\"async\" width=\"540\" height=\"720\" data-id=\"908\" src=\"https:\/\/www.peanuts-machine.com\/wp-content\/uploads\/2022\/08\/nut-butter-processing-machine.webp\" alt=\"machine de traitement du beurre de noix\" class=\"wp-image-908\" title=\"\" srcset=\"https:\/\/www.peanuts-machine.com\/wp-content\/uploads\/2022\/08\/nut-butter-processing-machine.webp 540w, https:\/\/www.peanuts-machine.com\/wp-content\/uploads\/2022\/08\/nut-butter-processing-machine-225x300.webp 225w, https:\/\/www.peanuts-machine.com\/wp-content\/uploads\/2022\/08\/nut-butter-processing-machine-9x12.webp 9w\" sizes=\"auto, (max-width: 540px) 100vw, 540px\" \/><figcaption class=\"wp-element-caption\">machine de traitement du beurre de noix<\/figcaption><\/figure>    <figure class=\"wp-block-image size-large\"><img loading=\"lazy\" decoding=\"async\" width=\"540\" height=\"720\" data-id=\"907\" src=\"https:\/\/www.peanuts-machine.com\/wp-content\/uploads\/2022\/08\/nut-butter-grinder.webp\" alt=\"broyeur de beurre de noix\" class=\"wp-image-907\" title=\"\" srcset=\"https:\/\/www.peanuts-machine.com\/wp-content\/uploads\/2022\/08\/nut-butter-grinder.webp 540w, https:\/\/www.peanuts-machine.com\/wp-content\/uploads\/2022\/08\/nut-butter-grinder-225x300.webp 225w, https:\/\/www.peanuts-machine.com\/wp-content\/uploads\/2022\/08\/nut-butter-grinder-9x12.webp 9w\" sizes=\"auto, (max-width: 540px) 100vw, 540px\" \/><figcaption class=\"wp-element-caption\">broyeur de beurre de noix<\/figcaption><\/figure> <\/figure>    <h2 class=\"wp-block-heading\" id=\"h-structure-of-commercial-peanut-butter-machine\">Structure de machine industrielle \u00e0 beurre de noix<\/h2>    <p>La machine \u00e0 beurre de cacahu\u00e8te commerciale se compose d'une base, d'un tr\u00e9mie, de raccords pour l'eau de refroidissement, d'une plaque de r\u00e9gulation et d'un port de d\u00e9charge. L'entr\u00e9e, la sortie et les raccords pour l'eau de refroidissement sont tous fabriqu\u00e9s en acier inoxydable de haute qualit\u00e9, ce qui rend la machine robuste et r\u00e9sistante \u00e0 l'usure.<\/p>    <p>De plus, pour obtenir une consistance plus lisse du beurre de cacahu\u00e8te, un moulin peut \u00eatre ajout\u00e9. Avec une double mouture, le beurre de cacahu\u00e8te aura une texture encore plus fine.<\/p>    <h2 class=\"wp-block-heading\" id=\"h-machine-parameters\">Param\u00e8tres de la machine \u00e0 broyer le beurre de noix<\/h2>    <figure class=\"wp-block-table is-style-stripes\"><table><tbody><tr><td>Mod\u00e8le<\/td><td>Capacit\u00e9 (KG\/H)<\/td><td>Puissance (KW)<\/td><td>Taille de la machine (MM)<\/td><td>Poids (kg)<\/td><\/tr><tr><td>TZ-70<\/td><td>50-80<\/td><td>2.2<\/td><td>650*320*650<\/td><td>70<\/td><\/tr><tr><td>TZ-85<\/td><td>100-150<\/td><td>5.5<\/td><td>900*350*900<\/td><td>170<\/td><\/tr><tr><td>TZ-130<\/td><td>200-300<\/td><td>11<\/td><td>1000*350*1000<\/td><td>270<\/td><\/tr><tr><td>TZ-185<\/td><td>500-800<\/td><td>30<\/td><td>1200*450*1200<\/td><td>470<\/td><\/tr><tr><td>TZ-200<\/td><td>600-1000<\/td><td>37<\/td><td>1200*500*1200<\/td><td>500<\/td><\/tr><\/tbody><\/table><figcaption class=\"wp-element-caption\">donn\u00e9es techniques du moulin \u00e0 beurre de cacahu\u00e8te<\/figcaption><\/figure>    <h2 class=\"wp-block-heading\">Comment faire du beurre de cacahu\u00e8te rapidement ?<\/h2>    <ol class=\"wp-block-list\"> <li>La machine \u00e0 beurre de cacahu\u00e8te commerciale dispose de deux disques de broyage : l'un est stationnaire tandis que l'autre tourne \u00e0 grande vitesse, et l'espace entre eux peut \u00eatre ajust\u00e9.<\/li>    <li>Une fois la mati\u00e8re premi\u00e8re introduite dans la machine, la roue fixe commence \u00e0 tourner, broyant et pulv\u00e9risant les ingr\u00e9dients pour obtenir la consistance souhait\u00e9e. <\/li>    <li>Au fur et \u00e0 mesure que le processus se poursuit, les mati\u00e8res premi\u00e8res sont d\u00e9plac\u00e9es d'avant en arri\u00e8re et, gr\u00e2ce \u00e0 des vibrations \u00e0 haute fr\u00e9quence et des courants de Foucault \u00e0 grande vitesse, elles se transforment en une sauce onctueuse. <\/li> <\/ol>    <figure class=\"wp-block-embed aligncenter is-type-video is-provider-youtube wp-block-embed-youtube wp-embed-aspect-16-9 wp-has-aspect-ratio\"><div class=\"wp-block-embed__wrapper\"> <iframe loading=\"lazy\" title=\"Machine commerciale de fabrication de beurre de cacahu\u00e8te | Comment faire du beurre de cacahu\u00e8te rapidement ?\" width=\"500\" height=\"281\" src=\"https:\/\/www.youtube.com\/embed\/a74hVzquH4U?feature=oembed\" frameborder=\"0\" allow=\"accelerometer; autoplay; clipboard-write; encrypted-media; gyroscope; picture-in-picture; web-share\" referrerpolicy=\"strict-origin-when-cross-origin\" allowfullscreen><\/iframe> <\/div><figcaption class=\"wp-element-caption\">vid\u00e9o de travail d'une machine commerciale \u00e0 beurre de cacahu\u00e8te<\/figcaption><\/figure>    <p>Pendant le fonctionnement, la temp\u00e9rature des mati\u00e8res premi\u00e8res peut monter entre 80 et 85 degr\u00e9s. Pour aider \u00e0 g\u00e9rer cette chaleur, il est conseill\u00e9 d\u2019installer un tube de refroidissement. De plus, l\u2019espace entre le stator et le rotor peut \u00eatre ajust\u00e9 pour cr\u00e9er une p\u00e2te avec la texture d\u00e9sir\u00e9e.<\/p>    <h2 class=\"wp-block-heading\">Ligne de production de beurre de cacahu\u00e8te<\/h2>    <p>Le beurre de cacahu\u00e8te est devenu aujourd\u2019hui un produit tr\u00e8s appr\u00e9ci\u00e9. Avec sa saveur riche et ses bienfaits nutritionnels impressionnants, il s\u2019impose comme un excellent condiment. Riche en prot\u00e9ines et en diverses vitamines, il favorise la sant\u00e9 et nourrit la peau, ce qui en fait un choix id\u00e9al pour les personnes aux modes de vie occup\u00e9s. <\/p>    <p class=\"translation-block\">La ligne de production de beurre de cacahu\u00e8te comprend principalement un torr\u00e9facteur de cacahu\u00e8tes, des \u00e9quipements de convoyage, une \u00e9plucheuse, des \u00e9quipements de tri, une machine de broyage, un \u00e9quipement de broyage fin, un \u00e9quipement de refroidissement et un \u00e9quipement de remplissage. (<em>Lire la suite :<\/em> <strong><em><a href=\"https:\/\/www.peanuts-machine.com\/fr\/product\/peanut-butter-production-line\/\">Ligne de production de beurre de cacahu\u00e8te 200 kg\/h | Transformation du beurre de cacahu\u00e8te<\/a><\/em><\/strong><em>&gt;&gt;<\/em>)<\/p>    <figure class=\"wp-block-gallery has-nested-images columns-default is-cropped wp-block-gallery-3 is-layout-flex wp-block-gallery-is-layout-flex\"> <figure class=\"wp-block-image size-large\"><img loading=\"lazy\" decoding=\"async\" width=\"540\" height=\"720\" data-id=\"909\" src=\"https:\/\/www.peanuts-machine.com\/wp-content\/uploads\/2022\/08\/peanut-butter-colloid-mill.webp\" alt=\"moulin \u00e0 collo\u00efde pour beurre de cacahu\u00e8te\" class=\"wp-image-909\" title=\"\" srcset=\"https:\/\/www.peanuts-machine.com\/wp-content\/uploads\/2022\/08\/peanut-butter-colloid-mill.webp 540w, https:\/\/www.peanuts-machine.com\/wp-content\/uploads\/2022\/08\/peanut-butter-colloid-mill-225x300.webp 225w, https:\/\/www.peanuts-machine.com\/wp-content\/uploads\/2022\/08\/peanut-butter-colloid-mill-9x12.webp 9w\" sizes=\"auto, (max-width: 540px) 100vw, 540px\" \/><figcaption class=\"wp-element-caption\">moulin \u00e0 collo\u00efde pour beurre de cacahu\u00e8te<\/figcaption><\/figure>    <figure class=\"wp-block-image size-large\"><img loading=\"lazy\" decoding=\"async\" width=\"540\" height=\"720\" data-id=\"910\" src=\"https:\/\/www.peanuts-machine.com\/wp-content\/uploads\/2022\/08\/peanut-butter-mill.webp\" alt=\"moulin \u00e0 beurre de cacahu\u00e8te\" class=\"wp-image-910\" title=\"\" srcset=\"https:\/\/www.peanuts-machine.com\/wp-content\/uploads\/2022\/08\/peanut-butter-mill.webp 540w, https:\/\/www.peanuts-machine.com\/wp-content\/uploads\/2022\/08\/peanut-butter-mill-225x300.webp 225w, https:\/\/www.peanuts-machine.com\/wp-content\/uploads\/2022\/08\/peanut-butter-mill-9x12.webp 9w\" sizes=\"auto, (max-width: 540px) 100vw, 540px\" \/><figcaption class=\"wp-element-caption\">moulin \u00e0 beurre de cacahu\u00e8te<\/figcaption><\/figure> <\/figure>    <p>Cette configuration pr\u00e9sente des op\u00e9rations de cha\u00eene d\u2019assemblage, un haut niveau de m\u00e9canisation et une fiabilit\u00e9 exceptionnelle. Il garantit une production herm\u00e9tique et sans pollution, permettant au beurre de cacahu\u00e8te produit de r\u00e9pondre aux normes d'exportation. <\/p>    <h2 class=\"wp-block-heading\" id=\"h-how-much-is-a-peanut-butter-grinding-machine\">Combien co\u00fbte une rectifieuse de beurre de cacahu\u00e8te ?<\/h2>    <p>Le prix d\u2019une machine commerciale de beurre de cacahu\u00e8te peut varier en fonction de plusieurs facteurs. Premi\u00e8rement, le rendement de la machine joue un r\u00f4le important ; les machines \u00e0 faible rendement ont tendance \u00e0 \u00eatre moins ch\u00e8res que celles con\u00e7ues pour un rendement plus \u00e9lev\u00e9. <\/p>    <p>De plus, la qualit\u00e9 du beurre de cacahu\u00e8te produit est souvent li\u00e9e au prix de la machine. Si vous cherchez simplement \u00e0 faire du beurre de cacahu\u00e8te, vous pouvez trouver une option plus abordable. Cependant, si vous d\u00e9sirez un beurre de cacahu\u00e8te plus lisse et plus fin, attendez-vous \u00e0 payer plus cher, car cela implique g\u00e9n\u00e9ralement un processus de broyage suppl\u00e9mentaire. <\/p>    <figure class=\"wp-block-gallery has-nested-images columns-default is-cropped wp-block-gallery-4 is-layout-flex wp-block-gallery-is-layout-flex\"> <figure class=\"wp-block-image size-large\"><img loading=\"lazy\" decoding=\"async\" width=\"720\" height=\"540\" data-id=\"911\" src=\"https:\/\/www.peanuts-machine.com\/wp-content\/uploads\/2022\/08\/sauce-colloid-mill-for-sale.webp\" alt=\"Moulin \u00e0 collo\u00efde pour sauces \u00e0 vendre\" class=\"wp-image-911\" title=\"\" srcset=\"https:\/\/www.peanuts-machine.com\/wp-content\/uploads\/2022\/08\/sauce-colloid-mill-for-sale.webp 720w, https:\/\/www.peanuts-machine.com\/wp-content\/uploads\/2022\/08\/sauce-colloid-mill-for-sale-300x225.webp 300w, https:\/\/www.peanuts-machine.com\/wp-content\/uploads\/2022\/08\/sauce-colloid-mill-for-sale-16x12.webp 16w\" sizes=\"auto, (max-width: 720px) 100vw, 720px\" \/><figcaption class=\"wp-element-caption\">Moulin \u00e0 collo\u00efde pour sauces \u00e0 vendre<\/figcaption><\/figure>    <figure class=\"wp-block-image size-large\"><img loading=\"lazy\" decoding=\"async\" width=\"720\" height=\"540\" data-id=\"94\" src=\"https:\/\/www.peanuts-machine.com\/wp-content\/uploads\/2022\/08\/commercial-peanut-butter-maker-in-factory.webp\" alt=\"fabricant de beurre de cacahu\u00e8te commercial en usine\" class=\"wp-image-94\" title=\"\" srcset=\"https:\/\/www.peanuts-machine.com\/wp-content\/uploads\/2022\/08\/commercial-peanut-butter-maker-in-factory.webp 720w, https:\/\/www.peanuts-machine.com\/wp-content\/uploads\/2022\/08\/commercial-peanut-butter-maker-in-factory-300x225.webp 300w\" sizes=\"auto, (max-width: 720px) 100vw, 720px\" \/><figcaption class=\"wp-element-caption\">fabricant de beurre de cacahu\u00e8te commercial en usine<\/figcaption><\/figure> <\/figure>    <p class=\"translation-block\">Enfin, la distance par rapport au fournisseur peut \u00e9galement avoir un impact sur le co\u00fbt global de la machine. Il est important de se renseigner sur ces d\u00e9tails pour vous assurer de choisir la bonne machine commerciale de <a href=\"https:\/\/en.wikipedia.org\/wiki\/Peanut_butter\" target=\"_blank\" rel=\"noopener\">beurre de cacahu\u00e8te<\/a> pour vos besoins. N\u2019h\u00e9sitez pas \u00e0 nous contacter \u00e0 tout moment.<\/p>","protected":false},"excerpt":{"rendered":"<p>La machine \u00e0 beurre de cacahu\u00e8te commerciale est adapt\u00e9e pour les aliments, les m\u00e9dicaments, les produits chimiques quotidiens et les mati\u00e8res premi\u00e8res chimiques pour un traitement fin. Elle est largement utilis\u00e9e dans le beurre de cacahu\u00e8te, le beurre de s\u00e9same, le beurre d'amande et d'autres produits de sauce.<\/p>","protected":false},"author":1,"featured_media":95,"parent":0,"template":"","tags":[36,35],"product-type":[51,46],"class_list":["post-87","product","type-product","status-publish","has-post-thumbnail","hentry","tag-peanut","tag-peanut-butter","product-type-peanut-butter-machine","product-type-products"],"_links":{"self":[{"href":"https:\/\/www.peanuts-machine.com\/fr\/wp-json\/wp\/v2\/product\/87","targetHints":{"allow":["GET"]}}],"collection":[{"href":"https:\/\/www.peanuts-machine.com\/fr\/wp-json\/wp\/v2\/product"}],"about":[{"href":"https:\/\/www.peanuts-machine.com\/fr\/wp-json\/wp\/v2\/types\/product"}],"author":[{"embeddable":true,"href":"https:\/\/www.peanuts-machine.com\/fr\/wp-json\/wp\/v2\/users\/1"}],"wp:featuredmedia":[{"embeddable":true,"href":"https:\/\/www.peanuts-machine.com\/fr\/wp-json\/wp\/v2\/media\/95"}],"wp:attachment":[{"href":"https:\/\/www.peanuts-machine.com\/fr\/wp-json\/wp\/v2\/media?parent=87"}],"wp:term":[{"taxonomy":"post_tag","embeddable":true,"href":"https:\/\/www.peanuts-machine.com\/fr\/wp-json\/wp\/v2\/tags?post=87"},{"taxonomy":"product-type","embeddable":true,"href":"https:\/\/www.peanuts-machine.com\/fr\/wp-json\/wp\/v2\/product-type?post=87"}],"curies":[{"name":"wp","href":"https:\/\/api.w.org\/{rel}","templated":true}]}}