{"id":930,"date":"2026-01-12T14:59:20","date_gmt":"2026-01-12T06:59:20","guid":{"rendered":"https:\/\/www.peanuts-machine.com\/?post_type=product&#038;p=930"},"modified":"2026-01-12T15:04:14","modified_gmt":"2026-01-12T07:04:14","slug":"multifunctional-nut-roaster","status":"publish","type":"product","link":"https:\/\/www.peanuts-machine.com\/fr\/product\/multifunctional-nut-roaster\/","title":{"rendered":"Torr\u00e9facteur multifonctionnel de noix | Machine de torr\u00e9faction commerciale"},"content":{"rendered":"<div class=\"kk-star-ratings kksr-auto kksr-align-left kksr-valign-top\"     data-payload='{&quot;align&quot;:&quot;left&quot;,&quot;id&quot;:&quot;930&quot;,&quot;slug&quot;:&quot;default&quot;,&quot;valign&quot;:&quot;top&quot;,&quot;ignore&quot;:&quot;&quot;,&quot;reference&quot;:&quot;auto&quot;,&quot;class&quot;:&quot;&quot;,&quot;count&quot;:&quot;27&quot;,&quot;legendonly&quot;:&quot;&quot;,&quot;readonly&quot;:&quot;&quot;,&quot;score&quot;:&quot;4.7&quot;,&quot;starsonly&quot;:&quot;&quot;,&quot;best&quot;:&quot;5&quot;,&quot;gap&quot;:&quot;5&quot;,&quot;greet&quot;:&quot;Rate this product&quot;,&quot;legend&quot;:&quot;4.7\\\/5 - (27 votes)&quot;,&quot;size&quot;:&quot;24&quot;,&quot;title&quot;:&quot;Multifunctional Nut Roaster | Commercial Roasting Machine&quot;,&quot;width&quot;:&quot;133.8&quot;,&quot;_legend&quot;:&quot;{score}\\\/{best} - ({count} {votes})&quot;,&quot;font_factor&quot;:&quot;1.25&quot;}'>              <div class=\"kksr-stars\">      <div class=\"kksr-stars-inactive\">             <div class=\"kksr-star\" data-star=\"1\" style=\"padding-right: 5px\">               <div class=\"kksr-icon\" style=\"width: 24px; height: 24px;\"><\/div>         <\/div>             <div class=\"kksr-star\" data-star=\"2\" style=\"padding-right: 5px\">               <div class=\"kksr-icon\" style=\"width: 24px; height: 24px;\"><\/div>         <\/div>             <div class=\"kksr-star\" data-star=\"3\" style=\"padding-right: 5px\">               <div class=\"kksr-icon\" style=\"width: 24px; height: 24px;\"><\/div>         <\/div>             <div class=\"kksr-star\" data-star=\"4\" style=\"padding-right: 5px\">               <div class=\"kksr-icon\" style=\"width: 24px; height: 24px;\"><\/div>         <\/div>             <div class=\"kksr-star\" data-star=\"5\" style=\"padding-right: 5px\">               <div class=\"kksr-icon\" style=\"width: 24px; height: 24px;\"><\/div>         <\/div>     <\/div>      <div class=\"kksr-stars-active\" style=\"width: 133.8px;\">             <div class=\"kksr-star\" style=\"padding-right: 5px\">               <div class=\"kksr-icon\" style=\"width: 24px; height: 24px;\"><\/div>         <\/div>             <div class=\"kksr-star\" style=\"padding-right: 5px\">               <div class=\"kksr-icon\" style=\"width: 24px; height: 24px;\"><\/div>         <\/div>             <div class=\"kksr-star\" style=\"padding-right: 5px\">               <div class=\"kksr-icon\" style=\"width: 24px; height: 24px;\"><\/div>         <\/div>             <div class=\"kksr-star\" style=\"padding-right: 5px\">               <div class=\"kksr-icon\" style=\"width: 24px; height: 24px;\"><\/div>         <\/div>             <div class=\"kksr-star\" style=\"padding-right: 5px\">               <div class=\"kksr-icon\" style=\"width: 24px; height: 24px;\"><\/div>         <\/div>     <\/div> <\/div>                   <div class=\"kksr-legend\" style=\"font-size: 19.2px;\">             4,7\/5 - (27 votes)    <\/div>     <\/div>  <p>La machine \u00e0 torr\u00e9fier multifonctionnelle est largement utilis\u00e9e dans la transformation de noix, haricots, grains et snacks. Dot\u00e9e d'une structure de torr\u00e9faction en tambour unique, l'\u00e9quipement remue continuellement les ingr\u00e9dients pendant la torr\u00e9faction, assurant un chauffage uniforme sans br\u00fbler ou carboniser. <\/p>    <p>The drum&#8217;s outer layer is equipped with high-efficiency thermal insulation material, effectively reducing heat loss, improving overall thermal efficiency, and lowering energy consumption. The machine operates with high automation\u2014simply activate the switch to complete roasting, automatic material turning, and automatic discharge, significantly reducing manual labor intensity. <\/p>    <p>Dot\u00e9 de propri\u00e9t\u00e9s d'\u00e9tanch\u00e9it\u00e9 excellentes, il convient pour une op\u00e9ration continue prolong\u00e9e. Ce torr\u00e9facteur \u00e0 noix est id\u00e9al pour les boutiques de torr\u00e9faction, les usines de transformation alimentaire et les utilisateurs entrepreneurs cherchant \u00e0 am\u00e9liorer l'efficacit\u00e9 et \u00e0 stabiliser la qualit\u00e9 du produit.<\/p>    <figure class=\"wp-block-embed aligncenter is-type-video is-provider-youtube wp-block-embed-youtube wp-embed-aspect-16-9 wp-has-aspect-ratio\"><div class=\"wp-block-embed__wrapper\"> <iframe loading=\"lazy\" title=\"Multifunction Electric Roasting Machine | Nuts, Seeds &amp; Grains in One Machine\ud83d\udd25\u26a1#nutmachine #roaster\" width=\"500\" height=\"281\" src=\"https:\/\/www.youtube.com\/embed\/WFUGPFzt76s?feature=oembed\" frameborder=\"0\" allow=\"accelerometer; autoplay; clipboard-write; encrypted-media; gyroscope; picture-in-picture; web-share\" referrerpolicy=\"strict-origin-when-cross-origin\" allowfullscreen><\/iframe> <\/div><figcaption class=\"wp-element-caption\">Vid\u00e9o de fonctionnement du torr\u00e9facteur automatique multifonctionnel<\/figcaption><\/figure>    <h2 class=\"wp-block-heading\">Domaines d'application de la machine \u00e0 torr\u00e9fier<\/h2>    <ul class=\"wp-block-list\"> <li>Industrie de la torr\u00e9faction : arachides, graines de melon, amandes, noix de cajou, noix, ch\u00e2taignes, etc.<\/li>    <li>Transformation de l\u00e9gumineuses et de grains : soja, mung, haricots rouges, ma\u00efs, bl\u00e9, avoine, etc.<\/li>    <li>Transformation des aliments de snack : riz grill\u00e9, grains de popcorn, snacks assaisonn\u00e9s, aliments torr\u00e9fi\u00e9s aux saveurs sp\u00e9ciales.<\/li>    <li>Environnements de transformation alimentaire et d'entrepreneuriat : boutiques de torr\u00e9faction, ateliers alimentaires, petites \u00e0 moyennes unit\u00e9s de transformation alimentaire, projets de transformation approfondie de produits agricoles.<\/li> <\/ul>    <figure class=\"wp-block-gallery has-nested-images columns-default is-cropped wp-block-gallery-2 is-layout-flex wp-block-gallery-is-layout-flex\"> <figure class=\"wp-block-image size-large\"><img loading=\"lazy\" decoding=\"async\" width=\"720\" height=\"540\" data-id=\"933\" src=\"https:\/\/www.peanuts-machine.com\/wp-content\/uploads\/2026\/01\/multifunctional-nut-roaster.webp\" alt=\"torr\u00e9facteur multifonctionnel pour noix\" class=\"wp-image-933\" title=\"\" srcset=\"https:\/\/www.peanuts-machine.com\/wp-content\/uploads\/2026\/01\/multifunctional-nut-roaster.webp 720w, https:\/\/www.peanuts-machine.com\/wp-content\/uploads\/2026\/01\/multifunctional-nut-roaster-300x225.webp 300w, https:\/\/www.peanuts-machine.com\/wp-content\/uploads\/2026\/01\/multifunctional-nut-roaster-16x12.webp 16w\" sizes=\"auto, (max-width: 720px) 100vw, 720px\" \/><figcaption class=\"wp-element-caption\">torr\u00e9facteur multifonctionnel pour noix<\/figcaption><\/figure>    <figure class=\"wp-block-image size-large\"><img loading=\"lazy\" decoding=\"async\" width=\"720\" height=\"540\" data-id=\"934\" src=\"https:\/\/www.peanuts-machine.com\/wp-content\/uploads\/2026\/01\/seed-roasting-machine.webp\" alt=\"machine \u00e0 torr\u00e9fier les graines\" class=\"wp-image-934\" title=\"\" srcset=\"https:\/\/www.peanuts-machine.com\/wp-content\/uploads\/2026\/01\/seed-roasting-machine.webp 720w, https:\/\/www.peanuts-machine.com\/wp-content\/uploads\/2026\/01\/seed-roasting-machine-300x225.webp 300w, https:\/\/www.peanuts-machine.com\/wp-content\/uploads\/2026\/01\/seed-roasting-machine-16x12.webp 16w\" sizes=\"auto, (max-width: 720px) 100vw, 720px\" \/><figcaption class=\"wp-element-caption\">machine \u00e0 torr\u00e9fier les graines<\/figcaption><\/figure> <\/figure>    <h2 class=\"wp-block-heading\">Avantages et caract\u00e9ristiques du torr\u00e9facteur multifonctionnel<\/h2>    <ul class=\"wp-block-list\"> <li>Chauffage uniforme, r\u00e9sultats constants : le m\u00e9canisme de rotation pour la torr\u00e9faction combin\u00e9 \u00e0 des sources de chaleur stables emp\u00eache la surchauffe localis\u00e9e, garantissant une couleur uniforme du produit.<\/li>    <li>Options de chauffage double : supporte le gaz de p\u00e9trole liqu\u00e9fi\u00e9 (GPL) et le chauffage \u00e9lectrique pour s'adapter aux conditions \u00e9nerg\u00e9tiques r\u00e9gionales.<\/li>    <li>Haute automatisation : m\u00e9lange et d\u00e9charge automatiques \u00e9liminent la manipulation manuelle, gagnant du temps et de la main-d'\u0153uvre.<\/li>    <li>Conception \u00e9co\u00e9nerg\u00e9tique : ext\u00e9rieur du tambour isol\u00e9 maximisant l'efficacit\u00e9 thermique, am\u00e9liorant l'utilisation du gaz ou de l'\u00e9lectricit\u00e9.<\/li>    <li>Op\u00e9ration et maintenance simples : interrupteurs de contr\u00f4le clairs ; la lubrification r\u00e9guli\u00e8re des roulements assure un fonctionnement stable \u00e0 long terme.<\/li>    <li>Haute s\u00e9curit\u00e9 : les mod\u00e8les \u00e9lectriques supportent 220V\/380V et peuvent \u00eatre connect\u00e9s \u00e0 des dispositifs de protection contre les fuites ; les mod\u00e8les \u00e0 gaz disposent d'une \u00e9tanch\u00e9it\u00e9 fiable.<\/li> <\/ul>    <figure class=\"wp-block-gallery has-nested-images columns-default is-cropped wp-block-gallery-3 is-layout-flex wp-block-gallery-is-layout-flex\"> <figure class=\"wp-block-image size-large\"><img loading=\"lazy\" decoding=\"async\" width=\"720\" height=\"540\" data-id=\"935\" src=\"https:\/\/www.peanuts-machine.com\/wp-content\/uploads\/2026\/01\/automatic-nut-roaster.webp\" alt=\"torr\u00e9facteur \u00e0 noix automatique\" class=\"wp-image-935\" title=\"\" srcset=\"https:\/\/www.peanuts-machine.com\/wp-content\/uploads\/2026\/01\/automatic-nut-roaster.webp 720w, https:\/\/www.peanuts-machine.com\/wp-content\/uploads\/2026\/01\/automatic-nut-roaster-300x225.webp 300w, https:\/\/www.peanuts-machine.com\/wp-content\/uploads\/2026\/01\/automatic-nut-roaster-16x12.webp 16w\" sizes=\"auto, (max-width: 720px) 100vw, 720px\" \/><figcaption class=\"wp-element-caption\">torr\u00e9facteur \u00e0 noix automatique<\/figcaption><\/figure>    <figure class=\"wp-block-image size-large\"><img loading=\"lazy\" decoding=\"async\" width=\"720\" height=\"540\" data-id=\"936\" src=\"https:\/\/www.peanuts-machine.com\/wp-content\/uploads\/2026\/01\/peanut-roasting-machine.webp\" alt=\"machine \u00e0 r\u00f4tir les cacahu\u00e8tes\" class=\"wp-image-936\" title=\"\" srcset=\"https:\/\/www.peanuts-machine.com\/wp-content\/uploads\/2026\/01\/peanut-roasting-machine.webp 720w, https:\/\/www.peanuts-machine.com\/wp-content\/uploads\/2026\/01\/peanut-roasting-machine-300x225.webp 300w, https:\/\/www.peanuts-machine.com\/wp-content\/uploads\/2026\/01\/peanut-roasting-machine-16x12.webp 16w\" sizes=\"auto, (max-width: 720px) 100vw, 720px\" \/><figcaption class=\"wp-element-caption\">machine \u00e0 r\u00f4tir les cacahu\u00e8tes<\/figcaption><\/figure> <\/figure>    <h2 class=\"wp-block-heading\">Principe de fonctionnement de la machine \u00e0 torr\u00e9fier les arachides<\/h2>    <p>Le torr\u00e9facteur chauffe l'int\u00e9rieur du tambour via un chauffage \u00e9lectrique ou au gaz liqu\u00e9fi\u00e9. Une fois la temp\u00e9rature r\u00e9gl\u00e9e atteinte, les mati\u00e8res premi\u00e8res sont charg\u00e9es dans le tambour scell\u00e9. Le tambour tourne en continu via un moteur, remuant le contenu pour une torr\u00e9faction uniforme \u00e0 360\u00b0.<\/p>    <p>\u00c0 la fin, le m\u00e9canisme d'inclinaison s'active, d\u00e9chargeant automatiquement les produits finis rapidement et proprement. Cela \u00e9limine la n\u00e9cessit\u00e9 de retourner ou de verser manuellement, augmentant consid\u00e9rablement l'efficacit\u00e9 de la production tout en assurant des r\u00e9sultats de torr\u00e9faction constants.<\/p>    <figure class=\"wp-block-gallery has-nested-images columns-default is-cropped wp-block-gallery-4 is-layout-flex wp-block-gallery-is-layout-flex\"> <figure class=\"wp-block-image size-large\"><img loading=\"lazy\" decoding=\"async\" width=\"720\" height=\"540\" data-id=\"938\" src=\"https:\/\/www.peanuts-machine.com\/wp-content\/uploads\/2026\/01\/snack-roasting-machine.webp\" alt=\"Machine \u00e0 torr\u00e9fier les snacks\" class=\"wp-image-938\" title=\"\" srcset=\"https:\/\/www.peanuts-machine.com\/wp-content\/uploads\/2026\/01\/snack-roasting-machine.webp 720w, https:\/\/www.peanuts-machine.com\/wp-content\/uploads\/2026\/01\/snack-roasting-machine-300x225.webp 300w, https:\/\/www.peanuts-machine.com\/wp-content\/uploads\/2026\/01\/snack-roasting-machine-16x12.webp 16w\" sizes=\"auto, (max-width: 720px) 100vw, 720px\" \/><figcaption class=\"wp-element-caption\">Machine \u00e0 torr\u00e9fier les snacks<\/figcaption><\/figure>    <figure class=\"wp-block-image size-large\"><img loading=\"lazy\" decoding=\"async\" width=\"720\" height=\"540\" data-id=\"937\" src=\"https:\/\/www.peanuts-machine.com\/wp-content\/uploads\/2026\/01\/food-roasting-machine.webp\" alt=\"Machine \u00e0 torr\u00e9fier les aliments\" class=\"wp-image-937\" title=\"\" srcset=\"https:\/\/www.peanuts-machine.com\/wp-content\/uploads\/2026\/01\/food-roasting-machine.webp 720w, https:\/\/www.peanuts-machine.com\/wp-content\/uploads\/2026\/01\/food-roasting-machine-300x225.webp 300w, https:\/\/www.peanuts-machine.com\/wp-content\/uploads\/2026\/01\/food-roasting-machine-16x12.webp 16w\" sizes=\"auto, (max-width: 720px) 100vw, 720px\" \/><figcaption class=\"wp-element-caption\">Machine \u00e0 torr\u00e9fier les aliments<\/figcaption><\/figure> <\/figure>    <h2 class=\"wp-block-heading\">Param\u00e8tres techniques de la machine \u00e0 torr\u00e9fier les noix<\/h2>    <figure class=\"wp-block-table is-style-stripes\"><table class=\"has-fixed-layout\"><tbody><tr><td>Mod\u00e8le<\/td><td>M\u00e9thode de chauffage<\/td><td>Machine <br>Taille <br>(L\u00d7l\u00d7H)<\/td><td>Poids<\/td><td>Mat\u00e9riau du corps<\/td><td>Mat\u00e9riau du tambour<\/td><td>Puissance du moteur<\/td><td>Temp\u00e9rature <br>Gamme<\/td><\/tr><tr><td>Mod\u00e8le 25<\/td><td>Charbon \/ <br>Gaz LPG<\/td><td>990x470x<br>880 mm<\/td><td>60 kg<\/td><td>430 <br>Magn\u00e9tique <br>Acier inoxydable<\/td><td>Fonte<\/td><td>90 W<\/td><td>Flamme <br>r\u00e9glable<\/td><\/tr><tr><td>Mod\u00e8le 25<\/td><td>\u00c9lectrique <br>Chauffage<br>(4500 W)<\/td><td>990x470x<br>880 mm<\/td><td>65 kg<\/td><td>430 <br>Magn\u00e9tique <br>Acier inoxydable<\/td><td>Fonte<\/td><td>90 W<\/td><td>50\u2013300 \u00b0C <br>r\u00e9glable<\/td><\/tr><tr><td>Mod\u00e8le 50<\/td><td>Charbon \/ <br>Gaz LPG<\/td><td>1200x570x<br>950 mm<\/td><td>75 kg<\/td><td>430 <br>Magn\u00e9tique <br>Acier inoxydable<\/td><td>Fonte<\/td><td>120 W<\/td><td>Flamme <br>r\u00e9glable<\/td><\/tr><tr><td>Mod\u00e8le 50<\/td><td>\u00c9lectrique <br>Chauffage <br>(7200 W)<\/td><td>1200x570x<br>950 mm<\/td><td>85 kg<\/td><td>430 <br>Magn\u00e9tique <br>Acier inoxydable<\/td><td>Fonte<\/td><td>120 W<\/td><td>50\u2013300 \u00b0C <br>r\u00e9glable<\/td><\/tr><tr><td>Mod\u00e8le 100<\/td><td>Charbon \/ <br>Gaz LPG<\/td><td>1450x720x<br>1200 mm<\/td><td>160 kg<\/td><td>430 <br>Magn\u00e9tique <br>Acier inoxydable<\/td><td>Fonte<\/td><td>400 W<\/td><td>Flamme <br>r\u00e9glable<\/td><\/tr><tr><td>Mod\u00e8le 100<\/td><td>\u00c9lectrique <br>Chauffage <br>(7200 W)<\/td><td>1450x720x<br>1200 mm<\/td><td>170 kg<\/td><td>430 <br>Magn\u00e9tique <br>Acier inoxydable<\/td><td>Fonte<\/td><td>400 W<\/td><td>Temp\u00e9rature <br>contr\u00f4le &amp; minuterie<\/td><\/tr><\/tbody><\/table><figcaption class=\"wp-element-caption\">Donn\u00e9es techniques de la machine \u00e0 torr\u00e9fier commerciale<\/figcaption><\/figure>    <h2 class=\"wp-block-heading\">Contactez-nous<\/h2>    <p>Souhaitez-vous am\u00e9liorer votre efficacit\u00e9 de torr\u00e9faction et maintenir une qualit\u00e9 constante du produit ? Notre machine \u00e0 torr\u00e9fier polyvalente offre une op\u00e9ration simple, un chauffage uniforme et une sortie stable \u2014 ce qui en fait le choix id\u00e9al pour traiter noix, haricots et snacks. <\/p>    <p class=\"translation-block\">Au-del\u00e0 de cet \u00e9quipement, nous proposons \u00e9galement d'autres types de machines, telles qu'un <strong><em><a href=\"https:\/\/www.peanuts-machine.com\/fr\/product\/continuous-peanut-roasting-oven\/\">torr\u00e9facteur \u00e0 noix continu<\/a><\/em><\/strong>. Contactez-nous d\u00e8s aujourd'hui pour obtenir des sp\u00e9cifications d\u00e9taill\u00e9es, des devis et des solutions personnalis\u00e9es \u2014 rendant vos op\u00e9rations de torr\u00e9faction plus efficaces et sans effort !<\/p>","protected":false},"excerpt":{"rendered":"<p>noix<\/p>","protected":false},"author":1,"featured_media":939,"parent":0,"template":"","tags":[56,36],"product-type":[50,46],"class_list":["post-930","product","type-product","status-publish","has-post-thumbnail","hentry","tag-nut","tag-peanut","product-type-peanut-roasting-machine","product-type-products"],"_links":{"self":[{"href":"https:\/\/www.peanuts-machine.com\/fr\/wp-json\/wp\/v2\/product\/930","targetHints":{"allow":["GET"]}}],"collection":[{"href":"https:\/\/www.peanuts-machine.com\/fr\/wp-json\/wp\/v2\/product"}],"about":[{"href":"https:\/\/www.peanuts-machine.com\/fr\/wp-json\/wp\/v2\/types\/product"}],"author":[{"embeddable":true,"href":"https:\/\/www.peanuts-machine.com\/fr\/wp-json\/wp\/v2\/users\/1"}],"wp:featuredmedia":[{"embeddable":true,"href":"https:\/\/www.peanuts-machine.com\/fr\/wp-json\/wp\/v2\/media\/939"}],"wp:attachment":[{"href":"https:\/\/www.peanuts-machine.com\/fr\/wp-json\/wp\/v2\/media?parent=930"}],"wp:term":[{"taxonomy":"post_tag","embeddable":true,"href":"https:\/\/www.peanuts-machine.com\/fr\/wp-json\/wp\/v2\/tags?post=930"},{"taxonomy":"product-type","embeddable":true,"href":"https:\/\/www.peanuts-machine.com\/fr\/wp-json\/wp\/v2\/product-type?post=930"}],"curies":[{"name":"wp","href":"https:\/\/api.w.org\/{rel}","templated":true}]}}