{"id":99,"date":"2022-08-10T01:54:28","date_gmt":"2022-08-10T01:54:28","guid":{"rendered":"https:\/\/www.peanuts-machine.com\/?post_type=product&#038;p=99"},"modified":"2026-01-13T15:32:18","modified_gmt":"2026-01-13T07:32:18","slug":"peanut-butter-filling-machine","status":"publish","type":"product","link":"https:\/\/www.peanuts-machine.com\/fr\/product\/peanut-butter-filling-machine\/","title":{"rendered":"Machine de remplissage de beurre de cacahu\u00e8te | Machine d'emballage de p\u00e2te alimentaire"},"content":{"rendered":"<div class=\"kk-star-ratings kksr-auto kksr-align-left kksr-valign-top\"     data-payload='{&quot;align&quot;:&quot;left&quot;,&quot;id&quot;:&quot;99&quot;,&quot;slug&quot;:&quot;default&quot;,&quot;valign&quot;:&quot;top&quot;,&quot;ignore&quot;:&quot;&quot;,&quot;reference&quot;:&quot;auto&quot;,&quot;class&quot;:&quot;&quot;,&quot;count&quot;:&quot;15&quot;,&quot;legendonly&quot;:&quot;&quot;,&quot;readonly&quot;:&quot;&quot;,&quot;score&quot;:&quot;4.9&quot;,&quot;starsonly&quot;:&quot;&quot;,&quot;best&quot;:&quot;5&quot;,&quot;gap&quot;:&quot;5&quot;,&quot;greet&quot;:&quot;Rate this product&quot;,&quot;legend&quot;:&quot;4.9\\\/5 - (15 votes)&quot;,&quot;size&quot;:&quot;24&quot;,&quot;title&quot;:&quot;Peanut Butter Filling Machine | Food Paste Packaging Machine&quot;,&quot;width&quot;:&quot;139.6&quot;,&quot;_legend&quot;:&quot;{score}\\\/{best} - ({count} {votes})&quot;,&quot;font_factor&quot;:&quot;1.25&quot;}'>              <div class=\"kksr-stars\">      <div class=\"kksr-stars-inactive\">             <div class=\"kksr-star\" data-star=\"1\" style=\"padding-right: 5px\">               <div class=\"kksr-icon\" style=\"width: 24px; height: 24px;\"><\/div>         <\/div>             <div class=\"kksr-star\" data-star=\"2\" style=\"padding-right: 5px\">               <div class=\"kksr-icon\" style=\"width: 24px; height: 24px;\"><\/div>         <\/div>             <div class=\"kksr-star\" data-star=\"3\" style=\"padding-right: 5px\">               <div class=\"kksr-icon\" style=\"width: 24px; height: 24px;\"><\/div>         <\/div>             <div class=\"kksr-star\" data-star=\"4\" style=\"padding-right: 5px\">               <div class=\"kksr-icon\" style=\"width: 24px; height: 24px;\"><\/div>         <\/div>             <div class=\"kksr-star\" data-star=\"5\" style=\"padding-right: 5px\">               <div class=\"kksr-icon\" style=\"width: 24px; height: 24px;\"><\/div>         <\/div>     <\/div>      <div class=\"kksr-stars-active\" style=\"width: 139.6px;\">             <div class=\"kksr-star\" style=\"padding-right: 5px\">               <div class=\"kksr-icon\" style=\"width: 24px; height: 24px;\"><\/div>         <\/div>             <div class=\"kksr-star\" style=\"padding-right: 5px\">               <div class=\"kksr-icon\" style=\"width: 24px; height: 24px;\"><\/div>         <\/div>             <div class=\"kksr-star\" style=\"padding-right: 5px\">               <div class=\"kksr-icon\" style=\"width: 24px; height: 24px;\"><\/div>         <\/div>             <div class=\"kksr-star\" style=\"padding-right: 5px\">               <div class=\"kksr-icon\" style=\"width: 24px; height: 24px;\"><\/div>         <\/div>             <div class=\"kksr-star\" style=\"padding-right: 5px\">               <div class=\"kksr-icon\" style=\"width: 24px; height: 24px;\"><\/div>         <\/div>     <\/div> <\/div>                   <div class=\"kksr-legend\" style=\"font-size: 19.2px;\">             4,9\/5 - (15 votes)    <\/div>     <\/div>  <p>La machine de remplissage de beurre de cacahu\u00e8te est sp\u00e9cialement con\u00e7ue pour les sauces liquides et visqueuses, qui sont largement utilis\u00e9es dans l'emballage automatique de beurre de cacahu\u00e8te, de p\u00e2te de s\u00e9same, de confiture et d'autres produits alimentaires. <\/p>    <p>Cet \u00e9quipement est un maillon cl\u00e9 de la ligne de production de beurre de cacahu\u00e8te, qui am\u00e9liore non seulement l'efficacit\u00e9 de remplissage mais garantit \u00e9galement la propret\u00e9 et la stabilit\u00e9 du processus d'emballage. <\/p>    <p>Qu'il s'agisse d'un petit atelier qui d\u00e9bute ou d'une usine avec production par lots, nous pouvons fournir des mod\u00e8les enti\u00e8rement automatiques et semi-automatiques pour r\u00e9pondre aux besoins r\u00e9els de diff\u00e9rents clients.<\/p>    <figure class=\"wp-block-embed aligncenter is-type-video is-provider-youtube wp-block-embed-youtube wp-embed-aspect-16-9 wp-has-aspect-ratio\"><div class=\"wp-block-embed__wrapper\"> <iframe loading=\"lazy\" title=\"Machine automatique de remplissage de pots de beurre de cacahu\u00e8te | Pr\u00e9cision &amp; Efficacit\u00e9 #beurredecacahu\u00e8te #machineaderemplissage\" width=\"500\" height=\"281\" src=\"https:\/\/www.youtube.com\/embed\/EkCZhYds2dw?feature=oembed\" frameborder=\"0\" allow=\"accelerometer; autoplay; clipboard-write; encrypted-media; gyroscope; picture-in-picture; web-share\" referrerpolicy=\"strict-origin-when-cross-origin\" allowfullscreen><\/iframe> <\/div><figcaption class=\"wp-element-caption\">Vid\u00e9o de fonctionnement de la machine de remplissage de beurre de cacahu\u00e8te<\/figcaption><\/figure>    <h2 class=\"wp-block-heading\">Champ d'application de la machine d'emballage de beurre de cacahu\u00e8te<\/h2>    <ul class=\"wp-block-list\"> <li>Aliments collants tels que le beurre de cacahu\u00e8te, le beurre de s\u00e9same, la sauce piquante, la confiture, etc.<\/li>    <li>Condiments liquides tels que le miel, le lait concentr\u00e9, les vinaigrettes, le ketchup, etc.<\/li>    <li>Cosm\u00e9tiques tels que les lotions, les cr\u00e8mes et d'autres produits semi-liquides.<\/li>    <li>Cr\u00e8mes et m\u00e9dicaments liquides dans l'industrie pharmaceutique.<\/li>    <li>Huiles, lubrifiants, d\u00e9tergents, etc. dans l'industrie chimique.<\/li> <\/ul>   <div class=\"wp-block-image\"> <figure class=\"aligncenter size-full\"><img loading=\"lazy\" decoding=\"async\" width=\"720\" height=\"540\" src=\"https:\/\/www.peanuts-machine.com\/wp-content\/uploads\/2022\/08\/application-of-peanut-butter-2.webp\" alt=\"application de beurre de cacahu\u00e8te\" class=\"wp-image-325\" title=\"\" srcset=\"https:\/\/www.peanuts-machine.com\/wp-content\/uploads\/2022\/08\/application-of-peanut-butter-2.webp 720w, https:\/\/www.peanuts-machine.com\/wp-content\/uploads\/2022\/08\/application-of-peanut-butter-2-300x225.webp 300w\" sizes=\"auto, (max-width: 720px) 100vw, 720px\" \/><figcaption class=\"wp-element-caption\">application de beurre de cacahu\u00e8te<\/figcaption><\/figure> <\/div>  <div class=\"wp-block-image\"> <figure class=\"aligncenter size-full\"><img loading=\"lazy\" decoding=\"async\" width=\"720\" height=\"540\" src=\"https:\/\/www.peanuts-machine.com\/wp-content\/uploads\/2022\/08\/finished-products-1.webp\" alt=\"produits finis\" class=\"wp-image-104\" title=\"\" srcset=\"https:\/\/www.peanuts-machine.com\/wp-content\/uploads\/2022\/08\/finished-products-1.webp 720w, https:\/\/www.peanuts-machine.com\/wp-content\/uploads\/2022\/08\/finished-products-1-300x225.webp 300w\" sizes=\"auto, (max-width: 720px) 100vw, 720px\" \/><figcaption class=\"wp-element-caption\">produits finis<\/figcaption><\/figure> <\/div>   <h2 class=\"wp-block-heading\">Avantages de la machine de remplissage de beurre de cacahu\u00e8te<\/h2>    <ul class=\"wp-block-list\"> <li>Conception anti-goutte : la buse de remplissage est \u00e9quip\u00e9e d'un dispositif anti-goutte, qui se ferme automatiquement \u00e0 la fin du remplissage pour \u00e9viter le gaspillage et la pollution du produit.<\/li>    <li>Fonctionnement s\u00fbr : \u00e9quip\u00e9 d'un bac \u00e0 liquide pour collecter les liquides r\u00e9siduels, garder l'\u00e9quipement propre et net, r\u00e9duire les r\u00e9sidus au sol et garantir l'assainissement de l'environnement de production.<\/li>    <li>Nettoyage pratique : conception structurelle raisonnable, d\u00e9montage simple, facile \u00e0 nettoyer et \u00e0 entretenir, conforme aux normes d'hygi\u00e8ne alimentaire.<\/li>    <li>Compatibilit\u00e9 forte des bouteilles : structure ajustable adapt\u00e9e \u00e0 diff\u00e9rentes tailles de bouteilles, pas besoin de remplacer des pi\u00e8ces, ce qui permet de gagner du temps lors des conversions.<\/li>    <li>Haut degr\u00e9 d'automatisation : syst\u00e8me enti\u00e8rement automatique ou semi-automatique selon les exigences du client, am\u00e9liorant consid\u00e9rablement l'efficacit\u00e9 de production et r\u00e9duisant les co\u00fbts de main-d'\u0153uvre.<\/li> <\/ul>   <div class=\"wp-block-image\"> <figure class=\"aligncenter size-full\"><img loading=\"lazy\" decoding=\"async\" width=\"720\" height=\"540\" src=\"https:\/\/www.peanuts-machine.com\/wp-content\/uploads\/2022\/08\/peanut-butter-filling-machine-1.webp\" alt=\"machine de remplissage de beurre de cacahu\u00e8te\" class=\"wp-image-767\" title=\"\" srcset=\"https:\/\/www.peanuts-machine.com\/wp-content\/uploads\/2022\/08\/peanut-butter-filling-machine-1.webp 720w, https:\/\/www.peanuts-machine.com\/wp-content\/uploads\/2022\/08\/peanut-butter-filling-machine-1-300x225.webp 300w, https:\/\/www.peanuts-machine.com\/wp-content\/uploads\/2022\/08\/peanut-butter-filling-machine-1-16x12.webp 16w\" sizes=\"auto, (max-width: 720px) 100vw, 720px\" \/><figcaption class=\"wp-element-caption\">machine de remplissage de beurre de cacahu\u00e8te<\/figcaption><\/figure> <\/div>   <h2 class=\"wp-block-heading\" id=\"h-the-working-principle-of-peanut-butter-filler\">Principe de fonctionnement de la machine de remplissage de beurre de cacahu\u00e8te<\/h2>    <p>La remplisseuse de beurre de cacahu\u00e8te se compose d'une buse de remplissage ind\u00e9pendante, d'un \u00e9cran tactile \u00e9lectronique, d'un convoyeur et d'une armoire de commande \u00e9lectrique.<\/p>    <ol class=\"wp-block-list\"> <li>D\u00e9marrage de l'\u00e9quipement : apr\u00e8s que l'alimentation est mise sous tension, la machine commence \u00e0 fonctionner et la pompe \u00e0 piston pneumatique est activ\u00e9e, pr\u00eate \u00e0 effectuer l'action d'aspiration et de remplissage.<\/li>    <li>Processus d'aspiration : la pompe \u00e0 piston contr\u00f4l\u00e9e pneumatiquement aspire le beurre de cacahu\u00e8te et d'autres mat\u00e9riaux du r\u00e9servoir de stockage dans le cylindre de dosage quantitatif.<\/li>    <li>Positionnement automatique : lorsque le cylindre de dosage aspire la quantit\u00e9 d\u00e9finie de beurre de cacahu\u00e8te, la buse de remplissage se d\u00e9place automatiquement vers le haut de l'ouverture de la bouteille pour le positionnement.<\/li>    <li>Remplissage et d\u00e9chargement : la vanne de la buse de remplissage s'ouvre, le beurre de cacahu\u00e8te est inject\u00e9 quantitativement dans la bouteille d'emballage \u00e0 travers le pipeline de mat\u00e9riau.<\/li>    <li>Contr\u00f4le pr\u00e9cis : les utilisateurs peuvent ajuster la course ou les param\u00e8tres de la pompe \u00e0 piston pneumatique pour contr\u00f4ler pr\u00e9cis\u00e9ment la quantit\u00e9 de remplissage \u00e0 chaque fois.<\/li>    <li>Fonction anti-goutte : apr\u00e8s le remplissage, la buse se ferme automatiquement pour \u00e9viter les gouttes et garantir un remplissage propre et sanitaire.<\/li> <\/ol>   <div class=\"wp-block-image\"> <figure class=\"aligncenter size-full\"><img loading=\"lazy\" decoding=\"async\" width=\"720\" height=\"540\" src=\"https:\/\/www.peanuts-machine.com\/wp-content\/uploads\/2022\/08\/nut-paste-filler-machine.webp\" alt=\"Machine de remplissage de p\u00e2te de noix\" class=\"wp-image-900\" title=\"\" srcset=\"https:\/\/www.peanuts-machine.com\/wp-content\/uploads\/2022\/08\/nut-paste-filler-machine.webp 720w, https:\/\/www.peanuts-machine.com\/wp-content\/uploads\/2022\/08\/nut-paste-filler-machine-300x225.webp 300w, https:\/\/www.peanuts-machine.com\/wp-content\/uploads\/2022\/08\/nut-paste-filler-machine-16x12.webp 16w\" sizes=\"auto, (max-width: 720px) 100vw, 720px\" \/><figcaption class=\"wp-element-caption\">Machine de remplissage de p\u00e2te de noix<\/figcaption><\/figure> <\/div>   <div class=\"wp-block-columns is-layout-flex wp-container-core-columns-is-layout-9d6595d7 wp-block-columns-is-layout-flex\"> <div class=\"wp-block-column is-layout-flow wp-block-column-is-layout-flow\"> <figure class=\"wp-block-image size-full\"><img loading=\"lazy\" decoding=\"async\" width=\"302\" height=\"221\" src=\"https:\/\/www.peanuts-machine.com\/wp-content\/uploads\/2022\/08\/servo-motor.webp\" alt=\"servomoteur\" class=\"wp-image-112\" title=\"\" srcset=\"https:\/\/www.peanuts-machine.com\/wp-content\/uploads\/2022\/08\/servo-motor.webp 302w, https:\/\/www.peanuts-machine.com\/wp-content\/uploads\/2022\/08\/servo-motor-300x220.webp 300w\" sizes=\"auto, (max-width: 302px) 100vw, 302px\" \/><figcaption class=\"wp-element-caption\">servomoteur<\/figcaption><\/figure> <\/div>    <div class=\"wp-block-column is-layout-flow wp-block-column-is-layout-flow\"> <figure class=\"wp-block-image size-full\"><img loading=\"lazy\" decoding=\"async\" width=\"351\" height=\"193\" src=\"https:\/\/www.peanuts-machine.com\/wp-content\/uploads\/2022\/08\/paste-filling-pneumatic-device.webp\" alt=\"dispositif pneumatique de remplissage de p\u00e2te\" class=\"wp-image-110\" title=\"\" srcset=\"https:\/\/www.peanuts-machine.com\/wp-content\/uploads\/2022\/08\/paste-filling-pneumatic-device.webp 351w, https:\/\/www.peanuts-machine.com\/wp-content\/uploads\/2022\/08\/paste-filling-pneumatic-device-300x165.webp 300w\" sizes=\"auto, (max-width: 351px) 100vw, 351px\" \/><figcaption class=\"wp-element-caption\">dispositif pneumatique de remplissage de p\u00e2te<\/figcaption><\/figure> <\/div>    <div class=\"wp-block-column is-layout-flow wp-block-column-is-layout-flow\"> <figure class=\"wp-block-image size-full\"><img loading=\"lazy\" decoding=\"async\" width=\"353\" height=\"203\" src=\"https:\/\/www.peanuts-machine.com\/wp-content\/uploads\/2022\/08\/filling-nozzle.webp\" alt=\"buse de remplissage\" class=\"wp-image-109\" title=\"\" srcset=\"https:\/\/www.peanuts-machine.com\/wp-content\/uploads\/2022\/08\/filling-nozzle.webp 353w, https:\/\/www.peanuts-machine.com\/wp-content\/uploads\/2022\/08\/filling-nozzle-300x173.webp 300w\" sizes=\"auto, (max-width: 353px) 100vw, 353px\" \/><figcaption class=\"wp-element-caption\">buse de remplissage<\/figcaption><\/figure> <\/div> <\/div>    <figure class=\"wp-block-embed aligncenter is-type-video is-provider-youtube wp-block-embed-youtube wp-embed-aspect-16-9 wp-has-aspect-ratio\"><div class=\"wp-block-embed__wrapper\"> <iframe loading=\"lazy\" title=\"Machine de remplissage de beurre de cacahu\u00e8te | Remplissez le beurre de cacahu\u00e8te en une seconde avec du remplisseur de beurre de cacahu\u00e8te\" width=\"500\" height=\"281\" src=\"https:\/\/www.youtube.com\/embed\/h2xL4Z-rbF0?feature=oembed\" frameborder=\"0\" allow=\"accelerometer; autoplay; clipboard-write; encrypted-media; gyroscope; picture-in-picture; web-share\" referrerpolicy=\"strict-origin-when-cross-origin\" allowfullscreen><\/iframe> <\/div><figcaption class=\"wp-element-caption\">Vid\u00e9o de fonctionnement de la machine de remplissage automatique de beurre de cacahu\u00e8te.<\/figcaption><\/figure>    <h2 class=\"wp-block-heading\" id=\"h-machine-parameters\">Param\u00e8tres de la machine de remplissage de beurre de noix<\/h2>    <figure class=\"wp-block-table is-style-stripes\"><table><tbody><tr><td>Nom<\/td><td>Machine de remplissage \u00e0 4 t\u00eates<\/td><\/tr><tr><td>Mat\u00e9riel<\/td><td>Acier inoxydable<\/td><\/tr><tr><td>T\u00eate de remplissage<\/td><td>4 t\u00eates<\/td><\/tr><tr><td>Type entra\u00een\u00e9<\/td><td>Pneumatique &amp; \u00c9lectrique<\/td><\/tr><tr><td>Service apr\u00e8s-vente fourni<\/td><td>Garantie : 1 an ; Support technique vid\u00e9o<\/td><\/tr><tr><td>Volume de Remplissage<\/td><td>500-3000ml<\/td><\/tr><tr><td>Vitesse de remplissage<\/td><td>2 t\u00eates : 240KG-960KG ; 4 t\u00eates : 480KG-1920KG<\/td><\/tr><tr><td>Volume de la tr\u00e9mie<\/td><td>350L<\/td><\/tr><tr><td>Pouvoir<\/td><td>220V, 50Hz, 500W<\/td><\/tr><tr><td>Taille de la machine<\/td><td>1850mm*1040mm*1900mm<\/td><\/tr><tr><td>Poids<\/td><td>700KG<\/td><\/tr><\/tbody><\/table><figcaption class=\"wp-element-caption\">Param\u00e8tres techniques de la machine de remplissage de beurre de cacahu\u00e8te<\/figcaption><\/figure>   <div class=\"wp-block-image\"> <figure class=\"aligncenter size-full\"><img loading=\"lazy\" decoding=\"async\" width=\"720\" height=\"540\" src=\"https:\/\/www.peanuts-machine.com\/wp-content\/uploads\/2022\/08\/viscous-liquid-filling-machine.webp\" alt=\"Machine de remplissage de liquide visqueux\" class=\"wp-image-901\" title=\"\" srcset=\"https:\/\/www.peanuts-machine.com\/wp-content\/uploads\/2022\/08\/viscous-liquid-filling-machine.webp 720w, https:\/\/www.peanuts-machine.com\/wp-content\/uploads\/2022\/08\/viscous-liquid-filling-machine-300x225.webp 300w, https:\/\/www.peanuts-machine.com\/wp-content\/uploads\/2022\/08\/viscous-liquid-filling-machine-16x12.webp 16w\" sizes=\"auto, (max-width: 720px) 100vw, 720px\" \/><figcaption class=\"wp-element-caption\">Machine de remplissage de liquide visqueux<\/figcaption><\/figure> <\/div>   <h2 class=\"wp-block-heading\" id=\"h-do-you-want-to-get-the-complete-peanut-butter-filling-system\">Voulez-vous obtenir le syst\u00e8me complet de remplissage de beurre de cacahu\u00e8te\u00a0?<\/h2>    <p>Si vous avez besoin non seulement d'une machine de remplissage de beurre de cacahu\u00e8te, mais que vous souhaitez \u00e9galement mettre en place une ligne de production de remplissage compl\u00e8te et efficace, Taizy peut vous fournir un syst\u00e8me de remplissage de beurre de cacahu\u00e8te professionnel complet.<\/p>    <p>L'ensemble de la ligne couvre tout le processus, du codage et de l'\u00e9tiquetage au remplissage et au capsulage. L'\u00e9quipement comprend une machine de codage, une machine d'\u00e9tiquetage, une machine de remplissage et une machine de capsulage, chaque \u00e9tape de la ligne de production est pr\u00e9cise, efficace et automatis\u00e9e pour garantir que les produits sont soign\u00e9s, beaux et standardis\u00e9s.<\/p>    <p>Que ce soit pour les supermarch\u00e9s, les march\u00e9s de gros ou les plateformes de commerce \u00e9lectronique, les produits de beurre de cacahu\u00e8te remplis avec ce syst\u00e8me peuvent atteindre des r\u00e9sultats d'emballage uniformes et standardis\u00e9s, vous aidant \u00e0 cr\u00e9er une image de marque professionnelle.<\/p>    <p>Nous pouvons fournir des configurations flexibles en fonction de votre demande de production et de votre budget, n'h\u00e9sitez pas \u00e0 nous consulter pour des solutions d\u00e9taill\u00e9es et des devis \u00e0 tout moment.<\/p>   <div class=\"wp-block-image\"> <figure class=\"aligncenter size-full\"><img loading=\"lazy\" decoding=\"async\" width=\"720\" height=\"540\" src=\"https:\/\/www.peanuts-machine.com\/wp-content\/uploads\/2022\/08\/peanut-butter-production-line.webp\" alt=\"ligne de production de beurre de cacahu\u00e8te\" class=\"wp-image-49\" title=\"\" srcset=\"https:\/\/www.peanuts-machine.com\/wp-content\/uploads\/2022\/08\/peanut-butter-production-line.webp 720w, https:\/\/www.peanuts-machine.com\/wp-content\/uploads\/2022\/08\/peanut-butter-production-line-300x225.webp 300w\" sizes=\"auto, (max-width: 720px) 100vw, 720px\" \/><figcaption class=\"wp-element-caption\">ligne de production de beurre de cacahu\u00e8te<\/figcaption><\/figure> <\/div>   <h2 class=\"wp-block-heading\" id=\"h-small-peanut-butter-filling-machine-for-sale\">Machine de remplissage de beurre de cacahu\u00e8te personnalis\u00e9e \u00e0 vendre<\/h2>    <p>La machine de remplissage de beurre de cacahu\u00e8te Taizy est non seulement facile \u00e0 utiliser et compacte, mais elle poss\u00e8de \u00e9galement des caract\u00e9ristiques pratiques telles qu'un design anti-goutte, facile \u00e0 nettoyer et adaptable \u00e0 une vari\u00e9t\u00e9 de types de bouteilles. <\/p>    <p class=\"translation-block\">Nous produisons \u00e0 la fois <a href=\"https:\/\/www.peanuts-machine.com\/fr\/product\/peanut-butter-production-line\/\"> <strong><em>ligne de production de beurre d'arachide<\/em><\/strong><\/a> adapt\u00e9e \u00e0 une production \u00e0 grande \u00e9chelle, ainsi que de petites <a href=\"https:\/\/www.peanuts-machine.com\/fr\/product\/commercial-peanut-butter-machine\/\"> <strong><em>machines de traitement du beurre d'arachide<\/em><\/strong><\/a> adapt\u00e9es aux petites et moyennes entreprises ou aux usines de cr\u00e9ation, avec un bon rapport co\u00fbt-efficacit\u00e9 et un seuil d'investissement faible.<\/p>    <p class=\"translation-block\">De plus, l'\u00e9quipement a une large gamme d'applications, non seulement pour le remplissage du <a href=\"https:\/\/en.wikipedia.org\/wiki\/Peanut_butter\" target=\"_blank\" rel=\"noopener\">beurre d'arachide<\/a>, mais aussi pour le remplissage de produits liquides ou visqueux tels que le ketchup, la confiture, le miel, le jus, la cr\u00e8me pour la peau, le shampoing, etc. Il est largement utilis\u00e9 dans de nombreuses industries telles que l'alimentation, les condiments, les produits chimiques quotidiens, les produits pharmaceutiques, et ainsi de suite.<\/p>    <p>Que vous souhaitiez augmenter votre capacit\u00e9 de production, am\u00e9liorer votre efficacit\u00e9 ou que vous pr\u00e9voyiez de partir de z\u00e9ro dans l'industrie du traitement du beurre de cacahu\u00e8te, nous pouvons vous fournir des solutions cl\u00e9s en main et un service apr\u00e8s-vente attentif. N'h\u00e9sitez pas \u00e0 nous contacter pour des solutions personnalis\u00e9es et des devis afin de rendre votre production de remplissage plus efficace, professionnelle et fiable !<\/p>","protected":false},"excerpt":{"rendered":"<p>La machine de remplissage de beurre de cacahu\u00e8te est utilis\u00e9e pour l'emballage de mat\u00e9riaux liquides et en p\u00e2te, adapt\u00e9e pour le beurre de cacahu\u00e8te, la confiture, le ketchup et de nombreux autres produits, avec les avantages d'une pr\u00e9cision de remplissage, d'une protection anti-goutte, etc.<\/p>","protected":false},"author":1,"featured_media":111,"parent":0,"template":"","tags":[35],"product-type":[51,46],"class_list":["post-99","product","type-product","status-publish","has-post-thumbnail","hentry","tag-peanut-butter","product-type-peanut-butter-machine","product-type-products"],"_links":{"self":[{"href":"https:\/\/www.peanuts-machine.com\/fr\/wp-json\/wp\/v2\/product\/99","targetHints":{"allow":["GET"]}}],"collection":[{"href":"https:\/\/www.peanuts-machine.com\/fr\/wp-json\/wp\/v2\/product"}],"about":[{"href":"https:\/\/www.peanuts-machine.com\/fr\/wp-json\/wp\/v2\/types\/product"}],"author":[{"embeddable":true,"href":"https:\/\/www.peanuts-machine.com\/fr\/wp-json\/wp\/v2\/users\/1"}],"wp:featuredmedia":[{"embeddable":true,"href":"https:\/\/www.peanuts-machine.com\/fr\/wp-json\/wp\/v2\/media\/111"}],"wp:attachment":[{"href":"https:\/\/www.peanuts-machine.com\/fr\/wp-json\/wp\/v2\/media?parent=99"}],"wp:term":[{"taxonomy":"post_tag","embeddable":true,"href":"https:\/\/www.peanuts-machine.com\/fr\/wp-json\/wp\/v2\/tags?post=99"},{"taxonomy":"product-type","embeddable":true,"href":"https:\/\/www.peanuts-machine.com\/fr\/wp-json\/wp\/v2\/product-type?post=99"}],"curies":[{"name":"wp","href":"https:\/\/api.w.org\/{rel}","templated":true}]}}