{"id":39,"date":"2022-08-09T06:15:51","date_gmt":"2022-08-09T06:15:51","guid":{"rendered":"https:\/\/www.peanuts-machine.com\/?page_id=39"},"modified":"2026-04-01T17:39:21","modified_gmt":"2026-04-01T09:39:21","slug":"contact-us","status":"publish","type":"page","link":"https:\/\/www.peanuts-machine.com\/pt\/contact-us\/","title":{"rendered":"Contate-nos"},"content":{"rendered":"<div class=\"wp-block-columns is-layout-flex wp-container-core-columns-is-layout-9d6595d7 wp-block-columns-is-layout-flex\"> <div class=\"wp-block-column has-cyan-bluish-gray-background-color has-background is-layout-flow wp-block-column-is-layout-flow\" style=\"flex-basis:100%\"> <p>Entre em contato conosco para qualquer d\u00favida sobre nossas m\u00e1quinas.<\/p>    <p class=\"translation-block\"><strong>Morada do Escrit\u00f3rio<\/strong><\/p>    <p>Estrada N\u00e1utica Leste, Zona de Desenvolvimento Econ\u00f4mico de Zhengzhou, Henan, China<\/p>    <p class=\"translation-block\"><strong>Email<\/strong><\/p>    <p>info@peanuts-machine.com<\/p>    <p class=\"translation-block\"><strong>Tel\/WhatsApp<\/strong><\/p>    <p>+86 17320158259<\/p> <\/div> <\/div>    <p><\/p>","protected":false},"excerpt":{"rendered":"<p>Entre em contacto connosco para quaisquer quest\u00f5es sobre as nossas m\u00e1quinas. Endere\u00e7o do escrit\u00f3rio Nautical Road East, Zona de Desenvolvimento Econ\u00f3mico de Zhengzhou, Henan, China Email info@peanuts-machine.com Tel\/WhatsApp  86 17320158259<\/p>","protected":false},"author":1,"featured_media":0,"parent":0,"menu_order":0,"comment_status":"closed","ping_status":"closed","template":"","meta":{"footnotes":""},"class_list":["post-39","page","type-page","status-publish","hentry"],"_links":{"self":[{"href":"https:\/\/www.peanuts-machine.com\/pt\/wp-json\/wp\/v2\/pages\/39","targetHints":{"allow":["GET"]}}],"collection":[{"href":"https:\/\/www.peanuts-machine.com\/pt\/wp-json\/wp\/v2\/pages"}],"about":[{"href":"https:\/\/www.peanuts-machine.com\/pt\/wp-json\/wp\/v2\/types\/page"}],"author":[{"embeddable":true,"href":"https:\/\/www.peanuts-machine.com\/pt\/wp-json\/wp\/v2\/users\/1"}],"replies":[{"embeddable":true,"href":"https:\/\/www.peanuts-machine.com\/pt\/wp-json\/wp\/v2\/comments?post=39"}],"version-history":[{"count":4,"href":"https:\/\/www.peanuts-machine.com\/pt\/wp-json\/wp\/v2\/pages\/39\/revisions"}],"predecessor-version":[{"id":1278,"href":"https:\/\/www.peanuts-machine.com\/pt\/wp-json\/wp\/v2\/pages\/39\/revisions\/1278"}],"wp:attachment":[{"href":"https:\/\/www.peanuts-machine.com\/pt\/wp-json\/wp\/v2\/media?parent=39"}],"curies":[{"name":"wp","href":"https:\/\/api.w.org\/{rel}","templated":true}]}}