{"id":1022,"date":"2026-01-15T15:15:39","date_gmt":"2026-01-15T07:15:39","guid":{"rendered":"https:\/\/www.peanuts-machine.com\/?post_type=product&#038;p=1022"},"modified":"2026-01-15T15:17:05","modified_gmt":"2026-01-15T07:17:05","slug":"cashew-nut-grading-machine","status":"publish","type":"product","link":"https:\/\/www.peanuts-machine.com\/pt\/product\/cashew-nut-grading-machine\/","title":{"rendered":"M\u00e1quina de Classifica\u00e7\u00e3o de Castanha de Caju | Classificador Autom\u00e1tico de Caju"},"content":{"rendered":"<div class=\"kk-star-ratings kksr-auto kksr-align-left kksr-valign-top\"     data-payload='{&quot;align&quot;:&quot;left&quot;,&quot;id&quot;:&quot;1022&quot;,&quot;slug&quot;:&quot;default&quot;,&quot;valign&quot;:&quot;top&quot;,&quot;ignore&quot;:&quot;&quot;,&quot;reference&quot;:&quot;auto&quot;,&quot;class&quot;:&quot;&quot;,&quot;count&quot;:&quot;29&quot;,&quot;legendonly&quot;:&quot;&quot;,&quot;readonly&quot;:&quot;&quot;,&quot;score&quot;:&quot;4.6&quot;,&quot;starsonly&quot;:&quot;&quot;,&quot;best&quot;:&quot;5&quot;,&quot;gap&quot;:&quot;5&quot;,&quot;greet&quot;:&quot;Rate this product&quot;,&quot;legend&quot;:&quot;4.6\\\/5 - (29 votes)&quot;,&quot;size&quot;:&quot;24&quot;,&quot;title&quot;:&quot;Cashew Nut Grading Machine | Automatic Cashew Grader&quot;,&quot;width&quot;:&quot;130.9&quot;,&quot;_legend&quot;:&quot;{score}\\\/{best} - ({count} {votes})&quot;,&quot;font_factor&quot;:&quot;1.25&quot;}'>              <div class=\"kksr-stars\">      <div class=\"kksr-stars-inactive\">             <div class=\"kksr-star\" data-star=\"1\" style=\"padding-right: 5px\">               <div class=\"kksr-icon\" style=\"width: 24px; height: 24px;\"><\/div>         <\/div>             <div class=\"kksr-star\" data-star=\"2\" style=\"padding-right: 5px\">               <div class=\"kksr-icon\" style=\"width: 24px; height: 24px;\"><\/div>         <\/div>             <div class=\"kksr-star\" data-star=\"3\" style=\"padding-right: 5px\">               <div class=\"kksr-icon\" style=\"width: 24px; height: 24px;\"><\/div>         <\/div>             <div class=\"kksr-star\" data-star=\"4\" style=\"padding-right: 5px\">               <div class=\"kksr-icon\" style=\"width: 24px; height: 24px;\"><\/div>         <\/div>             <div class=\"kksr-star\" data-star=\"5\" style=\"padding-right: 5px\">               <div class=\"kksr-icon\" style=\"width: 24px; height: 24px;\"><\/div>         <\/div>     <\/div>      <div class=\"kksr-stars-active\" style=\"width: 130.9px;\">             <div class=\"kksr-star\" style=\"padding-right: 5px\">               <div class=\"kksr-icon\" style=\"width: 24px; height: 24px;\"><\/div>         <\/div>             <div class=\"kksr-star\" style=\"padding-right: 5px\">               <div class=\"kksr-icon\" style=\"width: 24px; height: 24px;\"><\/div>         <\/div>             <div class=\"kksr-star\" style=\"padding-right: 5px\">               <div class=\"kksr-icon\" style=\"width: 24px; height: 24px;\"><\/div>         <\/div>             <div class=\"kksr-star\" style=\"padding-right: 5px\">               <div class=\"kksr-icon\" style=\"width: 24px; height: 24px;\"><\/div>         <\/div>             <div class=\"kksr-star\" style=\"padding-right: 5px\">               <div class=\"kksr-icon\" style=\"width: 24px; height: 24px;\"><\/div>         <\/div>     <\/div> <\/div>                   <div class=\"kksr-legend\" style=\"font-size: 19.2px;\">             4,6\/5 - (29 votos)    <\/div>     <\/div>  <p>As nozes de caju apresentam varia\u00e7\u00f5es significativas de tamanho durante o crescimento natural. Sem uma classifica\u00e7\u00e3o cient\u00edfica, isso afeta a apar\u00eancia do produto e a efici\u00eancia de vendas. Nossas m\u00e1quinas de classifica\u00e7\u00e3o de nozes de caju podem separar as nozes em 3\u20134 categorias com base na largura ou tamanho em uma \u00fanica passagem, alcan\u00e7ando uma classifica\u00e7\u00e3o padronizada e precisa.<\/p>    <p>Atualmente oferecemos dois modelos comprovados: a m\u00e1quina de classifica\u00e7\u00e3o de caju de m\u00faltiplos rolos e a m\u00e1quina de classifica\u00e7\u00e3o de caju do tipo tambor. Ambos s\u00e3o adequados para classifica\u00e7\u00e3o de tamanho de gomos de caju, apresentando constru\u00e7\u00e3o est\u00e1vel, classifica\u00e7\u00e3o precisa e opera\u00e7\u00e3o simples, com capacidades de processamento de 300\u2013500 kg\/h.<\/p>    <p>Os usu\u00e1rios podem selecionar de forma flex\u00edvel o modelo adequado com base nas suas necessidades de volume de produ\u00e7\u00e3o, precis\u00e3o de classifica\u00e7\u00e3o e condi\u00e7\u00f5es no local, atendendo \u00e0s demandas operacionais de empresas de processamento de caju de diferentes escalas.<\/p>    <figure class=\"wp-block-embed aligncenter is-type-video is-provider-youtube wp-block-embed-youtube wp-embed-aspect-9-16 wp-has-aspect-ratio\"><div class=\"wp-block-embed__wrapper\"> <iframe loading=\"lazy\" title=\"Cashew Kernel Grading Machine (Drum Type &amp; Multi-Roller) | Accurate &amp; Efficient Sorting#cashew\" width=\"422\" height=\"750\" src=\"https:\/\/www.youtube.com\/embed\/C7zvJ8bjQBs?feature=oembed\" frameborder=\"0\" allow=\"accelerometer; autoplay; clipboard-write; encrypted-media; gyroscope; picture-in-picture; web-share\" referrerpolicy=\"strict-origin-when-cross-origin\" allowfullscreen><\/iframe> <\/div><figcaption class=\"wp-element-caption\">V\u00eddeo de trabalho da m\u00e1quina de classifica\u00e7\u00e3o de gomos de caju<\/figcaption><\/figure>    <h2 class=\"wp-block-heading\">M\u00e1quina de classifica\u00e7\u00e3o de caju de m\u00faltiplos rolos<\/h2>    <p>A m\u00e1quina de classifica\u00e7\u00e3o de caju de m\u00faltiplos rolos emprega uma estrutura de ajuste de espa\u00e7o entre rolos m\u00faltiplos. Consiste em rolos de classifica\u00e7\u00e3o de v\u00e1rias camadas superiores, m\u00e9dias e inferiores, que respectivamente produzem gomos grandes, m\u00e9dios e pequenos. Ao ajustar o espa\u00e7o entre cada camada de rolos, \u00e9 alcan\u00e7ada uma classifica\u00e7\u00e3o precisa da largura do gomo de caju, oferecendo padr\u00f5es de classifica\u00e7\u00e3o claros e ajuste flex\u00edvel.<\/p>    <p>Configura\u00e7\u00f5es comuns de classifica\u00e7\u00e3o incluem 3\u20134 categorias de tamanho, como:<\/p>    <ul class=\"wp-block-list\"> <li>Abaixo de 8 mm<\/li>    <li>8\u201310 mm<\/li>    <li>10\u201312 mm<\/li>    <li>Mais de 12 mm (opcional)<\/li> <\/ul>    <p>O equipamento opera de forma est\u00e1vel com dano m\u00ednimo aos gomos durante a classifica\u00e7\u00e3o, sendo ideal para usu\u00e1rios que exigem alta precis\u00e3o de classifica\u00e7\u00e3o e qualidade consistente do produto.<\/p>    <p>Especifica\u00e7\u00f5es principais:<\/p>    <ul class=\"wp-block-list\"> <li>Pot\u00eancia do motor: 1.1 kW<\/li>    <li>Tens\u00e3o \/ Frequ\u00eancia: 380V \/ 50Hz<\/li>    <li>Capacidade de processamento: 300\u2013400 kg\/h<\/li>    <li>Dimens\u00f5es: 2,3 \u00d7 0,8 \u00d7 1,6 m<\/li>    <li>Peso total: Aproximadamente 180 kg<\/li> <\/ul>    <figure class=\"wp-block-gallery has-nested-images columns-default is-cropped wp-block-gallery-2 is-layout-flex wp-block-gallery-is-layout-flex\"> <figure class=\"wp-block-image size-large\"><img loading=\"lazy\" decoding=\"async\" width=\"720\" height=\"540\" data-id=\"1030\" src=\"https:\/\/www.peanuts-machine.com\/wp-content\/uploads\/2026\/01\/multi-roll-cashew-nut-grading-machine.webp\" alt=\"m\u00e1quina de classifica\u00e7\u00e3o de nozes de caju de m\u00faltiplos rolos\" class=\"wp-image-1030\" title=\"\" srcset=\"https:\/\/www.peanuts-machine.com\/wp-content\/uploads\/2026\/01\/multi-roll-cashew-nut-grading-machine.webp 720w, https:\/\/www.peanuts-machine.com\/wp-content\/uploads\/2026\/01\/multi-roll-cashew-nut-grading-machine-300x225.webp 300w, https:\/\/www.peanuts-machine.com\/wp-content\/uploads\/2026\/01\/multi-roll-cashew-nut-grading-machine-16x12.webp 16w\" sizes=\"auto, (max-width: 720px) 100vw, 720px\" \/><figcaption class=\"wp-element-caption\">m\u00e1quina de classifica\u00e7\u00e3o de nozes de caju de m\u00faltiplos rolos<\/figcaption><\/figure>    <figure class=\"wp-block-image size-large\"><img loading=\"lazy\" decoding=\"async\" width=\"720\" height=\"540\" data-id=\"1029\" src=\"https:\/\/www.peanuts-machine.com\/wp-content\/uploads\/2026\/01\/kernel-sorting-machine.webp\" alt=\"m\u00e1quina de classifica\u00e7\u00e3o de gomos\" class=\"wp-image-1029\" title=\"\" srcset=\"https:\/\/www.peanuts-machine.com\/wp-content\/uploads\/2026\/01\/kernel-sorting-machine.webp 720w, https:\/\/www.peanuts-machine.com\/wp-content\/uploads\/2026\/01\/kernel-sorting-machine-300x225.webp 300w, https:\/\/www.peanuts-machine.com\/wp-content\/uploads\/2026\/01\/kernel-sorting-machine-16x12.webp 16w\" sizes=\"auto, (max-width: 720px) 100vw, 720px\" \/><figcaption class=\"wp-element-caption\">m\u00e1quina de classifica\u00e7\u00e3o de gomos<\/figcaption><\/figure> <\/figure>    <h2 class=\"wp-block-heading\">M\u00e1quina de classifica\u00e7\u00e3o de caju do tipo tambor<\/h2>    <p>A m\u00e1quina de classifica\u00e7\u00e3o de nozes de caju do tipo tambor apresenta um tambor segmentado com uma estrutura de classifica\u00e7\u00e3o de espa\u00e7o fixo, composta por um sistema de acionamento, conjunto de tambor e estrutura. \u00c0 medida que o material avan\u00e7a dentro do tambor, passa por uma classifica\u00e7\u00e3o sequencial com base em diferentes tamanhos de espa\u00e7o, garantindo uma sequ\u00eancia de classifica\u00e7\u00e3o clara e alta capacidade de processamento.<\/p>    <p>Normalmente, a m\u00e1quina primeiro separa os gomos quebrados, depois realiza uma triagem sequencial:<\/p>    <ul class=\"wp-block-list\"> <li>Abaixo de 8 mm<\/li>    <li>8\u201310 mm<\/li>    <li>10\u201312 mm<\/li>    <li>Mais de 12 mm (personaliz\u00e1vel mediante solicita\u00e7\u00e3o)<\/li> <\/ul>    <p>A estrutura de tambor \u00e9 adequada para opera\u00e7\u00e3o cont\u00ednua com alta produ\u00e7\u00e3o e manuten\u00e7\u00e3o simples, tornando-se especialmente adequada para f\u00e1bricas de processamento de caju de m\u00e9dio a grande porte.<\/p>    <p>Especifica\u00e7\u00f5es principais:<\/p>    <ul class=\"wp-block-list\"> <li>Pot\u00eancia do motor: 0,75 kW<\/li>    <li>Tens\u00e3o \/ Frequ\u00eancia: 380V \/ 50Hz<\/li>    <li>Capacidade de processamento: 400\u2013500 kg\/h<\/li>    <li>Dimens\u00f5es: 2,0 \u00d7 0,8 \u00d7 1,4 m<\/li>    <li>Peso total: Aproximadamente 300 kg<\/li> <\/ul>    <figure class=\"wp-block-gallery has-nested-images columns-default is-cropped wp-block-gallery-3 is-layout-flex wp-block-gallery-is-layout-flex\"> <figure class=\"wp-block-image size-large\"><img loading=\"lazy\" decoding=\"async\" width=\"720\" height=\"540\" data-id=\"1032\" src=\"https:\/\/www.peanuts-machine.com\/wp-content\/uploads\/2026\/01\/drum-type-cashew-kernel-grader.webp\" alt=\"classificador de gomos de caju do tipo tambor\" class=\"wp-image-1032\" title=\"\" srcset=\"https:\/\/www.peanuts-machine.com\/wp-content\/uploads\/2026\/01\/drum-type-cashew-kernel-grader.webp 720w, https:\/\/www.peanuts-machine.com\/wp-content\/uploads\/2026\/01\/drum-type-cashew-kernel-grader-300x225.webp 300w, https:\/\/www.peanuts-machine.com\/wp-content\/uploads\/2026\/01\/drum-type-cashew-kernel-grader-16x12.webp 16w\" sizes=\"auto, (max-width: 720px) 100vw, 720px\" \/><figcaption class=\"wp-element-caption\">classificador de gomos de caju do tipo tambor<\/figcaption><\/figure>    <figure class=\"wp-block-image size-large\"><img loading=\"lazy\" decoding=\"async\" width=\"720\" height=\"540\" data-id=\"1031\" src=\"https:\/\/www.peanuts-machine.com\/wp-content\/uploads\/2026\/01\/cashew-nut-size-separator.webp\" alt=\"Separador de tamanho de nozes de caju\" class=\"wp-image-1031\" title=\"\" srcset=\"https:\/\/www.peanuts-machine.com\/wp-content\/uploads\/2026\/01\/cashew-nut-size-separator.webp 720w, https:\/\/www.peanuts-machine.com\/wp-content\/uploads\/2026\/01\/cashew-nut-size-separator-300x225.webp 300w, https:\/\/www.peanuts-machine.com\/wp-content\/uploads\/2026\/01\/cashew-nut-size-separator-16x12.webp 16w\" sizes=\"auto, (max-width: 720px) 100vw, 720px\" \/><figcaption class=\"wp-element-caption\">Separador de tamanho de nozes de caju<\/figcaption><\/figure> <\/figure>    <h2 class=\"wp-block-heading\">M\u00faltiplos rolos vs M\u00e1quina de classifica\u00e7\u00e3o do tipo tambor<\/h2>    <figure class=\"wp-block-table is-style-stripes\"><table class=\"has-fixed-layout\"><tbody><tr><td><strong>Item<\/strong><\/td><td><strong>M\u00e1quina de classifica\u00e7\u00e3o de caju de m\u00faltiplos rolos<\/strong><\/td><td><strong>M\u00e1quina de classifica\u00e7\u00e3o de gomos de caju do tipo tambor<\/strong><\/td><\/tr><tr><td>Estrutura de classifica\u00e7\u00e3o<\/td><td>Design de espa\u00e7o ajust\u00e1vel de m\u00faltiplos rolos<\/td><td>Tambor segmentado com espa\u00e7o fixo <br>design<\/td><\/tr><tr><td>M\u00e9todo de Classifica\u00e7\u00e3o<\/td><td>Gomos de caju classificados por <br>ajustando o espa\u00e7o entre os rolos<\/td><td>Os gomos de caju s\u00e3o classificados atrav\u00e9s <br>diferentes espa\u00e7os fixos ao longo do tambor<\/td><\/tr><tr><td>N\u00famero de categorias<\/td><td>3\u20134 categorias (ajust\u00e1vel)<\/td><td>3\u20134 categorias (personaliz\u00e1vel)<\/td><\/tr><tr><td>Base de Classifica\u00e7\u00e3o<\/td><td>Classifica\u00e7\u00e3o por largura do gomo<\/td><td>Classifica\u00e7\u00e3o sequencial por tamanho de gomo<\/td><\/tr><tr><td>Flexibilidade de ajuste<\/td><td>Alta \u2013 cada espa\u00e7o de classifica\u00e7\u00e3o pode ser <br>ajustado de forma independente<\/td><td>M\u00e9dio \u2013 requer troca ou <br>personaliza\u00e7\u00e3o do espa\u00e7o entre tambor<\/td><\/tr><tr><td>Precis\u00e3o de classifica\u00e7\u00e3o<\/td><td>Alta, com excelente consist\u00eancia de tamanho<\/td><td>Est\u00e1vel e adequada para processamento padronizado <br>classifica\u00e7\u00e3o<\/td><\/tr><tr><td>Capacidade de processamento<\/td><td>300\u2013400 kg\/h<\/td><td>400\u2013500 kg\/h<\/td><\/tr><tr><td>Escala de produ\u00e7\u00e3o adequada<\/td><td>Processamento de pequena a m\u00e9dia escala <br>plantas<\/td><td>Processamento de m\u00e9dio a grande escala <br>plantas<\/td><\/tr><tr><td>Taxa de quebra de gomos<\/td><td>Processo de classifica\u00e7\u00e3o suave e baixo<\/td><td>Baixo, projetado para alto volume <br>processamento<\/td><\/tr><tr><td>Opera\u00e7\u00e3o &amp; Manuten\u00e7\u00e3o<\/td><td>Estrutura simples, f\u00e1cil de ajustar <br>e manuten\u00e7\u00e3o<\/td><td>Estrutura robusta, f\u00e1cil e de baixo<br>opera\u00e7\u00e3o de manuten\u00e7\u00e3o<\/td><\/tr><tr><td>Usu\u00e1rios Recomendados<\/td><td>Clientes focados em classifica\u00e7\u00e3o <br>precis\u00e3o e flexibilidade<\/td><td>Clientes focam em alta produ\u00e7\u00e3o e <br>efici\u00eancia<\/td><\/tr><\/tbody><\/table><figcaption class=\"wp-element-caption\">Compara\u00e7\u00e3o entre dois tipos de m\u00e1quinas de classifica\u00e7\u00e3o de nozes de caju<\/figcaption><\/figure>    <h2 class=\"wp-block-heading\">Recomenda\u00e7\u00f5es para sele\u00e7\u00e3o de classificadores de caju<\/h2>    <ul class=\"wp-block-list\"> <li>Se priorizar precis\u00e3o de classifica\u00e7\u00e3o e ajuste de tamanho flex\u00edvel, os classificadores de caju de m\u00faltiplos rolos s\u00e3o mais adequados, especialmente para cen\u00e1rios de classifica\u00e7\u00e3o fina com especifica\u00e7\u00f5es rigorosas do produto final.<\/li>    <li>Se priorizar vaz\u00e3o, opera\u00e7\u00e3o cont\u00ednua e efici\u00eancia geral, a m\u00e1quina de classifica\u00e7\u00e3o de caju do tipo tambor \u00e9 mais adequada para f\u00e1bricas de processamento de caju de m\u00e9dio a grande porte.<\/li> <\/ul>    <p>Ambos os modelos podem ser personalizados de acordo com suas especifica\u00e7\u00f5es de caju e padr\u00f5es de classifica\u00e7\u00e3o. Recomendamos definir claramente suas dimens\u00f5es de classifica\u00e7\u00e3o alvo e produ\u00e7\u00e3o di\u00e1ria antes da sele\u00e7\u00e3o para obter resultados \u00f3timos.<\/p>    <p class=\"translation-block\">In addition to these two types of cashew nut grading machines, we also offer screening equipment suitable for other nuts, such as <strong><em><a href=\"https:\/\/www.peanuts-machine.com\/pt\/product\/peanut-grading-machine\/\">peanut grading and screening machines<\/a><\/em><\/strong>. If you&#8217;re interested, please feel free to contact us.<\/p>","protected":false},"excerpt":{"rendered":"<p>caju<\/p>","protected":false},"author":1,"featured_media":1033,"parent":0,"template":"","tags":[57],"product-type":[48,46],"class_list":["post-1022","product","type-product","status-publish","has-post-thumbnail","hentry","tag-cashew","product-type-peanut-grading-machine","product-type-products"],"_links":{"self":[{"href":"https:\/\/www.peanuts-machine.com\/pt\/wp-json\/wp\/v2\/product\/1022","targetHints":{"allow":["GET"]}}],"collection":[{"href":"https:\/\/www.peanuts-machine.com\/pt\/wp-json\/wp\/v2\/product"}],"about":[{"href":"https:\/\/www.peanuts-machine.com\/pt\/wp-json\/wp\/v2\/types\/product"}],"author":[{"embeddable":true,"href":"https:\/\/www.peanuts-machine.com\/pt\/wp-json\/wp\/v2\/users\/1"}],"wp:featuredmedia":[{"embeddable":true,"href":"https:\/\/www.peanuts-machine.com\/pt\/wp-json\/wp\/v2\/media\/1033"}],"wp:attachment":[{"href":"https:\/\/www.peanuts-machine.com\/pt\/wp-json\/wp\/v2\/media?parent=1022"}],"wp:term":[{"taxonomy":"post_tag","embeddable":true,"href":"https:\/\/www.peanuts-machine.com\/pt\/wp-json\/wp\/v2\/tags?post=1022"},{"taxonomy":"product-type","embeddable":true,"href":"https:\/\/www.peanuts-machine.com\/pt\/wp-json\/wp\/v2\/product-type?post=1022"}],"curies":[{"name":"wp","href":"https:\/\/api.w.org\/{rel}","templated":true}]}}