{"id":1056,"date":"2026-01-19T13:55:42","date_gmt":"2026-01-19T05:55:42","guid":{"rendered":"https:\/\/www.peanuts-machine.com\/?post_type=product&#038;p=1056"},"modified":"2026-01-19T13:55:43","modified_gmt":"2026-01-19T05:55:43","slug":"peanut-strip-cutting-machine","status":"publish","type":"product","link":"https:\/\/www.peanuts-machine.com\/pt\/product\/peanut-strip-cutting-machine\/","title":{"rendered":"Tiras de Am\u00eandoa Autom\u00e1ticas | M\u00e1quina de Corte de Tiras de Amendoim"},"content":{"rendered":"<div class=\"kk-star-ratings kksr-auto kksr-align-left kksr-valign-top\"     data-payload='{&quot;align&quot;:&quot;left&quot;,&quot;id&quot;:&quot;1056&quot;,&quot;slug&quot;:&quot;default&quot;,&quot;valign&quot;:&quot;top&quot;,&quot;ignore&quot;:&quot;&quot;,&quot;reference&quot;:&quot;auto&quot;,&quot;class&quot;:&quot;&quot;,&quot;count&quot;:&quot;5&quot;,&quot;legendonly&quot;:&quot;&quot;,&quot;readonly&quot;:&quot;&quot;,&quot;score&quot;:&quot;4.7&quot;,&quot;starsonly&quot;:&quot;&quot;,&quot;best&quot;:&quot;5&quot;,&quot;gap&quot;:&quot;5&quot;,&quot;greet&quot;:&quot;Rate this product&quot;,&quot;legend&quot;:&quot;4.7\\\/5 - (5 votes)&quot;,&quot;size&quot;:&quot;24&quot;,&quot;title&quot;:&quot;Automatic Almond Strips | Peanut Strip Cutting Machine&quot;,&quot;width&quot;:&quot;133.8&quot;,&quot;_legend&quot;:&quot;{score}\\\/{best} - ({count} {votes})&quot;,&quot;font_factor&quot;:&quot;1.25&quot;}'>              <div class=\"kksr-stars\">      <div class=\"kksr-stars-inactive\">             <div class=\"kksr-star\" data-star=\"1\" style=\"padding-right: 5px\">               <div class=\"kksr-icon\" style=\"width: 24px; height: 24px;\"><\/div>         <\/div>             <div class=\"kksr-star\" data-star=\"2\" style=\"padding-right: 5px\">               <div class=\"kksr-icon\" style=\"width: 24px; height: 24px;\"><\/div>         <\/div>             <div class=\"kksr-star\" data-star=\"3\" style=\"padding-right: 5px\">               <div class=\"kksr-icon\" style=\"width: 24px; height: 24px;\"><\/div>         <\/div>             <div class=\"kksr-star\" data-star=\"4\" style=\"padding-right: 5px\">               <div class=\"kksr-icon\" style=\"width: 24px; height: 24px;\"><\/div>         <\/div>             <div class=\"kksr-star\" data-star=\"5\" style=\"padding-right: 5px\">               <div class=\"kksr-icon\" style=\"width: 24px; height: 24px;\"><\/div>         <\/div>     <\/div>      <div class=\"kksr-stars-active\" style=\"width: 133.8px;\">             <div class=\"kksr-star\" style=\"padding-right: 5px\">               <div class=\"kksr-icon\" style=\"width: 24px; height: 24px;\"><\/div>         <\/div>             <div class=\"kksr-star\" style=\"padding-right: 5px\">               <div class=\"kksr-icon\" style=\"width: 24px; height: 24px;\"><\/div>         <\/div>             <div class=\"kksr-star\" style=\"padding-right: 5px\">               <div class=\"kksr-icon\" style=\"width: 24px; height: 24px;\"><\/div>         <\/div>             <div class=\"kksr-star\" style=\"padding-right: 5px\">               <div class=\"kksr-icon\" style=\"width: 24px; height: 24px;\"><\/div>         <\/div>             <div class=\"kksr-star\" style=\"padding-right: 5px\">               <div class=\"kksr-icon\" style=\"width: 24px; height: 24px;\"><\/div>         <\/div>     <\/div> <\/div>                   <div class=\"kksr-legend\" style=\"font-size: 19.2px;\">             4,7\/5 - (5 votos)    <\/div>     <\/div>  <p>A m\u00e1quina de corte de tiras de amendoim \u00e9 especificamente projetada para fatiar amendoins cortados ao meio e v\u00e1rias outras nozes. A m\u00e1quina corta as nozes cortadas ao meio em tiras uniformes com bordas suaves, minimizando quebras e desperd\u00edcio, ao mesmo tempo que aumenta significativamente a efici\u00eancia de produ\u00e7\u00e3o. Totalmente constru\u00edda em a\u00e7o inoxid\u00e1vel, \u00e9 dur\u00e1vel, resistente \u00e0 ferrugem e atende aos padr\u00f5es de higiene alimentar, garantindo produtos fatiados limpos e saud\u00e1veis.<\/p>    <p>O seu design totalmente autom\u00e1tico n\u00e3o s\u00f3 simplifica a opera\u00e7\u00e3o manual, mas tamb\u00e9m economiza tempo e trabalho consider\u00e1veis. \u00c9 adequado para diversas aplica\u00e7\u00f5es, incluindo f\u00e1bricas de snacks, unidades de panifica\u00e7\u00e3o, pastelarias, geladarias e instala\u00e7\u00f5es de produ\u00e7\u00e3o de temperos.<\/p>    <figure class=\"wp-block-embed aligncenter is-type-video is-provider-youtube wp-block-embed-youtube wp-embed-aspect-16-9 wp-has-aspect-ratio\"><div class=\"wp-block-embed__wrapper\"> <iframe loading=\"lazy\" title=\"Peanut &amp; Nut Strip Cutting Machine | Clean and Precise Cutting Demo#peanut #nutmachine\" width=\"500\" height=\"281\" src=\"https:\/\/www.youtube.com\/embed\/6tw9p5HmVnk?feature=oembed\" frameborder=\"0\" allow=\"accelerometer; autoplay; clipboard-write; encrypted-media; gyroscope; picture-in-picture; web-share\" referrerpolicy=\"strict-origin-when-cross-origin\" allowfullscreen><\/iframe> <\/div><figcaption class=\"wp-element-caption\">V\u00eddeo de trabalho da m\u00e1quina autom\u00e1tica de corte de tiras de amendoim<\/figcaption><\/figure>    <h2 class=\"wp-block-heading\">Dados t\u00e9cnicos da m\u00e1quina de corte de tiras de amendoim<\/h2>    <figure class=\"wp-block-table is-style-stripes\"><table class=\"has-fixed-layout\"><tbody><tr><td><strong>Par\u00e2metro<\/strong><\/td><td><strong>M\u00e1quina de corte de tiras de amendoim<\/strong><\/td><\/tr><tr><td>Dimens\u00f5es<\/td><td>1300 \u00d7 750 \u00d7 1400 mm<\/td><\/tr><tr><td>Peso<\/td><td>200 kg<\/td><\/tr><tr><td>Poder<\/td><td>1 KW<\/td><\/tr><tr><td>Capacidade<\/td><td>100 kg\/h<\/td><\/tr><tr><td>Espessura da tira<\/td><td>3\u20135 mm<\/td><\/tr><tr><td>Materiais adequados<\/td><td>Meio amendoim, am\u00eandoas, pist\u00e1chios, nozes e outras nozes<\/td><\/tr><tr><td>Material<\/td><td>Totalmente em a\u00e7o inoxid\u00e1vel<\/td><\/tr><\/tbody><\/table><figcaption class=\"wp-element-caption\">Par\u00e2metros da m\u00e1quina de corte de tiras de amendoim totalmente autom\u00e1tica<\/figcaption><\/figure>    <h2 class=\"wp-block-heading\">Aplica\u00e7\u00f5es da m\u00e1quina comercial de tiras de nozes<\/h2>    <ul class=\"wp-block-list\"> <li>F\u00e1brica de snacks: usada para fatiar amendoins, am\u00eandoas e outras nozes para produzir doces, snacks e misturas de nozes.<\/li>    <li>Padarias e pastelarias: as nozes fatiadas podem ser usadas para decora\u00e7\u00e3o e recheios em bolos, biscoitos, p\u00e3es e outros produtos assados.<\/li>    <li>Lojas de gelados e sobremesas: as tiras de nozes servem como cobertura para gelados e sobremesas, melhorando o apelo visual e a textura.<\/li>    <li>F\u00e1bricas de condimentos e molhos: as nozes fatiadas s\u00e3o incorporadas em molhos de tempero, molhos para saladas e manteigas de nozes.<\/li>    <li>Cadeias de restaurantes e estabelecimentos de fast food: as nozes fatiadas servem como ingredientes ou coberturas para elevar o valor do prato.<\/li>    <li>Empresas de presentes e embalagens de nozes: as nozes fatiadas s\u00e3o embaladas em caixas de presente, pacotes de snacks saud\u00e1veis ou misturas de nozes.<\/li> <\/ul>    <figure class=\"wp-block-gallery has-nested-images columns-default is-cropped wp-block-gallery-2 is-layout-flex wp-block-gallery-is-layout-flex\"> <figure class=\"wp-block-image size-large\"><img loading=\"lazy\" decoding=\"async\" width=\"720\" height=\"540\" data-id=\"1062\" src=\"https:\/\/www.peanuts-machine.com\/wp-content\/uploads\/2026\/01\/peanut-strips-finished-product.webp\" alt=\"produto acabado de tiras de amendoim\" class=\"wp-image-1062\" title=\"\" srcset=\"https:\/\/www.peanuts-machine.com\/wp-content\/uploads\/2026\/01\/peanut-strips-finished-product.webp 720w, https:\/\/www.peanuts-machine.com\/wp-content\/uploads\/2026\/01\/peanut-strips-finished-product-300x225.webp 300w, https:\/\/www.peanuts-machine.com\/wp-content\/uploads\/2026\/01\/peanut-strips-finished-product-16x12.webp 16w\" sizes=\"auto, (max-width: 720px) 100vw, 720px\" \/><figcaption class=\"wp-element-caption\">produto acabado de tiras de amendoim<\/figcaption><\/figure>    <figure class=\"wp-block-image size-large\"><img loading=\"lazy\" decoding=\"async\" width=\"720\" height=\"540\" data-id=\"1061\" src=\"https:\/\/www.peanuts-machine.com\/wp-content\/uploads\/2026\/01\/almond-strips-finished-product.webp\" alt=\"Produto acabado de tiras de am\u00eandoa\" class=\"wp-image-1061\" title=\"\" srcset=\"https:\/\/www.peanuts-machine.com\/wp-content\/uploads\/2026\/01\/almond-strips-finished-product.webp 720w, https:\/\/www.peanuts-machine.com\/wp-content\/uploads\/2026\/01\/almond-strips-finished-product-300x225.webp 300w, https:\/\/www.peanuts-machine.com\/wp-content\/uploads\/2026\/01\/almond-strips-finished-product-16x12.webp 16w\" sizes=\"auto, (max-width: 720px) 100vw, 720px\" \/><figcaption class=\"wp-element-caption\">Produto acabado de tiras de am\u00eandoa<\/figcaption><\/figure> <\/figure>    <h2 class=\"wp-block-heading\">Estrutura da cortadora autom\u00e1tica de tiras de amendoim<\/h2>    <p>A m\u00e1quina de fatiar amendoim consiste principalmente nos seguintes componentes:<\/p>    <ul class=\"wp-block-list\"> <li>Cuba: mant\u00e9m mat\u00e9rias-primas de nozes com casca para garantir fornecimento cont\u00ednuo.<\/li>    <li>Alimentador vibrat\u00f3rio: transmite uniformemente as mat\u00e9rias-primas \u00e0s l\u00e2minas de corte, aumentando a efici\u00eancia de fatiamento.<\/li>    <li>L\u00e2minas e rolos de corte: as l\u00e2minas cortam as nozes em tiras uniformes.<\/li>    <li>Se\u00e7\u00e3o de transporte e descarga: as nozes fatiadas s\u00e3o recolhidas por correia transportadora ou tela. As arestas s\u00e3o suavizadas e pequenos detritos ou impurezas s\u00e3o automaticamente removidos.<\/li> <\/ul>    <h2 class=\"wp-block-heading\">Princ\u00edpio de funcionamento da m\u00e1quina de corte de tiras de amendoim<\/h2>    <ol class=\"wp-block-list\"> <li>Metade de uma amendoim ou outras nozes entram pela cuba, passam por alinhamento uniforme atrav\u00e9s do alimentador vibrat\u00f3rio e seguem para a zona de corte.<\/li>    <li>Impulsionadas pelos rolos de corte, as l\u00e2minas cortam as nozes longitudinalmente em tiras.<\/li>    <li>As tiras de nozes cortadas s\u00e3o automaticamente descarregadas atrav\u00e9s da sa\u00edda e filtradas por uma tela para remover part\u00edculas quebradas e impurezas.<\/li> <\/ol>    <figure class=\"wp-block-gallery has-nested-images columns-default is-cropped wp-block-gallery-3 is-layout-flex wp-block-gallery-is-layout-flex\"> <figure class=\"wp-block-image size-large\"><img loading=\"lazy\" decoding=\"async\" width=\"720\" height=\"540\" data-id=\"1063\" src=\"https:\/\/www.peanuts-machine.com\/wp-content\/uploads\/2026\/01\/automatic-peanut-strip-cutter.webp\" alt=\"cortador autom\u00e1tico de tiras de amendoim\" class=\"wp-image-1063\" title=\"\" srcset=\"https:\/\/www.peanuts-machine.com\/wp-content\/uploads\/2026\/01\/automatic-peanut-strip-cutter.webp 720w, https:\/\/www.peanuts-machine.com\/wp-content\/uploads\/2026\/01\/automatic-peanut-strip-cutter-300x225.webp 300w, https:\/\/www.peanuts-machine.com\/wp-content\/uploads\/2026\/01\/automatic-peanut-strip-cutter-16x12.webp 16w\" sizes=\"auto, (max-width: 720px) 100vw, 720px\" \/><figcaption class=\"wp-element-caption\">cortador autom\u00e1tico de tiras de amendoim<\/figcaption><\/figure>    <figure class=\"wp-block-image size-large\"><img loading=\"lazy\" decoding=\"async\" width=\"720\" height=\"540\" data-id=\"1064\" src=\"https:\/\/www.peanuts-machine.com\/wp-content\/uploads\/2026\/01\/peanut-strip-cutting-machine.webp\" alt=\"m\u00e1quina de corte de tiras de amendoim\" class=\"wp-image-1064\" title=\"\" srcset=\"https:\/\/www.peanuts-machine.com\/wp-content\/uploads\/2026\/01\/peanut-strip-cutting-machine.webp 720w, https:\/\/www.peanuts-machine.com\/wp-content\/uploads\/2026\/01\/peanut-strip-cutting-machine-300x225.webp 300w, https:\/\/www.peanuts-machine.com\/wp-content\/uploads\/2026\/01\/peanut-strip-cutting-machine-16x12.webp 16w\" sizes=\"auto, (max-width: 720px) 100vw, 720px\" \/><figcaption class=\"wp-element-caption\">m\u00e1quina de corte de tiras de amendoim<\/figcaption><\/figure> <\/figure>    <p>A taxa de alimenta\u00e7\u00e3o e a velocidade de rota\u00e7\u00e3o da l\u00e2mina s\u00e3o controladas por um motor de velocidade vari\u00e1vel para garantir cortes uniformes e completos das tiras.<\/p>    <h2 class=\"wp-block-heading\">Vantagens da m\u00e1quina de corte de tiras de am\u00eandoa<\/h2>    <ul class=\"wp-block-list\"> <li>Constru\u00e7\u00e3o totalmente em a\u00e7o inoxid\u00e1vel: dur\u00e1vel, resistente \u00e0 ferrugem e em conformidade com os padr\u00f5es de higiene alimentar.<\/li>    <li>Produ\u00e7\u00e3o de alta efici\u00eancia: mecanismo de alimenta\u00e7\u00e3o vibrat\u00f3ria combinado com l\u00e2minas de alta velocidade oferece fatias r\u00e1pidas, alta produ\u00e7\u00e3o e economia de m\u00e3o-de-obra.<\/li>    <li>Fatiamento consistente: a espessura ajust\u00e1vel garante tamanhos uniformes de tiras, minimizando desperd\u00edcio.<\/li>    <li>Aplica\u00e7\u00e3o vers\u00e1til: al\u00e9m de amendoins, corta facilmente am\u00eandoas, pist\u00e1chios, caju, nozes e outras nozes com simples substitui\u00e7\u00e3o de l\u00e2mina.<\/li>    <li>Opera\u00e7\u00e3o simples: carregue manualmente os ingredientes na cuba; a m\u00e1quina realiza automaticamente o corte e a recolha.<\/li>    <li>F\u00e1cil de limpar e manter: l\u00e2minas remov\u00edveis e se\u00e7\u00f5es de correia transportadora facilitam a limpeza di\u00e1ria e a manuten\u00e7\u00e3o.<\/li> <\/ul>    <figure class=\"wp-block-gallery has-nested-images columns-default is-cropped wp-block-gallery-4 is-layout-flex wp-block-gallery-is-layout-flex\"> <figure class=\"wp-block-image size-large\"><img loading=\"lazy\" decoding=\"async\" width=\"720\" height=\"540\" data-id=\"1065\" src=\"https:\/\/www.peanuts-machine.com\/wp-content\/uploads\/2026\/01\/almond-strip-cutting-machine.webp\" alt=\"M\u00e1quina de corte de tiras de am\u00eandoa\" class=\"wp-image-1065\" title=\"\" srcset=\"https:\/\/www.peanuts-machine.com\/wp-content\/uploads\/2026\/01\/almond-strip-cutting-machine.webp 720w, https:\/\/www.peanuts-machine.com\/wp-content\/uploads\/2026\/01\/almond-strip-cutting-machine-300x225.webp 300w, https:\/\/www.peanuts-machine.com\/wp-content\/uploads\/2026\/01\/almond-strip-cutting-machine-16x12.webp 16w\" sizes=\"auto, (max-width: 720px) 100vw, 720px\" \/><figcaption class=\"wp-element-caption\">M\u00e1quina de corte de tiras de am\u00eandoa<\/figcaption><\/figure>    <figure class=\"wp-block-image size-large\"><img loading=\"lazy\" decoding=\"async\" width=\"720\" height=\"540\" data-id=\"1066\" src=\"https:\/\/www.peanuts-machine.com\/wp-content\/uploads\/2026\/01\/high-efficiency-pistachio-cutter.webp\" alt=\"cortador de pist\u00e1chio de alta efici\u00eancia\" class=\"wp-image-1066\" title=\"\" srcset=\"https:\/\/www.peanuts-machine.com\/wp-content\/uploads\/2026\/01\/high-efficiency-pistachio-cutter.webp 720w, https:\/\/www.peanuts-machine.com\/wp-content\/uploads\/2026\/01\/high-efficiency-pistachio-cutter-300x225.webp 300w, https:\/\/www.peanuts-machine.com\/wp-content\/uploads\/2026\/01\/high-efficiency-pistachio-cutter-16x12.webp 16w\" sizes=\"auto, (max-width: 720px) 100vw, 720px\" \/><figcaption class=\"wp-element-caption\">cortador de pist\u00e1chio de alta efici\u00eancia<\/figcaption><\/figure> <\/figure>    <p>A m\u00e1quina de corte de tiras de amendoim oferece alta efici\u00eancia, estabilidade e opera\u00e7\u00e3o f\u00e1cil com um design higi\u00e9nico totalmente em a\u00e7o inoxid\u00e1vel, tornando-se a solu\u00e7\u00e3o ideal para ind\u00fastrias de processamento de nozes, panifica\u00e7\u00e3o, snacks e sobremesas. Seja para produ\u00e7\u00e3o em grande escala ou pequenas oficinas, melhora significativamente a efici\u00eancia de corte e garante qualidade consistente do produto.<\/p>    <p class=\"translation-block\">Al\u00e9m disso, oferecemos outros equipamentos de processamento de nozes, como <strong><em><a href=\"https:\/\/www.peanuts-machine.com\/pt\/product\/peanut-crushing-machine\/\">m\u00e1quinas de esmagar amendoim<\/a><\/em><\/strong> e <strong><em><a href=\"https:\/\/www.peanuts-machine.com\/pt\/product\/almond-slicer\/\">fatiadoras de am\u00eandoa<\/a><\/em><\/strong>. Escolha as nossas m\u00e1quinas para tornar o processamento de nozes mais r\u00e1pido, preciso e eficiente!<\/p>","protected":false},"excerpt":{"rendered":"<p>A m\u00e1quina de cortar tiras de amendoim \u00e9 adequada para amendoins de casca partida, am\u00eandoas, pist\u00e1chios e frutos secos semelhantes. \u00c9 amplamente utilizada no processamento de snacks, produtos de padaria, sobremesas e condimentos.<\/p>","protected":false},"author":1,"featured_media":1067,"parent":0,"template":"","tags":[56,36],"product-type":[55,46],"class_list":["post-1056","product","type-product","status-publish","has-post-thumbnail","hentry","tag-nut","tag-peanut","product-type-peanut-cutting-machine","product-type-products"],"_links":{"self":[{"href":"https:\/\/www.peanuts-machine.com\/pt\/wp-json\/wp\/v2\/product\/1056","targetHints":{"allow":["GET"]}}],"collection":[{"href":"https:\/\/www.peanuts-machine.com\/pt\/wp-json\/wp\/v2\/product"}],"about":[{"href":"https:\/\/www.peanuts-machine.com\/pt\/wp-json\/wp\/v2\/types\/product"}],"author":[{"embeddable":true,"href":"https:\/\/www.peanuts-machine.com\/pt\/wp-json\/wp\/v2\/users\/1"}],"wp:featuredmedia":[{"embeddable":true,"href":"https:\/\/www.peanuts-machine.com\/pt\/wp-json\/wp\/v2\/media\/1067"}],"wp:attachment":[{"href":"https:\/\/www.peanuts-machine.com\/pt\/wp-json\/wp\/v2\/media?parent=1056"}],"wp:term":[{"taxonomy":"post_tag","embeddable":true,"href":"https:\/\/www.peanuts-machine.com\/pt\/wp-json\/wp\/v2\/tags?post=1056"},{"taxonomy":"product-type","embeddable":true,"href":"https:\/\/www.peanuts-machine.com\/pt\/wp-json\/wp\/v2\/product-type?post=1056"}],"curies":[{"name":"wp","href":"https:\/\/api.w.org\/{rel}","templated":true}]}}