{"id":1069,"date":"2026-01-19T14:59:01","date_gmt":"2026-01-19T06:59:01","guid":{"rendered":"https:\/\/www.peanuts-machine.com\/?post_type=product&#038;p=1069"},"modified":"2026-01-19T14:59:01","modified_gmt":"2026-01-19T06:59:01","slug":"peanut-powder-milling-machine","status":"publish","type":"product","link":"https:\/\/www.peanuts-machine.com\/pt\/product\/peanut-powder-milling-machine\/","title":{"rendered":"M\u00e1quina de moagem de farinha de amendoim | Moedor de farinha de nozes"},"content":{"rendered":"<div class=\"kk-star-ratings kksr-auto kksr-align-left kksr-valign-top\"     data-payload='{&quot;align&quot;:&quot;left&quot;,&quot;id&quot;:&quot;1069&quot;,&quot;slug&quot;:&quot;default&quot;,&quot;valign&quot;:&quot;top&quot;,&quot;ignore&quot;:&quot;&quot;,&quot;reference&quot;:&quot;auto&quot;,&quot;class&quot;:&quot;&quot;,&quot;count&quot;:&quot;19&quot;,&quot;legendonly&quot;:&quot;&quot;,&quot;readonly&quot;:&quot;&quot;,&quot;score&quot;:&quot;4.7&quot;,&quot;starsonly&quot;:&quot;&quot;,&quot;best&quot;:&quot;5&quot;,&quot;gap&quot;:&quot;5&quot;,&quot;greet&quot;:&quot;Rate this product&quot;,&quot;legend&quot;:&quot;4.7\\\/5 - (19 votes)&quot;,&quot;size&quot;:&quot;24&quot;,&quot;title&quot;:&quot;Peanut Powder Milling Machine | Nut Flour Grinder Machine&quot;,&quot;width&quot;:&quot;133.8&quot;,&quot;_legend&quot;:&quot;{score}\\\/{best} - ({count} {votes})&quot;,&quot;font_factor&quot;:&quot;1.25&quot;}'>              <div class=\"kksr-stars\">      <div class=\"kksr-stars-inactive\">             <div class=\"kksr-star\" data-star=\"1\" style=\"padding-right: 5px\">               <div class=\"kksr-icon\" style=\"width: 24px; height: 24px;\"><\/div>         <\/div>             <div class=\"kksr-star\" data-star=\"2\" style=\"padding-right: 5px\">               <div class=\"kksr-icon\" style=\"width: 24px; height: 24px;\"><\/div>         <\/div>             <div class=\"kksr-star\" data-star=\"3\" style=\"padding-right: 5px\">               <div class=\"kksr-icon\" style=\"width: 24px; height: 24px;\"><\/div>         <\/div>             <div class=\"kksr-star\" data-star=\"4\" style=\"padding-right: 5px\">               <div class=\"kksr-icon\" style=\"width: 24px; height: 24px;\"><\/div>         <\/div>             <div class=\"kksr-star\" data-star=\"5\" style=\"padding-right: 5px\">               <div class=\"kksr-icon\" style=\"width: 24px; height: 24px;\"><\/div>         <\/div>     <\/div>      <div class=\"kksr-stars-active\" style=\"width: 133.8px;\">             <div class=\"kksr-star\" style=\"padding-right: 5px\">               <div class=\"kksr-icon\" style=\"width: 24px; height: 24px;\"><\/div>         <\/div>             <div class=\"kksr-star\" style=\"padding-right: 5px\">               <div class=\"kksr-icon\" style=\"width: 24px; height: 24px;\"><\/div>         <\/div>             <div class=\"kksr-star\" style=\"padding-right: 5px\">               <div class=\"kksr-icon\" style=\"width: 24px; height: 24px;\"><\/div>         <\/div>             <div class=\"kksr-star\" style=\"padding-right: 5px\">               <div class=\"kksr-icon\" style=\"width: 24px; height: 24px;\"><\/div>         <\/div>             <div class=\"kksr-star\" style=\"padding-right: 5px\">               <div class=\"kksr-icon\" style=\"width: 24px; height: 24px;\"><\/div>         <\/div>     <\/div> <\/div>                   <div class=\"kksr-legend\" style=\"font-size: 19.2px;\">             4,7\/5 - (19 votos)    <\/div>     <\/div>  <p>A m\u00e1quina de moagem de farinha de amendoim \u00e9 um dispositivo de alta efici\u00eancia especialmente projetado para moer e processar amendoim e outras sementes oleaginosas. Esta m\u00e1quina \u00e9 f\u00e1cil de operar e realiza o processo de tritura\u00e7\u00e3o em uma \u00fanica passagem sem produzir res\u00edduos oleosos. Com capacidade de produ\u00e7\u00e3o de 200-600kg\/h, \u00e9 adequada para produ\u00e7\u00e3o comercial e industrial.<\/p>    <p>O equipamento apresenta resist\u00eancia \u00e0 corros\u00e3o e durabilidade, garantindo higiene e seguran\u00e7a. Pode acomodar v\u00e1rias mat\u00e9rias-primas, incluindo amendoim, sementes de s\u00e9samo, am\u00eandoas, nozes, gr\u00e3os de caf\u00e9 e cacau. Atrav\u00e9s de um design de corte em m\u00faltiplas etapas e moagem por rolos, pode processar materiais em p\u00f3 fino ou part\u00edculas grossas, atendendo a diversas necessidades de produ\u00e7\u00e3o.<\/p>    <figure class=\"wp-block-embed aligncenter is-type-video is-provider-youtube wp-block-embed-youtube wp-embed-aspect-16-9 wp-has-aspect-ratio\"><div class=\"wp-block-embed__wrapper\"> <iframe loading=\"lazy\" title=\"Peanut &amp; Nut Milling Machine | Fast and Uniform Nut Powder Processing#nutmachine #peanut\" width=\"500\" height=\"281\" src=\"https:\/\/www.youtube.com\/embed\/vIoXX090j0M?feature=oembed\" frameborder=\"0\" allow=\"accelerometer; autoplay; clipboard-write; encrypted-media; gyroscope; picture-in-picture; web-share\" referrerpolicy=\"strict-origin-when-cross-origin\" allowfullscreen><\/iframe> <\/div><figcaption class=\"wp-element-caption\">V\u00eddeo de funcionamento da m\u00e1quina de moagem de farinha de amendoim<\/figcaption><\/figure>    <h2 class=\"wp-block-heading\">Especifica\u00e7\u00f5es do moedor de farinha de amendoim<\/h2>    <figure class=\"wp-block-table is-style-stripes\"><table class=\"has-fixed-layout\"><tbody><tr><td><strong>Par\u00e2metro<\/strong><\/td><td><strong>Moinho de Amendoim<\/strong><\/td><\/tr><tr><td>Poder<\/td><td>3 KW<\/td><\/tr><tr><td>Capacidade<\/td><td>200-600 kg\/h<\/td><\/tr><tr><td>Dimens\u00f5es<\/td><td>1200 x 1050 x 1400 (1700) mm<\/td><\/tr><tr><td>Tens\u00e3o<\/td><td>380 V<\/td><\/tr><tr><td>Frequ\u00eancia<\/td><td>50 Hz<\/td><\/tr><tr><td>Material<\/td><td>A\u00e7o inoxid\u00e1vel 304<\/td><\/tr><tr><td>Ajust\u00e1vel em Granulometria<\/td><td>Malha 10-80 (p\u00f3), 3-6 mm (granulados)<\/td><\/tr><tr><td>Materiais aplic\u00e1veis<\/td><td>Amendoim, s\u00e9samo, am\u00eandoa, noz, soja, caf\u00e9, cacau<\/td><\/tr><\/tbody><\/table><figcaption class=\"wp-element-caption\">par\u00e2metros t\u00e9cnicos da m\u00e1quina de moagem de farinha de amendoim<\/figcaption><\/figure>    <figure class=\"wp-block-gallery has-nested-images columns-default is-cropped wp-block-gallery-2 is-layout-flex wp-block-gallery-is-layout-flex\"> <figure class=\"wp-block-image size-large\"><img loading=\"lazy\" decoding=\"async\" width=\"720\" height=\"540\" data-id=\"1073\" src=\"https:\/\/www.peanuts-machine.com\/wp-content\/uploads\/2026\/01\/high-output-peanut-grinder.webp\" alt=\"moedor de amendoim de alta produ\u00e7\u00e3o\" class=\"wp-image-1073\" title=\"\" srcset=\"https:\/\/www.peanuts-machine.com\/wp-content\/uploads\/2026\/01\/high-output-peanut-grinder.webp 720w, https:\/\/www.peanuts-machine.com\/wp-content\/uploads\/2026\/01\/high-output-peanut-grinder-300x225.webp 300w, https:\/\/www.peanuts-machine.com\/wp-content\/uploads\/2026\/01\/high-output-peanut-grinder-16x12.webp 16w\" sizes=\"auto, (max-width: 720px) 100vw, 720px\" \/><figcaption class=\"wp-element-caption\">moedor de amendoim de alta produ\u00e7\u00e3o<\/figcaption><\/figure>    <figure class=\"wp-block-image size-large\"><img loading=\"lazy\" decoding=\"async\" width=\"720\" height=\"540\" data-id=\"1074\" src=\"https:\/\/www.peanuts-machine.com\/wp-content\/uploads\/2026\/01\/peanut-powder-grinder.webp\" alt=\"moedor de farinha de amendoim\" class=\"wp-image-1074\" title=\"\" srcset=\"https:\/\/www.peanuts-machine.com\/wp-content\/uploads\/2026\/01\/peanut-powder-grinder.webp 720w, https:\/\/www.peanuts-machine.com\/wp-content\/uploads\/2026\/01\/peanut-powder-grinder-300x225.webp 300w, https:\/\/www.peanuts-machine.com\/wp-content\/uploads\/2026\/01\/peanut-powder-grinder-16x12.webp 16w\" sizes=\"auto, (max-width: 720px) 100vw, 720px\" \/><figcaption class=\"wp-element-caption\">moedor de farinha de amendoim<\/figcaption><\/figure> <\/figure>    <h2 class=\"wp-block-heading\">Aplica\u00e7\u00f5es da m\u00e1quina de moagem de farinha de amendoim<\/h2>    <p>O moinho de farinha de amendoim \u00e9 adequado para moer v\u00e1rias sementes oleaginosas e gr\u00e3os, podendo ser usado para:<\/p>    <ul class=\"wp-block-list\"> <li>Moer amendoim, sementes de s\u00e9samo, am\u00eandoas, nozes, soja e outras oleaginosas e culturas oleaginosas em p\u00f3 ou granulado.<\/li>    <li>Produz farinha de amendoim, farinha de s\u00e9samo, farinha de nozes e outros ingredientes para a ind\u00fastria alimentar.<\/li>    <li>Processamento cont\u00ednuo em f\u00e1bricas comerciais e de pequena escala.<\/li>    <li>Cen\u00e1rios de processamento de alimentos de alto rendimento e grande volume para evitar oxida\u00e7\u00e3o por armazenamento prolongado.<\/li> <\/ul>    <p>Esta m\u00e1quina de moagem de farinha de amendoim oferece alta versatilidade e flexibilidade para uso generalizado nas ind\u00fastrias de alimentos, panifica\u00e7\u00e3o, temperos e snacks.<\/p>    <figure class=\"wp-block-gallery has-nested-images columns-default is-cropped wp-block-gallery-3 is-layout-flex wp-block-gallery-is-layout-flex\"> <figure class=\"wp-block-image size-large\"><img loading=\"lazy\" decoding=\"async\" width=\"720\" height=\"540\" data-id=\"1076\" src=\"https:\/\/www.peanuts-machine.com\/wp-content\/uploads\/2026\/01\/peanut-sesame-powder-mill.webp\" alt=\"moinho de farinha de s\u00e9samo e amendoim\" class=\"wp-image-1076\" title=\"\" srcset=\"https:\/\/www.peanuts-machine.com\/wp-content\/uploads\/2026\/01\/peanut-sesame-powder-mill.webp 720w, https:\/\/www.peanuts-machine.com\/wp-content\/uploads\/2026\/01\/peanut-sesame-powder-mill-300x225.webp 300w, https:\/\/www.peanuts-machine.com\/wp-content\/uploads\/2026\/01\/peanut-sesame-powder-mill-16x12.webp 16w\" sizes=\"auto, (max-width: 720px) 100vw, 720px\" \/><figcaption class=\"wp-element-caption\">moinho de farinha de s\u00e9samo e amendoim<\/figcaption><\/figure>    <figure class=\"wp-block-image size-large\"><img loading=\"lazy\" decoding=\"async\" width=\"720\" height=\"540\" data-id=\"1075\" src=\"https:\/\/www.peanuts-machine.com\/wp-content\/uploads\/2026\/01\/peanut-powder-milling-machine.webp\" alt=\"m\u00e1quina de moagem de farinha de amendoim\" class=\"wp-image-1075\" title=\"\" srcset=\"https:\/\/www.peanuts-machine.com\/wp-content\/uploads\/2026\/01\/peanut-powder-milling-machine.webp 720w, https:\/\/www.peanuts-machine.com\/wp-content\/uploads\/2026\/01\/peanut-powder-milling-machine-300x225.webp 300w, https:\/\/www.peanuts-machine.com\/wp-content\/uploads\/2026\/01\/peanut-powder-milling-machine-16x12.webp 16w\" sizes=\"auto, (max-width: 720px) 100vw, 720px\" \/><figcaption class=\"wp-element-caption\">m\u00e1quina de moagem de farinha de amendoim<\/figcaption><\/figure> <\/figure>    <figure class=\"wp-block-gallery has-nested-images columns-default is-cropped wp-block-gallery-4 is-layout-flex wp-block-gallery-is-layout-flex\"> <figure class=\"wp-block-image size-large\"><img loading=\"lazy\" decoding=\"async\" width=\"720\" height=\"540\" data-id=\"1077\" src=\"https:\/\/www.peanuts-machine.com\/wp-content\/uploads\/2026\/01\/nut-flour.webp\" alt=\"farinha de nozes\" class=\"wp-image-1077\" title=\"\" srcset=\"https:\/\/www.peanuts-machine.com\/wp-content\/uploads\/2026\/01\/nut-flour.webp 720w, https:\/\/www.peanuts-machine.com\/wp-content\/uploads\/2026\/01\/nut-flour-300x225.webp 300w, https:\/\/www.peanuts-machine.com\/wp-content\/uploads\/2026\/01\/nut-flour-16x12.webp 16w\" sizes=\"auto, (max-width: 720px) 100vw, 720px\" \/><figcaption class=\"wp-element-caption\">farinha de nozes<\/figcaption><\/figure>    <figure class=\"wp-block-image size-large\"><img loading=\"lazy\" decoding=\"async\" width=\"720\" height=\"540\" data-id=\"1078\" src=\"https:\/\/www.peanuts-machine.com\/wp-content\/uploads\/2026\/01\/nut-powder.webp\" alt=\"farinha de nozes\" class=\"wp-image-1078\" title=\"\" srcset=\"https:\/\/www.peanuts-machine.com\/wp-content\/uploads\/2026\/01\/nut-powder.webp 720w, https:\/\/www.peanuts-machine.com\/wp-content\/uploads\/2026\/01\/nut-powder-300x225.webp 300w, https:\/\/www.peanuts-machine.com\/wp-content\/uploads\/2026\/01\/nut-powder-16x12.webp 16w\" sizes=\"auto, (max-width: 720px) 100vw, 720px\" \/><figcaption class=\"wp-element-caption\">farinha de nozes<\/figcaption><\/figure> <\/figure>    <h2 class=\"wp-block-heading\">Princ\u00edpio de funcionamento do moinho de farinha de sementes e nozes<\/h2>    <p>A m\u00e1quina de moagem de farinha de amendoim consiste em um cortador secund\u00e1rio de engrenagem e um rolo de moagem prim\u00e1rio:<\/p>    <ol class=\"wp-block-list\"> <li>As mat\u00e9rias-primas passam primeiro por descascamento e torrefa\u00e7\u00e3o antes de entrarem no corpo da m\u00e1quina.<\/li>    <li>A fatiagem preliminar \u00e9 realizada pela rota\u00e7\u00e3o de alta velocidade do cortador de engrenagem.<\/li>    <li>O rolo de moagem ent\u00e3o realiza o processamento de p\u00f3 fino por compress\u00e3o por rolagem.<\/li>    <li>A folga entre o rolo de moagem e o cortador de engrenagem \u00e9 ajust\u00e1vel para alcan\u00e7ar diferentes tamanhos de part\u00edculas: de granulado grosso (3-6mm) a p\u00f3 fino (malha 40-60).<\/li>    <li>Usar apenas o cortador de engrenagem sem o rolo de moagem produz produtos granulares.<\/li> <\/ol>    <p>Toda a m\u00e1quina funciona suavemente com baixo ru\u00eddo. O processamento n\u00e3o gera oleosidade e evita que o material cru grude na m\u00e1quina.<\/p>    <figure class=\"wp-block-gallery has-nested-images columns-default is-cropped wp-block-gallery-5 is-layout-flex wp-block-gallery-is-layout-flex\"> <figure class=\"wp-block-image size-large\"><img loading=\"lazy\" decoding=\"async\" width=\"720\" height=\"540\" data-id=\"1079\" src=\"https:\/\/www.peanuts-machine.com\/wp-content\/uploads\/2026\/01\/nut-powder-milling-machine.webp\" alt=\"m\u00e1quina de moagem de farinha de nozes\" class=\"wp-image-1079\" title=\"\" srcset=\"https:\/\/www.peanuts-machine.com\/wp-content\/uploads\/2026\/01\/nut-powder-milling-machine.webp 720w, https:\/\/www.peanuts-machine.com\/wp-content\/uploads\/2026\/01\/nut-powder-milling-machine-300x225.webp 300w, https:\/\/www.peanuts-machine.com\/wp-content\/uploads\/2026\/01\/nut-powder-milling-machine-16x12.webp 16w\" sizes=\"auto, (max-width: 720px) 100vw, 720px\" \/><figcaption class=\"wp-element-caption\">m\u00e1quina de moagem de farinha de nozes<\/figcaption><\/figure>    <figure class=\"wp-block-image size-large\"><img loading=\"lazy\" decoding=\"async\" width=\"720\" height=\"540\" data-id=\"1080\" src=\"https:\/\/www.peanuts-machine.com\/wp-content\/uploads\/2026\/01\/stainless-steel-peanut-mill.webp\" alt=\"moedor de amendoim em a\u00e7o inoxid\u00e1vel\" class=\"wp-image-1080\" title=\"\" srcset=\"https:\/\/www.peanuts-machine.com\/wp-content\/uploads\/2026\/01\/stainless-steel-peanut-mill.webp 720w, https:\/\/www.peanuts-machine.com\/wp-content\/uploads\/2026\/01\/stainless-steel-peanut-mill-300x225.webp 300w, https:\/\/www.peanuts-machine.com\/wp-content\/uploads\/2026\/01\/stainless-steel-peanut-mill-16x12.webp 16w\" sizes=\"auto, (max-width: 720px) 100vw, 720px\" \/><figcaption class=\"wp-element-caption\">moedor de amendoim em a\u00e7o inoxid\u00e1vel<\/figcaption><\/figure> <\/figure>    <p class=\"translation-block\"><strong>Nota:<\/strong> Se necess\u00e1rio, tamb\u00e9m oferecemos <strong><em><a href=\"https:\/\/www.peanuts-machine.com\/pt\/product\/peanut-peeling-machine\/\">m\u00e1quinas de descascamento de casca de amendoim<\/a><\/em><\/strong> e <strong><em><a href=\"https:\/\/www.peanuts-machine.com\/pt\/product\/multifunctional-nut-roaster\/\">moinhos multifuncionais de torrefa\u00e7\u00e3o de nozes<\/a><\/em><\/strong>.<\/p>    <h2 class=\"wp-block-heading\">Destaques da m\u00e1quina de moagem de farinha de nozes<\/h2>    <ul class=\"wp-block-list\"> <li>Alta produ\u00e7\u00e3o: capacidade de processamento de 200-600kg por hora atende \u00e0s demandas de produ\u00e7\u00e3o em grande escala.<\/li>    <li>Funcionalidade vers\u00e1til: capaz de produzir tanto farinha de amendoim quanto granulado para atender a diversas necessidades de processamento.<\/li>    <li>Opera\u00e7\u00e3o simples: f\u00e1cil de instalar, operar e manter, requer apenas um operador.<\/li>    <li>Higi\u00e9nico e dur\u00e1vel: toda a unidade constru\u00edda em a\u00e7o inoxid\u00e1vel resistente \u00e0 corros\u00e3o 304 para f\u00e1cil limpeza.<\/li>    <li>Granulometria ajust\u00e1vel: livremente ajust\u00e1vel de granulado grosso a p\u00f3 fino para atender a diversas aplica\u00e7\u00f5es.<\/li>    <li>Baixa oleosidade, sem entupimentos: sem vazamento de \u00f3leo ou ader\u00eancia na m\u00e1quina durante o processamento, ideal para produ\u00e7\u00e3o cont\u00ednua de alto volume.<\/li> <\/ul>    <p>Seja processando farinha de amendoim ou granulado, nosso equipamento lida com facilidade, ajudando seu neg\u00f3cio de processamento de alimentos a crescer de forma constante. Contacte-nos hoje para tornar sua produ\u00e7\u00e3o mais eficiente, higi\u00e9nica e est\u00e1vel!<\/p>","protected":false},"excerpt":{"rendered":"<p>A m\u00e1quina de moagem de p\u00f3 de amendoim pode processar amendoins e outras nozes e sementes oleaginosas em p\u00f3 ou gr\u00e2nulos, oferecendo alta produ\u00e7\u00e3o, seguran\u00e7a higi\u00e9nica e suporte para produ\u00e7\u00e3o cont\u00ednua em grande escala.<\/p>","protected":false},"author":1,"featured_media":1081,"parent":0,"template":"","tags":[56,36],"product-type":[55,46],"class_list":["post-1069","product","type-product","status-publish","has-post-thumbnail","hentry","tag-nut","tag-peanut","product-type-peanut-cutting-machine","product-type-products"],"_links":{"self":[{"href":"https:\/\/www.peanuts-machine.com\/pt\/wp-json\/wp\/v2\/product\/1069","targetHints":{"allow":["GET"]}}],"collection":[{"href":"https:\/\/www.peanuts-machine.com\/pt\/wp-json\/wp\/v2\/product"}],"about":[{"href":"https:\/\/www.peanuts-machine.com\/pt\/wp-json\/wp\/v2\/types\/product"}],"author":[{"embeddable":true,"href":"https:\/\/www.peanuts-machine.com\/pt\/wp-json\/wp\/v2\/users\/1"}],"wp:featuredmedia":[{"embeddable":true,"href":"https:\/\/www.peanuts-machine.com\/pt\/wp-json\/wp\/v2\/media\/1081"}],"wp:attachment":[{"href":"https:\/\/www.peanuts-machine.com\/pt\/wp-json\/wp\/v2\/media?parent=1069"}],"wp:term":[{"taxonomy":"post_tag","embeddable":true,"href":"https:\/\/www.peanuts-machine.com\/pt\/wp-json\/wp\/v2\/tags?post=1069"},{"taxonomy":"product-type","embeddable":true,"href":"https:\/\/www.peanuts-machine.com\/pt\/wp-json\/wp\/v2\/product-type?post=1069"}],"curies":[{"name":"wp","href":"https:\/\/api.w.org\/{rel}","templated":true}]}}