{"id":1085,"date":"2026-01-22T14:58:14","date_gmt":"2026-01-22T06:58:14","guid":{"rendered":"https:\/\/www.peanuts-machine.com\/?post_type=product&#038;p=1085"},"modified":"2026-01-27T17:12:16","modified_gmt":"2026-01-27T09:12:16","slug":"peanut-kernel-washing-machine","status":"publish","type":"product","link":"https:\/\/www.peanuts-machine.com\/pt\/product\/peanut-kernel-washing-machine\/","title":{"rendered":"M\u00e1quina de Lavagem de Gr\u00e3os de Amendoim | Lavadora de Tambor Rotativo para Nozes"},"content":{"rendered":"<div class=\"kk-star-ratings kksr-auto kksr-align-left kksr-valign-top\"     data-payload='{&quot;align&quot;:&quot;left&quot;,&quot;id&quot;:&quot;1085&quot;,&quot;slug&quot;:&quot;default&quot;,&quot;valign&quot;:&quot;top&quot;,&quot;ignore&quot;:&quot;&quot;,&quot;reference&quot;:&quot;auto&quot;,&quot;class&quot;:&quot;&quot;,&quot;count&quot;:&quot;13&quot;,&quot;legendonly&quot;:&quot;&quot;,&quot;readonly&quot;:&quot;&quot;,&quot;score&quot;:&quot;4.8&quot;,&quot;starsonly&quot;:&quot;&quot;,&quot;best&quot;:&quot;5&quot;,&quot;gap&quot;:&quot;5&quot;,&quot;greet&quot;:&quot;Rate this product&quot;,&quot;legend&quot;:&quot;4.8\\\/5 - (13 votes)&quot;,&quot;size&quot;:&quot;24&quot;,&quot;title&quot;:&quot;Peanut Kernel Washing Machine | Nuts Rotary Drum Washer&quot;,&quot;width&quot;:&quot;136.7&quot;,&quot;_legend&quot;:&quot;{score}\\\/{best} - ({count} {votes})&quot;,&quot;font_factor&quot;:&quot;1.25&quot;}'>              <div class=\"kksr-stars\">      <div class=\"kksr-stars-inactive\">             <div class=\"kksr-star\" data-star=\"1\" style=\"padding-right: 5px\">               <div class=\"kksr-icon\" style=\"width: 24px; height: 24px;\"><\/div>         <\/div>             <div class=\"kksr-star\" data-star=\"2\" style=\"padding-right: 5px\">               <div class=\"kksr-icon\" style=\"width: 24px; height: 24px;\"><\/div>         <\/div>             <div class=\"kksr-star\" data-star=\"3\" style=\"padding-right: 5px\">               <div class=\"kksr-icon\" style=\"width: 24px; height: 24px;\"><\/div>         <\/div>             <div class=\"kksr-star\" data-star=\"4\" style=\"padding-right: 5px\">               <div class=\"kksr-icon\" style=\"width: 24px; height: 24px;\"><\/div>         <\/div>             <div class=\"kksr-star\" data-star=\"5\" style=\"padding-right: 5px\">               <div class=\"kksr-icon\" style=\"width: 24px; height: 24px;\"><\/div>         <\/div>     <\/div>      <div class=\"kksr-stars-active\" style=\"width: 136.7px;\">             <div class=\"kksr-star\" style=\"padding-right: 5px\">               <div class=\"kksr-icon\" style=\"width: 24px; height: 24px;\"><\/div>         <\/div>             <div class=\"kksr-star\" style=\"padding-right: 5px\">               <div class=\"kksr-icon\" style=\"width: 24px; height: 24px;\"><\/div>         <\/div>             <div class=\"kksr-star\" style=\"padding-right: 5px\">               <div class=\"kksr-icon\" style=\"width: 24px; height: 24px;\"><\/div>         <\/div>             <div class=\"kksr-star\" style=\"padding-right: 5px\">               <div class=\"kksr-icon\" style=\"width: 24px; height: 24px;\"><\/div>         <\/div>             <div class=\"kksr-star\" style=\"padding-right: 5px\">               <div class=\"kksr-icon\" style=\"width: 24px; height: 24px;\"><\/div>         <\/div>     <\/div> <\/div>                   <div class=\"kksr-legend\" style=\"font-size: 19.2px;\">             4,8\/5 - (13 votos)    <\/div>     <\/div>  <p>Esta m\u00e1quina de lavagem de caro\u00e7os de amendoim \u00e9 um dispositivo de limpeza autom\u00e1tica cont\u00ednua especialmente projetado para caro\u00e7os de amendoim descascados, adequado para linhas de produ\u00e7\u00e3o de processamento de alimentos em grande escala e padronizadas. O equipamento emprega uma estrutura de pulveriza\u00e7\u00e3o por tambor combinada com um sistema de circula\u00e7\u00e3o de \u00e1gua, garantindo uma limpeza completa enquanto reduz efetivamente o consumo de \u00e1gua.<\/p>    <p>Constru\u00edda inteiramente em a\u00e7o inoxid\u00e1vel 304, remove eficientemente sujeira superficial, poeira e impurezas dos caro\u00e7os de amendoim. Isso a torna uma solu\u00e7\u00e3o ideal para empresas de processamento de amendoim que buscam melhorar a efici\u00eancia do pr\u00e9-tratamento e a qualidade do produto. Com uma capacidade de 1 a 1,5 toneladas por hora, atende \u00e0s demandas de produ\u00e7\u00e3o cont\u00ednua enquanto mant\u00e9m uma qualidade de limpeza superior.<\/p>    <figure class=\"wp-block-embed aligncenter is-type-video is-provider-youtube wp-block-embed-youtube wp-embed-aspect-16-9 wp-has-aspect-ratio\"><div class=\"wp-block-embed__wrapper\"> <iframe loading=\"lazy\" title=\"\ud83e\udd5c M\u00e1quina de Limpeza de Amendoim Eficiente em A\u00e7\u00e3o! | Demonstra\u00e7\u00e3o de Equipamentos Agr\u00edcolas#amendoim #m\u00e1quinadelavagem\" width=\"500\" height=\"281\" src=\"https:\/\/www.youtube.com\/embed\/CySsJCiFbJA?feature=oembed\" frameborder=\"0\" allow=\"accelerometer; autoplay; clipboard-write; encrypted-media; gyroscope; picture-in-picture; web-share\" referrerpolicy=\"strict-origin-when-cross-origin\" allowfullscreen><\/iframe> <\/div><figcaption class=\"wp-element-caption\">V\u00eddeo de funcionamento da m\u00e1quina autom\u00e1tica de lavagem de caro\u00e7os de amendoim<\/figcaption><\/figure>    <h2 class=\"wp-block-heading\">Cen\u00e1rios de aplica\u00e7\u00e3o da m\u00e1quina de limpeza de amendoim<\/h2>    <p>A m\u00e1quina de lavagem de caro\u00e7os de amendoim \u00e9 utilizada principalmente na fase de pr\u00e9-processamento das linhas de produ\u00e7\u00e3o de processamento de amendoim, sendo adequada para:<\/p>    <ul class=\"wp-block-list\"> <li>Limpeza de mat\u00e9rias-primas para produtos de processamento profundo, como manteiga de amendoim, leite de amendoim e p\u00f3 de amendoim.<\/li>    <li>Limpeza antes da produ\u00e7\u00e3o de alimentos de snack como amendoins fritos e amendoins torrados.<\/li>    <li>Limpeza em grande quantidade de caro\u00e7os de amendoim para cooperativas de processamento agr\u00edcola e f\u00e1bricas de alimentos.<\/li> <\/ul>    <p>Al\u00e9m disso, este equipamento \u00e9 adequado para limpeza por pulveriza\u00e7\u00e3o de materiais granulares como favas, ervilhas e am\u00eandoas. Permite opera\u00e7\u00e3o cont\u00ednua, adapta-se a diversos cen\u00e1rios de processamento de alimentos e melhora a utiliza\u00e7\u00e3o geral do equipamento.<\/p>   <div class=\"wp-block-image\"> <figure class=\"aligncenter size-full\"><img loading=\"lazy\" decoding=\"async\" width=\"720\" height=\"540\" src=\"https:\/\/www.peanuts-machine.com\/wp-content\/uploads\/2026\/01\/peanut-kernel-washing-machine.webp\" alt=\"m\u00e1quina de lavagem de caro\u00e7os de amendoim\" class=\"wp-image-1086\" title=\"\" srcset=\"https:\/\/www.peanuts-machine.com\/wp-content\/uploads\/2026\/01\/peanut-kernel-washing-machine.webp 720w, https:\/\/www.peanuts-machine.com\/wp-content\/uploads\/2026\/01\/peanut-kernel-washing-machine-300x225.webp 300w, https:\/\/www.peanuts-machine.com\/wp-content\/uploads\/2026\/01\/peanut-kernel-washing-machine-16x12.webp 16w\" sizes=\"auto, (max-width: 720px) 100vw, 720px\" \/><figcaption class=\"wp-element-caption\">m\u00e1quina de lavagem de caro\u00e7os de amendoim<\/figcaption><\/figure> <\/div>   <h2 class=\"wp-block-heading\">Vantagens da m\u00e1quina de lavagem de caro\u00e7os de amendoim<\/h2>    <ul class=\"wp-block-list\"> <li>Alta efici\u00eancia de limpeza: rota\u00e7\u00e3o cont\u00ednua do tambor combinada com fluxo de \u00e1gua por pulveriza\u00e7\u00e3o permite uma limpeza r\u00e1pida de grandes volumes de caro\u00e7os de amendoim, mantendo uma produ\u00e7\u00e3o est\u00e1vel de 1 a 1,5 toneladas por hora.<\/li>    <li>Eficiente em termos energ\u00e9ticos e ecol\u00f3gica: sistema de circula\u00e7\u00e3o de \u00e1gua com tanque embutido e bomba (pot\u00eancia da bomba 0,75KW) reduz efetivamente o consumo de \u00e1gua.<\/li>    <li>Dano m\u00ednimo ao material: o m\u00e9todo de limpeza suave do tambor evita a quebra do caro\u00e7o de amendoim, preservando a integridade e a qualidade da apar\u00eancia.<\/li>    <li>Opera\u00e7\u00e3o e manuten\u00e7\u00e3o simples: com um consumo total de energia de apenas 1,1KW, a m\u00e1quina apresenta baixo uso de energia e opera\u00e7\u00e3o e manuten\u00e7\u00e3o di\u00e1rias convenientes.<\/li>    <li>Higi\u00e9nico e dur\u00e1vel: corpo em a\u00e7o inoxid\u00e1vel 304 resistente \u00e0 corros\u00e3o e ferrugem, atendendo aos requisitos de higiene alimentar e garantindo uma longa vida \u00fatil.<\/li> <\/ul>   <div class=\"wp-block-image\"> <figure class=\"aligncenter size-full\"><img loading=\"lazy\" decoding=\"async\" width=\"720\" height=\"540\" src=\"https:\/\/www.peanuts-machine.com\/wp-content\/uploads\/2026\/01\/peanut-cleaning-machine.webp\" alt=\"m\u00e1quina de limpeza de amendoim\" class=\"wp-image-1087\" title=\"\" srcset=\"https:\/\/www.peanuts-machine.com\/wp-content\/uploads\/2026\/01\/peanut-cleaning-machine.webp 720w, https:\/\/www.peanuts-machine.com\/wp-content\/uploads\/2026\/01\/peanut-cleaning-machine-300x225.webp 300w, https:\/\/www.peanuts-machine.com\/wp-content\/uploads\/2026\/01\/peanut-cleaning-machine-16x12.webp 16w\" sizes=\"auto, (max-width: 720px) 100vw, 720px\" \/><figcaption class=\"wp-element-caption\">m\u00e1quina de limpeza de amendoim<\/figcaption><\/figure> <\/div>   <h2 class=\"wp-block-heading\">Princ\u00edpio de funcionamento da lavadora industrial de amendoim<\/h2>    <p>A m\u00e1quina de lavagem de caro\u00e7os de amendoim emprega um m\u00e9todo de limpeza por pulveriza\u00e7\u00e3o no tambor:<\/p>    <ol class=\"wp-block-list\"> <li>Os caro\u00e7os de amendoim descascados entram no tambor perfurado de a\u00e7o inoxid\u00e1vel pela extremidade de alimenta\u00e7\u00e3o.<\/li>    <li>O tambor gira lentamente sob o acionamento do motor, fazendo com que os caro\u00e7os rolem continuamente.<\/li>    <li>Simultaneamente, uma bomba de \u00e1gua pulveriza \u00e1gua limpa no interior do tambor. As impurezas s\u00e3o removidas atrav\u00e9s da agita\u00e7\u00e3o do fluxo de \u00e1gua e fric\u00e7\u00e3o com o material.<\/li>    <li>Wastewater and fine debris pass through the drum&#8217;s perforations, draining back into the water tank for recycling.<\/li>    <li>Ap\u00f3s a conclus\u00e3o, o design inclinado do tambor combinado com o movimento rotativo descarrega automaticamente os caro\u00e7os limpos.<\/li> <\/ol>   <div class=\"wp-block-image\"> <figure class=\"aligncenter size-full\"><img loading=\"lazy\" decoding=\"async\" width=\"720\" height=\"540\" src=\"https:\/\/www.peanuts-machine.com\/wp-content\/uploads\/2026\/01\/nut-washing-machine.webp\" alt=\"m\u00e1quina de lavagem de nozes\" class=\"wp-image-1089\" title=\"\" srcset=\"https:\/\/www.peanuts-machine.com\/wp-content\/uploads\/2026\/01\/nut-washing-machine.webp 720w, https:\/\/www.peanuts-machine.com\/wp-content\/uploads\/2026\/01\/nut-washing-machine-300x225.webp 300w, https:\/\/www.peanuts-machine.com\/wp-content\/uploads\/2026\/01\/nut-washing-machine-16x12.webp 16w\" sizes=\"auto, (max-width: 720px) 100vw, 720px\" \/><figcaption class=\"wp-element-caption\">m\u00e1quina de lavagem de nozes<\/figcaption><\/figure> <\/div>   <p>A m\u00e1quina compacta mede aproximadamente 2500\u00d7800\u00d71600mm, facilitando a integra\u00e7\u00e3o perfeita em linhas de produ\u00e7\u00e3o com subsequente secagem, classifica\u00e7\u00e3o ou outros equipamentos.<\/p>    <p class=\"translation-block\">Al\u00e9m disso, oferecemos solu\u00e7\u00f5es completas para v\u00e1rias aplica\u00e7\u00f5es de processamento de amendoim maduras, como <strong><em><a href=\"https:\/\/www.peanuts-machine.com\/pt\/product\/peanut-butter-production-line\/\">linhas de produ\u00e7\u00e3o de manteiga de amendoim<\/a><\/em><\/strong>, para atender a diferentes escalas e requisitos de processo. Sinta-se \u00e0 vontade para nos contactar a qualquer momento para configura\u00e7\u00e3o profissional de equipamentos e servi\u00e7os personalizados.<\/p>","protected":false},"excerpt":{"rendered":"<p>A m\u00e1quina de lavagem de caro\u00e7os de amendoim apresenta uma estrutura de pulveriza\u00e7\u00e3o de tambor em a\u00e7o inoxid\u00e1vel e foi projetada para limpeza autom\u00e1tica cont\u00ednua de caro\u00e7os de amendoim descascados.<\/p>","protected":false},"author":1,"featured_media":1088,"parent":0,"template":"","tags":[36],"product-type":[54,46],"class_list":["post-1085","product","type-product","status-publish","has-post-thumbnail","hentry","tag-peanut","product-type-other-peanut-related-machine","product-type-products"],"_links":{"self":[{"href":"https:\/\/www.peanuts-machine.com\/pt\/wp-json\/wp\/v2\/product\/1085","targetHints":{"allow":["GET"]}}],"collection":[{"href":"https:\/\/www.peanuts-machine.com\/pt\/wp-json\/wp\/v2\/product"}],"about":[{"href":"https:\/\/www.peanuts-machine.com\/pt\/wp-json\/wp\/v2\/types\/product"}],"author":[{"embeddable":true,"href":"https:\/\/www.peanuts-machine.com\/pt\/wp-json\/wp\/v2\/users\/1"}],"wp:featuredmedia":[{"embeddable":true,"href":"https:\/\/www.peanuts-machine.com\/pt\/wp-json\/wp\/v2\/media\/1088"}],"wp:attachment":[{"href":"https:\/\/www.peanuts-machine.com\/pt\/wp-json\/wp\/v2\/media?parent=1085"}],"wp:term":[{"taxonomy":"post_tag","embeddable":true,"href":"https:\/\/www.peanuts-machine.com\/pt\/wp-json\/wp\/v2\/tags?post=1085"},{"taxonomy":"product-type","embeddable":true,"href":"https:\/\/www.peanuts-machine.com\/pt\/wp-json\/wp\/v2\/product-type?post=1085"}],"curies":[{"name":"wp","href":"https:\/\/api.w.org\/{rel}","templated":true}]}}