{"id":1091,"date":"2026-01-22T16:29:34","date_gmt":"2026-01-22T08:29:34","guid":{"rendered":"https:\/\/www.peanuts-machine.com\/?post_type=product&#038;p=1091"},"modified":"2026-01-26T17:37:43","modified_gmt":"2026-01-26T09:37:43","slug":"peanut-peeling-and-splitting-machine","status":"publish","type":"product","link":"https:\/\/www.peanuts-machine.com\/pt\/product\/peanut-peeling-and-splitting-machine\/","title":{"rendered":"M\u00e1quina de descasque e divis\u00e3o de amendoim | M\u00e1quina de corte de amendoim ao meio"},"content":{"rendered":"<div class=\"kk-star-ratings kksr-auto kksr-align-left kksr-valign-top\"     data-payload='{&quot;align&quot;:&quot;left&quot;,&quot;id&quot;:&quot;1091&quot;,&quot;slug&quot;:&quot;default&quot;,&quot;valign&quot;:&quot;top&quot;,&quot;ignore&quot;:&quot;&quot;,&quot;reference&quot;:&quot;auto&quot;,&quot;class&quot;:&quot;&quot;,&quot;count&quot;:&quot;30&quot;,&quot;legendonly&quot;:&quot;&quot;,&quot;readonly&quot;:&quot;&quot;,&quot;score&quot;:&quot;4.8&quot;,&quot;starsonly&quot;:&quot;&quot;,&quot;best&quot;:&quot;5&quot;,&quot;gap&quot;:&quot;5&quot;,&quot;greet&quot;:&quot;Rate this product&quot;,&quot;legend&quot;:&quot;4.8\\\/5 - (30 votes)&quot;,&quot;size&quot;:&quot;24&quot;,&quot;title&quot;:&quot;Peanut Peeling and Splitting Machine | Peanut Half Cutting Machine&quot;,&quot;width&quot;:&quot;136.7&quot;,&quot;_legend&quot;:&quot;{score}\\\/{best} - ({count} {votes})&quot;,&quot;font_factor&quot;:&quot;1.25&quot;}'>              <div class=\"kksr-stars\">      <div class=\"kksr-stars-inactive\">             <div class=\"kksr-star\" data-star=\"1\" style=\"padding-right: 5px\">               <div class=\"kksr-icon\" style=\"width: 24px; height: 24px;\"><\/div>         <\/div>             <div class=\"kksr-star\" data-star=\"2\" style=\"padding-right: 5px\">               <div class=\"kksr-icon\" style=\"width: 24px; height: 24px;\"><\/div>         <\/div>             <div class=\"kksr-star\" data-star=\"3\" style=\"padding-right: 5px\">               <div class=\"kksr-icon\" style=\"width: 24px; height: 24px;\"><\/div>         <\/div>             <div class=\"kksr-star\" data-star=\"4\" style=\"padding-right: 5px\">               <div class=\"kksr-icon\" style=\"width: 24px; height: 24px;\"><\/div>         <\/div>             <div class=\"kksr-star\" data-star=\"5\" style=\"padding-right: 5px\">               <div class=\"kksr-icon\" style=\"width: 24px; height: 24px;\"><\/div>         <\/div>     <\/div>      <div class=\"kksr-stars-active\" style=\"width: 136.7px;\">             <div class=\"kksr-star\" style=\"padding-right: 5px\">               <div class=\"kksr-icon\" style=\"width: 24px; height: 24px;\"><\/div>         <\/div>             <div class=\"kksr-star\" style=\"padding-right: 5px\">               <div class=\"kksr-icon\" style=\"width: 24px; height: 24px;\"><\/div>         <\/div>             <div class=\"kksr-star\" style=\"padding-right: 5px\">               <div class=\"kksr-icon\" style=\"width: 24px; height: 24px;\"><\/div>         <\/div>             <div class=\"kksr-star\" style=\"padding-right: 5px\">               <div class=\"kksr-icon\" style=\"width: 24px; height: 24px;\"><\/div>         <\/div>             <div class=\"kksr-star\" style=\"padding-right: 5px\">               <div class=\"kksr-icon\" style=\"width: 24px; height: 24px;\"><\/div>         <\/div>     <\/div> <\/div>                   <div class=\"kksr-legend\" style=\"font-size: 19.2px;\">             4,8\/5 - (30 votos)    <\/div>     <\/div>  <p>A m\u00e1quina de descasque e divis\u00e3o de amendoim integra remo\u00e7\u00e3o de pele vermelha com separa\u00e7\u00e3o de n\u00facleo, especialmente projetada para produzir amendoins divididos. Alcan\u00e7a uma descasca eficiente e divis\u00e3o uniforme, garantindo a integridade do n\u00facleo, com altas taxas de divis\u00e3o e m\u00ednima quebra, taxa de divis\u00e3o acima de 96%.<\/p>    <p>A m\u00e1quina toda est\u00e1 equipada com um sistema de coleta de p\u00f3 e uma estrutura de triagem vibrat\u00f3ria, separando automaticamente peles e impurezas. As metades de amendoim acabadas s\u00e3o limpas, brancas e visualmente atraentes, com perda m\u00ednima de material. Serve como equipamento de pr\u00e9-processamento ideal para processamento profundo de amendoim e ind\u00fastria aliment\u00edcia.<\/p>    <figure class=\"wp-block-embed aligncenter is-type-video is-provider-youtube wp-block-embed-youtube wp-embed-aspect-16-9 wp-has-aspect-ratio\"><div class=\"wp-block-embed__wrapper\"> <iframe loading=\"lazy\" title=\"High-Efficiency Peanut Peeling &amp; Splitting Machine in Action \ud83e\udd5c\u2699\ufe0f#peanut #peanutprocessing\" width=\"500\" height=\"281\" src=\"https:\/\/www.youtube.com\/embed\/SSeXkgpVFN8?feature=oembed\" frameborder=\"0\" allow=\"accelerometer; autoplay; clipboard-write; encrypted-media; gyroscope; picture-in-picture; web-share\" referrerpolicy=\"strict-origin-when-cross-origin\" allowfullscreen><\/iframe> <\/div><figcaption class=\"wp-element-caption\">V\u00eddeo de funcionamento da m\u00e1quina de corte de metades de amendoim<\/figcaption><\/figure>    <h2 class=\"wp-block-heading\">Especifica\u00e7\u00f5es da m\u00e1quina de divis\u00e3o de amendoim <\/h2>    <figure class=\"wp-block-table is-style-stripes\"><table class=\"has-fixed-layout\"><tbody><tr><td><strong>Par\u00e2metro<\/strong><\/td><td><strong>Modelo Grande<\/strong><\/td><td><strong>Modelo Pequeno<\/strong><\/td><\/tr><tr><td>Capacidade<\/td><td>1000 kg\/h<\/td><td>400\u2013500 kg\/h<\/td><\/tr><tr><td>Principais Pot\u00eancias<\/td><td>2,2 KW<\/td><td>1,5 KW<\/td><\/tr><tr><td>Pot\u00eancia do ventilador<\/td><td>2,2 KW<\/td><td>0,75 KW<\/td><\/tr><tr><td>Dimens\u00f5es<\/td><td>1900 \u00d7 1150 \u00d7 1350 mm<\/td><td>1900 \u00d7 850 \u00d7 1350 mm<\/td><\/tr><tr><td>Tens\u00e3o<\/td><td>380 V<\/td><td>380 V<\/td><\/tr><tr><td>Frequ\u00eancia<\/td><td>50 Hz<\/td><td>50 Hz<\/td><\/tr><\/tbody><\/table><figcaption class=\"wp-element-caption\">Par\u00e2metros t\u00e9cnicos da m\u00e1quina de descasque e divis\u00e3o de amendoim<\/figcaption><\/figure>    <figure class=\"wp-block-gallery has-nested-images columns-default is-cropped wp-block-gallery-2 is-layout-flex wp-block-gallery-is-layout-flex\"> <figure class=\"wp-block-image size-large\"><img loading=\"lazy\" decoding=\"async\" width=\"720\" height=\"540\" data-id=\"1094\" src=\"https:\/\/www.peanuts-machine.com\/wp-content\/uploads\/2026\/01\/peanut-peeling-and-splitting-machine.webp\" alt=\"m\u00e1quina de descasque e divis\u00e3o de amendoim\" class=\"wp-image-1094\" title=\"\" srcset=\"https:\/\/www.peanuts-machine.com\/wp-content\/uploads\/2026\/01\/peanut-peeling-and-splitting-machine.webp 720w, https:\/\/www.peanuts-machine.com\/wp-content\/uploads\/2026\/01\/peanut-peeling-and-splitting-machine-300x225.webp 300w, https:\/\/www.peanuts-machine.com\/wp-content\/uploads\/2026\/01\/peanut-peeling-and-splitting-machine-16x12.webp 16w\" sizes=\"auto, (max-width: 720px) 100vw, 720px\" \/><figcaption class=\"wp-element-caption\">m\u00e1quina de descasque e divis\u00e3o de amendoim<\/figcaption><\/figure>    <figure class=\"wp-block-image size-large\"><img loading=\"lazy\" decoding=\"async\" width=\"720\" height=\"540\" data-id=\"1093\" src=\"https:\/\/www.peanuts-machine.com\/wp-content\/uploads\/2026\/01\/peanut-half-cutting-machine.webp\" alt=\"M\u00e1quina de corte de amendoim pela metade\" class=\"wp-image-1093\" title=\"\" srcset=\"https:\/\/www.peanuts-machine.com\/wp-content\/uploads\/2026\/01\/peanut-half-cutting-machine.webp 720w, https:\/\/www.peanuts-machine.com\/wp-content\/uploads\/2026\/01\/peanut-half-cutting-machine-300x225.webp 300w, https:\/\/www.peanuts-machine.com\/wp-content\/uploads\/2026\/01\/peanut-half-cutting-machine-16x12.webp 16w\" sizes=\"auto, (max-width: 720px) 100vw, 720px\" \/><figcaption class=\"wp-element-caption\">M\u00e1quina de corte de amendoim pela metade<\/figcaption><\/figure> <\/figure>    <h2 class=\"wp-block-heading\">Aplica\u00e7\u00f5es da m\u00e1quina de corte de metades de amendoim<\/h2>    <p>A m\u00e1quina de descasque e divis\u00e3o de amendoim \u00e9 usada principalmente no processamento profundo de alimentos e produtos agr\u00edcolas, sendo adequada para:<\/p>    <ul class=\"wp-block-list\"> <li>Processamento industrial de amendoim partido.<\/li>    <li>Prepara\u00e7\u00e3o de mat\u00e9rias-primas para produtos assados como doces, biscoitos, bolos e p\u00e3o.<\/li>    <li>Pr\u00e9-processamento de mat\u00e9rias-primas para manteiga de amendoim, amendoins enlatados e alimentos de snack.<\/li>    <li>Classifica\u00e7\u00e3o e processamento profundo de amendoim para f\u00e1bricas de \u00f3leo e empresas de processamento de alimentos.<\/li> <\/ul>    <p>Al\u00e9m do amendoim, este equipamento tamb\u00e9m pode ser usado para dividir certas leguminosas e cocos, oferecendo ampla aplicabilidade. \u00c9 adequado para pequenas, m\u00e9dias e grandes empresas de processamento.<\/p>    <figure class=\"wp-block-gallery has-nested-images columns-default is-cropped wp-block-gallery-3 is-layout-flex wp-block-gallery-is-layout-flex\"> <figure class=\"wp-block-image size-large\"><img loading=\"lazy\" decoding=\"async\" width=\"720\" height=\"540\" data-id=\"1095\" src=\"https:\/\/www.peanuts-machine.com\/wp-content\/uploads\/2026\/01\/peanut-half-parting-machine.webp\" alt=\"m\u00e1quina de separa\u00e7\u00e3o de metades de amendoim\" class=\"wp-image-1095\" title=\"\" srcset=\"https:\/\/www.peanuts-machine.com\/wp-content\/uploads\/2026\/01\/peanut-half-parting-machine.webp 720w, https:\/\/www.peanuts-machine.com\/wp-content\/uploads\/2026\/01\/peanut-half-parting-machine-300x225.webp 300w, https:\/\/www.peanuts-machine.com\/wp-content\/uploads\/2026\/01\/peanut-half-parting-machine-16x12.webp 16w\" sizes=\"auto, (max-width: 720px) 100vw, 720px\" \/><figcaption class=\"wp-element-caption\">m\u00e1quina de separa\u00e7\u00e3o de metades de amendoim<\/figcaption><\/figure>    <figure class=\"wp-block-image size-large\"><img loading=\"lazy\" decoding=\"async\" width=\"720\" height=\"540\" data-id=\"1096\" src=\"https:\/\/www.peanuts-machine.com\/wp-content\/uploads\/2026\/01\/peanut-peeling-and-half-separating-machine.webp\" alt=\"M\u00e1quina de descasque e separa\u00e7\u00e3o de metades de amendoim\" class=\"wp-image-1096\" title=\"\" srcset=\"https:\/\/www.peanuts-machine.com\/wp-content\/uploads\/2026\/01\/peanut-peeling-and-half-separating-machine.webp 720w, https:\/\/www.peanuts-machine.com\/wp-content\/uploads\/2026\/01\/peanut-peeling-and-half-separating-machine-300x225.webp 300w, https:\/\/www.peanuts-machine.com\/wp-content\/uploads\/2026\/01\/peanut-peeling-and-half-separating-machine-16x12.webp 16w\" sizes=\"auto, (max-width: 720px) 100vw, 720px\" \/><figcaption class=\"wp-element-caption\">M\u00e1quina de descasque e separa\u00e7\u00e3o de metades de amendoim<\/figcaption><\/figure> <\/figure>    <h2 class=\"wp-block-heading\">Caracter\u00edsticas da m\u00e1quina de descasque e divis\u00e3o de amendoim<\/h2>    <ul class=\"wp-block-list\"> <li>Descasque e corte integrados: uma m\u00e1quina realiza dois processos simultaneamente, reduzindo custos de produ\u00e7\u00e3o.<\/li>    <li>Alta efici\u00eancia de descasque: taxa de descasque de amendoim \u226596% com m\u00ednimo de quebras.<\/li>    <li>Desbaste autom\u00e1tico e remo\u00e7\u00e3o de impurezas: sistema de v\u00e1cuo e tela vibrat\u00f3ria separam efetivamente peles vermelhas e germem.<\/li>    <li>Baixo ru\u00eddo, baixo consumo de energia: opera\u00e7\u00e3o suave, eficiente em energia, adequada para opera\u00e7\u00e3o cont\u00ednua prolongada.<\/li>    <li>Qualidade superior do produto: metades de amendoim s\u00e3o uniformemente brancas e esteticamente agrad\u00e1veis.<\/li>    <li>Opera\u00e7\u00e3o e manuten\u00e7\u00e3o simples: o design racional garante f\u00e1cil opera\u00e7\u00e3o, limpeza e manuten\u00e7\u00e3o.<\/li>    <li>Ecol\u00f3gica e livre de polui\u00e7\u00e3o: peles vermelhas s\u00e3o coletadas centralmente, eliminando a polui\u00e7\u00e3o por poeira.<\/li> <\/ul>    <figure class=\"wp-block-gallery has-nested-images columns-default is-cropped wp-block-gallery-4 is-layout-flex wp-block-gallery-is-layout-flex\"> <figure class=\"wp-block-image size-large\"><img loading=\"lazy\" decoding=\"async\" width=\"720\" height=\"540\" data-id=\"1098\" src=\"https:\/\/www.peanuts-machine.com\/wp-content\/uploads\/2026\/01\/peanut-splitter-machine.webp\" alt=\"m\u00e1quina de divis\u00e3o de amendoim\" class=\"wp-image-1098\" title=\"\" srcset=\"https:\/\/www.peanuts-machine.com\/wp-content\/uploads\/2026\/01\/peanut-splitter-machine.webp 720w, https:\/\/www.peanuts-machine.com\/wp-content\/uploads\/2026\/01\/peanut-splitter-machine-300x225.webp 300w, https:\/\/www.peanuts-machine.com\/wp-content\/uploads\/2026\/01\/peanut-splitter-machine-16x12.webp 16w\" sizes=\"auto, (max-width: 720px) 100vw, 720px\" \/><figcaption class=\"wp-element-caption\">m\u00e1quina de divis\u00e3o de amendoim<\/figcaption><\/figure>    <figure class=\"wp-block-image size-large\"><img loading=\"lazy\" decoding=\"async\" width=\"720\" height=\"540\" data-id=\"1097\" src=\"https:\/\/www.peanuts-machine.com\/wp-content\/uploads\/2026\/01\/peanut-peeler-and-half-separator.webp\" alt=\"descascador de amendoim e separador de metades\" class=\"wp-image-1097\" title=\"\" srcset=\"https:\/\/www.peanuts-machine.com\/wp-content\/uploads\/2026\/01\/peanut-peeler-and-half-separator.webp 720w, https:\/\/www.peanuts-machine.com\/wp-content\/uploads\/2026\/01\/peanut-peeler-and-half-separator-300x225.webp 300w, https:\/\/www.peanuts-machine.com\/wp-content\/uploads\/2026\/01\/peanut-peeler-and-half-separator-16x12.webp 16w\" sizes=\"auto, (max-width: 720px) 100vw, 720px\" \/><figcaption class=\"wp-element-caption\">descascador de amendoim e separador de metades<\/figcaption><\/figure> <\/figure>    <h2 class=\"wp-block-heading\">Como funciona a m\u00e1quina de descasque e divis\u00e3o de amendoim?<\/h2>    <p>A m\u00e1quina de descasque e divis\u00e3o de amendoim realiza a casca e a divis\u00e3o atrav\u00e9s da opera\u00e7\u00e3o coordenada de v\u00e1rias estruturas:<\/p>    <ol class=\"wp-block-list\"> <li>Amendoins assados e resfriados com suas peles vermelhas entram em um tambor de casca de alta velocidade.<\/li>    <li>Dentro do tambor, o atrito remove as peles enquanto divide os amendoins ao meio ao mesmo tempo.<\/li>    <li>Os amendoins separados s\u00e3o conduzidos por um alimentador espiral para uma tela vibrat\u00f3ria.<\/li>    <li>Under the vibrating screen&#8217;s action, peanut skins and germ are effectively separated.<\/li>    <li>Um ventilador de extra\u00e7\u00e3o de p\u00f3 concentra e remove as peles, alcan\u00e7ando separa\u00e7\u00e3o autom\u00e1tica limpa e sem polui\u00e7\u00e3o.<\/li> <\/ol>    <p>Todo o processo funciona de forma cont\u00ednua e est\u00e1vel com alta automa\u00e7\u00e3o, garantindo uma apar\u00eancia limpa e organizada das metades de amendoim.<\/p>    <p class=\"translation-block\">Tamb\u00e9m oferecemos <strong><em><a href=\"https:\/\/www.peanuts-machine.com\/pt\/product\/peanut-peeling-machine\/\">m\u00e1quinas de descasque de amendoim do tipo seco<\/a><\/em><\/strong> e <strong><em><a href=\"https:\/\/www.peanuts-machine.com\/pt\/product\/wet-groundnut-peeling-machine\/\">m\u00e1quinas de remo\u00e7\u00e3o de pele de amendoim do tipo \u00famido<\/a><\/em><\/strong> para atender \u00e0s suas diversas necessidades de produ\u00e7\u00e3o.<\/p>    <p>Obrigado por visitar o nosso site! Caso tenha alguma d\u00favida ou coment\u00e1rio, sinta-se \u00e0 vontade para envi\u00e1-los atrav\u00e9s do formul\u00e1rio \u00e0 direita. Responderemos \u00e0 sua consulta dentro de 24 horas.<\/p>","protected":false},"excerpt":{"rendered":"<p>A m\u00e1quina de descasque e divis\u00e3o de amendoim combina fun\u00e7\u00f5es de remo\u00e7\u00e3o da pele vermelha e de divis\u00e3o em uma \u00fanica unidade. Produz metades de amendoim limpas e uniformes, sendo adequada para a ind\u00fastria de processamento profundo de amendoim.<\/p>","protected":false},"author":1,"featured_media":1099,"parent":0,"template":"","tags":[36],"product-type":[49,46],"class_list":["post-1091","product","type-product","status-publish","has-post-thumbnail","hentry","tag-peanut","product-type-peanut-peeling-machine","product-type-products"],"_links":{"self":[{"href":"https:\/\/www.peanuts-machine.com\/pt\/wp-json\/wp\/v2\/product\/1091","targetHints":{"allow":["GET"]}}],"collection":[{"href":"https:\/\/www.peanuts-machine.com\/pt\/wp-json\/wp\/v2\/product"}],"about":[{"href":"https:\/\/www.peanuts-machine.com\/pt\/wp-json\/wp\/v2\/types\/product"}],"author":[{"embeddable":true,"href":"https:\/\/www.peanuts-machine.com\/pt\/wp-json\/wp\/v2\/users\/1"}],"wp:featuredmedia":[{"embeddable":true,"href":"https:\/\/www.peanuts-machine.com\/pt\/wp-json\/wp\/v2\/media\/1099"}],"wp:attachment":[{"href":"https:\/\/www.peanuts-machine.com\/pt\/wp-json\/wp\/v2\/media?parent=1091"}],"wp:term":[{"taxonomy":"post_tag","embeddable":true,"href":"https:\/\/www.peanuts-machine.com\/pt\/wp-json\/wp\/v2\/tags?post=1091"},{"taxonomy":"product-type","embeddable":true,"href":"https:\/\/www.peanuts-machine.com\/pt\/wp-json\/wp\/v2\/product-type?post=1091"}],"curies":[{"name":"wp","href":"https:\/\/api.w.org\/{rel}","templated":true}]}}