{"id":1105,"date":"2026-01-26T15:16:46","date_gmt":"2026-01-26T07:16:46","guid":{"rendered":"https:\/\/www.peanuts-machine.com\/?post_type=product&#038;p=1105"},"modified":"2026-01-30T16:54:46","modified_gmt":"2026-01-30T08:54:46","slug":"small-peanut-butter-processing-line","status":"publish","type":"product","link":"https:\/\/www.peanuts-machine.com\/pt\/product\/small-peanut-butter-processing-line\/","title":{"rendered":"Linha de Processamento de Manteiga de Amendoim Semi-autom\u00e1tica de Pequena Escala 100Kg\/h"},"content":{"rendered":"<div class=\"kk-star-ratings kksr-auto kksr-align-left kksr-valign-top\"     data-payload='{&quot;align&quot;:&quot;left&quot;,&quot;id&quot;:&quot;1105&quot;,&quot;slug&quot;:&quot;default&quot;,&quot;valign&quot;:&quot;top&quot;,&quot;ignore&quot;:&quot;&quot;,&quot;reference&quot;:&quot;auto&quot;,&quot;class&quot;:&quot;&quot;,&quot;count&quot;:&quot;9&quot;,&quot;legendonly&quot;:&quot;&quot;,&quot;readonly&quot;:&quot;&quot;,&quot;score&quot;:&quot;4.8&quot;,&quot;starsonly&quot;:&quot;&quot;,&quot;best&quot;:&quot;5&quot;,&quot;gap&quot;:&quot;5&quot;,&quot;greet&quot;:&quot;Rate this product&quot;,&quot;legend&quot;:&quot;4.8\\\/5 - (9 votes)&quot;,&quot;size&quot;:&quot;24&quot;,&quot;title&quot;:&quot;100Kg\\\/h Small-Scale Semi-Automatic Peanut Butter Processing Line&quot;,&quot;width&quot;:&quot;136.7&quot;,&quot;_legend&quot;:&quot;{score}\\\/{best} - ({count} {votes})&quot;,&quot;font_factor&quot;:&quot;1.25&quot;}'>              <div class=\"kksr-stars\">      <div class=\"kksr-stars-inactive\">             <div class=\"kksr-star\" data-star=\"1\" style=\"padding-right: 5px\">               <div class=\"kksr-icon\" style=\"width: 24px; height: 24px;\"><\/div>         <\/div>             <div class=\"kksr-star\" data-star=\"2\" style=\"padding-right: 5px\">               <div class=\"kksr-icon\" style=\"width: 24px; height: 24px;\"><\/div>         <\/div>             <div class=\"kksr-star\" data-star=\"3\" style=\"padding-right: 5px\">               <div class=\"kksr-icon\" style=\"width: 24px; height: 24px;\"><\/div>         <\/div>             <div class=\"kksr-star\" data-star=\"4\" style=\"padding-right: 5px\">               <div class=\"kksr-icon\" style=\"width: 24px; height: 24px;\"><\/div>         <\/div>             <div class=\"kksr-star\" data-star=\"5\" style=\"padding-right: 5px\">               <div class=\"kksr-icon\" style=\"width: 24px; height: 24px;\"><\/div>         <\/div>     <\/div>      <div class=\"kksr-stars-active\" style=\"width: 136.7px;\">             <div class=\"kksr-star\" style=\"padding-right: 5px\">               <div class=\"kksr-icon\" style=\"width: 24px; height: 24px;\"><\/div>         <\/div>             <div class=\"kksr-star\" style=\"padding-right: 5px\">               <div class=\"kksr-icon\" style=\"width: 24px; height: 24px;\"><\/div>         <\/div>             <div class=\"kksr-star\" style=\"padding-right: 5px\">               <div class=\"kksr-icon\" style=\"width: 24px; height: 24px;\"><\/div>         <\/div>             <div class=\"kksr-star\" style=\"padding-right: 5px\">               <div class=\"kksr-icon\" style=\"width: 24px; height: 24px;\"><\/div>         <\/div>             <div class=\"kksr-star\" style=\"padding-right: 5px\">               <div class=\"kksr-icon\" style=\"width: 24px; height: 24px;\"><\/div>         <\/div>     <\/div> <\/div>                   <div class=\"kksr-legend\" style=\"font-size: 19.2px;\">             4,8\/5 - (9 votos)    <\/div>     <\/div>  <p>Esta linha de processamento de manteiga de amendoim semi-autom\u00e1tica \u00e9 um sistema completo de processamento projetado especificamente para pequenos neg\u00f3cios. Com uma capacidade de 100kg\/h, integra torrefa\u00e7\u00e3o, descasque, moagem e enchimento em uma \u00fanica unidade, permitindo uma produ\u00e7\u00e3o eficiente e higi\u00eanica de manteiga de amendoim.<\/p>    <p>Compacta e f\u00e1cil de operar, esta linha \u00e9 adequada para neg\u00f3cios com capital limitado ou startups. A capacidade de produ\u00e7\u00e3o pode ser personalizada para atender \u00e0s necessidades do cliente. Toda a linha garante qualidade consistente e est\u00e1vel de manteiga de amendoim, sendo uma escolha ideal para processamento de alimentos em pequena escala e investimentos empreendedores.<\/p>    <figure class=\"wp-block-embed aligncenter is-type-video is-provider-youtube wp-block-embed-youtube wp-embed-aspect-16-9 wp-has-aspect-ratio\"><div class=\"wp-block-embed__wrapper\"> <iframe loading=\"lazy\" title=\"Semi-Automatic Peanut Butter Production Line | Efficient &amp; Smooth Operation \ud83e\udd5c#peanutbutter\" width=\"500\" height=\"281\" src=\"https:\/\/www.youtube.com\/embed\/_EzcL1xaoWw?feature=oembed\" frameborder=\"0\" allow=\"accelerometer; autoplay; clipboard-write; encrypted-media; gyroscope; picture-in-picture; web-share\" referrerpolicy=\"strict-origin-when-cross-origin\" allowfullscreen><\/iframe> <\/div><figcaption class=\"wp-element-caption\">V\u00eddeo de funcionamento da linha semi-autom\u00e1tica de manteiga de nozes<\/figcaption><\/figure>    <h2 class=\"wp-block-heading\">Caracter\u00edsticas e vantagens da linha de produ\u00e7\u00e3o<\/h2>    <ul class=\"wp-block-list\"> <li>Design compacto: ideal para startups e pequenas f\u00e1bricas, oferecendo opera\u00e7\u00e3o f\u00e1cil e efici\u00eancia que economiza espa\u00e7o.<\/li>    <li>Processo integrado: otimiza a produ\u00e7\u00e3o desde a limpeza da mat\u00e9ria-prima, torrefa\u00e7\u00e3o, descasque, moagem at\u00e9 enchimento e rotulagem.<\/li>    <li>Capacidade ajust\u00e1vel: produ\u00e7\u00e3o padr\u00e3o de aproximadamente 100kg\/h, com capacidades superiores dispon\u00edveis mediante solicita\u00e7\u00e3o.<\/li>    <li>Seguran\u00e7a higi\u00eanica: toda a unidade constru\u00edda com materiais de grau aliment\u00edcio, com opera\u00e7\u00e3o f\u00e1cil que atende aos padr\u00f5es de saneamento na ind\u00fastria de alimentos.<\/li>    <li>Economia de m\u00e3o de obra: opera\u00e7\u00e3o semi-autom\u00e1tica reduz o trabalho manual enquanto aumenta a efici\u00eancia de produ\u00e7\u00e3o.<\/li> <\/ul>    <figure class=\"wp-block-gallery has-nested-images columns-default is-cropped wp-block-gallery-2 is-layout-flex wp-block-gallery-is-layout-flex\"> <figure class=\"wp-block-image size-large\"><img loading=\"lazy\" decoding=\"async\" width=\"720\" height=\"540\" data-id=\"1109\" src=\"https:\/\/www.peanuts-machine.com\/wp-content\/uploads\/2026\/01\/nut-butter-factory-line.webp\" alt=\"linha de f\u00e1brica de manteiga de amendoim\" class=\"wp-image-1109\" title=\"\" srcset=\"https:\/\/www.peanuts-machine.com\/wp-content\/uploads\/2026\/01\/nut-butter-factory-line.webp 720w, https:\/\/www.peanuts-machine.com\/wp-content\/uploads\/2026\/01\/nut-butter-factory-line-300x225.webp 300w, https:\/\/www.peanuts-machine.com\/wp-content\/uploads\/2026\/01\/nut-butter-factory-line-16x12.webp 16w\" sizes=\"auto, (max-width: 720px) 100vw, 720px\" \/><figcaption class=\"wp-element-caption\">linha de f\u00e1brica de manteiga de amendoim<\/figcaption><\/figure>    <figure class=\"wp-block-image size-large\"><img loading=\"lazy\" decoding=\"async\" width=\"720\" height=\"540\" data-id=\"1110\" src=\"https:\/\/www.peanuts-machine.com\/wp-content\/uploads\/2026\/01\/small-scale-peanut-butter-plant.webp\" alt=\"pequena planta de manteiga de amendoim\" class=\"wp-image-1110\" title=\"\" srcset=\"https:\/\/www.peanuts-machine.com\/wp-content\/uploads\/2026\/01\/small-scale-peanut-butter-plant.webp 720w, https:\/\/www.peanuts-machine.com\/wp-content\/uploads\/2026\/01\/small-scale-peanut-butter-plant-300x225.webp 300w, https:\/\/www.peanuts-machine.com\/wp-content\/uploads\/2026\/01\/small-scale-peanut-butter-plant-16x12.webp 16w\" sizes=\"auto, (max-width: 720px) 100vw, 720px\" \/><figcaption class=\"wp-element-caption\">pequena planta de manteiga de amendoim<\/figcaption><\/figure> <\/figure>    <h2 class=\"wp-block-heading\">Linha de processamento de manteiga de amendoim semi-autom\u00e1tica<\/h2>    <p>O processo completo da linha de produ\u00e7\u00e3o de manteiga de amendoim \u00e9 o seguinte:<\/p>    <ol class=\"wp-block-list\"> <li>Transporte de mat\u00e9ria-prima: amendoins s\u00e3o automaticamente transportados por elevadores para equipamentos de limpeza ou torrefa\u00e7\u00e3o, garantindo transfer\u00eancia higi\u00eanica e eficiente do material.<\/li>    <li>Torrar amendoim: o <strong><em><a href=\"https:\/\/www.peanuts-machine.com\/pt\/product\/peanut-roasting-machine\/\">torrador de amendoim<\/a><\/em><\/strong> Aquecimento uniforme de amendoins com temperaturas ajust\u00e1veis automaticamente, variando de 0-300\u00b0C, aprimorando totalmente o aroma e facilitando a descascagem.<\/li>    <li>Descasque de amendoim: os amendoins torrados entram na m\u00e1quina de descasque, onde o atrito suave e o fluxo de ar separam os gr\u00e3os das cascas vermelhas, alcan\u00e7ando altas taxas de descasque enquanto preservam part\u00edculas de amendoim intactas.<\/li>    <li>Classifica\u00e7\u00e3o manual: operadores inspecionam visualmente os amendoins descascados nas esta\u00e7\u00f5es de classifica\u00e7\u00e3o, removendo cascas residuais, gr\u00e3os queimados ou descoloridos para garantir qualidade consistente da mat\u00e9ria-prima.<\/li>    <li>Moagem de amendoim: amendoins classificados entram na <strong><em><a href=\"https:\/\/www.peanuts-machine.com\/pt\/product\/commercial-peanut-butter-machine\/\">m\u00e1quina de manteiga de nozes<\/a><\/em><\/strong>, mo\u00eddo at\u00e9 obter manteiga de amendoim lisa com tamanho de part\u00edcula ajust\u00e1vel (2-100\u03bcm) conforme necess\u00e1rio.<\/li>    <li>Enchimento e tampagem: a manteiga de amendoim mo\u00edda \u00e9 automaticamente envasada em garrafas ou frascos por uma m\u00e1quina de enchimento com pesos predefinidos. Uma m\u00e1quina de tampas ent\u00e3o sela os recipientes, garantindo estanqueidade e higiene.<\/li>    <li>Rotulagem: m\u00e1quinas de rotulagem semi-autom\u00e1ticas podem ser usadas para aplicar etiquetas \u00e0s garrafas, melhorando a est\u00e9tica do produto e padronizando a apresenta\u00e7\u00e3o no mercado.<\/li> <\/ol>    <figure class=\"wp-block-gallery has-nested-images columns-2 is-cropped wp-block-gallery-3 is-layout-flex wp-block-gallery-is-layout-flex\"> <figure class=\"wp-block-image size-large\"><img loading=\"lazy\" decoding=\"async\" width=\"720\" height=\"540\" data-id=\"1114\" src=\"https:\/\/www.peanuts-machine.com\/wp-content\/uploads\/2026\/01\/peanut-roaster-machine.webp\" alt=\"m\u00e1quina torradora de amendoim\" class=\"wp-image-1114\" title=\"\" srcset=\"https:\/\/www.peanuts-machine.com\/wp-content\/uploads\/2026\/01\/peanut-roaster-machine.webp 720w, https:\/\/www.peanuts-machine.com\/wp-content\/uploads\/2026\/01\/peanut-roaster-machine-300x225.webp 300w, https:\/\/www.peanuts-machine.com\/wp-content\/uploads\/2026\/01\/peanut-roaster-machine-16x12.webp 16w\" sizes=\"auto, (max-width: 720px) 100vw, 720px\" \/><figcaption class=\"wp-element-caption\">m\u00e1quina torradora de amendoim<\/figcaption><\/figure>    <figure class=\"wp-block-image size-large\"><img loading=\"lazy\" decoding=\"async\" width=\"720\" height=\"540\" data-id=\"1113\" src=\"https:\/\/www.peanuts-machine.com\/wp-content\/uploads\/2026\/01\/peanut-peeling-machine.webp\" alt=\"m\u00e1quina de descascar amendoim\" class=\"wp-image-1113\" title=\"\" srcset=\"https:\/\/www.peanuts-machine.com\/wp-content\/uploads\/2026\/01\/peanut-peeling-machine.webp 720w, https:\/\/www.peanuts-machine.com\/wp-content\/uploads\/2026\/01\/peanut-peeling-machine-300x225.webp 300w, https:\/\/www.peanuts-machine.com\/wp-content\/uploads\/2026\/01\/peanut-peeling-machine-16x12.webp 16w\" sizes=\"auto, (max-width: 720px) 100vw, 720px\" \/><figcaption class=\"wp-element-caption\">m\u00e1quina de descascar amendoim<\/figcaption><\/figure>    <figure class=\"wp-block-image size-large\"><img loading=\"lazy\" decoding=\"async\" width=\"540\" height=\"720\" data-id=\"1112\" src=\"https:\/\/www.peanuts-machine.com\/wp-content\/uploads\/2026\/01\/peanut-butter-colloid-mill.webp\" alt=\"moinho coloidal de manteiga de amendoim\" class=\"wp-image-1112\" title=\"\" srcset=\"https:\/\/www.peanuts-machine.com\/wp-content\/uploads\/2026\/01\/peanut-butter-colloid-mill.webp 540w, https:\/\/www.peanuts-machine.com\/wp-content\/uploads\/2026\/01\/peanut-butter-colloid-mill-225x300.webp 225w, https:\/\/www.peanuts-machine.com\/wp-content\/uploads\/2026\/01\/peanut-butter-colloid-mill-9x12.webp 9w\" sizes=\"auto, (max-width: 540px) 100vw, 540px\" \/><figcaption class=\"wp-element-caption\">moinho coloidal de manteiga de amendoim<\/figcaption><\/figure>    <figure class=\"wp-block-image size-large\"><img loading=\"lazy\" decoding=\"async\" width=\"540\" height=\"720\" data-id=\"1111\" src=\"https:\/\/www.peanuts-machine.com\/wp-content\/uploads\/2026\/01\/double-head-filling-machine.webp\" alt=\"m\u00e1quina de enchimento de dupla cabe\u00e7a\" class=\"wp-image-1111\" title=\"\" srcset=\"https:\/\/www.peanuts-machine.com\/wp-content\/uploads\/2026\/01\/double-head-filling-machine.webp 540w, https:\/\/www.peanuts-machine.com\/wp-content\/uploads\/2026\/01\/double-head-filling-machine-225x300.webp 225w, https:\/\/www.peanuts-machine.com\/wp-content\/uploads\/2026\/01\/double-head-filling-machine-9x12.webp 9w\" sizes=\"auto, (max-width: 540px) 100vw, 540px\" \/><figcaption class=\"wp-element-caption\">m\u00e1quina de enchimento de dupla cabe\u00e7a<\/figcaption><\/figure> <\/figure>    <h2 class=\"wp-block-heading\">Par\u00e2metros t\u00e9cnicos principais do equipamento<\/h2>    <figure class=\"wp-block-table is-style-stripes\"><table class=\"has-fixed-layout\"><tbody><tr><td><strong>Equipamento<\/strong><\/td><td><strong>Modelo \/ Especifica\u00e7\u00e3o<\/strong><\/td><td><strong>Capacidade<\/strong><\/td><td><strong>Energia \/ Tens\u00e3o<\/strong><\/td><td><strong>Tamanho (mm)<\/strong><\/td><td><strong>Observa\u00e7\u00f5es<\/strong><\/td><\/tr><tr><td>Torrador de amendoim<\/td><td>TZR-100<\/td><td>100 kg\/h<\/td><td>22,5 kW \/ 380V<\/td><td>2900\u00d71400\u00d71650<\/td><td>A\u00e7o inoxid\u00e1vel; <br>aquecimento el\u00e9trico; <br>term\u00f3stato autom\u00e1tico<\/td><\/tr><tr><td>Descasque de Amendoim <br>M\u00e1quina<\/td><td>&#8211;<\/td><td>100-200 kg\/h<\/td><td>0,75 kW \/ 380V<\/td><td>1100\u00d7450\u00d71100<\/td><td>Atrito suave, <br>alta taxa de descascamento<\/td><\/tr><tr><td>Manteiga de amendoim <br>Moedor<\/td><td>TZ-110<\/td><td>80-100 kg\/h<\/td><td>7,5 kW \/ 380V<\/td><td>700\u00d7430\u00d71000<\/td><td>Ajust\u00e1vel <br>espessura 2-100\u03bcm<\/td><\/tr><tr><td>Manteiga de amendoim <br>M\u00e1quina de enchimento<\/td><td>&#8211;<\/td><td>400-500 garrafas\/h<\/td><td>380V<\/td><td>&#8211;<\/td><td>Faixa de enchimento <br>100-1000ml, <br>dupla cabe\u00e7a<\/td><\/tr><tr><td>Tampar <br>M\u00e1quina<\/td><td>&#8211;<\/td><td>20 pcs\/min<\/td><td>0,37 kW \/ 380V<\/td><td>630\u00d7240\u00d7940<\/td><td>Altura da garrafa <br>160-300mm<\/td><\/tr><tr><td>Semi-autom\u00e1tico <br>Rotulagem <br>M\u00e1quina<\/td><td>&#8211;<\/td><td>20-40 garrafas\/min<\/td><td>100 W \/ 380V<\/td><td>650\u00d7345\u00d7450<\/td><td>Di\u00e2metro da garrafa <br>15-120mm<\/td><\/tr><\/tbody><\/table><figcaption class=\"wp-element-caption\">Dados t\u00e9cnicos das m\u00e1quinas de linha de manteiga de amendoim semi-autom\u00e1tica<\/figcaption><\/figure>    <figure class=\"wp-block-gallery has-nested-images columns-default is-cropped wp-block-gallery-4 is-layout-flex wp-block-gallery-is-layout-flex\"> <figure class=\"wp-block-image size-large\"><img loading=\"lazy\" decoding=\"async\" width=\"720\" height=\"540\" data-id=\"1107\" src=\"https:\/\/www.peanuts-machine.com\/wp-content\/uploads\/2026\/01\/nut-butter-manufacturing-line.webp\" alt=\"linha de fabrica\u00e7\u00e3o de manteiga de nozes\" class=\"wp-image-1107\" title=\"\" srcset=\"https:\/\/www.peanuts-machine.com\/wp-content\/uploads\/2026\/01\/nut-butter-manufacturing-line.webp 720w, https:\/\/www.peanuts-machine.com\/wp-content\/uploads\/2026\/01\/nut-butter-manufacturing-line-300x225.webp 300w, https:\/\/www.peanuts-machine.com\/wp-content\/uploads\/2026\/01\/nut-butter-manufacturing-line-16x12.webp 16w\" sizes=\"auto, (max-width: 720px) 100vw, 720px\" \/><figcaption class=\"wp-element-caption\">linha de fabrica\u00e7\u00e3o de manteiga de nozes<\/figcaption><\/figure>    <figure class=\"wp-block-image size-large\"><img loading=\"lazy\" decoding=\"async\" width=\"720\" height=\"540\" data-id=\"1108\" src=\"https:\/\/www.peanuts-machine.com\/wp-content\/uploads\/2026\/01\/semi-automatic-peanut-butter-processing-line.webp\" alt=\"linha de processamento de manteiga de amendoim semi-autom\u00e1tica\" class=\"wp-image-1108\" title=\"\" srcset=\"https:\/\/www.peanuts-machine.com\/wp-content\/uploads\/2026\/01\/semi-automatic-peanut-butter-processing-line.webp 720w, https:\/\/www.peanuts-machine.com\/wp-content\/uploads\/2026\/01\/semi-automatic-peanut-butter-processing-line-300x225.webp 300w, https:\/\/www.peanuts-machine.com\/wp-content\/uploads\/2026\/01\/semi-automatic-peanut-butter-processing-line-16x12.webp 16w\" sizes=\"auto, (max-width: 720px) 100vw, 720px\" \/><figcaption class=\"wp-element-caption\">linha de processamento de manteiga de amendoim semi-autom\u00e1tica<\/figcaption><\/figure> <\/figure>    <p class=\"translation-block\">Al\u00e9m desta linha compacta de produ\u00e7\u00e3o de manteiga de amendoim semi-autom\u00e1tica, tamb\u00e9m oferecemos <strong><em><a href=\"https:\/\/www.peanuts-machine.com\/pt\/product\/peanut-butter-production-line\/\">linhas de processamento de manteiga de amendoim totalmente autom\u00e1ticas de alta capacidade<\/a><\/em><\/strong>. Projetadas para fabrica\u00e7\u00e3o industrial em grande escala, essas solu\u00e7\u00f5es permitem \u00e0s empresas alcan\u00e7ar uma produ\u00e7\u00e3o eficiente, econ\u00f4mica e consistente em lotes. Entre em contato conosco hoje para descobrir a solu\u00e7\u00e3o de produ\u00e7\u00e3o de manteiga de amendoim mais adequada \u00e0s suas necessidades!<\/p>","protected":false},"excerpt":{"rendered":"<p>A linha de processamento de manteiga de amendoim semi-autom\u00e1tica integra torrefa\u00e7\u00e3o, descascamento, moagem e enchimento. \u00c9 adequada para pequenas empresas ou f\u00e1bricas iniciantes para alcan\u00e7ar uma produ\u00e7\u00e3o est\u00e1vel e padronizada de manteiga de nozes.<\/p>","protected":false},"author":1,"featured_media":1127,"parent":0,"template":"","tags":[35],"product-type":[3],"class_list":["post-1105","product","type-product","status-publish","has-post-thumbnail","hentry","tag-peanut-butter","product-type-peanut-processing-lines"],"_links":{"self":[{"href":"https:\/\/www.peanuts-machine.com\/pt\/wp-json\/wp\/v2\/product\/1105","targetHints":{"allow":["GET"]}}],"collection":[{"href":"https:\/\/www.peanuts-machine.com\/pt\/wp-json\/wp\/v2\/product"}],"about":[{"href":"https:\/\/www.peanuts-machine.com\/pt\/wp-json\/wp\/v2\/types\/product"}],"author":[{"embeddable":true,"href":"https:\/\/www.peanuts-machine.com\/pt\/wp-json\/wp\/v2\/users\/1"}],"wp:featuredmedia":[{"embeddable":true,"href":"https:\/\/www.peanuts-machine.com\/pt\/wp-json\/wp\/v2\/media\/1127"}],"wp:attachment":[{"href":"https:\/\/www.peanuts-machine.com\/pt\/wp-json\/wp\/v2\/media?parent=1105"}],"wp:term":[{"taxonomy":"post_tag","embeddable":true,"href":"https:\/\/www.peanuts-machine.com\/pt\/wp-json\/wp\/v2\/tags?post=1105"},{"taxonomy":"product-type","embeddable":true,"href":"https:\/\/www.peanuts-machine.com\/pt\/wp-json\/wp\/v2\/product-type?post=1105"}],"curies":[{"name":"wp","href":"https:\/\/api.w.org\/{rel}","templated":true}]}}