{"id":1149,"date":"2026-01-28T16:03:52","date_gmt":"2026-01-28T08:03:52","guid":{"rendered":"https:\/\/www.peanuts-machine.com\/?post_type=product&#038;p=1149"},"modified":"2026-01-30T16:55:51","modified_gmt":"2026-01-30T08:55:51","slug":"rice-bar-production-line","status":"publish","type":"product","link":"https:\/\/www.peanuts-machine.com\/pt\/product\/rice-bar-production-line\/","title":{"rendered":"Linha de Produ\u00e7\u00e3o de Barra de Arroz | M\u00e1quina Autom\u00e1tica de Snack Bar"},"content":{"rendered":"<div class=\"kk-star-ratings kksr-auto kksr-align-left kksr-valign-top\"     data-payload='{&quot;align&quot;:&quot;left&quot;,&quot;id&quot;:&quot;1149&quot;,&quot;slug&quot;:&quot;default&quot;,&quot;valign&quot;:&quot;top&quot;,&quot;ignore&quot;:&quot;&quot;,&quot;reference&quot;:&quot;auto&quot;,&quot;class&quot;:&quot;&quot;,&quot;count&quot;:&quot;29&quot;,&quot;legendonly&quot;:&quot;&quot;,&quot;readonly&quot;:&quot;&quot;,&quot;score&quot;:&quot;4.7&quot;,&quot;starsonly&quot;:&quot;&quot;,&quot;best&quot;:&quot;5&quot;,&quot;gap&quot;:&quot;5&quot;,&quot;greet&quot;:&quot;Rate this product&quot;,&quot;legend&quot;:&quot;4.7\\\/5 - (29 votes)&quot;,&quot;size&quot;:&quot;24&quot;,&quot;title&quot;:&quot;Rice Bar Production Line | Automatic Snack Bar Machine&quot;,&quot;width&quot;:&quot;133.8&quot;,&quot;_legend&quot;:&quot;{score}\\\/{best} - ({count} {votes})&quot;,&quot;font_factor&quot;:&quot;1.25&quot;}'>              <div class=\"kksr-stars\">      <div class=\"kksr-stars-inactive\">             <div class=\"kksr-star\" data-star=\"1\" style=\"padding-right: 5px\">               <div class=\"kksr-icon\" style=\"width: 24px; height: 24px;\"><\/div>         <\/div>             <div class=\"kksr-star\" data-star=\"2\" style=\"padding-right: 5px\">               <div class=\"kksr-icon\" style=\"width: 24px; height: 24px;\"><\/div>         <\/div>             <div class=\"kksr-star\" data-star=\"3\" style=\"padding-right: 5px\">               <div class=\"kksr-icon\" style=\"width: 24px; height: 24px;\"><\/div>         <\/div>             <div class=\"kksr-star\" data-star=\"4\" style=\"padding-right: 5px\">               <div class=\"kksr-icon\" style=\"width: 24px; height: 24px;\"><\/div>         <\/div>             <div class=\"kksr-star\" data-star=\"5\" style=\"padding-right: 5px\">               <div class=\"kksr-icon\" style=\"width: 24px; height: 24px;\"><\/div>         <\/div>     <\/div>      <div class=\"kksr-stars-active\" style=\"width: 133.8px;\">             <div class=\"kksr-star\" style=\"padding-right: 5px\">               <div class=\"kksr-icon\" style=\"width: 24px; height: 24px;\"><\/div>         <\/div>             <div class=\"kksr-star\" style=\"padding-right: 5px\">               <div class=\"kksr-icon\" style=\"width: 24px; height: 24px;\"><\/div>         <\/div>             <div class=\"kksr-star\" style=\"padding-right: 5px\">               <div class=\"kksr-icon\" style=\"width: 24px; height: 24px;\"><\/div>         <\/div>             <div class=\"kksr-star\" style=\"padding-right: 5px\">               <div class=\"kksr-icon\" style=\"width: 24px; height: 24px;\"><\/div>         <\/div>             <div class=\"kksr-star\" style=\"padding-right: 5px\">               <div class=\"kksr-icon\" style=\"width: 24px; height: 24px;\"><\/div>         <\/div>     <\/div> <\/div>                   <div class=\"kksr-legend\" style=\"font-size: 19.2px;\">             4,7\/5 - (29 votos)    <\/div>     <\/div>  <p>A linha de produ\u00e7\u00e3o autom\u00e1tica completa de barras de arroz estufado \u00e9 especialmente projetada para produ\u00e7\u00e3o cont\u00ednua em grande escala de bolas de arroz estufado, bolas de cereal e diversos produtos de confeitaria de cereal estufado. Atende \u00e0s demandas de produ\u00e7\u00e3o cont\u00ednua de aproximadamente 80\u2013150 kg\/h. <\/p>    <p>This integrated system combines puffing, sugar boiling, mixing, molding, and packaging into one unit. It comprehensively meets food processing enterprises&#8217; requirements for efficiency, quality, and diverse product offerings.<\/p>    <figure class=\"wp-block-embed aligncenter is-type-video is-provider-youtube wp-block-embed-youtube wp-embed-aspect-16-9 wp-has-aspect-ratio\"><div class=\"wp-block-embed__wrapper\"> <iframe loading=\"lazy\" title=\"Puffed Rice Cereal Bar Production Line | Efficient &amp; High-Quality \ud83c\udf7f#riceballs #cerealbar\" width=\"500\" height=\"281\" src=\"https:\/\/www.youtube.com\/embed\/OcXKtBMlMGw?feature=oembed\" frameborder=\"0\" allow=\"accelerometer; autoplay; clipboard-write; encrypted-media; gyroscope; picture-in-picture; web-share\" referrerpolicy=\"strict-origin-when-cross-origin\" allowfullscreen><\/iframe> <\/div><figcaption class=\"wp-element-caption\">V\u00eddeo de funcionamento da linha autom\u00e1tica de produ\u00e7\u00e3o de barra de arroz<\/figcaption><\/figure>    <h2 class=\"wp-block-heading\">Aplica\u00e7\u00f5es da linha de produ\u00e7\u00e3o de barra de arroz<\/h2>    <p>Esta linha de moldagem rotativa de bolas de arroz estufado \u00e9 adequada para processar diversos alimentos de snack \u00e0 base de gr\u00e3os e nozes. Produtos t\u00edpicos incluem, mas n\u00e3o se limitam a:<\/p>    <ul class=\"wp-block-list\"> <li>Bolas de Arroz Estufado \/ Bolas de Doce de Arroz Estufado<\/li>    <li>Bolas de gr\u00e3os, Bolas de aveia, Bolas de milho<\/li>    <li>Bolas de Energia de Nozes, Bolas de Prote\u00edna<\/li>    <li>Doce de arroz estufado, Produtos de doces multigr\u00e3os<\/li>    <li>Produtos em forma redonda, cil\u00edndrica, esf\u00e9rica e outras formas<\/li> <\/ul>    <p>Amplamente utilizado em f\u00e1bricas de snacks, ind\u00fastrias de doces, empresas de alimentos de gr\u00e3os e projetos de processamento de alimentos para exporta\u00e7\u00e3o.<\/p>    <figure class=\"wp-block-gallery has-nested-images columns-default is-cropped wp-block-gallery-2 is-layout-flex wp-block-gallery-is-layout-flex\"> <figure class=\"wp-block-image size-large\"><img loading=\"lazy\" decoding=\"async\" width=\"720\" height=\"540\" data-id=\"1154\" src=\"https:\/\/www.peanuts-machine.com\/wp-content\/uploads\/2026\/01\/rice-snack-bar-production.webp\" alt=\"produ\u00e7\u00e3o de barra de snack de arroz\" class=\"wp-image-1154\" title=\"\" srcset=\"https:\/\/www.peanuts-machine.com\/wp-content\/uploads\/2026\/01\/rice-snack-bar-production.webp 720w, https:\/\/www.peanuts-machine.com\/wp-content\/uploads\/2026\/01\/rice-snack-bar-production-300x225.webp 300w, https:\/\/www.peanuts-machine.com\/wp-content\/uploads\/2026\/01\/rice-snack-bar-production-16x12.webp 16w\" sizes=\"auto, (max-width: 720px) 100vw, 720px\" \/><figcaption class=\"wp-element-caption\">produ\u00e7\u00e3o de barra de snack de arroz<\/figcaption><\/figure>    <figure class=\"wp-block-image size-large\"><img loading=\"lazy\" decoding=\"async\" width=\"720\" height=\"540\" data-id=\"1153\" src=\"https:\/\/www.peanuts-machine.com\/wp-content\/uploads\/2026\/01\/rice-balls.webp\" alt=\"bolas de arroz\" class=\"wp-image-1153\" title=\"\" srcset=\"https:\/\/www.peanuts-machine.com\/wp-content\/uploads\/2026\/01\/rice-balls.webp 720w, https:\/\/www.peanuts-machine.com\/wp-content\/uploads\/2026\/01\/rice-balls-300x225.webp 300w, https:\/\/www.peanuts-machine.com\/wp-content\/uploads\/2026\/01\/rice-balls-16x12.webp 16w\" sizes=\"auto, (max-width: 720px) 100vw, 720px\" \/><figcaption class=\"wp-element-caption\">bolas de arroz<\/figcaption><\/figure>    <figure class=\"wp-block-image size-large\"><img loading=\"lazy\" decoding=\"async\" width=\"720\" height=\"540\" data-id=\"1152\" src=\"https:\/\/www.peanuts-machine.com\/wp-content\/uploads\/2026\/01\/cereal-bar.webp\" alt=\"barra de cereais\" class=\"wp-image-1152\" title=\"\" srcset=\"https:\/\/www.peanuts-machine.com\/wp-content\/uploads\/2026\/01\/cereal-bar.webp 720w, https:\/\/www.peanuts-machine.com\/wp-content\/uploads\/2026\/01\/cereal-bar-300x225.webp 300w, https:\/\/www.peanuts-machine.com\/wp-content\/uploads\/2026\/01\/cereal-bar-16x12.webp 16w\" sizes=\"auto, (max-width: 720px) 100vw, 720px\" \/><figcaption class=\"wp-element-caption\">barra de cereais<\/figcaption><\/figure> <\/figure>    <h2 class=\"wp-block-heading\">Vantagens da linha de moldagem rotativa de bolas de arroz<\/h2>    <ul class=\"wp-block-list\"> <li>Alta automa\u00e7\u00e3o: opera\u00e7\u00e3o cont\u00ednua desde a estufagem de ingredientes at\u00e9 a moldagem e embalagem, reduzindo significativamente os custos de m\u00e3o-de-obra.<\/li>    <li>Forma\u00e7\u00e3o consistente do produto: moldagem rotativa garante tamanho e peso uniformes.<\/li>    <li>Adaptabilidade vers\u00e1til: processa diversos gr\u00e3os, nozes e combina\u00e7\u00f5es de ingredientes.<\/li>    <li>Design estrutural de grau aliment\u00edcio: equipamentos cr\u00edticos constru\u00eddos em a\u00e7o inoxid\u00e1vel, atendendo aos padr\u00f5es de higiene alimentar.<\/li>    <li>Sa\u00edda est\u00e1vel e alta efici\u00eancia: ideal para produ\u00e7\u00e3o consistente de m\u00e9dio a grande escala.<\/li>    <li>Opera\u00e7\u00e3o e manuten\u00e7\u00e3o f\u00e1ceis: layout claro, par\u00e2metros control\u00e1veis e baixa taxa de falhas.<\/li> <\/ul>    <h2 class=\"wp-block-heading\">Fluxo do processo de produ\u00e7\u00e3o de barra de snack<\/h2>    <p>A linha de produ\u00e7\u00e3o de barra de arroz inclui os seguintes processos:<\/p>    <ul class=\"wp-block-list\"> <li><strong>Estufagem de Gr\u00e3os<\/strong> \u2192 <strong>Fervura de a\u00e7\u00facar<\/strong> \u2192 <strong>Misturando<\/strong> \u2192 <strong>Moldagem rotativa<\/strong> \u2192 <strong>Embalagem<\/strong><\/li> <\/ul>    <figure class=\"wp-block-gallery has-nested-images columns-default is-cropped wp-block-gallery-3 is-layout-flex wp-block-gallery-is-layout-flex\"> <figure class=\"wp-block-image size-large\"><img loading=\"lazy\" decoding=\"async\" width=\"720\" height=\"540\" data-id=\"1155\" src=\"https:\/\/www.peanuts-machine.com\/wp-content\/uploads\/2026\/01\/rice-bar-making-machine.webp\" alt=\"m\u00e1quina de fazer barra de arroz\" class=\"wp-image-1155\" title=\"\" srcset=\"https:\/\/www.peanuts-machine.com\/wp-content\/uploads\/2026\/01\/rice-bar-making-machine.webp 720w, https:\/\/www.peanuts-machine.com\/wp-content\/uploads\/2026\/01\/rice-bar-making-machine-300x225.webp 300w, https:\/\/www.peanuts-machine.com\/wp-content\/uploads\/2026\/01\/rice-bar-making-machine-16x12.webp 16w\" sizes=\"auto, (max-width: 720px) 100vw, 720px\" \/><figcaption class=\"wp-element-caption\">m\u00e1quina de fazer barra de arroz<\/figcaption><\/figure>    <figure class=\"wp-block-image size-large\"><img loading=\"lazy\" decoding=\"async\" width=\"720\" height=\"540\" data-id=\"1156\" src=\"https:\/\/www.peanuts-machine.com\/wp-content\/uploads\/2026\/01\/rice-bar-production-line.webp\" alt=\"linha de produ\u00e7\u00e3o de barra de arroz\" class=\"wp-image-1156\" title=\"\" srcset=\"https:\/\/www.peanuts-machine.com\/wp-content\/uploads\/2026\/01\/rice-bar-production-line.webp 720w, https:\/\/www.peanuts-machine.com\/wp-content\/uploads\/2026\/01\/rice-bar-production-line-300x225.webp 300w, https:\/\/www.peanuts-machine.com\/wp-content\/uploads\/2026\/01\/rice-bar-production-line-16x12.webp 16w\" sizes=\"auto, (max-width: 720px) 100vw, 720px\" \/><figcaption class=\"wp-element-caption\">linha de produ\u00e7\u00e3o de barra de arroz<\/figcaption><\/figure> <\/figure>    <p>A seguir, uma introdu\u00e7\u00e3o detalhada de cada m\u00e1quina principal na linha de produ\u00e7\u00e3o:<\/p>    <h3 class=\"wp-block-heading\">M\u00e1quina de fluxo de ar SLP-60 para estufar<\/h3>    <p>Usado para estufar rapidamente gr\u00e3os como arroz, milho, trigo, aveia, soja e millet. Preserva o sabor e nutrientes originais, garantindo estufagem uniforme.<\/p>    <figure class=\"wp-block-table is-style-stripes\"><table class=\"has-fixed-layout\"><tbody><tr><td><strong>Item<\/strong><\/td><td><strong>Especifica\u00e7\u00e3o<\/strong><\/td><\/tr><tr><td>Tens\u00e3o<\/td><td>380V \/ 50Hz<\/td><\/tr><tr><td>Poder<\/td><td>0,75 kW<\/td><\/tr><tr><td>Capacidade<\/td><td>90\u2013100 kg\/h<\/td><\/tr><tr><td>Peso<\/td><td>500 kg<\/td><\/tr><tr><td>Tamanho<\/td><td>1600 \u00d7 820 \u00d7 1370 mm<\/td><\/tr><\/tbody><\/table><figcaption class=\"wp-element-caption\">Par\u00e2metros t\u00e9cnicos da m\u00e1quina de fluxo de ar para estufar<\/figcaption><\/figure>    <h3 class=\"wp-block-heading\">M\u00e1quina de caldeira com jaqueta TZ-200<\/h3>    <p>Aquecimento, fervura e controle de temperatura para xaropes, mel ou solu\u00e7\u00f5es de a\u00e7\u00facar. Garante aquecimento uniforme com configura\u00e7\u00f5es de temperatura ajust\u00e1veis, adequado para produ\u00e7\u00e3o cont\u00ednua.<\/p>    <figure class=\"wp-block-table is-style-stripes\"><table class=\"has-fixed-layout\"><tbody><tr><td><strong>Item<\/strong><\/td><td><strong>Especifica\u00e7\u00e3o<\/strong><\/td><\/tr><tr><td>Tens\u00e3o<\/td><td>380V \/ 50Hz<\/td><\/tr><tr><td>Poder<\/td><td>15 kW<\/td><\/tr><tr><td>Di\u00e2metro<\/td><td>\u00d8840 mm<\/td><\/tr><tr><td>Peso<\/td><td>480 kg<\/td><\/tr><tr><td>Tamanho<\/td><td>1470 \u00d7 905 \u00d7 990 mm<\/td><\/tr><\/tbody><\/table><figcaption class=\"wp-element-caption\">Dados t\u00e9cnicos da caldeira com jaqueta<\/figcaption><\/figure>    <figure class=\"wp-block-gallery has-nested-images columns-default is-cropped wp-block-gallery-4 is-layout-flex wp-block-gallery-is-layout-flex\"> <figure class=\"wp-block-image size-large\"><img loading=\"lazy\" decoding=\"async\" width=\"720\" height=\"540\" data-id=\"1157\" src=\"https:\/\/www.peanuts-machine.com\/wp-content\/uploads\/2026\/01\/puffing-machine.webp\" alt=\"m\u00e1quina de estufar\" class=\"wp-image-1157\" title=\"\" srcset=\"https:\/\/www.peanuts-machine.com\/wp-content\/uploads\/2026\/01\/puffing-machine.webp 720w, https:\/\/www.peanuts-machine.com\/wp-content\/uploads\/2026\/01\/puffing-machine-300x225.webp 300w, https:\/\/www.peanuts-machine.com\/wp-content\/uploads\/2026\/01\/puffing-machine-16x12.webp 16w\" sizes=\"auto, (max-width: 720px) 100vw, 720px\" \/><figcaption class=\"wp-element-caption\">m\u00e1quina de estufar<\/figcaption><\/figure>    <figure class=\"wp-block-image size-large\"><img loading=\"lazy\" decoding=\"async\" width=\"720\" height=\"540\" data-id=\"1158\" src=\"https:\/\/www.peanuts-machine.com\/wp-content\/uploads\/2026\/01\/sugar-boiling-pot.webp\" alt=\"Panela de fervura de a\u00e7\u00facar\" class=\"wp-image-1158\" title=\"\" srcset=\"https:\/\/www.peanuts-machine.com\/wp-content\/uploads\/2026\/01\/sugar-boiling-pot.webp 720w, https:\/\/www.peanuts-machine.com\/wp-content\/uploads\/2026\/01\/sugar-boiling-pot-300x225.webp 300w, https:\/\/www.peanuts-machine.com\/wp-content\/uploads\/2026\/01\/sugar-boiling-pot-16x12.webp 16w\" sizes=\"auto, (max-width: 720px) 100vw, 720px\" \/><figcaption class=\"wp-element-caption\">Panela de fervura de a\u00e7\u00facar<\/figcaption><\/figure>    <figure class=\"wp-block-image size-large\"><img loading=\"lazy\" decoding=\"async\" width=\"720\" height=\"540\" data-id=\"1159\" src=\"https:\/\/www.peanuts-machine.com\/wp-content\/uploads\/2026\/01\/mixer.webp\" alt=\"misturador\" class=\"wp-image-1159\" title=\"\" srcset=\"https:\/\/www.peanuts-machine.com\/wp-content\/uploads\/2026\/01\/mixer.webp 720w, https:\/\/www.peanuts-machine.com\/wp-content\/uploads\/2026\/01\/mixer-300x225.webp 300w, https:\/\/www.peanuts-machine.com\/wp-content\/uploads\/2026\/01\/mixer-16x12.webp 16w\" sizes=\"auto, (max-width: 720px) 100vw, 720px\" \/><figcaption class=\"wp-element-caption\">misturador<\/figcaption><\/figure> <\/figure>    <h3 class=\"wp-block-heading\">M\u00e1quina de mistura TZ-15<\/h3>    <p>Misture completamente o xarope preparado com gr\u00e3os estufados, nozes e outros ingredientes. Equipado com sistema de controle de temperatura e estrutura isolada para garantir mistura uniforme e evitar aglomera\u00e7\u00e3o.<\/p>    <figure class=\"wp-block-table is-style-stripes\"><table class=\"has-fixed-layout\"><tbody><tr><td><strong>Item<\/strong><\/td><td><strong>Especifica\u00e7\u00e3o<\/strong><\/td><\/tr><tr><td>Tens\u00e3o<\/td><td>380V \/ 50Hz<\/td><\/tr><tr><td>Poder<\/td><td>1,1 kW<\/td><\/tr><tr><td>Capacidade<\/td><td>10 kg \/ lote<\/td><\/tr><tr><td>Tamanho<\/td><td>700 \u00d7 800 \u00d7 1200 mm<\/td><\/tr><\/tbody><\/table><figcaption class=\"wp-element-caption\">Par\u00e2metros t\u00e9cnicos do misturador da linha de produ\u00e7\u00e3o de barra de arroz<\/figcaption><\/figure>    <h3 class=\"wp-block-heading\">M\u00e1quina de moldagem por mesa girat\u00f3ria HY-MZ100<\/h3>    <p>Equipamento de moldagem principal realiza moldagem automatizada de produtos esf\u00e9ricos, circulares, cil\u00edndricos e outros atrav\u00e9s de moldes de mesa girat\u00f3ria. Oferece resultados esteticamente agrad\u00e1veis com alta efici\u00eancia.<\/p>    <figure class=\"wp-block-table is-style-stripes\"><table class=\"has-fixed-layout\"><tbody><tr><td><strong>Item<\/strong><\/td><td><strong>Especifica\u00e7\u00e3o<\/strong><\/td><\/tr><tr><td>Tens\u00e3o<\/td><td>380V \/ 50Hz<\/td><\/tr><tr><td>Poder<\/td><td>2.2 kW<\/td><\/tr><tr><td>Capacidade<\/td><td>80\u2013150 kg\/h<\/td><\/tr><tr><td>Tamanho<\/td><td>1160 \u00d7 1160 \u00d7 1380 mm<\/td><\/tr><\/tbody><\/table><figcaption class=\"wp-element-caption\">Par\u00e2metros t\u00e9cnicos da m\u00e1quina de moldagem da linha de produ\u00e7\u00e3o de barra de arroz<\/figcaption><\/figure>    <figure class=\"wp-block-gallery has-nested-images columns-default is-cropped wp-block-gallery-5 is-layout-flex wp-block-gallery-is-layout-flex\"> <figure class=\"wp-block-image size-large\"><img loading=\"lazy\" decoding=\"async\" width=\"720\" height=\"540\" data-id=\"1161\" src=\"https:\/\/www.peanuts-machine.com\/wp-content\/uploads\/2026\/01\/machine-internal-view.webp\" alt=\"vista interna da m\u00e1quina\" class=\"wp-image-1161\" title=\"\" srcset=\"https:\/\/www.peanuts-machine.com\/wp-content\/uploads\/2026\/01\/machine-internal-view.webp 720w, https:\/\/www.peanuts-machine.com\/wp-content\/uploads\/2026\/01\/machine-internal-view-300x225.webp 300w, https:\/\/www.peanuts-machine.com\/wp-content\/uploads\/2026\/01\/machine-internal-view-16x12.webp 16w\" sizes=\"auto, (max-width: 720px) 100vw, 720px\" \/><figcaption class=\"wp-element-caption\">vista interna da m\u00e1quina<\/figcaption><\/figure>    <figure class=\"wp-block-image size-large\"><img loading=\"lazy\" decoding=\"async\" width=\"720\" height=\"540\" data-id=\"1160\" src=\"https:\/\/www.peanuts-machine.com\/wp-content\/uploads\/2026\/01\/cereal-bar-machine-mold.webp\" alt=\"molde de m\u00e1quina de barra de cereal\" class=\"wp-image-1160\" title=\"\" srcset=\"https:\/\/www.peanuts-machine.com\/wp-content\/uploads\/2026\/01\/cereal-bar-machine-mold.webp 720w, https:\/\/www.peanuts-machine.com\/wp-content\/uploads\/2026\/01\/cereal-bar-machine-mold-300x225.webp 300w, https:\/\/www.peanuts-machine.com\/wp-content\/uploads\/2026\/01\/cereal-bar-machine-mold-16x12.webp 16w\" sizes=\"auto, (max-width: 720px) 100vw, 720px\" \/><figcaption class=\"wp-element-caption\">molde de m\u00e1quina de barra de cereal<\/figcaption><\/figure>    <figure class=\"wp-block-image size-large\"><img loading=\"lazy\" decoding=\"async\" width=\"720\" height=\"540\" data-id=\"1162\" src=\"https:\/\/www.peanuts-machine.com\/wp-content\/uploads\/2026\/01\/rice-ball-forming-machine.webp\" alt=\"m\u00e1quina de moldagem de bolas de arroz\" class=\"wp-image-1162\" title=\"\" srcset=\"https:\/\/www.peanuts-machine.com\/wp-content\/uploads\/2026\/01\/rice-ball-forming-machine.webp 720w, https:\/\/www.peanuts-machine.com\/wp-content\/uploads\/2026\/01\/rice-ball-forming-machine-300x225.webp 300w, https:\/\/www.peanuts-machine.com\/wp-content\/uploads\/2026\/01\/rice-ball-forming-machine-16x12.webp 16w\" sizes=\"auto, (max-width: 720px) 100vw, 720px\" \/><figcaption class=\"wp-element-caption\">m\u00e1quina de moldagem de bolas de arroz<\/figcaption><\/figure> <\/figure>    <h3 class=\"wp-block-heading\">M\u00e1quina de embalagem TZ-320<\/h3>    <p>Adequado para embalagem de alta velocidade de diversos alimentos de forma regular, como bolas de arroz estufado, doces de arroz estufado, biscoitos sacha e barras energ\u00e9ticas. Possui selos atraentes e alta adaptabilidade.<\/p>    <figure class=\"wp-block-table is-style-stripes\"><table class=\"has-fixed-layout\"><tbody><tr><td><strong>Item<\/strong><\/td><td><strong>Especifica\u00e7\u00e3o<\/strong><\/td><\/tr><tr><td>Tens\u00e3o<\/td><td>220V<\/td><\/tr><tr><td>Poder<\/td><td>2,5 kW<\/td><\/tr><tr><td>Velocidade de embalagem<\/td><td>50\u2013300 pcs\/min<\/td><\/tr><tr><td>Tamanho de Embalagem<\/td><td>L: 50\u2013300 mm \/ Largura: 50\u2013310 mm \/ H: 5\u201360 mm<\/td><\/tr><tr><td>Tamanho da m\u00e1quina<\/td><td>3800 \u00d7 780 \u00d7 1500 mm<\/td><\/tr><\/tbody><\/table><figcaption class=\"wp-element-caption\">Dados t\u00e9cnicos da m\u00e1quina de embalagem de barra de cereal<\/figcaption><\/figure>    <h2 class=\"wp-block-heading\">Conclus\u00e3o<\/h2>    <p>A linha de produ\u00e7\u00e3o de barra de arroz estufado tornou-se uma solu\u00e7\u00e3o ideal para processamento de bolas de cereal e produtos de confeitaria estufados, gra\u00e7as aos seus m\u00e9todos de moldagem flex\u00edveis e diversificados. Esta linha \u00e9 adequada tanto para produ\u00e7\u00e3o em larga escala e padronizada quanto para configura\u00e7\u00f5es flex\u00edveis que atendam a diferentes requisitos de produto e capacidade.<\/p>    <p class=\"translation-block\">Al\u00e9m disso, oferecemos uma variedade de equipamentos de processamento de snacks de amendoim e nozes, como <strong><em><a href=\"https:\/\/www.peanuts-machine.com\/pt\/product\/peanut-cereal-bar-production-line\/\">linhas de processamento de doces de amendoim<\/a><\/em><\/strong>, para atender a diferentes formas de produtos e requisitos de posicionamento de mercado. Sinta-se \u00e0 vontade para nos contactar a qualquer momento para sele\u00e7\u00e3o de equipamentos e configura\u00e7\u00e3o de solu\u00e7\u00f5es. Oferecemos servi\u00e7os profissionais, eficientes e completos.<\/p>","protected":false},"excerpt":{"rendered":"<p>A linha de produ\u00e7\u00e3o de barra de arroz integra processos incluindo pipoca, fervura de a\u00e7\u00facar, mistura, moldagem e embalagem. Produz eficientemente bolas de arroz inflado, bolas de cereal e v\u00e1rios produtos de confeitaria \u00e0 base de nozes.<\/p>","protected":false},"author":1,"featured_media":1163,"parent":0,"template":"","tags":[45,59],"product-type":[3],"class_list":["post-1149","product","type-product","status-publish","has-post-thumbnail","hentry","tag-cereal-bar","tag-rice-bar","product-type-peanut-processing-lines"],"_links":{"self":[{"href":"https:\/\/www.peanuts-machine.com\/pt\/wp-json\/wp\/v2\/product\/1149","targetHints":{"allow":["GET"]}}],"collection":[{"href":"https:\/\/www.peanuts-machine.com\/pt\/wp-json\/wp\/v2\/product"}],"about":[{"href":"https:\/\/www.peanuts-machine.com\/pt\/wp-json\/wp\/v2\/types\/product"}],"author":[{"embeddable":true,"href":"https:\/\/www.peanuts-machine.com\/pt\/wp-json\/wp\/v2\/users\/1"}],"wp:featuredmedia":[{"embeddable":true,"href":"https:\/\/www.peanuts-machine.com\/pt\/wp-json\/wp\/v2\/media\/1163"}],"wp:attachment":[{"href":"https:\/\/www.peanuts-machine.com\/pt\/wp-json\/wp\/v2\/media?parent=1149"}],"wp:term":[{"taxonomy":"post_tag","embeddable":true,"href":"https:\/\/www.peanuts-machine.com\/pt\/wp-json\/wp\/v2\/tags?post=1149"},{"taxonomy":"product-type","embeddable":true,"href":"https:\/\/www.peanuts-machine.com\/pt\/wp-json\/wp\/v2\/product-type?post=1149"}],"curies":[{"name":"wp","href":"https:\/\/api.w.org\/{rel}","templated":true}]}}