{"id":115,"date":"2022-08-10T02:41:04","date_gmt":"2022-08-10T02:41:04","guid":{"rendered":"https:\/\/www.peanuts-machine.com\/?post_type=product&#038;p=115"},"modified":"2026-01-14T16:15:10","modified_gmt":"2026-01-14T08:15:10","slug":"groundnut-oil-extractor","status":"publish","type":"product","link":"https:\/\/www.peanuts-machine.com\/pt\/product\/groundnut-oil-extractor\/","title":{"rendered":"Extrator de \u00d3leo de Amendoim | Prensa de \u00d3leo de Amendoim por Parafuso"},"content":{"rendered":"<div class=\"kk-star-ratings kksr-auto kksr-align-left kksr-valign-top\"     data-payload='{&quot;align&quot;:&quot;left&quot;,&quot;id&quot;:&quot;115&quot;,&quot;slug&quot;:&quot;default&quot;,&quot;valign&quot;:&quot;top&quot;,&quot;ignore&quot;:&quot;&quot;,&quot;reference&quot;:&quot;auto&quot;,&quot;class&quot;:&quot;&quot;,&quot;count&quot;:&quot;24&quot;,&quot;legendonly&quot;:&quot;&quot;,&quot;readonly&quot;:&quot;&quot;,&quot;score&quot;:&quot;4.6&quot;,&quot;starsonly&quot;:&quot;&quot;,&quot;best&quot;:&quot;5&quot;,&quot;gap&quot;:&quot;5&quot;,&quot;greet&quot;:&quot;Rate this product&quot;,&quot;legend&quot;:&quot;4.6\\\/5 - (24 votes)&quot;,&quot;size&quot;:&quot;24&quot;,&quot;title&quot;:&quot;Groundnut Oil Extractor | Screw Peanut Oil Expeller&quot;,&quot;width&quot;:&quot;130.9&quot;,&quot;_legend&quot;:&quot;{score}\\\/{best} - ({count} {votes})&quot;,&quot;font_factor&quot;:&quot;1.25&quot;}'>              <div class=\"kksr-stars\">      <div class=\"kksr-stars-inactive\">             <div class=\"kksr-star\" data-star=\"1\" style=\"padding-right: 5px\">               <div class=\"kksr-icon\" style=\"width: 24px; height: 24px;\"><\/div>         <\/div>             <div class=\"kksr-star\" data-star=\"2\" style=\"padding-right: 5px\">               <div class=\"kksr-icon\" style=\"width: 24px; height: 24px;\"><\/div>         <\/div>             <div class=\"kksr-star\" data-star=\"3\" style=\"padding-right: 5px\">               <div class=\"kksr-icon\" style=\"width: 24px; height: 24px;\"><\/div>         <\/div>             <div class=\"kksr-star\" data-star=\"4\" style=\"padding-right: 5px\">               <div class=\"kksr-icon\" style=\"width: 24px; height: 24px;\"><\/div>         <\/div>             <div class=\"kksr-star\" data-star=\"5\" style=\"padding-right: 5px\">               <div class=\"kksr-icon\" style=\"width: 24px; height: 24px;\"><\/div>         <\/div>     <\/div>      <div class=\"kksr-stars-active\" style=\"width: 130.9px;\">             <div class=\"kksr-star\" style=\"padding-right: 5px\">               <div class=\"kksr-icon\" style=\"width: 24px; height: 24px;\"><\/div>         <\/div>             <div class=\"kksr-star\" style=\"padding-right: 5px\">               <div class=\"kksr-icon\" style=\"width: 24px; height: 24px;\"><\/div>         <\/div>             <div class=\"kksr-star\" style=\"padding-right: 5px\">               <div class=\"kksr-icon\" style=\"width: 24px; height: 24px;\"><\/div>         <\/div>             <div class=\"kksr-star\" style=\"padding-right: 5px\">               <div class=\"kksr-icon\" style=\"width: 24px; height: 24px;\"><\/div>         <\/div>             <div class=\"kksr-star\" style=\"padding-right: 5px\">               <div class=\"kksr-icon\" style=\"width: 24px; height: 24px;\"><\/div>         <\/div>     <\/div> <\/div>                   <div class=\"kksr-legend\" style=\"font-size: 19.2px;\">             4,6\/5 - (24 votos)    <\/div>     <\/div>  <p>O extrator autom\u00e1tico de \u00f3leo de amendoim por parafuso \u00e9 projetado para amendoim, soja, colza, sementes de girassol e outras culturas oleaginosas com rendimento de \u00f3leo inferior a 40%. Comparado ao m\u00e9todo tradicional de extra\u00e7\u00e3o de \u00f3leo, a m\u00e1quina melhora a efici\u00eancia do rendimento de \u00f3leo em 35%-50% e reduz o consumo de energia em 60%. <\/p>    <p>\u00c9 compat\u00edvel com mais de 20 tipos de oleaginosas ao mesmo tempo e garante a pureza do \u00f3leo com um processo em a\u00e7o inoxid\u00e1vel de grau alimentar. Com sua estrutura compacta e opera\u00e7\u00e3o f\u00e1cil, pode ser amplamente utilizado em oficinas familiares, pequenos moinhos de \u00f3leo e projetos de processamento de \u00f3leo na fase inicial do neg\u00f3cio.<\/p>    <figure class=\"wp-block-embed aligncenter is-type-video is-provider-youtube wp-block-embed-youtube wp-embed-aspect-16-9 wp-has-aspect-ratio\"><div class=\"wp-block-embed__wrapper\"> <iframe loading=\"lazy\" title=\"Descubra as maravilhas da nossa prensa autom\u00e1tica de \u00f3leo de parafuso!#oil #oilpress\" width=\"500\" height=\"281\" src=\"https:\/\/www.youtube.com\/embed\/W56VMnGhLCI?feature=oembed\" frameborder=\"0\" allow=\"accelerometer; autoplay; clipboard-write; encrypted-media; gyroscope; picture-in-picture; web-share\" referrerpolicy=\"strict-origin-when-cross-origin\" allowfullscreen><\/iframe> <\/div><figcaption class=\"wp-element-caption\">v\u00eddeo de opera\u00e7\u00e3o da m\u00e1quina de prensa de \u00f3leo de parafuso<\/figcaption><\/figure>    <h2 class=\"wp-block-heading\">Vantagens da m\u00e1quina de extra\u00e7\u00e3o de \u00f3leo de amendoim<\/h2>    <ul class=\"wp-block-list\"> <li>Pequena \u00e1rea ocupada: apenas 10-20 metros quadrados, adequada para v\u00e1rios locais.<\/li>    <li>Sistema de prensagem de alta efici\u00eancia: o design otimizado da c\u00e2mara de prensagem aumenta a press\u00e3o interna e melhora significativamente a efici\u00eancia da prensagem de \u00f3leo.<\/li>    <li>Ampla gama de mat\u00e9rias-primas aplic\u00e1veis: mais de 20 tipos de mat\u00e9rias-primas oleosas podem ser processadas para atender \u00e0s necessidades de produ\u00e7\u00e3o diversificadas.<\/li>    <li>Forte capacidade de processamento: pode processar 500 quilogramas de mat\u00e9rias-primas por hora, e \u00e9 f\u00e1cil de operar, apenas uma pessoa pode completar a produ\u00e7\u00e3o.<\/li>    <li>Estrutura robusta e dur\u00e1vel: todo o extrator de \u00f3leo de amendoim \u00e9 feito de a\u00e7o carbono de alta qualidade, resistente ao desgaste e dur\u00e1vel, suportando opera\u00e7\u00e3o cont\u00ednua a longo prazo.<\/li>    <li>Alta produ\u00e7\u00e3o de \u00f3leo: a produ\u00e7\u00e3o de \u00f3leo pode atingir cerca de 50%, a taxa de \u00f3leo residual do bolo seco \u00e9 inferior a 8%, e a taxa de utiliza\u00e7\u00e3o do \u00f3leo \u00e9 alta.<\/li> <\/ul>    <figure class=\"wp-block-gallery has-nested-images columns-default is-cropped wp-block-gallery-2 is-layout-flex wp-block-gallery-is-layout-flex\"> <figure class=\"wp-block-image size-large\"><img loading=\"lazy\" decoding=\"async\" width=\"720\" height=\"540\" data-id=\"593\" src=\"https:\/\/www.peanuts-machine.com\/wp-content\/uploads\/2022\/08\/screw-oil-press-machine.webp\" alt=\"m\u00e1quina de prensa de \u00f3leo de parafuso\" class=\"wp-image-593\" title=\"\" srcset=\"https:\/\/www.peanuts-machine.com\/wp-content\/uploads\/2022\/08\/screw-oil-press-machine.webp 720w, https:\/\/www.peanuts-machine.com\/wp-content\/uploads\/2022\/08\/screw-oil-press-machine-300x225.webp 300w, https:\/\/www.peanuts-machine.com\/wp-content\/uploads\/2022\/08\/screw-oil-press-machine-16x12.webp 16w\" sizes=\"auto, (max-width: 720px) 100vw, 720px\" \/><figcaption class=\"wp-element-caption\">m\u00e1quina de prensa de \u00f3leo de parafuso<\/figcaption><\/figure>    <figure class=\"wp-block-image size-large\"><img loading=\"lazy\" decoding=\"async\" width=\"720\" height=\"540\" data-id=\"592\" src=\"https:\/\/www.peanuts-machine.com\/wp-content\/uploads\/2022\/08\/oil-expeller-machine.webp\" alt=\"m\u00e1quina do expulsor do \u00f3leo\" class=\"wp-image-592\" title=\"\" srcset=\"https:\/\/www.peanuts-machine.com\/wp-content\/uploads\/2022\/08\/oil-expeller-machine.webp 720w, https:\/\/www.peanuts-machine.com\/wp-content\/uploads\/2022\/08\/oil-expeller-machine-300x225.webp 300w, https:\/\/www.peanuts-machine.com\/wp-content\/uploads\/2022\/08\/oil-expeller-machine-16x12.webp 16w\" sizes=\"auto, (max-width: 720px) 100vw, 720px\" \/><figcaption class=\"wp-element-caption\">m\u00e1quina do expulsor do \u00f3leo<\/figcaption><\/figure> <\/figure>    <h2 class=\"wp-block-heading\">\u00c1rea de aplica\u00e7\u00e3o da m\u00e1quina de prensa de \u00f3leo por parafuso<\/h2>    <p>Esta m\u00e1quina extratora de \u00f3leo de amendoim \u00e9 adequada para uma ampla gama de sementes oleaginosas e nozes, incluindo, mas n\u00e3o se limitando a: semente de mostarda, semente de girassol, semente de colza, soja, semente de mamona, noz de karit\u00e9, semente de coco ou copra, semente de nim, semente de algod\u00e3o, semente de jatrofa, g\u00e9rmen de milho, semente de linha\u00e7a, caro\u00e7o de palma, amendoim, semente de gergelim, e assim por diante.<\/p>    <p>Se n\u00e3o tiver certeza se as suas mat\u00e9rias-primas s\u00e3o adequadas, n\u00e3o hesite em contactar-nos. Podemos oferecer-lhe um servi\u00e7o gratuito de teste de mat\u00e9rias-primas para o ajudar a avaliar o efeito da produ\u00e7\u00e3o de \u00f3leo.<\/p>    <figure class=\"wp-block-gallery has-nested-images columns-default is-cropped wp-block-gallery-3 is-layout-flex wp-block-gallery-is-layout-flex\"> <figure class=\"wp-block-image size-large\"><img loading=\"lazy\" decoding=\"async\" width=\"720\" height=\"540\" data-id=\"117\" src=\"https:\/\/www.peanuts-machine.com\/wp-content\/uploads\/2022\/08\/application-range-of-peanut-oil-press.webp\" alt=\"faixa de aplica\u00e7\u00e3o de prensa de \u00f3leo de amendoim\" class=\"wp-image-117\" title=\"\" srcset=\"https:\/\/www.peanuts-machine.com\/wp-content\/uploads\/2022\/08\/application-range-of-peanut-oil-press.webp 720w, https:\/\/www.peanuts-machine.com\/wp-content\/uploads\/2022\/08\/application-range-of-peanut-oil-press-300x225.webp 300w\" sizes=\"auto, (max-width: 720px) 100vw, 720px\" \/><figcaption class=\"wp-element-caption\">faixa de aplica\u00e7\u00e3o de prensa de \u00f3leo de amendoim<\/figcaption><\/figure>    <figure class=\"wp-block-image size-large\"><img loading=\"lazy\" decoding=\"async\" width=\"720\" height=\"540\" data-id=\"590\" src=\"https:\/\/www.peanuts-machine.com\/wp-content\/uploads\/2022\/08\/oil-press-applications.webp\" alt=\"aplica\u00e7\u00f5es em prensas de \u00f3leo\" class=\"wp-image-590\" title=\"\" srcset=\"https:\/\/www.peanuts-machine.com\/wp-content\/uploads\/2022\/08\/oil-press-applications.webp 720w, https:\/\/www.peanuts-machine.com\/wp-content\/uploads\/2022\/08\/oil-press-applications-300x225.webp 300w, https:\/\/www.peanuts-machine.com\/wp-content\/uploads\/2022\/08\/oil-press-applications-16x12.webp 16w\" sizes=\"auto, (max-width: 720px) 100vw, 720px\" \/><figcaption class=\"wp-element-caption\">aplica\u00e7\u00f5es em prensas de \u00f3leo<\/figcaption><\/figure> <\/figure>    <h2 class=\"wp-block-heading\" id=\"h-how-to-extract-oil-from-groundnut-seed\">Estrutura e princ\u00edpio de funcionamento do extrator de \u00f3leo por parafuso<\/h2>    <p>O extrator de \u00f3leo de amendoim consiste principalmente em uma caixa de controle autom\u00e1tico, parte de aquecimento e prensagem, dispositivo de ajuste, parte rotativa e sistema de filtra\u00e7\u00e3o a v\u00e1cuo. Todas as partes trabalham juntas para realizar o processo de prensagem de \u00f3leo totalmente autom\u00e1tico e eficiente, desde a alimenta\u00e7\u00e3o da mat\u00e9ria-prima, aquecimento, prensagem at\u00e9 a filtra\u00e7\u00e3o da graxa.<\/p>    <figure class=\"wp-block-gallery has-nested-images columns-default is-cropped wp-block-gallery-4 is-layout-flex wp-block-gallery-is-layout-flex\"> <figure class=\"wp-block-image size-large\"><img loading=\"lazy\" decoding=\"async\" width=\"720\" height=\"540\" data-id=\"119\" src=\"https:\/\/www.peanuts-machine.com\/wp-content\/uploads\/2022\/08\/groundnut-oil-extractor.webp\" alt=\"extrator de \u00f3leo de amendoim\" class=\"wp-image-119\" title=\"\" srcset=\"https:\/\/www.peanuts-machine.com\/wp-content\/uploads\/2022\/08\/groundnut-oil-extractor.webp 720w, https:\/\/www.peanuts-machine.com\/wp-content\/uploads\/2022\/08\/groundnut-oil-extractor-300x225.webp 300w\" sizes=\"auto, (max-width: 720px) 100vw, 720px\" \/><figcaption class=\"wp-element-caption\">extrator de \u00f3leo de amendoim<\/figcaption><\/figure>    <figure class=\"wp-block-image size-large\"><img loading=\"lazy\" decoding=\"async\" width=\"720\" height=\"540\" data-id=\"120\" src=\"https:\/\/www.peanuts-machine.com\/wp-content\/uploads\/2022\/08\/internal-screw.webp\" alt=\"parafuso interno\" class=\"wp-image-120\" title=\"\" srcset=\"https:\/\/www.peanuts-machine.com\/wp-content\/uploads\/2022\/08\/internal-screw.webp 720w, https:\/\/www.peanuts-machine.com\/wp-content\/uploads\/2022\/08\/internal-screw-300x225.webp 300w\" sizes=\"auto, (max-width: 720px) 100vw, 720px\" \/><figcaption class=\"wp-element-caption\">parafuso interno<\/figcaption><\/figure> <\/figure>   <div class=\"wp-block-image\"> <figure class=\"aligncenter size-full\"><img loading=\"lazy\" decoding=\"async\" width=\"710\" height=\"512\" src=\"https:\/\/www.peanuts-machine.com\/wp-content\/uploads\/2022\/08\/automatic-oil-expeller-machine-structure.webp\" alt=\"estrutura autom\u00e1tica da m\u00e1quina do expulsor de \u00f3leo\" class=\"wp-image-118\" title=\"\" srcset=\"https:\/\/www.peanuts-machine.com\/wp-content\/uploads\/2022\/08\/automatic-oil-expeller-machine-structure.webp 710w, https:\/\/www.peanuts-machine.com\/wp-content\/uploads\/2022\/08\/automatic-oil-expeller-machine-structure-300x216.webp 300w\" sizes=\"auto, (max-width: 710px) 100vw, 710px\" \/><figcaption class=\"wp-element-caption\">estrutura autom\u00e1tica da m\u00e1quina do expulsor de \u00f3leo<\/figcaption><\/figure> <\/div>   <ol class=\"wp-block-list\"> <li>Pr\u00e9-tratamento de mat\u00e9ria-prima: de acordo com o teor de \u00f3leo e as propriedades f\u00edsicas das oleaginosas, geralmente \u00e9 necess\u00e1rio passar por etapas de pr\u00e9-tratamento como limpeza, secagem, esmagamento, lamina\u00e7\u00e3o do embri\u00e3o, vapor e temperagem.<\/li>    <li>Alimenta\u00e7\u00e3o: o n\u00facleo de amendoim pr\u00e9-tratado e outras mat\u00e9rias-primas s\u00e3o despejados no funil.<\/li>    <li>Propuls\u00e3o e pressuriza\u00e7\u00e3o por parafuso: impulsionado pelo eixo do parafuso, o material avan\u00e7a; \u00e0 medida que o espa\u00e7o na c\u00e2mara de prensagem encolhe gradualmente, a densidade do material aumenta e a press\u00e3o interna sobe.<\/li>    <li>Precipita\u00e7\u00e3o de \u00f3leo e graxa: sob o efeito de alta temperatura e press\u00e3o e calor de fric\u00e7\u00e3o, a estrutura celular do material oleoso \u00e9 destru\u00edda e o \u00f3leo e a graxa s\u00e3o liberados.<\/li>    <li>Filtra\u00e7\u00e3o a v\u00e1cuo: o \u00f3leo extra\u00eddo passa pelo sistema de filtra\u00e7\u00e3o a v\u00e1cuo para remover os res\u00edduos e impurezas e obter o \u00f3leo comest\u00edvel puro.<\/li>    <li>Coleta do produto acabado: o \u00f3leo comest\u00edvel filtrado pode ser coletado e utilizado.<\/li> <\/ol>    <figure class=\"wp-block-embed aligncenter is-type-video is-provider-youtube wp-block-embed-youtube wp-embed-aspect-16-9 wp-has-aspect-ratio\"><div class=\"wp-block-embed__wrapper\"> <iframe loading=\"lazy\" title=\"Fazendo \u00f3leo de amendoim com nossa prensa de \u00f3leo de alta qualidade! M\u00e1quina de prensagem 1TP5\" width=\"500\" height=\"281\" src=\"https:\/\/www.youtube.com\/embed\/AAq6nmmhjEE?feature=oembed\" frameborder=\"0\" allow=\"accelerometer; autoplay; clipboard-write; encrypted-media; gyroscope; picture-in-picture; web-share\" referrerpolicy=\"strict-origin-when-cross-origin\" allowfullscreen><\/iframe> <\/div><figcaption class=\"wp-element-caption\">v\u00eddeo de funcionamento da m\u00e1quina extratora de \u00f3leo de amendoim<\/figcaption><\/figure>    <h2 class=\"wp-block-heading\" id=\"h-parameters-of-the-groundnut-oil-extractor\">Par\u00e2metros da m\u00e1quina extratora de \u00f3leo de amendoim<\/h2>    <figure class=\"wp-block-table is-style-stripes\"><table><tbody><tr><td>Modelo<\/td><td>TZ-60<\/td><td>TZ-70<\/td><td>TZ-80<\/td><td>TZ-180<\/td><td>TZ-125<\/td><\/tr><tr><td>Pressione Di\u00e2metro<\/td><td>55mm<\/td><td>65mm<\/td><td>80mm<\/td><td>100mm<\/td><td>125mm<\/td><\/tr><tr><td>Pressione Velocidade<\/td><td>64 r\/min<\/td><td>38 r\/min<\/td><td>35r\/min<\/td><td>37 r\/min<\/td><td>34 r\/min<\/td><\/tr><tr><td>Motor<\/td><td>202 kW<\/td><td>3 kW<\/td><td>4kw<\/td><td>7,5 kW<\/td><td>15 kW<\/td><\/tr><tr><td>Bomba de v\u00e1cuo<\/td><td>0,75 kW<\/td><td>0,75 kW<\/td><td>0,55 kW<\/td><td>0,75 kW<\/td><td>0,75 kW<\/td><\/tr><tr><td>Pot\u00eancia de aquecimento<\/td><td>0,5 kW<\/td><td>1,1 kW<\/td><td>2,2 kW<\/td><td>3 kW<\/td><td>3,75 kW<\/td><\/tr><tr><td>Capacidade<\/td><td>40-60 kg\/hora<\/td><td>50-70 kg\/hora<\/td><td>80-120 kg\/hora<\/td><td>150-230 kg\/hora<\/td><td>300-350 kg\/hora<\/td><\/tr><tr><td>Peso<\/td><td>240kg<\/td><td>280kg<\/td><td>850kg<\/td><td>1100kg<\/td><td>1400kg<\/td><\/tr><tr><td>Tamanho<\/td><td>1,2*0,48*1,1m<\/td><td>1,4*0,5*1,2m<\/td><td>1,7*0,11*1,6m<\/td><td>1,9*1,2*1,3m<\/td><td>2,6*1,3*2,3m<\/td><\/tr><\/tbody><\/table><figcaption class=\"wp-element-caption\">dados t\u00e9cnicos da m\u00e1quina extratora de \u00f3leo de amendoim<\/figcaption><\/figure>    <h2 class=\"wp-block-heading\" id=\"h-which-groundnut-is-best-for-oil-extraction\">Qual amendoim \u00e9 melhor para extra\u00e7\u00e3o de \u00f3leo?<\/h2>    <ol class=\"wp-block-list\"> <li>Considere o tamanho do gr\u00e3o de amendoim. Se o gr\u00e3o de amendoim for muito grande, n\u00e3o caber\u00e1 na abertura de alimenta\u00e7\u00e3o de m\u00e1quinas de prensagem de \u00f3leo menores. Por outro lado, se o gr\u00e3o for muito pequeno, a velocidade a jusante ser\u00e1 muito alta, o que pode prejudicar o rendimento do \u00f3leo.<\/li>    <li>Verifique se o gr\u00e3o de amendoim est\u00e1 fresco. \u00c9 essencial que os amendoins utilizados para a extra\u00e7\u00e3o de \u00f3leo n\u00e3o estejam mofados, pois os gr\u00e3os mofados cont\u00eam aflatoxina, um potente carcin\u00f3geno. <\/li>    <li>Examine a variedade de gr\u00e3os de amendoim. Existem v\u00e1rios tipos de amendoim, incluindo amendoim comum, amendoim p\u00e9rola, amendoim multigr\u00e3os e amendoim drag\u00e3o. O tipo comum \u00e9 o mais adequado para extra\u00e7\u00e3o de petr\u00f3leo, apresentando um teor de \u00f3leo de 52-54%.<\/li> <\/ol>    <figure class=\"wp-block-gallery has-nested-images columns-default is-cropped wp-block-gallery-5 is-layout-flex wp-block-gallery-is-layout-flex\"> <figure class=\"wp-block-image size-large\"><img loading=\"lazy\" decoding=\"async\" width=\"720\" height=\"540\" data-id=\"595\" src=\"https:\/\/www.peanuts-machine.com\/wp-content\/uploads\/2022\/08\/seed-oil-extraction-machines.webp\" alt=\"m\u00e1quinas de extra\u00e7\u00e3o de \u00f3leo de semente\" class=\"wp-image-595\" title=\"\" srcset=\"https:\/\/www.peanuts-machine.com\/wp-content\/uploads\/2022\/08\/seed-oil-extraction-machines.webp 720w, https:\/\/www.peanuts-machine.com\/wp-content\/uploads\/2022\/08\/seed-oil-extraction-machines-300x225.webp 300w, https:\/\/www.peanuts-machine.com\/wp-content\/uploads\/2022\/08\/seed-oil-extraction-machines-16x12.webp 16w\" sizes=\"auto, (max-width: 720px) 100vw, 720px\" \/><figcaption class=\"wp-element-caption\">m\u00e1quinas de extra\u00e7\u00e3o de \u00f3leo de semente<\/figcaption><\/figure>    <figure class=\"wp-block-image size-large\"><img loading=\"lazy\" decoding=\"async\" width=\"720\" height=\"540\" data-id=\"594\" src=\"https:\/\/www.peanuts-machine.com\/wp-content\/uploads\/2022\/08\/oil-mill-machinery.webp\" alt=\"m\u00e1quinas para moinhos de \u00f3leo\" class=\"wp-image-594\" title=\"\" srcset=\"https:\/\/www.peanuts-machine.com\/wp-content\/uploads\/2022\/08\/oil-mill-machinery.webp 720w, https:\/\/www.peanuts-machine.com\/wp-content\/uploads\/2022\/08\/oil-mill-machinery-300x225.webp 300w, https:\/\/www.peanuts-machine.com\/wp-content\/uploads\/2022\/08\/oil-mill-machinery-16x12.webp 16w\" sizes=\"auto, (max-width: 720px) 100vw, 720px\" \/><figcaption class=\"wp-element-caption\">m\u00e1quinas para moinhos de \u00f3leo<\/figcaption><\/figure> <\/figure>    <h2 class=\"wp-block-heading\" id=\"h-how-to-start-groundnut-oil-extraction-business\">Como iniciar um neg\u00f3cio de extra\u00e7\u00e3o de \u00f3leo de amendoim?<\/h2>    <ol class=\"wp-block-list\"> <li>Realize uma an\u00e1lise de mercado completa. \u00c9 essencial determinar se amendoins s\u00e3o cultivados na \u00e1rea, avaliar a qualidade dos amendoins, entender a demanda local por \u00f3leo de amendoim e avaliar os n\u00edveis de renda da popula\u00e7\u00e3o.<\/li>    <li>Selecione um local apropriado para instalar um <a href=\"https:\/\/en.wikipedia.org\/wiki\/Peanut_oil\" target=\"_blank\" rel=\"noopener\">\u00f3leo de amendoim<\/a> neg\u00f3cio de extra\u00e7\u00e3o. Depois disso, obtenha a licen\u00e7a comercial necess\u00e1ria do departamento governamental relevante.<\/li>    <li>Compre equipamentos para m\u00e1quinas de processamento de \u00f3leo de amendoim. Se voc\u00ea deseja iniciar uma f\u00e1brica de prensas de \u00f3leo de amendoim, uma prensa de \u00f3leo de amendoim n\u00e3o \u00e9 suficiente. Voc\u00ea precisa de um <a href=\"https:\/\/www.peanuts-machine.com\/pt\/product\/groundnut-sheller\/\">m\u00e1quina de descascar amendoim<\/a>, <a href=\"https:\/\/www.peanuts-machine.com\/pt\/product\/peanut-peeling-machine\/\">m\u00e1quina de descascar amendoim<\/a>, extrator de \u00f3leo de amendoim, <a href=\"https:\/\/www.peanuts-machine.com\/pt\/product\/peanut-butter-filling-machine\/\">m\u00e1quina de enchimento de amendoim<\/a>e outros equipamentos relacionados<\/li>    <li>Comercialize seu \u00f3leo de amendoim. Finalmente, voc\u00ea precisa encontrar canais de vendas para vender seu \u00f3leo de amendoim.<\/li> <\/ol>    <figure class=\"wp-block-gallery has-nested-images columns-default is-cropped wp-block-gallery-6 is-layout-flex wp-block-gallery-is-layout-flex\"> <figure class=\"wp-block-image size-large\"><img loading=\"lazy\" decoding=\"async\" width=\"720\" height=\"540\" data-id=\"596\" src=\"https:\/\/www.peanuts-machine.com\/wp-content\/uploads\/2022\/08\/oil-pressing-equipment.webp\" alt=\"equipamento de prensagem de \u00f3leo\" class=\"wp-image-596\" title=\"\" srcset=\"https:\/\/www.peanuts-machine.com\/wp-content\/uploads\/2022\/08\/oil-pressing-equipment.webp 720w, https:\/\/www.peanuts-machine.com\/wp-content\/uploads\/2022\/08\/oil-pressing-equipment-300x225.webp 300w, https:\/\/www.peanuts-machine.com\/wp-content\/uploads\/2022\/08\/oil-pressing-equipment-16x12.webp 16w\" sizes=\"auto, (max-width: 720px) 100vw, 720px\" \/><figcaption class=\"wp-element-caption\">equipamento de prensagem de \u00f3leo<\/figcaption><\/figure>    <figure class=\"wp-block-image size-large\"><img loading=\"lazy\" decoding=\"async\" width=\"720\" height=\"540\" data-id=\"122\" src=\"https:\/\/www.peanuts-machine.com\/wp-content\/uploads\/2022\/08\/pictures-of-the-production-of-peanut-oil-press.webp\" alt=\"produ\u00e7\u00e3o de prensa de \u00f3leo de amendoim\" class=\"wp-image-122\" title=\"\" srcset=\"https:\/\/www.peanuts-machine.com\/wp-content\/uploads\/2022\/08\/pictures-of-the-production-of-peanut-oil-press.webp 720w, https:\/\/www.peanuts-machine.com\/wp-content\/uploads\/2022\/08\/pictures-of-the-production-of-peanut-oil-press-300x225.webp 300w\" sizes=\"auto, (max-width: 720px) 100vw, 720px\" \/><figcaption class=\"wp-element-caption\">produ\u00e7\u00e3o de prensa de \u00f3leo de amendoim<\/figcaption><\/figure> <\/figure>    <p>Aceitamos consultas em ingl\u00eas, franc\u00eas, \u00e1rabe, espanhol, russo e muitas outras l\u00ednguas. A nossa equipa profissional responder\u00e1 dentro de um dia \u00fatil. Se estiver interessado na nossa m\u00e1quina extratora de \u00f3leo de amendoim, n\u00e3o hesite em entrar em contacto connosco!<\/p>","protected":false},"excerpt":{"rendered":"<p>O extrator de \u00f3leo de amendoim por parafuso tem as vantagens de ocupar pouco espa\u00e7o, alto rendimento de \u00f3leo e adequa\u00e7\u00e3o para processar uma variedade de \u00f3leos. \u00c9 amplamente utilizado em oficinas familiares e pequenos locais de processamento de \u00f3leo.<\/p>","protected":false},"author":1,"featured_media":121,"parent":0,"template":"","tags":[37,42,36,40],"product-type":[54,46],"class_list":["post-115","product","type-product","status-publish","has-post-thumbnail","hentry","tag-groundnut","tag-groundnut-oil","tag-peanut","tag-peanut-oil","product-type-other-peanut-related-machine","product-type-products"],"_links":{"self":[{"href":"https:\/\/www.peanuts-machine.com\/pt\/wp-json\/wp\/v2\/product\/115","targetHints":{"allow":["GET"]}}],"collection":[{"href":"https:\/\/www.peanuts-machine.com\/pt\/wp-json\/wp\/v2\/product"}],"about":[{"href":"https:\/\/www.peanuts-machine.com\/pt\/wp-json\/wp\/v2\/types\/product"}],"author":[{"embeddable":true,"href":"https:\/\/www.peanuts-machine.com\/pt\/wp-json\/wp\/v2\/users\/1"}],"wp:featuredmedia":[{"embeddable":true,"href":"https:\/\/www.peanuts-machine.com\/pt\/wp-json\/wp\/v2\/media\/121"}],"wp:attachment":[{"href":"https:\/\/www.peanuts-machine.com\/pt\/wp-json\/wp\/v2\/media?parent=115"}],"wp:term":[{"taxonomy":"post_tag","embeddable":true,"href":"https:\/\/www.peanuts-machine.com\/pt\/wp-json\/wp\/v2\/tags?post=115"},{"taxonomy":"product-type","embeddable":true,"href":"https:\/\/www.peanuts-machine.com\/pt\/wp-json\/wp\/v2\/product-type?post=115"}],"curies":[{"name":"wp","href":"https:\/\/api.w.org\/{rel}","templated":true}]}}