{"id":1201,"date":"2026-02-05T17:32:01","date_gmt":"2026-02-05T09:32:01","guid":{"rendered":"https:\/\/www.peanuts-machine.com\/?post_type=product&#038;p=1201"},"modified":"2026-02-05T17:52:54","modified_gmt":"2026-02-05T09:52:54","slug":"4-heads-weigh-filling-machine","status":"publish","type":"product","link":"https:\/\/www.peanuts-machine.com\/pt\/product\/4-heads-weigh-filling-machine\/","title":{"rendered":"M\u00e1quina de Enchimento por Pesagem de 4 Cabe\u00e7as | M\u00e1quina de Embalagem Autom\u00e1tica"},"content":{"rendered":"<div class=\"kk-star-ratings kksr-auto kksr-align-left kksr-valign-top\"     data-payload='{&quot;align&quot;:&quot;left&quot;,&quot;id&quot;:&quot;1201&quot;,&quot;slug&quot;:&quot;default&quot;,&quot;valign&quot;:&quot;top&quot;,&quot;ignore&quot;:&quot;&quot;,&quot;reference&quot;:&quot;auto&quot;,&quot;class&quot;:&quot;&quot;,&quot;count&quot;:&quot;11&quot;,&quot;legendonly&quot;:&quot;&quot;,&quot;readonly&quot;:&quot;&quot;,&quot;score&quot;:&quot;4.8&quot;,&quot;starsonly&quot;:&quot;&quot;,&quot;best&quot;:&quot;5&quot;,&quot;gap&quot;:&quot;5&quot;,&quot;greet&quot;:&quot;Rate this product&quot;,&quot;legend&quot;:&quot;4.8\\\/5 - (11 votes)&quot;,&quot;size&quot;:&quot;24&quot;,&quot;title&quot;:&quot;4 Heads Weigh Filling Machine | Automatic Packaging Machine&quot;,&quot;width&quot;:&quot;136.7&quot;,&quot;_legend&quot;:&quot;{score}\\\/{best} - ({count} {votes})&quot;,&quot;font_factor&quot;:&quot;1.25&quot;}'>              <div class=\"kksr-stars\">      <div class=\"kksr-stars-inactive\">             <div class=\"kksr-star\" data-star=\"1\" style=\"padding-right: 5px\">               <div class=\"kksr-icon\" style=\"width: 24px; height: 24px;\"><\/div>         <\/div>             <div class=\"kksr-star\" data-star=\"2\" style=\"padding-right: 5px\">               <div class=\"kksr-icon\" style=\"width: 24px; height: 24px;\"><\/div>         <\/div>             <div class=\"kksr-star\" data-star=\"3\" style=\"padding-right: 5px\">               <div class=\"kksr-icon\" style=\"width: 24px; height: 24px;\"><\/div>         <\/div>             <div class=\"kksr-star\" data-star=\"4\" style=\"padding-right: 5px\">               <div class=\"kksr-icon\" style=\"width: 24px; height: 24px;\"><\/div>         <\/div>             <div class=\"kksr-star\" data-star=\"5\" style=\"padding-right: 5px\">               <div class=\"kksr-icon\" style=\"width: 24px; height: 24px;\"><\/div>         <\/div>     <\/div>      <div class=\"kksr-stars-active\" style=\"width: 136.7px;\">             <div class=\"kksr-star\" style=\"padding-right: 5px\">               <div class=\"kksr-icon\" style=\"width: 24px; height: 24px;\"><\/div>         <\/div>             <div class=\"kksr-star\" style=\"padding-right: 5px\">               <div class=\"kksr-icon\" style=\"width: 24px; height: 24px;\"><\/div>         <\/div>             <div class=\"kksr-star\" style=\"padding-right: 5px\">               <div class=\"kksr-icon\" style=\"width: 24px; height: 24px;\"><\/div>         <\/div>             <div class=\"kksr-star\" style=\"padding-right: 5px\">               <div class=\"kksr-icon\" style=\"width: 24px; height: 24px;\"><\/div>         <\/div>             <div class=\"kksr-star\" style=\"padding-right: 5px\">               <div class=\"kksr-icon\" style=\"width: 24px; height: 24px;\"><\/div>         <\/div>     <\/div> <\/div>                   <div class=\"kksr-legend\" style=\"font-size: 19.2px;\">             4,8\/5 - (11 votos)    <\/div>     <\/div>  <p>A m\u00e1quina de enchimento com pesagem autom\u00e1tica de 4 cabe\u00e7as \u00e9 principalmente projetada para embalar materiais granulados com capacidade de produ\u00e7\u00e3o pequena a m\u00e9dia. \u00c9 particularmente adequada para cen\u00e1rios de produ\u00e7\u00e3o envolvendo pesos de saco \u00fanico de 50g a 2000g, mudan\u00e7as frequentes nas especifica\u00e7\u00f5es de embalagem e demandas de produ\u00e7\u00e3o moderadas.<\/p>    <p>Este equipamento realiza pesagem de material, enchimento, forma\u00e7\u00e3o de saco, selagem\/corte, codifica\u00e7\u00e3o e sa\u00edda do produto acabado. Garantindo precis\u00e3o de pesagem e est\u00e9tica na embalagem, a m\u00e1quina de embalagem com balan\u00e7a de 4 cabe\u00e7as oferece vantagens significativas em custo de equipamento, espa\u00e7o e facilidade de manuten\u00e7\u00e3o. Representa uma alternativa mais econ\u00f4mica \u00e0s m\u00e1quinas de embalagem de 10 cabe\u00e7as.<\/p>    <figure class=\"wp-block-embed aligncenter is-type-video is-provider-youtube wp-block-embed-youtube wp-embed-aspect-16-9 wp-has-aspect-ratio\"><div class=\"wp-block-embed__wrapper\"> <iframe loading=\"lazy\" title=\"\u2696\ufe0f 4-Head Weighing Packing Machine | Fast &amp; Accurate Packaging Solution#packing #packagingmachine\" width=\"500\" height=\"281\" src=\"https:\/\/www.youtube.com\/embed\/J2tXcDUVwpE?feature=oembed\" frameborder=\"0\" allow=\"accelerometer; autoplay; clipboard-write; encrypted-media; gyroscope; picture-in-picture; web-share\" referrerpolicy=\"strict-origin-when-cross-origin\" allowfullscreen><\/iframe> <\/div><figcaption class=\"wp-element-caption\">V\u00eddeo de funcionamento da m\u00e1quina autom\u00e1tica de enchimento com pesagem de 4 cabe\u00e7as<\/figcaption><\/figure>    <h2 class=\"wp-block-heading\">Aplica\u00e7\u00f5es da m\u00e1quina autom\u00e1tica de enchimento com pesagem<\/h2>    <p>A m\u00e1quina de enchimento com pesagem de quatro cabe\u00e7as \u00e9 adequada para materiais granulados com boa fluidez e \u00e9 amplamente utilizada nos seguintes campos:<\/p>    <ul class=\"wp-block-list\"> <li><strong>Ind\u00fastria alimentar:<\/strong> embalagem autom\u00e1tica de alimentos granulados, como snacks estalados, batatas fritas, batatas chips, amendoins, sementes de mel\u00e3o, doces, frutas secas, sementes, bolachas, a\u00e7\u00facar granulado, MSG, folhas de ch\u00e1, etc.<\/li>    <li><strong>Bens de consumo di\u00e1rios:<\/strong> adequada para produtos de pequeno a m\u00e9dio porte com certos requisitos de precis\u00e3o e apar\u00eancia de embalagem.<\/li> <\/ul>    <figure class=\"wp-block-gallery has-nested-images columns-default is-cropped wp-block-gallery-2 is-layout-flex wp-block-gallery-is-layout-flex\"> <figure class=\"wp-block-image size-large\"><img loading=\"lazy\" decoding=\"async\" width=\"720\" height=\"540\" data-id=\"1212\" src=\"https:\/\/www.peanuts-machine.com\/wp-content\/uploads\/2026\/02\/weigh-filling-sealing-machine-applications.webp\" alt=\"Aplica\u00e7\u00f5es de m\u00e1quinas de enchimento, selagem e pesagem\" class=\"wp-image-1212\" title=\"\" srcset=\"https:\/\/www.peanuts-machine.com\/wp-content\/uploads\/2026\/02\/weigh-filling-sealing-machine-applications.webp 720w, https:\/\/www.peanuts-machine.com\/wp-content\/uploads\/2026\/02\/weigh-filling-sealing-machine-applications-300x225.webp 300w, https:\/\/www.peanuts-machine.com\/wp-content\/uploads\/2026\/02\/weigh-filling-sealing-machine-applications-16x12.webp 16w\" sizes=\"auto, (max-width: 720px) 100vw, 720px\" \/><figcaption class=\"wp-element-caption\">Aplica\u00e7\u00f5es de m\u00e1quinas de enchimento, selagem e pesagem<\/figcaption><\/figure>    <figure class=\"wp-block-image size-large\"><img loading=\"lazy\" decoding=\"async\" width=\"720\" height=\"540\" data-id=\"1211\" src=\"https:\/\/www.peanuts-machine.com\/wp-content\/uploads\/2026\/02\/weigh-filling-machine-finished-production.webp\" alt=\"produ\u00e7\u00e3o final da m\u00e1quina de enchimento com pesagem\" class=\"wp-image-1211\" title=\"\" srcset=\"https:\/\/www.peanuts-machine.com\/wp-content\/uploads\/2026\/02\/weigh-filling-machine-finished-production.webp 720w, https:\/\/www.peanuts-machine.com\/wp-content\/uploads\/2026\/02\/weigh-filling-machine-finished-production-300x225.webp 300w, https:\/\/www.peanuts-machine.com\/wp-content\/uploads\/2026\/02\/weigh-filling-machine-finished-production-16x12.webp 16w\" sizes=\"auto, (max-width: 720px) 100vw, 720px\" \/><figcaption class=\"wp-element-caption\">produ\u00e7\u00e3o final da m\u00e1quina de enchimento com pesagem<\/figcaption><\/figure> <\/figure>    <h2 class=\"wp-block-heading\">Desempenho da m\u00e1quina de enchimento com pesagem<\/h2>    <ul class=\"wp-block-list\"> <li>Estrutura compacta, opera\u00e7\u00e3o est\u00e1vel: layout racional com pegada m\u00ednima garante opera\u00e7\u00e3o suave, ideal para f\u00e1bricas de pequeno a m\u00e9dio porte ou ambientes de produ\u00e7\u00e3o com espa\u00e7o limitado.<\/li>    <li>Controle inteligente, opera\u00e7\u00e3o simples: equipado com sistema de controle PLC e tela sens\u00edvel ao toque de cores para configura\u00e7\u00e3o r\u00e1pida do peso de embalagem, comprimento da bolsa, velocidade e outros par\u00e2metros.<\/li>    <li>Alimenta\u00e7\u00e3o de filme por servo para embalagem est\u00e9tica: posicionamento preciso do sistema que fornece dimens\u00f5es de saco consistentes, resultando em pacotes finais limpos e visualmente atraentes.<\/li>    <li>Custos de m\u00e3o de obra reduzidos: opera\u00e7\u00e3o simplificada desde a alimenta\u00e7\u00e3o do material, pesagem, enchimento, forma\u00e7\u00e3o do saco, selagem, impress\u00e3o de data at\u00e9 a condu\u00e7\u00e3o do produto final \u2014 tudo realizado em uma \u00fanica passagem.<\/li>    <li>Formatos de embalagem m\u00faltiplos dispon\u00edveis: suporta fun\u00e7\u00f5es de corte de saco \u00fanico e m\u00faltiplo, com configura\u00e7\u00f5es opcionais para perfura\u00e7\u00e3o, jateamento de nitrog\u00eanio e outras funcionalidades especializadas.<\/li> <\/ul>    <figure class=\"wp-block-gallery has-nested-images columns-default is-cropped wp-block-gallery-3 is-layout-flex wp-block-gallery-is-layout-flex\"> <figure class=\"wp-block-image size-large\"><img loading=\"lazy\" decoding=\"async\" width=\"540\" height=\"720\" data-id=\"1214\" src=\"https:\/\/www.peanuts-machine.com\/wp-content\/uploads\/2026\/02\/weigh-filling-machine.webp\" alt=\"m\u00e1quina de enchimento com pesagem\" class=\"wp-image-1214\" title=\"\" srcset=\"https:\/\/www.peanuts-machine.com\/wp-content\/uploads\/2026\/02\/weigh-filling-machine.webp 540w, https:\/\/www.peanuts-machine.com\/wp-content\/uploads\/2026\/02\/weigh-filling-machine-225x300.webp 225w, https:\/\/www.peanuts-machine.com\/wp-content\/uploads\/2026\/02\/weigh-filling-machine-9x12.webp 9w\" sizes=\"auto, (max-width: 540px) 100vw, 540px\" \/><figcaption class=\"wp-element-caption\">m\u00e1quina de enchimento com pesagem<\/figcaption><\/figure>    <figure class=\"wp-block-image size-large\"><img loading=\"lazy\" decoding=\"async\" width=\"540\" height=\"720\" data-id=\"1213\" src=\"https:\/\/www.peanuts-machine.com\/wp-content\/uploads\/2026\/02\/weigh-filler-packaging-machine.webp\" alt=\"m\u00e1quina de enchimento com pesagem e embalagem\" class=\"wp-image-1213\" title=\"\" srcset=\"https:\/\/www.peanuts-machine.com\/wp-content\/uploads\/2026\/02\/weigh-filler-packaging-machine.webp 540w, https:\/\/www.peanuts-machine.com\/wp-content\/uploads\/2026\/02\/weigh-filler-packaging-machine-225x300.webp 225w, https:\/\/www.peanuts-machine.com\/wp-content\/uploads\/2026\/02\/weigh-filler-packaging-machine-9x12.webp 9w\" sizes=\"auto, (max-width: 540px) 100vw, 540px\" \/><figcaption class=\"wp-element-caption\">m\u00e1quina de enchimento com pesagem e embalagem<\/figcaption><\/figure> <\/figure>    <h2 class=\"wp-block-heading\">Estrutura da m\u00e1quina e princ\u00edpio de funcionamento<\/h2>    <ol class=\"wp-block-list\"> <li>Alimentador por elevador: transporta continuamente e de forma uniforme os materiais at\u00e9 ao funil de alimenta\u00e7\u00e3o.<\/li>    <li>Sistema de distribui\u00e7\u00e3o de material: a entrada distribui materiais para pequenos funis individuais, garantindo alimenta\u00e7\u00e3o est\u00e1vel para todas as quatro cabe\u00e7as de pesagem.<\/li>    <li>Pesadora eletr\u00f4nica de 4 cabe\u00e7as: realiza pesagem independente e descarga sequencial para medi\u00e7\u00e3o est\u00e1vel e embalagem cont\u00ednua.<\/li>    <li>M\u00e1quina de embalagem vertical: realiza opera\u00e7\u00f5es de forma\u00e7\u00e3o de saco, enchimento, selagem, codifica\u00e7\u00e3o e corte.<\/li>    <li>Transportador de produto final: descarrega automaticamente os produtos embalados para f\u00e1cil embalagem em caixas e processamento subsequente.<\/li> <\/ol>    <p>Todo o sistema funciona de forma integrada com l\u00f3gica clara, garantindo efici\u00eancia na embalagem enquanto prioriza a conveni\u00eancia operacional e de manuten\u00e7\u00e3o.<\/p>    <figure class=\"wp-block-gallery has-nested-images columns-default is-cropped wp-block-gallery-4 is-layout-flex wp-block-gallery-is-layout-flex\"> <figure class=\"wp-block-image size-large\"><img loading=\"lazy\" decoding=\"async\" width=\"720\" height=\"540\" data-id=\"1215\" src=\"https:\/\/www.peanuts-machine.com\/wp-content\/uploads\/2026\/02\/multihead-weigher-packing-machine-1.webp\" alt=\"m\u00e1quina de empacotamento com pesadora multi-cabe\u00e7as\" class=\"wp-image-1215\" title=\"\" srcset=\"https:\/\/www.peanuts-machine.com\/wp-content\/uploads\/2026\/02\/multihead-weigher-packing-machine-1.webp 720w, https:\/\/www.peanuts-machine.com\/wp-content\/uploads\/2026\/02\/multihead-weigher-packing-machine-1-300x225.webp 300w, https:\/\/www.peanuts-machine.com\/wp-content\/uploads\/2026\/02\/multihead-weigher-packing-machine-1-16x12.webp 16w\" sizes=\"auto, (max-width: 720px) 100vw, 720px\" \/><figcaption class=\"wp-element-caption\">m\u00e1quina de empacotamento com pesadora multi-cabe\u00e7as<\/figcaption><\/figure>    <figure class=\"wp-block-image size-large\"><img loading=\"lazy\" decoding=\"async\" width=\"720\" height=\"540\" data-id=\"1216\" src=\"https:\/\/www.peanuts-machine.com\/wp-content\/uploads\/2026\/02\/weigh-filler-detail.webp\" alt=\"detalhes do enchidor com pesagem\" class=\"wp-image-1216\" title=\"\" srcset=\"https:\/\/www.peanuts-machine.com\/wp-content\/uploads\/2026\/02\/weigh-filler-detail.webp 720w, https:\/\/www.peanuts-machine.com\/wp-content\/uploads\/2026\/02\/weigh-filler-detail-300x225.webp 300w, https:\/\/www.peanuts-machine.com\/wp-content\/uploads\/2026\/02\/weigh-filler-detail-16x12.webp 16w\" sizes=\"auto, (max-width: 720px) 100vw, 720px\" \/><figcaption class=\"wp-element-caption\">detalhes do enchidor com pesagem<\/figcaption><\/figure> <\/figure>    <h2 class=\"wp-block-heading\">Compara\u00e7\u00e3o entre pesadora de 4 Cabe\u00e7as e de 10 Cabe\u00e7as<\/h2>    <p>Em compara\u00e7\u00e3o com m\u00e1quinas de embalagem de 10 cabe\u00e7as, que s\u00e3o mais adequadas para linhas de produ\u00e7\u00e3o automatizadas de alta produ\u00e7\u00e3o e alta velocidade, as m\u00e1quinas de enchimento com pesagem de 4 cabe\u00e7as s\u00e3o mais apropriadas para os seguintes requisitos:<\/p>    <ul class=\"wp-block-list\"> <li>Demandas de produ\u00e7\u00e3o moderadas com maior sensibilidade ao or\u00e7amento de investimento em equipamentos.<\/li>    <li>Materiais de embalagem relativamente uniformes e faixas de peso mais estreitas.<\/li>    <li>Desejo de manter n\u00edveis de automa\u00e7\u00e3o enquanto controla os custos gerais do equipamento.<\/li> <\/ul>    <p>Ambos os tipos compartilham sistemas de controle altamente consistentes, princ\u00edpios de embalagem e processos de automa\u00e7\u00e3o, permitindo aos clientes escolherem de forma flex\u00edvel com base na capacidade de produ\u00e7\u00e3o real e planos de desenvolvimento.<\/p>    <figure class=\"wp-block-table is-style-stripes\"><table class=\"has-fixed-layout\"><tbody><tr><td><strong>Item<\/strong><\/td><td><strong>4 Cabe\u00e7as (TH-520)<\/strong><\/td><td><strong>10 Cabe\u00e7as (TH-720)<\/strong><\/td><\/tr><tr><td>Cabe\u00e7as de pesagem<\/td><td>4<\/td><td>10<\/td><\/tr><tr><td>Escala de produ\u00e7\u00e3o adequada<\/td><td>Pequena a m\u00e9dia produ\u00e7\u00e3o<\/td><td>Produ\u00e7\u00e3o m\u00e9dia a grande<\/td><\/tr><tr><td>Velocidade de embalagem<\/td><td>5\u201350 sacos\/min<\/td><td>5\u201350 sacos\/min (maior efici\u00eancia com pesos maiores)<\/td><\/tr><tr><td>Precis\u00e3o de pesagem<\/td><td>\u00b11%<\/td><td>\u00b11%<\/td><\/tr><tr><td>Faixa de peso de embalagem<\/td><td>50\u20132000 g<\/td><td>At\u00e9 6000 ml (M\u00e1x.)<\/td><\/tr><tr><td>Largura m\u00e1xima do saco<\/td><td>250 mm<\/td><td>350 mm<\/td><\/tr><tr><td>Largura m\u00e1xima do filme<\/td><td>520 mm<\/td><td>720 mm<\/td><\/tr><tr><td>Comprimento da bolsa<\/td><td>80\u2013400 mm<\/td><td>100\u2013500 mm<\/td><\/tr><tr><td>Sistema de controlo<\/td><td>PLC   Tela sens\u00edvel ao toque<\/td><td>PLC   Tela sens\u00edvel ao toque<\/td><\/tr><tr><td>Sistema de puxar filme<\/td><td>Motor servo<\/td><td>Motor servo<\/td><\/tr><tr><td>Tamanho da m\u00e1quina (L\u00d7W\u00d7A)<\/td><td>1200 \u00d7 600 \u00d7 1900 mm<\/td><td>1780 \u00d7 1350 \u00d7 1950 mm<\/td><\/tr><tr><td>Peso da m\u00e1quina<\/td><td>180kg<\/td><td>Mais pesado, de grau industrial<\/td><\/tr><tr><td>Consumo de energia<\/td><td>500 W<\/td><td>5 kW<\/td><\/tr><tr><td>Materiais adequados<\/td><td>Granulados, snacks, a\u00e7\u00facar, ch\u00e1, sementes<\/td><td>Granulados, blocos, snacks, nozes, comida para animais de estima\u00e7\u00e3o<\/td><\/tr><tr><td>Custo de investimento<\/td><td>Mais baixa<\/td><td>Mais alta<\/td><\/tr><tr><td>Aplica\u00e7\u00f5es t\u00edpicas<\/td><td>F\u00e1bricas em fase de arranque, espa\u00e7o limitado<\/td><td>Grandes f\u00e1bricas, produ\u00e7\u00e3o cont\u00ednua<\/td><\/tr><\/tbody><\/table><figcaption class=\"wp-element-caption\">Compara\u00e7\u00e3o de par\u00e2metros de duas m\u00e1quinas de enchimento com pesagem<\/figcaption><\/figure>    <figure class=\"wp-block-gallery has-nested-images columns-default is-cropped wp-block-gallery-5 is-layout-flex wp-block-gallery-is-layout-flex\"> <figure class=\"wp-block-image size-large\"><img loading=\"lazy\" decoding=\"async\" width=\"540\" height=\"720\" data-id=\"1218\" src=\"https:\/\/www.peanuts-machine.com\/wp-content\/uploads\/2026\/02\/food-weigh-filling-packing-machines.webp\" alt=\"m\u00e1quinas de pesagem, enchimento e embalagem de alimentos\" class=\"wp-image-1218\" title=\"\" srcset=\"https:\/\/www.peanuts-machine.com\/wp-content\/uploads\/2026\/02\/food-weigh-filling-packing-machines.webp 540w, https:\/\/www.peanuts-machine.com\/wp-content\/uploads\/2026\/02\/food-weigh-filling-packing-machines-225x300.webp 225w, https:\/\/www.peanuts-machine.com\/wp-content\/uploads\/2026\/02\/food-weigh-filling-packing-machines-9x12.webp 9w\" sizes=\"auto, (max-width: 540px) 100vw, 540px\" \/><figcaption class=\"wp-element-caption\">m\u00e1quinas de pesagem, enchimento e embalagem de alimentos<\/figcaption><\/figure>    <figure class=\"wp-block-image size-large\"><img loading=\"lazy\" decoding=\"async\" width=\"540\" height=\"720\" data-id=\"1217\" src=\"https:\/\/www.peanuts-machine.com\/wp-content\/uploads\/2026\/02\/automatic-weighing-packing-machine.webp\" alt=\"m\u00e1quina autom\u00e1tica de pesagem e embalagem\" class=\"wp-image-1217\" title=\"\" srcset=\"https:\/\/www.peanuts-machine.com\/wp-content\/uploads\/2026\/02\/automatic-weighing-packing-machine.webp 540w, https:\/\/www.peanuts-machine.com\/wp-content\/uploads\/2026\/02\/automatic-weighing-packing-machine-225x300.webp 225w, https:\/\/www.peanuts-machine.com\/wp-content\/uploads\/2026\/02\/automatic-weighing-packing-machine-9x12.webp 9w\" sizes=\"auto, (max-width: 540px) 100vw, 540px\" \/><figcaption class=\"wp-element-caption\">m\u00e1quina autom\u00e1tica de pesagem e embalagem<\/figcaption><\/figure> <\/figure>    <p class=\"translation-block\">Para mais detalhes sobre a m\u00e1quina de pesagem e embalagem de 10 cabe\u00e7as, clique: <a href=\"https:\/\/www.peanuts-machine.com\/pt\/product\/weighing-packaging-machine\/\"><strong><em>M\u00e1quina de Pesagem e Embalagem de 10 Cabe\u00e7as | M\u00e1quina de Pesagem e Embalagem<\/em><\/strong><\/a>.<\/p>    <p>Sinta-se \u00e0 vontade para nos contactar a qualquer momento para aconselhamento profissional e or\u00e7amentos detalhados. Oferecemos solu\u00e7\u00f5es de embalagem eficientes, est\u00e1veis e confi\u00e1veis.<\/p>","protected":false},"excerpt":{"rendered":"<p>A m\u00e1quina de enchimento com balan\u00e7a de 4 cabe\u00e7as combina precis\u00e3o na pesagem com efici\u00eancia de custos. \u00c9 adequada para produ\u00e7\u00e3o automatizada de embalagens de pequena a m\u00e9dia escala de v\u00e1rios materiais granulares.<\/p>","protected":false},"author":1,"featured_media":1220,"parent":0,"template":"","tags":[56,36],"product-type":[60,46],"class_list":["post-1201","product","type-product","status-publish","has-post-thumbnail","hentry","tag-nut","tag-peanut","product-type-packaging-machine","product-type-products"],"_links":{"self":[{"href":"https:\/\/www.peanuts-machine.com\/pt\/wp-json\/wp\/v2\/product\/1201","targetHints":{"allow":["GET"]}}],"collection":[{"href":"https:\/\/www.peanuts-machine.com\/pt\/wp-json\/wp\/v2\/product"}],"about":[{"href":"https:\/\/www.peanuts-machine.com\/pt\/wp-json\/wp\/v2\/types\/product"}],"author":[{"embeddable":true,"href":"https:\/\/www.peanuts-machine.com\/pt\/wp-json\/wp\/v2\/users\/1"}],"wp:featuredmedia":[{"embeddable":true,"href":"https:\/\/www.peanuts-machine.com\/pt\/wp-json\/wp\/v2\/media\/1220"}],"wp:attachment":[{"href":"https:\/\/www.peanuts-machine.com\/pt\/wp-json\/wp\/v2\/media?parent=1201"}],"wp:term":[{"taxonomy":"post_tag","embeddable":true,"href":"https:\/\/www.peanuts-machine.com\/pt\/wp-json\/wp\/v2\/tags?post=1201"},{"taxonomy":"product-type","embeddable":true,"href":"https:\/\/www.peanuts-machine.com\/pt\/wp-json\/wp\/v2\/product-type?post=1201"}],"curies":[{"name":"wp","href":"https:\/\/api.w.org\/{rel}","templated":true}]}}