{"id":124,"date":"2022-08-10T03:19:23","date_gmt":"2022-08-10T03:19:23","guid":{"rendered":"https:\/\/www.peanuts-machine.com\/?post_type=product&#038;p=124"},"modified":"2026-01-14T15:57:42","modified_gmt":"2026-01-14T07:57:42","slug":"coated-peanut-making-machine","status":"publish","type":"product","link":"https:\/\/www.peanuts-machine.com\/pt\/product\/coated-peanut-making-machine\/","title":{"rendered":"M\u00e1quina de fazer amendoim revestido | M\u00e1quina de revestimento de amendoim"},"content":{"rendered":"<div class=\"kk-star-ratings kksr-auto kksr-align-left kksr-valign-top\"     data-payload='{&quot;align&quot;:&quot;left&quot;,&quot;id&quot;:&quot;124&quot;,&quot;slug&quot;:&quot;default&quot;,&quot;valign&quot;:&quot;top&quot;,&quot;ignore&quot;:&quot;&quot;,&quot;reference&quot;:&quot;auto&quot;,&quot;class&quot;:&quot;&quot;,&quot;count&quot;:&quot;9&quot;,&quot;legendonly&quot;:&quot;&quot;,&quot;readonly&quot;:&quot;&quot;,&quot;score&quot;:&quot;4.8&quot;,&quot;starsonly&quot;:&quot;&quot;,&quot;best&quot;:&quot;5&quot;,&quot;gap&quot;:&quot;5&quot;,&quot;greet&quot;:&quot;Rate this product&quot;,&quot;legend&quot;:&quot;4.8\\\/5 - (9 votes)&quot;,&quot;size&quot;:&quot;24&quot;,&quot;title&quot;:&quot;Coated Peanut Making Machine | Peanut Coating Machine&quot;,&quot;width&quot;:&quot;136.7&quot;,&quot;_legend&quot;:&quot;{score}\\\/{best} - ({count} {votes})&quot;,&quot;font_factor&quot;:&quot;1.25&quot;}'>              <div class=\"kksr-stars\">      <div class=\"kksr-stars-inactive\">             <div class=\"kksr-star\" data-star=\"1\" style=\"padding-right: 5px\">               <div class=\"kksr-icon\" style=\"width: 24px; height: 24px;\"><\/div>         <\/div>             <div class=\"kksr-star\" data-star=\"2\" style=\"padding-right: 5px\">               <div class=\"kksr-icon\" style=\"width: 24px; height: 24px;\"><\/div>         <\/div>             <div class=\"kksr-star\" data-star=\"3\" style=\"padding-right: 5px\">               <div class=\"kksr-icon\" style=\"width: 24px; height: 24px;\"><\/div>         <\/div>             <div class=\"kksr-star\" data-star=\"4\" style=\"padding-right: 5px\">               <div class=\"kksr-icon\" style=\"width: 24px; height: 24px;\"><\/div>         <\/div>             <div class=\"kksr-star\" data-star=\"5\" style=\"padding-right: 5px\">               <div class=\"kksr-icon\" style=\"width: 24px; height: 24px;\"><\/div>         <\/div>     <\/div>      <div class=\"kksr-stars-active\" style=\"width: 136.7px;\">             <div class=\"kksr-star\" style=\"padding-right: 5px\">               <div class=\"kksr-icon\" style=\"width: 24px; height: 24px;\"><\/div>         <\/div>             <div class=\"kksr-star\" style=\"padding-right: 5px\">               <div class=\"kksr-icon\" style=\"width: 24px; height: 24px;\"><\/div>         <\/div>             <div class=\"kksr-star\" style=\"padding-right: 5px\">               <div class=\"kksr-icon\" style=\"width: 24px; height: 24px;\"><\/div>         <\/div>             <div class=\"kksr-star\" style=\"padding-right: 5px\">               <div class=\"kksr-icon\" style=\"width: 24px; height: 24px;\"><\/div>         <\/div>             <div class=\"kksr-star\" style=\"padding-right: 5px\">               <div class=\"kksr-icon\" style=\"width: 24px; height: 24px;\"><\/div>         <\/div>     <\/div> <\/div>                   <div class=\"kksr-legend\" style=\"font-size: 19.2px;\">             4,8\/5 - (9 votos)    <\/div>     <\/div>  <p>Ideal para a ind\u00fastria alimentar, farmac\u00eautica, qu\u00edmica e outras, esta m\u00e1quina de fazer amendoins revestida em a\u00e7o inoxid\u00e1vel \u00e9 feita de uma c\u00e2mara de a\u00e7o inoxid\u00e1vel de grau alimentar + revestimento nano de Teflon, que permite um desempenho t\u00e9rmico eficiente e um design f\u00e1cil de limpar. <\/p>    <p>Ele pode n\u00e3o apenas produzir em massa nozes revestidas com cinco especiarias, chocolate, cacau, baunilha e outros sabores, mas tamb\u00e9m se adaptar a diferentes formas de necessidades de revestimento, como comprimidos e gr\u00e3os. <\/p>    <p>A m\u00e1quina suporta v\u00e1rias fun\u00e7\u00f5es personalizadas, como controle de velocidade cont\u00ednuo, pulveriza\u00e7\u00e3o de l\u00edquidos, circula\u00e7\u00e3o de ar quente e remo\u00e7\u00e3o de poeira, etc., o que realmente realiza a opera\u00e7\u00e3o integrada desde a embalagem at\u00e9 a secagem, aumentando a taxa de aprova\u00e7\u00e3o da embalagem para 99%.<\/p>    <figure class=\"wp-block-embed aligncenter is-type-video is-provider-youtube wp-block-embed-youtube wp-embed-aspect-16-9 wp-has-aspect-ratio\"><div class=\"wp-block-embed__wrapper\"> <iframe loading=\"lazy\" title=\"High-Efficiency Peanut &amp; Nut Coating Machine | Smooth and Even Coating#nutmachine #peanut\" width=\"500\" height=\"281\" src=\"https:\/\/www.youtube.com\/embed\/SLyS-0WMuGM?feature=oembed\" frameborder=\"0\" allow=\"accelerometer; autoplay; clipboard-write; encrypted-media; gyroscope; picture-in-picture; web-share\" referrerpolicy=\"strict-origin-when-cross-origin\" allowfullscreen><\/iframe> <\/div><figcaption class=\"wp-element-caption\">V\u00eddeo em funcionamento da m\u00e1quina de fabrica\u00e7\u00e3o de amendoim revestido<\/figcaption><\/figure>    <h2 class=\"wp-block-heading\">Qual \u00e9 o revestimento nos amendoins?<\/h2>    <p>Ao revestir amendoins (ou outras leguminosas e pastilhas), a receita comum de revestimento \u00e9 feita a partir de ingredientes naturais, como leite de coco, a\u00e7\u00facar, p\u00f3 de gergelim branco, farinha de arroz glutinoso e farinha, que n\u00e3o s\u00f3 forma um filme uniforme com boa ades\u00e3o, mas tamb\u00e9m possui ingredientes seguros e comest\u00edveis.<\/p>   <div class=\"wp-block-image\"> <figure class=\"aligncenter size-full\"><img loading=\"lazy\" decoding=\"async\" width=\"720\" height=\"540\" src=\"https:\/\/www.peanuts-machine.com\/wp-content\/uploads\/2022\/08\/final-products.webp\" alt=\"produtos finalizados\" class=\"wp-image-127\" title=\"\" srcset=\"https:\/\/www.peanuts-machine.com\/wp-content\/uploads\/2022\/08\/final-products.webp 720w, https:\/\/www.peanuts-machine.com\/wp-content\/uploads\/2022\/08\/final-products-300x225.webp 300w\" sizes=\"auto, (max-width: 720px) 100vw, 720px\" \/><figcaption class=\"wp-element-caption\">produtos finalizados<\/figcaption><\/figure> <\/div>   <h2 class=\"wp-block-heading\">Caracter\u00edsticas da m\u00e1quina para fazer amendoim revestido<\/h2>    <ul class=\"wp-block-list\"> <li>Corrida suave, baixo ru\u00eddo, opera\u00e7\u00e3o f\u00e1cil e alta efici\u00eancia.<\/li>    <li>Toda a m\u00e1quina \u00e9 feita de a\u00e7o inoxid\u00e1vel, que \u00e9 higi\u00eanico, bonito e dur\u00e1vel.<\/li>    <li>Pode ser equipado com dispositivo de alimenta\u00e7\u00e3o autom\u00e1tico, dispositivo de remo\u00e7\u00e3o de poeira e sistema de sopro de ar frio.<\/li>    <li>O formato da panela de revestimento pode ser personalizado de acordo com as necessidades e tamb\u00e9m pode ser transformado em um tipo totalmente fechado.<\/li>    <li>Ampla gama de aplica\u00e7\u00e3o. Adequado para revestimento de amendoins, caju, feij\u00e3o japon\u00eas, espinheiro de soja, feij\u00e3o larga e outros materiais.<\/li> <\/ul>   <div class=\"wp-block-image\"> <figure class=\"aligncenter size-full\"><img loading=\"lazy\" decoding=\"async\" width=\"720\" height=\"540\" src=\"https:\/\/www.peanuts-machine.com\/wp-content\/uploads\/2022\/08\/coated-peanut-making-machine-for-sale.webp\" alt=\"m\u00e1quina de fazer amendoim revestido para venda\" class=\"wp-image-126\" title=\"\" srcset=\"https:\/\/www.peanuts-machine.com\/wp-content\/uploads\/2022\/08\/coated-peanut-making-machine-for-sale.webp 720w, https:\/\/www.peanuts-machine.com\/wp-content\/uploads\/2022\/08\/coated-peanut-making-machine-for-sale-300x225.webp 300w\" sizes=\"auto, (max-width: 720px) 100vw, 720px\" \/><figcaption class=\"wp-element-caption\">m\u00e1quina de fazer amendoim revestido para venda<\/figcaption><\/figure> <\/div>   <h2 class=\"wp-block-heading\" id=\"h-what-is-the-peanut-coating-process\">M\u00e1quina de revestimento de amendoim Estrutura principal<\/h2>    <p>A m\u00e1quina de fazer hamb\u00farguer de amendoim consiste em v\u00e1rios componentes: uma estrutura, caixa de engrenagens, dispositivo de aquecimento, panela de revestimento de a\u00e7\u00facar, pistola de pulveriza\u00e7\u00e3o, sistema de pulveriza\u00e7\u00e3o e um console PLC.<\/p>    <ul class=\"wp-block-list\"> <li>A m\u00e1quina de fabrica\u00e7\u00e3o autom\u00e1tica de amendoim revestida \u00e9 operada por um sistema de controle que facilita a giro e o rolamento cont\u00ednuos do material. <\/li>    <li>A pistola de pulveriza\u00e7\u00e3o aplica o revestimento com base nos par\u00e2metros especificados. <\/li>    <li>Enquanto isso, o arm\u00e1rio de ar quente libera ar quente para secar o revestimento no material, resultando em um acabamento suave no produto final.<\/li> <\/ul>   <div class=\"wp-block-image\"> <figure class=\"aligncenter size-full\"><img loading=\"lazy\" decoding=\"async\" width=\"720\" height=\"944\" src=\"https:\/\/www.peanuts-machine.com\/wp-content\/uploads\/2022\/08\/nut-coating-machine-structure.webp\" alt=\"estrutura da m\u00e1quina de revestimento de nozes\" class=\"wp-image-129\" title=\"\" srcset=\"https:\/\/www.peanuts-machine.com\/wp-content\/uploads\/2022\/08\/nut-coating-machine-structure.webp 720w, https:\/\/www.peanuts-machine.com\/wp-content\/uploads\/2022\/08\/nut-coating-machine-structure-229x300.webp 229w\" sizes=\"auto, (max-width: 720px) 100vw, 720px\" \/><figcaption class=\"wp-element-caption\">estrutura da m\u00e1quina de revestimento de nozes<\/figcaption><\/figure> <\/div>   <h2 class=\"wp-block-heading\" id=\"h-features-of-coated-peanut-making-machine\">Fluxo de trabalho da m\u00e1quina de produ\u00e7\u00e3o de lanches de amendoim revestido<\/h2>   <div id=\"rank-math-howto\" class=\"rank-math-block\" > <div class=\"rank-math-howto-description\">  <\/div>  <div class=\"rank-math-steps\"> <div id=\"howto-step-1736326338787\" class=\"rank-math-step\"> <h3 class=\"rank-math-step-title\">Preparando os amendoins<\/h3> <div class=\"rank-math-step-content\"><p>Verifique se os amendoins est\u00e3o bem limpos, completamente secos e livres de objetos ou detritos estrangeiros. Dependendo do tipo de revestimento que voc\u00ea escolher e das capacidades da sua m\u00e1quina de fabrica\u00e7\u00e3o de amendoim revestida, pode ser necess\u00e1rio encher os amendoins com anteced\u00eancia.<\/p> <\/div> <\/div> <div id=\"howto-step-1736326357379\" class=\"rank-math-step\"> <h3 class=\"rank-math-step-title\">Configura\u00e7\u00f5es de revestimento de amendoim de ajuste fino<\/h3> <div class=\"rank-math-step-content\"><p>Para alcan\u00e7ar os resultados desejados do revestimento, voc\u00ea pode ajustar par\u00e2metros como temperatura, velocidade de rota\u00e7\u00e3o e volume de revestimento para atender \u00e0s suas necessidades espec\u00edficas. Acreditar essas configura\u00e7\u00f5es \u00e9 essencial para a consist\u00eancia e a produ\u00e7\u00e3o de amendoins revestidos de alta qualidade.<\/p> <\/div> <\/div> <div id=\"howto-step-1736326368771\" class=\"rank-math-step\"> <h3 class=\"rank-math-step-title\">Carregando amendoins no revestimento de amendoim<\/h3> <div class=\"rank-math-step-content\"><p>Abra o funil ou a rampa de carregamento da m\u00e1quina de fazer amendoins revestidos e despeje os amendoins preparados. Tenha cuidado para n\u00e3o sobrecarregar, pois isso pode levar a entupimentos ou a uma distribui\u00e7\u00e3o desigual do revestimento. Uma carga equilibrada garante uma mistura deliciosa de sabores e texturas.<\/p> <\/div> <\/div> <div id=\"howto-step-1736326379307\" class=\"rank-math-step\"> <h3 class=\"rank-math-step-title\">Iniciando o processo de revestimento<\/h3> <div class=\"rank-math-step-content\"><p>A dura\u00e7\u00e3o e a velocidade de rota\u00e7\u00e3o podem variar com base na espessura do revestimento que voc\u00ea deseja. Dentro do tambor rotativo, o sistema de revestimento aplicar\u00e1 o revestimento escolhido, transformando os amendoins em um lanche saboroso.<\/p> <\/div> <\/div> <\/div> <\/div>       <figure class=\"wp-block-embed aligncenter is-type-video is-provider-youtube wp-block-embed-youtube wp-embed-aspect-16-9 wp-has-aspect-ratio\"><div class=\"wp-block-embed__wrapper\"> <iframe loading=\"lazy\" title=\"M\u00e1quina de Cobertura de Amendoim para Processamento de Nozes e Snacks | Alta Efici\u00eancia e Precis\u00e3o #amendoim\" width=\"422\" height=\"750\" src=\"https:\/\/www.youtube.com\/embed\/p6jiNRUXJOs?feature=oembed\" frameborder=\"0\" allow=\"accelerometer; autoplay; clipboard-write; encrypted-media; gyroscope; picture-in-picture; web-share\" referrerpolicy=\"strict-origin-when-cross-origin\" allowfullscreen><\/iframe> <\/div><figcaption class=\"wp-element-caption\">v\u00eddeo de funcionamento da m\u00e1quina de revestimento de nozes<\/figcaption><\/figure>   <div class=\"wp-block-image\"> <figure class=\"aligncenter size-full\"><img loading=\"lazy\" decoding=\"async\" width=\"720\" height=\"540\" src=\"https:\/\/www.peanuts-machine.com\/wp-content\/uploads\/2022\/08\/peanut-snack-production-machine.webp\" alt=\"m\u00e1quina de produ\u00e7\u00e3o de lanches de amendoim\" class=\"wp-image-651\" title=\"\" srcset=\"https:\/\/www.peanuts-machine.com\/wp-content\/uploads\/2022\/08\/peanut-snack-production-machine.webp 720w, https:\/\/www.peanuts-machine.com\/wp-content\/uploads\/2022\/08\/peanut-snack-production-machine-300x225.webp 300w, https:\/\/www.peanuts-machine.com\/wp-content\/uploads\/2022\/08\/peanut-snack-production-machine-16x12.webp 16w\" sizes=\"auto, (max-width: 720px) 100vw, 720px\" \/><figcaption class=\"wp-element-caption\">m\u00e1quina de produ\u00e7\u00e3o de lanches de amendoim<\/figcaption><\/figure> <\/div>   <h2 class=\"wp-block-heading\" id=\"h-coated-peanut-making-machine-parameters\">Par\u00e2metros da m\u00e1quina de revestimento de farinha de amendoim<\/h2>    <figure class=\"wp-block-table is-style-stripes\"><table><tbody><tr><td>Modelo<\/td><td>TZ-400<\/td><td>TZ-600<\/td><td>TZ-800<\/td><td>TZ-1000<\/td><\/tr><tr><td>Capacidade<\/td><td>30kg\/hora<\/td><td>60kg\/hora<\/td><td>100kg\/hora<\/td><td>150kg\/hora<\/td><\/tr><tr><td>Poder<\/td><td>0,75 kW<\/td><td>0,75 kW<\/td><td>1,1 kW<\/td><td>1,1 kW<\/td><\/tr><tr><td>Di\u00e2metro<\/td><td>400mm<\/td><td>600 mm<\/td><td>800mm<\/td><td>1000mm<\/td><\/tr><tr><td>Tamanho<\/td><td>550*400*800mm<\/td><td>800*600*900mm<\/td><td>1000*800*1430mm<\/td><td>1100*1000*1560mm<\/td><\/tr><tr><td>Peso<\/td><td>38kg<\/td><td>85kg<\/td><td>205kg<\/td><td>220kg<\/td><\/tr><\/tbody><\/table><figcaption class=\"wp-element-caption\">Dados t\u00e9cnicos de equipamentos de revestimento de amendoim<\/figcaption><\/figure>   <div class=\"wp-block-image\"> <figure class=\"aligncenter size-full\"><img loading=\"lazy\" decoding=\"async\" width=\"720\" height=\"540\" src=\"https:\/\/www.peanuts-machine.com\/wp-content\/uploads\/2022\/08\/peanut-candy-coating-machine.webp\" alt=\"m\u00e1quina de revestimento de doces de amendoim\" class=\"wp-image-652\" title=\"\" srcset=\"https:\/\/www.peanuts-machine.com\/wp-content\/uploads\/2022\/08\/peanut-candy-coating-machine.webp 720w, https:\/\/www.peanuts-machine.com\/wp-content\/uploads\/2022\/08\/peanut-candy-coating-machine-300x225.webp 300w, https:\/\/www.peanuts-machine.com\/wp-content\/uploads\/2022\/08\/peanut-candy-coating-machine-16x12.webp 16w\" sizes=\"auto, (max-width: 720px) 100vw, 720px\" \/><figcaption class=\"wp-element-caption\">m\u00e1quina de revestimento de doces de amendoim<\/figcaption><\/figure> <\/div>   <h2 class=\"wp-block-heading\">Por que fazer amendoins revestidos?<\/h2>    <ul class=\"wp-block-list\"> <li>A cobertura de a\u00e7\u00facar, especiarias e p\u00f3 de semente de s\u00e9samo tornam os amendoins mais crocantes e deliciosos.<\/li>    <li>Ingredientes como a\u00e7\u00facar, farinha de arroz glutinoso e leite de coco na cobertura ajudam a repor energia e aumentar a saciedade.<\/li>    <li>O consumo moderado de amendoins cobertos pode ajudar a estabilizar o a\u00e7\u00facar no sangue, liberando a\u00e7\u00facar lentamente.<\/li>    <li>As prote\u00ednas de alta qualidade e as gorduras saud\u00e1veis dos amendoins, combinadas com a saciedade proporcionada pela cobertura, podem ter benef\u00edcios potenciais para a sa\u00fade cardiovascular e para o controle de peso.<\/li>    <li>Embora nutritiva, a cobertura adiciona calorias e a\u00e7\u00facar, por isso \u00e9 recomendado que sejam consumidos como um lanche e que a ingest\u00e3o seja controlada.<\/li> <\/ul>   <div class=\"wp-block-image\"> <figure class=\"aligncenter size-full\"><img loading=\"lazy\" decoding=\"async\" width=\"720\" height=\"540\" src=\"https:\/\/www.peanuts-machine.com\/wp-content\/uploads\/2022\/08\/nut-coating-machine.webp\" alt=\"m\u00e1quina de revestimento de porca\" class=\"wp-image-656\" title=\"\" srcset=\"https:\/\/www.peanuts-machine.com\/wp-content\/uploads\/2022\/08\/nut-coating-machine.webp 720w, https:\/\/www.peanuts-machine.com\/wp-content\/uploads\/2022\/08\/nut-coating-machine-300x225.webp 300w, https:\/\/www.peanuts-machine.com\/wp-content\/uploads\/2022\/08\/nut-coating-machine-16x12.webp 16w\" sizes=\"auto, (max-width: 720px) 100vw, 720px\" \/><figcaption class=\"wp-element-caption\">m\u00e1quina de revestimento de porca<\/figcaption><\/figure> <\/div>  <div class=\"wp-block-image\"> <figure class=\"aligncenter size-full\"><img loading=\"lazy\" decoding=\"async\" width=\"720\" height=\"540\" src=\"https:\/\/www.peanuts-machine.com\/wp-content\/uploads\/2022\/08\/sugar-coating-machine-in-stock.webp\" alt=\"m\u00e1quina de revestimento de a\u00e7\u00facar em estoque\" class=\"wp-image-130\" title=\"\" srcset=\"https:\/\/www.peanuts-machine.com\/wp-content\/uploads\/2022\/08\/sugar-coating-machine-in-stock.webp 720w, https:\/\/www.peanuts-machine.com\/wp-content\/uploads\/2022\/08\/sugar-coating-machine-in-stock-300x225.webp 300w\" sizes=\"auto, (max-width: 720px) 100vw, 720px\" \/><figcaption class=\"wp-element-caption\">m\u00e1quina de revestimento de a\u00e7\u00facar em estoque<\/figcaption><\/figure> <\/div>   <h2 class=\"wp-block-heading\" id=\"h-peanut-coating-machine-for-sale\">M\u00e1quinas de revestimento de nozes para venda<\/h2>    <p class=\"translation-block\">\u00c9 tamb\u00e9m a m\u00e1quina mais importante na <a href=\"https:\/\/www.peanuts-machine.com\/pt\/product\/coated-peanut-production-line\/\">linha de produ\u00e7\u00e3o de amendoins revestidos<\/a>. Oferecemos uma gama de modelos para m\u00e1quinas de fazer amendoins revestidos, o que significa que o pre\u00e7o pode variar dependendo da m\u00e1quina espec\u00edfica. Al\u00e9m disso, podemos personalizar a m\u00e1quina para atender aos requisitos \u00fanicos dos nossos clientes. Se estiver interessado nesta m\u00e1quina, n\u00e3o hesite em contactar-nos.<\/p>    <figure class=\"wp-block-embed aligncenter is-type-video is-provider-youtube wp-block-embed-youtube wp-embed-aspect-16-9 wp-has-aspect-ratio\"><div class=\"wp-block-embed__wrapper\"> <iframe loading=\"lazy\" title=\"M\u00e1quina de revestimento de amendoim | O v\u00eddeo de como fazer amendoim revestido\" width=\"500\" height=\"281\" src=\"https:\/\/www.youtube.com\/embed\/b38_jr7zqyU?feature=oembed\" frameborder=\"0\" allow=\"accelerometer; autoplay; clipboard-write; encrypted-media; gyroscope; picture-in-picture; web-share\" referrerpolicy=\"strict-origin-when-cross-origin\" allowfullscreen><\/iframe> <\/div><figcaption class=\"wp-element-caption\">V\u00eddeo de trabalho da m\u00e1quina de fazer de amendoim revestido<\/figcaption><\/figure>","protected":false},"excerpt":{"rendered":"<p>A m\u00e1quina para fabricar amendoim revestido \u00e9 adequada para processar todos os tipos de amendoim e outros produtos revestidos. \u00c9 ideal para ind\u00fastrias farmac\u00eauticas, aliment\u00edcias e qu\u00edmicas.<\/p>","protected":false},"author":1,"featured_media":128,"parent":0,"template":"","tags":[43],"product-type":[53,46],"class_list":["post-124","product","type-product","status-publish","has-post-thumbnail","hentry","tag-coated-peanut","product-type-peanut-coating-machine","product-type-products"],"_links":{"self":[{"href":"https:\/\/www.peanuts-machine.com\/pt\/wp-json\/wp\/v2\/product\/124","targetHints":{"allow":["GET"]}}],"collection":[{"href":"https:\/\/www.peanuts-machine.com\/pt\/wp-json\/wp\/v2\/product"}],"about":[{"href":"https:\/\/www.peanuts-machine.com\/pt\/wp-json\/wp\/v2\/types\/product"}],"author":[{"embeddable":true,"href":"https:\/\/www.peanuts-machine.com\/pt\/wp-json\/wp\/v2\/users\/1"}],"wp:featuredmedia":[{"embeddable":true,"href":"https:\/\/www.peanuts-machine.com\/pt\/wp-json\/wp\/v2\/media\/128"}],"wp:attachment":[{"href":"https:\/\/www.peanuts-machine.com\/pt\/wp-json\/wp\/v2\/media?parent=124"}],"wp:term":[{"taxonomy":"post_tag","embeddable":true,"href":"https:\/\/www.peanuts-machine.com\/pt\/wp-json\/wp\/v2\/tags?post=124"},{"taxonomy":"product-type","embeddable":true,"href":"https:\/\/www.peanuts-machine.com\/pt\/wp-json\/wp\/v2\/product-type?post=124"}],"curies":[{"name":"wp","href":"https:\/\/api.w.org\/{rel}","templated":true}]}}