{"id":151,"date":"2022-08-11T07:08:28","date_gmt":"2022-08-11T07:08:28","guid":{"rendered":"https:\/\/www.peanuts-machine.com\/?post_type=product&#038;p=151"},"modified":"2026-01-13T16:05:59","modified_gmt":"2026-01-13T08:05:59","slug":"peanut-peeling-machine","status":"publish","type":"product","link":"https:\/\/www.peanuts-machine.com\/pt\/product\/peanut-peeling-machine\/","title":{"rendered":"M\u00e1quina de descasque de amendoim seco | Removedor de pele de amendoim"},"content":{"rendered":"<div class=\"kk-star-ratings kksr-auto kksr-align-left kksr-valign-top\"     data-payload='{&quot;align&quot;:&quot;left&quot;,&quot;id&quot;:&quot;151&quot;,&quot;slug&quot;:&quot;default&quot;,&quot;valign&quot;:&quot;top&quot;,&quot;ignore&quot;:&quot;&quot;,&quot;reference&quot;:&quot;auto&quot;,&quot;class&quot;:&quot;&quot;,&quot;count&quot;:&quot;12&quot;,&quot;legendonly&quot;:&quot;&quot;,&quot;readonly&quot;:&quot;&quot;,&quot;score&quot;:&quot;4.5&quot;,&quot;starsonly&quot;:&quot;&quot;,&quot;best&quot;:&quot;5&quot;,&quot;gap&quot;:&quot;5&quot;,&quot;greet&quot;:&quot;Rate this product&quot;,&quot;legend&quot;:&quot;4.5\\\/5 - (12 votes)&quot;,&quot;size&quot;:&quot;24&quot;,&quot;title&quot;:&quot;Dry Peanut Peeling Machine | Groundnut Skin Remover&quot;,&quot;width&quot;:&quot;128&quot;,&quot;_legend&quot;:&quot;{score}\\\/{best} - ({count} {votes})&quot;,&quot;font_factor&quot;:&quot;1.25&quot;}'>              <div class=\"kksr-stars\">      <div class=\"kksr-stars-inactive\">             <div class=\"kksr-star\" data-star=\"1\" style=\"padding-right: 5px\">               <div class=\"kksr-icon\" style=\"width: 24px; height: 24px;\"><\/div>         <\/div>             <div class=\"kksr-star\" data-star=\"2\" style=\"padding-right: 5px\">               <div class=\"kksr-icon\" style=\"width: 24px; height: 24px;\"><\/div>         <\/div>             <div class=\"kksr-star\" data-star=\"3\" style=\"padding-right: 5px\">               <div class=\"kksr-icon\" style=\"width: 24px; height: 24px;\"><\/div>         <\/div>             <div class=\"kksr-star\" data-star=\"4\" style=\"padding-right: 5px\">               <div class=\"kksr-icon\" style=\"width: 24px; height: 24px;\"><\/div>         <\/div>             <div class=\"kksr-star\" data-star=\"5\" style=\"padding-right: 5px\">               <div class=\"kksr-icon\" style=\"width: 24px; height: 24px;\"><\/div>         <\/div>     <\/div>      <div class=\"kksr-stars-active\" style=\"width: 128px;\">             <div class=\"kksr-star\" style=\"padding-right: 5px\">               <div class=\"kksr-icon\" style=\"width: 24px; height: 24px;\"><\/div>         <\/div>             <div class=\"kksr-star\" style=\"padding-right: 5px\">               <div class=\"kksr-icon\" style=\"width: 24px; height: 24px;\"><\/div>         <\/div>             <div class=\"kksr-star\" style=\"padding-right: 5px\">               <div class=\"kksr-icon\" style=\"width: 24px; height: 24px;\"><\/div>         <\/div>             <div class=\"kksr-star\" style=\"padding-right: 5px\">               <div class=\"kksr-icon\" style=\"width: 24px; height: 24px;\"><\/div>         <\/div>             <div class=\"kksr-star\" style=\"padding-right: 5px\">               <div class=\"kksr-icon\" style=\"width: 24px; height: 24px;\"><\/div>         <\/div>     <\/div> <\/div>                   <div class=\"kksr-legend\" style=\"font-size: 19.2px;\">             4,5\/5 - (12 votos)    <\/div>     <\/div>  <p>A m\u00e1quina descascadora de amendoim foi projetada especificamente para remover a casca vermelha do amendoim. Utiliza um sistema de transmiss\u00e3o diferencial por fric\u00e7\u00e3o de rolamento, que ajuda a manter o gr\u00e3o de amendoim intacto e real\u00e7a o sabor do amendoim. Tamb\u00e9m \u00e9 adequado para processar gr\u00e3os de am\u00eandoa, soja, favas e muito mais. <\/p>    <p>Nossa f\u00e1brica oferece uma variedade de modelos de m\u00e1quina para descascar casca vermelha de amendoim, com capacidades de produ\u00e7\u00e3o que variam de 200 a 1000 kg\/h. A taxa de bombardeio pode atingir 98% ou superior, enquanto a taxa de quebra do kernel permanece abaixo de 2%.<\/p>    <figure class=\"wp-block-embed aligncenter is-type-video is-provider-youtube wp-block-embed-youtube wp-embed-aspect-16-9 wp-has-aspect-ratio\"><div class=\"wp-block-embed__wrapper\"> <iframe loading=\"lazy\" title=\"M\u00e1quina eficiente de descascar amendoim para processamento de alimentos de amendoim! #amendoim #amendoim #peeling\" width=\"500\" height=\"281\" src=\"https:\/\/www.youtube.com\/embed\/_HGeXxUyVp0?feature=oembed\" frameborder=\"0\" allow=\"accelerometer; autoplay; clipboard-write; encrypted-media; gyroscope; picture-in-picture; web-share\" referrerpolicy=\"strict-origin-when-cross-origin\" allowfullscreen><\/iframe> <\/div><figcaption class=\"wp-element-caption\">V\u00eddeo de funcionamento da m\u00e1quina removedora de pele de amendoim tipo seco<\/figcaption><\/figure>    <h2 class=\"wp-block-heading\">Por que a casca de amendoim \u00e9 t\u00e3o popular?<\/h2>    <p>Esta m\u00e1quina para descascar amendoim \u00e9 comumente utilizada na produ\u00e7\u00e3o de v\u00e1rios produtos de amendoim, incluindo amendoim frito, amendoim com v\u00e1rios sabores, leite de amendoim, prote\u00edna em p\u00f3 de amendoim, doce de amendoim, amendoim quebradi\u00e7o, bolo de amendoim, manteiga de amendoim, alimentos enlatados e muito mais. <\/p>    <p>Os gr\u00e3os de amendoim descascados est\u00e3o entre os produtos de amendoim ex\u00f3tico mais populares. Oferecemos m\u00e1quinas em designs vers\u00e1teis com uma ampla sele\u00e7\u00e3o de modelos para voc\u00ea escolher. Para as empresas locais que processam produtos de amendoim, investir em uma m\u00e1quina de descascar amendoim \u00e9 um compromisso significativo que pode gerar lucros substanciais.<\/p>   <div class=\"wp-block-image\"> <figure class=\"aligncenter size-full\"><img loading=\"lazy\" decoding=\"async\" width=\"720\" height=\"540\" src=\"https:\/\/www.peanuts-machine.com\/wp-content\/uploads\/2022\/08\/peanut-skin-remover-machine.webp\" alt=\"m\u00e1quina removedora de pele de amendoim\" class=\"wp-image-543\" title=\"\" srcset=\"https:\/\/www.peanuts-machine.com\/wp-content\/uploads\/2022\/08\/peanut-skin-remover-machine.webp 720w, https:\/\/www.peanuts-machine.com\/wp-content\/uploads\/2022\/08\/peanut-skin-remover-machine-300x225.webp 300w, https:\/\/www.peanuts-machine.com\/wp-content\/uploads\/2022\/08\/peanut-skin-remover-machine-16x12.webp 16w\" sizes=\"auto, (max-width: 720px) 100vw, 720px\" \/><figcaption class=\"wp-element-caption\">m\u00e1quina removedora de pele de amendoim<\/figcaption><\/figure> <\/div>   <h2 class=\"wp-block-heading\">Requisitos para mat\u00e9rias-primas de amendoim<\/h2>    <ul class=\"wp-block-list\"> <li>O teor de umidade dos ingredientes ap\u00f3s fritar ou assar \u00e9 de aproximadamente 4%. <\/li>    <li>\u00c9 importante controlar a temperatura; se ficar muito alta, pode impactar negativamente o processo de descascamento e potencialmente danificar a m\u00e1quina. <\/li>    <li>As mat\u00e9rias-primas que necessitam de descascamento devem estar isentas de impurezas como limalha de ferro e pedras para evitar danos ao equipamento. <\/li> <\/ul>    <p class=\"translation-block\">Normalmente, os amendoins precisam de ser processados numa torradeira de amendoins antes de poderem ser descascados. Para mais detalhes, consulte a <a href=\"https:\/\/www.peanuts-machine.com\/pt\/product\/peanut-roasting-machine\/\">M\u00e1quina de Torrar Amendoins | Torradeira de Amendoins<\/a>.<\/p>   <div class=\"wp-block-image\"> <figure class=\"aligncenter size-full\"><img loading=\"lazy\" decoding=\"async\" width=\"720\" height=\"540\" src=\"https:\/\/www.peanuts-machine.com\/wp-content\/uploads\/2022\/08\/groundnut-skin-peeler.webp\" alt=\"m\u00e1quina de descascar amendoim tipo seco\" class=\"wp-image-544\" title=\"\" srcset=\"https:\/\/www.peanuts-machine.com\/wp-content\/uploads\/2022\/08\/groundnut-skin-peeler.webp 720w, https:\/\/www.peanuts-machine.com\/wp-content\/uploads\/2022\/08\/groundnut-skin-peeler-300x225.webp 300w, https:\/\/www.peanuts-machine.com\/wp-content\/uploads\/2022\/08\/groundnut-skin-peeler-16x12.webp 16w\" sizes=\"auto, (max-width: 720px) 100vw, 720px\" \/><figcaption class=\"wp-element-caption\">m\u00e1quina de descascar amendoim tipo seco<\/figcaption><\/figure> <\/div>   <h2 class=\"wp-block-heading\">Vantagens do descascador de amendoim tipo seco<\/h2>    <ul class=\"wp-block-list\"> <li>A m\u00e1quina \u00e9 compacta, tornando-a simples de instalar e operar. <\/li>    <li>A m\u00e1quina \u00e9 feita de a\u00e7o inoxid\u00e1vel, limpa e higi\u00eanica, resistente e dur\u00e1vel.<\/li>    <li>Utiliza um m\u00e9todo seco, o que significa que n\u00e3o h\u00e1 consumo de \u00e1gua e nem polui\u00e7\u00e3o ambiental. <\/li>    <li>Os gr\u00e3os de amendoim processados \u200b\u200bapresentam baixa taxa de britagem e excelente apar\u00eancia. <\/li>    <li>O soprador coleta as pel\u00edculas vermelhas, permitindo f\u00e1cil utiliza\u00e7\u00e3o em outras aplica\u00e7\u00f5es, como farmac\u00eautica.<\/li> <\/ul>   <div class=\"wp-block-image\"> <figure class=\"aligncenter size-full\"><img loading=\"lazy\" decoding=\"async\" width=\"630\" height=\"300\" src=\"https:\/\/www.peanuts-machine.com\/wp-content\/uploads\/2022\/08\/finished-products-2.webp\" alt=\"produtos finalizados\" class=\"wp-image-154\" title=\"\" srcset=\"https:\/\/www.peanuts-machine.com\/wp-content\/uploads\/2022\/08\/finished-products-2.webp 630w, https:\/\/www.peanuts-machine.com\/wp-content\/uploads\/2022\/08\/finished-products-2-300x143.webp 300w\" sizes=\"auto, (max-width: 630px) 100vw, 630px\" \/><figcaption class=\"wp-element-caption\">produtos de amendoim descascados acabados<\/figcaption><\/figure> <\/div>   <h2 class=\"wp-block-heading\">Par\u00e2metros da m\u00e1quina de descascar amendoim<\/h2>    <figure class=\"wp-block-table is-style-stripes\"><table><tbody><tr><td>Modelo<\/td><td class=\"has-text-align-center\" data-align=\"center\">Capacidade<\/td><td class=\"has-text-align-center\" data-align=\"center\">Pot\u00eancia do motor<\/td><td class=\"has-text-align-center\" data-align=\"center\">Pot\u00eancia do ventilador<\/td><td class=\"has-text-align-center\" data-align=\"center\">Tens\u00e3o<\/td><td class=\"has-text-align-center\" data-align=\"center\">Frequ\u00eancia<\/td><td class=\"has-text-align-center\" data-align=\"center\">Taxa de descascamento<\/td><td class=\"has-text-align-center\" data-align=\"center\">Tamanho<\/td><\/tr><tr><td>TZ-1<\/td><td class=\"has-text-align-center\" data-align=\"center\">200-300 kg\/hora<\/td><td class=\"has-text-align-center\" data-align=\"center\">0,55 kW<\/td><td class=\"has-text-align-center\" data-align=\"center\">0,37 kW<\/td><td class=\"has-text-align-center\" data-align=\"center\">380V\/220V<\/td><td class=\"has-text-align-center\" data-align=\"center\">50Hz<\/td><td class=\"has-text-align-center\" data-align=\"center\">\u226598%<\/td><td class=\"has-text-align-center\" data-align=\"center\">1100*400*1100MM<\/td><\/tr><tr><td>TZ-2<\/td><td class=\"has-text-align-center\" data-align=\"center\">400-500 kg\/hora<\/td><td class=\"has-text-align-center\" data-align=\"center\">0,55 kW*2<\/td><td class=\"has-text-align-center\" data-align=\"center\">0,37 kW<\/td><td class=\"has-text-align-center\" data-align=\"center\">380V\/220V<\/td><td class=\"has-text-align-center\" data-align=\"center\">50Hz<\/td><td class=\"has-text-align-center\" data-align=\"center\">\u226598%<\/td><td class=\"has-text-align-center\" data-align=\"center\">1100*700*1100MM<\/td><\/tr><tr><td>TZ-3<\/td><td class=\"has-text-align-center\" data-align=\"center\">600-800 kg\/hora<\/td><td class=\"has-text-align-center\" data-align=\"center\">0,55 kW*3<\/td><td class=\"has-text-align-center\" data-align=\"center\">0,37 kW<\/td><td class=\"has-text-align-center\" data-align=\"center\">380V\/220V<\/td><td class=\"has-text-align-center\" data-align=\"center\">50Hz<\/td><td class=\"has-text-align-center\" data-align=\"center\">\u226598%<\/td><td class=\"has-text-align-center\" data-align=\"center\">1100*1000*1100MM<\/td><\/tr><tr><td>TZ-4<\/td><td class=\"has-text-align-center\" data-align=\"center\">800-1000 kg\/hora<\/td><td class=\"has-text-align-center\" data-align=\"center\">0,55 kW*4<\/td><td class=\"has-text-align-center\" data-align=\"center\">0,37 kW<\/td><td class=\"has-text-align-center\" data-align=\"center\">380V\/220V<\/td><td class=\"has-text-align-center\" data-align=\"center\">50Hz<\/td><td class=\"has-text-align-center\" data-align=\"center\">\u226598%<\/td><td class=\"has-text-align-center\" data-align=\"center\">1100*1400*1100MM<\/td><\/tr><\/tbody><\/table><figcaption class=\"wp-element-caption\">dados t\u00e9cnicos da m\u00e1quina de descascar amendoim seco<\/figcaption><\/figure>    <h2 class=\"wp-block-heading\">Projeto da m\u00e1quina e princ\u00edpio de funcionamento<\/h2>    <p>Esta m\u00e1quina descascadora de amendoim tipo seco inclui um funil de alimenta\u00e7\u00e3o, tr\u00eas tambores, uma peneira vibrat\u00f3ria de camada dupla, um ventilador centr\u00edfugo e uma sa\u00edda. <\/p>    <p>Possui uma estrutura de rolo onde os gr\u00e3os de amendoim secos s\u00e3o alimentados na m\u00e1quina principal a partir da tremonha. A casca externa vermelha \u00e9 removida pelo rolo de fric\u00e7\u00e3o girat\u00f3rio de alta velocidade e os gr\u00e3os de amendoim descascados s\u00e3o descarregados pela abertura de alimenta\u00e7\u00e3o frontal. Enquanto isso, as cascas de amendoim s\u00e3o sopradas pelo ventilador do lado oposto e recolhidas.<\/p>    <figure class=\"wp-block-embed aligncenter is-type-video is-provider-youtube wp-block-embed-youtube wp-embed-aspect-16-9 wp-has-aspect-ratio\"><div class=\"wp-block-embed__wrapper\"> <iframe loading=\"lazy\" title=\"M\u00e1quina descascadora de amendoim | V\u00eddeo do descascador de amendoim tipo seco\" width=\"500\" height=\"281\" src=\"https:\/\/www.youtube.com\/embed\/GTZnV8cQq40?feature=oembed\" frameborder=\"0\" allow=\"accelerometer; autoplay; clipboard-write; encrypted-media; gyroscope; picture-in-picture; web-share\" referrerpolicy=\"strict-origin-when-cross-origin\" allowfullscreen><\/iframe> <\/div><figcaption class=\"wp-element-caption\">v\u00eddeo de trabalho da m\u00e1quina de descascar amendoim tipo seco<\/figcaption><\/figure>    <h2 class=\"wp-block-heading\">M\u00e1quina removedora de casca de amendoim tipo \u00famido<\/h2>    <p class=\"translation-block\">A m\u00e1quina de descascar amendoins a h\u00famido foi concebida para amendoins n\u00e3o torrados. Ap\u00f3s esta m\u00e1quina, o descasque de amendoins tem as caracter\u00edsticas de uma elevada taxa de integridade. Pode obter mais informa\u00e7\u00f5es sobre esta m\u00e1quina lendo a <a href=\"https:\/\/www.peanuts-machine.com\/pt\/product\/wet-groundnut-peeling-machine\/\">M\u00e1quina de Descascar Amendoins a H\u00famido<\/a>.<\/p>    <h3 class=\"wp-block-heading\">Como funciona?<\/h3>    <p>Ao contr\u00e1rio da m\u00e1quina de descasque de pele vermelha de amendoim tipo seco, esta utiliza fric\u00e7\u00e3o de rolos de borracha para descascar efetivamente os amendoins. <\/p>    <ol class=\"wp-block-list\"> <li>To start, it&#8217;s important to soak the peanut beans in advance. <\/li>    <li>Em seguida, despeje os amendoins de molho no funil. \u00c0 medida que os rolos de borracha criam fric\u00e7\u00e3o, a pele vermelha ser\u00e1 separada dos gr\u00e3os de amendoim. <\/li>    <li>No final, os amendoins descascados sair\u00e3o pela porta de descarga, enquanto a pele vermelha \u00e9 expelida por uma sa\u00edda diferente.<\/li> <\/ol>   <div class=\"wp-block-image\"> <figure class=\"aligncenter size-full\"><img loading=\"lazy\" decoding=\"async\" width=\"720\" height=\"540\" src=\"https:\/\/www.peanuts-machine.com\/wp-content\/uploads\/2022\/08\/peanut-peeler.webp\" alt=\"descascador de amendoim\" class=\"wp-image-159\" title=\"\" srcset=\"https:\/\/www.peanuts-machine.com\/wp-content\/uploads\/2022\/08\/peanut-peeler.webp 720w, https:\/\/www.peanuts-machine.com\/wp-content\/uploads\/2022\/08\/peanut-peeler-300x225.webp 300w\" sizes=\"auto, (max-width: 720px) 100vw, 720px\" \/><figcaption class=\"wp-element-caption\">descascador de amendoim<\/figcaption><\/figure> <\/div>   <h3 class=\"wp-block-heading\" id=\"h-machine-parameters\">Par\u00e2metros da m\u00e1quina<\/h3>    <figure class=\"wp-block-table\"><table><tbody><tr><td>Modelo<\/td><td>ZYC-100<\/td><td>ZYC-180<\/td><\/tr><tr><td>Poder<\/td><td>0,75 kW (380 V), 1,1 kW (220 V)<\/td><td>0,75 kW (380 V), 1,1 kW (220 V)<\/td><\/tr><tr><td>Taxa de descascamento<\/td><td>92%-95%<\/td><td>92%-95%<\/td><\/tr><tr><td>Capacidade<\/td><td>100-150 kg\/hora<\/td><td>200-250 kg\/hora<\/td><\/tr><tr><td>Tamanho<\/td><td>1180*720*1100mm<\/td><td>1180*850*1100mm<\/td><\/tr><\/tbody><\/table><figcaption class=\"wp-element-caption\">m\u00e1quina de descascar gr\u00e3os de amendoim tipo \u00famido<\/figcaption><\/figure>    <h2 class=\"wp-block-heading\">Como manter a m\u00e1quina?<\/h2>    <ul class=\"wp-block-list\"> <li>Certifique-se de limpar os rolos de lixa regularmente. <\/li>    <li>Se a areia \u00fanica n\u00e3o estiver a rodar, \u00e9 hora de substituir a correia. <\/li>    <li>Limpe regularmente o impulsor do ventilador, pois pode acumular p\u00f3 de amendoim e cascas desfiadas. <\/li>    <li>Ap\u00f3s terminar o trabalho, use uma escova para limpar qualquer res\u00edduo dos rolos de lixa e para limpar o saco (ou caixa) de armazenamento que cont\u00e9m os fragmentos de pele desfiada. <\/li>    <li>Certifique-se de esvaziar os amendoins e pellets do balde do ventilador todos os dias e abra a porta deslizante na parte inferior da m\u00e1quina para soltar os pellets.<\/li> <\/ul>   <div class=\"wp-block-image\"> <figure class=\"aligncenter size-full\"><img loading=\"lazy\" decoding=\"async\" width=\"720\" height=\"540\" src=\"https:\/\/www.peanuts-machine.com\/wp-content\/uploads\/2022\/08\/peanut-peelers-for-sale.webp\" alt=\"descascadores de amendoim para venda\" class=\"wp-image-546\" title=\"\" srcset=\"https:\/\/www.peanuts-machine.com\/wp-content\/uploads\/2022\/08\/peanut-peelers-for-sale.webp 720w, https:\/\/www.peanuts-machine.com\/wp-content\/uploads\/2022\/08\/peanut-peelers-for-sale-300x225.webp 300w, https:\/\/www.peanuts-machine.com\/wp-content\/uploads\/2022\/08\/peanut-peelers-for-sale-16x12.webp 16w\" sizes=\"auto, (max-width: 720px) 100vw, 720px\" \/><figcaption class=\"wp-element-caption\">descascadores de amendoim para venda<\/figcaption><\/figure> <\/div>   <h2 class=\"wp-block-heading\">Custo da m\u00e1quina de descascar amendoim<\/h2>    <p>Como fabricante l\u00edder de m\u00e1quinas descascadoras de amendoim, oferecemos uma variedade de modelos para atender \u00e0s suas necessidades. Cada tipo de m\u00e1quina descascadora vem com sua faixa de pre\u00e7o. Al\u00e9m disso, fatores como dist\u00e2ncia, capacidade de produ\u00e7\u00e3o e taxas de impostos podem influenciar o custo geral da m\u00e1quina de processamento de amendoim. Isso significa que os pre\u00e7os podem variar significativamente. <\/p>   <div class=\"wp-block-image\"> <figure class=\"aligncenter size-full\"><img loading=\"lazy\" decoding=\"async\" width=\"720\" height=\"540\" src=\"https:\/\/www.peanuts-machine.com\/wp-content\/uploads\/2022\/08\/dry-type-peanut-machine-in-taizy-factory.webp\" alt=\"m\u00e1quina de amendoim tipo seco na f\u00e1brica de taizy\" class=\"wp-image-153\" title=\"\" srcset=\"https:\/\/www.peanuts-machine.com\/wp-content\/uploads\/2022\/08\/dry-type-peanut-machine-in-taizy-factory.webp 720w, https:\/\/www.peanuts-machine.com\/wp-content\/uploads\/2022\/08\/dry-type-peanut-machine-in-taizy-factory-300x225.webp 300w\" sizes=\"auto, (max-width: 720px) 100vw, 720px\" \/><figcaption class=\"wp-element-caption\">m\u00e1quina de amendoim tipo seco na f\u00e1brica de taizy<\/figcaption><\/figure> <\/div>  <div class=\"wp-block-image\"> <figure class=\"aligncenter size-full\"><img loading=\"lazy\" decoding=\"async\" width=\"720\" height=\"540\" src=\"https:\/\/www.peanuts-machine.com\/wp-content\/uploads\/2022\/08\/peanut-peeling-machine-working-process.webp\" alt=\"processo de trabalho do descascador de amendoim\" class=\"wp-image-156\" title=\"\" srcset=\"https:\/\/www.peanuts-machine.com\/wp-content\/uploads\/2022\/08\/peanut-peeling-machine-working-process.webp 720w, https:\/\/www.peanuts-machine.com\/wp-content\/uploads\/2022\/08\/peanut-peeling-machine-working-process-300x225.webp 300w\" sizes=\"auto, (max-width: 720px) 100vw, 720px\" \/><figcaption class=\"wp-element-caption\">processo de trabalho do descascador de amendoim<\/figcaption><\/figure> <\/div>   <p class=\"translation-block\">A m\u00e1quina \u00e9 f\u00e1cil de usar, garante um processo higi\u00e9nico e \u00e9 eficiente na poupan\u00e7a de m\u00e3o de obra e eletricidade. Al\u00e9m disso, desempenha um papel crucial na <a href=\"https:\/\/www.peanuts-machine.com\/pt\/product\/peanut-butter-production-line\/\">linha de produ\u00e7\u00e3o de manteiga de amendoim<\/a> e na <a href=\"https:\/\/www.peanuts-machine.com\/pt\/product\/coated-peanut-production-line\/\">linha de produ\u00e7\u00e3o de amendoins revestidos<\/a>.<\/p>    <p>Se estiver interessado em receber um or\u00e7amento detalhado para uma m\u00e1quina, entre em contacto connosco com os seus requisitos espec\u00edficos, e a nossa equipa de vendas fornecer-lhe-\u00e1 um or\u00e7amento claro.<\/p>","protected":false},"excerpt":{"rendered":"<p>A m\u00e1quina de descascar amendoins utiliza um sistema de transmiss\u00e3o por fric\u00e7\u00e3o diferencial para remover a pele vermelha dos amendoins. \u00c9 amplamente aplic\u00e1vel e tem uma taxa de descasque de 98%.<\/p>","protected":false},"author":1,"featured_media":155,"parent":0,"template":"","tags":[37,36,38],"product-type":[49,46],"class_list":["post-151","product","type-product","status-publish","has-post-thumbnail","hentry","tag-groundnut","tag-peanut","tag-roasted-peanut","product-type-peanut-peeling-machine","product-type-products"],"_links":{"self":[{"href":"https:\/\/www.peanuts-machine.com\/pt\/wp-json\/wp\/v2\/product\/151","targetHints":{"allow":["GET"]}}],"collection":[{"href":"https:\/\/www.peanuts-machine.com\/pt\/wp-json\/wp\/v2\/product"}],"about":[{"href":"https:\/\/www.peanuts-machine.com\/pt\/wp-json\/wp\/v2\/types\/product"}],"author":[{"embeddable":true,"href":"https:\/\/www.peanuts-machine.com\/pt\/wp-json\/wp\/v2\/users\/1"}],"wp:featuredmedia":[{"embeddable":true,"href":"https:\/\/www.peanuts-machine.com\/pt\/wp-json\/wp\/v2\/media\/155"}],"wp:attachment":[{"href":"https:\/\/www.peanuts-machine.com\/pt\/wp-json\/wp\/v2\/media?parent=151"}],"wp:term":[{"taxonomy":"post_tag","embeddable":true,"href":"https:\/\/www.peanuts-machine.com\/pt\/wp-json\/wp\/v2\/tags?post=151"},{"taxonomy":"product-type","embeddable":true,"href":"https:\/\/www.peanuts-machine.com\/pt\/wp-json\/wp\/v2\/product-type?post=151"}],"curies":[{"name":"wp","href":"https:\/\/api.w.org\/{rel}","templated":true}]}}