{"id":221,"date":"2022-10-11T14:19:15","date_gmt":"2022-10-11T06:19:15","guid":{"rendered":"https:\/\/www.peanuts-machine.com\/?post_type=product&#038;p=221"},"modified":"2026-01-16T11:38:57","modified_gmt":"2026-01-16T03:38:57","slug":"peanut-harvester","status":"publish","type":"product","link":"https:\/\/www.peanuts-machine.com\/pt\/product\/peanut-harvester\/","title":{"rendered":"Colheitadeira de amendoim | M\u00e1quina de colheita de amendoim"},"content":{"rendered":"<div class=\"kk-star-ratings kksr-auto kksr-align-left kksr-valign-top\"     data-payload='{&quot;align&quot;:&quot;left&quot;,&quot;id&quot;:&quot;221&quot;,&quot;slug&quot;:&quot;default&quot;,&quot;valign&quot;:&quot;top&quot;,&quot;ignore&quot;:&quot;&quot;,&quot;reference&quot;:&quot;auto&quot;,&quot;class&quot;:&quot;&quot;,&quot;count&quot;:&quot;18&quot;,&quot;legendonly&quot;:&quot;&quot;,&quot;readonly&quot;:&quot;&quot;,&quot;score&quot;:&quot;4.7&quot;,&quot;starsonly&quot;:&quot;&quot;,&quot;best&quot;:&quot;5&quot;,&quot;gap&quot;:&quot;5&quot;,&quot;greet&quot;:&quot;Rate this product&quot;,&quot;legend&quot;:&quot;4.7\\\/5 - (18 votes)&quot;,&quot;size&quot;:&quot;24&quot;,&quot;title&quot;:&quot;Peanut Harvester | Groundnut Harvesting Machine&quot;,&quot;width&quot;:&quot;133.8&quot;,&quot;_legend&quot;:&quot;{score}\\\/{best} - ({count} {votes})&quot;,&quot;font_factor&quot;:&quot;1.25&quot;}'>              <div class=\"kksr-stars\">      <div class=\"kksr-stars-inactive\">             <div class=\"kksr-star\" data-star=\"1\" style=\"padding-right: 5px\">               <div class=\"kksr-icon\" style=\"width: 24px; height: 24px;\"><\/div>         <\/div>             <div class=\"kksr-star\" data-star=\"2\" style=\"padding-right: 5px\">               <div class=\"kksr-icon\" style=\"width: 24px; height: 24px;\"><\/div>         <\/div>             <div class=\"kksr-star\" data-star=\"3\" style=\"padding-right: 5px\">               <div class=\"kksr-icon\" style=\"width: 24px; height: 24px;\"><\/div>         <\/div>             <div class=\"kksr-star\" data-star=\"4\" style=\"padding-right: 5px\">               <div class=\"kksr-icon\" style=\"width: 24px; height: 24px;\"><\/div>         <\/div>             <div class=\"kksr-star\" data-star=\"5\" style=\"padding-right: 5px\">               <div class=\"kksr-icon\" style=\"width: 24px; height: 24px;\"><\/div>         <\/div>     <\/div>      <div class=\"kksr-stars-active\" style=\"width: 133.8px;\">             <div class=\"kksr-star\" style=\"padding-right: 5px\">               <div class=\"kksr-icon\" style=\"width: 24px; height: 24px;\"><\/div>         <\/div>             <div class=\"kksr-star\" style=\"padding-right: 5px\">               <div class=\"kksr-icon\" style=\"width: 24px; height: 24px;\"><\/div>         <\/div>             <div class=\"kksr-star\" style=\"padding-right: 5px\">               <div class=\"kksr-icon\" style=\"width: 24px; height: 24px;\"><\/div>         <\/div>             <div class=\"kksr-star\" style=\"padding-right: 5px\">               <div class=\"kksr-icon\" style=\"width: 24px; height: 24px;\"><\/div>         <\/div>             <div class=\"kksr-star\" style=\"padding-right: 5px\">               <div class=\"kksr-icon\" style=\"width: 24px; height: 24px;\"><\/div>         <\/div>     <\/div> <\/div>                   <div class=\"kksr-legend\" style=\"font-size: 19.2px;\">             4,7\/5 - (18 votos)    <\/div>     <\/div>  <p>O equipamento colhedor de amendoim \u00e9 compat\u00edvel com tratores de 20 a 35 HP ou de passeio e pode gerenciar com efici\u00eancia campos de amendoim que variam de 1.300 a 2.000 metros quadrados por hora, permitindo escava\u00e7\u00e3o e separa\u00e7\u00e3o eficazes dos frutos do solo. <\/p>    <p>O espa\u00e7amento entre linhas da escavadora de amendoim pode ser ajustado de 180 a 250 mm. Possui uma taxa de colheita de at\u00e9 98%, com uma taxa de queda de frutos mo\u00eddos inferior a 4%, uma taxa de perda inferior a 3% e uma taxa de esmagamento inferior a 1%, garantindo alta qualidade e rendimento m\u00e1ximo de amendoim. <\/p>    <figure class=\"wp-block-embed aligncenter is-type-video is-provider-youtube wp-block-embed-youtube wp-embed-aspect-16-9 wp-has-aspect-ratio\"><div class=\"wp-block-embed__wrapper\"> <iframe loading=\"lazy\" title=\"Colheita de amendoim! \ud83e\udd5c\ud83d\ude9c M\u00e1quina de colheita de amendoim supereficiente \u00e9 demais! #amendoim #amendoim #harvester\" width=\"500\" height=\"281\" src=\"https:\/\/www.youtube.com\/embed\/hpstiXZua74?feature=oembed\" frameborder=\"0\" allow=\"accelerometer; autoplay; clipboard-write; encrypted-media; gyroscope; picture-in-picture; web-share\" referrerpolicy=\"strict-origin-when-cross-origin\" allowfullscreen><\/iframe> <\/div><figcaption class=\"wp-element-caption\">v\u00eddeo de funcionamento da m\u00e1quina de colheita de amendoim movida a trator<\/figcaption><\/figure>    <p>A m\u00e1quina apresenta estrutura simples, alta efici\u00eancia, baixo custo e alta velocidade de opera\u00e7\u00e3o, ao mesmo tempo que evita o entupimento com grama. O processo de escavar os frutos e sacudir o solo \u00e9 conclu\u00eddo de uma s\u00f3 vez, deixando os amendoins bem espalhados no campo ap\u00f3s a colheita. <\/p>   <div class=\"wp-block-image\"> <figure class=\"aligncenter size-full\"><img loading=\"lazy\" decoding=\"async\" width=\"720\" height=\"540\" src=\"https:\/\/www.peanuts-machine.com\/wp-content\/uploads\/2022\/10\/peanut-picking.webp\" alt=\"colheita de amendoim\" class=\"wp-image-229\" title=\"\" srcset=\"https:\/\/www.peanuts-machine.com\/wp-content\/uploads\/2022\/10\/peanut-picking.webp 720w, https:\/\/www.peanuts-machine.com\/wp-content\/uploads\/2022\/10\/peanut-picking-300x225.webp 300w\" sizes=\"auto, (max-width: 720px) 100vw, 720px\" \/><figcaption class=\"wp-element-caption\">colheita de amendoim<\/figcaption><\/figure> <\/div>   <p>Al\u00e9m disso, nosso equipamento de colheita de amendoim tipo trator recebeu duas patentes de modelo de utilidade e patentes de design aprovadas pelo Departamento Estadual de Patentes.<\/p>    <h2 class=\"wp-block-heading\">Destaques da colheitadeira de amendoim<\/h2>    <ol class=\"wp-block-list\"> <li>O \u00fanico <strong>dispositivo de rolo<\/strong> pode evitar que as plantas de amendoim afundem no solo.<\/li>    <li>O <strong>tela vibrat\u00f3ria<\/strong> permite que os amendoins deslizem e sejam coletados de forma eficiente. Al\u00e9m disso, ajuda a separar o solo que pode ter sido misturado.<\/li>    <li>O <strong>eixo de transmiss\u00e3o universal<\/strong> conectado ao trator e \u00e0 suspens\u00e3o pode acionar o dente de serra ajustando a dire\u00e7\u00e3o.<\/li>    <li><strong>L\u00e2minas remov\u00edveis<\/strong> minimizar a resist\u00eancia \u00e0 colheita.<\/li>    <li>O <strong>rolo de press\u00e3o frontal<\/strong> solta o solo para a colheita.<\/li>    <li>O <strong>design chanfrado<\/strong> pode garantir que os amendoins colhidos estejam bem organizados de um lado.<\/li>    <li>Projetado exclusivamente <strong>sistema de limpeza combinado<\/strong>, menos impurezas na colheita do amendoim.<\/li> <\/ol>   <div class=\"wp-block-image\"> <figure class=\"aligncenter size-full\"><img loading=\"lazy\" decoding=\"async\" width=\"720\" height=\"540\" src=\"https:\/\/www.peanuts-machine.com\/wp-content\/uploads\/2022\/10\/groundnut-harvesting-equipment.webp\" alt=\"equipamento de colheita de amendoim\" class=\"wp-image-512\" title=\"\" srcset=\"https:\/\/www.peanuts-machine.com\/wp-content\/uploads\/2022\/10\/groundnut-harvesting-equipment.webp 720w, https:\/\/www.peanuts-machine.com\/wp-content\/uploads\/2022\/10\/groundnut-harvesting-equipment-300x225.webp 300w, https:\/\/www.peanuts-machine.com\/wp-content\/uploads\/2022\/10\/groundnut-harvesting-equipment-16x12.webp 16w\" sizes=\"auto, (max-width: 720px) 100vw, 720px\" \/><figcaption class=\"wp-element-caption\">equipamento de colheita de amendoim<\/figcaption><\/figure> <\/div>  <div class=\"wp-block-image\"> <figure class=\"aligncenter size-full\"><img loading=\"lazy\" decoding=\"async\" width=\"720\" height=\"540\" src=\"https:\/\/www.peanuts-machine.com\/wp-content\/uploads\/2022\/10\/peanut-digger-machine-for-sale.webp\" alt=\"M\u00e1quina escavadora de amendoim para venda\" class=\"wp-image-514\" title=\"\" srcset=\"https:\/\/www.peanuts-machine.com\/wp-content\/uploads\/2022\/10\/peanut-digger-machine-for-sale.webp 720w, https:\/\/www.peanuts-machine.com\/wp-content\/uploads\/2022\/10\/peanut-digger-machine-for-sale-300x225.webp 300w, https:\/\/www.peanuts-machine.com\/wp-content\/uploads\/2022\/10\/peanut-digger-machine-for-sale-16x12.webp 16w\" sizes=\"auto, (max-width: 720px) 100vw, 720px\" \/><figcaption class=\"wp-element-caption\">M\u00e1quina escavadora de amendoim para venda<\/figcaption><\/figure> <\/div>   <h2 class=\"wp-block-heading\">Par\u00e2metros t\u00e9cnicos da m\u00e1quina colhedora de amendoim<\/h2>    <figure class=\"wp-block-table\"><table><tbody><tr><td>Modelo<\/td><td>HS-800<\/td><\/tr><tr><td>Capacidade<\/td><td>1300-2000 metros quadrados\/h<\/td><\/tr><tr><td>Taxa de embalagem<\/td><td>\u226598%<\/td><\/tr><tr><td>Taxa de quebra<\/td><td>\u22641%<\/td><\/tr><tr><td>Taxa de limpeza<\/td><td>\u226595%<\/td><\/tr><tr><td>Profundidade de escava\u00e7\u00e3o<\/td><td>\u2265100 mm<\/td><\/tr><tr><td>Poder correspondente<\/td><td>30 CV<\/td><\/tr><tr><td>Largura da colheitadeira<\/td><td>duas linhas<\/td><\/tr><tr><td>Dist\u00e2ncia entre linhas<\/td><td>750-850mm<\/td><\/tr><tr><td>Espa\u00e7amento entre linhas<\/td><td>180-250mm<\/td><\/tr><tr><td>Peso<\/td><td>280kg<\/td><\/tr><tr><td>Dimens\u00e3o<\/td><td>2100x1050x1030mm<\/td><\/tr><\/tbody><\/table><figcaption class=\"wp-element-caption\">colheitadeira de amendoim hs-800<\/figcaption><\/figure>    <p>A tabela mostra que a colhedora de amendoim HS-800 pode cavar mais fundo do que 100 mm, tornando-a eficaz na extra\u00e7\u00e3o de amendoim do solo. Em contraste com a colheita manual, esta m\u00e1quina n\u00e3o s\u00f3 minimiza os danos, mas tamb\u00e9m aumenta enormemente a efici\u00eancia.<\/p>   <div class=\"wp-block-image\"> <figure class=\"aligncenter size-full\"><img loading=\"lazy\" decoding=\"async\" width=\"720\" height=\"540\" src=\"https:\/\/www.peanuts-machine.com\/wp-content\/uploads\/2022\/10\/groundnut-harvesting-machine.webp\" alt=\"m\u00e1quina de colheita de amendoim\" class=\"wp-image-223\" title=\"\" srcset=\"https:\/\/www.peanuts-machine.com\/wp-content\/uploads\/2022\/10\/groundnut-harvesting-machine.webp 720w, https:\/\/www.peanuts-machine.com\/wp-content\/uploads\/2022\/10\/groundnut-harvesting-machine-300x225.webp 300w\" sizes=\"auto, (max-width: 720px) 100vw, 720px\" \/><figcaption class=\"wp-element-caption\">m\u00e1quina de colheita de amendoim<\/figcaption><\/figure> <\/div>  <div class=\"wp-block-image\"> <figure class=\"aligncenter size-full\"><img loading=\"lazy\" decoding=\"async\" width=\"720\" height=\"540\" src=\"https:\/\/www.peanuts-machine.com\/wp-content\/uploads\/2022\/10\/peanut-picker-details.webp\" alt=\"detalhes da m\u00e1quina de colheita de amendoim\" class=\"wp-image-227\" title=\"\" srcset=\"https:\/\/www.peanuts-machine.com\/wp-content\/uploads\/2022\/10\/peanut-picker-details.webp 720w, https:\/\/www.peanuts-machine.com\/wp-content\/uploads\/2022\/10\/peanut-picker-details-300x225.webp 300w\" sizes=\"auto, (max-width: 720px) 100vw, 720px\" \/><figcaption class=\"wp-element-caption\">detalhes da m\u00e1quina de colheita de amendoim<\/figcaption><\/figure> <\/div>   <h2 class=\"wp-block-heading\">Como funciona uma colheitadeira de amendoim?<\/h2>    <p>A colhedora de amendoim est\u00e1 equipada com quatro pequenas rodas para suporte. Durante a opera\u00e7\u00e3o, a l\u00e2mina de escava\u00e7\u00e3o da m\u00e1quina penetra no solo a uma profundidade superior a 100mm para extrair os amendoins. Em seguida, ela avan\u00e7a, puxada pelo trator. <\/p>    <p>Depois disso, a colheitadeira de amendoim utiliza uma peneira vibrat\u00f3ria para sacudir a terra dos amendoins, limpando-os de forma eficaz. Esse processo separa os frutos do amendoim da sujeira. Finalmente, a m\u00e1quina organiza os amendoins de maneira organizada usando chanfros especializados.<\/p>    <figure class=\"wp-block-embed aligncenter is-type-video is-provider-youtube wp-block-embed-youtube wp-embed-aspect-16-9 wp-has-aspect-ratio\"><div class=\"wp-block-embed__wrapper\"> <iframe loading=\"lazy\" title=\"Colheitadeira de amendoim | Colheitadeira de amendoim de alta qualidade | M\u00e1quina de colheita de amendoim\" width=\"500\" height=\"281\" src=\"https:\/\/www.youtube.com\/embed\/1m7-JW61bAI?feature=oembed\" frameborder=\"0\" allow=\"accelerometer; autoplay; clipboard-write; encrypted-media; gyroscope; picture-in-picture; web-share\" referrerpolicy=\"strict-origin-when-cross-origin\" allowfullscreen><\/iframe> <\/div><figcaption class=\"wp-element-caption\">o v\u00eddeo da colhedora de amendoim trabalhando no campo<\/figcaption><\/figure>    <p>Al\u00e9m disso, a colheitadeira de amendoim HS-800 \u00e9 acionada por um trator, que \u00e9 melhor do que uma m\u00e1quina autopropelida. E tem caracter\u00edsticas de descarga r\u00e1pida.<\/p>   <div class=\"wp-block-image\"> <figure class=\"aligncenter size-full\"><img loading=\"lazy\" decoding=\"async\" width=\"720\" height=\"540\" src=\"https:\/\/www.peanuts-machine.com\/wp-content\/uploads\/2022\/10\/peanut-harvester.webp\" alt=\"colheitadeira de amendoim\" class=\"wp-image-225\" title=\"\" srcset=\"https:\/\/www.peanuts-machine.com\/wp-content\/uploads\/2022\/10\/peanut-harvester.webp 720w, https:\/\/www.peanuts-machine.com\/wp-content\/uploads\/2022\/10\/peanut-harvester-300x225.webp 300w\" sizes=\"auto, (max-width: 720px) 100vw, 720px\" \/><figcaption class=\"wp-element-caption\">colheitadeira de amendoim<\/figcaption><\/figure> <\/div>   <h2 class=\"wp-block-heading\">Estrutura da colheitadeira de amendoim<\/h2>    <p>O equipamento de colheita de amendoim consiste principalmente em uma estrutura, l\u00e2mina de escava\u00e7\u00e3o, corrente de rolamento, pe\u00e7a de transmiss\u00e3o, pe\u00e7a de colheita, dispositivo de vibra\u00e7\u00e3o, roda mo\u00edda, sa\u00edda inclinada e assim por diante. <\/p>    <p>Como esta colhedora de amendoim \u00e9 do tipo tra\u00e7\u00e3o, os clientes que compram colhedoras de amendoim optam por adquirir um trator como equipamento de tra\u00e7\u00e3o.<\/p>   <div class=\"wp-block-image\"> <figure class=\"aligncenter size-full\"><img loading=\"lazy\" decoding=\"async\" width=\"720\" height=\"540\" src=\"https:\/\/www.peanuts-machine.com\/wp-content\/uploads\/2022\/10\/structure-of-peanut-digger-machine.webp\" alt=\"estrutura da m\u00e1quina escavadora de amendoim\" class=\"wp-image-497\" title=\"\" srcset=\"https:\/\/www.peanuts-machine.com\/wp-content\/uploads\/2022\/10\/structure-of-peanut-digger-machine.webp 720w, https:\/\/www.peanuts-machine.com\/wp-content\/uploads\/2022\/10\/structure-of-peanut-digger-machine-300x225.webp 300w, https:\/\/www.peanuts-machine.com\/wp-content\/uploads\/2022\/10\/structure-of-peanut-digger-machine-16x12.webp 16w\" sizes=\"auto, (max-width: 720px) 100vw, 720px\" \/><figcaption class=\"wp-element-caption\">estrutura da m\u00e1quina escavadora de amendoim<\/figcaption><\/figure> <\/div>   <h2 class=\"wp-block-heading\">O custo das m\u00e1quinas de colheita de amendoim<\/h2>    <p>Ao considerar o custo de uma m\u00e1quina de colheita de amendoim, \u00e9 essencial avaliar as suas necessidades espec\u00edficas e o seu or\u00e7amento.<\/p>    <ul class=\"wp-block-list\"> <li>Os pre\u00e7os dessas m\u00e1quinas podem ser amplamente baseados em sua capacidade, recursos e reputa\u00e7\u00e3o da marca. Em m\u00e9dia, uma colheitadeira b\u00e1sica de amendoim pode custar entre $3.000 e $5.000.<\/li>    <li>No entanto, modelos mais avan\u00e7ados equipados com recursos como maior efici\u00eancia, melhor durabilidade e automa\u00e7\u00e3o avan\u00e7ada podem variar de $10.000 a $20.000 ou mais. <\/li> <\/ul>    <p>Quer saber o pre\u00e7o mais recente da m\u00e1quina de colheita de amendoim? Bem-vindo, entre em contato conosco para um or\u00e7amento, e recomendaremos a m\u00e1quina mais adequada para voc\u00ea de acordo com suas necessidades.<\/p>   <div class=\"wp-block-image\"> <figure class=\"aligncenter size-full\"><img loading=\"lazy\" decoding=\"async\" width=\"720\" height=\"540\" src=\"https:\/\/www.peanuts-machine.com\/wp-content\/uploads\/2022\/10\/peanut-harvesting-equipment-1.webp\" alt=\"equipamento de colheita de amendoim\" class=\"wp-image-498\" title=\"\" srcset=\"https:\/\/www.peanuts-machine.com\/wp-content\/uploads\/2022\/10\/peanut-harvesting-equipment-1.webp 720w, https:\/\/www.peanuts-machine.com\/wp-content\/uploads\/2022\/10\/peanut-harvesting-equipment-1-300x225.webp 300w, https:\/\/www.peanuts-machine.com\/wp-content\/uploads\/2022\/10\/peanut-harvesting-equipment-1-16x12.webp 16w\" sizes=\"auto, (max-width: 720px) 100vw, 720px\" \/><figcaption class=\"wp-element-caption\">equipamento de colheita de amendoim<\/figcaption><\/figure> <\/div>   <h2 class=\"wp-block-heading\">Clientes americanos compraram duas m\u00e1quinas escavadoras de amendoim<\/h2>    <p>Em mar\u00e7o de 2022, Michael, um cliente americano, comprou de nossa empresa duas escavadeiras de amendoim de modelos diferentes. Os modelos s\u00e3o HS-800 e 5HZ-600 respectivamente. <\/p>    <p>Durante o processo de comunica\u00e7\u00e3o, o cliente ficou muito preocupado com o \u00edndice de quebra do amendoim. O cliente ficou muito satisfeito com a nossa m\u00e1quina atrav\u00e9s dos detalhes do v\u00eddeo e da imagem que enviamos.<\/p>    <p>Depois de duas semanas, o cliente nos pagou o dep\u00f3sito da m\u00e1quina e ent\u00e3o combinamos a entrega.<\/p>   <div class=\"wp-block-image\"> <figure class=\"aligncenter size-full\"><img loading=\"lazy\" decoding=\"async\" width=\"720\" height=\"540\" src=\"https:\/\/www.peanuts-machine.com\/wp-content\/uploads\/2022\/10\/customized-groundnut-picker.webp\" alt=\"selecionador de amendoim personalizado\" class=\"wp-image-222\" title=\"\" srcset=\"https:\/\/www.peanuts-machine.com\/wp-content\/uploads\/2022\/10\/customized-groundnut-picker.webp 720w, https:\/\/www.peanuts-machine.com\/wp-content\/uploads\/2022\/10\/customized-groundnut-picker-300x225.webp 300w\" sizes=\"auto, (max-width: 720px) 100vw, 720px\" \/><figcaption class=\"wp-element-caption\">selecionador de amendoim personalizado<\/figcaption><\/figure> <\/div>   <h2 class=\"wp-block-heading\">Consulte-nos para saber o pre\u00e7o da colheitadeira de amendoim!<\/h2>    <p>A Taizy Machinery \u00e9 um fabricante profissional de m\u00e1quinas para amendoim. Agora, nossas m\u00e1quinas de colheita de amendoim foram exportadas para muitos pa\u00edses como Austr\u00e1lia, \u00cdndia, EUA, \u00c1frica do Sul, Nova Zel\u00e2ndia e assim por diante.<\/p>    <p class=\"translation-block\">Al\u00e9m disso, a <a href=\"https:\/\/www.peanuts-machine.com\/pt\/product\/groundnut-sheller\/\">descascador de amendoim<\/a> e o <a href=\"https:\/\/www.peanuts-machine.com\/pt\/product\/groundnut-oil-extractor\/\">prensa de \u00f3leo de amendoim<\/a> tamb\u00e9m s\u00e3o as nossas m\u00e1quinas mais vendidas. Se precisar de m\u00e1quinas de amendoim, n\u00e3o hesite em contactar-nos para obter a cota\u00e7\u00e3o mais recente.<\/p>    <h2 class=\"wp-block-heading\">Perguntas frequentes<\/h2>   <div id=\"rank-math-faq\" class=\"rank-math-block\"> <div class=\"rank-math-list\"> <div id=\"faq-question-1733734286012\" class=\"rank-math-list-item\"> <h3 class=\"rank-math-question\">Qual a capacidade m\u00e1xima da sua colheitadeira de amendoim?<\/h3> <div class=\"rank-math-answer\">  <p>Uma capacidade m\u00e1xima de 2 acres por hora.<\/p>  <\/div> <\/div> <div id=\"faq-question-1733734343886\" class=\"rank-math-list-item\"> <h3 class=\"rank-math-question\">Quanto tempo dura o per\u00edodo de garantia da sua m\u00e1quina?<\/h3> <div class=\"rank-math-answer\">  <p>Oferecemos garantia de 1 ano para nossa m\u00e1quina de colheita de amendoim, garantindo que os clientes tenham tranquilidade ao comprar.<\/p>  <\/div> <\/div> <div id=\"faq-question-1733734360200\" class=\"rank-math-list-item\"> <h3 class=\"rank-math-question\">Voc\u00ea fornece treinamento e suporte t\u00e9cnico para operar a m\u00e1quina?<\/h3> <div class=\"rank-math-answer\">  <p>Sim, oferecemos treinamento e suporte t\u00e9cnico para garantir que os clientes possam usar nossa m\u00e1quina de forma eficaz e maximizar seu desempenho.<\/p>  <\/div> <\/div> <div id=\"faq-question-1733734404007\" class=\"rank-math-list-item\"> <h3 class=\"rank-math-question\">A m\u00e1quina pode ser personalizada para atender \u00e0s nossas necessidades espec\u00edficas?<\/h3> <div class=\"rank-math-answer\">  <p>Sim, oferecemos op\u00e7\u00f5es de personaliza\u00e7\u00e3o de nossa colheitadeira de amendoim para atender \u00e0s necessidades espec\u00edficas de nossos clientes, garantindo \u00f3timos resultados em suas opera\u00e7\u00f5es de colheita.<\/p>  <\/div> <\/div> <div id=\"faq-question-1733734430422\" class=\"rank-math-list-item\"> <h3 class=\"rank-math-question\">Como podemos encomendar a sua m\u00e1quina e qual o prazo de entrega?<\/h3> <div class=\"rank-math-answer\">  <p>Os clientes podem solicitar nossa m\u00e1quina de colheita de amendoim atrav\u00e9s do nosso site ou entrando em contato diretamente com nossa equipe de vendas. Os prazos de entrega podem variar de acordo com a quantidade e necessidades de personaliza\u00e7\u00e3o, mas nosso objetivo \u00e9 garantir a entrega pontual de nossos produtos.<\/p>  <\/div> <\/div> <\/div> <\/div>","protected":false},"excerpt":{"rendered":"<p>O equipamento colhedor de amendoim pode gerenciar campos de amendoim que variam de 1.300 a 2.000 metros quadrados por hora, permitindo escava\u00e7\u00e3o e separa\u00e7\u00e3o eficazes dos frutos do solo. <\/p>","protected":false},"author":1,"featured_media":226,"parent":0,"template":"","tags":[37,36],"product-type":[47,46],"class_list":["post-221","product","type-product","status-publish","has-post-thumbnail","hentry","tag-groundnut","tag-peanut","product-type-peanut-harvesting-machine","product-type-products"],"_links":{"self":[{"href":"https:\/\/www.peanuts-machine.com\/pt\/wp-json\/wp\/v2\/product\/221","targetHints":{"allow":["GET"]}}],"collection":[{"href":"https:\/\/www.peanuts-machine.com\/pt\/wp-json\/wp\/v2\/product"}],"about":[{"href":"https:\/\/www.peanuts-machine.com\/pt\/wp-json\/wp\/v2\/types\/product"}],"author":[{"embeddable":true,"href":"https:\/\/www.peanuts-machine.com\/pt\/wp-json\/wp\/v2\/users\/1"}],"wp:featuredmedia":[{"embeddable":true,"href":"https:\/\/www.peanuts-machine.com\/pt\/wp-json\/wp\/v2\/media\/226"}],"wp:attachment":[{"href":"https:\/\/www.peanuts-machine.com\/pt\/wp-json\/wp\/v2\/media?parent=221"}],"wp:term":[{"taxonomy":"post_tag","embeddable":true,"href":"https:\/\/www.peanuts-machine.com\/pt\/wp-json\/wp\/v2\/tags?post=221"},{"taxonomy":"product-type","embeddable":true,"href":"https:\/\/www.peanuts-machine.com\/pt\/wp-json\/wp\/v2\/product-type?post=221"}],"curies":[{"name":"wp","href":"https:\/\/api.w.org\/{rel}","templated":true}]}}