{"id":242,"date":"2022-11-29T17:10:47","date_gmt":"2022-11-29T09:10:47","guid":{"rendered":"https:\/\/www.peanuts-machine.com\/?post_type=product&#038;p=242"},"modified":"2026-01-14T16:56:26","modified_gmt":"2026-01-14T08:56:26","slug":"peanut-crushing-machine","status":"publish","type":"product","link":"https:\/\/www.peanuts-machine.com\/pt\/product\/peanut-crushing-machine\/","title":{"rendered":"M\u00e1quina de Esmagar Amendoim | M\u00e1quina de Esmagar Nozes"},"content":{"rendered":"<div class=\"kk-star-ratings kksr-auto kksr-align-left kksr-valign-top\"     data-payload='{&quot;align&quot;:&quot;left&quot;,&quot;id&quot;:&quot;242&quot;,&quot;slug&quot;:&quot;default&quot;,&quot;valign&quot;:&quot;top&quot;,&quot;ignore&quot;:&quot;&quot;,&quot;reference&quot;:&quot;auto&quot;,&quot;class&quot;:&quot;&quot;,&quot;count&quot;:&quot;30&quot;,&quot;legendonly&quot;:&quot;&quot;,&quot;readonly&quot;:&quot;&quot;,&quot;score&quot;:&quot;4.8&quot;,&quot;starsonly&quot;:&quot;&quot;,&quot;best&quot;:&quot;5&quot;,&quot;gap&quot;:&quot;5&quot;,&quot;greet&quot;:&quot;Rate this product&quot;,&quot;legend&quot;:&quot;4.8\\\/5 - (30 votes)&quot;,&quot;size&quot;:&quot;24&quot;,&quot;title&quot;:&quot;Peanut Crushing Machine | Nut Crusher Machine&quot;,&quot;width&quot;:&quot;136.7&quot;,&quot;_legend&quot;:&quot;{score}\\\/{best} - ({count} {votes})&quot;,&quot;font_factor&quot;:&quot;1.25&quot;}'>              <div class=\"kksr-stars\">      <div class=\"kksr-stars-inactive\">             <div class=\"kksr-star\" data-star=\"1\" style=\"padding-right: 5px\">               <div class=\"kksr-icon\" style=\"width: 24px; height: 24px;\"><\/div>         <\/div>             <div class=\"kksr-star\" data-star=\"2\" style=\"padding-right: 5px\">               <div class=\"kksr-icon\" style=\"width: 24px; height: 24px;\"><\/div>         <\/div>             <div class=\"kksr-star\" data-star=\"3\" style=\"padding-right: 5px\">               <div class=\"kksr-icon\" style=\"width: 24px; height: 24px;\"><\/div>         <\/div>             <div class=\"kksr-star\" data-star=\"4\" style=\"padding-right: 5px\">               <div class=\"kksr-icon\" style=\"width: 24px; height: 24px;\"><\/div>         <\/div>             <div class=\"kksr-star\" data-star=\"5\" style=\"padding-right: 5px\">               <div class=\"kksr-icon\" style=\"width: 24px; height: 24px;\"><\/div>         <\/div>     <\/div>      <div class=\"kksr-stars-active\" style=\"width: 136.7px;\">             <div class=\"kksr-star\" style=\"padding-right: 5px\">               <div class=\"kksr-icon\" style=\"width: 24px; height: 24px;\"><\/div>         <\/div>             <div class=\"kksr-star\" style=\"padding-right: 5px\">               <div class=\"kksr-icon\" style=\"width: 24px; height: 24px;\"><\/div>         <\/div>             <div class=\"kksr-star\" style=\"padding-right: 5px\">               <div class=\"kksr-icon\" style=\"width: 24px; height: 24px;\"><\/div>         <\/div>             <div class=\"kksr-star\" style=\"padding-right: 5px\">               <div class=\"kksr-icon\" style=\"width: 24px; height: 24px;\"><\/div>         <\/div>             <div class=\"kksr-star\" style=\"padding-right: 5px\">               <div class=\"kksr-icon\" style=\"width: 24px; height: 24px;\"><\/div>         <\/div>     <\/div> <\/div>                   <div class=\"kksr-legend\" style=\"font-size: 19.2px;\">             4,8\/5 - (30 votos)    <\/div>     <\/div>  <p>A m\u00e1quina de esmagar amendoim \u00e9 especialmente projetada para processar amendoins, am\u00eandoas e v\u00e1rias outras nozes. Este equipamento permite esmagamento autom\u00e1tico, classifica\u00e7\u00e3o e triagem de mat\u00e9rias-primas como amendoim, atingindo uma capacidade de produ\u00e7\u00e3o de at\u00e9 800 kg\/h. <\/p>    <p>A m\u00e1quina apresenta opera\u00e7\u00e3o simples e alta automa\u00e7\u00e3o, economizando m\u00e3o de obra e reduzindo o consumo de energia. \u00c9 uma escolha ideal para f\u00e1bricas de alimentos e linhas de produ\u00e7\u00e3o de granula\u00e7\u00e3o de nozes.<\/p>    <p>Utilizando l\u00e2minas de precis\u00e3o e um sistema de triagem vibrat\u00f3rio, o granulador de amendoim produz gr\u00e2nulos de tamanho uniforme e grau consistente. Apoia uma triagem multi-est\u00e1gio personaliz\u00e1vel de acordo com os requisitos do cliente, garantindo resultados de corte precisos para diferentes tamanhos de part\u00edculas.<\/p>    <figure class=\"wp-block-embed aligncenter is-type-video is-provider-youtube wp-block-embed-youtube wp-embed-aspect-16-9 wp-has-aspect-ratio\"><div class=\"wp-block-embed__wrapper\"> <iframe loading=\"lazy\" title=\"M\u00e1quina de tritura\u00e7\u00e3o e granula\u00e7\u00e3o de nozes de alta efici\u00eancia | Processadora de amendoim em a\u00e7\u00e3o!#amendoim #triturador\" width=\"500\" height=\"281\" src=\"https:\/\/www.youtube.com\/embed\/mOy_pyBhwEM?feature=oembed\" frameborder=\"0\" allow=\"accelerometer; autoplay; clipboard-write; encrypted-media; gyroscope; picture-in-picture; web-share\" referrerpolicy=\"strict-origin-when-cross-origin\" allowfullscreen><\/iframe> <\/div><figcaption class=\"wp-element-caption\">V\u00eddeo de funcionamento da m\u00e1quina de esmagar amendoim<\/figcaption><\/figure>    <h2 class=\"wp-block-heading\">Escopo de aplica\u00e7\u00e3o da m\u00e1quina de esmagar amendoim<\/h2>    <p>A m\u00e1quina de esmagar amendoim \u00e9 amplamente utilizada na ind\u00fastria de processamento de alimentos e pode lidar com os seguintes materiais:<\/p>    <ul class=\"wp-block-list\"> <li>Nozes: amendoins, am\u00eandoas, nozes, castanhas de caju, avel\u00e3s, castanhas, etc.<\/li>    <li>Sementes: sementes de ab\u00f3bora, sementes de mel\u00e3o, etc.<\/li>    <li>Feij\u00f5es e outros materiais granulares: como soja, sementes de gergelim, e outros materiais crus cort\u00e1veis em forma de gr\u00e2nulos ou tiras.<\/li> <\/ul>    <p>O equipamento suporta dispositivos de esmagamento e triagem personalizados para materiais granulares grandes, adequado para v\u00e1rias escalas de produ\u00e7\u00e3o e requisitos de granula\u00e7\u00e3o.<\/p>   <div class=\"wp-block-image\"> <figure class=\"aligncenter size-full\"><img loading=\"lazy\" decoding=\"async\" width=\"720\" height=\"540\" src=\"https:\/\/www.peanuts-machine.com\/wp-content\/uploads\/2022\/11\/materials-suitable-for-nut-crusher.webp\" alt=\"materiais adequados para triturador de nozes\" class=\"wp-image-876\" title=\"\" srcset=\"https:\/\/www.peanuts-machine.com\/wp-content\/uploads\/2022\/11\/materials-suitable-for-nut-crusher.webp 720w, https:\/\/www.peanuts-machine.com\/wp-content\/uploads\/2022\/11\/materials-suitable-for-nut-crusher-300x225.webp 300w, https:\/\/www.peanuts-machine.com\/wp-content\/uploads\/2022\/11\/materials-suitable-for-nut-crusher-16x12.webp 16w\" sizes=\"auto, (max-width: 720px) 100vw, 720px\" \/><figcaption class=\"wp-element-caption\">materiais adequados para triturador de nozes<\/figcaption><\/figure> <\/div>  <div class=\"wp-block-image\"> <figure class=\"aligncenter size-full\"><img loading=\"lazy\" decoding=\"async\" width=\"500\" height=\"500\" src=\"https:\/\/www.peanuts-machine.com\/wp-content\/uploads\/2022\/11\/finished-products.webp\" alt=\"produtos finalizados\" class=\"wp-image-244\" title=\"\" srcset=\"https:\/\/www.peanuts-machine.com\/wp-content\/uploads\/2022\/11\/finished-products.webp 500w, https:\/\/www.peanuts-machine.com\/wp-content\/uploads\/2022\/11\/finished-products-300x300.webp 300w, https:\/\/www.peanuts-machine.com\/wp-content\/uploads\/2022\/11\/finished-products-150x150.webp 150w\" sizes=\"auto, (max-width: 500px) 100vw, 500px\" \/><figcaption class=\"wp-element-caption\">produtos finalizados<\/figcaption><\/figure> <\/div>   <h2 class=\"wp-block-heading\">Vantagens da m\u00e1quina de cortar amendoim Taizy<\/h2>    <ul class=\"wp-block-list\"> <li>Alta efici\u00eancia de rendimento: sistema automatizado de esmagamento e triagem com produ\u00e7\u00e3o de 400-800 kg\/h, ideal para produ\u00e7\u00e3o em grande escala.<\/li>    <li>Granula\u00e7\u00e3o uniforme: telas vibrat\u00f3rias e l\u00e2minas multi-est\u00e1gio garantem tamanho de part\u00edcula consistente para atender a requisitos diversos de especifica\u00e7\u00e3o.<\/li>    <li>Opera\u00e7\u00e3o automatizada: os trabalhadores simplesmente carregam os amendoins na cuba; a m\u00e1quina realiza automaticamente a pelletiza\u00e7\u00e3o e a classifica\u00e7\u00e3o.<\/li>    <li>Seguran\u00e7a alimentar: toda a unidade constru\u00edda com materiais de grau aliment\u00edcio em a\u00e7o inoxid\u00e1vel 304, em conformidade com os padr\u00f5es sanit\u00e1rios.<\/li>    <li>Vers\u00e1til e personaliz\u00e1vel: processa v\u00e1rias nozes e materiais granulares, suporta configura\u00e7\u00f5es de triagem multi-est\u00e1gio personalizadas.<\/li>    <li>Eficiente em energia e ecol\u00f3gico: design de baixo ru\u00eddo, compress\u00e3o sem \u00f3leo, opera\u00e7\u00e3o est\u00e1vel e f\u00e1cil manuten\u00e7\u00e3o.<\/li> <\/ul>    <figure class=\"wp-block-gallery has-nested-images columns-default is-cropped wp-block-gallery-2 is-layout-flex wp-block-gallery-is-layout-flex\"> <figure class=\"wp-block-image size-large\"><img loading=\"lazy\" decoding=\"async\" width=\"720\" height=\"540\" data-id=\"1009\" src=\"https:\/\/www.peanuts-machine.com\/wp-content\/uploads\/2022\/11\/nut-crusher-for-sale-1.webp\" alt=\"venda de triturador de nozes\" class=\"wp-image-1009\" title=\"\" srcset=\"https:\/\/www.peanuts-machine.com\/wp-content\/uploads\/2022\/11\/nut-crusher-for-sale-1.webp 720w, https:\/\/www.peanuts-machine.com\/wp-content\/uploads\/2022\/11\/nut-crusher-for-sale-1-300x225.webp 300w, https:\/\/www.peanuts-machine.com\/wp-content\/uploads\/2022\/11\/nut-crusher-for-sale-1-16x12.webp 16w\" sizes=\"auto, (max-width: 720px) 100vw, 720px\" \/><figcaption class=\"wp-element-caption\">venda de triturador de nozes<\/figcaption><\/figure>    <figure class=\"wp-block-image size-large\"><img loading=\"lazy\" decoding=\"async\" width=\"720\" height=\"540\" data-id=\"1010\" src=\"https:\/\/www.peanuts-machine.com\/wp-content\/uploads\/2022\/11\/peanut-crushing-machine-2.webp\" alt=\"m\u00e1quina de esmagamento de amendoim\" class=\"wp-image-1010\" title=\"\" srcset=\"https:\/\/www.peanuts-machine.com\/wp-content\/uploads\/2022\/11\/peanut-crushing-machine-2.webp 720w, https:\/\/www.peanuts-machine.com\/wp-content\/uploads\/2022\/11\/peanut-crushing-machine-2-300x225.webp 300w, https:\/\/www.peanuts-machine.com\/wp-content\/uploads\/2022\/11\/peanut-crushing-machine-2-16x12.webp 16w\" sizes=\"auto, (max-width: 720px) 100vw, 720px\" \/><figcaption class=\"wp-element-caption\">m\u00e1quina de esmagamento de amendoim<\/figcaption><\/figure> <\/figure>    <h2 class=\"wp-block-heading\">Como esmagar amendoim?<\/h2>    <p>A m\u00e1quina de esmagar amendoim consiste principalmente em uma cuba de alimenta\u00e7\u00e3o, sistema de transporte, sistema de esmagamento e sistema de triagem vibrat\u00f3ria:<\/p>    <ol class=\"wp-block-list\"> <li>Alimenta\u00e7\u00e3o: amendoins ou outras nozes s\u00e3o alimentados de forma uniforme na cuba e transportados para a zona de esmagamento atrav\u00e9s do sistema de transporte.<\/li>    <li>Granula\u00e7\u00e3o e esmagamento: v\u00e1rias l\u00e2minas rotativas trituram as nozes, cortando-as no tamanho desejado.<\/li>    <li>Triagem e classifica\u00e7\u00e3o: o material triturado passa pelo sistema de triagem vibrat\u00f3ria, separando part\u00edculas que atendem \u00e0s especifica\u00e7\u00f5es. Part\u00edculas n\u00e3o conformes s\u00e3o devolvidas para novo corte.<\/li>    <li>Descarga: o material que atende ao tamanho padr\u00e3o de part\u00edculas \u00e9 descarregado automaticamente pela sa\u00edda, permitindo um processo de corte cont\u00ednuo e eficiente.<\/li> <\/ol>    <p>Este sistema pode ser personalizado com diferentes malhas de tela e etapas de corte de acordo com os requisitos do cliente, atingindo o tamanho de part\u00edcula desejado e efici\u00eancia de produ\u00e7\u00e3o.<\/p>    <figure class=\"wp-block-gallery has-nested-images columns-default is-cropped wp-block-gallery-3 is-layout-flex wp-block-gallery-is-layout-flex\"> <figure class=\"wp-block-image size-large\"><img loading=\"lazy\" decoding=\"async\" width=\"720\" height=\"540\" data-id=\"1011\" src=\"https:\/\/www.peanuts-machine.com\/wp-content\/uploads\/2022\/11\/commercial-peanut-crusher.webp\" alt=\"Esmagador de amendoim comercial\" class=\"wp-image-1011\" title=\"\" srcset=\"https:\/\/www.peanuts-machine.com\/wp-content\/uploads\/2022\/11\/commercial-peanut-crusher.webp 720w, https:\/\/www.peanuts-machine.com\/wp-content\/uploads\/2022\/11\/commercial-peanut-crusher-300x225.webp 300w, https:\/\/www.peanuts-machine.com\/wp-content\/uploads\/2022\/11\/commercial-peanut-crusher-16x12.webp 16w\" sizes=\"auto, (max-width: 720px) 100vw, 720px\" \/><figcaption class=\"wp-element-caption\">Esmagador de amendoim comercial<\/figcaption><\/figure>    <figure class=\"wp-block-image size-large\"><img loading=\"lazy\" decoding=\"async\" width=\"720\" height=\"540\" data-id=\"1012\" src=\"https:\/\/www.peanuts-machine.com\/wp-content\/uploads\/2022\/11\/large-peanut-crushing-machine.webp\" alt=\"Grande m\u00e1quina de esmagar amendoim\" class=\"wp-image-1012\" title=\"\" srcset=\"https:\/\/www.peanuts-machine.com\/wp-content\/uploads\/2022\/11\/large-peanut-crushing-machine.webp 720w, https:\/\/www.peanuts-machine.com\/wp-content\/uploads\/2022\/11\/large-peanut-crushing-machine-300x225.webp 300w, https:\/\/www.peanuts-machine.com\/wp-content\/uploads\/2022\/11\/large-peanut-crushing-machine-16x12.webp 16w\" sizes=\"auto, (max-width: 720px) 100vw, 720px\" \/><figcaption class=\"wp-element-caption\">Grande m\u00e1quina de esmagar amendoim<\/figcaption><\/figure> <\/figure>    <h2 class=\"wp-block-heading\">Par\u00e2metros da m\u00e1quina de esmagar nozes<\/h2>    <figure class=\"wp-block-table is-style-stripes\"><table><tbody><tr><td>Modelo<\/td><td>Capacidade<\/td><td>Tens\u00e3o<\/td><td>Poder<\/td><td>Frequ\u00eancia<\/td><td>Tamanho<\/td><td>Peso<\/td><\/tr><tr><td>TZ-400<\/td><td>400kg\/hora<\/td><td>380v<\/td><td>0,75*2kw<\/td><td>50 Hz<\/td><td>1,6*0,8*1,5m<\/td><td>300kg<\/td><\/tr><tr><td>TZ-600<\/td><td>600kg\/hora<\/td><td>380v<\/td><td>4,9 kW<\/td><td>50 Hz<\/td><td>1,8*0,8*2m<\/td><td>600kg<\/td><\/tr><\/tbody><\/table><figcaption class=\"wp-element-caption\">Dados t\u00e9cnicos das m\u00e1quinas de esmagar amendoim<\/figcaption><\/figure>    <p>Por favor, note: ao comprar uma m\u00e1quina de esmagar amendoim, escolha cuidadosamente o tamanho da m\u00e1quina para garantir que ela se encaixe no espa\u00e7o reservado para o triturador de amendoim.<\/p>    <h2 class=\"wp-block-heading\">M\u00e1quina de corte de am\u00eandoas de rolo duplo<\/h2>    <p>Al\u00e9m do pelletizador de l\u00e2mina reta descrito acima, tamb\u00e9m oferecemos um pelletizador de amendoim de duplo rolo. Esta m\u00e1quina \u00e9 igualmente adequada para clientes com altas exig\u00eancias de uniformidade do pellet e integridade do produto.<\/p>    <p>O pelletizador de rolo duplo emprega uma estrutura de compress\u00e3o e corte de duplo rolo. O material passa entre dois rolos de pelletiza\u00e7\u00e3o que giram sincronizados, alcan\u00e7ando a pelletiza\u00e7\u00e3o atrav\u00e9s de uma combina\u00e7\u00e3o de for\u00e7as de compress\u00e3o e cisalhamento.<\/p>    <figure class=\"wp-block-gallery has-nested-images columns-default is-cropped wp-block-gallery-4 is-layout-flex wp-block-gallery-is-layout-flex\"> <figure class=\"wp-block-image size-large\"><img loading=\"lazy\" decoding=\"async\" width=\"720\" height=\"540\" data-id=\"1006\" src=\"https:\/\/www.peanuts-machine.com\/wp-content\/uploads\/2022\/11\/double-roller-peanut-cutting-machine.webp\" alt=\"M\u00e1quina de corte de amendoim de rolo duplo\" class=\"wp-image-1006\" title=\"\" srcset=\"https:\/\/www.peanuts-machine.com\/wp-content\/uploads\/2022\/11\/double-roller-peanut-cutting-machine.webp 720w, https:\/\/www.peanuts-machine.com\/wp-content\/uploads\/2022\/11\/double-roller-peanut-cutting-machine-300x225.webp 300w, https:\/\/www.peanuts-machine.com\/wp-content\/uploads\/2022\/11\/double-roller-peanut-cutting-machine-16x12.webp 16w\" sizes=\"auto, (max-width: 720px) 100vw, 720px\" \/><figcaption class=\"wp-element-caption\">M\u00e1quina de corte de amendoim de rolo duplo<\/figcaption><\/figure>    <figure class=\"wp-block-image size-large\"><img loading=\"lazy\" decoding=\"async\" width=\"720\" height=\"540\" data-id=\"1005\" src=\"https:\/\/www.peanuts-machine.com\/wp-content\/uploads\/2022\/11\/double-roller-nut-crushing-machine.webp\" alt=\"M\u00e1quina de esmagar nozes de rolo duplo\" class=\"wp-image-1005\" title=\"\" srcset=\"https:\/\/www.peanuts-machine.com\/wp-content\/uploads\/2022\/11\/double-roller-nut-crushing-machine.webp 720w, https:\/\/www.peanuts-machine.com\/wp-content\/uploads\/2022\/11\/double-roller-nut-crushing-machine-300x225.webp 300w, https:\/\/www.peanuts-machine.com\/wp-content\/uploads\/2022\/11\/double-roller-nut-crushing-machine-16x12.webp 16w\" sizes=\"auto, (max-width: 720px) 100vw, 720px\" \/><figcaption class=\"wp-element-caption\">M\u00e1quina de esmagar nozes de rolo duplo<\/figcaption><\/figure> <\/figure>    <p>Todo o processo de corte \u00e9 suave e est\u00e1vel, resultando em uma gera\u00e7\u00e3o m\u00ednima de p\u00f3, baixas taxas de quebra e tamanhos de part\u00edculas uniformes. Isso garante de forma eficaz uma apar\u00eancia e qualidade consistentes do produto.<\/p>    <p>Esta m\u00e1quina \u00e9 particularmente adequada para processar alimentos como amendoim caramelizado, barras de cereal, amendoim caramelizado e frutos secos. As especifica\u00e7\u00f5es do rolo de granula\u00e7\u00e3o podem ser personalizadas de acordo com os requisitos do cliente. Diferentes tipos de rolos podem alcan\u00e7ar tamanhos de part\u00edculas variados, atendendo a diversas formula\u00e7\u00f5es de produtos e exig\u00eancias de processo.<\/p>    <p>A seguir, est\u00e3o os par\u00e2metros de uma m\u00e1quina de esmagar amendoim de rolo regular:<\/p>    <ul class=\"wp-block-list\"> <li>Modelo:TZ-1<\/li>    <li>Pot\u00eancia: 0.93kw<\/li>    <li>Tens\u00e3o: 380v 50hz trif\u00e1sico<\/li>    <li>Capacidade: 100-200kg\/h<\/li>    <li>Tamanho: 1600*800*1500mm<\/li> <\/ul>    <p>Se tiver quaisquer outros requisitos relativos ao volume de produ\u00e7\u00e3o ou outras especifica\u00e7\u00f5es, n\u00e3o hesite em contactar-nos.<\/p>    <figure class=\"wp-block-gallery has-nested-images columns-default is-cropped wp-block-gallery-5 is-layout-flex wp-block-gallery-is-layout-flex\"> <figure class=\"wp-block-image size-large\"><img loading=\"lazy\" decoding=\"async\" width=\"720\" height=\"540\" data-id=\"1007\" src=\"https:\/\/www.peanuts-machine.com\/wp-content\/uploads\/2022\/11\/nut-crusher-machine-for-sale.webp\" alt=\"m\u00e1quina de esmagar nozes \u00e0 venda\" class=\"wp-image-1007\" title=\"\" srcset=\"https:\/\/www.peanuts-machine.com\/wp-content\/uploads\/2022\/11\/nut-crusher-machine-for-sale.webp 720w, https:\/\/www.peanuts-machine.com\/wp-content\/uploads\/2022\/11\/nut-crusher-machine-for-sale-300x225.webp 300w, https:\/\/www.peanuts-machine.com\/wp-content\/uploads\/2022\/11\/nut-crusher-machine-for-sale-16x12.webp 16w\" sizes=\"auto, (max-width: 720px) 100vw, 720px\" \/><figcaption class=\"wp-element-caption\">m\u00e1quina de esmagar nozes \u00e0 venda<\/figcaption><\/figure>    <figure class=\"wp-block-image size-large\"><img loading=\"lazy\" decoding=\"async\" width=\"720\" height=\"540\" data-id=\"1008\" src=\"https:\/\/www.peanuts-machine.com\/wp-content\/uploads\/2022\/11\/peanut-chopping-machine.webp\" alt=\"m\u00e1quina de picar amendoim\" class=\"wp-image-1008\" title=\"\" srcset=\"https:\/\/www.peanuts-machine.com\/wp-content\/uploads\/2022\/11\/peanut-chopping-machine.webp 720w, https:\/\/www.peanuts-machine.com\/wp-content\/uploads\/2022\/11\/peanut-chopping-machine-300x225.webp 300w, https:\/\/www.peanuts-machine.com\/wp-content\/uploads\/2022\/11\/peanut-chopping-machine-16x12.webp 16w\" sizes=\"auto, (max-width: 720px) 100vw, 720px\" \/><figcaption class=\"wp-element-caption\">m\u00e1quina de picar amendoim<\/figcaption><\/figure> <\/figure>    <p class=\"translation-block\">Al\u00e9m disso, tamb\u00e9m temos a <a href=\"https:\/\/www.peanuts-machine.com\/pt\/product\/peanut-roasting-machine\/\">m\u00e1quina de amendoim torrado<\/a> e <a href=\"https:\/\/www.peanuts-machine.com\/pt\/product\/commercial-peanut-butter-machine\/\">m\u00e1quina comercial de manteiga de amendoim<\/a>. Se precisar, sinta-se \u00e0 vontade para perguntar.<\/p>    <h2 class=\"wp-block-heading\">Perguntas frequentes<\/h2>   <div id=\"rank-math-faq\" class=\"rank-math-block\"> <div class=\"rank-math-list\"> <div id=\"faq-question-1764146440038\" class=\"rank-math-list-item\"> <h3 class=\"rank-math-question\">O tamanho das part\u00edculas pode ser ajustado? O produto final \u00e9 uniforme?<\/h3> <div class=\"rank-math-answer\">  <p>Ajust\u00e1vel. A m\u00e1quina controla o tamanho das part\u00edculas trocando telas e ajustando a velocidade do transportador, suportando triagem multi-est\u00e1gio para garantir uniformidade consistente das part\u00edculas.<\/p>  <\/div> <\/div> <div id=\"faq-question-1764146493363\" class=\"rank-math-list-item\"> <h3 class=\"rank-math-question\">O material do equipamento \u00e9 seguro? \u00c9 f\u00e1cil de limpar?<\/h3> <div class=\"rank-math-answer\">  <p>Toda a unidade usa a\u00e7o inoxid\u00e1vel 304 de grau aliment\u00edcio \u2014 resistente \u00e0 ferrugem, f\u00e1cil de limpar e em conformidade com os padr\u00f5es de higiene na ind\u00fastria de alimentos. O design da l\u00e2mina evita extrus\u00e3o de \u00f3leo.<\/p>  <\/div> <\/div> <div id=\"faq-question-1764146505269\" class=\"rank-math-list-item\"> <h3 class=\"rank-math-question\">Quantos operadores s\u00e3o necess\u00e1rios? \u00c9 altamente automatizado?<\/h3> <div class=\"rank-math-answer\">  <p>Apenas um operador \u00e9 necess\u00e1rio para alimenta\u00e7\u00e3o. A m\u00e1quina cuida automaticamente da alimenta\u00e7\u00e3o, granula\u00e7\u00e3o e triagem, reduzindo custos de m\u00e3o de obra.<\/p>  <\/div> <\/div> <div id=\"faq-question-1764146517472\" class=\"rank-math-list-item\"> <h3 class=\"rank-math-question\">A m\u00e1quina \u00e9 dur\u00e1vel? A manuten\u00e7\u00e3o \u00e9 problem\u00e1tica?<\/h3> <div class=\"rank-math-answer\">  <p>O equipamento apresenta estrutura simples e l\u00e2minas resistentes ao desgaste. A manuten\u00e7\u00e3o envolve principalmente limpeza e inspe\u00e7\u00f5es b\u00e1sicas. Pe\u00e7as de desgaste s\u00e3o acess\u00edveis, garantindo opera\u00e7\u00e3o est\u00e1vel a longo prazo.<\/p>  <\/div> <\/div> <div id=\"faq-question-1764146534231\" class=\"rank-math-list-item\"> <h3 class=\"rank-math-question\">A m\u00e1quina faz barulho durante a opera\u00e7\u00e3o? Gera p\u00f3 ou polui\u00e7\u00e3o?<\/h3> <div class=\"rank-math-answer\">  <p>A m\u00e1quina de esmagar amendoim apresenta um design de baixo ru\u00eddo. O sistema de triagem vibrat\u00f3ria produz p\u00f3 m\u00ednimo, tornando-a altamente adequada para ambientes de processamento de alimentos.<\/p>  <\/div> <\/div> <div id=\"faq-question-1764146556539\" class=\"rank-math-list-item\"> <h3 class=\"rank-math-question\">O equipamento pode ser personalizado de acordo com os requisitos do meu produto?<\/h3> <div class=\"rank-math-answer\">  <p>Sim. Podemos personalizar solu\u00e7\u00f5es para diferentes capacidades de produ\u00e7\u00e3o, especifica\u00e7\u00f5es de pellets, sistemas de triagem multi-est\u00e1gio e necessidades espec\u00edficas de esmagamento de nozes.<\/p>  <\/div> <\/div> <div id=\"faq-question-1764146567251\" class=\"rank-math-list-item\"> <h3 class=\"rank-math-question\">A m\u00e1quina consome muita energia? Os custos de eletricidade s\u00e3o altos?<\/h3> <div class=\"rank-math-answer\">  <p>O equipamento apresenta consumo de energia otimizado e efici\u00eancia energ\u00e9tica, resultando em custos operacionais mais baixos a longo prazo em compara\u00e7\u00e3o com m\u00e9todos tradicionais de esmagamento manual.<\/p>  <\/div> <\/div> <div id=\"faq-question-1764146579500\" class=\"rank-math-list-item\"> <h3 class=\"rank-math-question\">Qual \u00e9 o pre\u00e7o? Oferecem instala\u00e7\u00e3o ou suporte t\u00e9cnico?<\/h3> <div class=\"rank-math-answer\">  <p>O pre\u00e7o \u00e9 determinado pela configura\u00e7\u00e3o de capacidade de produ\u00e7\u00e3o. Oferecemos suporte t\u00e9cnico completo, incluindo v\u00eddeos de opera\u00e7\u00e3o, orienta\u00e7\u00e3o remota e servi\u00e7os de engenheiro no local mediante solicita\u00e7\u00e3o.<\/p>  <\/div> <\/div> <\/div> <\/div>","protected":false},"excerpt":{"rendered":"<p>A m\u00e1quina de triturar amendoim pode cortar rapidamente amendoins e v\u00e1rias nozes em part\u00edculas uniformes, apresentando tamanho de part\u00edcula ajust\u00e1vel, triagem autom\u00e1tica e produ\u00e7\u00e3o cont\u00ednua est\u00e1vel.<\/p>","protected":false},"author":1,"featured_media":247,"parent":0,"template":"","tags":[56,36],"product-type":[55,46],"class_list":["post-242","product","type-product","status-publish","has-post-thumbnail","hentry","tag-nut","tag-peanut","product-type-peanut-cutting-machine","product-type-products"],"_links":{"self":[{"href":"https:\/\/www.peanuts-machine.com\/pt\/wp-json\/wp\/v2\/product\/242","targetHints":{"allow":["GET"]}}],"collection":[{"href":"https:\/\/www.peanuts-machine.com\/pt\/wp-json\/wp\/v2\/product"}],"about":[{"href":"https:\/\/www.peanuts-machine.com\/pt\/wp-json\/wp\/v2\/types\/product"}],"author":[{"embeddable":true,"href":"https:\/\/www.peanuts-machine.com\/pt\/wp-json\/wp\/v2\/users\/1"}],"wp:featuredmedia":[{"embeddable":true,"href":"https:\/\/www.peanuts-machine.com\/pt\/wp-json\/wp\/v2\/media\/247"}],"wp:attachment":[{"href":"https:\/\/www.peanuts-machine.com\/pt\/wp-json\/wp\/v2\/media?parent=242"}],"wp:term":[{"taxonomy":"post_tag","embeddable":true,"href":"https:\/\/www.peanuts-machine.com\/pt\/wp-json\/wp\/v2\/tags?post=242"},{"taxonomy":"product-type","embeddable":true,"href":"https:\/\/www.peanuts-machine.com\/pt\/wp-json\/wp\/v2\/product-type?post=242"}],"curies":[{"name":"wp","href":"https:\/\/api.w.org\/{rel}","templated":true}]}}