{"id":278,"date":"2022-12-12T15:24:44","date_gmt":"2022-12-12T07:24:44","guid":{"rendered":"https:\/\/www.peanuts-machine.com\/?post_type=product&#038;p=278"},"modified":"2026-01-16T11:35:34","modified_gmt":"2026-01-16T03:35:34","slug":"groundnut-planter-machine","status":"publish","type":"product","link":"https:\/\/www.peanuts-machine.com\/pt\/product\/groundnut-planter-machine\/","title":{"rendered":"Plantador de amendoim | M\u00e1quina de plantar sementes de amendoim"},"content":{"rendered":"<div class=\"kk-star-ratings kksr-auto kksr-align-left kksr-valign-top\"     data-payload='{&quot;align&quot;:&quot;left&quot;,&quot;id&quot;:&quot;278&quot;,&quot;slug&quot;:&quot;default&quot;,&quot;valign&quot;:&quot;top&quot;,&quot;ignore&quot;:&quot;&quot;,&quot;reference&quot;:&quot;auto&quot;,&quot;class&quot;:&quot;&quot;,&quot;count&quot;:&quot;17&quot;,&quot;legendonly&quot;:&quot;&quot;,&quot;readonly&quot;:&quot;&quot;,&quot;score&quot;:&quot;4.8&quot;,&quot;starsonly&quot;:&quot;&quot;,&quot;best&quot;:&quot;5&quot;,&quot;gap&quot;:&quot;5&quot;,&quot;greet&quot;:&quot;Rate this product&quot;,&quot;legend&quot;:&quot;4.8\\\/5 - (17 votes)&quot;,&quot;size&quot;:&quot;24&quot;,&quot;title&quot;:&quot;Groundnut Planter | Peanut Seeds Planting Machine&quot;,&quot;width&quot;:&quot;136.7&quot;,&quot;_legend&quot;:&quot;{score}\\\/{best} - ({count} {votes})&quot;,&quot;font_factor&quot;:&quot;1.25&quot;}'>              <div class=\"kksr-stars\">      <div class=\"kksr-stars-inactive\">             <div class=\"kksr-star\" data-star=\"1\" style=\"padding-right: 5px\">               <div class=\"kksr-icon\" style=\"width: 24px; height: 24px;\"><\/div>         <\/div>             <div class=\"kksr-star\" data-star=\"2\" style=\"padding-right: 5px\">               <div class=\"kksr-icon\" style=\"width: 24px; height: 24px;\"><\/div>         <\/div>             <div class=\"kksr-star\" data-star=\"3\" style=\"padding-right: 5px\">               <div class=\"kksr-icon\" style=\"width: 24px; height: 24px;\"><\/div>         <\/div>             <div class=\"kksr-star\" data-star=\"4\" style=\"padding-right: 5px\">               <div class=\"kksr-icon\" style=\"width: 24px; height: 24px;\"><\/div>         <\/div>             <div class=\"kksr-star\" data-star=\"5\" style=\"padding-right: 5px\">               <div class=\"kksr-icon\" style=\"width: 24px; height: 24px;\"><\/div>         <\/div>     <\/div>      <div class=\"kksr-stars-active\" style=\"width: 136.7px;\">             <div class=\"kksr-star\" style=\"padding-right: 5px\">               <div class=\"kksr-icon\" style=\"width: 24px; height: 24px;\"><\/div>         <\/div>             <div class=\"kksr-star\" style=\"padding-right: 5px\">               <div class=\"kksr-icon\" style=\"width: 24px; height: 24px;\"><\/div>         <\/div>             <div class=\"kksr-star\" style=\"padding-right: 5px\">               <div class=\"kksr-icon\" style=\"width: 24px; height: 24px;\"><\/div>         <\/div>             <div class=\"kksr-star\" style=\"padding-right: 5px\">               <div class=\"kksr-icon\" style=\"width: 24px; height: 24px;\"><\/div>         <\/div>             <div class=\"kksr-star\" style=\"padding-right: 5px\">               <div class=\"kksr-icon\" style=\"width: 24px; height: 24px;\"><\/div>         <\/div>     <\/div> <\/div>                   <div class=\"kksr-legend\" style=\"font-size: 19.2px;\">             4,8\/5 - (17 votos)    <\/div>     <\/div>  <p>A plantadeira de amendoim foi projetada para f\u00e1cil opera\u00e7\u00e3o por uma \u00fanica pessoa e pode ser acoplada diretamente a um trator para uso em terras cultivadas. Vem em diversas configura\u00e7\u00f5es, incluindo 2, 4, 6 e 8 linhas, permitindo a personaliza\u00e7\u00e3o de acordo com suas necessidades espec\u00edficas de plantio. <\/p>    <p>Al\u00e9m de suas fun\u00e7\u00f5es prim\u00e1rias, como aplica\u00e7\u00e3o de fertilizantes, semeadura e cobertura morta, ele tamb\u00e9m pode ser equipado com recursos adicionais, como preparo rotativo, pulveriza\u00e7\u00e3o, gerenciamento da press\u00e3o do solo e armazenamento de \u00e1gua para acomodar diversos requisitos de plantio.<\/p>    <figure class=\"wp-block-embed aligncenter is-type-video is-provider-youtube wp-block-embed-youtube wp-embed-aspect-16-9 wp-has-aspect-ratio\"><div class=\"wp-block-embed__wrapper\"> <iframe loading=\"lazy\" title=\"Nova tecnologia agr\u00edcola moderna! Plantador de amendoim ajuda a colher com um clique \ud83c\udf31\ud83d\ude9c#amendoim #plantador\" width=\"500\" height=\"281\" src=\"https:\/\/www.youtube.com\/embed\/s8vec3aw-vU?feature=oembed\" frameborder=\"0\" allow=\"accelerometer; autoplay; clipboard-write; encrypted-media; gyroscope; picture-in-picture; web-share\" referrerpolicy=\"strict-origin-when-cross-origin\" allowfullscreen><\/iframe> <\/div><figcaption class=\"wp-element-caption\">v\u00eddeo de funcionamento da m\u00e1quina plantadora de amendoim<\/figcaption><\/figure>    <p>Ao preparar a terra para o plantio, a m\u00e1quina pode criar sulcos adaptados \u00e0s necessidades do agricultor e ao tamanho do campo, alcan\u00e7ando uma taxa de produtividade de mais de 5-8 acres por hora. <\/p>    <p>Seu design garante um layout l\u00f3gico, opera\u00e7\u00e3o suave, espa\u00e7amento uniforme de semeadura e profundidade de plantio consistente. Al\u00e9m disso, permite ajustes de profundidade, espa\u00e7amento entre linhas e espa\u00e7amento de plantio para atender aos padr\u00f5es agr\u00edcolas de diferentes regi\u00f5es.<\/p>   <div class=\"wp-block-image\"> <figure class=\"aligncenter size-full\"><img loading=\"lazy\" decoding=\"async\" width=\"720\" height=\"540\" src=\"https:\/\/www.peanuts-machine.com\/wp-content\/uploads\/2022\/12\/fffect-of-peanut-seeding.webp\" alt=\"efeito da semeadura de amendoim\" class=\"wp-image-283\" title=\"\" srcset=\"https:\/\/www.peanuts-machine.com\/wp-content\/uploads\/2022\/12\/fffect-of-peanut-seeding.webp 720w, https:\/\/www.peanuts-machine.com\/wp-content\/uploads\/2022\/12\/fffect-of-peanut-seeding-300x225.webp 300w\" sizes=\"auto, (max-width: 720px) 100vw, 720px\" \/><figcaption class=\"wp-element-caption\">efeito da semeadura de amendoim<\/figcaption><\/figure> <\/div>   <h2 class=\"wp-block-heading\">Destaques da m\u00e1quina semeadora de amendoim<\/h2>    <ul class=\"wp-block-list\"> <li>Esta m\u00e1quina \u00e9 altamente vers\u00e1til, capaz de semear trigo, soja, amendoim, milho, feij\u00e3o e outras sementes granuladas. <\/li>    <li>Ele combina m\u00faltiplas fun\u00e7\u00f5es, incluindo fertiliza\u00e7\u00e3o, semeadura, pulveriza\u00e7\u00e3o e cobertura morta, tudo em uma unidade. <\/li>    <li>Constru\u00eddo em a\u00e7o mangan\u00eas 65#, oferece excelente resist\u00eancia \u00e0 abras\u00e3o. <\/li>    <li>A precis\u00e3o da semeadura \u00e9 alta, garantindo profundidade consistente e forte taxa de mudas. <\/li>    <li>Pode operar de forma eficaz em v\u00e1rios terrenos, especialmente em \u00e1reas acidentadas e montanhosas. <\/li>    <li>Mesmo em terrenos com m\u00e1 prepara\u00e7\u00e3o do terreno, ervas daninhas ou res\u00edduos de colheita, a m\u00e1quina funciona normalmente. <\/li>    <li>O dispensador de sementes garante que as sementes sejam semeadas de maneira precisa e uniforme, reduzindo o n\u00famero de sementes podres e mantendo o espa\u00e7amento adequado de plantio. <\/li>    <li>O trabalho manual n\u00e3o \u00e9 necess\u00e1rio, pois a m\u00e1quina pode proteger eficazmente o filme contra ventos fortes, escavando-o mecanicamente e pressionando-o para baixo. <\/li>    <li>Podemos personalizar a m\u00e1quina de sulca\u00e7\u00e3o e cobertura morta para produzir de 1 a 6 linhas, ajustando o espa\u00e7amento entre linhas e plantio de acordo com as necessidades do cliente.<\/li> <\/ul>   <div class=\"wp-block-image\"> <figure class=\"aligncenter size-full\"><img loading=\"lazy\" decoding=\"async\" width=\"720\" height=\"540\" src=\"https:\/\/www.peanuts-machine.com\/wp-content\/uploads\/2022\/12\/peanut-planting-machine-for-sale.webp\" alt=\"M\u00e1quina de plantar amendoim \u00e0 venda\" class=\"wp-image-286\" title=\"\" srcset=\"https:\/\/www.peanuts-machine.com\/wp-content\/uploads\/2022\/12\/peanut-planting-machine-for-sale.webp 720w, https:\/\/www.peanuts-machine.com\/wp-content\/uploads\/2022\/12\/peanut-planting-machine-for-sale-300x225.webp 300w\" sizes=\"auto, (max-width: 720px) 100vw, 720px\" \/><figcaption class=\"wp-element-caption\">M\u00e1quina de plantar amendoim \u00e0 venda<\/figcaption><\/figure> <\/div>   <h2 class=\"wp-block-heading\">Detalhes do projeto do plantador de amendoim<\/h2>    <p>A m\u00e1quina consiste em quatro componentes principais: um dispositivo de semeadura, um dispositivo de descarga de fertilizante, um dispositivo de pulveriza\u00e7\u00e3o e um dispositivo de cobertura de filme. Correspondem \u00e0 caixa de sementes, caixa de fertilizante e vala. <\/p>    <p>Voc\u00ea pode ajustar a largura do sulco, a altura do sulco, a profundidade da semeadura e a largura da cobertura do filme. O dosador de sementes utilizado na plantadeira de amendoim permite ajustes na quantidade de semeadura de acordo com o tamanho da semente e as necessidades espec\u00edficas das diferentes regi\u00f5es.<\/p>   <div class=\"wp-block-image\"> <figure class=\"aligncenter size-full\"><img loading=\"lazy\" decoding=\"async\" width=\"720\" height=\"570\" src=\"https:\/\/www.peanuts-machine.com\/wp-content\/uploads\/2022\/12\/machine-structure.webp\" alt=\"estrutura da m\u00e1quina\" class=\"wp-image-284\" title=\"\" srcset=\"https:\/\/www.peanuts-machine.com\/wp-content\/uploads\/2022\/12\/machine-structure.webp 720w, https:\/\/www.peanuts-machine.com\/wp-content\/uploads\/2022\/12\/machine-structure-300x238.webp 300w\" sizes=\"auto, (max-width: 720px) 100vw, 720px\" \/><figcaption class=\"wp-element-caption\">estrutura da m\u00e1quina<\/figcaption><\/figure> <\/div>   <h2 class=\"wp-block-heading\">Como semear sementes de amendoim?<\/h2>    <p>Usar um plantador de amendoim para semear amendoim \u00e9 bastante simples. As principais fun\u00e7\u00f5es da m\u00e1quina de plantio de amendoim Taizy incluem fertiliza\u00e7\u00e3o, semeadura, cobertura do solo e pulveriza\u00e7\u00e3o. <\/p>    <ul class=\"wp-block-list\"> <li>\u00c0 medida que o trator se move, ele gira as rodas terrestres. Essas rodas, por sua vez, giram o eixo dosador de sementes por meio de uma corrente de transmiss\u00e3o, permitindo que o dispositivo dosador de sementes opere de maneira eficaz. <\/li>    <li>No lado oposto da semeadora de amendoim, a roda motriz gira o eixo de descarga de fertilizante atrav\u00e9s de uma corrente, permitindo que o descarregador de fertilizante libere o fertilizante. <\/li>    <li>Uma caixa de rem\u00e9dios \u00e9 posicionada na parte traseira da caixa de fertilizante, onde o rem\u00e9dio l\u00edquido \u00e9 borrifado por meio de um bico acionado por bomba el\u00e9trica. Cada crista pode acomodar dois bicos de medicamentos l\u00edquidos. <\/li>    <li>O filme \u00e9 colocado sobre o suporte de filme pl\u00e1stico e adere \u00e0 superf\u00edcie da crista com a ajuda de um rolo prensador de filme. As rodas espalhadoras do filme em ambos os lados pressionam o filme at\u00e9 a borda da vala e, finalmente, o dispositivo de cobertura do filme fixa o filme no lugar.<\/li> <\/ul>    <figure class=\"wp-block-embed aligncenter is-type-video is-provider-youtube wp-block-embed-youtube wp-embed-aspect-16-9 wp-has-aspect-ratio\"><div class=\"wp-block-embed__wrapper\"> <iframe loading=\"lazy\" title=\"Plantador de amendoim com 6 fileiras e 3 cristas - semeadura eficiente e precisa#amendoim #amendoim #cultivo de amendoim\" width=\"500\" height=\"281\" src=\"https:\/\/www.youtube.com\/embed\/Xe1ijUHdHQU?feature=oembed\" frameborder=\"0\" allow=\"accelerometer; autoplay; clipboard-write; encrypted-media; gyroscope; picture-in-picture; web-share\" referrerpolicy=\"strict-origin-when-cross-origin\" allowfullscreen><\/iframe> <\/div><figcaption class=\"wp-element-caption\">Plantador de amendoim em uso no local de trabalho<\/figcaption><\/figure>    <h2 class=\"wp-block-heading\">Par\u00e2metros da m\u00e1quina plantadora de amendoim<\/h2>    <figure class=\"wp-block-table\"><table><tbody><tr><td>Modelo<\/td><td>2BHMF-2<\/td><td>2BHMF-4<\/td><td>2BHMF-6<\/td><\/tr><tr><td>N\u00famero de linhas<\/td><td>2<\/td><td>4<\/td><td>6<\/td><\/tr><tr><td>Produtividade<\/td><td>0,5-0,8 acres\/h<\/td><td>0,8-1,6 acres\/h<\/td><td>1,6-3,2 acres\/h<\/td><\/tr><tr><td>Tamanho<\/td><td>2940\u00d71200\u00d71300 mil\u00edmetros<\/td><td>2940\u00d71600\u00d71300 mil\u00edmetros<\/td><td>2940x1900x1300mm<\/td><\/tr><tr><td>Peso<\/td><td>180kg<\/td><td>350kg<\/td><td>450kg<\/td><\/tr><tr><td>Espa\u00e7o de linhas<\/td><td>300-350mm<\/td><td>300-350mm<\/td><td>300-350mm<\/td><\/tr><tr><td>Espa\u00e7o de semente<\/td><td>80-300mm<\/td><td>80-300mm<\/td><td>80-300mm<\/td><\/tr><tr><td>Taxa de semeadura<\/td><td>&gt;98%<\/td><td>&gt;98%<\/td><td>&gt;98%<\/td><\/tr><tr><td>Poder correspondente<\/td><td>20-40 cv<\/td><td>40-70 cv<\/td><td>60-90 cv<\/td><\/tr><\/tbody><\/table><figcaption class=\"wp-element-caption\">dados t\u00e9cnicos da m\u00e1quina semeadora de sementes de amendoim<\/figcaption><\/figure>    <h2 class=\"wp-block-heading\">Onde comprar plantador de amendoim?<\/h2>    <p>Na Taizy Peanut Machinery Factory, oferecemos \u00e0 venda tr\u00eas modelos populares de m\u00e1quinas de plantio de amendoim: plantadeiras de duas, quatro e seis linhas. Cada m\u00e1quina oferece os mesmos resultados de semeadura eficazes e de alta qualidade. <\/p>    <p>Os clientes podem selecionar o modelo que melhor se adapta \u00e0s suas necessidades espec\u00edficas. Para quem procura op\u00e7\u00f5es menores, tamb\u00e9m oferecemos plantadeiras autopropelidas de amendoim para atender \u00e0s suas necessidades. Al\u00e9m disso, oferecemos servi\u00e7os customizados para atender diversas demandas.<\/p>    <div class=\"wp-block-columns is-layout-flex wp-container-core-columns-is-layout-9d6595d7 wp-block-columns-is-layout-flex\"> <div class=\"wp-block-column is-layout-flow wp-block-column-is-layout-flow\"> <figure class=\"wp-block-image size-full\"><img loading=\"lazy\" decoding=\"async\" width=\"720\" height=\"540\" src=\"https:\/\/www.peanuts-machine.com\/wp-content\/uploads\/2022\/12\/2-row-peanut-planting-machine.webp\" alt=\"M\u00e1quina de plantar amendoim de 2 linhas\" class=\"wp-image-279\" title=\"\" srcset=\"https:\/\/www.peanuts-machine.com\/wp-content\/uploads\/2022\/12\/2-row-peanut-planting-machine.webp 720w, https:\/\/www.peanuts-machine.com\/wp-content\/uploads\/2022\/12\/2-row-peanut-planting-machine-300x225.webp 300w\" sizes=\"auto, (max-width: 720px) 100vw, 720px\" \/><figcaption class=\"wp-element-caption\">M\u00e1quina de plantar amendoim de 2 linhas<\/figcaption><\/figure> <\/div>    <div class=\"wp-block-column is-layout-flow wp-block-column-is-layout-flow\"> <figure class=\"wp-block-image size-full\"><img loading=\"lazy\" decoding=\"async\" width=\"720\" height=\"540\" src=\"https:\/\/www.peanuts-machine.com\/wp-content\/uploads\/2022\/12\/4-row-groundnut-planter-machine.webp\" alt=\"M\u00e1quina plantadora de amendoim de 4 fileiras\" class=\"wp-image-280\" title=\"\" srcset=\"https:\/\/www.peanuts-machine.com\/wp-content\/uploads\/2022\/12\/4-row-groundnut-planter-machine.webp 720w, https:\/\/www.peanuts-machine.com\/wp-content\/uploads\/2022\/12\/4-row-groundnut-planter-machine-300x225.webp 300w\" sizes=\"auto, (max-width: 720px) 100vw, 720px\" \/><figcaption class=\"wp-element-caption\">M\u00e1quina plantadora de amendoim de 4 fileiras<\/figcaption><\/figure> <\/div>    <div class=\"wp-block-column is-layout-flow wp-block-column-is-layout-flow\"> <figure class=\"wp-block-image size-full\"><img loading=\"lazy\" decoding=\"async\" width=\"720\" height=\"540\" src=\"https:\/\/www.peanuts-machine.com\/wp-content\/uploads\/2022\/12\/6-row-groundnut-planter.webp\" alt=\"Plantador de amendoim de 6 fileiras\" class=\"wp-image-281\" title=\"\" srcset=\"https:\/\/www.peanuts-machine.com\/wp-content\/uploads\/2022\/12\/6-row-groundnut-planter.webp 720w, https:\/\/www.peanuts-machine.com\/wp-content\/uploads\/2022\/12\/6-row-groundnut-planter-300x225.webp 300w\" sizes=\"auto, (max-width: 720px) 100vw, 720px\" \/><figcaption class=\"wp-element-caption\">Plantador de amendoim de 6 fileiras<\/figcaption><\/figure> <\/div> <\/div>    <p class=\"translation-block\">Como um fabricante l\u00edder de m\u00e1quinas agr\u00edcolas, oferecemos uma vasta gama de m\u00e1quinas semeadoras de amendoim com v\u00e1rios estilos e efeitos de sementeira. Para al\u00e9m dos nossos semeadores de amendoim, fornecemos tamb\u00e9m <a href=\"https:\/\/www.peanuts-machine.com\/pt\/product\/peanut-harvester\/\">equipamento de colheita de amendoim<\/a>, <a href=\"https:\/\/www.peanuts-machine.com\/pt\/product\/groundnut-sheller\/\">descascadores de amendoim<\/a>, <a href=\"https:\/\/www.peanuts-machine.com\/pt\/product\/peanut-roasting-machine\/\">m\u00e1quinas de amendoim torrado<\/a> e outras m\u00e1quinas de processamento de amendoim. N\u00e3o hesite em contactar-nos para qualquer uma das suas necessidades.<\/p>","protected":false},"excerpt":{"rendered":"<p>A plantadeira de amendoim \u00e9 equipada com preparo rotativo, aplica\u00e7\u00e3o de fertilizante, cobertura morta, cobertura morta e pulveriza\u00e7\u00e3o, e pode ser acoplada diretamente a um trator para plantio.<\/p>","protected":false},"author":1,"featured_media":285,"parent":0,"template":"","tags":[37,36],"product-type":[47,46],"class_list":["post-278","product","type-product","status-publish","has-post-thumbnail","hentry","tag-groundnut","tag-peanut","product-type-peanut-harvesting-machine","product-type-products"],"_links":{"self":[{"href":"https:\/\/www.peanuts-machine.com\/pt\/wp-json\/wp\/v2\/product\/278","targetHints":{"allow":["GET"]}}],"collection":[{"href":"https:\/\/www.peanuts-machine.com\/pt\/wp-json\/wp\/v2\/product"}],"about":[{"href":"https:\/\/www.peanuts-machine.com\/pt\/wp-json\/wp\/v2\/types\/product"}],"author":[{"embeddable":true,"href":"https:\/\/www.peanuts-machine.com\/pt\/wp-json\/wp\/v2\/users\/1"}],"wp:featuredmedia":[{"embeddable":true,"href":"https:\/\/www.peanuts-machine.com\/pt\/wp-json\/wp\/v2\/media\/285"}],"wp:attachment":[{"href":"https:\/\/www.peanuts-machine.com\/pt\/wp-json\/wp\/v2\/media?parent=278"}],"wp:term":[{"taxonomy":"post_tag","embeddable":true,"href":"https:\/\/www.peanuts-machine.com\/pt\/wp-json\/wp\/v2\/tags?post=278"},{"taxonomy":"product-type","embeddable":true,"href":"https:\/\/www.peanuts-machine.com\/pt\/wp-json\/wp\/v2\/product-type?post=278"}],"curies":[{"name":"wp","href":"https:\/\/api.w.org\/{rel}","templated":true}]}}