{"id":294,"date":"2022-12-30T15:22:40","date_gmt":"2022-12-30T07:22:40","guid":{"rendered":"https:\/\/www.peanuts-machine.com\/?post_type=product&#038;p=294"},"modified":"2026-01-13T15:49:31","modified_gmt":"2026-01-13T07:49:31","slug":"small-scale-peanut-butter-making-machine","status":"publish","type":"product","link":"https:\/\/www.peanuts-machine.com\/pt\/product\/small-scale-peanut-butter-making-machine\/","title":{"rendered":"M\u00e1quina de fazer manteiga de amendoim em pequena escala para venda"},"content":{"rendered":"<div class=\"kk-star-ratings kksr-auto kksr-align-left kksr-valign-top\"     data-payload='{&quot;align&quot;:&quot;left&quot;,&quot;id&quot;:&quot;294&quot;,&quot;slug&quot;:&quot;default&quot;,&quot;valign&quot;:&quot;top&quot;,&quot;ignore&quot;:&quot;&quot;,&quot;reference&quot;:&quot;auto&quot;,&quot;class&quot;:&quot;&quot;,&quot;count&quot;:&quot;30&quot;,&quot;legendonly&quot;:&quot;&quot;,&quot;readonly&quot;:&quot;&quot;,&quot;score&quot;:&quot;4.8&quot;,&quot;starsonly&quot;:&quot;&quot;,&quot;best&quot;:&quot;5&quot;,&quot;gap&quot;:&quot;5&quot;,&quot;greet&quot;:&quot;Rate this product&quot;,&quot;legend&quot;:&quot;4.8\\\/5 - (30 votes)&quot;,&quot;size&quot;:&quot;24&quot;,&quot;title&quot;:&quot;Small Scale Peanut Butter Making Machine for Sale&quot;,&quot;width&quot;:&quot;136.7&quot;,&quot;_legend&quot;:&quot;{score}\\\/{best} - ({count} {votes})&quot;,&quot;font_factor&quot;:&quot;1.25&quot;}'>              <div class=\"kksr-stars\">      <div class=\"kksr-stars-inactive\">             <div class=\"kksr-star\" data-star=\"1\" style=\"padding-right: 5px\">               <div class=\"kksr-icon\" style=\"width: 24px; height: 24px;\"><\/div>         <\/div>             <div class=\"kksr-star\" data-star=\"2\" style=\"padding-right: 5px\">               <div class=\"kksr-icon\" style=\"width: 24px; height: 24px;\"><\/div>         <\/div>             <div class=\"kksr-star\" data-star=\"3\" style=\"padding-right: 5px\">               <div class=\"kksr-icon\" style=\"width: 24px; height: 24px;\"><\/div>         <\/div>             <div class=\"kksr-star\" data-star=\"4\" style=\"padding-right: 5px\">               <div class=\"kksr-icon\" style=\"width: 24px; height: 24px;\"><\/div>         <\/div>             <div class=\"kksr-star\" data-star=\"5\" style=\"padding-right: 5px\">               <div class=\"kksr-icon\" style=\"width: 24px; height: 24px;\"><\/div>         <\/div>     <\/div>      <div class=\"kksr-stars-active\" style=\"width: 136.7px;\">             <div class=\"kksr-star\" style=\"padding-right: 5px\">               <div class=\"kksr-icon\" style=\"width: 24px; height: 24px;\"><\/div>         <\/div>             <div class=\"kksr-star\" style=\"padding-right: 5px\">               <div class=\"kksr-icon\" style=\"width: 24px; height: 24px;\"><\/div>         <\/div>             <div class=\"kksr-star\" style=\"padding-right: 5px\">               <div class=\"kksr-icon\" style=\"width: 24px; height: 24px;\"><\/div>         <\/div>             <div class=\"kksr-star\" style=\"padding-right: 5px\">               <div class=\"kksr-icon\" style=\"width: 24px; height: 24px;\"><\/div>         <\/div>             <div class=\"kksr-star\" style=\"padding-right: 5px\">               <div class=\"kksr-icon\" style=\"width: 24px; height: 24px;\"><\/div>         <\/div>     <\/div> <\/div>                   <div class=\"kksr-legend\" style=\"font-size: 19.2px;\">             4,8\/5 - (30 votos)    <\/div>     <\/div>  <p>A m\u00e1quina para fazer manteiga de amendoim em pequena escala \u00e9 um aparelho vers\u00e1til projetado para criar uma variedade de pastas saborosas, nutritivas e frescas, incluindo manteiga de amendoim e pasta de gergelim. Al\u00e9m disso, ele pode moer v\u00e1rios ingredientes para fazer leite de amendoim, leite proteico, leite de soja, gel\u00e9ia, manteiga de bolo lunar, manteiga de am\u00eandoa e manteiga de caju. <\/p>    <p>Esta m\u00e1quina \u00e9 constru\u00edda em a\u00e7o inoxid\u00e1vel dur\u00e1vel e f\u00e1cil de limpar e promete uma longa vida \u00fatil. Com uma not\u00e1vel capacidade de gerenciar tamanhos controlados de part\u00edculas que variam de 100 a 150 m\u00edcrons e alcan\u00e7ar uniformidade superior a 90%, este moinho se destaca como a melhor op\u00e7\u00e3o no processamento de p\u00f3 fino.<\/p>   <div class=\"wp-block-image\"> <figure class=\"aligncenter size-full\"><img loading=\"lazy\" decoding=\"async\" width=\"720\" height=\"540\" src=\"https:\/\/www.peanuts-machine.com\/wp-content\/uploads\/2022\/12\/small-scale-peanut-butter-making-machine.webp\" alt=\"m\u00e1quina de fazer manteiga de amendoim em pequena escala\" class=\"wp-image-297\" title=\"\" srcset=\"https:\/\/www.peanuts-machine.com\/wp-content\/uploads\/2022\/12\/small-scale-peanut-butter-making-machine.webp 720w, https:\/\/www.peanuts-machine.com\/wp-content\/uploads\/2022\/12\/small-scale-peanut-butter-making-machine-300x225.webp 300w\" sizes=\"auto, (max-width: 720px) 100vw, 720px\" \/><figcaption class=\"wp-element-caption\">m\u00e1quina de fazer manteiga de amendoim em pequena escala<\/figcaption><\/figure> <\/div>   <h2 class=\"wp-block-heading\">Aplica\u00e7\u00e3o de m\u00e1quina para fazer manteiga de nozes<\/h2>    <p>Esta m\u00e1quina para fazer manteiga de amendoim em pequena escala \u00e9 capaz de moer uma variedade de ingredientes, incluindo amendoim, am\u00eandoas, sementes de gergelim, tomate, castanha de caju, feij\u00e3o, ervilha, pimenta, alho e gengibre. \u00c9 ideal para uso em restaurantes, supermercados, pequenas f\u00e1bricas de processamento, grandes f\u00e1bricas e outros ambientes industriais, tornando-o um ativo valioso para qualquer neg\u00f3cio.<\/p>    <figure class=\"wp-block-embed aligncenter is-type-video is-provider-youtube wp-block-embed-youtube wp-embed-aspect-16-9 wp-has-aspect-ratio\"><div class=\"wp-block-embed__wrapper\"> <iframe loading=\"lazy\" title=\"\ud83e\udd5c High-Efficiency Peanut Butter Colloid Mill | Smooth &amp; Creamy Every Time#peanutbutter #colloidmill\" width=\"500\" height=\"281\" src=\"https:\/\/www.youtube.com\/embed\/tJwzcOk7gCE?feature=oembed\" frameborder=\"0\" allow=\"accelerometer; autoplay; clipboard-write; encrypted-media; gyroscope; picture-in-picture; web-share\" referrerpolicy=\"strict-origin-when-cross-origin\" allowfullscreen><\/iframe> <\/div><figcaption class=\"wp-element-caption\">V\u00eddeo de funcionamento da m\u00e1quina de moagem de manteiga de amendoim<\/figcaption><\/figure>    <h2 class=\"wp-block-heading\">Caracter\u00edsticas do moinho coloidal de manteiga de amendoim pequeno<\/h2>    <ul class=\"wp-block-list\"> <li>Os principais componentes da m\u00e1quina s\u00e3o constru\u00eddos em a\u00e7o inoxid\u00e1vel, tornando-a f\u00e1cil de limpar e altamente dur\u00e1vel.<\/li>    <li>As l\u00e2minas abrasivas s\u00e3o fabricadas com material abrasivo de alta qualidade com um forte agente de liga\u00e7\u00e3o, garantindo um desempenho duradouro.<\/li>    <li>O espa\u00e7amento entre as l\u00e2minas abrasivas pode ser ajustado para acomodar v\u00e1rios n\u00edveis de desbaste.<\/li>    <li>O amendoim pode ser processado diretamente em manteiga de amendoim, sem a necessidade de pr\u00e9-esmagamento.<\/li>    <li>Seu tamanho pequeno e design compacto resultam em um espa\u00e7o m\u00ednimo, tornando-o f\u00e1cil de usar e de manter.<\/li>    <li>Alto rendimento e efici\u00eancia o tornam uma escolha popular para aplica\u00e7\u00f5es dom\u00e9sticas e comerciais.<\/li>    <li>Esta m\u00e1quina para fazer manteiga de amendoim em pequena escala tem uma ampla gama de utiliza\u00e7\u00f5es, adequada para ind\u00fastrias como aliment\u00edcia, qu\u00edmica, produtos qu\u00edmicos di\u00e1rios, farmac\u00eautica, constru\u00e7\u00e3o e muito mais.<\/li> <\/ul>   <div class=\"wp-block-image\"> <figure class=\"aligncenter size-full\"><img loading=\"lazy\" decoding=\"async\" width=\"720\" height=\"540\" src=\"https:\/\/www.peanuts-machine.com\/wp-content\/uploads\/2022\/08\/peanut-butter-maker-shipment.webp\" alt=\"mini m\u00e1quina de manteiga de amendoim\" class=\"wp-image-142\" title=\"\" srcset=\"https:\/\/www.peanuts-machine.com\/wp-content\/uploads\/2022\/08\/peanut-butter-maker-shipment.webp 720w, https:\/\/www.peanuts-machine.com\/wp-content\/uploads\/2022\/08\/peanut-butter-maker-shipment-300x225.webp 300w\" sizes=\"auto, (max-width: 720px) 100vw, 720px\" \/><figcaption class=\"wp-element-caption\">mini m\u00e1quina de manteiga de amendoim<\/figcaption><\/figure> <\/div>   <h2 class=\"wp-block-heading\">Par\u00e2metros do moinho de manteiga de amendoim <\/h2>    <p>Esta m\u00e1quina para fazer manteiga de amendoim em pequena escala \u00e9 a escolha preferida de v\u00e1rios produtores comerciais de manteiga de amendoim. Ele m\u00f3i sem esfor\u00e7o amendoins, am\u00eandoas, sementes de gergelim e outros ingredientes em um molho fino, macio e cremoso, perfeitamente adequado para as necessidades de produ\u00e7\u00e3o de pequenas e m\u00e9dias empresas. <\/p>    <p>Al\u00e9m disso, seu design compacto, baixos n\u00edveis de ru\u00eddo e procedimentos f\u00e1ceis de limpeza e manuten\u00e7\u00e3o fazem dele um favorito entre empresas nacionais e internacionais.<\/p>    <figure class=\"wp-block-table is-style-stripes\"><table><tbody><tr><td>Modelo<\/td><td>Capacidade (kg\/h)<\/td><td>Tamanho da m\u00e1quina (mm)<\/td><td>Pot\u00eancia (kw)<\/td><td>Peso (kg)<\/td><\/tr><tr><td>TZ-70<\/td><td>50-80<\/td><td>650*320*650<\/td><td>2.2<\/td><td>70<\/td><\/tr><tr><td>TZ-85<\/td><td>100-150<\/td><td>900*350*900<\/td><td>5.5<\/td><td>170<\/td><\/tr><tr><td>TZ-130<\/td><td>200-300<\/td><td>1000*350*1000<\/td><td>11<\/td><td>270<\/td><\/tr><\/tbody><\/table><figcaption class=\"wp-element-caption\">dados t\u00e9cnicos da m\u00e1quina de fazer manteiga de amendoim em pequena escala<\/figcaption><\/figure>    <p>Besides these three models, we offer additional options for customers to select from. If you&#8217;re interested in this machine, please don&#8217;t hesitate to contact us.<\/p>   <div class=\"wp-block-image\"> <figure class=\"aligncenter size-full\"><img loading=\"lazy\" decoding=\"async\" width=\"720\" height=\"540\" src=\"https:\/\/www.peanuts-machine.com\/wp-content\/uploads\/2022\/12\/small-scale-peanut-butter-making-machines.webp\" alt=\"m\u00e1quinas de pequena escala para fazer manteiga de amendoim\" class=\"wp-image-985\" title=\"\" srcset=\"https:\/\/www.peanuts-machine.com\/wp-content\/uploads\/2022\/12\/small-scale-peanut-butter-making-machines.webp 720w, https:\/\/www.peanuts-machine.com\/wp-content\/uploads\/2022\/12\/small-scale-peanut-butter-making-machines-300x225.webp 300w, https:\/\/www.peanuts-machine.com\/wp-content\/uploads\/2022\/12\/small-scale-peanut-butter-making-machines-16x12.webp 16w\" sizes=\"auto, (max-width: 720px) 100vw, 720px\" \/><figcaption class=\"wp-element-caption\">m\u00e1quinas de pequena escala para fazer manteiga de amendoim<\/figcaption><\/figure> <\/div>   <h2 class=\"wp-block-heading\">Princ\u00edpio de funcionamento da pequena m\u00e1quina de manteiga de amendoim<\/h2>    <p>A m\u00e1quina de manteiga de amendoim, tamb\u00e9m conhecida como moinho coloidal de manteiga de amendoim, apresenta um pequeno espa\u00e7o ajust\u00e1vel entre seus dois componentes de moagem.<\/p>    <ul class=\"wp-block-list\"> <li>\u00c0 medida que o material se move atrav\u00e9s dessa abertura, a rota\u00e7\u00e3o de alta velocidade do rotor acelera o material que se agarra \u00e0 sua superf\u00edcie, enquanto o material no estator permanece estacion\u00e1rio.<\/li>    <li>Isso cria uma diferen\u00e7a significativa de velocidade, submetendo o material a for\u00e7as f\u00edsicas intensas como cisalhamento, fric\u00e7\u00e3o, vibra\u00e7\u00f5es de alta frequ\u00eancia e v\u00f3rtices r\u00e1pidos.<\/li>    <li>Como resultado, o material \u00e9 efetivamente emulsionado, disperso, homogeneizado e triturado, produzindo finalmente manteiga de amendoim.<\/li> <\/ul>   <div class=\"wp-block-image\"> <figure class=\"aligncenter size-full\"><img loading=\"lazy\" decoding=\"async\" width=\"750\" height=\"577\" src=\"https:\/\/www.peanuts-machine.com\/wp-content\/uploads\/2022\/12\/groundnut-grinder-machine.webp\" alt=\"m\u00e1quina moedora de amendoim\" class=\"wp-image-295\" title=\"\" srcset=\"https:\/\/www.peanuts-machine.com\/wp-content\/uploads\/2022\/12\/groundnut-grinder-machine.webp 750w, https:\/\/www.peanuts-machine.com\/wp-content\/uploads\/2022\/12\/groundnut-grinder-machine-300x231.webp 300w\" sizes=\"auto, (max-width: 750px) 100vw, 750px\" \/><figcaption class=\"wp-element-caption\">m\u00e1quina moedora de amendoim<\/figcaption><\/figure> <\/div>   <h2 class=\"wp-block-heading\">Projeto de m\u00e1quina para fazer manteiga de amendoim em pequena escala<\/h2>    <p>Esta m\u00e1quina compacta para fazer manteiga de amendoim em pequena escala possui um funil de a\u00e7o inoxid\u00e1vel, acess\u00f3rios para tubos de \u00e1gua de resfriamento de a\u00e7o inoxid\u00e1vel, um disco ajust\u00e1vel e uma porta de descarga de a\u00e7o inoxid\u00e1vel, todos suportados por uma base resistente para maior estabilidade.<\/p>    <p>A m\u00e1quina inclui uma c\u00e2mara de britagem com tr\u00eas \u00e1reas de moagem distintas: a primeira para moagem grossa, a segunda para moagem fina e a terceira para moagem ultrafina.<\/p>    <p>Ao ajustar a folga entre o estator e o rotor, voc\u00ea pode obter um efeito de britagem superfino ideal. Para quem procura uma manteiga de amendoim ainda mais fina, tamb\u00e9m podemos incorporar um moedor adicional para moagem dupla.<\/p>   <div class=\"wp-block-image\"> <figure class=\"aligncenter size-full\"><img loading=\"lazy\" decoding=\"async\" width=\"750\" height=\"805\" src=\"https:\/\/www.peanuts-machine.com\/wp-content\/uploads\/2022\/08\/structure-of-small-peanut-butter-colloid-mill.webp\" alt=\"estrutura do pequeno moinho coloidal de manteiga de amendoim\" class=\"wp-image-98\" title=\"\" srcset=\"https:\/\/www.peanuts-machine.com\/wp-content\/uploads\/2022\/08\/structure-of-small-peanut-butter-colloid-mill.webp 750w, https:\/\/www.peanuts-machine.com\/wp-content\/uploads\/2022\/08\/structure-of-small-peanut-butter-colloid-mill-280x300.webp 280w\" sizes=\"auto, (max-width: 750px) 100vw, 750px\" \/><figcaption class=\"wp-element-caption\">estrutura do pequeno moinho coloidal de manteiga de amendoim<\/figcaption><\/figure> <\/div>   <h2 class=\"wp-block-heading\">Vende-se fabricante industrial de manteiga de amendoim<\/h2>    <p class=\"translation-block\">A nossa f\u00e1brica oferece uma vasta gama de m\u00e1quinas pequenas de manteiga de amendoim. Para al\u00e9m das nossas op\u00e7\u00f5es em pequena escala, tamb\u00e9m temos <a href=\"https:\/\/www.peanuts-machine.com\/pt\/product\/commercial-peanut-butter-machine\/\">m\u00e1quinas comerciais de manteiga de amendoim<\/a> dispon\u00edveis. A m\u00e1quina de moagem de manteiga de amendoim em grande escala pode produzir at\u00e9 1000kg\/h. <\/p>    <p>Isso permite que os clientes selecionem as m\u00e1quinas que melhor atendem \u00e0s suas necessidades, com muitas op\u00e7\u00f5es para escolher. Al\u00e9m disso, se voc\u00ea tiver requisitos espec\u00edficos, teremos prazer em fornecer servi\u00e7os personalizados para atender a essas necessidades.<\/p>   <div class=\"wp-block-image\"> <figure class=\"aligncenter size-full\"><img loading=\"lazy\" decoding=\"async\" width=\"720\" height=\"540\" src=\"https:\/\/www.peanuts-machine.com\/wp-content\/uploads\/2022\/12\/stainless-steel-peanut-butter-machines.webp\" alt=\"m\u00e1quinas de manteiga de amendoim em a\u00e7o inoxid\u00e1vel\" class=\"wp-image-986\" title=\"\" srcset=\"https:\/\/www.peanuts-machine.com\/wp-content\/uploads\/2022\/12\/stainless-steel-peanut-butter-machines.webp 720w, https:\/\/www.peanuts-machine.com\/wp-content\/uploads\/2022\/12\/stainless-steel-peanut-butter-machines-300x225.webp 300w, https:\/\/www.peanuts-machine.com\/wp-content\/uploads\/2022\/12\/stainless-steel-peanut-butter-machines-16x12.webp 16w\" sizes=\"auto, (max-width: 720px) 100vw, 720px\" \/><figcaption class=\"wp-element-caption\">m\u00e1quinas de manteiga de amendoim em a\u00e7o inoxid\u00e1vel<\/figcaption><\/figure> <\/div>   <h2 class=\"wp-block-heading\">Quais s\u00e3o os benef\u00edcios da manteiga de amendoim?<\/h2>    <p>A manteiga de amendoim \u00e9 uma \u00f3tima fonte de fibra alimentar, que pode ajudar a controlar os n\u00edveis de a\u00e7\u00facar no sangue e colesterol, ao mesmo tempo que reduz o risco de c\u00e2ncer de c\u00f3lon. <\/p>    <p>Al\u00e9m disso, \u00e9 repleto de nutrientes essenciais, incluindo prote\u00ednas, vitamina E, B3 e minerais importantes como cobre, ferro, c\u00e1lcio e pot\u00e1ssio. Comer manteiga de amendoim crua pode aumentar ainda mais esses benef\u00edcios. <\/p>   <div class=\"wp-block-image\"> <figure class=\"aligncenter size-full\"><img loading=\"lazy\" decoding=\"async\" width=\"720\" height=\"540\" src=\"https:\/\/www.peanuts-machine.com\/wp-content\/uploads\/2022\/12\/nut-nutter-grinding-mills.webp\" alt=\"moinhos de moagem de amendoim\" class=\"wp-image-987\" title=\"\" srcset=\"https:\/\/www.peanuts-machine.com\/wp-content\/uploads\/2022\/12\/nut-nutter-grinding-mills.webp 720w, https:\/\/www.peanuts-machine.com\/wp-content\/uploads\/2022\/12\/nut-nutter-grinding-mills-300x225.webp 300w, https:\/\/www.peanuts-machine.com\/wp-content\/uploads\/2022\/12\/nut-nutter-grinding-mills-16x12.webp 16w\" sizes=\"auto, (max-width: 720px) 100vw, 720px\" \/><figcaption class=\"wp-element-caption\">moinhos de moagem de amendoim<\/figcaption><\/figure> <\/div>   <p class=\"translation-block\">Muitas pessoas preocupam-se que consumir manteiga de amendoim possa levar ao aumento de peso, mas na realidade, pode ajudar a sentir-se saciado. Uma pequena por\u00e7\u00e3o de manteiga de amendoim pode saciar a fome mais eficazmente do que alimentos t\u00edpicos como arroz ou massa. Se se mantiver na por\u00e7\u00e3o correta, pode desfrutar de <a href=\"https:\/\/en.wikipedia.org\/wiki\/Peanut_butter\" target=\"_blank\" rel=\"noopener\">manteiga de amendoim<\/a> enquanto mant\u00e9m um peso saud\u00e1vel.<\/p>","protected":false},"excerpt":{"rendered":"<p>A m\u00e1quina para fazer manteiga de amendoim em pequena escala \u00e9 vers\u00e1til para fazer uma variedade de pastas saborosas, nutritivas e frescas. Capaz de controlar o tamanho de part\u00edcula de 100 a 150 m\u00edcrons com mais de uniformidade 90%.<\/p>","protected":false},"author":1,"featured_media":298,"parent":0,"template":"","tags":[35],"product-type":[51,46],"class_list":["post-294","product","type-product","status-publish","has-post-thumbnail","hentry","tag-peanut-butter","product-type-peanut-butter-machine","product-type-products"],"_links":{"self":[{"href":"https:\/\/www.peanuts-machine.com\/pt\/wp-json\/wp\/v2\/product\/294","targetHints":{"allow":["GET"]}}],"collection":[{"href":"https:\/\/www.peanuts-machine.com\/pt\/wp-json\/wp\/v2\/product"}],"about":[{"href":"https:\/\/www.peanuts-machine.com\/pt\/wp-json\/wp\/v2\/types\/product"}],"author":[{"embeddable":true,"href":"https:\/\/www.peanuts-machine.com\/pt\/wp-json\/wp\/v2\/users\/1"}],"wp:featuredmedia":[{"embeddable":true,"href":"https:\/\/www.peanuts-machine.com\/pt\/wp-json\/wp\/v2\/media\/298"}],"wp:attachment":[{"href":"https:\/\/www.peanuts-machine.com\/pt\/wp-json\/wp\/v2\/media?parent=294"}],"wp:term":[{"taxonomy":"post_tag","embeddable":true,"href":"https:\/\/www.peanuts-machine.com\/pt\/wp-json\/wp\/v2\/tags?post=294"},{"taxonomy":"product-type","embeddable":true,"href":"https:\/\/www.peanuts-machine.com\/pt\/wp-json\/wp\/v2\/product-type?post=294"}],"curies":[{"name":"wp","href":"https:\/\/api.w.org\/{rel}","templated":true}]}}