{"id":300,"date":"2023-01-10T16:29:50","date_gmt":"2023-01-10T08:29:50","guid":{"rendered":"https:\/\/www.peanuts-machine.com\/?post_type=product&#038;p=300"},"modified":"2026-01-14T16:04:46","modified_gmt":"2026-01-14T08:04:46","slug":"continuous-peanut-roasting-oven","status":"publish","type":"product","link":"https:\/\/www.peanuts-machine.com\/pt\/product\/continuous-peanut-roasting-oven\/","title":{"rendered":"Forno de Torrefa\u00e7\u00e3o Cont\u00ednua de Amendoim | Torrador de Nozes Multifuncional"},"content":{"rendered":"<div class=\"kk-star-ratings kksr-auto kksr-align-left kksr-valign-top\"     data-payload='{&quot;align&quot;:&quot;left&quot;,&quot;id&quot;:&quot;300&quot;,&quot;slug&quot;:&quot;default&quot;,&quot;valign&quot;:&quot;top&quot;,&quot;ignore&quot;:&quot;&quot;,&quot;reference&quot;:&quot;auto&quot;,&quot;class&quot;:&quot;&quot;,&quot;count&quot;:&quot;17&quot;,&quot;legendonly&quot;:&quot;&quot;,&quot;readonly&quot;:&quot;&quot;,&quot;score&quot;:&quot;4.7&quot;,&quot;starsonly&quot;:&quot;&quot;,&quot;best&quot;:&quot;5&quot;,&quot;gap&quot;:&quot;5&quot;,&quot;greet&quot;:&quot;Rate this product&quot;,&quot;legend&quot;:&quot;4.7\\\/5 - (17 votes)&quot;,&quot;size&quot;:&quot;24&quot;,&quot;title&quot;:&quot;Continuous Peanut Roasting Oven | Multifunctional Nuts Roaster&quot;,&quot;width&quot;:&quot;133.8&quot;,&quot;_legend&quot;:&quot;{score}\\\/{best} - ({count} {votes})&quot;,&quot;font_factor&quot;:&quot;1.25&quot;}'>              <div class=\"kksr-stars\">      <div class=\"kksr-stars-inactive\">             <div class=\"kksr-star\" data-star=\"1\" style=\"padding-right: 5px\">               <div class=\"kksr-icon\" style=\"width: 24px; height: 24px;\"><\/div>         <\/div>             <div class=\"kksr-star\" data-star=\"2\" style=\"padding-right: 5px\">               <div class=\"kksr-icon\" style=\"width: 24px; height: 24px;\"><\/div>         <\/div>             <div class=\"kksr-star\" data-star=\"3\" style=\"padding-right: 5px\">               <div class=\"kksr-icon\" style=\"width: 24px; height: 24px;\"><\/div>         <\/div>             <div class=\"kksr-star\" data-star=\"4\" style=\"padding-right: 5px\">               <div class=\"kksr-icon\" style=\"width: 24px; height: 24px;\"><\/div>         <\/div>             <div class=\"kksr-star\" data-star=\"5\" style=\"padding-right: 5px\">               <div class=\"kksr-icon\" style=\"width: 24px; height: 24px;\"><\/div>         <\/div>     <\/div>      <div class=\"kksr-stars-active\" style=\"width: 133.8px;\">             <div class=\"kksr-star\" style=\"padding-right: 5px\">               <div class=\"kksr-icon\" style=\"width: 24px; height: 24px;\"><\/div>         <\/div>             <div class=\"kksr-star\" style=\"padding-right: 5px\">               <div class=\"kksr-icon\" style=\"width: 24px; height: 24px;\"><\/div>         <\/div>             <div class=\"kksr-star\" style=\"padding-right: 5px\">               <div class=\"kksr-icon\" style=\"width: 24px; height: 24px;\"><\/div>         <\/div>             <div class=\"kksr-star\" style=\"padding-right: 5px\">               <div class=\"kksr-icon\" style=\"width: 24px; height: 24px;\"><\/div>         <\/div>             <div class=\"kksr-star\" style=\"padding-right: 5px\">               <div class=\"kksr-icon\" style=\"width: 24px; height: 24px;\"><\/div>         <\/div>     <\/div> <\/div>                   <div class=\"kksr-legend\" style=\"font-size: 19.2px;\">             4,7\/5 - (17 votos)    <\/div>     <\/div>  <p>O forno cont\u00ednuo de torrefa\u00e7\u00e3o de amendoins tipo correia \u00e9 um dispositivo multifuncional que combina fun\u00e7\u00f5es de secagem a baixa temperatura e torrefa\u00e7\u00e3o a alta temperatura, adequado para o processamento cont\u00ednuo de v\u00e1rios frutos secos e materiais granulares. <\/p>    <p>O equipamento suporta aquecimento el\u00e9trico ou a g\u00e1s e est\u00e1 equipado com um sistema de circula\u00e7\u00e3o de ar quente, que pode poupar energia e reduzir o consumo de forma eficaz. \u00c9 amplamente utilizado em empresas de processamento de alimentos para a torrefa\u00e7\u00e3o automatizada de produtos agr\u00edcolas como amendoins, sementes de s\u00e9samo e sementes de girassol. <\/p>    <figure class=\"wp-block-embed aligncenter is-type-video is-provider-youtube wp-block-embed-youtube wp-embed-aspect-16-9 wp-has-aspect-ratio\"><div class=\"wp-block-embed__wrapper\"> <iframe loading=\"lazy\" title=\"M\u00e1quina Cont\u00ednua de Torrefa\u00e7\u00e3o de Amendoim | Eficiente Torrador Tipo Correia em A\u00e7\u00e3o! \ud83e\udd5c\ud83d\udd25#torra #torrador\" width=\"500\" height=\"281\" src=\"https:\/\/www.youtube.com\/embed\/OPODSLCt6Go?feature=oembed\" frameborder=\"0\" allow=\"accelerometer; autoplay; clipboard-write; encrypted-media; gyroscope; picture-in-picture; web-share\" referrerpolicy=\"strict-origin-when-cross-origin\" allowfullscreen><\/iframe> <\/div><figcaption class=\"wp-element-caption\">V\u00eddeo de trabalho do forno cont\u00ednuo de torrefa\u00e7\u00e3o de amendoins<\/figcaption><\/figure>    <p>Ao ajustar a temperatura e a velocidade da correia transportadora, a m\u00e1quina pode alcan\u00e7ar flexivelmente a torrefa\u00e7\u00e3o autom\u00e1tica cont\u00ednua em todo o processo, desde a alimenta\u00e7\u00e3o da mat\u00e9ria-prima at\u00e9 \u00e0 descarga do produto, tornando-a um dispositivo ideal para melhorar a efici\u00eancia da produ\u00e7\u00e3o e a qualidade do produto.<\/p>   <div class=\"wp-block-image\"> <figure class=\"aligncenter size-full\"><img loading=\"lazy\" decoding=\"async\" width=\"720\" height=\"540\" src=\"https:\/\/www.peanuts-machine.com\/wp-content\/uploads\/2023\/01\/continuous-peanut-roasting-machine.webp\" alt=\"M\u00e1quina cont\u00ednua de torrefa\u00e7\u00e3o de amendoins\" class=\"wp-image-779\" title=\"\" srcset=\"https:\/\/www.peanuts-machine.com\/wp-content\/uploads\/2023\/01\/continuous-peanut-roasting-machine.webp 720w, https:\/\/www.peanuts-machine.com\/wp-content\/uploads\/2023\/01\/continuous-peanut-roasting-machine-300x225.webp 300w, https:\/\/www.peanuts-machine.com\/wp-content\/uploads\/2023\/01\/continuous-peanut-roasting-machine-16x12.webp 16w\" sizes=\"auto, (max-width: 720px) 100vw, 720px\" \/><figcaption class=\"wp-element-caption\">M\u00e1quina cont\u00ednua de torrefa\u00e7\u00e3o de amendoins<\/figcaption><\/figure> <\/div>   <h2 class=\"wp-block-heading\">Destaques da torradeira autom\u00e1tica cont\u00ednua<\/h2>    <ul class=\"wp-block-list\"> <li>Controlo de temperatura flex\u00edvel: ampla gama de temperaturas (0-300\u00b0C ajust\u00e1vel) para atender a v\u00e1rias necessidades, desde secagem a baixa temperatura at\u00e9 cozedura a alta temperatura.<\/li>    <li>Opera\u00e7\u00e3o f\u00e1cil de usar: o design de opera\u00e7\u00e3o totalmente autom\u00e1tico requer apenas um operador, poupando custos de m\u00e3o de obra.<\/li>    <li>Materiais de grau alimentar: todas as pe\u00e7as em contacto com os materiais s\u00e3o feitas de a\u00e7o inoxid\u00e1vel, garantindo seguran\u00e7a, higiene e f\u00e1cil limpeza.<\/li>    <li>Eficiente em termos energ\u00e9ticos e ecol\u00f3gico: material de isolamento de alta qualidade e sistema de circula\u00e7\u00e3o de ar quente reduzem significativamente a perda de calor.<\/li>    <li>Torrefa\u00e7\u00e3o uniforme: uma estrutura racional de distribui\u00e7\u00e3o de ar quente garante o aquecimento uniforme dos materiais, resultando em melhor cor e sabor.<\/li>    <li>Sistema de arrefecimento autom\u00e1tico: evita a torrefa\u00e7\u00e3o excessiva e melhora a estabilidade do produto.<\/li>    <li>Alta adaptabilidade: velocidade de transporte ajust\u00e1vel (25-40 Hz) e espessura do material (4-10 mm) para acomodar flexivelmente diferentes requisitos de material.<\/li> <\/ul>   <div class=\"wp-block-image\"> <figure class=\"aligncenter size-full\"><img loading=\"lazy\" decoding=\"async\" width=\"720\" height=\"540\" src=\"https:\/\/www.peanuts-machine.com\/wp-content\/uploads\/2023\/01\/continuous-nut-roaster.webp\" alt=\"Torrefador cont\u00ednuo de frutos secos\" class=\"wp-image-780\" title=\"\" srcset=\"https:\/\/www.peanuts-machine.com\/wp-content\/uploads\/2023\/01\/continuous-nut-roaster.webp 720w, https:\/\/www.peanuts-machine.com\/wp-content\/uploads\/2023\/01\/continuous-nut-roaster-300x225.webp 300w, https:\/\/www.peanuts-machine.com\/wp-content\/uploads\/2023\/01\/continuous-nut-roaster-16x12.webp 16w\" sizes=\"auto, (max-width: 720px) 100vw, 720px\" \/><figcaption class=\"wp-element-caption\">Torrefador cont\u00ednuo de frutos secos<\/figcaption><\/figure> <\/div>   <h2 class=\"wp-block-heading\">Escopo de aplica\u00e7\u00e3o do forno de torrefa\u00e7\u00e3o transportador<\/h2>    <p>Este forno cont\u00ednuo de torrefa\u00e7\u00e3o de amendoins \u00e9 adequado para torrar uma variedade de frutos secos e subprodutos agr\u00edcolas, incluindo, mas n\u00e3o se limitando a:<\/p>    <ul class=\"wp-block-list\"> <li>V\u00e1rios tipos de amendoins (com casca\/sem casca).<\/li>    <li>Sementes de s\u00e9samo, sementes de girassol (sementes de girassol, sementes de ab\u00f3bora, etc.).<\/li>    <li>Soja, feij\u00e3o verde, fava, ervilhas e outras leguminosas.<\/li>    <li>Caju, am\u00eandoa, noz, pinh\u00e3o, avel\u00e3, pist\u00e1cio e outros frutos secos.<\/li>    <li>Pimentas secas, frutas secas, vegetais secos e outros alimentos aromatizados.<\/li> <\/ul>    <p>Seja para secagem, torrefa\u00e7\u00e3o ou realce de aroma, esta m\u00e1quina pode atender com precis\u00e3o aos requisitos de processamento de diferentes produtos.<\/p>   <div class=\"wp-block-image\"> <figure class=\"aligncenter size-full\"><img loading=\"lazy\" decoding=\"async\" width=\"720\" height=\"540\" src=\"https:\/\/www.peanuts-machine.com\/wp-content\/uploads\/2023\/01\/application-scope.webp\" alt=\"escopo de aplica\u00e7\u00e3o\" class=\"wp-image-301\" title=\"\" srcset=\"https:\/\/www.peanuts-machine.com\/wp-content\/uploads\/2023\/01\/application-scope.webp 720w, https:\/\/www.peanuts-machine.com\/wp-content\/uploads\/2023\/01\/application-scope-300x225.webp 300w\" sizes=\"auto, (max-width: 720px) 100vw, 720px\" \/><figcaption class=\"wp-element-caption\">escopo de aplica\u00e7\u00e3o<\/figcaption><\/figure> <\/div>   <h2 class=\"wp-block-heading\">Estrutura do forno de torrefa\u00e7\u00e3o cont\u00ednua de amendoim<\/h2>    <p>O forno cont\u00ednuo para torrar amendoim inclui um elevador, uma se\u00e7\u00e3o de alimenta\u00e7\u00e3o, uma se\u00e7\u00e3o de torrefa\u00e7\u00e3o, uma se\u00e7\u00e3o de resfriamento, uma se\u00e7\u00e3o de descarga e uma se\u00e7\u00e3o de peneira vibrat\u00f3ria. V\u00e1rias \u00e1reas s\u00e3o isoladas para reduzir a perda de calor e diminuir os custos operacionais.<\/p>   <div class=\"wp-block-image\"> <figure class=\"aligncenter size-full\"><img loading=\"lazy\" decoding=\"async\" width=\"720\" height=\"540\" src=\"https:\/\/www.peanuts-machine.com\/wp-content\/uploads\/2023\/01\/structure-of-industrial-peanut-roasting-machine.webp\" alt=\"estrutura da m\u00e1quina industrial de torrefa\u00e7\u00e3o de amendoim\" class=\"wp-image-308\" title=\"\" srcset=\"https:\/\/www.peanuts-machine.com\/wp-content\/uploads\/2023\/01\/structure-of-industrial-peanut-roasting-machine.webp 720w, https:\/\/www.peanuts-machine.com\/wp-content\/uploads\/2023\/01\/structure-of-industrial-peanut-roasting-machine-300x225.webp 300w\" sizes=\"auto, (max-width: 720px) 100vw, 720px\" \/><figcaption class=\"wp-element-caption\">estrutura da m\u00e1quina industrial de torrefa\u00e7\u00e3o de amendoim<\/figcaption><\/figure> <\/div>  <div class=\"wp-block-image\"> <figure class=\"aligncenter size-full\"><img loading=\"lazy\" decoding=\"async\" width=\"720\" height=\"540\" src=\"https:\/\/www.peanuts-machine.com\/wp-content\/uploads\/2023\/01\/machine-details.webp\" alt=\"detalhes da m\u00e1quina\" class=\"wp-image-305\" title=\"\" srcset=\"https:\/\/www.peanuts-machine.com\/wp-content\/uploads\/2023\/01\/machine-details.webp 720w, https:\/\/www.peanuts-machine.com\/wp-content\/uploads\/2023\/01\/machine-details-300x225.webp 300w\" sizes=\"auto, (max-width: 720px) 100vw, 720px\" \/><figcaption class=\"wp-element-caption\">detalhes da m\u00e1quina<\/figcaption><\/figure> <\/div>   <h2 class=\"wp-block-heading\">Princ\u00edpio de funcionamento da m\u00e1quina de torrar nozes<\/h2>    <p>Voc\u00ea pode usar eletricidade ou g\u00e1s para torrar amendoim. <\/p>    <ol class=\"wp-block-list\"> <li>Primeiro, o operador deve carregar os amendoins na tremonha de alimenta\u00e7\u00e3o. Em seguida, um elevador transportar\u00e1 os amendoins at\u00e9 o sistema de torrefa\u00e7\u00e3o. <\/li>    <li>Depois disso, os amendoins ser\u00e3o distribu\u00eddos uniformemente na assadeira. O forno pode atingir temperaturas de 180-200\u00b0C. Ap\u00f3s cerca de 20 minutos de torrefa\u00e7\u00e3o, o amendoim estar\u00e1 pronto. <\/li>    <li>Em seguida, mover-se-\u00e3o para a sec\u00e7\u00e3o de arrefecimento do forno cont\u00ednuo de torrefa\u00e7\u00e3o de amendoins. Ap\u00f3s 10 minutos, os amendoins arrefecidos ser\u00e3o libertados pela porta de descarga.<\/li> <\/ol>   <div class=\"wp-block-image\"> <figure class=\"aligncenter size-full\"><img loading=\"lazy\" decoding=\"async\" width=\"720\" height=\"540\" src=\"https:\/\/www.peanuts-machine.com\/wp-content\/uploads\/2023\/01\/industrial-peanut-roaster.webp\" alt=\"torrador de amendoim industrial\" class=\"wp-image-304\" title=\"\" srcset=\"https:\/\/www.peanuts-machine.com\/wp-content\/uploads\/2023\/01\/industrial-peanut-roaster.webp 720w, https:\/\/www.peanuts-machine.com\/wp-content\/uploads\/2023\/01\/industrial-peanut-roaster-300x225.webp 300w\" sizes=\"auto, (max-width: 720px) 100vw, 720px\" \/><figcaption class=\"wp-element-caption\">torrador de amendoim industrial<\/figcaption><\/figure> <\/div>   <h2 class=\"wp-block-heading\">Detalhes do processo de trabalho<\/h2>    <ul class=\"wp-block-list\"> <li>Ao utilizar queimadores separados para aquecimento superior e inferior, o forno \u00e9 mais f\u00e1cil de controlar e mais responsivo. <\/li>    <li>Cada zona possui suas pr\u00f3prias configura\u00e7\u00f5es de temperatura, permitindo um controle independente. <\/li>    <li>Para minimizar o consumo de energia, um queimador \u00e9 designado para aquecimento superior e outro para aquecimento inferior em cada zona. <\/li>    <li>Ao contr\u00e1rio dos fornos convencionais que param de funcionar se um queimador falhar, os nossos fornos continuam a funcionar de forma eficaz devido \u00e0 presen\u00e7a de m\u00faltiplos queimadores, garantindo fiabilidade. <\/li>    <li>Ap\u00f3s o processo de cozimento, \u00e9 inclu\u00edda uma se\u00e7\u00e3o de resfriamento final para evitar que o produto saia do forno muito quente e absorva a umidade do ar. <\/li>    <li>Al\u00e9m disso, um agitador de alimenta\u00e7\u00e3o pode ser instalado na extremidade de entrada e um agitador de coleta na extremidade de sa\u00edda, mediante solicita\u00e7\u00e3o.<\/li> <\/ul>   <div class=\"wp-block-image\"> <figure class=\"aligncenter size-full\"><img loading=\"lazy\" decoding=\"async\" width=\"720\" height=\"540\" src=\"https:\/\/www.peanuts-machine.com\/wp-content\/uploads\/2023\/01\/continuous-peanut-roasting-oven.webp\" alt=\"forno cont\u00ednuo para torrar amendoim\" class=\"wp-image-303\" title=\"\" srcset=\"https:\/\/www.peanuts-machine.com\/wp-content\/uploads\/2023\/01\/continuous-peanut-roasting-oven.webp 720w, https:\/\/www.peanuts-machine.com\/wp-content\/uploads\/2023\/01\/continuous-peanut-roasting-oven-300x225.webp 300w\" sizes=\"auto, (max-width: 720px) 100vw, 720px\" \/><figcaption class=\"wp-element-caption\">forno cont\u00ednuo para torrar amendoim<\/figcaption><\/figure> <\/div>   <h2 class=\"wp-block-heading\">Par\u00e2metros da m\u00e1quina de torrar am\u00eandoas<\/h2>    <figure class=\"wp-block-table is-style-stripes\"><table><tbody><tr><td>Tipo<\/td><td>TZ-200<\/td><td>TZ-300<\/td><td>TZ-500<\/td><td>TZ-1000<\/td><\/tr><tr><td>Capacidade (kg\/h)<\/td><td>200<\/td><td>300-350<\/td><td>500<\/td><td>1000<\/td><\/tr><tr><td>Tamanho M)<\/td><td>Elevador: 1.5*0.8*2.8<br>Forno de torrefa\u00e7\u00e3o: 6.9*1.5*2.6<\/td><td>Elevador: 1.5*0.8*2.8<br>Forno de torrefa\u00e7\u00e3o: 7.5*1.5*2.6<\/td><td>Elevador: 2.5*0.7*2.8<br>Forno de torrefa\u00e7\u00e3o: 8.5*1.8*2.6<\/td><td>Elevador: 2.5*0.7*2.8<br>Forno de torrefa\u00e7\u00e3o: 11*2.1*2.6<\/td><\/tr><tr><td>Pot\u00eancia de aquecimento (kw)<\/td><td>46<\/td><td>70<\/td><td>130<\/td><td>230<\/td><\/tr><tr><td>Pot\u00eancia (kw)<\/td><td>10<\/td><td>10<\/td><td>15<\/td><td>15<\/td><\/tr><\/tbody><\/table><figcaption class=\"wp-element-caption\">dados t\u00e9cnicos do forno de torrefa\u00e7\u00e3o cont\u00ednua de amendoim<\/figcaption><\/figure>   <div class=\"wp-block-image\"> <figure class=\"aligncenter size-full\"><img loading=\"lazy\" decoding=\"async\" width=\"720\" height=\"540\" src=\"https:\/\/www.peanuts-machine.com\/wp-content\/uploads\/2023\/01\/automatic-conveyor-roasting-machine.webp\" alt=\"m\u00e1quina de torrefa\u00e7\u00e3o com transportador autom\u00e1tico\" class=\"wp-image-628\" title=\"\" srcset=\"https:\/\/www.peanuts-machine.com\/wp-content\/uploads\/2023\/01\/automatic-conveyor-roasting-machine.webp 720w, https:\/\/www.peanuts-machine.com\/wp-content\/uploads\/2023\/01\/automatic-conveyor-roasting-machine-300x225.webp 300w, https:\/\/www.peanuts-machine.com\/wp-content\/uploads\/2023\/01\/automatic-conveyor-roasting-machine-16x12.webp 16w\" sizes=\"auto, (max-width: 720px) 100vw, 720px\" \/><figcaption class=\"wp-element-caption\">m\u00e1quina de torrefa\u00e7\u00e3o com transportador autom\u00e1tico<\/figcaption><\/figure> <\/div>   <p class=\"translation-block\">A torrefa\u00e7\u00e3o melhora a qualidade dos amendoins e pode produzir resultados diferentes, permitindo v\u00e1rios tipos de produ\u00e7\u00e3o, incluindo branqueamento de amendoins, corte, revestimento, moagem para <a href=\"https:\/\/www.peanuts-machine.com\/pt\/product\/peanut-butter-production-line\/\">linhas de produ\u00e7\u00e3o de manteiga de amendoim<\/a> e fritura. <\/p>    <p class=\"translation-block\">Al\u00e9m disso, temos outro tipo de <a href=\"https:\/\/www.peanuts-machine.com\/pt\/product\/peanut-roasting-machine\/\">m\u00e1quina de torrefa\u00e7\u00e3o de amendoins<\/a> para venda. As imagens e v\u00eddeos da m\u00e1quina s\u00e3o mostrados abaixo:<\/p>    <figure class=\"wp-block-embed aligncenter is-type-video is-provider-youtube wp-block-embed-youtube wp-embed-aspect-16-9 wp-has-aspect-ratio\"><div class=\"wp-block-embed__wrapper\"> <iframe loading=\"lazy\" title=\"M\u00e1quina eficiente de torrefa\u00e7\u00e3o e resfriamento de amendoim em a\u00e7\u00e3o! #amendoim #amendoim #roast\" width=\"500\" height=\"281\" src=\"https:\/\/www.youtube.com\/embed\/4rRCnqDT7xk?feature=oembed\" frameborder=\"0\" allow=\"accelerometer; autoplay; clipboard-write; encrypted-media; gyroscope; picture-in-picture; web-share\" referrerpolicy=\"strict-origin-when-cross-origin\" allowfullscreen><\/iframe> <\/div><figcaption class=\"wp-element-caption\">V\u00eddeo de trabalho da m\u00e1quina autom\u00e1tica de torrefa\u00e7\u00e3o de amendoins<\/figcaption><\/figure>   <div class=\"wp-block-image\"> <figure class=\"aligncenter size-full\"><img loading=\"lazy\" decoding=\"async\" width=\"720\" height=\"540\" src=\"https:\/\/www.peanuts-machine.com\/wp-content\/uploads\/2023\/01\/continuous-nut-roasting-oven.webp\" alt=\"M\u00e1quina autom\u00e1tica de torrefa\u00e7\u00e3o de frutos secos\" class=\"wp-image-629\" title=\"\" srcset=\"https:\/\/www.peanuts-machine.com\/wp-content\/uploads\/2023\/01\/continuous-nut-roasting-oven.webp 720w, https:\/\/www.peanuts-machine.com\/wp-content\/uploads\/2023\/01\/continuous-nut-roasting-oven-300x225.webp 300w, https:\/\/www.peanuts-machine.com\/wp-content\/uploads\/2023\/01\/continuous-nut-roasting-oven-16x12.webp 16w\" sizes=\"auto, (max-width: 720px) 100vw, 720px\" \/><figcaption class=\"wp-element-caption\">M\u00e1quina autom\u00e1tica de torrefa\u00e7\u00e3o de frutos secos<\/figcaption><\/figure> <\/div>   <p>Se necessitar de equipamento de torrefa\u00e7\u00e3o eficiente para a sua linha de processamento de frutos secos, as nossas m\u00e1quinas s\u00e3o, sem d\u00favida, uma escolha fi\u00e1vel. Se tiver requisitos especiais, contacte-nos e forneceremos op\u00e7\u00f5es personalizadas.<\/p>","protected":false},"excerpt":{"rendered":"<p>O forno cont\u00ednuo de torrefa\u00e7\u00e3o de amendoim \u00e9 adequado para secagem a baixa temperatura e torrefa\u00e7\u00e3o a alta temperatura de v\u00e1rias nozes e materiais granulares, apresentando baixo consumo de energia, controle de temperatura preciso e torrefa\u00e7\u00e3o uniforme.<\/p>","protected":false},"author":1,"featured_media":307,"parent":0,"template":"","tags":[56,36],"product-type":[50,46],"class_list":["post-300","product","type-product","status-publish","has-post-thumbnail","hentry","tag-nut","tag-peanut","product-type-peanut-roasting-machine","product-type-products"],"_links":{"self":[{"href":"https:\/\/www.peanuts-machine.com\/pt\/wp-json\/wp\/v2\/product\/300","targetHints":{"allow":["GET"]}}],"collection":[{"href":"https:\/\/www.peanuts-machine.com\/pt\/wp-json\/wp\/v2\/product"}],"about":[{"href":"https:\/\/www.peanuts-machine.com\/pt\/wp-json\/wp\/v2\/types\/product"}],"author":[{"embeddable":true,"href":"https:\/\/www.peanuts-machine.com\/pt\/wp-json\/wp\/v2\/users\/1"}],"wp:featuredmedia":[{"embeddable":true,"href":"https:\/\/www.peanuts-machine.com\/pt\/wp-json\/wp\/v2\/media\/307"}],"wp:attachment":[{"href":"https:\/\/www.peanuts-machine.com\/pt\/wp-json\/wp\/v2\/media?parent=300"}],"wp:term":[{"taxonomy":"post_tag","embeddable":true,"href":"https:\/\/www.peanuts-machine.com\/pt\/wp-json\/wp\/v2\/tags?post=300"},{"taxonomy":"product-type","embeddable":true,"href":"https:\/\/www.peanuts-machine.com\/pt\/wp-json\/wp\/v2\/product-type?post=300"}],"curies":[{"name":"wp","href":"https:\/\/api.w.org\/{rel}","templated":true}]}}