{"id":31,"date":"2022-08-09T06:11:21","date_gmt":"2022-08-09T06:11:21","guid":{"rendered":"https:\/\/www.peanuts-machine.com\/?post_type=product&#038;p=31"},"modified":"2026-02-06T15:53:37","modified_gmt":"2026-02-06T07:53:37","slug":"peanut-roasting-line","status":"publish","type":"product","link":"https:\/\/www.peanuts-machine.com\/pt\/product\/peanut-roasting-line\/","title":{"rendered":"Linha de Torrefa\u00e7\u00e3o de Amendoim | Processo de torrefa\u00e7\u00e3o de amendoim"},"content":{"rendered":"<div class=\"kk-star-ratings kksr-auto kksr-align-left kksr-valign-top\"     data-payload='{&quot;align&quot;:&quot;left&quot;,&quot;id&quot;:&quot;31&quot;,&quot;slug&quot;:&quot;default&quot;,&quot;valign&quot;:&quot;top&quot;,&quot;ignore&quot;:&quot;&quot;,&quot;reference&quot;:&quot;auto&quot;,&quot;class&quot;:&quot;&quot;,&quot;count&quot;:&quot;26&quot;,&quot;legendonly&quot;:&quot;&quot;,&quot;readonly&quot;:&quot;&quot;,&quot;score&quot;:&quot;4.8&quot;,&quot;starsonly&quot;:&quot;&quot;,&quot;best&quot;:&quot;5&quot;,&quot;gap&quot;:&quot;5&quot;,&quot;greet&quot;:&quot;Rate this product&quot;,&quot;legend&quot;:&quot;4.8\\\/5 - (26 votes)&quot;,&quot;size&quot;:&quot;24&quot;,&quot;title&quot;:&quot;Peanut Roasting Line | Peanut Roasting Process&quot;,&quot;width&quot;:&quot;136.7&quot;,&quot;_legend&quot;:&quot;{score}\\\/{best} - ({count} {votes})&quot;,&quot;font_factor&quot;:&quot;1.25&quot;}'>              <div class=\"kksr-stars\">      <div class=\"kksr-stars-inactive\">             <div class=\"kksr-star\" data-star=\"1\" style=\"padding-right: 5px\">               <div class=\"kksr-icon\" style=\"width: 24px; height: 24px;\"><\/div>         <\/div>             <div class=\"kksr-star\" data-star=\"2\" style=\"padding-right: 5px\">               <div class=\"kksr-icon\" style=\"width: 24px; height: 24px;\"><\/div>         <\/div>             <div class=\"kksr-star\" data-star=\"3\" style=\"padding-right: 5px\">               <div class=\"kksr-icon\" style=\"width: 24px; height: 24px;\"><\/div>         <\/div>             <div class=\"kksr-star\" data-star=\"4\" style=\"padding-right: 5px\">               <div class=\"kksr-icon\" style=\"width: 24px; height: 24px;\"><\/div>         <\/div>             <div class=\"kksr-star\" data-star=\"5\" style=\"padding-right: 5px\">               <div class=\"kksr-icon\" style=\"width: 24px; height: 24px;\"><\/div>         <\/div>     <\/div>      <div class=\"kksr-stars-active\" style=\"width: 136.7px;\">             <div class=\"kksr-star\" style=\"padding-right: 5px\">               <div class=\"kksr-icon\" style=\"width: 24px; height: 24px;\"><\/div>         <\/div>             <div class=\"kksr-star\" style=\"padding-right: 5px\">               <div class=\"kksr-icon\" style=\"width: 24px; height: 24px;\"><\/div>         <\/div>             <div class=\"kksr-star\" style=\"padding-right: 5px\">               <div class=\"kksr-icon\" style=\"width: 24px; height: 24px;\"><\/div>         <\/div>             <div class=\"kksr-star\" style=\"padding-right: 5px\">               <div class=\"kksr-icon\" style=\"width: 24px; height: 24px;\"><\/div>         <\/div>             <div class=\"kksr-star\" style=\"padding-right: 5px\">               <div class=\"kksr-icon\" style=\"width: 24px; height: 24px;\"><\/div>         <\/div>     <\/div> <\/div>                   <div class=\"kksr-legend\" style=\"font-size: 19.2px;\">             4,8\/5 - (26 votos)    <\/div>     <\/div>  <p class=\"translation-block\">A linha de torrefa\u00e7\u00e3o de amendoim \u00e9 principalmente usada para torrar amendoins e frutos secos. Assim, pode remover eficazmente a humidade dos amendoins. Al\u00e9m disso, esta linha de produ\u00e7\u00e3o \u00e9 uma parte integral da <a href=\"https:\/\/www.peanuts-machine.com\/pt\/product\/peanut-butter-production-line\/\">linha de produ\u00e7\u00e3o de manteiga de amendoim<\/a> e da <a href=\"https:\/\/www.peanuts-machine.com\/pt\/product\/coated-peanut-production-line\/\">linha de revestimento de amendoim<\/a>.<\/p>   <div class=\"wp-block-image\"> <figure class=\"aligncenter size-full\"><img loading=\"lazy\" decoding=\"async\" width=\"1024\" height=\"515\" src=\"https:\/\/www.peanuts-machine.com\/wp-content\/uploads\/2022\/08\/tz-peanut-roasting-equipment.webp\" alt=\"equipamento de torrefa\u00e7\u00e3o de amendoim tz\" class=\"wp-image-38\" title=\"\" srcset=\"https:\/\/www.peanuts-machine.com\/wp-content\/uploads\/2022\/08\/tz-peanut-roasting-equipment.webp 1024w, https:\/\/www.peanuts-machine.com\/wp-content\/uploads\/2022\/08\/tz-peanut-roasting-equipment-300x151.webp 300w, https:\/\/www.peanuts-machine.com\/wp-content\/uploads\/2022\/08\/tz-peanut-roasting-equipment-768x386.webp 768w\" sizes=\"auto, (max-width: 1024px) 100vw, 1024px\" \/><figcaption class=\"wp-element-caption\">Equipamento para torrefa\u00e7\u00e3o de amendoim TZ<\/figcaption><\/figure> <\/div>   <h2 class=\"wp-block-heading\" id=\"h-what-is-the-complete-peanut-roasting-process\">Qual \u00e9 o processo completo de torra do amendoim?<\/h2>    <p>A linha de torrefa\u00e7\u00e3o de amendoim inclui elevador de mat\u00e9ria-prima, funil de alimenta\u00e7\u00e3o, parte de torrefa\u00e7\u00e3o, parte de resfriamento e porta de descarga. Primeiramente, os amendoins entram na tremonha de alimenta\u00e7\u00e3o atrav\u00e9s do elevador de mat\u00e9ria-prima. Em seguida, entra na se\u00e7\u00e3o de torrefa\u00e7\u00e3o impulsionada pela placa de corrente na parte inferior. A correia transportadora de placas de corrente pode fazer com que os amendoins assem mais completamente na torradeira e tenham um sabor melhor. Por fim, o amendoim torrado entra na se\u00e7\u00e3o de resfriamento para reduzir a temperatura do material. Os amendoins torrados podem ser transformados em manteiga de amendoim e amendoim revestido.<\/p>   <div class=\"wp-block-image\"> <figure class=\"aligncenter size-full\"><img loading=\"lazy\" decoding=\"async\" width=\"1024\" height=\"515\" src=\"https:\/\/www.peanuts-machine.com\/wp-content\/uploads\/2022\/08\/commercial-peanut-roasting-system-in-factory.webp\" alt=\"sistema comercial de torrefa\u00e7\u00e3o de amendoim na f\u00e1brica\" class=\"wp-image-34\" title=\"\" srcset=\"https:\/\/www.peanuts-machine.com\/wp-content\/uploads\/2022\/08\/commercial-peanut-roasting-system-in-factory.webp 1024w, https:\/\/www.peanuts-machine.com\/wp-content\/uploads\/2022\/08\/commercial-peanut-roasting-system-in-factory-300x151.webp 300w, https:\/\/www.peanuts-machine.com\/wp-content\/uploads\/2022\/08\/commercial-peanut-roasting-system-in-factory-768x386.webp 768w\" sizes=\"auto, (max-width: 1024px) 100vw, 1024px\" \/><figcaption class=\"wp-element-caption\">sistema comercial de torrefa\u00e7\u00e3o de amendoim na f\u00e1brica<\/figcaption><\/figure> <\/div>   <h2 class=\"wp-block-heading\" id=\"h-structure-diagram-of-peanut-roasting-line\">Diagrama estrutural da linha de torrefa\u00e7\u00e3o de amendoim<\/h2>   <div class=\"wp-block-image\"> <figure class=\"aligncenter size-full\"><img loading=\"lazy\" decoding=\"async\" width=\"1024\" height=\"515\" src=\"https:\/\/www.peanuts-machine.com\/wp-content\/uploads\/2022\/08\/structure-picture.webp\" alt=\"imagem da estrutura\" class=\"wp-image-37\" title=\"\" srcset=\"https:\/\/www.peanuts-machine.com\/wp-content\/uploads\/2022\/08\/structure-picture.webp 1024w, https:\/\/www.peanuts-machine.com\/wp-content\/uploads\/2022\/08\/structure-picture-300x151.webp 300w, https:\/\/www.peanuts-machine.com\/wp-content\/uploads\/2022\/08\/structure-picture-768x386.webp 768w\" sizes=\"auto, (max-width: 1024px) 100vw, 1024px\" \/><figcaption class=\"wp-element-caption\">imagem da estrutura<\/figcaption><\/figure> <\/div>   <h2 class=\"wp-block-heading\" id=\"h-machine-parameters\">Par\u00e2metros da m\u00e1quina<\/h2>    <figure class=\"wp-block-table is-style-stripes\"><table><tbody><tr><td>Tipo<\/td><td>TZ-200<\/td><td>TZ-300<\/td><td>TZ-500<\/td><td>TZ-1000<\/td><\/tr><tr><td>Poder<\/td><td>10KW<\/td><td>10KW<\/td><td>15KW<\/td><td>15KW<\/td><\/tr><tr><td>Pot\u00eancia de aquecimento<\/td><td>46KW<\/td><td>70 kW<\/td><td>130 kW<\/td><td>230 kW<\/td><\/tr><tr><td>Capacidade<\/td><td>200kg\/hora<\/td><td>300-350kg\/h<\/td><td>500kg\/hora<\/td><td>1000kg\/hora<\/td><\/tr><tr><td>Tamanho<\/td><td>Talha: 1,5m*0,8m*2,8mForno para assar: 6,9m*1,5m*2,6m<\/td><td>Talha: 1,5m*0,8m*2,8mForno para assar: 7,5m*1,5m*2,6m<\/td><td>Talha: 2,5m*0,7m*2,8mForno para assar: 8,5m*1,8m*2,6m<\/td><td>Talha: 2,5m*0,7m*2,8mForno para assar: 11m*2,1m*2,6m<\/td><\/tr><tr><td>Peso<\/td><td>&nbsp;<\/td><td>&nbsp;<\/td><td>3000KG<\/td><td><\/td><\/tr><\/tbody><\/table><\/figure>    <h2 class=\"wp-block-heading\" id=\"h-features-of-peanut-roasting-line\">Caracter\u00edsticas da linha de torrefa\u00e7\u00e3o de amendoim<\/h2>    <ol class=\"wp-block-list\"> <li>Produ\u00e7\u00e3o integrada de torrefa\u00e7\u00e3o e resfriamento. Nosso sistema de torra de amendoim n\u00e3o tem apenas a fun\u00e7\u00e3o de torrar, mas tamb\u00e9m de resfriar a segunda metade do equipamento.<\/li>    <li>O alto grau de automa\u00e7\u00e3o. O <a href=\"https:\/\/www.peanuts-machine.com\/pt\/product\/peanut-roasting-machine\/\">torrador de amendoim industrial<\/a> tem ambas as fun\u00e7\u00f5es de ajuste autom\u00e1tico de temperatura. Portanto, voc\u00ea n\u00e3o precisa se preocupar com o fato de os amendoins e nozes no processo de torra serem torrados.<\/li>    <li>V\u00e1rios m\u00e9todos de aquecimento. Voc\u00ea pode escolher aquecimento el\u00e9trico, aquecimento a g\u00e1s e outros m\u00e9todos de aquecimento.<\/li>    <li>Economia de energia. Amendoim torrado fica muito quente. Portanto \u00e9 perigoso movimentar o material manualmente. Al\u00e9m disso, a linha de produ\u00e7\u00e3o de torrefa\u00e7\u00e3o de amendoim pode enviar o amendoim torrado diretamente para o sistema de refrigera\u00e7\u00e3o. Isto \u00e9 conveniente e seguro.<\/li>    <li>Opera\u00e7\u00e3o simples. Porque nossa linha de torrefa\u00e7\u00e3o de amendoim \u00e9 totalmente autom\u00e1tica. Portanto, \u00e9 f\u00e1cil de aprender e operar.<\/li> <\/ol>   <div class=\"wp-block-image\"> <figure class=\"aligncenter size-full\"><img loading=\"lazy\" decoding=\"async\" width=\"1024\" height=\"515\" src=\"https:\/\/www.peanuts-machine.com\/wp-content\/uploads\/2022\/08\/roasting-chain-plate.webp\" alt=\"prato de corrente para assar\" class=\"wp-image-36\" title=\"\" srcset=\"https:\/\/www.peanuts-machine.com\/wp-content\/uploads\/2022\/08\/roasting-chain-plate.webp 1024w, https:\/\/www.peanuts-machine.com\/wp-content\/uploads\/2022\/08\/roasting-chain-plate-300x151.webp 300w, https:\/\/www.peanuts-machine.com\/wp-content\/uploads\/2022\/08\/roasting-chain-plate-768x386.webp 768w\" sizes=\"auto, (max-width: 1024px) 100vw, 1024px\" \/><figcaption class=\"wp-element-caption\">prato de corrente para assar<\/figcaption><\/figure> <\/div>   <h2 class=\"wp-block-heading\" id=\"h-application-scope-of-peanuts-roaster-line\">Escopo de aplica\u00e7\u00e3o da linha de torradores de amendoim<\/h2>    <p class=\"translation-block\">A linha de torrefa\u00e7\u00e3o de amendoim \u00e9 adequada para torrar amendoins e para torrar am\u00eandoas, sementes de s\u00e9samo, cajus, sementes de girassol, gr\u00e3os de cacau, gr\u00e3o de bico, feij\u00e3o japon\u00eas, pist\u00e1cios e outros tipos de frutos secos e leguminosas. O mesmo pode ser usado para processar cereais como milho, <a href=\"https:\/\/en.wikipedia.org\/wiki\/Quinoa\" target=\"_blank\" rel=\"noopener\">quinoa<\/a> e aveia. Portanto, o nosso torrador de amendoim comercial tem uma vasta gama de aplica\u00e7\u00f5es. Assim, se precisar desta m\u00e1quina, sinta-se \u00e0 vontade para nos contactar.<\/p>","protected":false},"excerpt":{"rendered":"<p>The peanut roasting line is mainly used to roast peanuts and nuts. So, it can effectively remove the moisture from peanuts. Also, this production line is an integral part of the peanut butter production line and the peanut coating line. What is the complete peanut roasting process? The peanut roasting line includes a raw material [&hellip;]<\/p>\n","protected":false},"author":1,"featured_media":33,"parent":0,"template":"","tags":[56,36],"product-type":[3],"class_list":["post-31","product","type-product","status-publish","has-post-thumbnail","hentry","tag-nut","tag-peanut","product-type-peanut-processing-lines"],"_links":{"self":[{"href":"https:\/\/www.peanuts-machine.com\/pt\/wp-json\/wp\/v2\/product\/31","targetHints":{"allow":["GET"]}}],"collection":[{"href":"https:\/\/www.peanuts-machine.com\/pt\/wp-json\/wp\/v2\/product"}],"about":[{"href":"https:\/\/www.peanuts-machine.com\/pt\/wp-json\/wp\/v2\/types\/product"}],"author":[{"embeddable":true,"href":"https:\/\/www.peanuts-machine.com\/pt\/wp-json\/wp\/v2\/users\/1"}],"wp:featuredmedia":[{"embeddable":true,"href":"https:\/\/www.peanuts-machine.com\/pt\/wp-json\/wp\/v2\/media\/33"}],"wp:attachment":[{"href":"https:\/\/www.peanuts-machine.com\/pt\/wp-json\/wp\/v2\/media?parent=31"}],"wp:term":[{"taxonomy":"post_tag","embeddable":true,"href":"https:\/\/www.peanuts-machine.com\/pt\/wp-json\/wp\/v2\/tags?post=31"},{"taxonomy":"product-type","embeddable":true,"href":"https:\/\/www.peanuts-machine.com\/pt\/wp-json\/wp\/v2\/product-type?post=31"}],"curies":[{"name":"wp","href":"https:\/\/api.w.org\/{rel}","templated":true}]}}