{"id":310,"date":"2023-01-14T15:51:13","date_gmt":"2023-01-14T07:51:13","guid":{"rendered":"https:\/\/www.peanuts-machine.com\/?post_type=product&#038;p=310"},"modified":"2026-01-15T17:47:54","modified_gmt":"2026-01-15T09:47:54","slug":"wet-groundnut-peeling-machine","status":"publish","type":"product","link":"https:\/\/www.peanuts-machine.com\/pt\/product\/wet-groundnut-peeling-machine\/","title":{"rendered":"M\u00e1quina de descascar amendoim \u00famido | Removedor de casca de amendoim"},"content":{"rendered":"<div class=\"kk-star-ratings kksr-auto kksr-align-left kksr-valign-top\"     data-payload='{&quot;align&quot;:&quot;left&quot;,&quot;id&quot;:&quot;310&quot;,&quot;slug&quot;:&quot;default&quot;,&quot;valign&quot;:&quot;top&quot;,&quot;ignore&quot;:&quot;&quot;,&quot;reference&quot;:&quot;auto&quot;,&quot;class&quot;:&quot;&quot;,&quot;count&quot;:&quot;10&quot;,&quot;legendonly&quot;:&quot;&quot;,&quot;readonly&quot;:&quot;&quot;,&quot;score&quot;:&quot;4.6&quot;,&quot;starsonly&quot;:&quot;&quot;,&quot;best&quot;:&quot;5&quot;,&quot;gap&quot;:&quot;5&quot;,&quot;greet&quot;:&quot;Rate this product&quot;,&quot;legend&quot;:&quot;4.6\\\/5 - (10 votes)&quot;,&quot;size&quot;:&quot;24&quot;,&quot;title&quot;:&quot;Wet Groundnut Peeling Machine | Peanut Skin Remover&quot;,&quot;width&quot;:&quot;130.9&quot;,&quot;_legend&quot;:&quot;{score}\\\/{best} - ({count} {votes})&quot;,&quot;font_factor&quot;:&quot;1.25&quot;}'>              <div class=\"kksr-stars\">      <div class=\"kksr-stars-inactive\">             <div class=\"kksr-star\" data-star=\"1\" style=\"padding-right: 5px\">               <div class=\"kksr-icon\" style=\"width: 24px; height: 24px;\"><\/div>         <\/div>             <div class=\"kksr-star\" data-star=\"2\" style=\"padding-right: 5px\">               <div class=\"kksr-icon\" style=\"width: 24px; height: 24px;\"><\/div>         <\/div>             <div class=\"kksr-star\" data-star=\"3\" style=\"padding-right: 5px\">               <div class=\"kksr-icon\" style=\"width: 24px; height: 24px;\"><\/div>         <\/div>             <div class=\"kksr-star\" data-star=\"4\" style=\"padding-right: 5px\">               <div class=\"kksr-icon\" style=\"width: 24px; height: 24px;\"><\/div>         <\/div>             <div class=\"kksr-star\" data-star=\"5\" style=\"padding-right: 5px\">               <div class=\"kksr-icon\" style=\"width: 24px; height: 24px;\"><\/div>         <\/div>     <\/div>      <div class=\"kksr-stars-active\" style=\"width: 130.9px;\">             <div class=\"kksr-star\" style=\"padding-right: 5px\">               <div class=\"kksr-icon\" style=\"width: 24px; height: 24px;\"><\/div>         <\/div>             <div class=\"kksr-star\" style=\"padding-right: 5px\">               <div class=\"kksr-icon\" style=\"width: 24px; height: 24px;\"><\/div>         <\/div>             <div class=\"kksr-star\" style=\"padding-right: 5px\">               <div class=\"kksr-icon\" style=\"width: 24px; height: 24px;\"><\/div>         <\/div>             <div class=\"kksr-star\" style=\"padding-right: 5px\">               <div class=\"kksr-icon\" style=\"width: 24px; height: 24px;\"><\/div>         <\/div>             <div class=\"kksr-star\" style=\"padding-right: 5px\">               <div class=\"kksr-icon\" style=\"width: 24px; height: 24px;\"><\/div>         <\/div>     <\/div> <\/div>                   <div class=\"kksr-legend\" style=\"font-size: 19.2px;\">             4,6\/5 - (10 votos)    <\/div>     <\/div>  <p>A m\u00e1quina de descasque de amendoim molhado utiliza rodas de borracha macia de alta qualidade para remover a casca vermelha do amendoim de forma eficiente atrav\u00e9s de fric\u00e7\u00e3o f\u00edsica. Seu processo de descasque \u00e9 suave e n\u00e3o danifica a estrutura nutricional e a cor dos pr\u00f3prios amendoins. O amendoim acabado ap\u00f3s o descasque \u00e9 branco, intacto e sem descolora\u00e7\u00e3o, o que aumenta significativamente o valor agregado do produto. <\/p>    <p>N\u00e3o \u00e9 apenas adequado para amendoins, mas tamb\u00e9m pode descascar am\u00eandoas, feij\u00f5es-de-lima, soja, feij\u00e3o mungo, gr\u00e3o-de-bico, feij\u00e3o verde e favas, etc. \u00c9 o equipamento chave na linha de produ\u00e7\u00e3o de processamento profundo de \u00f3leo de amendoim, leite de amendoim, amendoins fritos, amendoins picantes, bebidas de am\u00eandoa, etc. <\/p>    <figure class=\"wp-block-embed aligncenter is-type-video is-provider-youtube wp-block-embed-youtube wp-embed-aspect-16-9 wp-has-aspect-ratio\"><div class=\"wp-block-embed__wrapper\"> <iframe loading=\"lazy\" title=\"M\u00e1quina eficiente de descascamento \u00famido de amendoim - remo\u00e7\u00e3o de pele perfeita#peanut #groundnut #peeling #peeler\" width=\"500\" height=\"281\" src=\"https:\/\/www.youtube.com\/embed\/ZWbRkVyX7do?feature=oembed\" frameborder=\"0\" allow=\"accelerometer; autoplay; clipboard-write; encrypted-media; gyroscope; picture-in-picture; web-share\" referrerpolicy=\"strict-origin-when-cross-origin\" allowfullscreen><\/iframe> <\/div><figcaption class=\"wp-element-caption\">v\u00eddeo de funcionamento da m\u00e1quina de descascar amendoim tipo \u00famido<\/figcaption><\/figure>    <p class=\"translation-block\">Diferente do <a href=\"https:\/\/www.peanuts-machine.com\/pt\/product\/peanut-peeling-machine\/\"><strong><em>m\u00e9todo seco de descascagem de amendoim<\/em><\/strong><\/a>, esta m\u00e1quina \u00e9 adequada para mat\u00e9rias-primas embebidas, pode ser usada como uma m\u00e1quina aut\u00f3noma ou para opera\u00e7\u00e3o de linha de produ\u00e7\u00e3o de apoio, para satisfazer as necessidades de produ\u00e7\u00e3o diversificadas.<\/p>    <h2 class=\"wp-block-heading\">Vantagens da m\u00e1quina de descascar amendoim \u00famido<\/h2>    <ul class=\"wp-block-list\"> <li>Descascamento limpo: a taxa de descascamento \u00e9 de at\u00e9 98%, r\u00e1pido e limpo, os amendoins est\u00e3o inteiros e bonitos.<\/li>    <li>Opera\u00e7\u00e3o simples: basta despejar os amendoins embebidos, a m\u00e1quina pode completar automaticamente o descascamento.<\/li>    <li>Seguro e higi\u00eanico: toda a m\u00e1quina \u00e9 feita de a\u00e7o inoxid\u00e1vel, robusta e dur\u00e1vel, f\u00e1cil de limpar, em conformidade com os requisitos de seguran\u00e7a alimentar.<\/li>    <li>Ampla gama de usos: n\u00e3o apenas amendoins, mas tamb\u00e9m am\u00eandoas, soja, favas, arroz de alho, etc., uma variedade de ingredientes \u00e9 aplic\u00e1vel.<\/li>    <li>Separa\u00e7\u00e3o autom\u00e1tica da pele residual: a pele ser\u00e1 automaticamente separada dos amendoins, amendoins limpos sem pele misturada, f\u00e1cil para o processamento subsequente.<\/li>    <li>Suporte \u00e0 personaliza\u00e7\u00e3o: voc\u00ea pode personalizar a m\u00e1quina para seu pr\u00f3prio uso de acordo com a demanda do cliente.<\/li>    <li>V\u00e1rios modelos dispon\u00edveis: existem modelos com diferentes capacidades, adequados para oficinas familiares, pequenas f\u00e1bricas e produ\u00e7\u00e3o em grande escala.<\/li> <\/ul>    <figure class=\"wp-block-gallery has-nested-images columns-default is-cropped wp-block-gallery-2 is-layout-flex wp-block-gallery-is-layout-flex\"> <figure class=\"wp-block-image size-large\"><img loading=\"lazy\" decoding=\"async\" width=\"720\" height=\"540\" data-id=\"315\" src=\"https:\/\/www.peanuts-machine.com\/wp-content\/uploads\/2023\/01\/wet-type-groundnut-peeling-machine.webp\" alt=\"m\u00e1quina de descascar amendoim tipo \u00famido\" class=\"wp-image-315\" title=\"\" srcset=\"https:\/\/www.peanuts-machine.com\/wp-content\/uploads\/2023\/01\/wet-type-groundnut-peeling-machine.webp 720w, https:\/\/www.peanuts-machine.com\/wp-content\/uploads\/2023\/01\/wet-type-groundnut-peeling-machine-300x225.webp 300w\" sizes=\"auto, (max-width: 720px) 100vw, 720px\" \/><figcaption class=\"wp-element-caption\">m\u00e1quina de descascar amendoim tipo \u00famido<\/figcaption><\/figure>    <figure class=\"wp-block-image size-large\"><img loading=\"lazy\" decoding=\"async\" width=\"720\" height=\"540\" data-id=\"316\" src=\"https:\/\/www.peanuts-machine.com\/wp-content\/uploads\/2023\/01\/widely-application.webp\" alt=\"amplamente aplica\u00e7\u00e3o\" class=\"wp-image-316\" title=\"\" srcset=\"https:\/\/www.peanuts-machine.com\/wp-content\/uploads\/2023\/01\/widely-application.webp 720w, https:\/\/www.peanuts-machine.com\/wp-content\/uploads\/2023\/01\/widely-application-300x225.webp 300w\" sizes=\"auto, (max-width: 720px) 100vw, 720px\" \/><figcaption class=\"wp-element-caption\">amplamente aplica\u00e7\u00e3o<\/figcaption><\/figure> <\/figure>    <h2 class=\"wp-block-heading\">Como funciona a m\u00e1quina de descascar amendoins molhados?<\/h2>    <p>A m\u00e1quina de descascar amendoim \u00famido opera com o princ\u00edpio de descascar atrav\u00e9s do atrito de rodas de borracha, permitindo que ela remova suavemente a pele dos amendoins, assim como as m\u00e3os humanas fariam.<\/p>    <ul class=\"wp-block-list\"> <li>Para usar a m\u00e1quina, basta mergulhar os amendoins por alguns momentos e depois despej\u00e1-los no funil. As barras direcionais e as rodas de alimenta\u00e7\u00e3o de cada lado guiam os amendoins para as rodas de borracha rotativas, que s\u00e3o seguradas por tr\u00eas empurradores fortes. (Ap\u00f3s a imers\u00e3o em \u00e1gua quente, \u00e9 importante trazer \u00e1gua morna para o descascador para evitar que os amendoins sequem ou esfriem.) <\/li>    <li>Depois que a l\u00e2mina corta a casca vermelha externa, o gr\u00e3o de amendoim \u00e9 descascado e a roda de borracha empurra o gr\u00e3o descascado para dentro da tremonha, separando-o da casca vermelha. <\/li> <\/ul>   <div class=\"wp-block-image\"> <figure class=\"aligncenter size-full\"><img loading=\"lazy\" decoding=\"async\" width=\"720\" height=\"540\" src=\"https:\/\/www.peanuts-machine.com\/wp-content\/uploads\/2023\/01\/structure-details-of-peanut-peeler-machine.webp\" alt=\"detalhes da estrutura da m\u00e1quina descascadora de amendoim\" class=\"wp-image-314\" title=\"\" srcset=\"https:\/\/www.peanuts-machine.com\/wp-content\/uploads\/2023\/01\/structure-details-of-peanut-peeler-machine.webp 720w, https:\/\/www.peanuts-machine.com\/wp-content\/uploads\/2023\/01\/structure-details-of-peanut-peeler-machine-300x225.webp 300w\" sizes=\"auto, (max-width: 720px) 100vw, 720px\" \/><figcaption class=\"wp-element-caption\">detalhes da estrutura da m\u00e1quina descascadora de amendoim<\/figcaption><\/figure> <\/div>   <p>Antes de descascar, o arroz e o feij\u00e3o devem ser mergulhados em \u00e1gua quente por 3-5 minutos a uma temperatura de 97-98 graus. O processo de imers\u00e3o e a dura\u00e7\u00e3o s\u00e3o cruciais para descascar com efic\u00e1cia os amendoins molhados. <\/p>    <p>A experi\u00eancia mostra que a imers\u00e3o em \u00e1gua fria durante os primeiros 30 minutos, seguida de 0,5-1 minuto em \u00e1gua quente, resulta em amendoins frios por dentro e quentes por fora, proporcionando umidade suficiente. Isso faz com que a casca externa se expanda com a \u00e1gua quente, facilitando muito o processo de descascamento!<\/p>    <figure class=\"wp-block-gallery has-nested-images columns-default is-cropped wp-block-gallery-3 is-layout-flex wp-block-gallery-is-layout-flex\"> <figure class=\"wp-block-image size-large\"><img loading=\"lazy\" decoding=\"async\" width=\"720\" height=\"540\" data-id=\"1036\" src=\"https:\/\/www.peanuts-machine.com\/wp-content\/uploads\/2023\/01\/wet-peanut-peeling-machine-1.webp\" alt=\"m\u00e1quina de descascar amendoim molhado\" class=\"wp-image-1036\" title=\"\" srcset=\"https:\/\/www.peanuts-machine.com\/wp-content\/uploads\/2023\/01\/wet-peanut-peeling-machine-1.webp 720w, https:\/\/www.peanuts-machine.com\/wp-content\/uploads\/2023\/01\/wet-peanut-peeling-machine-1-300x225.webp 300w, https:\/\/www.peanuts-machine.com\/wp-content\/uploads\/2023\/01\/wet-peanut-peeling-machine-1-16x12.webp 16w\" sizes=\"auto, (max-width: 720px) 100vw, 720px\" \/><figcaption class=\"wp-element-caption\">m\u00e1quina de descascar amendoim molhado<\/figcaption><\/figure>    <figure class=\"wp-block-image size-large\"><img loading=\"lazy\" decoding=\"async\" width=\"720\" height=\"540\" data-id=\"1037\" src=\"https:\/\/www.peanuts-machine.com\/wp-content\/uploads\/2023\/01\/wet-peanut-skin-remover.webp\" alt=\"Remover Casca de Amendoim Molhado\" class=\"wp-image-1037\" title=\"\" srcset=\"https:\/\/www.peanuts-machine.com\/wp-content\/uploads\/2023\/01\/wet-peanut-skin-remover.webp 720w, https:\/\/www.peanuts-machine.com\/wp-content\/uploads\/2023\/01\/wet-peanut-skin-remover-300x225.webp 300w, https:\/\/www.peanuts-machine.com\/wp-content\/uploads\/2023\/01\/wet-peanut-skin-remover-16x12.webp 16w\" sizes=\"auto, (max-width: 720px) 100vw, 720px\" \/><figcaption class=\"wp-element-caption\">Remover Casca de Amendoim Molhado<\/figcaption><\/figure> <\/figure>    <h2 class=\"wp-block-heading\">Par\u00e2metros da m\u00e1quina para descascar casca de amendoim<\/h2>    <figure class=\"wp-block-table is-style-stripes\"><table><tbody><tr><td>Modelo<\/td><td>TZ-1<\/td><td>TZ-2<\/td><td>TZ-3<\/td><td>TZ-4<\/td><\/tr><tr><td>Capacidade (kg\/h)<\/td><td>200-300<\/td><td>400-500<\/td><td>600-800<\/td><td>800-1000<\/td><\/tr><tr><td>Pot\u00eancia do motor (kw)<\/td><td>0.55<\/td><td>0.55*2<\/td><td>0.55 *3<\/td><td>0.55 *4<\/td><\/tr><tr><td>Pot\u00eancia do ventilador (kw)<\/td><td>0.37<\/td><td>0.37<\/td><td>0.37<\/td><td>0.37<\/td><\/tr><tr><td>Tens\u00e3o (v)<\/td><td>380\/220<\/td><td>380\/220<\/td><td>380\/220<\/td><td>380\/220<\/td><\/tr><tr><td>Frequ\u00eancia\u00a0(hz)<\/td><td>50<\/td><td>50<\/td><td>50<\/td><td>50<\/td><\/tr><tr><td>Taxa de descascamento<\/td><td>\u226598%<\/td><td>\u226598%<\/td><td>\u226598%<\/td><td>\u226598%<\/td><\/tr><tr><td>Tamanho (mm)<\/td><td>1100*400*1100<\/td><td>1100*700*1100<\/td><td>1100*1000*1100<\/td><td>1100*1400*1100<\/td><\/tr><\/tbody><\/table><figcaption class=\"wp-element-caption\">dados t\u00e9cnicos da m\u00e1quina de descascar amendoim do tipo \u00famido<\/figcaption><\/figure>    <p>Aqui est\u00e3o os par\u00e2metros espec\u00edficos para quatro m\u00e1quinas diferentes de descascar amendoim do tipo \u00famido. As capacidades de produ\u00e7\u00e3o das m\u00e1quinas s\u00e3o de 200-300 kg\/h, 400-500 kg\/h, 600-800 kg\/h e 800-1000 kg\/h. <\/p>    <p>A pot\u00eancia do motor para essas m\u00e1quinas \u00e9 de 0,55 kW, 1,1 kW, 1,65 kW e 2,2 kW, respectivamente. Voc\u00ea pode consultar nossa tabela de par\u00e2metros para obter mais detalhes. Escolha a m\u00e1quina que melhor se adapta \u00e0s suas necessidades.<\/p>    <figure class=\"wp-block-gallery has-nested-images columns-default is-cropped wp-block-gallery-4 is-layout-flex wp-block-gallery-is-layout-flex\"> <figure class=\"wp-block-image size-large\"><img loading=\"lazy\" decoding=\"async\" width=\"540\" height=\"720\" data-id=\"1038\" src=\"https:\/\/www.peanuts-machine.com\/wp-content\/uploads\/2023\/01\/peanut-red-skin-peeling-machine-for-sale-1.webp\" alt=\"M\u00e1quina de descascar pele vermelha de amendoim para venda\" class=\"wp-image-1038\" title=\"\" srcset=\"https:\/\/www.peanuts-machine.com\/wp-content\/uploads\/2023\/01\/peanut-red-skin-peeling-machine-for-sale-1.webp 540w, https:\/\/www.peanuts-machine.com\/wp-content\/uploads\/2023\/01\/peanut-red-skin-peeling-machine-for-sale-1-225x300.webp 225w, https:\/\/www.peanuts-machine.com\/wp-content\/uploads\/2023\/01\/peanut-red-skin-peeling-machine-for-sale-1-9x12.webp 9w\" sizes=\"auto, (max-width: 540px) 100vw, 540px\" \/><figcaption class=\"wp-element-caption\">M\u00e1quina de descascar pele vermelha de amendoim para venda<\/figcaption><\/figure>    <figure class=\"wp-block-image size-large\"><img loading=\"lazy\" decoding=\"async\" width=\"540\" height=\"720\" data-id=\"1039\" src=\"https:\/\/www.peanuts-machine.com\/wp-content\/uploads\/2023\/01\/stainless-steel-wet-groundnut-peeling-machine.webp\" alt=\"m\u00e1quina de descasque de amendoim molhado em a\u00e7o inoxid\u00e1vel\" class=\"wp-image-1039\" title=\"\" srcset=\"https:\/\/www.peanuts-machine.com\/wp-content\/uploads\/2023\/01\/stainless-steel-wet-groundnut-peeling-machine.webp 540w, https:\/\/www.peanuts-machine.com\/wp-content\/uploads\/2023\/01\/stainless-steel-wet-groundnut-peeling-machine-225x300.webp 225w, https:\/\/www.peanuts-machine.com\/wp-content\/uploads\/2023\/01\/stainless-steel-wet-groundnut-peeling-machine-9x12.webp 9w\" sizes=\"auto, (max-width: 540px) 100vw, 540px\" \/><figcaption class=\"wp-element-caption\">m\u00e1quina de descasque de amendoim molhado em a\u00e7o inoxid\u00e1vel<\/figcaption><\/figure> <\/figure>    <figure class=\"wp-block-gallery has-nested-images columns-default is-cropped wp-block-gallery-5 is-layout-flex wp-block-gallery-is-layout-flex\"> <figure class=\"wp-block-image size-large\"><img loading=\"lazy\" decoding=\"async\" width=\"720\" height=\"540\" data-id=\"616\" src=\"https:\/\/www.peanuts-machine.com\/wp-content\/uploads\/2023\/01\/peanut-processing-equipment.webp\" alt=\"equipamento de processamento de amendoim\" class=\"wp-image-616\" title=\"\" srcset=\"https:\/\/www.peanuts-machine.com\/wp-content\/uploads\/2023\/01\/peanut-processing-equipment.webp 720w, https:\/\/www.peanuts-machine.com\/wp-content\/uploads\/2023\/01\/peanut-processing-equipment-300x225.webp 300w, https:\/\/www.peanuts-machine.com\/wp-content\/uploads\/2023\/01\/peanut-processing-equipment-16x12.webp 16w\" sizes=\"auto, (max-width: 720px) 100vw, 720px\" \/><figcaption class=\"wp-element-caption\">equipamento de processamento de amendoim<\/figcaption><\/figure>    <figure class=\"wp-block-image size-large\"><img loading=\"lazy\" decoding=\"async\" width=\"720\" height=\"540\" data-id=\"617\" src=\"https:\/\/www.peanuts-machine.com\/wp-content\/uploads\/2023\/01\/peanut-skin-remover.webp\" alt=\"removedor de pele de amendoim\" class=\"wp-image-617\" title=\"\" srcset=\"https:\/\/www.peanuts-machine.com\/wp-content\/uploads\/2023\/01\/peanut-skin-remover.webp 720w, https:\/\/www.peanuts-machine.com\/wp-content\/uploads\/2023\/01\/peanut-skin-remover-300x225.webp 300w, https:\/\/www.peanuts-machine.com\/wp-content\/uploads\/2023\/01\/peanut-skin-remover-16x12.webp 16w\" sizes=\"auto, (max-width: 720px) 100vw, 720px\" \/><figcaption class=\"wp-element-caption\">removedor de pele de amendoim<\/figcaption><\/figure> <\/figure>    <h2 class=\"wp-block-heading\">Pre\u00e7o da m\u00e1quina de remo\u00e7\u00e3o de pele de amendoim tipo \u00famido<\/h2>    <p>O pre\u00e7o de uma m\u00e1quina descascadora de amendoim pode variar significativamente devido a v\u00e1rios fatores. <\/p>    <ul class=\"wp-block-list\"> <li>Em primeiro lugar, as m\u00e1quinas com maior produ\u00e7\u00e3o normalmente t\u00eam um pre\u00e7o mais elevado em compara\u00e7\u00e3o com aquelas com menor produ\u00e7\u00e3o. <\/li>    <li>Al\u00e9m disso, a qualidade da m\u00e1quina desempenha um papel crucial; m\u00e1quinas de alta qualidade s\u00e3o geralmente mais caras do que suas contrapartes de qualidade inferior. <\/li>    <li>Alguns fabricantes podem optar por materiais n\u00e3o alimentares em suas m\u00e1quinas de descascar casca de amendoim para reduzir custos. <\/li>    <li>Por \u00faltimo, os custos de envio s\u00e3o outra considera\u00e7\u00e3o importante. <\/li> <\/ul>    <p>Se estiver interessado no pre\u00e7o de uma m\u00e1quina de descascar amendoim do tipo \u00famido, entre em contato connosco com os seus requisitos e localiza\u00e7\u00e3o, e n\u00f3s responderemos prontamente.<\/p>   <div class=\"wp-block-image\"> <figure class=\"aligncenter size-full\"><img loading=\"lazy\" decoding=\"async\" width=\"720\" height=\"540\" src=\"https:\/\/www.peanuts-machine.com\/wp-content\/uploads\/2023\/01\/peanut-peeling-machine-shipped-to-kenya.webp\" alt=\"m\u00e1quina de descascar amendoim enviada para o Qu\u00eania\" class=\"wp-image-311\" title=\"\" srcset=\"https:\/\/www.peanuts-machine.com\/wp-content\/uploads\/2023\/01\/peanut-peeling-machine-shipped-to-kenya.webp 720w, https:\/\/www.peanuts-machine.com\/wp-content\/uploads\/2023\/01\/peanut-peeling-machine-shipped-to-kenya-300x225.webp 300w\" sizes=\"auto, (max-width: 720px) 100vw, 720px\" \/><figcaption class=\"wp-element-caption\">m\u00e1quina de descascar amendoim enviada para o Qu\u00eania<\/figcaption><\/figure> <\/div>   <h2 class=\"wp-block-heading\">Onde comprar uma m\u00e1quina de descascar amendoim?<\/h2>    <ul class=\"wp-block-list\"> <li>Voc\u00ea pode encontrar localmente uma m\u00e1quina de descascar amendoim, o que ajudar\u00e1 a reduzir os custos de envio e facilitar\u00e1 a manuten\u00e7\u00e3o.<\/li>    <li>Se voc\u00ea conhece amigos que t\u00eam experi\u00eancia com esse tipo de compra, considere comprar a m\u00e1quina atrav\u00e9s deles.<\/li>    <li>Para compras online, gra\u00e7as aos avan\u00e7os na log\u00edstica global, voc\u00ea pode solicitar uma m\u00e1quina descascadora de amendoim tipo \u00famido de alta qualidade de outros pa\u00edses, oferecendo mais op\u00e7\u00f5es. Como fabricante profissional de m\u00e1quinas para descascar amendoim \u00famido, oferecemos uma variedade de modelos para os clientes escolherem, garantindo a qualidade.<\/li> <\/ul>   <div class=\"wp-block-image\"> <figure class=\"aligncenter size-full\"><img loading=\"lazy\" decoding=\"async\" width=\"720\" height=\"540\" src=\"https:\/\/www.peanuts-machine.com\/wp-content\/uploads\/2023\/01\/machine-certifications.webp\" alt=\"certifica\u00e7\u00f5es de m\u00e1quinas\" class=\"wp-image-618\" title=\"\" srcset=\"https:\/\/www.peanuts-machine.com\/wp-content\/uploads\/2023\/01\/machine-certifications.webp 720w, https:\/\/www.peanuts-machine.com\/wp-content\/uploads\/2023\/01\/machine-certifications-300x225.webp 300w, https:\/\/www.peanuts-machine.com\/wp-content\/uploads\/2023\/01\/machine-certifications-16x12.webp 16w\" sizes=\"auto, (max-width: 720px) 100vw, 720px\" \/><figcaption class=\"wp-element-caption\">certifica\u00e7\u00f5es de m\u00e1quinas<\/figcaption><\/figure> <\/div>   <p>Obrigado por visitar nosso site! Se voc\u00ea estiver interessado na ind\u00fastria de processamento de amendoim e tiver alguma d\u00favida, sinta-se \u00e0 vontade para enviar o formul\u00e1rio \u00e0 direita. Responderemos \u00e0 sua mensagem dentro de 24 horas.<\/p>","protected":false},"excerpt":{"rendered":"<p>A m\u00e1quina de descascar amendoim \u00famido utiliza rodas de borracha macia para remover efetivamente a casca vermelha do amendoim. \u00c9 o equipamento perfeito para amendoim frito, leite de amendoim, pimenta, bolo de amendoim e \u00f3leo de amendoim. <\/p>","protected":false},"author":1,"featured_media":313,"parent":0,"template":"","tags":[37,36],"product-type":[49,46],"class_list":["post-310","product","type-product","status-publish","has-post-thumbnail","hentry","tag-groundnut","tag-peanut","product-type-peanut-peeling-machine","product-type-products"],"_links":{"self":[{"href":"https:\/\/www.peanuts-machine.com\/pt\/wp-json\/wp\/v2\/product\/310","targetHints":{"allow":["GET"]}}],"collection":[{"href":"https:\/\/www.peanuts-machine.com\/pt\/wp-json\/wp\/v2\/product"}],"about":[{"href":"https:\/\/www.peanuts-machine.com\/pt\/wp-json\/wp\/v2\/types\/product"}],"author":[{"embeddable":true,"href":"https:\/\/www.peanuts-machine.com\/pt\/wp-json\/wp\/v2\/users\/1"}],"wp:featuredmedia":[{"embeddable":true,"href":"https:\/\/www.peanuts-machine.com\/pt\/wp-json\/wp\/v2\/media\/313"}],"wp:attachment":[{"href":"https:\/\/www.peanuts-machine.com\/pt\/wp-json\/wp\/v2\/media?parent=310"}],"wp:term":[{"taxonomy":"post_tag","embeddable":true,"href":"https:\/\/www.peanuts-machine.com\/pt\/wp-json\/wp\/v2\/tags?post=310"},{"taxonomy":"product-type","embeddable":true,"href":"https:\/\/www.peanuts-machine.com\/pt\/wp-json\/wp\/v2\/product-type?post=310"}],"curies":[{"name":"wp","href":"https:\/\/api.w.org\/{rel}","templated":true}]}}