{"id":330,"date":"2023-02-15T18:07:40","date_gmt":"2023-02-15T10:07:40","guid":{"rendered":"https:\/\/www.peanuts-machine.com\/?post_type=product&#038;p=330"},"modified":"2026-01-14T16:04:17","modified_gmt":"2026-01-14T08:04:17","slug":"swing-oven-roaster-for-coated-peanut","status":"publish","type":"product","link":"https:\/\/www.peanuts-machine.com\/pt\/product\/swing-oven-roaster-for-coated-peanut\/","title":{"rendered":"Forno de oscila\u00e7\u00e3o comercial | Torrador para amendoins revestidos"},"content":{"rendered":"<div class=\"kk-star-ratings kksr-auto kksr-align-left kksr-valign-top\"     data-payload='{&quot;align&quot;:&quot;left&quot;,&quot;id&quot;:&quot;330&quot;,&quot;slug&quot;:&quot;default&quot;,&quot;valign&quot;:&quot;top&quot;,&quot;ignore&quot;:&quot;&quot;,&quot;reference&quot;:&quot;auto&quot;,&quot;class&quot;:&quot;&quot;,&quot;count&quot;:&quot;6&quot;,&quot;legendonly&quot;:&quot;&quot;,&quot;readonly&quot;:&quot;&quot;,&quot;score&quot;:&quot;4.7&quot;,&quot;starsonly&quot;:&quot;&quot;,&quot;best&quot;:&quot;5&quot;,&quot;gap&quot;:&quot;5&quot;,&quot;greet&quot;:&quot;Rate this product&quot;,&quot;legend&quot;:&quot;4.7\\\/5 - (6 votes)&quot;,&quot;size&quot;:&quot;24&quot;,&quot;title&quot;:&quot;Commercial Swing Oven | Roaster for Coated Peanut Nuts&quot;,&quot;width&quot;:&quot;133.8&quot;,&quot;_legend&quot;:&quot;{score}\\\/{best} - ({count} {votes})&quot;,&quot;font_factor&quot;:&quot;1.25&quot;}'>              <div class=\"kksr-stars\">      <div class=\"kksr-stars-inactive\">             <div class=\"kksr-star\" data-star=\"1\" style=\"padding-right: 5px\">               <div class=\"kksr-icon\" style=\"width: 24px; height: 24px;\"><\/div>         <\/div>             <div class=\"kksr-star\" data-star=\"2\" style=\"padding-right: 5px\">               <div class=\"kksr-icon\" style=\"width: 24px; height: 24px;\"><\/div>         <\/div>             <div class=\"kksr-star\" data-star=\"3\" style=\"padding-right: 5px\">               <div class=\"kksr-icon\" style=\"width: 24px; height: 24px;\"><\/div>         <\/div>             <div class=\"kksr-star\" data-star=\"4\" style=\"padding-right: 5px\">               <div class=\"kksr-icon\" style=\"width: 24px; height: 24px;\"><\/div>         <\/div>             <div class=\"kksr-star\" data-star=\"5\" style=\"padding-right: 5px\">               <div class=\"kksr-icon\" style=\"width: 24px; height: 24px;\"><\/div>         <\/div>     <\/div>      <div class=\"kksr-stars-active\" style=\"width: 133.8px;\">             <div class=\"kksr-star\" style=\"padding-right: 5px\">               <div class=\"kksr-icon\" style=\"width: 24px; height: 24px;\"><\/div>         <\/div>             <div class=\"kksr-star\" style=\"padding-right: 5px\">               <div class=\"kksr-icon\" style=\"width: 24px; height: 24px;\"><\/div>         <\/div>             <div class=\"kksr-star\" style=\"padding-right: 5px\">               <div class=\"kksr-icon\" style=\"width: 24px; height: 24px;\"><\/div>         <\/div>             <div class=\"kksr-star\" style=\"padding-right: 5px\">               <div class=\"kksr-icon\" style=\"width: 24px; height: 24px;\"><\/div>         <\/div>             <div class=\"kksr-star\" style=\"padding-right: 5px\">               <div class=\"kksr-icon\" style=\"width: 24px; height: 24px;\"><\/div>         <\/div>     <\/div> <\/div>                   <div class=\"kksr-legend\" style=\"font-size: 19.2px;\">             4,7\/5 - (6 votos)    <\/div>     <\/div>  <p>O forno girat\u00f3rio de amendoim pode torrar amendoins revestidos, castanhas de caju, am\u00eandoas, feij\u00f5es e nozes diversas. Portanto, este \u00e9 um torrador comercial de nozes ideal.<\/p>    <p class=\"translation-block\">Adicionalmente, \u00e9 tamb\u00e9m uma m\u00e1quina necess\u00e1ria na <a href=\"https:\/\/www.peanuts-machine.com\/pt\/product\/coated-peanut-production-line\/\">linha de produ\u00e7\u00e3o de amendoins revestidos<\/a>. A m\u00e1quina adota aquecimento el\u00e9trico, aquecimento a carv\u00e3o ou aquecimento a g\u00e1s. Os clientes podem escolher de acordo com as suas pr\u00f3prias necessidades.<\/p>   <div class=\"wp-block-image\"> <figure class=\"aligncenter size-full\"><img loading=\"lazy\" decoding=\"async\" width=\"720\" height=\"540\" src=\"https:\/\/www.peanuts-machine.com\/wp-content\/uploads\/2023\/02\/automatic-coated-peanut-roasting-machine_\u7ed3\u679c.webp\" alt=\"m\u00e1quina autom\u00e1tica de torrefa\u00e7\u00e3o de amendoim revestida\" class=\"wp-image-331\" title=\"\" srcset=\"https:\/\/www.peanuts-machine.com\/wp-content\/uploads\/2023\/02\/automatic-coated-peanut-roasting-machine_\u7ed3\u679c.webp 720w, https:\/\/www.peanuts-machine.com\/wp-content\/uploads\/2023\/02\/automatic-coated-peanut-roasting-machine_\u7ed3\u679c-300x225.webp 300w\" sizes=\"auto, (max-width: 720px) 100vw, 720px\" \/><figcaption class=\"wp-element-caption\">m\u00e1quina autom\u00e1tica de torrefa\u00e7\u00e3o de amendoim revestida<\/figcaption><\/figure> <\/div>   <h2 class=\"wp-block-heading\">Como funciona o forno girat\u00f3rio de amendoim?<\/h2>    <p class=\"translation-block\">O forno a balan\u00e7o para amendoins adota aquecimento el\u00e9trico, aquecimento a g\u00e1s, aquecimento a carv\u00e3o ou aquecimento a g\u00e1s. Em seguida, a temperatura da sala de secagem \u00e9 aumentada utilizando o princ\u00edpio de condu\u00e7\u00e3o da <a href=\"https:\/\/en.wikipedia.org\/wiki\/Thermal_radiation\" target=\"_blank\" rel=\"noopener\">radia\u00e7\u00e3o t\u00e9rmica<\/a>. Em seguida, a energia t\u00e9rmica \u00e9 transferida para os amendoins revestidos usando ar quente como meio de secagem.<br>Enquanto a <a href=\"https:\/\/www.peanuts-machine.com\/pt\/product\/peanut-roasting-machine\/\">m\u00e1quina de torrar amendoins<\/a> est\u00e1 a funcionar, a bandeja de a\u00e7o inoxid\u00e1vel cheia de materiais ir\u00e1 balan\u00e7ar sob a a\u00e7\u00e3o da c\u00e2mara de exc\u00eantrico ajust\u00e1vel. M\u00faltiplos dispositivos de mistura c\u00f3nicos instalados na bandeja far\u00e3o com que o material se mexa e role continuamente, de modo que o material possa ser aquecido uniformemente. Isto garante eficazmente a qualidade de assadura dos materiais.<\/p>   <div class=\"wp-block-image\"> <figure class=\"aligncenter size-full\"><img loading=\"lazy\" decoding=\"async\" width=\"720\" height=\"540\" src=\"https:\/\/www.peanuts-machine.com\/wp-content\/uploads\/2023\/02\/machine-details.webp\" alt=\"detalhes da m\u00e1quina\" class=\"wp-image-335\" title=\"\" srcset=\"https:\/\/www.peanuts-machine.com\/wp-content\/uploads\/2023\/02\/machine-details.webp 720w, https:\/\/www.peanuts-machine.com\/wp-content\/uploads\/2023\/02\/machine-details-300x225.webp 300w\" sizes=\"auto, (max-width: 720px) 100vw, 720px\" \/><figcaption class=\"wp-element-caption\">detalhes da m\u00e1quina<\/figcaption><\/figure> <\/div>   <h2 class=\"wp-block-heading\">V\u00eddeo de trabalho da m\u00e1quina comercial de torrefa\u00e7\u00e3o de amendoim<\/h2>    <figure class=\"wp-block-embed is-type-video is-provider-youtube wp-block-embed-youtube wp-embed-aspect-16-9 wp-has-aspect-ratio\"><div class=\"wp-block-embed__wrapper\"> <iframe loading=\"lazy\" title=\"M\u00e1quina de torrefa\u00e7\u00e3o de amendoim revestida | Forno Swing de Amendoim | Processo de torrefa\u00e7\u00e3o de nozes\/amendoim\" width=\"500\" height=\"281\" src=\"https:\/\/www.youtube.com\/embed\/sc-RtbC7bJ8?feature=oembed\" frameborder=\"0\" allow=\"accelerometer; autoplay; clipboard-write; encrypted-media; gyroscope; picture-in-picture; web-share\" referrerpolicy=\"strict-origin-when-cross-origin\" allowfullscreen><\/iframe> <\/div><\/figure>    <h2 class=\"wp-block-heading\">Par\u00e2metros da m\u00e1quina<\/h2>    <figure class=\"wp-block-table\"><table><tbody><tr><td>Modelo<\/td><td>TZ-100<\/td><td>TZ-300<\/td><\/tr><tr><td>Capacidade<\/td><td>80-100 kg\/hora<\/td><td>200-300 kg\/hora<\/td><\/tr><tr><td>Temperatura<\/td><td>180-220\u00b0C<\/td><td>180-220\u00b0C<\/td><\/tr><tr><td>Tens\u00e3o<\/td><td>380 V 50 Hz<\/td><td>380 V 50 Hz<\/td><\/tr><tr><td>Poder<\/td><td>25 kW<\/td><td>70 kW<\/td><\/tr><tr><td>Tamanho<\/td><td>2,2*2*1,4m<\/td><td>3,2*2,7*1,9m<\/td><\/tr><\/tbody><\/table><\/figure>    <p>Os par\u00e2metros acima s\u00e3o os par\u00e2metros t\u00e9cnicos de um pequeno torrador de amendoim e um grande forno comercial de amendoim. A sua produ\u00e7\u00e3o \u00e9 de 80-100 kg e 200-300 kg\/h. Os clientes podem escolher o equipamento certo para torrar amendoim de acordo com suas necessidades.<\/p>   <div class=\"wp-block-image\"> <figure class=\"aligncenter size-full\"><img loading=\"lazy\" decoding=\"async\" width=\"720\" height=\"540\" src=\"https:\/\/www.peanuts-machine.com\/wp-content\/uploads\/2023\/02\/coated-peanut-swing-oven.webp\" alt=\"forno revestido de amendoim\" class=\"wp-image-333\" title=\"\" srcset=\"https:\/\/www.peanuts-machine.com\/wp-content\/uploads\/2023\/02\/coated-peanut-swing-oven.webp 720w, https:\/\/www.peanuts-machine.com\/wp-content\/uploads\/2023\/02\/coated-peanut-swing-oven-300x225.webp 300w\" sizes=\"auto, (max-width: 720px) 100vw, 720px\" \/><figcaption class=\"wp-element-caption\">forno revestido de amendoim<\/figcaption><\/figure> <\/div>   <h2 class=\"wp-block-heading\">Destaques da torrefadora autom\u00e1tica de amendoim revestido<\/h2>    <ol class=\"wp-block-list\"> <li>V\u00e1rios m\u00e9todos de aquecimento para os clientes escolherem. Aquecimento el\u00e9trico, aquecimento a carv\u00e3o, aquecimento a g\u00e1s, etc.<\/li>    <li>O alto grau de automa\u00e7\u00e3o. Esta \u00e9 uma m\u00e1quina autom\u00e1tica para torrar amendoim, que pode ser operada por apenas uma pessoa.<\/li>    <li>A taxa de dano \u00e9 baixa. Comparado com outros tipos de m\u00e1quinas, o forno girat\u00f3rio apresenta uma pequena rotatividade de materiais e um baixo \u00edndice de danos.<\/li>    <li>Barulho baixo. A m\u00e1quina \u00e9 fabricada com tecnologia avan\u00e7ada e foi aprimorada diversas vezes. Tem a vantagem de baixo ru\u00eddo.<\/li>    <li>A velocidade de aquecimento \u00e9 r\u00e1pida. Materiais de isolamento t\u00e9rmico de alta qualidade podem reduzir significativamente o tempo de aquecimento.<\/li> <\/ol>   <div class=\"wp-block-image\"> <figure class=\"aligncenter size-full\"><img loading=\"lazy\" decoding=\"async\" width=\"720\" height=\"540\" src=\"https:\/\/www.peanuts-machine.com\/wp-content\/uploads\/2023\/02\/peanut-swing-oven.webp\" alt=\"forno de balan\u00e7o de amendoim\" class=\"wp-image-337\" title=\"\" srcset=\"https:\/\/www.peanuts-machine.com\/wp-content\/uploads\/2023\/02\/peanut-swing-oven.webp 720w, https:\/\/www.peanuts-machine.com\/wp-content\/uploads\/2023\/02\/peanut-swing-oven-300x225.webp 300w\" sizes=\"auto, (max-width: 720px) 100vw, 720px\" \/><figcaption class=\"wp-element-caption\">forno de balan\u00e7o de amendoim<\/figcaption><\/figure> <\/div>   <h2 class=\"wp-block-heading\">Faixa de aplica\u00e7\u00e3o do forno girat\u00f3rio<\/h2>    <p>O forno girat\u00f3rio de amendoim \u00e9 usado principalmente para assar amendoins revestidos, gr\u00e3os de amendoim, gr\u00e3os de cacau, amendoins de pele de peixe, nozes, feij\u00f5es e outros materiais granulares. Portanto. Esta m\u00e1quina pode ser usada em muitos restaurantes, supermercados, padarias e f\u00e1bricas de processamento de nozes.<\/p>   <div class=\"wp-block-image\"> <figure class=\"aligncenter size-full\"><img loading=\"lazy\" decoding=\"async\" width=\"720\" height=\"540\" src=\"https:\/\/www.peanuts-machine.com\/wp-content\/uploads\/2023\/02\/finished-products.webp\" alt=\"produtos finalizados\" class=\"wp-image-334\" title=\"\" srcset=\"https:\/\/www.peanuts-machine.com\/wp-content\/uploads\/2023\/02\/finished-products.webp 720w, https:\/\/www.peanuts-machine.com\/wp-content\/uploads\/2023\/02\/finished-products-300x225.webp 300w\" sizes=\"auto, (max-width: 720px) 100vw, 720px\" \/><figcaption class=\"wp-element-caption\">produtos finalizados<\/figcaption><\/figure> <\/div>","protected":false},"excerpt":{"rendered":"<p>O forno girat\u00f3rio de amendoim pode torrar amendoins revestidos, castanhas de caju, am\u00eandoas, feij\u00f5es e nozes diversas. Portanto, este \u00e9 provavelmente um torrador de nozes comercial ideal.<\/p>","protected":false},"author":1,"featured_media":332,"parent":0,"template":"","tags":[56,36],"product-type":[50,46],"class_list":["post-330","product","type-product","status-publish","has-post-thumbnail","hentry","tag-nut","tag-peanut","product-type-peanut-roasting-machine","product-type-products"],"_links":{"self":[{"href":"https:\/\/www.peanuts-machine.com\/pt\/wp-json\/wp\/v2\/product\/330","targetHints":{"allow":["GET"]}}],"collection":[{"href":"https:\/\/www.peanuts-machine.com\/pt\/wp-json\/wp\/v2\/product"}],"about":[{"href":"https:\/\/www.peanuts-machine.com\/pt\/wp-json\/wp\/v2\/types\/product"}],"author":[{"embeddable":true,"href":"https:\/\/www.peanuts-machine.com\/pt\/wp-json\/wp\/v2\/users\/1"}],"wp:featuredmedia":[{"embeddable":true,"href":"https:\/\/www.peanuts-machine.com\/pt\/wp-json\/wp\/v2\/media\/332"}],"wp:attachment":[{"href":"https:\/\/www.peanuts-machine.com\/pt\/wp-json\/wp\/v2\/media?parent=330"}],"wp:term":[{"taxonomy":"post_tag","embeddable":true,"href":"https:\/\/www.peanuts-machine.com\/pt\/wp-json\/wp\/v2\/tags?post=330"},{"taxonomy":"product-type","embeddable":true,"href":"https:\/\/www.peanuts-machine.com\/pt\/wp-json\/wp\/v2\/product-type?post=330"}],"curies":[{"name":"wp","href":"https:\/\/api.w.org\/{rel}","templated":true}]}}