{"id":344,"date":"2023-03-15T15:14:48","date_gmt":"2023-03-15T07:14:48","guid":{"rendered":"https:\/\/www.peanuts-machine.com\/?post_type=product&#038;p=344"},"modified":"2026-01-14T16:10:25","modified_gmt":"2026-01-14T08:10:25","slug":"groundnut-frying-machine","status":"publish","type":"product","link":"https:\/\/www.peanuts-machine.com\/pt\/product\/groundnut-frying-machine\/","title":{"rendered":"Fritadeira Comercial de Amendoim | Fritadeira de A\u00e7o Inoxid\u00e1vel"},"content":{"rendered":"<div class=\"kk-star-ratings kksr-auto kksr-align-left kksr-valign-top\"     data-payload='{&quot;align&quot;:&quot;left&quot;,&quot;id&quot;:&quot;344&quot;,&quot;slug&quot;:&quot;default&quot;,&quot;valign&quot;:&quot;top&quot;,&quot;ignore&quot;:&quot;&quot;,&quot;reference&quot;:&quot;auto&quot;,&quot;class&quot;:&quot;&quot;,&quot;count&quot;:&quot;23&quot;,&quot;legendonly&quot;:&quot;&quot;,&quot;readonly&quot;:&quot;&quot;,&quot;score&quot;:&quot;4.7&quot;,&quot;starsonly&quot;:&quot;&quot;,&quot;best&quot;:&quot;5&quot;,&quot;gap&quot;:&quot;5&quot;,&quot;greet&quot;:&quot;Rate this product&quot;,&quot;legend&quot;:&quot;4.7\\\/5 - (23 votes)&quot;,&quot;size&quot;:&quot;24&quot;,&quot;title&quot;:&quot;Commercial Groundnut Frying Machine | Stainless Steel Food Fryer&quot;,&quot;width&quot;:&quot;133.8&quot;,&quot;_legend&quot;:&quot;{score}\\\/{best} - ({count} {votes})&quot;,&quot;font_factor&quot;:&quot;1.25&quot;}'>              <div class=\"kksr-stars\">      <div class=\"kksr-stars-inactive\">             <div class=\"kksr-star\" data-star=\"1\" style=\"padding-right: 5px\">               <div class=\"kksr-icon\" style=\"width: 24px; height: 24px;\"><\/div>         <\/div>             <div class=\"kksr-star\" data-star=\"2\" style=\"padding-right: 5px\">               <div class=\"kksr-icon\" style=\"width: 24px; height: 24px;\"><\/div>         <\/div>             <div class=\"kksr-star\" data-star=\"3\" style=\"padding-right: 5px\">               <div class=\"kksr-icon\" style=\"width: 24px; height: 24px;\"><\/div>         <\/div>             <div class=\"kksr-star\" data-star=\"4\" style=\"padding-right: 5px\">               <div class=\"kksr-icon\" style=\"width: 24px; height: 24px;\"><\/div>         <\/div>             <div class=\"kksr-star\" data-star=\"5\" style=\"padding-right: 5px\">               <div class=\"kksr-icon\" style=\"width: 24px; height: 24px;\"><\/div>         <\/div>     <\/div>      <div class=\"kksr-stars-active\" style=\"width: 133.8px;\">             <div class=\"kksr-star\" style=\"padding-right: 5px\">               <div class=\"kksr-icon\" style=\"width: 24px; height: 24px;\"><\/div>         <\/div>             <div class=\"kksr-star\" style=\"padding-right: 5px\">               <div class=\"kksr-icon\" style=\"width: 24px; height: 24px;\"><\/div>         <\/div>             <div class=\"kksr-star\" style=\"padding-right: 5px\">               <div class=\"kksr-icon\" style=\"width: 24px; height: 24px;\"><\/div>         <\/div>             <div class=\"kksr-star\" style=\"padding-right: 5px\">               <div class=\"kksr-icon\" style=\"width: 24px; height: 24px;\"><\/div>         <\/div>             <div class=\"kksr-star\" style=\"padding-right: 5px\">               <div class=\"kksr-icon\" style=\"width: 24px; height: 24px;\"><\/div>         <\/div>     <\/div> <\/div>                   <div class=\"kksr-legend\" style=\"font-size: 19.2px;\">             4,7\/5 - (23 votos)    <\/div>     <\/div>  <p>A m\u00e1quina de fritar amendoim \u00e9 um equipamento de fritura comercial amplamente utilizado para uma vasta gama de produtos alimentares, como nozes, alimentos expandidos, produtos de massa, carne, frutos do mar e produtos de soja.<\/p>    <p>Adota uma tecnologia avan\u00e7ada de mistura de \u00f3leo e \u00e1gua, que pode filtrar o res\u00edduo automaticamente. Isso n\u00e3o s\u00f3 estende efetivamente o ciclo de uso do \u00f3leo de cozinha, mas tamb\u00e9m economiza at\u00e9 50% do \u00f3leo de cozinha e 40% do consumo de eletricidade, reduzindo significativamente os custos de produ\u00e7\u00e3o.<\/p>    <p>O equipamento est\u00e1 equipado com um sistema autom\u00e1tico de controle de temperatura para garantir uma fritura uniforme e qualidade est\u00e1vel dos ingredientes. Ele suporta tanto aquecimento el\u00e9trico quanto aquecimento a carv\u00e3o para atender \u00e0s necessidades de diferentes ambientes de produ\u00e7\u00e3o.<\/p>    <p>Seja uma f\u00e1brica de processamento de amendoim ou uma f\u00e1brica de produ\u00e7\u00e3o de alimentos, esta fritadeira \u00e9 a escolha ideal para ajud\u00e1-lo a melhorar facilmente a efici\u00eancia da produ\u00e7\u00e3o e a qualidade dos alimentos.<\/p>   <div class=\"wp-block-image\"> <figure class=\"aligncenter size-full\"><img loading=\"lazy\" decoding=\"async\" width=\"720\" height=\"540\" src=\"https:\/\/www.peanuts-machine.com\/wp-content\/uploads\/2023\/03\/machine-for-frying-groundnut.webp\" alt=\"m\u00e1quina para fritar amendoim\" class=\"wp-image-350\" title=\"\" srcset=\"https:\/\/www.peanuts-machine.com\/wp-content\/uploads\/2023\/03\/machine-for-frying-groundnut.webp 720w, https:\/\/www.peanuts-machine.com\/wp-content\/uploads\/2023\/03\/machine-for-frying-groundnut-300x225.webp 300w\" sizes=\"auto, (max-width: 720px) 100vw, 720px\" \/><figcaption class=\"wp-element-caption\">m\u00e1quina para fritar amendoim<\/figcaption><\/figure> <\/div>   <h2 class=\"wp-block-heading\">Aplica\u00e7\u00f5es de m\u00e1quinas de fritar alimentos<\/h2>    <p>A fritadeira de alimentos \u00e9 ideal para a ind\u00fastria de processamento de alimentos, restaurantes de fast food, lojas de frango frito, confeitarias e muito mais. Aqui est\u00e1 uma breve lista de v\u00e1rios tipos de alimentos que podem ser preparados: <\/p>    <ul class=\"wp-block-list\"> <li>Nozes: favas, ervilhas, amendoins, pinh\u00f5es.<\/li>    <li>Salgadinhos tufados: potpourri, batata frita.<\/li>    <li>Itens de massa: orelhas de gato, bolos de casca, donuts, sachima, potpourri.<\/li>    <li>Pratos de carne: bolo de carne, coxas de frango.<\/li>    <li>Frutos do mar: corvina amarela, vieiras.<\/li>    <li>Produtos de soja: tofu seco, folhados de tofu e outros.<\/li> <\/ul>   <div class=\"wp-block-image\"> <figure class=\"aligncenter size-full\"><img loading=\"lazy\" decoding=\"async\" width=\"720\" height=\"540\" src=\"https:\/\/www.peanuts-machine.com\/wp-content\/uploads\/2023\/03\/application-scope.webp\" alt=\"escopo de aplica\u00e7\u00e3o\" class=\"wp-image-345\" title=\"\" srcset=\"https:\/\/www.peanuts-machine.com\/wp-content\/uploads\/2023\/03\/application-scope.webp 720w, https:\/\/www.peanuts-machine.com\/wp-content\/uploads\/2023\/03\/application-scope-300x225.webp 300w\" sizes=\"auto, (max-width: 720px) 100vw, 720px\" \/><figcaption class=\"wp-element-caption\">escopo de aplica\u00e7\u00e3o<\/figcaption><\/figure> <\/div>   <h2 class=\"wp-block-heading\">Princ\u00edpio de funcionamento da m\u00e1quina de fritar amendoim<\/h2>    <ul class=\"wp-block-list\"> <li>M\u00e9todo de aquecimento: o equipamento utiliza eletricidade ou g\u00e1s como fonte de calor para aquecer o tanque de \u00f3leo, de modo que a temperatura do \u00f3leo aumente gradualmente at\u00e9 atingir a temperatura necess\u00e1ria para fritar ingredientes.<\/li>    <li>Mistura autom\u00e1tica: o sistema de transmiss\u00e3o interno aciona o dispositivo de mistura para girar para cima e para baixo. Os ingredientes s\u00e3o aquecidos uniformemente no \u00f3leo, evitando fritura localizada ou aquecimento desigual.<\/li>    <li>Fritura uniforme: quando a temperatura do \u00f3leo atinge o valor definido, adicione os ingredientes. A fun\u00e7\u00e3o de agita\u00e7\u00e3o garante que todos os ingredientes sejam fritos uniformemente, melhorando o sabor e a qualidade dos produtos fritos.<\/li>    <li>Separa\u00e7\u00e3o de res\u00edduos: os res\u00edduos gerados durante a fritura afundam automaticamente no fundo. Isso previne efetivamente a deteriora\u00e7\u00e3o da qualidade do \u00f3leo e prolonga a vida \u00fatil do \u00f3leo de cozinha.<\/li>    <li>Estrutura de separa\u00e7\u00e3o \u00f3leo-\u00e1gua: adotando tecnologia avan\u00e7ada de separa\u00e7\u00e3o \u00f3leo-\u00e1gua, os alimentos fritos flutuam na superf\u00edcie do \u00f3leo, enquanto a \u00e1gua e as impurezas afundam no fundo, mantendo o \u00f3leo limpo.<\/li>    <li>Descarregamento autom\u00e1tico: ap\u00f3s a fritura estar conclu\u00edda, o equipamento pode separar automaticamente os ingredientes do \u00f3leo. Isso facilita a coleta dos produtos acabados e melhora a efici\u00eancia da produ\u00e7\u00e3o.<\/li> <\/ul>    <figure class=\"wp-block-embed aligncenter is-type-video is-provider-youtube wp-block-embed-youtube wp-embed-aspect-16-9 wp-has-aspect-ratio\"><div class=\"wp-block-embed__wrapper\"> <iframe loading=\"lazy\" title=\"M\u00e1quina de fritar amendoim para fritar amendoim, queixo, nozes, carne, alimentos tufados\" width=\"500\" height=\"281\" src=\"https:\/\/www.youtube.com\/embed\/Sb2JiGceo_A?feature=oembed\" frameborder=\"0\" allow=\"accelerometer; autoplay; clipboard-write; encrypted-media; gyroscope; picture-in-picture; web-share\" referrerpolicy=\"strict-origin-when-cross-origin\" allowfullscreen><\/iframe> <\/div><figcaption class=\"wp-element-caption\">v\u00eddeo de funcionamento da m\u00e1quina de fritar amendoins para processamento de alimentos<\/figcaption><\/figure>    <h2 class=\"wp-block-heading\">Par\u00e2metros t\u00e9cnicos da m\u00e1quina de fritar alimentos<\/h2>    <p>Oferecemos m\u00e1quinas de fritar amendoim com aquecimento el\u00e9trico e a g\u00e1s. Al\u00e9m disso, disponibilizamos op\u00e7\u00f5es com base na forma, com m\u00e1quinas redondas e quadradas dispon\u00edveis. A escolha depende, em \u00faltima an\u00e1lise, do local do cliente e da prefer\u00eancia pessoal.<\/p>    <h3 class=\"wp-block-heading\">Fritadeira redonda aquecida a g\u00e1s<\/h3>    <figure class=\"wp-block-table is-style-stripes\"><table><tbody><tr><td>Modelo<\/td><td>TZ-RG1000<\/td><td>TZ-RG1200<\/td><td>TZ-RG1500<\/td><\/tr><tr><td>Tamanho (mm)<\/td><td>1450x1200x1700<\/td><td>1650x1400x1700<\/td><td>1950x1600x1700<\/td><\/tr><tr><td>Pot\u00eancia de descarga (kw)<\/td><td>0.75<\/td><td>0.75<\/td><td>1.1<\/td><\/tr><tr><td>Pot\u00eancia de agita\u00e7\u00e3o (kw)<\/td><td>0.75<\/td><td>0.75<\/td><td>1.5<\/td><\/tr><tr><td>Pot\u00eancia de aquecimento<\/td><td>100.000 quilocalorias<\/td><td>200.000 quilocalorias<\/td><td>200.000 quilocalorias<\/td><\/tr><tr><td>Tamanho da zona de fritura (mm)<\/td><td>1000&#215;350<\/td><td>1200&#215;350<\/td><td>1500&#215;350<\/td><\/tr><\/tbody><\/table><\/figure>    <h3 class=\"wp-block-heading\">Fritadeira comercial el\u00e9trica redonda aquecida<\/h3>    <figure class=\"wp-block-table is-style-stripes\"><table><tbody><tr><td>Modelo<\/td><td>TZ-RE1000<\/td><td>TZ-RE1200<\/td><td>TZ-RE1500<\/td><\/tr><tr><td>Tamanho (mm)<\/td><td>1250x1200x1700<\/td><td>1450x1400x1700<\/td><td>1750x1700x1700<\/td><\/tr><tr><td>Pot\u00eancia de descarga (kw)<\/td><td>0.75<\/td><td>0.75<\/td><td>1.5<\/td><\/tr><tr><td>Pot\u00eancia de agita\u00e7\u00e3o (kw)<\/td><td>0.75<\/td><td>1.1<\/td><td>1.5<\/td><\/tr><tr><td>Tamanho da zona de fritura (mm)<\/td><td>1000&#215;350<\/td><td>1200&#215;350<\/td><td>1500&#215;350<\/td><\/tr><\/tbody><\/table><\/figure>   <div class=\"wp-block-image\"> <figure class=\"aligncenter size-full\"><img loading=\"lazy\" decoding=\"async\" width=\"720\" height=\"540\" src=\"https:\/\/www.peanuts-machine.com\/wp-content\/uploads\/2023\/03\/stirrer-device-of-the-machine.webp\" alt=\"dispositivo agitador da m\u00e1quina\" class=\"wp-image-353\" title=\"\" srcset=\"https:\/\/www.peanuts-machine.com\/wp-content\/uploads\/2023\/03\/stirrer-device-of-the-machine.webp 720w, https:\/\/www.peanuts-machine.com\/wp-content\/uploads\/2023\/03\/stirrer-device-of-the-machine-300x225.webp 300w\" sizes=\"auto, (max-width: 720px) 100vw, 720px\" \/><figcaption class=\"wp-element-caption\">dispositivo agitador da m\u00e1quina<\/figcaption><\/figure> <\/div>   <h3 class=\"wp-block-heading\">M\u00e1quina fritadeira de aquecimento el\u00e9trico quadrado<\/h3>    <figure class=\"wp-block-table is-style-stripes\"><table><tbody><tr><td>Modelo<\/td><td>TZ-SE1000<\/td><td>TZ-SE1500<\/td><td>TZ-SE2000<\/td><\/tr><tr><td>Tamanho (mm)<\/td><td>1400x1100x1700<\/td><td>1900x1100x1700<\/td><td>2400x1100x1700<\/td><\/tr><tr><td>Pot\u00eancia de descarga (kw)<\/td><td>0.75<\/td><td>0.75<\/td><td>1.5<\/td><\/tr><tr><td>Pot\u00eancia de aquecimento (kw)<\/td><td>40<\/td><td>60<\/td><td>90<\/td><\/tr><tr><td>Tamanho da zona de fritura (mm)<\/td><td>1200&#215;800<\/td><td>1500&#215;800<\/td><td>2000&#215;800<\/td><\/tr><\/tbody><\/table><\/figure>    <h3 class=\"wp-block-heading\">Fritadeira quadrada com aquecimento a g\u00e1s<\/h3>    <figure class=\"wp-block-table is-style-stripes\"><table><tbody><tr><td>Modelo<\/td><td>TZ-SG1000<\/td><td>TZ-SG1500<\/td><td>TZ-SG2000<\/td><\/tr><tr><td>Tamanho (mm)<\/td><td>1400x1500x1700<\/td><td>1900x1500x1700<\/td><td>2400x1500x1700<\/td><\/tr><tr><td>Pot\u00eancia de descarga (kw)<\/td><td>0.75<\/td><td>0.75<\/td><td>1.5<\/td><\/tr><tr><td>Pot\u00eancia de aquecimento<\/td><td>100.000 quilocalorias<\/td><td>200.000 quilocalorias<\/td><td>200.000 quilocalorias<\/td><\/tr><tr><td>Tamanho da zona de fritura (mm)<\/td><td>1200&#215;800<\/td><td>1500&#215;800<\/td><td>2000&#215;800<\/td><\/tr><\/tbody><\/table><\/figure>    <p>Acima est\u00e3o os par\u00e2metros t\u00e9cnicos de 4 m\u00e1quinas de fritura. Se precisar de uma m\u00e1quina de fritar amendoins de alta qualidade, sinta-se \u00e0 vontade para nos contactar a qualquer momento.<\/p>    <h2 class=\"wp-block-heading\">Destaques da m\u00e1quina de fritar amendoim<\/h2>    <ul class=\"wp-block-list\"> <li>O mecanismo de agita\u00e7\u00e3o embutido pode girar continuamente os ingredientes, de modo que os amendoins e outros materiais sejam aquecidos de maneira uniforme, prevenindo efetivamente o fen\u00f4meno de pasta no fundo da panela e de grudar.<\/li>    <li>A m\u00e1quina de fritar amendoim est\u00e1 equipada com uma fun\u00e7\u00e3o de controle de temperatura inteligente. Quando a temperatura do \u00f3leo atinge o limite superior definido, o aquecedor el\u00e9trico ou queimador para de aquecer automaticamente para manter a melhor temperatura de fritura.<\/li>    <li>Equipado com dispositivo el\u00e9trico de eleva\u00e7\u00e3o e descarga, o material \u00e9 descarregado automaticamente ap\u00f3s a fritura ser conclu\u00edda, o que reduz significativamente a intensidade do trabalho e melhora a efici\u00eancia operacional.<\/li>    <li>O corpo \u00e9 feito de a\u00e7o inoxid\u00e1vel 304, com alta resist\u00eancia, resist\u00eancia \u00e0 corros\u00e3o, f\u00e1cil de limpar, em conformidade com os padr\u00f5es de sa\u00fade para processamento de alimentos.<\/li>    <li>Adotando algod\u00e3o de preserva\u00e7\u00e3o de calor de silicato de alum\u00ednio, com bom desempenho de preserva\u00e7\u00e3o de calor, pode efetivamente reter o calor, reduzir a perda de calor, economizar eletricidade e custos de combust\u00edvel.<\/li> <\/ul>   <div class=\"wp-block-image\"> <figure class=\"aligncenter size-full\"><img loading=\"lazy\" decoding=\"async\" width=\"720\" height=\"540\" src=\"https:\/\/www.peanuts-machine.com\/wp-content\/uploads\/2023\/03\/small-peanut-frying-machine.webp\" alt=\"pequena m\u00e1quina de fritar amendoim\" class=\"wp-image-352\" title=\"\" srcset=\"https:\/\/www.peanuts-machine.com\/wp-content\/uploads\/2023\/03\/small-peanut-frying-machine.webp 720w, https:\/\/www.peanuts-machine.com\/wp-content\/uploads\/2023\/03\/small-peanut-frying-machine-300x225.webp 300w\" sizes=\"auto, (max-width: 720px) 100vw, 720px\" \/><figcaption class=\"wp-element-caption\">pequena m\u00e1quina de fritar amendoim<\/figcaption><\/figure> <\/div>   <h2 class=\"wp-block-heading\">Como preparar o amendoim antes de fritar?<\/h2>    <ol class=\"wp-block-list\"> <li>Selecione amendoins crus frescos. <\/li>    <li>Retire as cascas e cascas dos amendoins. Uma m\u00e1quina para descascar amendoim e uma m\u00e1quina para descascar amendoim do tipo \u00famido podem ser \u00fateis para esta tarefa. <\/li>    <li>Enx\u00e1gue e seque os amendoins ap\u00f3s o processamento. <\/li>    <li>Pr\u00e9-aque\u00e7a a fritadeira a cerca de 175\u00b0C. Voc\u00ea pode usar um term\u00f4metro para garantir que o \u00f3leo esteja na temperatura certa. <\/li>    <li>Adicione o amendoim ao \u00f3leo quente. <\/li>    <li>Frite at\u00e9 atingirem a cor marrom dourado ou marrom escuro, dependendo da sua prefer\u00eancia. Isso geralmente leva cerca de 10 a 15 minutos. <\/li>    <li>Uma vez feito, despeje os amendoins fritos para esfriar. Al\u00e9m disso, \u00e9 importante regularmente <a href=\"https:\/\/www.peanuts-machine.com\/pt\/Info\/maintenance-points-of-automatic-groundnut-frying-machine\/\">mantenha sua m\u00e1quina de fritar amendoim<\/a> para garantir sua longevidade.<\/li> <\/ol>   <div class=\"wp-block-image\"> <figure class=\"aligncenter size-full\"><img loading=\"lazy\" decoding=\"async\" width=\"720\" height=\"540\" src=\"https:\/\/www.peanuts-machine.com\/wp-content\/uploads\/2023\/03\/groundnut-frying-machine.webp\" alt=\"m\u00e1quina de fritar amendoim\" class=\"wp-image-349\" title=\"\" srcset=\"https:\/\/www.peanuts-machine.com\/wp-content\/uploads\/2023\/03\/groundnut-frying-machine.webp 720w, https:\/\/www.peanuts-machine.com\/wp-content\/uploads\/2023\/03\/groundnut-frying-machine-300x225.webp 300w\" sizes=\"auto, (max-width: 720px) 100vw, 720px\" \/><figcaption class=\"wp-element-caption\">m\u00e1quina de fritar amendoim<\/figcaption><\/figure> <\/div>   <h2 class=\"wp-block-heading\">Onde comprar fritadeira autom\u00e1tica?<\/h2>    <p class=\"translation-block\">Com mais de 20 anos de experi\u00eancia na fabrica\u00e7\u00e3o de m\u00e1quinas, oferecemos n\u00e3o s\u00f3 m\u00e1quinas de alta qualidade para fritar amendoins, mas tamb\u00e9m <a href=\"https:\/\/www.peanuts-machine.com\/pt\/product\/groundnut-sheller\/\">m\u00e1quinas de descascar amendoins<\/a>, <a href=\"https:\/\/www.peanuts-machine.com\/pt\/product\/peanut-roasting-machine\/\">m\u00e1quinas de amendoins torrados<\/a> e <a href=\"https:\/\/www.peanuts-machine.com\/pt\/product\/commercial-peanut-butter-machine\/\">equipamentos para fazer manteiga de amendoim<\/a>, entre outras op\u00e7\u00f5es. Se precisar de qualquer maquinaria para <a href=\"https:\/\/en.wikipedia.org\/wiki\/Peanut\" target=\"_blank\" rel=\"noopener\">amendoins<\/a>, n\u00e3o hesite em contactar-nos.<\/p>","protected":false},"excerpt":{"rendered":"<p>A m\u00e1quina de fritar amendoim em a\u00e7o inoxid\u00e1vel est\u00e1 equipada com fun\u00e7\u00f5es autom\u00e1ticas de agita\u00e7\u00e3o, controle de temperatura e descarregamento. \u00c9 adequada para o processamento de fritura de muitos tipos de alimentos.<\/p>","protected":false},"author":1,"featured_media":351,"parent":0,"template":"","tags":[36],"product-type":[54,46],"class_list":["post-344","product","type-product","status-publish","has-post-thumbnail","hentry","tag-peanut","product-type-other-peanut-related-machine","product-type-products"],"_links":{"self":[{"href":"https:\/\/www.peanuts-machine.com\/pt\/wp-json\/wp\/v2\/product\/344","targetHints":{"allow":["GET"]}}],"collection":[{"href":"https:\/\/www.peanuts-machine.com\/pt\/wp-json\/wp\/v2\/product"}],"about":[{"href":"https:\/\/www.peanuts-machine.com\/pt\/wp-json\/wp\/v2\/types\/product"}],"author":[{"embeddable":true,"href":"https:\/\/www.peanuts-machine.com\/pt\/wp-json\/wp\/v2\/users\/1"}],"wp:featuredmedia":[{"embeddable":true,"href":"https:\/\/www.peanuts-machine.com\/pt\/wp-json\/wp\/v2\/media\/351"}],"wp:attachment":[{"href":"https:\/\/www.peanuts-machine.com\/pt\/wp-json\/wp\/v2\/media?parent=344"}],"wp:term":[{"taxonomy":"post_tag","embeddable":true,"href":"https:\/\/www.peanuts-machine.com\/pt\/wp-json\/wp\/v2\/tags?post=344"},{"taxonomy":"product-type","embeddable":true,"href":"https:\/\/www.peanuts-machine.com\/pt\/wp-json\/wp\/v2\/product-type?post=344"}],"curies":[{"name":"wp","href":"https:\/\/api.w.org\/{rel}","templated":true}]}}