{"id":365,"date":"2023-05-05T10:10:04","date_gmt":"2023-05-05T02:10:04","guid":{"rendered":"https:\/\/www.peanuts-machine.com\/?post_type=product&#038;p=365"},"modified":"2026-02-24T13:52:35","modified_gmt":"2026-02-24T05:52:35","slug":"peanut-brittle-forming-and-cutting-machine","status":"publish","type":"product","link":"https:\/\/www.peanuts-machine.com\/pt\/product\/peanut-brittle-forming-and-cutting-machine\/","title":{"rendered":"M\u00e1quina Semi-autom\u00e1tica de Moldagem e Corte de Doce de Amendoim"},"content":{"rendered":"<div class=\"kk-star-ratings kksr-auto kksr-align-left kksr-valign-top\"     data-payload='{&quot;align&quot;:&quot;left&quot;,&quot;id&quot;:&quot;365&quot;,&quot;slug&quot;:&quot;default&quot;,&quot;valign&quot;:&quot;top&quot;,&quot;ignore&quot;:&quot;&quot;,&quot;reference&quot;:&quot;auto&quot;,&quot;class&quot;:&quot;&quot;,&quot;count&quot;:&quot;26&quot;,&quot;legendonly&quot;:&quot;&quot;,&quot;readonly&quot;:&quot;&quot;,&quot;score&quot;:&quot;4.8&quot;,&quot;starsonly&quot;:&quot;&quot;,&quot;best&quot;:&quot;5&quot;,&quot;gap&quot;:&quot;5&quot;,&quot;greet&quot;:&quot;Rate this product&quot;,&quot;legend&quot;:&quot;4.8\\\/5 - (26 votes)&quot;,&quot;size&quot;:&quot;24&quot;,&quot;title&quot;:&quot;Semi-Automatic Peanut Brittle Forming and Cutting Machine&quot;,&quot;width&quot;:&quot;136.7&quot;,&quot;_legend&quot;:&quot;{score}\\\/{best} - ({count} {votes})&quot;,&quot;font_factor&quot;:&quot;1.25&quot;}'>              <div class=\"kksr-stars\">      <div class=\"kksr-stars-inactive\">             <div class=\"kksr-star\" data-star=\"1\" style=\"padding-right: 5px\">               <div class=\"kksr-icon\" style=\"width: 24px; height: 24px;\"><\/div>         <\/div>             <div class=\"kksr-star\" data-star=\"2\" style=\"padding-right: 5px\">               <div class=\"kksr-icon\" style=\"width: 24px; height: 24px;\"><\/div>         <\/div>             <div class=\"kksr-star\" data-star=\"3\" style=\"padding-right: 5px\">               <div class=\"kksr-icon\" style=\"width: 24px; height: 24px;\"><\/div>         <\/div>             <div class=\"kksr-star\" data-star=\"4\" style=\"padding-right: 5px\">               <div class=\"kksr-icon\" style=\"width: 24px; height: 24px;\"><\/div>         <\/div>             <div class=\"kksr-star\" data-star=\"5\" style=\"padding-right: 5px\">               <div class=\"kksr-icon\" style=\"width: 24px; height: 24px;\"><\/div>         <\/div>     <\/div>      <div class=\"kksr-stars-active\" style=\"width: 136.7px;\">             <div class=\"kksr-star\" style=\"padding-right: 5px\">               <div class=\"kksr-icon\" style=\"width: 24px; height: 24px;\"><\/div>         <\/div>             <div class=\"kksr-star\" style=\"padding-right: 5px\">               <div class=\"kksr-icon\" style=\"width: 24px; height: 24px;\"><\/div>         <\/div>             <div class=\"kksr-star\" style=\"padding-right: 5px\">               <div class=\"kksr-icon\" style=\"width: 24px; height: 24px;\"><\/div>         <\/div>             <div class=\"kksr-star\" style=\"padding-right: 5px\">               <div class=\"kksr-icon\" style=\"width: 24px; height: 24px;\"><\/div>         <\/div>             <div class=\"kksr-star\" style=\"padding-right: 5px\">               <div class=\"kksr-icon\" style=\"width: 24px; height: 24px;\"><\/div>         <\/div>     <\/div> <\/div>                   <div class=\"kksr-legend\" style=\"font-size: 19.2px;\">             4,8\/5 - (26 votos)    <\/div>     <\/div>  <p>A m\u00e1quina de forma\u00e7\u00e3o e corte de amendoim caramelizado serve como equipamento central para a fabrica\u00e7\u00e3o de doces de amendoim, caramelizado, doces de gergelim e v\u00e1rias barras de gr\u00e3os. Com fun\u00e7\u00f5es de forma\u00e7\u00e3o e corte de blocos, \u00e9 adequada para pequenas e m\u00e9dias f\u00e1bricas de processamento de alimentos e oficinas artesanais.<\/p>    <p>Featuring a semi-automatic design, this line ensures uniform product appearance and consistent dimensions while significantly reducing manual labor intensity. Its compact structure and flexible operation deliver an output of 150\u2013300 kg\/h, meeting customers&#8217; practical production needsacross different scales.<\/p>    <figure class=\"wp-block-embed aligncenter is-type-video is-provider-youtube wp-block-embed-youtube wp-embed-aspect-16-9 wp-has-aspect-ratio\"><div class=\"wp-block-embed__wrapper\"> <iframe loading=\"lazy\" title=\"Semi-Automatic Peanut Candy Production Line | Efficient &amp; Reliable Sweet Making#peanutbrittle\" width=\"500\" height=\"281\" src=\"https:\/\/www.youtube.com\/embed\/5cDzhiBWwJk?feature=oembed\" frameborder=\"0\" allow=\"accelerometer; autoplay; clipboard-write; encrypted-media; gyroscope; picture-in-picture; web-share\" referrerpolicy=\"strict-origin-when-cross-origin\" allowfullscreen><\/iframe> <\/div><figcaption class=\"wp-element-caption\">V\u00eddeo de funcionamento da linha semi-autom\u00e1tica de processamento de barras de cereal de amendoim<\/figcaption><\/figure>    <h2 class=\"wp-block-heading\">Composi\u00e7\u00e3o do equipamento e escopo de aplica\u00e7\u00e3o<\/h2>    <p>Esta m\u00e1quina semi-autom\u00e1tica de forma\u00e7\u00e3o e corte de amendoim caramelizado consiste principalmente nos seguintes dois componentes:<\/p>    <ul class=\"wp-block-list\"> <li>M\u00e1quina de forma\u00e7\u00e3o de blocos de doces de amendoim (Prensa de rolo \u00fanico rec\u00edproco)<\/li>    <li>M\u00e1quina de corte transversal com descarga autom\u00e1tica<\/li> <\/ul>    <p class=\"translation-block\"><strong>O equipamento completo \u00e9 amplamente aplic\u00e1vel para:<\/strong><\/p>    <p>Forma\u00e7\u00e3o e corte de v\u00e1rios alimentos, incluindo doces de amendoim, caramelizado de amendoim, doces de gergelim, biscoito de sacha, doce de pipoca de arroz, barras energ\u00e9ticas de gr\u00e3os, doces de sementes de girassol, doces de gr\u00e3os inflados, etc.<\/p>   <div class=\"wp-block-image\"> <figure class=\"aligncenter size-full\"><img loading=\"lazy\" decoding=\"async\" width=\"720\" height=\"540\" src=\"https:\/\/www.peanuts-machine.com\/wp-content\/uploads\/2023\/05\/cereal-bar-production.webp\" alt=\"produ\u00e7\u00e3o de barra de cereal\" class=\"wp-image-1138\" title=\"\" srcset=\"https:\/\/www.peanuts-machine.com\/wp-content\/uploads\/2023\/05\/cereal-bar-production.webp 720w, https:\/\/www.peanuts-machine.com\/wp-content\/uploads\/2023\/05\/cereal-bar-production-300x225.webp 300w, https:\/\/www.peanuts-machine.com\/wp-content\/uploads\/2023\/05\/cereal-bar-production-16x12.webp 16w\" sizes=\"auto, (max-width: 720px) 100vw, 720px\" \/><figcaption class=\"wp-element-caption\">produ\u00e7\u00e3o de barra de cereal<\/figcaption><\/figure> <\/div>   <h2 class=\"wp-block-heading\">Recursos da m\u00e1quina de forma\u00e7\u00e3o e corte de amendoim caramelizado<\/h2>    <ul class=\"wp-block-list\"> <li>Controla efetivamente os custos de investimento em equipamentos, adequado para produ\u00e7\u00e3o de pequena a m\u00e9dia escala.<\/li>    <li>Componentes-chave de contato utilizam a\u00e7o inoxid\u00e1vel de grau aliment\u00edcio SUS304\/201, oferecendo resist\u00eancia \u00e0 corros\u00e3o e f\u00e1cil limpeza.<\/li>    <li>A espessura do bloco, a largura e as dimens\u00f5es de corte s\u00e3o ajust\u00e1veis para atender \u00e0s diversas especifica\u00e7\u00f5es do produto com base nos requisitos do cliente.<\/li>    <li>L\u00e2minas de liga de alta qualidade e rolos de press\u00e3o antiaderentes minimizam a ader\u00eancia e prolongam a vida \u00fatil.<\/li>    <li>Controle manual com assist\u00eancia mec\u00e2nica garante baixas taxas de falha. A pegada compacta facilita uma disposi\u00e7\u00e3o flex\u00edvel na oficina.<\/li> <\/ul>    <figure class=\"wp-block-gallery has-nested-images columns-default is-cropped wp-block-gallery-2 is-layout-flex wp-block-gallery-is-layout-flex\"> <figure class=\"wp-block-image size-large\"><img loading=\"lazy\" decoding=\"async\" width=\"720\" height=\"540\" data-id=\"1139\" src=\"https:\/\/www.peanuts-machine.com\/wp-content\/uploads\/2023\/05\/peanut-brittle-forming-and-cutting-machine-2.webp\" alt=\"m\u00e1quina de forma\u00e7\u00e3o e corte quebradi\u00e7o de amendoim\" class=\"wp-image-1139\" title=\"\" srcset=\"https:\/\/www.peanuts-machine.com\/wp-content\/uploads\/2023\/05\/peanut-brittle-forming-and-cutting-machine-2.webp 720w, https:\/\/www.peanuts-machine.com\/wp-content\/uploads\/2023\/05\/peanut-brittle-forming-and-cutting-machine-2-300x225.webp 300w, https:\/\/www.peanuts-machine.com\/wp-content\/uploads\/2023\/05\/peanut-brittle-forming-and-cutting-machine-2-16x12.webp 16w\" sizes=\"auto, (max-width: 720px) 100vw, 720px\" \/><figcaption class=\"wp-element-caption\">m\u00e1quina de forma\u00e7\u00e3o e corte quebradi\u00e7o de amendoim<\/figcaption><\/figure>    <figure class=\"wp-block-image size-large\"><img loading=\"lazy\" decoding=\"async\" width=\"720\" height=\"540\" data-id=\"1140\" src=\"https:\/\/www.peanuts-machine.com\/wp-content\/uploads\/2023\/05\/semi-automatic-peanut-candy-production-line.webp\" alt=\"linha de produ\u00e7\u00e3o semi-autom\u00e1tica de doces de amendoim\" class=\"wp-image-1140\" title=\"\" srcset=\"https:\/\/www.peanuts-machine.com\/wp-content\/uploads\/2023\/05\/semi-automatic-peanut-candy-production-line.webp 720w, https:\/\/www.peanuts-machine.com\/wp-content\/uploads\/2023\/05\/semi-automatic-peanut-candy-production-line-300x225.webp 300w, https:\/\/www.peanuts-machine.com\/wp-content\/uploads\/2023\/05\/semi-automatic-peanut-candy-production-line-16x12.webp 16w\" sizes=\"auto, (max-width: 720px) 100vw, 720px\" \/><figcaption class=\"wp-element-caption\">linha de produ\u00e7\u00e3o semi-autom\u00e1tica de doces de amendoim<\/figcaption><\/figure> <\/figure>    <h2 class=\"wp-block-heading\">Princ\u00edpio de funcionamento da m\u00e1quina de forma\u00e7\u00e3o de barras de cereal de amendoim<\/h2>    <p>A m\u00e1quina semi-autom\u00e1tica de forma\u00e7\u00e3o e corte de amendoim caramelizado consiste principalmente em um sistema de compacta\u00e7\u00e3o, sistema de resfriamento e sistema de corte, apresentando um processo geral claro e eficiente.<\/p>    <ol class=\"wp-block-list\"> <li>Primeiro, o xarope pr\u00e9-misturado e os amendoins (ou outros ingredientes) s\u00e3o alimentados manualmente na m\u00e1quina de forma\u00e7\u00e3o de blocos. O equipamento compacta e modela o material usando rolos rec\u00edprocos, formando blocos de doces de espessura uniforme.<\/li>    <li>Subsequentemente, os blocos de a\u00e7\u00facar se solidificam gradualmente durante o transporte e resfriamento natural antes de entrarem na zona de corte. O cortador emprega alimenta\u00e7\u00e3o intermitente, utilizando l\u00e2minas simples ou cruzadas para fatiar rapidamente os blocos em produtos acabados de dimens\u00f5es espec\u00edficas.<\/li> <\/ol>    <p>Ajustando os par\u00e2metros do molde e da l\u00e2mina, a produ\u00e7\u00e3o de doces de amendoim em v\u00e1rias tamanhos e formas pode ser realizada de forma flex\u00edvel.<\/p>    <figure class=\"wp-block-gallery has-nested-images columns-default is-cropped wp-block-gallery-3 is-layout-flex wp-block-gallery-is-layout-flex\"> <figure class=\"wp-block-image size-large\"><img loading=\"lazy\" decoding=\"async\" width=\"720\" height=\"540\" data-id=\"1141\" src=\"https:\/\/www.peanuts-machine.com\/wp-content\/uploads\/2023\/05\/peanut-bar-molding-die.webp\" alt=\"Moldura de moldagem de barra de amendoim\" class=\"wp-image-1141\" title=\"\" srcset=\"https:\/\/www.peanuts-machine.com\/wp-content\/uploads\/2023\/05\/peanut-bar-molding-die.webp 720w, https:\/\/www.peanuts-machine.com\/wp-content\/uploads\/2023\/05\/peanut-bar-molding-die-300x225.webp 300w, https:\/\/www.peanuts-machine.com\/wp-content\/uploads\/2023\/05\/peanut-bar-molding-die-16x12.webp 16w\" sizes=\"auto, (max-width: 720px) 100vw, 720px\" \/><figcaption class=\"wp-element-caption\">Moldura de moldagem de barra de amendoim<\/figcaption><\/figure>    <figure class=\"wp-block-image size-large\"><img loading=\"lazy\" decoding=\"async\" width=\"720\" height=\"540\" data-id=\"1142\" src=\"https:\/\/www.peanuts-machine.com\/wp-content\/uploads\/2023\/05\/peanut-candy-cutting-tools.webp\" alt=\"ferramentas de corte de doces de amendoim\" class=\"wp-image-1142\" title=\"\" srcset=\"https:\/\/www.peanuts-machine.com\/wp-content\/uploads\/2023\/05\/peanut-candy-cutting-tools.webp 720w, https:\/\/www.peanuts-machine.com\/wp-content\/uploads\/2023\/05\/peanut-candy-cutting-tools-300x225.webp 300w, https:\/\/www.peanuts-machine.com\/wp-content\/uploads\/2023\/05\/peanut-candy-cutting-tools-16x12.webp 16w\" sizes=\"auto, (max-width: 720px) 100vw, 720px\" \/><figcaption class=\"wp-element-caption\">ferramentas de corte de doces de amendoim<\/figcaption><\/figure> <\/figure>    <h2 class=\"wp-block-heading\">Par\u00e2metros das m\u00e1quinas de fabrica\u00e7\u00e3o de doces de amendoim<\/h2>    <h3 class=\"wp-block-heading\">M\u00e1quina de achatamento e forma\u00e7\u00e3o de doces de amendoim<\/h3>    <figure class=\"wp-block-table is-style-stripes\"><table class=\"has-fixed-layout\"><tbody><tr><td><strong>Item<\/strong><\/td><td><strong>Especifica\u00e7\u00e3o<\/strong><\/td><\/tr><tr><td>Tens\u00e3o<\/td><td>380V<\/td><\/tr><tr><td>Poder<\/td><td>1,5 KW<\/td><\/tr><tr><td>Capacidade<\/td><td>150\u2013300 KG\/H<\/td><\/tr><tr><td>Dimens\u00f5es<\/td><td>1600 \u00d7 800 \u00d7 1300 mm<\/td><\/tr><tr><td>Aplicativo<\/td><td>Forma\u00e7\u00e3o de doces \/ caramelizado de amendoim<\/td><\/tr><tr><td>Tipo de descarga<\/td><td>Descarga autom\u00e1tica<\/td><\/tr><tr><td>Personaliza\u00e7\u00e3o<\/td><td>N\u00e3o<\/td><\/tr><\/tbody><\/table><figcaption class=\"wp-element-caption\">Dados t\u00e9cnicos da m\u00e1quina de forma\u00e7\u00e3o de doces de amendoim<\/figcaption><\/figure>    <figure class=\"wp-block-gallery has-nested-images columns-default is-cropped wp-block-gallery-4 is-layout-flex wp-block-gallery-is-layout-flex\"> <figure class=\"wp-block-image size-large\"><img loading=\"lazy\" decoding=\"async\" width=\"720\" height=\"540\" data-id=\"1143\" src=\"https:\/\/www.peanuts-machine.com\/wp-content\/uploads\/2023\/05\/peanut-brittle-forming-machine.webp\" alt=\"m\u00e1quina de forma\u00e7\u00e3o de amendoim caramelizado\" class=\"wp-image-1143\" title=\"\" srcset=\"https:\/\/www.peanuts-machine.com\/wp-content\/uploads\/2023\/05\/peanut-brittle-forming-machine.webp 720w, https:\/\/www.peanuts-machine.com\/wp-content\/uploads\/2023\/05\/peanut-brittle-forming-machine-300x225.webp 300w, https:\/\/www.peanuts-machine.com\/wp-content\/uploads\/2023\/05\/peanut-brittle-forming-machine-16x12.webp 16w\" sizes=\"auto, (max-width: 720px) 100vw, 720px\" \/><figcaption class=\"wp-element-caption\">m\u00e1quina de forma\u00e7\u00e3o de amendoim caramelizado<\/figcaption><\/figure>    <figure class=\"wp-block-image size-large\"><img loading=\"lazy\" decoding=\"async\" width=\"720\" height=\"540\" data-id=\"1144\" src=\"https:\/\/www.peanuts-machine.com\/wp-content\/uploads\/2023\/05\/peanut-candy-pressing-machine.webp\" alt=\"m\u00e1quina de prensagem de doces de amendoim\" class=\"wp-image-1144\" title=\"\" srcset=\"https:\/\/www.peanuts-machine.com\/wp-content\/uploads\/2023\/05\/peanut-candy-pressing-machine.webp 720w, https:\/\/www.peanuts-machine.com\/wp-content\/uploads\/2023\/05\/peanut-candy-pressing-machine-300x225.webp 300w, https:\/\/www.peanuts-machine.com\/wp-content\/uploads\/2023\/05\/peanut-candy-pressing-machine-16x12.webp 16w\" sizes=\"auto, (max-width: 720px) 100vw, 720px\" \/><figcaption class=\"wp-element-caption\">m\u00e1quina de prensagem de doces de amendoim<\/figcaption><\/figure> <\/figure>    <h3 class=\"wp-block-heading\">M\u00e1quina de corte de doces de amendoim<\/h3>    <figure class=\"wp-block-table is-style-stripes\"><table class=\"has-fixed-layout\"><tbody><tr><td><strong>Item<\/strong><\/td><td><strong>Especifica\u00e7\u00e3o<\/strong><\/td><\/tr><tr><td>Modelo<\/td><td>QY-QKJ<\/td><\/tr><tr><td>Tens\u00e3o<\/td><td>380V \/ 220V<\/td><\/tr><tr><td>Poder<\/td><td>2 \u00d7 1,5 KW<\/td><\/tr><tr><td>Capacidade<\/td><td>50\u2013100 KG\/H<\/td><\/tr><tr><td>Dimens\u00f5es<\/td><td>1810 \u00d7 1680 \u00d7 1120 mm<\/td><\/tr><tr><td>Peso L\u00edquido<\/td><td>380 KG<\/td><\/tr><tr><td>Aplicativo<\/td><td>Corte de alimentos<\/td><\/tr><tr><td>Tipo de descarga<\/td><td>Descarga superior por esteira<\/td><\/tr><tr><td>Personaliza\u00e7\u00e3o<\/td><td>Sim<\/td><\/tr><\/tbody><\/table><figcaption class=\"wp-element-caption\">Par\u00e2metros t\u00e9cnicos da m\u00e1quina de corte de amendoim caramelizado<\/figcaption><\/figure>    <figure class=\"wp-block-gallery has-nested-images columns-default is-cropped wp-block-gallery-5 is-layout-flex wp-block-gallery-is-layout-flex\"> <figure class=\"wp-block-image size-large\"><img loading=\"lazy\" decoding=\"async\" width=\"720\" height=\"540\" data-id=\"1145\" src=\"https:\/\/www.peanuts-machine.com\/wp-content\/uploads\/2023\/05\/cereal-bar-cutting-machine.webp\" alt=\"m\u00e1quina de corte de barra de cereal\" class=\"wp-image-1145\" title=\"\" srcset=\"https:\/\/www.peanuts-machine.com\/wp-content\/uploads\/2023\/05\/cereal-bar-cutting-machine.webp 720w, https:\/\/www.peanuts-machine.com\/wp-content\/uploads\/2023\/05\/cereal-bar-cutting-machine-300x225.webp 300w, https:\/\/www.peanuts-machine.com\/wp-content\/uploads\/2023\/05\/cereal-bar-cutting-machine-16x12.webp 16w\" sizes=\"auto, (max-width: 720px) 100vw, 720px\" \/><figcaption class=\"wp-element-caption\">m\u00e1quina de corte de barra de cereal<\/figcaption><\/figure>    <figure class=\"wp-block-image size-large\"><img loading=\"lazy\" decoding=\"async\" width=\"720\" height=\"540\" data-id=\"1146\" src=\"https:\/\/www.peanuts-machine.com\/wp-content\/uploads\/2023\/05\/peanut-brittle-cutting-machine.webp\" alt=\"m\u00e1quina de corte de amendoim caramelizado\" class=\"wp-image-1146\" title=\"\" srcset=\"https:\/\/www.peanuts-machine.com\/wp-content\/uploads\/2023\/05\/peanut-brittle-cutting-machine.webp 720w, https:\/\/www.peanuts-machine.com\/wp-content\/uploads\/2023\/05\/peanut-brittle-cutting-machine-300x225.webp 300w, https:\/\/www.peanuts-machine.com\/wp-content\/uploads\/2023\/05\/peanut-brittle-cutting-machine-16x12.webp 16w\" sizes=\"auto, (max-width: 720px) 100vw, 720px\" \/><figcaption class=\"wp-element-caption\">m\u00e1quina de corte de amendoim caramelizado<\/figcaption><\/figure> <\/figure>    <h2 class=\"wp-block-heading\">Como \u00e9 feito o amendoim quebradi\u00e7o?<\/h2>    <p>O amendoim caramelizado \u00e9 produzido atrav\u00e9s de uma linha de processamento completa, e n\u00e3o por uma \u00fanica m\u00e1quina. Al\u00e9m da m\u00e1quina de forma\u00e7\u00e3o e corte de doces de amendoim, o processo de produ\u00e7\u00e3o tamb\u00e9m inclui uma m\u00e1quina de assar amendoim, m\u00e1quina de descascar amendoim, caldeira revestida, misturador de doces de amendoim e m\u00e1quina de embalagem.<\/p>    <ol class=\"wp-block-list\"> <li>Primeiro, os amendoins crus s\u00e3o assados e descascados, enquanto o xarope \u00e9 fervido na caldeira revestida.<\/li>    <li>Os amendoins descascados s\u00e3o ent\u00e3o despejados na calda e misturados completamente.<\/li>    <li>Em seguida, a mistura de amendoim e xarope \u00e9 transferida para a m\u00e1quina de forma\u00e7\u00e3o e corte de doces de amendoim para achatamento, modelagem e corte.<\/li>    <li>Ap\u00f3s o resfriamento, o amendoim caramelizado acabado pode ser embalado e preparado para venda.<\/li> <\/ol>    <p class=\"translation-block\">Para clientes com requisitos de maior capacidade e necessidade de reduzir a m\u00e3o-de-obra, uma <strong><em><a href=\"https:\/\/www.peanuts-machine.com\/pt\/product\/peanut-cereal-bar-production-line\/\">linha de produ\u00e7\u00e3o autom\u00e1tica de amendoim caramelizado<\/a><\/em><\/strong> tamb\u00e9m est\u00e1 dispon\u00edvel, oferecendo produ\u00e7\u00e3o cont\u00ednua e maior efici\u00eancia.<\/p>   <div class=\"wp-block-image\"> <figure class=\"aligncenter size-full\"><img loading=\"lazy\" decoding=\"async\" width=\"720\" height=\"540\" src=\"https:\/\/www.peanuts-machine.com\/wp-content\/uploads\/2023\/05\/peanut-candy-production-line-1.webp\" alt=\"linha de produ\u00e7\u00e3o de doces de amendoim\" class=\"wp-image-372\" title=\"\" srcset=\"https:\/\/www.peanuts-machine.com\/wp-content\/uploads\/2023\/05\/peanut-candy-production-line-1.webp 720w, https:\/\/www.peanuts-machine.com\/wp-content\/uploads\/2023\/05\/peanut-candy-production-line-1-300x225.webp 300w\" sizes=\"auto, (max-width: 720px) 100vw, 720px\" \/><figcaption class=\"wp-element-caption\">linha de produ\u00e7\u00e3o autom\u00e1tica de doces de amendoim<\/figcaption><\/figure> <\/div>   <h2 class=\"wp-block-heading\">Contate-nos<\/h2>    <p>Precisa de uma m\u00e1quina de forma\u00e7\u00e3o e corte de doces de amendoim, uma m\u00e1quina de forma\u00e7\u00e3o de barras de cereal ou uma linha de barras de cereal? Se estiver interessado, n\u00e3o hesite em contactar-nos, responderemos o mais breve poss\u00edvel.<\/p>","protected":false},"excerpt":{"rendered":"<p>A m\u00e1quina semi-autom\u00e1tica de moldagem e corte de doce de amendoim integra fun\u00e7\u00f5es de prensagem, moldagem e corte, permitindo a produ\u00e7\u00e3o de doces de amendoim, doces de gergelim e v\u00e1rios produtos de confeitaria \u00e0 base de gr\u00e3os.<\/p>","protected":false},"author":1,"featured_media":366,"parent":0,"template":"","tags":[44],"product-type":[3],"class_list":["post-365","product","type-product","status-publish","has-post-thumbnail","hentry","tag-peanut-brittle","product-type-peanut-processing-lines"],"_links":{"self":[{"href":"https:\/\/www.peanuts-machine.com\/pt\/wp-json\/wp\/v2\/product\/365","targetHints":{"allow":["GET"]}}],"collection":[{"href":"https:\/\/www.peanuts-machine.com\/pt\/wp-json\/wp\/v2\/product"}],"about":[{"href":"https:\/\/www.peanuts-machine.com\/pt\/wp-json\/wp\/v2\/types\/product"}],"author":[{"embeddable":true,"href":"https:\/\/www.peanuts-machine.com\/pt\/wp-json\/wp\/v2\/users\/1"}],"wp:featuredmedia":[{"embeddable":true,"href":"https:\/\/www.peanuts-machine.com\/pt\/wp-json\/wp\/v2\/media\/366"}],"wp:attachment":[{"href":"https:\/\/www.peanuts-machine.com\/pt\/wp-json\/wp\/v2\/media?parent=365"}],"wp:term":[{"taxonomy":"post_tag","embeddable":true,"href":"https:\/\/www.peanuts-machine.com\/pt\/wp-json\/wp\/v2\/tags?post=365"},{"taxonomy":"product-type","embeddable":true,"href":"https:\/\/www.peanuts-machine.com\/pt\/wp-json\/wp\/v2\/product-type?post=365"}],"curies":[{"name":"wp","href":"https:\/\/api.w.org\/{rel}","templated":true}]}}