{"id":70,"date":"2022-08-09T09:35:58","date_gmt":"2022-08-09T09:35:58","guid":{"rendered":"https:\/\/www.peanuts-machine.com\/?post_type=product&#038;p=70"},"modified":"2026-01-16T11:45:35","modified_gmt":"2026-01-16T03:45:35","slug":"groundnut-sheller","status":"publish","type":"product","link":"https:\/\/www.peanuts-machine.com\/pt\/product\/groundnut-sheller\/","title":{"rendered":"Descascador de amendoim | M\u00e1quina de descascar amendoim"},"content":{"rendered":"<div class=\"kk-star-ratings kksr-auto kksr-align-left kksr-valign-top\"     data-payload='{&quot;align&quot;:&quot;left&quot;,&quot;id&quot;:&quot;70&quot;,&quot;slug&quot;:&quot;default&quot;,&quot;valign&quot;:&quot;top&quot;,&quot;ignore&quot;:&quot;&quot;,&quot;reference&quot;:&quot;auto&quot;,&quot;class&quot;:&quot;&quot;,&quot;count&quot;:&quot;25&quot;,&quot;legendonly&quot;:&quot;&quot;,&quot;readonly&quot;:&quot;&quot;,&quot;score&quot;:&quot;4.8&quot;,&quot;starsonly&quot;:&quot;&quot;,&quot;best&quot;:&quot;5&quot;,&quot;gap&quot;:&quot;5&quot;,&quot;greet&quot;:&quot;Rate this product&quot;,&quot;legend&quot;:&quot;4.8\\\/5 - (25 votes)&quot;,&quot;size&quot;:&quot;24&quot;,&quot;title&quot;:&quot;Groundnut Sheller | Peanut Shelling Machine&quot;,&quot;width&quot;:&quot;136.7&quot;,&quot;_legend&quot;:&quot;{score}\\\/{best} - ({count} {votes})&quot;,&quot;font_factor&quot;:&quot;1.25&quot;}'>              <div class=\"kksr-stars\">      <div class=\"kksr-stars-inactive\">             <div class=\"kksr-star\" data-star=\"1\" style=\"padding-right: 5px\">               <div class=\"kksr-icon\" style=\"width: 24px; height: 24px;\"><\/div>         <\/div>             <div class=\"kksr-star\" data-star=\"2\" style=\"padding-right: 5px\">               <div class=\"kksr-icon\" style=\"width: 24px; height: 24px;\"><\/div>         <\/div>             <div class=\"kksr-star\" data-star=\"3\" style=\"padding-right: 5px\">               <div class=\"kksr-icon\" style=\"width: 24px; height: 24px;\"><\/div>         <\/div>             <div class=\"kksr-star\" data-star=\"4\" style=\"padding-right: 5px\">               <div class=\"kksr-icon\" style=\"width: 24px; height: 24px;\"><\/div>         <\/div>             <div class=\"kksr-star\" data-star=\"5\" style=\"padding-right: 5px\">               <div class=\"kksr-icon\" style=\"width: 24px; height: 24px;\"><\/div>         <\/div>     <\/div>      <div class=\"kksr-stars-active\" style=\"width: 136.7px;\">             <div class=\"kksr-star\" style=\"padding-right: 5px\">               <div class=\"kksr-icon\" style=\"width: 24px; height: 24px;\"><\/div>         <\/div>             <div class=\"kksr-star\" style=\"padding-right: 5px\">               <div class=\"kksr-icon\" style=\"width: 24px; height: 24px;\"><\/div>         <\/div>             <div class=\"kksr-star\" style=\"padding-right: 5px\">               <div class=\"kksr-icon\" style=\"width: 24px; height: 24px;\"><\/div>         <\/div>             <div class=\"kksr-star\" style=\"padding-right: 5px\">               <div class=\"kksr-icon\" style=\"width: 24px; height: 24px;\"><\/div>         <\/div>             <div class=\"kksr-star\" style=\"padding-right: 5px\">               <div class=\"kksr-icon\" style=\"width: 24px; height: 24px;\"><\/div>         <\/div>     <\/div> <\/div>                   <div class=\"kksr-legend\" style=\"font-size: 19.2px;\">             4,8\/5 - (25 votos)    <\/div>     <\/div>  <p>A m\u00e1quina descascadora de amendoim foi projetada para remover com efici\u00eancia as cascas duras dos amendoins, produzindo gr\u00e3os de amendoim com casca vermelha. Ele acomoda v\u00e1rios tamanhos e tipos de amendoim, alcan\u00e7ando uma taxa de descascamento superior a 98% e uma baixa taxa de quebra inferior a 2%. Muitos modelos s\u00e3o compactos e v\u00eam com rodas, facilitando o transporte para diferentes locais de trabalho. <\/p>    <figure class=\"wp-block-embed aligncenter is-type-video is-provider-youtube wp-block-embed-youtube wp-embed-aspect-16-9 wp-has-aspect-ratio\"><div class=\"wp-block-embed__wrapper\"> <iframe loading=\"lazy\" title=\"Eficiente e Conveniente! M\u00e1quina descascadora de amendoim para uso dom\u00e9stico Chocante online!\" width=\"500\" height=\"281\" src=\"https:\/\/www.youtube.com\/embed\/_BhNMHRh6mY?start=5&#038;feature=oembed\" frameborder=\"0\" allow=\"accelerometer; autoplay; clipboard-write; encrypted-media; gyroscope; picture-in-picture; web-share\" referrerpolicy=\"strict-origin-when-cross-origin\" allowfullscreen><\/iframe> <\/div><figcaption class=\"wp-element-caption\">V\u00eddeo de funcionamento da pequena m\u00e1quina descascadora de amendoim e amendoim<\/figcaption><\/figure>    <p class=\"translation-block\">Os gr\u00e3os de amendoim descascados podem ser utilizados na produ\u00e7\u00e3o de manteiga de amendoim, \u00f3leo de amendoim e doces de amendoim. Como resultado, as m\u00e1quinas de descascar amendoins s\u00e3o valiosas em <a href=\"https:\/\/www.peanuts-machine.com\/pt\/product\/peanut-butter-production-line\/\">f\u00e1bricas de produ\u00e7\u00e3o de manteiga de amendoim<\/a>, f\u00e1bricas de extra\u00e7\u00e3o de \u00f3leo e opera\u00e7\u00f5es de processamento de alimentos.<\/p>   <div class=\"wp-block-image\"> <figure class=\"aligncenter size-full\"><img loading=\"lazy\" decoding=\"async\" width=\"750\" height=\"500\" src=\"https:\/\/www.peanuts-machine.com\/wp-content\/uploads\/2022\/08\/peanut-shelling-machine.webp\" alt=\"m\u00e1quina de descascar amendoim\" class=\"wp-image-76\" title=\"\" srcset=\"https:\/\/www.peanuts-machine.com\/wp-content\/uploads\/2022\/08\/peanut-shelling-machine.webp 750w, https:\/\/www.peanuts-machine.com\/wp-content\/uploads\/2022\/08\/peanut-shelling-machine-300x200.webp 300w\" sizes=\"auto, (max-width: 750px) 100vw, 750px\" \/><figcaption class=\"wp-element-caption\">m\u00e1quina de descascar amendoim<\/figcaption><\/figure> <\/div>   <h2 class=\"wp-block-heading\" id=\"h-working-principle-of-groundnut-sheller\">Princ\u00edpio de funcionamento do descascador de amendoim<\/h2>    <ol class=\"wp-block-list\"> <li>Os amendoins s\u00e3o alimentados manualmente no funil de alimenta\u00e7\u00e3o e depois enrolados no rolo, onde a fric\u00e7\u00e3o e a press\u00e3o repetidas dos rolos duplos separam as cascas do amendoim dos gr\u00e3os. <\/li>    <li>Ap\u00f3s o processo de descascamento, tanto as cascas quanto os gr\u00e3os do amendoim caem pela grade. No duto de ar, a maior parte das cascas de amendoim s\u00e3o expelidas da m\u00e1quina, enquanto os gr\u00e3os de amendoim e algumas cascas quebradas se movem para a peneira de separa\u00e7\u00e3o por gravidade, deslocando-se para ambos os lados da peneira vibrat\u00f3ria. <\/li>    <li>Os gr\u00e3os de amendoim saem pela porta de descarga e as cascas quebradas s\u00e3o expelidas pela extremidade oposta pelo ventilador da placa. Ao mesmo tempo, quaisquer amendoins sem casca s\u00e3o direcionados para o segundo dispositivo de transporte e transportados para a abertura de alimenta\u00e7\u00e3o atrav\u00e9s da tremonha de transporte para um segundo descasque.<\/li> <\/ol>   <div class=\"wp-block-image\"> <figure class=\"aligncenter size-full\"><img loading=\"lazy\" decoding=\"async\" width=\"575\" height=\"540\" src=\"https:\/\/www.peanuts-machine.com\/wp-content\/uploads\/2022\/08\/working-process-of-the-sheller.webp\" alt=\"processo de trabalho do sheller\" class=\"wp-image-77\" title=\"\" srcset=\"https:\/\/www.peanuts-machine.com\/wp-content\/uploads\/2022\/08\/working-process-of-the-sheller.webp 575w, https:\/\/www.peanuts-machine.com\/wp-content\/uploads\/2022\/08\/working-process-of-the-sheller-300x282.webp 300w\" sizes=\"auto, (max-width: 575px) 100vw, 575px\" \/><figcaption class=\"wp-element-caption\">processo de trabalho do sheller<\/figcaption><\/figure> <\/div>   <h2 class=\"wp-block-heading\" id=\"h-automatic-peanut-sheller-machine-design\">Projeto autom\u00e1tico de m\u00e1quina descascadora de amendoim<\/h2>    <p>V\u00e1rios tipos de m\u00e1quinas descascadoras de amendoim possuem uma estrutura simples e compacta. Seus princ\u00edpios s\u00e3o geralmente semelhantes, envolvendo alimenta\u00e7\u00e3o manual, segundo descasque de tambor duplo, sele\u00e7\u00e3o prim\u00e1ria de vento, classifica\u00e7\u00e3o por peneira por gravidade, segunda trilha de frutos de amendoim e componentes como ventiladores e peneiras por gravidade.<\/p>    <h2 class=\"wp-block-heading\" id=\"h-machine-parameters\">Par\u00e2metros de nachines para descascar amendoim<\/h2>    <p>Oferecemos uma variedade de m\u00e1quinas descascadoras de amendoim, como os modelos TBH-200, TBH-400 e TBH-800. A m\u00e1quina de descascar amendoim menor tem uma produ\u00e7\u00e3o de 200 kg\/h, enquanto o modelo maior pode atingir uma produ\u00e7\u00e3o de 5.000 a 8.000 kg\/h. Abaixo est\u00e3o as informa\u00e7\u00f5es dos par\u00e2metros dos dois modelos.<\/p>    <div class=\"wp-block-columns is-layout-flex wp-container-core-columns-is-layout-9d6595d7 wp-block-columns-is-layout-flex\"> <div class=\"wp-block-column is-layout-flow wp-block-column-is-layout-flow\"> <figure class=\"wp-block-table\"><table><tbody><tr><td>Modelo<\/td><td>TBH-800<\/td><\/tr><tr><td>Dimens\u00e3o total (mm)<\/td><td>1330*750*1570<\/td><\/tr><tr><td>Peso L\u00edquido (kg)<\/td><td>160<\/td><\/tr><tr><td>Produtividade (kg\/h)<\/td><td>600-800<\/td><\/tr><tr><td>Taxa de quebra<\/td><td>\u22642,0%<\/td><\/tr><tr><td>Taxa de dano<\/td><td>\u22643,0%<\/td><\/tr><tr><td>Taxa de bombardeio<\/td><td>\u226598%<\/td><\/tr><tr><td>Poder<\/td><td>3kw, 220v, 50hz, motor de cobre<\/td><\/tr><tr><td>Fun\u00e7\u00e3o<\/td><td>Descascar\/Descascar Amendoim<\/td><\/tr><\/tbody><\/table><figcaption class=\"wp-element-caption\">m\u00e1quina de descascar amendoim em pequena escala<\/figcaption><\/figure> <\/div>    <div class=\"wp-block-column is-layout-flow wp-block-column-is-layout-flow\"> <figure class=\"wp-block-table\"><table><tbody><tr><td>Modelo<\/td><td>TZ-5000<\/td><\/tr><tr><td>Dimens\u00e3o total (mm)<\/td><td>2750*1800*3360<\/td><\/tr><tr><td>Peso L\u00edquido (kg)<\/td><td>2850<\/td><\/tr><tr><td>Produtividade (kg\/h)<\/td><td>5000-8000<\/td><\/tr><tr><td>Taxa de quebra<\/td><td>\u22645,0%<\/td><\/tr><tr><td>Taxa de dano<\/td><td>\u22640,5%<\/td><\/tr><tr><td>Taxa de bombardeio<\/td><td>\u226599%<\/td><\/tr><tr><td>Pot\u00eancia (kw)<\/td><td>42.5<\/td><\/tr><tr><td>Umidade operacional<\/td><td>6,3\u226412<\/td><\/tr><\/tbody><\/table><figcaption class=\"wp-element-caption\">m\u00e1quina descascadora de amendoim em grande escala<\/figcaption><\/figure> <\/div> <\/div>    <p>Voc\u00ea pode escolher o modelo menor para uso dom\u00e9stico, e ambos os modelos oferecem excelente desempenho no trabalho. Al\u00e9m disso, temos outros modelos de m\u00e1quinas. Se precisar, n\u00e3o hesite em contactar-nos.<\/p>    <figure class=\"wp-block-embed aligncenter is-type-video is-provider-youtube wp-block-embed-youtube wp-embed-aspect-16-9 wp-has-aspect-ratio\"><div class=\"wp-block-embed__wrapper\"> <iframe loading=\"lazy\" title=\"Descascador de amendoim | Como funciona a m\u00e1quina de descascar amendoim?\" width=\"500\" height=\"281\" src=\"https:\/\/www.youtube.com\/embed\/rDRyQVDmK_8?feature=oembed\" frameborder=\"0\" allow=\"accelerometer; autoplay; clipboard-write; encrypted-media; gyroscope; picture-in-picture; web-share\" referrerpolicy=\"strict-origin-when-cross-origin\" allowfullscreen><\/iframe> <\/div><figcaption class=\"wp-element-caption\">v\u00eddeo da m\u00e1quina de descascar amendoim<\/figcaption><\/figure>    <h2 class=\"wp-block-heading\" id=\"h-advantages-of-taizy-groundnut-sheller\">Vantagens da m\u00e1quina de descascar amendoim Taizy<\/h2>    <ul class=\"wp-block-list\"> <li>A m\u00e1quina possui uma longa vida \u00fatil, constru\u00edda em a\u00e7o de alta qualidade, garantindo que seja resistente e dur\u00e1vel. <\/li>    <li>Possui uma alta taxa de bombardeio atingindo mais de 98%. Isso lhe d\u00e1 uma vantagem significativa sobre m\u00e1quinas semelhantes. <\/li>    <li>A alta taxa de limpeza se deve a um design exclusivo de ventilador que separa efetivamente as cascas de amendoim dos gr\u00e3os, resultando em gr\u00e3os de amendoim mais limpos. <\/li>    <li>Esta m\u00e1quina descascadora de amendoim \u00e9 vers\u00e1til e amplamente utilizada em instala\u00e7\u00f5es de produ\u00e7\u00e3o de manteiga de amendoim, prensas de \u00f3leo e f\u00e1bricas de processamento de alimentos.<\/li>    <li>Podemos equipar a m\u00e1quina com um motor el\u00e9trico, um motor a gasolina ou um motor a diesel com base em seus requisitos.<\/li> <\/ul>   <div class=\"wp-block-image\"> <figure class=\"aligncenter size-full\"><img loading=\"lazy\" decoding=\"async\" width=\"720\" height=\"540\" src=\"https:\/\/www.peanuts-machine.com\/wp-content\/uploads\/2022\/08\/peanut-shelling-machine-for-sale.webp\" alt=\"M\u00e1quina de descascar amendoim para venda\" class=\"wp-image-75\" title=\"\" srcset=\"https:\/\/www.peanuts-machine.com\/wp-content\/uploads\/2022\/08\/peanut-shelling-machine-for-sale.webp 720w, https:\/\/www.peanuts-machine.com\/wp-content\/uploads\/2022\/08\/peanut-shelling-machine-for-sale-300x225.webp 300w\" sizes=\"auto, (max-width: 720px) 100vw, 720px\" \/><figcaption class=\"wp-element-caption\">M\u00e1quina de descascar amendoim para venda<\/figcaption><\/figure> <\/div>   <h2 class=\"wp-block-heading\" id=\"h-types-of-groundnut-sheller-machine\">Preste aten\u00e7\u00e3o ao teor de \u00e1gua do amendoim<\/h2>    <p>O n\u00edvel de umidade do amendoim deve estar correto; se estiverem muito secos, ter\u00e3o uma alta taxa de britagem e, se estiverem muito \u00famidos, afetar\u00e3o a efici\u00eancia do trabalho. Para atingir o teor de umidade adequado, voc\u00ea pode usar os seguintes m\u00e9todos: <\/p>    <ol class=\"wp-block-list\"> <li>No inverno, antes de descascar, borrife cerca de 10kg de \u00e1gua morna uniformemente sobre cada 50kg de amendoim e cubra-os com filme pl\u00e1stico por cerca de 10 horas. Depois disso, coloque-os ao sol por cerca de 1 hora para prepar\u00e1-los para o descascamento. Nas demais temporadas, o tempo de cobertura deve ser de cerca de 6 horas, enquanto as demais etapas permanecem as mesmas. <\/li>    <li>Outro m\u00e9todo \u00e9 mergulhar os amendoins mais secos em uma piscina, pesc\u00e1-los rapidamente, cobri-los com filme pl\u00e1stico por cerca de 1 dia e depois sec\u00e1-los ao sol. Assim que o teor de umidade for adequado, eles podem ser descascados. <\/li> <\/ol>    <p>Uma m\u00e1quina descascadora de amendoim \u00e9 usada para descascar o amendoim cru seco ao sol, oferecendo vantagens como alta efici\u00eancia, f\u00e1cil opera\u00e7\u00e3o, baixa taxa de divis\u00e3o e baixos custos de manuten\u00e7\u00e3o.<\/p>   <div class=\"wp-block-image\"> <figure class=\"aligncenter size-full\"><img loading=\"lazy\" decoding=\"async\" width=\"720\" height=\"540\" src=\"https:\/\/www.peanuts-machine.com\/wp-content\/uploads\/2022\/08\/large-scale-peanut-shelling-machine.webp\" alt=\"m\u00e1quina de descascar amendoim em grande escala\" class=\"wp-image-359\" title=\"\" srcset=\"https:\/\/www.peanuts-machine.com\/wp-content\/uploads\/2022\/08\/large-scale-peanut-shelling-machine.webp 720w, https:\/\/www.peanuts-machine.com\/wp-content\/uploads\/2022\/08\/large-scale-peanut-shelling-machine-300x225.webp 300w\" sizes=\"auto, (max-width: 720px) 100vw, 720px\" \/><figcaption class=\"wp-element-caption\">m\u00e1quina de descascar amendoim em grande escala<\/figcaption><\/figure> <\/div>   <h2 class=\"wp-block-heading\" id=\"h-where-to-buy-peanut-sheller\">Onde comprar m\u00e1quinas para remover cascas de amendoim?<\/h2>    <p class=\"translation-block\">Como fabricante profissional de descascadores de amendoins, oferecemos n\u00e3o apenas m\u00e1quinas de descascar amendoins, mas tamb\u00e9m uma gama de equipamentos relacionados, incluindo <strong><em><a href=\"https:\/\/www.peanuts-machine.com\/pt\/product\/peanut-butter-production-line\/\">linhas de produ\u00e7\u00e3o de manteiga de amendoim<\/a><\/em><\/strong>, <a href=\"https:\/\/www.peanuts-machine.com\/pt\/product\/peanut-peeling-machine\/\"><strong><em>m\u00e1quinas de descascar amendoins<\/em><\/strong><\/a>, m\u00e1quinas de manteiga de amendoim e m\u00e1quinas de caramelos de amendoim.<\/p>    <p>Se voc\u00ea est\u00e1 \u00e0 procura de um fornecedor confi\u00e1vel de m\u00e1quinas descascadoras de amendoim, podemos oferecer servi\u00e7os personalizados para atender \u00e0s suas necessidades espec\u00edficas. Tamb\u00e9m oferecemos unidades combinadas de descasque de amendoim que v\u00eam com fun\u00e7\u00f5es de descasque e limpeza (como mostrado no v\u00eddeo abaixo) para voc\u00ea escolher.<\/p>    <figure class=\"wp-block-embed aligncenter is-type-video is-provider-youtube wp-block-embed-youtube wp-embed-aspect-16-9 wp-has-aspect-ratio\"><div class=\"wp-block-embed__wrapper\"> <iframe loading=\"lazy\" title=\"Revolucionando o processamento de amendoim: Unidade inovadora de descascamento de amendoim (limpeza e descascamento)!#amendoim\" width=\"500\" height=\"281\" src=\"https:\/\/www.youtube.com\/embed\/egCUZvfcnFI?feature=oembed\" frameborder=\"0\" allow=\"accelerometer; autoplay; clipboard-write; encrypted-media; gyroscope; picture-in-picture; web-share\" referrerpolicy=\"strict-origin-when-cross-origin\" allowfullscreen><\/iframe> <\/div><figcaption class=\"wp-element-caption\">V\u00eddeo de trabalho combinado com descascador de amendoim e limpador<\/figcaption><\/figure>    <p class=\"translation-block\">At\u00e9 \u00e0 data, as nossas descascadoras de amendoim foram exportadas para pa\u00edses como Nig\u00e9ria, Turquia, Z\u00e2mbia, B\u00e9lgica, Afeganist\u00e3o, <a href=\"https:\/\/en.wikipedia.org\/wiki\/Saint_Kitts\" target=\"_blank\" rel=\"noopener\">St. Kitts<\/a> e Nevis, Gr\u00e9cia e muitos outros. Se estiver interessado nas nossas m\u00e1quinas, n\u00e3o hesite em contactar-nos.<\/p>    <h2 class=\"wp-block-heading\">Perguntas frequentes<\/h2>   <div id=\"rank-math-faq\" class=\"rank-math-block\"> <div class=\"rank-math-list\"> <div id=\"faq-question-1745315245563\" class=\"rank-math-list-item\"> <h3 class=\"rank-math-question\">Qual \u00e9 a capacidade de processamento desta m\u00e1quina de bombardeio de amendoim?<\/h3> <div class=\"rank-math-answer\">  <p>A capacidade de processamento de nossa m\u00e1quina de bombardeio de amendoim varia de acordo com o modelo, geralmente variando de 500 kg a 2000 kg por hora, adequado para diferentes escalas de produ\u00e7\u00e3o. Os n\u00fameros exatos podem ser ajustados, dependendo da variedade de amendoim e do teor de umidade que voc\u00ea fornece.<\/p>  <\/div> <\/div> <div id=\"faq-question-1745315262249\" class=\"rank-math-list-item\"> <h3 class=\"rank-math-question\">Qual \u00e9 a taxa de quebra de amendoins durante o bombardeio?<\/h3> <div class=\"rank-math-answer\">  <p>Nossa m\u00e1quina mant\u00e9m uma taxa de quebra abaixo de 2%, minimizando os danos aos gr\u00e3os de amendoim. A estrutura da m\u00e1quina \u00e9 otimizada para lidar com amendoins com a dureza vari\u00e1vel da concha.<\/p>  <\/div> <\/div> <div id=\"faq-question-1745315320117\" class=\"rank-math-list-item\"> <h3 class=\"rank-math-question\">Quais s\u00e3o os requisitos de frequ\u00eancia de manuten\u00e7\u00e3o e cuidados para a m\u00e1quina?<\/h3> <div class=\"rank-math-answer\">  <p>Recomendamos limpeza e inspe\u00e7\u00e3o b\u00e1sicas antes da opera\u00e7\u00e3o di\u00e1ria, concentrando -se na se\u00e7\u00e3o de bombardeio e no sistema de transmiss\u00e3o. Uma manuten\u00e7\u00e3o completa a cada 400 horas de trabalho, incluindo lubrifica\u00e7\u00e3o e aperto de componentes, garante opera\u00e7\u00e3o eficiente a longo prazo.<\/p>  <\/div> <\/div> <div id=\"faq-question-1745315483094\" class=\"rank-math-list-item\"> <h3 class=\"rank-math-question\">Para quais variedades ou especifica\u00e7\u00f5es de amendoim a m\u00e1quina \u00e9 adequada?<\/h3> <div class=\"rank-math-answer\">  <p>Nossa m\u00e1quina de concurso de amendoim \u00e9 compat\u00edvel com v\u00e1rias variedades de amendoim, incluindo tipos de casca dura e de casca macia, e suporta o bombardeio de diferentes tamanhos de amendoim. Os usu\u00e1rios podem ajustar os par\u00e2metros da m\u00e1quina de acordo com o tipo espec\u00edfico para o desempenho ideal do bombardeio.<\/p>  <\/div> <\/div> <\/div> <\/div>","protected":false},"excerpt":{"rendered":"<p>O descascador de amendoim \u00e9 projetado para remover as cascas duras do amendoim, produzindo gr\u00e3os de amendoim com casca vermelha. Ele atinge uma taxa de bombardeio superior a 98% e uma baixa taxa de quebra inferior a 2%.<\/p>","protected":false},"author":1,"featured_media":72,"parent":0,"template":"","tags":[37,36],"product-type":[47,46],"class_list":["post-70","product","type-product","status-publish","has-post-thumbnail","hentry","tag-groundnut","tag-peanut","product-type-peanut-harvesting-machine","product-type-products"],"_links":{"self":[{"href":"https:\/\/www.peanuts-machine.com\/pt\/wp-json\/wp\/v2\/product\/70","targetHints":{"allow":["GET"]}}],"collection":[{"href":"https:\/\/www.peanuts-machine.com\/pt\/wp-json\/wp\/v2\/product"}],"about":[{"href":"https:\/\/www.peanuts-machine.com\/pt\/wp-json\/wp\/v2\/types\/product"}],"author":[{"embeddable":true,"href":"https:\/\/www.peanuts-machine.com\/pt\/wp-json\/wp\/v2\/users\/1"}],"wp:featuredmedia":[{"embeddable":true,"href":"https:\/\/www.peanuts-machine.com\/pt\/wp-json\/wp\/v2\/media\/72"}],"wp:attachment":[{"href":"https:\/\/www.peanuts-machine.com\/pt\/wp-json\/wp\/v2\/media?parent=70"}],"wp:term":[{"taxonomy":"post_tag","embeddable":true,"href":"https:\/\/www.peanuts-machine.com\/pt\/wp-json\/wp\/v2\/tags?post=70"},{"taxonomy":"product-type","embeddable":true,"href":"https:\/\/www.peanuts-machine.com\/pt\/wp-json\/wp\/v2\/product-type?post=70"}],"curies":[{"name":"wp","href":"https:\/\/api.w.org\/{rel}","templated":true}]}}