{"id":87,"date":"2022-08-10T01:16:26","date_gmt":"2022-08-10T01:16:26","guid":{"rendered":"https:\/\/www.peanuts-machine.com\/?post_type=product&#038;p=87"},"modified":"2026-01-13T15:25:41","modified_gmt":"2026-01-13T07:25:41","slug":"commercial-peanut-butter-machine","status":"publish","type":"product","link":"https:\/\/www.peanuts-machine.com\/pt\/product\/commercial-peanut-butter-machine\/","title":{"rendered":"M\u00e1quina Comercial de Manteiga de Amendoim | Moinho de Col\u00f3ide para Manteiga de Noz"},"content":{"rendered":"<div class=\"kk-star-ratings kksr-auto kksr-align-left kksr-valign-top\"     data-payload='{&quot;align&quot;:&quot;left&quot;,&quot;id&quot;:&quot;87&quot;,&quot;slug&quot;:&quot;default&quot;,&quot;valign&quot;:&quot;top&quot;,&quot;ignore&quot;:&quot;&quot;,&quot;reference&quot;:&quot;auto&quot;,&quot;class&quot;:&quot;&quot;,&quot;count&quot;:&quot;21&quot;,&quot;legendonly&quot;:&quot;&quot;,&quot;readonly&quot;:&quot;&quot;,&quot;score&quot;:&quot;4.8&quot;,&quot;starsonly&quot;:&quot;&quot;,&quot;best&quot;:&quot;5&quot;,&quot;gap&quot;:&quot;5&quot;,&quot;greet&quot;:&quot;Rate this product&quot;,&quot;legend&quot;:&quot;4.8\\\/5 - (21 votes)&quot;,&quot;size&quot;:&quot;24&quot;,&quot;title&quot;:&quot;Commercial Peanut Butter Machine | Nut Butter Colloid Mill&quot;,&quot;width&quot;:&quot;136.7&quot;,&quot;_legend&quot;:&quot;{score}\\\/{best} - ({count} {votes})&quot;,&quot;font_factor&quot;:&quot;1.25&quot;}'>              <div class=\"kksr-stars\">      <div class=\"kksr-stars-inactive\">             <div class=\"kksr-star\" data-star=\"1\" style=\"padding-right: 5px\">               <div class=\"kksr-icon\" style=\"width: 24px; height: 24px;\"><\/div>         <\/div>             <div class=\"kksr-star\" data-star=\"2\" style=\"padding-right: 5px\">               <div class=\"kksr-icon\" style=\"width: 24px; height: 24px;\"><\/div>         <\/div>             <div class=\"kksr-star\" data-star=\"3\" style=\"padding-right: 5px\">               <div class=\"kksr-icon\" style=\"width: 24px; height: 24px;\"><\/div>         <\/div>             <div class=\"kksr-star\" data-star=\"4\" style=\"padding-right: 5px\">               <div class=\"kksr-icon\" style=\"width: 24px; height: 24px;\"><\/div>         <\/div>             <div class=\"kksr-star\" data-star=\"5\" style=\"padding-right: 5px\">               <div class=\"kksr-icon\" style=\"width: 24px; height: 24px;\"><\/div>         <\/div>     <\/div>      <div class=\"kksr-stars-active\" style=\"width: 136.7px;\">             <div class=\"kksr-star\" style=\"padding-right: 5px\">               <div class=\"kksr-icon\" style=\"width: 24px; height: 24px;\"><\/div>         <\/div>             <div class=\"kksr-star\" style=\"padding-right: 5px\">               <div class=\"kksr-icon\" style=\"width: 24px; height: 24px;\"><\/div>         <\/div>             <div class=\"kksr-star\" style=\"padding-right: 5px\">               <div class=\"kksr-icon\" style=\"width: 24px; height: 24px;\"><\/div>         <\/div>             <div class=\"kksr-star\" style=\"padding-right: 5px\">               <div class=\"kksr-icon\" style=\"width: 24px; height: 24px;\"><\/div>         <\/div>             <div class=\"kksr-star\" style=\"padding-right: 5px\">               <div class=\"kksr-icon\" style=\"width: 24px; height: 24px;\"><\/div>         <\/div>     <\/div> <\/div>                   <div class=\"kksr-legend\" style=\"font-size: 19.2px;\">             4,8\/5 - (21 votos)    <\/div>     <\/div>  <p>A m\u00e1quina comercial de manteiga de amendoim \u00e9 um equipamento de ultra-micro-processamento a \u00famido adequado para uma ampla gama de materiais, integrando as fun\u00e7\u00f5es de esmagamento, dispers\u00e3o, emulsifica\u00e7\u00e3o e homogeneiza\u00e7\u00e3o. <\/p>    <p>Este equipamento adota um motor de velocidade ajust\u00e1vel, que pode ajustar flexivelmente a velocidade de rota\u00e7\u00e3o de acordo com as diferentes caracter\u00edsticas do material, e o grau de refinamento pode atingir 125-150 malhas, com uma taxa de homogeneiza\u00e7\u00e3o de at\u00e9 95%. <\/p>    <p>Com o seu excelente desempenho e aplica\u00e7\u00f5es diversificadas, tem sido amplamente utilizado nas ind\u00fastrias alimentar, farmac\u00eautica, de produtos qu\u00edmicos di\u00e1rios, qu\u00edmica e outras, sendo a escolha ideal de equipamento de processamento fino.<\/p>    <figure class=\"wp-block-embed aligncenter is-type-video is-provider-youtube wp-block-embed-youtube wp-embed-aspect-16-9 wp-has-aspect-ratio\"><div class=\"wp-block-embed__wrapper\"> <iframe loading=\"lazy\" title=\"Fazer Manteiga de Pist\u00e1chio Suave com um Moinho Coloidal | Demonstra\u00e7\u00e3o de M\u00e1quina de Processamento de Manteiga de Noz#colloidmill\" width=\"500\" height=\"281\" src=\"https:\/\/www.youtube.com\/embed\/tSl1mDsV-qU?feature=oembed\" frameborder=\"0\" allow=\"accelerometer; autoplay; clipboard-write; encrypted-media; gyroscope; picture-in-picture; web-share\" referrerpolicy=\"strict-origin-when-cross-origin\" allowfullscreen><\/iframe> <\/div><figcaption class=\"wp-element-caption\">Moinho coloidal multifuncional de a\u00e7o inoxid\u00e1vel para v\u00e1rias manteigas de nozes.<\/figcaption><\/figure>    <h2 class=\"wp-block-heading\">Aplica\u00e7\u00e3o de moinho coloidal de manteiga de amendoim<\/h2>    <ul class=\"wp-block-list\"> <li>Ind\u00fastria aliment\u00edcia: processamento de manteiga de amendoim, pasta de gergelim, pasta de am\u00eandoa, molho de pimenta, ketchup, molhos, leite de soja, produtos l\u00e1cteos, bebidas e assim por diante.<\/li>    <li>Ind\u00fastria farmac\u00eautica: \u00e9 adequada para preparar xaropes, solu\u00e7\u00f5es nutricionais, cremes \u00e0 base de ervas e extratos de plantas.<\/li>    <li>Ind\u00fastria qu\u00edmica di\u00e1ria: pode ser utilizada na produ\u00e7\u00e3o de pasta de dente, cosm\u00e9ticos, detergentes e outras necessidades di\u00e1rias.<\/li>    <li>Ind\u00fastria qu\u00edmica: amplamente utilizada na emulsifica\u00e7\u00e3o e homogeneiza\u00e7\u00e3o de materiais industriais, como pigmentos, corantes, tintas, lubrificantes, catalisadores de petr\u00f3leo, etc.<\/li>    <li>Campo de manteiga de nozes: n\u00e3o se limita apenas \u00e0 produ\u00e7\u00e3o de manteiga de amendoim, mas tamb\u00e9m pode processar de forma eficiente outros produtos de manteiga de nozes, como manteiga de am\u00eandoa, manteiga de cacau e assim por diante.<\/li> <\/ul>   <div class=\"wp-block-image\"> <figure class=\"aligncenter size-full\"><img loading=\"lazy\" decoding=\"async\" width=\"720\" height=\"540\" src=\"https:\/\/www.peanuts-machine.com\/wp-content\/uploads\/2022\/08\/peanut-butter-machine-application.webp\" alt=\"aplica\u00e7\u00e3o comercial de m\u00e1quina de manteiga de amendoim\" class=\"wp-image-96\" title=\"\" srcset=\"https:\/\/www.peanuts-machine.com\/wp-content\/uploads\/2022\/08\/peanut-butter-machine-application.webp 720w, https:\/\/www.peanuts-machine.com\/wp-content\/uploads\/2022\/08\/peanut-butter-machine-application-300x225.webp 300w\" sizes=\"auto, (max-width: 720px) 100vw, 720px\" \/><figcaption class=\"wp-element-caption\">aplica\u00e7\u00e3o comercial de m\u00e1quina de manteiga de amendoim<\/figcaption><\/figure> <\/div>   <h2 class=\"wp-block-heading\">Destaques da m\u00e1quina comercial de manteiga de amendoim<\/h2>    <ul class=\"wp-block-list\"> <li>Tecnologia avan\u00e7ada: adotando a mais recente tecnologia de processamento de gr\u00e2nulos \u00famidos, o produto acabado \u00e9 fino e uniforme com excelente qualidade.<\/li>    <li>Estrutura compacta: design de corpo razo\u00e1vel, pequena \u00e1rea ocupada, o menor modelo tem apenas 650 \u00d7 320 \u00d7 650mm, adequado para uma variedade de ambientes de produ\u00e7\u00e3o.<\/li>    <li>Seguro e higi\u00e9nico: toda a m\u00e1quina comercial de manteiga de amendoim \u00e9 feita de a\u00e7o inoxid\u00e1vel 304, que cumpre os padr\u00f5es de seguran\u00e7a alimentar e \u00e9 f\u00e1cil de limpar, garantindo a higiene da produ\u00e7\u00e3o.<\/li>    <li>Produ\u00e7\u00e3o eficiente: alta produ\u00e7\u00e3o, pode produzir de 200 a 6000 quilos de manteiga de amendoim por hora, para atender \u00e0s necessidades de diferentes escalas de produ\u00e7\u00e3o.<\/li>    <li>Modelos completos: oferecem uma variedade de op\u00e7\u00f5es para escolher, desde pequenos ateliers at\u00e9 grandes linhas de produ\u00e7\u00e3o de manteiga de amendoim que podem ser personalizadas.<\/li> <\/ul>    <figure class=\"wp-block-gallery has-nested-images columns-default is-cropped wp-block-gallery-2 is-layout-flex wp-block-gallery-is-layout-flex\"> <figure class=\"wp-block-image size-large\"><img loading=\"lazy\" decoding=\"async\" width=\"540\" height=\"720\" data-id=\"908\" src=\"https:\/\/www.peanuts-machine.com\/wp-content\/uploads\/2022\/08\/nut-butter-processing-machine.webp\" alt=\"m\u00e1quina de processamento de manteiga de nozes\" class=\"wp-image-908\" title=\"\" srcset=\"https:\/\/www.peanuts-machine.com\/wp-content\/uploads\/2022\/08\/nut-butter-processing-machine.webp 540w, https:\/\/www.peanuts-machine.com\/wp-content\/uploads\/2022\/08\/nut-butter-processing-machine-225x300.webp 225w, https:\/\/www.peanuts-machine.com\/wp-content\/uploads\/2022\/08\/nut-butter-processing-machine-9x12.webp 9w\" sizes=\"auto, (max-width: 540px) 100vw, 540px\" \/><figcaption class=\"wp-element-caption\">m\u00e1quina de processamento de manteiga de nozes<\/figcaption><\/figure>    <figure class=\"wp-block-image size-large\"><img loading=\"lazy\" decoding=\"async\" width=\"540\" height=\"720\" data-id=\"907\" src=\"https:\/\/www.peanuts-machine.com\/wp-content\/uploads\/2022\/08\/nut-butter-grinder.webp\" alt=\"moedor de manteiga de nozes\" class=\"wp-image-907\" title=\"\" srcset=\"https:\/\/www.peanuts-machine.com\/wp-content\/uploads\/2022\/08\/nut-butter-grinder.webp 540w, https:\/\/www.peanuts-machine.com\/wp-content\/uploads\/2022\/08\/nut-butter-grinder-225x300.webp 225w, https:\/\/www.peanuts-machine.com\/wp-content\/uploads\/2022\/08\/nut-butter-grinder-9x12.webp 9w\" sizes=\"auto, (max-width: 540px) 100vw, 540px\" \/><figcaption class=\"wp-element-caption\">moedor de manteiga de nozes<\/figcaption><\/figure> <\/figure>    <h2 class=\"wp-block-heading\" id=\"h-structure-of-commercial-peanut-butter-machine\">Estrutura industrial da m\u00e1quina de manteiga de nozes<\/h2>    <p>A m\u00e1quina comercial de manteiga de amendoim consiste em uma base, um funil, conex\u00f5es para \u00e1gua de refrigera\u00e7\u00e3o, uma placa reguladora e uma porta de descarga. A entrada, a sa\u00edda e as conex\u00f5es para \u00e1gua de refrigera\u00e7\u00e3o s\u00e3o todas feitas de a\u00e7o inoxid\u00e1vel de alta qualidade, tornando a m\u00e1quina robusta e resistente ao desgaste.<\/p>    <p>Al\u00e9m disso, para obter uma consist\u00eancia mais lisa na manteiga de amendoim, pode-se adicionar um moedor. Com a moagem dupla, a manteiga de amendoim ter\u00e1 uma textura ainda mais fina.<\/p>    <h2 class=\"wp-block-heading\" id=\"h-machine-parameters\">Par\u00e2metros da m\u00e1quina moedor de manteiga de nozes<\/h2>    <figure class=\"wp-block-table is-style-stripes\"><table><tbody><tr><td>Modelo<\/td><td>Capacidade (KG\/H)<\/td><td>Pot\u00eancia (KW)<\/td><td>Tamanho da m\u00e1quina (MM)<\/td><td>Peso (KG)<\/td><\/tr><tr><td>TZ-70<\/td><td>50-80<\/td><td>2.2<\/td><td>650*320*650<\/td><td>70<\/td><\/tr><tr><td>TZ-85<\/td><td>100-150<\/td><td>5.5<\/td><td>900*350*900<\/td><td>170<\/td><\/tr><tr><td>TZ-130<\/td><td>200-300<\/td><td>11<\/td><td>1000*350*1000<\/td><td>270<\/td><\/tr><tr><td>TZ-185<\/td><td>500-800<\/td><td>30<\/td><td>1200*450*1200<\/td><td>470<\/td><\/tr><tr><td>TZ-200<\/td><td>600-1000<\/td><td>37<\/td><td>1200*500*1200<\/td><td>500<\/td><\/tr><\/tbody><\/table><figcaption class=\"wp-element-caption\">dados t\u00e9cnicos do moinho de manteiga de amendoim<\/figcaption><\/figure>    <h2 class=\"wp-block-heading\">Como fazer manteiga de amendoim rapidamente?<\/h2>    <ol class=\"wp-block-list\"> <li>A m\u00e1quina comercial de manteiga de amendoim possui dois discos de moagem: um \u00e9 estacion\u00e1rio enquanto o outro gira em alta velocidade, e o espa\u00e7o entre eles pode ser ajustado.<\/li>    <li>Assim que a mat\u00e9ria-prima \u00e9 alimentada na m\u00e1quina, a roda fixa come\u00e7a a girar, triturando e pulverizando os ingredientes at\u00e9 atingir a consist\u00eancia desejada. <\/li>    <li>\u00c0 medida que o processo continua, as mat\u00e9rias-primas s\u00e3o movidas para frente e para tr\u00e1s e, por meio de vibra\u00e7\u00f5es de alta frequ\u00eancia e correntes parasitas de alta velocidade, elas se transformam em um molho suave. <\/li> <\/ol>    <figure class=\"wp-block-embed aligncenter is-type-video is-provider-youtube wp-block-embed-youtube wp-embed-aspect-16-9 wp-has-aspect-ratio\"><div class=\"wp-block-embed__wrapper\"> <iframe loading=\"lazy\" title=\"M\u00e1quina comercial de fazer manteiga de amendoim | Como fazer manteiga de amendoim rapidamente?\" width=\"500\" height=\"281\" src=\"https:\/\/www.youtube.com\/embed\/a74hVzquH4U?feature=oembed\" frameborder=\"0\" allow=\"accelerometer; autoplay; clipboard-write; encrypted-media; gyroscope; picture-in-picture; web-share\" referrerpolicy=\"strict-origin-when-cross-origin\" allowfullscreen><\/iframe> <\/div><figcaption class=\"wp-element-caption\">v\u00eddeo de trabalho da m\u00e1quina comercial de manteiga de amendoim<\/figcaption><\/figure>    <p>Durante a opera\u00e7\u00e3o, a temperatura das mat\u00e9rias-primas pode subir entre 80 e 85 graus. Para ajudar a gerir este calor, \u00e9 aconselh\u00e1vel instalar um tubo de arrefecimento. Al\u00e9m disso, o espa\u00e7o entre o estator e o rotor pode ser ajustado para criar uma pasta com a textura desejada.<\/p>    <h2 class=\"wp-block-heading\">Linha de produ\u00e7\u00e3o de manteiga de amendoim<\/h2>    <p>A manteiga de amendoim se tornou um produto amplamente apreciado hoje. Com seu sabor rico e benef\u00edcios nutricionais impressionantes, destaca-se como um excelente condimento. Repleto de prote\u00ednas e diversas vitaminas, promove a sa\u00fade e nutre a pele, sendo a escolha ideal para pessoas com estilos de vida agitados. <\/p>    <p class=\"translation-block\">A linha de processamento de manteiga de amendoim inclui principalmente torrador de amendoim, equipamento de transporte, m\u00e1quina de descascar, equipamento de triagem, m\u00e1quina de moagem, equipamento de moagem fina, equipamento de refrigera\u00e7\u00e3o e equipamento de enchimento. (<em>Leia mais:<\/em> <strong><em><a href=\"https:\/\/www.peanuts-machine.com\/pt\/product\/peanut-butter-production-line\/\">Linha de Produ\u00e7\u00e3o de Manteiga de Amendoim de 200 kg\/h | Processamento de Manteiga de Amendoim<\/a><\/em><\/strong><em>&gt;&gt;<\/em>)<\/p>    <figure class=\"wp-block-gallery has-nested-images columns-default is-cropped wp-block-gallery-3 is-layout-flex wp-block-gallery-is-layout-flex\"> <figure class=\"wp-block-image size-large\"><img loading=\"lazy\" decoding=\"async\" width=\"540\" height=\"720\" data-id=\"909\" src=\"https:\/\/www.peanuts-machine.com\/wp-content\/uploads\/2022\/08\/peanut-butter-colloid-mill.webp\" alt=\"moinho coloidal de manteiga de amendoim\" class=\"wp-image-909\" title=\"\" srcset=\"https:\/\/www.peanuts-machine.com\/wp-content\/uploads\/2022\/08\/peanut-butter-colloid-mill.webp 540w, https:\/\/www.peanuts-machine.com\/wp-content\/uploads\/2022\/08\/peanut-butter-colloid-mill-225x300.webp 225w, https:\/\/www.peanuts-machine.com\/wp-content\/uploads\/2022\/08\/peanut-butter-colloid-mill-9x12.webp 9w\" sizes=\"auto, (max-width: 540px) 100vw, 540px\" \/><figcaption class=\"wp-element-caption\">moinho coloidal de manteiga de amendoim<\/figcaption><\/figure>    <figure class=\"wp-block-image size-large\"><img loading=\"lazy\" decoding=\"async\" width=\"540\" height=\"720\" data-id=\"910\" src=\"https:\/\/www.peanuts-machine.com\/wp-content\/uploads\/2022\/08\/peanut-butter-mill.webp\" alt=\"moinho de manteiga de amendoim\" class=\"wp-image-910\" title=\"\" srcset=\"https:\/\/www.peanuts-machine.com\/wp-content\/uploads\/2022\/08\/peanut-butter-mill.webp 540w, https:\/\/www.peanuts-machine.com\/wp-content\/uploads\/2022\/08\/peanut-butter-mill-225x300.webp 225w, https:\/\/www.peanuts-machine.com\/wp-content\/uploads\/2022\/08\/peanut-butter-mill-9x12.webp 9w\" sizes=\"auto, (max-width: 540px) 100vw, 540px\" \/><figcaption class=\"wp-element-caption\">moinho de manteiga de amendoim<\/figcaption><\/figure> <\/figure>    <p>Essa configura\u00e7\u00e3o apresenta opera\u00e7\u00f5es de linha de montagem, alto n\u00edvel de mecaniza\u00e7\u00e3o e confiabilidade excepcional. Garante uma produ\u00e7\u00e3o herm\u00e9tica e sem polui\u00e7\u00e3o, permitindo que a manteiga de amendoim produzida atenda aos padr\u00f5es de exporta\u00e7\u00e3o. <\/p>    <h2 class=\"wp-block-heading\" id=\"h-how-much-is-a-peanut-butter-grinding-machine\">Quanto custa uma m\u00e1quina de moer manteiga de amendoim?<\/h2>    <p>O pre\u00e7o de uma m\u00e1quina de manteiga de amendoim comercial pode variar com base em v\u00e1rios fatores. Em primeiro lugar, a produ\u00e7\u00e3o da m\u00e1quina desempenha um papel significativo; m\u00e1quinas com menor produ\u00e7\u00e3o tendem a ser menos caras do que aquelas projetadas para maior produ\u00e7\u00e3o. <\/p>    <p>Al\u00e9m disso, a qualidade da manteiga de amendoim produzida est\u00e1 frequentemente ligada ao pre\u00e7o da m\u00e1quina. Se voc\u00ea est\u00e1 apenas procurando fazer manteiga de amendoim, pode encontrar uma op\u00e7\u00e3o mais acess\u00edvel. No entanto, se voc\u00ea deseja uma manteiga de amendoim mais suave e fina, espere pagar mais, pois isso normalmente envolve um processo de moagem adicional. <\/p>    <figure class=\"wp-block-gallery has-nested-images columns-default is-cropped wp-block-gallery-4 is-layout-flex wp-block-gallery-is-layout-flex\"> <figure class=\"wp-block-image size-large\"><img loading=\"lazy\" decoding=\"async\" width=\"720\" height=\"540\" data-id=\"911\" src=\"https:\/\/www.peanuts-machine.com\/wp-content\/uploads\/2022\/08\/sauce-colloid-mill-for-sale.webp\" alt=\"moinho de col\u00f3ide para molho \u00e0 venda\" class=\"wp-image-911\" title=\"\" srcset=\"https:\/\/www.peanuts-machine.com\/wp-content\/uploads\/2022\/08\/sauce-colloid-mill-for-sale.webp 720w, https:\/\/www.peanuts-machine.com\/wp-content\/uploads\/2022\/08\/sauce-colloid-mill-for-sale-300x225.webp 300w, https:\/\/www.peanuts-machine.com\/wp-content\/uploads\/2022\/08\/sauce-colloid-mill-for-sale-16x12.webp 16w\" sizes=\"auto, (max-width: 720px) 100vw, 720px\" \/><figcaption class=\"wp-element-caption\">moinho de col\u00f3ide para molho \u00e0 venda<\/figcaption><\/figure>    <figure class=\"wp-block-image size-large\"><img loading=\"lazy\" decoding=\"async\" width=\"720\" height=\"540\" data-id=\"94\" src=\"https:\/\/www.peanuts-machine.com\/wp-content\/uploads\/2022\/08\/commercial-peanut-butter-maker-in-factory.webp\" alt=\"fabricante comercial de manteiga de amendoim na f\u00e1brica\" class=\"wp-image-94\" title=\"\" srcset=\"https:\/\/www.peanuts-machine.com\/wp-content\/uploads\/2022\/08\/commercial-peanut-butter-maker-in-factory.webp 720w, https:\/\/www.peanuts-machine.com\/wp-content\/uploads\/2022\/08\/commercial-peanut-butter-maker-in-factory-300x225.webp 300w\" sizes=\"auto, (max-width: 720px) 100vw, 720px\" \/><figcaption class=\"wp-element-caption\">fabricante comercial de manteiga de amendoim na f\u00e1brica<\/figcaption><\/figure> <\/figure>    <p class=\"translation-block\">Por fim, a dist\u00e2ncia do fornecedor tamb\u00e9m pode impactar o custo total da m\u00e1quina. \u00c9 importante perguntar sobre esses detalhes para garantir que voc\u00ea escolha a m\u00e1quina de <a href=\"https:\/\/en.wikipedia.org\/wiki\/Peanut_butter\" target=\"_blank\" rel=\"noopener\">manteiga de amendoim<\/a> comercial certa para suas necessidades. N\u00e3o hesite em nos contatar a qualquer momento.<\/p>","protected":false},"excerpt":{"rendered":"<p>A m\u00e1quina comercial de manteiga de amendoim \u00e9 adequada para alimentos, medicamentos, produtos qu\u00edmicos di\u00e1rios e mat\u00e9rias-primas qu\u00edmicas para processamento fino. \u00c9 amplamente utilizada em manteiga de amendoim, manteiga de s\u00e9samo, manteiga de am\u00eandoa e outros produtos de molho.<\/p>","protected":false},"author":1,"featured_media":95,"parent":0,"template":"","tags":[36,35],"product-type":[51,46],"class_list":["post-87","product","type-product","status-publish","has-post-thumbnail","hentry","tag-peanut","tag-peanut-butter","product-type-peanut-butter-machine","product-type-products"],"_links":{"self":[{"href":"https:\/\/www.peanuts-machine.com\/pt\/wp-json\/wp\/v2\/product\/87","targetHints":{"allow":["GET"]}}],"collection":[{"href":"https:\/\/www.peanuts-machine.com\/pt\/wp-json\/wp\/v2\/product"}],"about":[{"href":"https:\/\/www.peanuts-machine.com\/pt\/wp-json\/wp\/v2\/types\/product"}],"author":[{"embeddable":true,"href":"https:\/\/www.peanuts-machine.com\/pt\/wp-json\/wp\/v2\/users\/1"}],"wp:featuredmedia":[{"embeddable":true,"href":"https:\/\/www.peanuts-machine.com\/pt\/wp-json\/wp\/v2\/media\/95"}],"wp:attachment":[{"href":"https:\/\/www.peanuts-machine.com\/pt\/wp-json\/wp\/v2\/media?parent=87"}],"wp:term":[{"taxonomy":"post_tag","embeddable":true,"href":"https:\/\/www.peanuts-machine.com\/pt\/wp-json\/wp\/v2\/tags?post=87"},{"taxonomy":"product-type","embeddable":true,"href":"https:\/\/www.peanuts-machine.com\/pt\/wp-json\/wp\/v2\/product-type?post=87"}],"curies":[{"name":"wp","href":"https:\/\/api.w.org\/{rel}","templated":true}]}}