{"id":930,"date":"2026-01-12T14:59:20","date_gmt":"2026-01-12T06:59:20","guid":{"rendered":"https:\/\/www.peanuts-machine.com\/?post_type=product&#038;p=930"},"modified":"2026-01-12T15:04:14","modified_gmt":"2026-01-12T07:04:14","slug":"multifunctional-nut-roaster","status":"publish","type":"product","link":"https:\/\/www.peanuts-machine.com\/pt\/product\/multifunctional-nut-roaster\/","title":{"rendered":"Torrefador Multifuncional de Frutos Secos | M\u00e1quina de Torrefa\u00e7\u00e3o Comercial"},"content":{"rendered":"<div class=\"kk-star-ratings kksr-auto kksr-align-left kksr-valign-top\"     data-payload='{&quot;align&quot;:&quot;left&quot;,&quot;id&quot;:&quot;930&quot;,&quot;slug&quot;:&quot;default&quot;,&quot;valign&quot;:&quot;top&quot;,&quot;ignore&quot;:&quot;&quot;,&quot;reference&quot;:&quot;auto&quot;,&quot;class&quot;:&quot;&quot;,&quot;count&quot;:&quot;27&quot;,&quot;legendonly&quot;:&quot;&quot;,&quot;readonly&quot;:&quot;&quot;,&quot;score&quot;:&quot;4.7&quot;,&quot;starsonly&quot;:&quot;&quot;,&quot;best&quot;:&quot;5&quot;,&quot;gap&quot;:&quot;5&quot;,&quot;greet&quot;:&quot;Rate this product&quot;,&quot;legend&quot;:&quot;4.7\\\/5 - (27 votes)&quot;,&quot;size&quot;:&quot;24&quot;,&quot;title&quot;:&quot;Multifunctional Nut Roaster | Commercial Roasting Machine&quot;,&quot;width&quot;:&quot;133.8&quot;,&quot;_legend&quot;:&quot;{score}\\\/{best} - ({count} {votes})&quot;,&quot;font_factor&quot;:&quot;1.25&quot;}'>              <div class=\"kksr-stars\">      <div class=\"kksr-stars-inactive\">             <div class=\"kksr-star\" data-star=\"1\" style=\"padding-right: 5px\">               <div class=\"kksr-icon\" style=\"width: 24px; height: 24px;\"><\/div>         <\/div>             <div class=\"kksr-star\" data-star=\"2\" style=\"padding-right: 5px\">               <div class=\"kksr-icon\" style=\"width: 24px; height: 24px;\"><\/div>         <\/div>             <div class=\"kksr-star\" data-star=\"3\" style=\"padding-right: 5px\">               <div class=\"kksr-icon\" style=\"width: 24px; height: 24px;\"><\/div>         <\/div>             <div class=\"kksr-star\" data-star=\"4\" style=\"padding-right: 5px\">               <div class=\"kksr-icon\" style=\"width: 24px; height: 24px;\"><\/div>         <\/div>             <div class=\"kksr-star\" data-star=\"5\" style=\"padding-right: 5px\">               <div class=\"kksr-icon\" style=\"width: 24px; height: 24px;\"><\/div>         <\/div>     <\/div>      <div class=\"kksr-stars-active\" style=\"width: 133.8px;\">             <div class=\"kksr-star\" style=\"padding-right: 5px\">               <div class=\"kksr-icon\" style=\"width: 24px; height: 24px;\"><\/div>         <\/div>             <div class=\"kksr-star\" style=\"padding-right: 5px\">               <div class=\"kksr-icon\" style=\"width: 24px; height: 24px;\"><\/div>         <\/div>             <div class=\"kksr-star\" style=\"padding-right: 5px\">               <div class=\"kksr-icon\" style=\"width: 24px; height: 24px;\"><\/div>         <\/div>             <div class=\"kksr-star\" style=\"padding-right: 5px\">               <div class=\"kksr-icon\" style=\"width: 24px; height: 24px;\"><\/div>         <\/div>             <div class=\"kksr-star\" style=\"padding-right: 5px\">               <div class=\"kksr-icon\" style=\"width: 24px; height: 24px;\"><\/div>         <\/div>     <\/div> <\/div>                   <div class=\"kksr-legend\" style=\"font-size: 19.2px;\">             4,7\/5 - (27 votos)    <\/div>     <\/div>  <p>A m\u00e1quina de torrefa\u00e7\u00e3o multifuncional de frutos secos \u00e9 amplamente utilizada no processamento de frutos secos, feij\u00f5es, gr\u00e3os e snacks. Com uma estrutura de torrefa\u00e7\u00e3o em tambor \u00fanica, o equipamento agita continuamente os ingredientes durante o processo de torrefa\u00e7\u00e3o, garantindo um aquecimento uniforme sem queimar ou queimar. <\/p>    <p>The drum&#8217;s outer layer is equipped with high-efficiency thermal insulation material, effectively reducing heat loss, improving overall thermal efficiency, and lowering energy consumption. The machine operates with high automation\u2014simply activate the switch to complete roasting, automatic material turning, and automatic discharge, significantly reducing manual labor intensity. <\/p>    <p>Com excelentes propriedades de veda\u00e7\u00e3o, \u00e9 adequado para opera\u00e7\u00e3o cont\u00ednua prolongada. Este torrefador de frutos secos \u00e9 ideal para torrefa\u00e7\u00f5es, f\u00e1bricas de processamento de alimentos e utilizadores empreendedores que procuram aumentar a efici\u00eancia e estabilizar a qualidade do produto.<\/p>    <figure class=\"wp-block-embed aligncenter is-type-video is-provider-youtube wp-block-embed-youtube wp-embed-aspect-16-9 wp-has-aspect-ratio\"><div class=\"wp-block-embed__wrapper\"> <iframe loading=\"lazy\" title=\"Multifunction Electric Roasting Machine | Nuts, Seeds &amp; Grains in One Machine\ud83d\udd25\u26a1#nutmachine #roaster\" width=\"500\" height=\"281\" src=\"https:\/\/www.youtube.com\/embed\/WFUGPFzt76s?feature=oembed\" frameborder=\"0\" allow=\"accelerometer; autoplay; clipboard-write; encrypted-media; gyroscope; picture-in-picture; web-share\" referrerpolicy=\"strict-origin-when-cross-origin\" allowfullscreen><\/iframe> <\/div><figcaption class=\"wp-element-caption\">V\u00eddeo de funcionamento da m\u00e1quina de torrefa\u00e7\u00e3o autom\u00e1tica multifuncional de frutos secos<\/figcaption><\/figure>    <h2 class=\"wp-block-heading\">\u00c1reas de aplica\u00e7\u00e3o da m\u00e1quina de torrefa\u00e7\u00e3o<\/h2>    <ul class=\"wp-block-list\"> <li>Ind\u00fastria de torrefa\u00e7\u00e3o de frutos secos: amendoins, sementes de mel\u00e3o, am\u00eandoas, castanhas de caju, nozes, castanhas, etc.<\/li>    <li>Processamento de leguminosas e gr\u00e3os: soja, feij\u00e3o mungo, feij\u00e3o vermelho, milho, trigo, aveia, etc.<\/li>    <li>Processamento de snacks: arroz torrado, gr\u00e3os de pipoca, snacks torrados temperados, alimentos torrados com sabor especial.<\/li>    <li>Setores de processamento de alimentos e empreendedorismo: torrefa\u00e7\u00f5es, oficinas de alimentos, pequenas e m\u00e9dias f\u00e1bricas de processamento de alimentos, projetos de processamento profundo de produtos agr\u00edcolas.<\/li> <\/ul>    <figure class=\"wp-block-gallery has-nested-images columns-default is-cropped wp-block-gallery-2 is-layout-flex wp-block-gallery-is-layout-flex\"> <figure class=\"wp-block-image size-large\"><img loading=\"lazy\" decoding=\"async\" width=\"720\" height=\"540\" data-id=\"933\" src=\"https:\/\/www.peanuts-machine.com\/wp-content\/uploads\/2026\/01\/multifunctional-nut-roaster.webp\" alt=\"torrefador multifuncional de frutos secos\" class=\"wp-image-933\" title=\"\" srcset=\"https:\/\/www.peanuts-machine.com\/wp-content\/uploads\/2026\/01\/multifunctional-nut-roaster.webp 720w, https:\/\/www.peanuts-machine.com\/wp-content\/uploads\/2026\/01\/multifunctional-nut-roaster-300x225.webp 300w, https:\/\/www.peanuts-machine.com\/wp-content\/uploads\/2026\/01\/multifunctional-nut-roaster-16x12.webp 16w\" sizes=\"auto, (max-width: 720px) 100vw, 720px\" \/><figcaption class=\"wp-element-caption\">torrefador multifuncional de frutos secos<\/figcaption><\/figure>    <figure class=\"wp-block-image size-large\"><img loading=\"lazy\" decoding=\"async\" width=\"720\" height=\"540\" data-id=\"934\" src=\"https:\/\/www.peanuts-machine.com\/wp-content\/uploads\/2026\/01\/seed-roasting-machine.webp\" alt=\"m\u00e1quina de torrefa\u00e7\u00e3o de sementes\" class=\"wp-image-934\" title=\"\" srcset=\"https:\/\/www.peanuts-machine.com\/wp-content\/uploads\/2026\/01\/seed-roasting-machine.webp 720w, https:\/\/www.peanuts-machine.com\/wp-content\/uploads\/2026\/01\/seed-roasting-machine-300x225.webp 300w, https:\/\/www.peanuts-machine.com\/wp-content\/uploads\/2026\/01\/seed-roasting-machine-16x12.webp 16w\" sizes=\"auto, (max-width: 720px) 100vw, 720px\" \/><figcaption class=\"wp-element-caption\">m\u00e1quina de torrefa\u00e7\u00e3o de sementes<\/figcaption><\/figure> <\/figure>    <h2 class=\"wp-block-heading\">Vantagens e caracter\u00edsticas do torrefador multifuncional de frutos secos<\/h2>    <ul class=\"wp-block-list\"> <li>Aquecimento uniforme, resultados consistentes: o mecanismo de torrefa\u00e7\u00e3o por agita\u00e7\u00e3o combinado com fontes de calor est\u00e1veis evita superaquecimento localizado, garantindo cor uniforme do produto.<\/li>    <li>Op\u00e7\u00f5es de aquecimento duplo: suporta g\u00e1s de petr\u00f3leo liquefeito (GPL) e aquecimento el\u00e9trico para adaptar-se \u00e0s condi\u00e7\u00f5es energ\u00e9ticas regionais.<\/li>    <li>Alta automa\u00e7\u00e3o: agita\u00e7\u00e3o e descarga autom\u00e1ticas eliminam manipula\u00e7\u00e3o manual, economizando tempo e m\u00e3o-de-obra.<\/li>    <li>Design eficiente em termos energ\u00e9ticos: exterior do tambor isolado maximiza a efici\u00eancia t\u00e9rmica, melhorando a utiliza\u00e7\u00e3o de g\u00e1s ou eletricidade.<\/li>    <li>Opera\u00e7\u00e3o e manuten\u00e7\u00e3o simples: interruptores de controlo claros; lubrifica\u00e7\u00e3o regular dos rolamentos garante opera\u00e7\u00e3o est\u00e1vel a longo prazo.<\/li>    <li>Alta seguran\u00e7a: modelos el\u00e9tricos suportam 220V\/380V e podem ser conectados a dispositivos de prote\u00e7\u00e3o contra fugas; modelos a g\u00e1s apresentam veda\u00e7\u00e3o confi\u00e1vel.<\/li> <\/ul>    <figure class=\"wp-block-gallery has-nested-images columns-default is-cropped wp-block-gallery-3 is-layout-flex wp-block-gallery-is-layout-flex\"> <figure class=\"wp-block-image size-large\"><img loading=\"lazy\" decoding=\"async\" width=\"720\" height=\"540\" data-id=\"935\" src=\"https:\/\/www.peanuts-machine.com\/wp-content\/uploads\/2026\/01\/automatic-nut-roaster.webp\" alt=\"Torradeira autom\u00e1tica de nozes\" class=\"wp-image-935\" title=\"\" srcset=\"https:\/\/www.peanuts-machine.com\/wp-content\/uploads\/2026\/01\/automatic-nut-roaster.webp 720w, https:\/\/www.peanuts-machine.com\/wp-content\/uploads\/2026\/01\/automatic-nut-roaster-300x225.webp 300w, https:\/\/www.peanuts-machine.com\/wp-content\/uploads\/2026\/01\/automatic-nut-roaster-16x12.webp 16w\" sizes=\"auto, (max-width: 720px) 100vw, 720px\" \/><figcaption class=\"wp-element-caption\">Torradeira autom\u00e1tica de nozes<\/figcaption><\/figure>    <figure class=\"wp-block-image size-large\"><img loading=\"lazy\" decoding=\"async\" width=\"720\" height=\"540\" data-id=\"936\" src=\"https:\/\/www.peanuts-machine.com\/wp-content\/uploads\/2026\/01\/peanut-roasting-machine.webp\" alt=\"m\u00e1quina de torrar amendoim\" class=\"wp-image-936\" title=\"\" srcset=\"https:\/\/www.peanuts-machine.com\/wp-content\/uploads\/2026\/01\/peanut-roasting-machine.webp 720w, https:\/\/www.peanuts-machine.com\/wp-content\/uploads\/2026\/01\/peanut-roasting-machine-300x225.webp 300w, https:\/\/www.peanuts-machine.com\/wp-content\/uploads\/2026\/01\/peanut-roasting-machine-16x12.webp 16w\" sizes=\"auto, (max-width: 720px) 100vw, 720px\" \/><figcaption class=\"wp-element-caption\">m\u00e1quina de torrar amendoim<\/figcaption><\/figure> <\/figure>    <h2 class=\"wp-block-heading\">Princ\u00edpio de funcionamento da m\u00e1quina de torrefa\u00e7\u00e3o de amendoim<\/h2>    <p>O torrador aquece o interior do tambor por meio de aquecimento el\u00e9trico ou a g\u00e1s de petr\u00f3leo liquefeito. Assim que a temperatura definida \u00e9 atingida, as mat\u00e9rias-primas s\u00e3o carregadas no tambor selado. O tambor gira continuamente por meio de um motor, agitando o conte\u00fado para um aquecimento e torrefa\u00e7\u00e3o uniformes em 360\u00b0.<\/p>    <p>Ao terminar, o mecanismo de inclina\u00e7\u00e3o ativa-se, descarregando automaticamente os produtos acabados de forma r\u00e1pida e limpa. Isto elimina a necessidade de virar ou despejar manualmente, aumentando significativamente a efici\u00eancia de produ\u00e7\u00e3o e garantindo resultados de torrefa\u00e7\u00e3o consistentes.<\/p>    <figure class=\"wp-block-gallery has-nested-images columns-default is-cropped wp-block-gallery-4 is-layout-flex wp-block-gallery-is-layout-flex\"> <figure class=\"wp-block-image size-large\"><img loading=\"lazy\" decoding=\"async\" width=\"720\" height=\"540\" data-id=\"938\" src=\"https:\/\/www.peanuts-machine.com\/wp-content\/uploads\/2026\/01\/snack-roasting-machine.webp\" alt=\"m\u00e1quina de torrefa\u00e7\u00e3o de snacks\" class=\"wp-image-938\" title=\"\" srcset=\"https:\/\/www.peanuts-machine.com\/wp-content\/uploads\/2026\/01\/snack-roasting-machine.webp 720w, https:\/\/www.peanuts-machine.com\/wp-content\/uploads\/2026\/01\/snack-roasting-machine-300x225.webp 300w, https:\/\/www.peanuts-machine.com\/wp-content\/uploads\/2026\/01\/snack-roasting-machine-16x12.webp 16w\" sizes=\"auto, (max-width: 720px) 100vw, 720px\" \/><figcaption class=\"wp-element-caption\">m\u00e1quina de torrefa\u00e7\u00e3o de snacks<\/figcaption><\/figure>    <figure class=\"wp-block-image size-large\"><img loading=\"lazy\" decoding=\"async\" width=\"720\" height=\"540\" data-id=\"937\" src=\"https:\/\/www.peanuts-machine.com\/wp-content\/uploads\/2026\/01\/food-roasting-machine.webp\" alt=\"m\u00e1quina de torrefa\u00e7\u00e3o de alimentos\" class=\"wp-image-937\" title=\"\" srcset=\"https:\/\/www.peanuts-machine.com\/wp-content\/uploads\/2026\/01\/food-roasting-machine.webp 720w, https:\/\/www.peanuts-machine.com\/wp-content\/uploads\/2026\/01\/food-roasting-machine-300x225.webp 300w, https:\/\/www.peanuts-machine.com\/wp-content\/uploads\/2026\/01\/food-roasting-machine-16x12.webp 16w\" sizes=\"auto, (max-width: 720px) 100vw, 720px\" \/><figcaption class=\"wp-element-caption\">m\u00e1quina de torrefa\u00e7\u00e3o de alimentos<\/figcaption><\/figure> <\/figure>    <h2 class=\"wp-block-heading\">Par\u00e2metros t\u00e9cnicos da m\u00e1quina de torrefa\u00e7\u00e3o de frutos secos<\/h2>    <figure class=\"wp-block-table is-style-stripes\"><table class=\"has-fixed-layout\"><tbody><tr><td>Modelo<\/td><td>M\u00e9todo de Aquecimento<\/td><td>M\u00e1quina <br>Tamanho <br>(L\u00d7W\u00d7H)<\/td><td>Peso<\/td><td>Material do Corpo<\/td><td>Material do Tambor<\/td><td>Pot\u00eancia do motor<\/td><td>Temperatura <br>Alcance<\/td><\/tr><tr><td>Modelo 25<\/td><td>Carv\u00e3o \/ <br>G\u00e1s LPG<\/td><td>990x470x<br>880 mm<\/td><td>60 kg<\/td><td>430 <br>Magn\u00e9tico <br>A\u00e7o Inoxid\u00e1vel<\/td><td>Ferro Fundido<\/td><td>90 W<\/td><td>Chama <br>Ajust\u00e1vel<\/td><\/tr><tr><td>Modelo 25<\/td><td>El\u00e9trico <br>Aquecimento<br>(4500 W)<\/td><td>990x470x<br>880 mm<\/td><td>65 kg<\/td><td>430 <br>Magn\u00e9tico <br>A\u00e7o Inoxid\u00e1vel<\/td><td>Ferro Fundido<\/td><td>90 W<\/td><td>50\u2013300 \u00b0C <br>Ajust\u00e1vel<\/td><\/tr><tr><td>Modelo 50<\/td><td>Carv\u00e3o \/ <br>G\u00e1s LPG<\/td><td>1200x570x<br>950 mm<\/td><td>75 kg<\/td><td>430 <br>Magn\u00e9tico <br>A\u00e7o Inoxid\u00e1vel<\/td><td>Ferro Fundido<\/td><td>120 W<\/td><td>Chama <br>Ajust\u00e1vel<\/td><\/tr><tr><td>Modelo 50<\/td><td>El\u00e9trico <br>Aquecimento <br>(7200 W)<\/td><td>1200x570x<br>950 mm<\/td><td>85 kg<\/td><td>430 <br>Magn\u00e9tico <br>A\u00e7o Inoxid\u00e1vel<\/td><td>Ferro Fundido<\/td><td>120 W<\/td><td>50\u2013300 \u00b0C <br>Ajust\u00e1vel<\/td><\/tr><tr><td>Modelo 100<\/td><td>Carv\u00e3o \/ <br>G\u00e1s LPG<\/td><td>1450x720x<br>1200 mm<\/td><td>160 kg<\/td><td>430 <br>Magn\u00e9tico <br>A\u00e7o Inoxid\u00e1vel<\/td><td>Ferro Fundido<\/td><td>400 W<\/td><td>Chama <br>Ajust\u00e1vel<\/td><\/tr><tr><td>Modelo 100<\/td><td>El\u00e9trico <br>Aquecimento <br>(7200 W)<\/td><td>1450x720x<br>1200 mm<\/td><td>170 kg<\/td><td>430 <br>Magn\u00e9tico <br>A\u00e7o Inoxid\u00e1vel<\/td><td>Ferro Fundido<\/td><td>400 W<\/td><td>Temperatura <br>controlo &amp; temporizador<\/td><\/tr><\/tbody><\/table><figcaption class=\"wp-element-caption\">Dados t\u00e9cnicos da m\u00e1quina de torrefa\u00e7\u00e3o de frutos secos comercial<\/figcaption><\/figure>    <h2 class=\"wp-block-heading\">Contate-nos<\/h2>    <p>Quer melhorar a sua efici\u00eancia de torrefa\u00e7\u00e3o e manter uma qualidade de produto consistente? A nossa m\u00e1quina de torrefa\u00e7\u00e3o de frutos secos vers\u00e1til oferece opera\u00e7\u00e3o simples, aquecimento uniforme e produ\u00e7\u00e3o est\u00e1vel\u2014fazendo dela a escolha ideal para processar frutos secos, feij\u00f5es e snacks. <\/p>    <p class=\"translation-block\">Para al\u00e9m deste equipamento, tamb\u00e9m oferecemos outros tipos de m\u00e1quinas, como uma <strong><em><a href=\"https:\/\/www.peanuts-machine.com\/pt\/product\/continuous-peanut-roasting-oven\/\">m\u00e1quina cont\u00ednua de torrefa\u00e7\u00e3o de frutos secos<\/a><\/em><\/strong>. Contacte-nos hoje para obter especifica\u00e7\u00f5es detalhadas, or\u00e7amentos e solu\u00e7\u00f5es personalizadas\u2014tornando as suas opera\u00e7\u00f5es de torrefa\u00e7\u00e3o mais eficientes e sem esfor\u00e7o!<\/p>","protected":false},"excerpt":{"rendered":"<p>O tostadorde nozes multifuncional apresenta uma estrutura de rota\u00e7\u00e3o do tambor para um aquecimento uniforme. \u00c9 adequado para a torrefa\u00e7\u00e3o automatizada de nozes, feij\u00f5es e alimentos de snack.<\/p>","protected":false},"author":1,"featured_media":939,"parent":0,"template":"","tags":[56,36],"product-type":[50,46],"class_list":["post-930","product","type-product","status-publish","has-post-thumbnail","hentry","tag-nut","tag-peanut","product-type-peanut-roasting-machine","product-type-products"],"_links":{"self":[{"href":"https:\/\/www.peanuts-machine.com\/pt\/wp-json\/wp\/v2\/product\/930","targetHints":{"allow":["GET"]}}],"collection":[{"href":"https:\/\/www.peanuts-machine.com\/pt\/wp-json\/wp\/v2\/product"}],"about":[{"href":"https:\/\/www.peanuts-machine.com\/pt\/wp-json\/wp\/v2\/types\/product"}],"author":[{"embeddable":true,"href":"https:\/\/www.peanuts-machine.com\/pt\/wp-json\/wp\/v2\/users\/1"}],"wp:featuredmedia":[{"embeddable":true,"href":"https:\/\/www.peanuts-machine.com\/pt\/wp-json\/wp\/v2\/media\/939"}],"wp:attachment":[{"href":"https:\/\/www.peanuts-machine.com\/pt\/wp-json\/wp\/v2\/media?parent=930"}],"wp:term":[{"taxonomy":"post_tag","embeddable":true,"href":"https:\/\/www.peanuts-machine.com\/pt\/wp-json\/wp\/v2\/tags?post=930"},{"taxonomy":"product-type","embeddable":true,"href":"https:\/\/www.peanuts-machine.com\/pt\/wp-json\/wp\/v2\/product-type?post=930"}],"curies":[{"name":"wp","href":"https:\/\/api.w.org\/{rel}","templated":true}]}}