{"id":99,"date":"2022-08-10T01:54:28","date_gmt":"2022-08-10T01:54:28","guid":{"rendered":"https:\/\/www.peanuts-machine.com\/?post_type=product&#038;p=99"},"modified":"2026-01-13T15:32:18","modified_gmt":"2026-01-13T07:32:18","slug":"peanut-butter-filling-machine","status":"publish","type":"product","link":"https:\/\/www.peanuts-machine.com\/pt\/product\/peanut-butter-filling-machine\/","title":{"rendered":"M\u00e1quina de Recheio de Manteiga de Amendoim | M\u00e1quina de Embalagem de Pasta Alimentar"},"content":{"rendered":"<div class=\"kk-star-ratings kksr-auto kksr-align-left kksr-valign-top\"     data-payload='{&quot;align&quot;:&quot;left&quot;,&quot;id&quot;:&quot;99&quot;,&quot;slug&quot;:&quot;default&quot;,&quot;valign&quot;:&quot;top&quot;,&quot;ignore&quot;:&quot;&quot;,&quot;reference&quot;:&quot;auto&quot;,&quot;class&quot;:&quot;&quot;,&quot;count&quot;:&quot;15&quot;,&quot;legendonly&quot;:&quot;&quot;,&quot;readonly&quot;:&quot;&quot;,&quot;score&quot;:&quot;4.9&quot;,&quot;starsonly&quot;:&quot;&quot;,&quot;best&quot;:&quot;5&quot;,&quot;gap&quot;:&quot;5&quot;,&quot;greet&quot;:&quot;Rate this product&quot;,&quot;legend&quot;:&quot;4.9\\\/5 - (15 votes)&quot;,&quot;size&quot;:&quot;24&quot;,&quot;title&quot;:&quot;Peanut Butter Filling Machine | Food Paste Packaging Machine&quot;,&quot;width&quot;:&quot;139.6&quot;,&quot;_legend&quot;:&quot;{score}\\\/{best} - ({count} {votes})&quot;,&quot;font_factor&quot;:&quot;1.25&quot;}'>              <div class=\"kksr-stars\">      <div class=\"kksr-stars-inactive\">             <div class=\"kksr-star\" data-star=\"1\" style=\"padding-right: 5px\">               <div class=\"kksr-icon\" style=\"width: 24px; height: 24px;\"><\/div>         <\/div>             <div class=\"kksr-star\" data-star=\"2\" style=\"padding-right: 5px\">               <div class=\"kksr-icon\" style=\"width: 24px; height: 24px;\"><\/div>         <\/div>             <div class=\"kksr-star\" data-star=\"3\" style=\"padding-right: 5px\">               <div class=\"kksr-icon\" style=\"width: 24px; height: 24px;\"><\/div>         <\/div>             <div class=\"kksr-star\" data-star=\"4\" style=\"padding-right: 5px\">               <div class=\"kksr-icon\" style=\"width: 24px; height: 24px;\"><\/div>         <\/div>             <div class=\"kksr-star\" data-star=\"5\" style=\"padding-right: 5px\">               <div class=\"kksr-icon\" style=\"width: 24px; height: 24px;\"><\/div>         <\/div>     <\/div>      <div class=\"kksr-stars-active\" style=\"width: 139.6px;\">             <div class=\"kksr-star\" style=\"padding-right: 5px\">               <div class=\"kksr-icon\" style=\"width: 24px; height: 24px;\"><\/div>         <\/div>             <div class=\"kksr-star\" style=\"padding-right: 5px\">               <div class=\"kksr-icon\" style=\"width: 24px; height: 24px;\"><\/div>         <\/div>             <div class=\"kksr-star\" style=\"padding-right: 5px\">               <div class=\"kksr-icon\" style=\"width: 24px; height: 24px;\"><\/div>         <\/div>             <div class=\"kksr-star\" style=\"padding-right: 5px\">               <div class=\"kksr-icon\" style=\"width: 24px; height: 24px;\"><\/div>         <\/div>             <div class=\"kksr-star\" style=\"padding-right: 5px\">               <div class=\"kksr-icon\" style=\"width: 24px; height: 24px;\"><\/div>         <\/div>     <\/div> <\/div>                   <div class=\"kksr-legend\" style=\"font-size: 19.2px;\">             4,9\/5 - (15 votos)    <\/div>     <\/div>  <p>A m\u00e1quina de enchimento de manteiga de amendoim \u00e9 especialmente projetada para molhos l\u00edquidos e viscosos, que s\u00e3o amplamente utilizados na embalagem autom\u00e1tica de manteiga de amendoim, pasta de sementes de s\u00e9samo, geleia e outros produtos alimentares. <\/p>    <p>Este equipamento \u00e9 um elo chave na linha de produ\u00e7\u00e3o de manteiga de amendoim, que n\u00e3o s\u00f3 melhora a efici\u00eancia de enchimento, mas tamb\u00e9m garante a limpeza e a estabilidade do processo de embalagem. <\/p>    <p>Seja uma pequena oficina que est\u00e1 a come\u00e7ar ou uma f\u00e1brica com produ\u00e7\u00e3o em lotes, podemos fornecer modelos totalmente autom\u00e1ticos e semi-autom\u00e1ticos para atender \u00e0s necessidades reais de diferentes clientes.<\/p>    <figure class=\"wp-block-embed aligncenter is-type-video is-provider-youtube wp-block-embed-youtube wp-embed-aspect-16-9 wp-has-aspect-ratio\"><div class=\"wp-block-embed__wrapper\"> <iframe loading=\"lazy\" title=\"M\u00e1quina Autom\u00e1tica de Enchimento de Frascos de Manteiga de Amendoim | Precis\u00e3o &amp; Efici\u00eancia #manteigadeamendoim #m\u00e1quinaenchedora\" width=\"500\" height=\"281\" src=\"https:\/\/www.youtube.com\/embed\/EkCZhYds2dw?feature=oembed\" frameborder=\"0\" allow=\"accelerometer; autoplay; clipboard-write; encrypted-media; gyroscope; picture-in-picture; web-share\" referrerpolicy=\"strict-origin-when-cross-origin\" allowfullscreen><\/iframe> <\/div><figcaption class=\"wp-element-caption\">V\u00eddeo de trabalho da m\u00e1quina de enchimento de manteiga de amendoim<\/figcaption><\/figure>    <h2 class=\"wp-block-heading\">Escopo de aplica\u00e7\u00e3o da m\u00e1quina de embalagem de manteiga de amendoim<\/h2>    <ul class=\"wp-block-list\"> <li>Alimentos pegajosos como manteiga de amendoim, manteiga de s\u00e9samo, molho picante, compota, etc.<\/li>    <li>Condimentos l\u00edquidos como mel, leite condensado, molhos para salada, ketchup, etc.<\/li>    <li>Cosm\u00e9ticos como lo\u00e7\u00f5es, cremes e outros produtos semi-l\u00edquidos.<\/li>    <li>Cremes e medicamentos l\u00edquidos na ind\u00fastria farmac\u00eautica.<\/li>    <li>\u00d3leos, lubrificantes, detergentes, etc. da ind\u00fastria qu\u00edmica.<\/li> <\/ul>   <div class=\"wp-block-image\"> <figure class=\"aligncenter size-full\"><img loading=\"lazy\" decoding=\"async\" width=\"720\" height=\"540\" src=\"https:\/\/www.peanuts-machine.com\/wp-content\/uploads\/2022\/08\/application-of-peanut-butter-2.webp\" alt=\"aplica\u00e7\u00e3o de manteiga de amendoim\" class=\"wp-image-325\" title=\"\" srcset=\"https:\/\/www.peanuts-machine.com\/wp-content\/uploads\/2022\/08\/application-of-peanut-butter-2.webp 720w, https:\/\/www.peanuts-machine.com\/wp-content\/uploads\/2022\/08\/application-of-peanut-butter-2-300x225.webp 300w\" sizes=\"auto, (max-width: 720px) 100vw, 720px\" \/><figcaption class=\"wp-element-caption\">aplica\u00e7\u00e3o de manteiga de amendoim<\/figcaption><\/figure> <\/div>  <div class=\"wp-block-image\"> <figure class=\"aligncenter size-full\"><img loading=\"lazy\" decoding=\"async\" width=\"720\" height=\"540\" src=\"https:\/\/www.peanuts-machine.com\/wp-content\/uploads\/2022\/08\/finished-products-1.webp\" alt=\"produtos finalizados\" class=\"wp-image-104\" title=\"\" srcset=\"https:\/\/www.peanuts-machine.com\/wp-content\/uploads\/2022\/08\/finished-products-1.webp 720w, https:\/\/www.peanuts-machine.com\/wp-content\/uploads\/2022\/08\/finished-products-1-300x225.webp 300w\" sizes=\"auto, (max-width: 720px) 100vw, 720px\" \/><figcaption class=\"wp-element-caption\">produtos finalizados<\/figcaption><\/figure> <\/div>   <h2 class=\"wp-block-heading\">Vantagens da m\u00e1quina de enchimento de manteiga de amendoim<\/h2>    <ul class=\"wp-block-list\"> <li>Design anti-gotejamento: o bico de enchimento est\u00e1 equipado com um dispositivo anti-gotejamento, que se fecha automaticamente no final do enchimento para evitar desperd\u00edcio e polui\u00e7\u00e3o do produto.<\/li>    <li>Opera\u00e7\u00e3o segura: equipado com bandeja l\u00edquida para coletar l\u00edquidos residuais, manter o equipamento limpo e organizado, reduzir o res\u00edduo no ch\u00e3o e garantir a sanidade do ambiente de produ\u00e7\u00e3o.<\/li>    <li>Limpeza conveniente: design estrutural razo\u00e1vel, desmontagem simples, f\u00e1cil de limpar e manter, em conformidade com os padr\u00f5es de higiene alimentar.<\/li>    <li>Compatibilidade forte com garrafas: estrutura ajust\u00e1vel adequada para diferentes tamanhos de garrafas, sem necessidade de substituir pe\u00e7as, economizando tempo de convers\u00e3o.<\/li>    <li>Alto grau de automa\u00e7\u00e3o: sistema totalmente autom\u00e1tico ou semi-autom\u00e1tico de acordo com os requisitos do cliente, melhorando significativamente a efici\u00eancia da produ\u00e7\u00e3o e reduzindo os custos de m\u00e3o de obra.<\/li> <\/ul>   <div class=\"wp-block-image\"> <figure class=\"aligncenter size-full\"><img loading=\"lazy\" decoding=\"async\" width=\"720\" height=\"540\" src=\"https:\/\/www.peanuts-machine.com\/wp-content\/uploads\/2022\/08\/peanut-butter-filling-machine-1.webp\" alt=\"m\u00e1quina de enchimento de manteiga de amendoim\" class=\"wp-image-767\" title=\"\" srcset=\"https:\/\/www.peanuts-machine.com\/wp-content\/uploads\/2022\/08\/peanut-butter-filling-machine-1.webp 720w, https:\/\/www.peanuts-machine.com\/wp-content\/uploads\/2022\/08\/peanut-butter-filling-machine-1-300x225.webp 300w, https:\/\/www.peanuts-machine.com\/wp-content\/uploads\/2022\/08\/peanut-butter-filling-machine-1-16x12.webp 16w\" sizes=\"auto, (max-width: 720px) 100vw, 720px\" \/><figcaption class=\"wp-element-caption\">m\u00e1quina de enchimento de manteiga de amendoim<\/figcaption><\/figure> <\/div>   <h2 class=\"wp-block-heading\" id=\"h-the-working-principle-of-peanut-butter-filler\">Princ\u00edpio de funcionamento da m\u00e1quina de enchimento de manteiga de amendoim<\/h2>    <p>O enchimento de manteiga de amendoim consiste em um bico de enchimento independente, tela de toque eletr\u00f4nica, transportador e gabinete de controle el\u00e9trico.<\/p>    <ol class=\"wp-block-list\"> <li>Iniciando o equipamento: ap\u00f3s a energia ser ligada, a m\u00e1quina come\u00e7a a funcionar e a bomba de pist\u00e3o pneum\u00e1tico \u00e9 ativada, pronta para realizar a a\u00e7\u00e3o de suc\u00e7\u00e3o e enchimento.<\/li>    <li>Processo de suc\u00e7\u00e3o: a bomba de pist\u00e3o controlada pneumaticamente aspira manteiga de amendoim e outros materiais do tanque de armazenamento para o cilindro de dosagem quantitativa.<\/li>    <li>Posicionamento autom\u00e1tico: quando o cilindro de dosagem suga a quantidade definida de manteiga de amendoim, o bico de enchimento move-se automaticamente para o topo da boca da garrafa para posicionamento.<\/li>    <li>Enchimento e descarregamento: a v\u00e1lvula do bico de enchimento desce, e a manteiga de amendoim \u00e9 injetada quantitativamente na garrafa de embalagem atrav\u00e9s do tubo de material.<\/li>    <li>Controle preciso: os usu\u00e1rios podem ajustar o curso ou os par\u00e2metros da bomba de pist\u00e3o pneum\u00e1tica para controlar precisamente a quantidade de enchimento a cada vez.<\/li>    <li>Fun\u00e7\u00e3o anti-gotejamento: ap\u00f3s o enchimento ser conclu\u00eddo, o bico fecha automaticamente para evitar gotejamento e garantir um enchimento limpo e sanit\u00e1rio.<\/li> <\/ol>   <div class=\"wp-block-image\"> <figure class=\"aligncenter size-full\"><img loading=\"lazy\" decoding=\"async\" width=\"720\" height=\"540\" src=\"https:\/\/www.peanuts-machine.com\/wp-content\/uploads\/2022\/08\/nut-paste-filler-machine.webp\" alt=\"m\u00e1quina de enchimento de pasta de amendoim\" class=\"wp-image-900\" title=\"\" srcset=\"https:\/\/www.peanuts-machine.com\/wp-content\/uploads\/2022\/08\/nut-paste-filler-machine.webp 720w, https:\/\/www.peanuts-machine.com\/wp-content\/uploads\/2022\/08\/nut-paste-filler-machine-300x225.webp 300w, https:\/\/www.peanuts-machine.com\/wp-content\/uploads\/2022\/08\/nut-paste-filler-machine-16x12.webp 16w\" sizes=\"auto, (max-width: 720px) 100vw, 720px\" \/><figcaption class=\"wp-element-caption\">m\u00e1quina de enchimento de pasta de amendoim<\/figcaption><\/figure> <\/div>   <div class=\"wp-block-columns is-layout-flex wp-container-core-columns-is-layout-9d6595d7 wp-block-columns-is-layout-flex\"> <div class=\"wp-block-column is-layout-flow wp-block-column-is-layout-flow\"> <figure class=\"wp-block-image size-full\"><img loading=\"lazy\" decoding=\"async\" width=\"302\" height=\"221\" src=\"https:\/\/www.peanuts-machine.com\/wp-content\/uploads\/2022\/08\/servo-motor.webp\" alt=\"servo motor\" class=\"wp-image-112\" title=\"\" srcset=\"https:\/\/www.peanuts-machine.com\/wp-content\/uploads\/2022\/08\/servo-motor.webp 302w, https:\/\/www.peanuts-machine.com\/wp-content\/uploads\/2022\/08\/servo-motor-300x220.webp 300w\" sizes=\"auto, (max-width: 302px) 100vw, 302px\" \/><figcaption class=\"wp-element-caption\">servo motor<\/figcaption><\/figure> <\/div>    <div class=\"wp-block-column is-layout-flow wp-block-column-is-layout-flow\"> <figure class=\"wp-block-image size-full\"><img loading=\"lazy\" decoding=\"async\" width=\"351\" height=\"193\" src=\"https:\/\/www.peanuts-machine.com\/wp-content\/uploads\/2022\/08\/paste-filling-pneumatic-device.webp\" alt=\"dispositivo pneum\u00e1tico para enchimento de pasta\" class=\"wp-image-110\" title=\"\" srcset=\"https:\/\/www.peanuts-machine.com\/wp-content\/uploads\/2022\/08\/paste-filling-pneumatic-device.webp 351w, https:\/\/www.peanuts-machine.com\/wp-content\/uploads\/2022\/08\/paste-filling-pneumatic-device-300x165.webp 300w\" sizes=\"auto, (max-width: 351px) 100vw, 351px\" \/><figcaption class=\"wp-element-caption\">dispositivo pneum\u00e1tico para enchimento de pasta<\/figcaption><\/figure> <\/div>    <div class=\"wp-block-column is-layout-flow wp-block-column-is-layout-flow\"> <figure class=\"wp-block-image size-full\"><img loading=\"lazy\" decoding=\"async\" width=\"353\" height=\"203\" src=\"https:\/\/www.peanuts-machine.com\/wp-content\/uploads\/2022\/08\/filling-nozzle.webp\" alt=\"bocal de enchimento\" class=\"wp-image-109\" title=\"\" srcset=\"https:\/\/www.peanuts-machine.com\/wp-content\/uploads\/2022\/08\/filling-nozzle.webp 353w, https:\/\/www.peanuts-machine.com\/wp-content\/uploads\/2022\/08\/filling-nozzle-300x173.webp 300w\" sizes=\"auto, (max-width: 353px) 100vw, 353px\" \/><figcaption class=\"wp-element-caption\">bocal de enchimento<\/figcaption><\/figure> <\/div> <\/div>    <figure class=\"wp-block-embed aligncenter is-type-video is-provider-youtube wp-block-embed-youtube wp-embed-aspect-16-9 wp-has-aspect-ratio\"><div class=\"wp-block-embed__wrapper\"> <iframe loading=\"lazy\" title=\"M\u00e1quina de enchimento de manteiga de amendoim | Encha a manteiga de amendoim em um segundo com enchimento de manteiga de amendoim\" width=\"500\" height=\"281\" src=\"https:\/\/www.youtube.com\/embed\/h2xL4Z-rbF0?feature=oembed\" frameborder=\"0\" allow=\"accelerometer; autoplay; clipboard-write; encrypted-media; gyroscope; picture-in-picture; web-share\" referrerpolicy=\"strict-origin-when-cross-origin\" allowfullscreen><\/iframe> <\/div><figcaption class=\"wp-element-caption\">V\u00eddeo de opera\u00e7\u00e3o da m\u00e1quina autom\u00e1tica de enchimento de manteiga de amendoim.<\/figcaption><\/figure>    <h2 class=\"wp-block-heading\" id=\"h-machine-parameters\">Par\u00e2metros da m\u00e1quina de enchimento de manteiga de nozes<\/h2>    <figure class=\"wp-block-table is-style-stripes\"><table><tbody><tr><td>Nome<\/td><td>M\u00e1quina de enchimento de 4 cabe\u00e7otes<\/td><\/tr><tr><td>Material<\/td><td>A\u00e7o inoxid\u00e1vel<\/td><\/tr><tr><td>Cabe\u00e7a de enchimento<\/td><td>4 cabe\u00e7as<\/td><\/tr><tr><td>Tipo acionado<\/td><td>Pneum\u00e1tico e El\u00e9trico<\/td><\/tr><tr><td>Servi\u00e7o P\u00f3s-Venda Fornecido<\/td><td>Garantia: 1 ano;\u00a0Suporte T\u00e9cnico em V\u00eddeo<\/td><\/tr><tr><td>Volume de Enchimento<\/td><td>500-3000ml<\/td><\/tr><tr><td>Velocidade de Enchimento<\/td><td>2 Cabe\u00e7as: 240KG-960KG; 4 Cabe\u00e7as: 480KG-1920KG<\/td><\/tr><tr><td>Volume da tremonha<\/td><td>350L<\/td><\/tr><tr><td>Poder<\/td><td>220V, 50Hz, 500W<\/td><\/tr><tr><td>Tamanho da m\u00e1quina<\/td><td>1850mm*1040mm*1900mm<\/td><\/tr><tr><td>Peso<\/td><td>700KG<\/td><\/tr><\/tbody><\/table><figcaption class=\"wp-element-caption\">M\u00e1quina de enchimento de manteiga de amendoim - par\u00e2metros t\u00e9cnicos<\/figcaption><\/figure>   <div class=\"wp-block-image\"> <figure class=\"aligncenter size-full\"><img loading=\"lazy\" decoding=\"async\" width=\"720\" height=\"540\" src=\"https:\/\/www.peanuts-machine.com\/wp-content\/uploads\/2022\/08\/viscous-liquid-filling-machine.webp\" alt=\"m\u00e1quina de enchimento de l\u00edquido viscoso\" class=\"wp-image-901\" title=\"\" srcset=\"https:\/\/www.peanuts-machine.com\/wp-content\/uploads\/2022\/08\/viscous-liquid-filling-machine.webp 720w, https:\/\/www.peanuts-machine.com\/wp-content\/uploads\/2022\/08\/viscous-liquid-filling-machine-300x225.webp 300w, https:\/\/www.peanuts-machine.com\/wp-content\/uploads\/2022\/08\/viscous-liquid-filling-machine-16x12.webp 16w\" sizes=\"auto, (max-width: 720px) 100vw, 720px\" \/><figcaption class=\"wp-element-caption\">m\u00e1quina de enchimento de l\u00edquido viscoso<\/figcaption><\/figure> <\/div>   <h2 class=\"wp-block-heading\" id=\"h-do-you-want-to-get-the-complete-peanut-butter-filling-system\">Quer obter o sistema completo de recheio de manteiga de amendoim?<\/h2>    <p>Se voc\u00ea n\u00e3o apenas precisa de uma m\u00e1quina de preenchimento de manteiga de amendoim, mas tamb\u00e9m deseja montar uma linha de produ\u00e7\u00e3o de preenchimento completa e eficiente, a Taizy pode fornecer um sistema completo de preenchimento de manteiga de amendoim profissional.<\/p>    <p>A linha inteira cobre todo o processo desde a codifica\u00e7\u00e3o e rotulagem at\u00e9 o enchimento e a tampagem. O equipamento inclui m\u00e1quina de codifica\u00e7\u00e3o, m\u00e1quina de rotulagem, m\u00e1quina de enchimento e m\u00e1quina de tampagem, cada etapa da linha de produ\u00e7\u00e3o \u00e9 precisa, eficiente e automatizada para garantir que os produtos sejam organizados, bonitos e padronizados.<\/p>    <p>Quer sejam para supermercados, mercados de atacado ou plataformas de e-commerce, os produtos de manteiga de amendoim preenchidos com este sistema podem alcan\u00e7ar resultados de embalagem uniformes e padronizados, ajudando voc\u00ea a criar uma imagem de marca profissional.<\/p>    <p>Podemos fornecer configura\u00e7\u00f5es flex\u00edveis de acordo com a sua demanda de sa\u00edda e or\u00e7amento, sinta-se \u00e0 vontade para consultar solu\u00e7\u00f5es e cota\u00e7\u00f5es detalhadas a qualquer momento.<\/p>   <div class=\"wp-block-image\"> <figure class=\"aligncenter size-full\"><img loading=\"lazy\" decoding=\"async\" width=\"720\" height=\"540\" src=\"https:\/\/www.peanuts-machine.com\/wp-content\/uploads\/2022\/08\/peanut-butter-production-line.webp\" alt=\"linha de produ\u00e7\u00e3o de manteiga de amendoim\" class=\"wp-image-49\" title=\"\" srcset=\"https:\/\/www.peanuts-machine.com\/wp-content\/uploads\/2022\/08\/peanut-butter-production-line.webp 720w, https:\/\/www.peanuts-machine.com\/wp-content\/uploads\/2022\/08\/peanut-butter-production-line-300x225.webp 300w\" sizes=\"auto, (max-width: 720px) 100vw, 720px\" \/><figcaption class=\"wp-element-caption\">linha de produ\u00e7\u00e3o de manteiga de amendoim<\/figcaption><\/figure> <\/div>   <h2 class=\"wp-block-heading\" id=\"h-small-peanut-butter-filling-machine-for-sale\">M\u00e1quina de enchimento de manteiga de amendoim personalizada \u00e0 venda<\/h2>    <p>A m\u00e1quina de enchimento de manteiga de amendoim Taizy n\u00e3o \u00e9 apenas f\u00e1cil de operar e compacta, mas tamb\u00e9m possui caracter\u00edsticas pr\u00e1ticas, como design anti-gotejamento, f\u00e1cil de limpar e adapt\u00e1vel a uma variedade de tipos de garrafas. <\/p>    <p class=\"translation-block\">Produzimos equipamento para <a href=\"https:\/\/www.peanuts-machine.com\/pt\/product\/peanut-butter-production-line\/\"><strong><em>linha de produ\u00e7\u00e3o de manteiga de amendoim<\/em><\/strong><\/a> adequado para produ\u00e7\u00e3o em larga escala, bem como <a href=\"https:\/\/www.peanuts-machine.com\/pt\/product\/commercial-peanut-butter-machine\/\"><strong><em>maquinaria de processamento de manteiga de amendoim<\/em><\/strong><\/a> de pequena escala adequada para pequenas e m\u00e9dias empresas ou f\u00e1bricas em in\u00edcio de atividade, com alta rela\u00e7\u00e3o custo-benef\u00edcio e baixo limiar de investimento.<\/p>    <p class=\"translation-block\">Al\u00e9m disso, o equipamento tem uma vasta gama de aplica\u00e7\u00f5es, n\u00e3o s\u00f3 para o enchimento de <a href=\"https:\/\/en.wikipedia.org\/wiki\/Peanut_butter\" target=\"_blank\" rel=\"noopener\">manteiga de amendoim<\/a>, mas tamb\u00e9m para a produ\u00e7\u00e3o de enchimento de materiais l\u00edquidos ou viscosos como ketchup, compota, mel, sumo, creme para a pele, champ\u00f4, e assim por diante. \u00c9 amplamente utilizado em muitas ind\u00fastrias como alimentos, condimentos, produtos qu\u00edmicos di\u00e1rios, produtos farmac\u00eauticos, e assim por diante.<\/p>    <p>Se voc\u00ea deseja expandir a capacidade de produ\u00e7\u00e3o, melhorar a efici\u00eancia ou planeja come\u00e7ar do zero na ind\u00fastria de processamento de manteiga de amendoim, podemos fornecer solu\u00e7\u00f5es completas e um servi\u00e7o p\u00f3s-venda atencioso. Sinta-se \u00e0 vontade para nos contatar para solu\u00e7\u00f5es personalizadas e or\u00e7amentos para tornar sua produ\u00e7\u00e3o de enchimento mais eficiente, profissional e confi\u00e1vel!<\/p>","protected":false},"excerpt":{"rendered":"<p>A m\u00e1quina de enchimento de manteiga de amendoim \u00e9 utilizada para embalagem de materiais l\u00edquidos e pastosos, adequada para manteiga de amendoim, compota, ketchup e muitos outros produtos, com as vantagens de precis\u00e3o de enchimento, anti-gotejamento, entre outras.<\/p>","protected":false},"author":1,"featured_media":111,"parent":0,"template":"","tags":[35],"product-type":[51,46],"class_list":["post-99","product","type-product","status-publish","has-post-thumbnail","hentry","tag-peanut-butter","product-type-peanut-butter-machine","product-type-products"],"_links":{"self":[{"href":"https:\/\/www.peanuts-machine.com\/pt\/wp-json\/wp\/v2\/product\/99","targetHints":{"allow":["GET"]}}],"collection":[{"href":"https:\/\/www.peanuts-machine.com\/pt\/wp-json\/wp\/v2\/product"}],"about":[{"href":"https:\/\/www.peanuts-machine.com\/pt\/wp-json\/wp\/v2\/types\/product"}],"author":[{"embeddable":true,"href":"https:\/\/www.peanuts-machine.com\/pt\/wp-json\/wp\/v2\/users\/1"}],"wp:featuredmedia":[{"embeddable":true,"href":"https:\/\/www.peanuts-machine.com\/pt\/wp-json\/wp\/v2\/media\/111"}],"wp:attachment":[{"href":"https:\/\/www.peanuts-machine.com\/pt\/wp-json\/wp\/v2\/media?parent=99"}],"wp:term":[{"taxonomy":"post_tag","embeddable":true,"href":"https:\/\/www.peanuts-machine.com\/pt\/wp-json\/wp\/v2\/tags?post=99"},{"taxonomy":"product-type","embeddable":true,"href":"https:\/\/www.peanuts-machine.com\/pt\/wp-json\/wp\/v2\/product-type?post=99"}],"curies":[{"name":"wp","href":"https:\/\/api.w.org\/{rel}","templated":true}]}}