{"id":1149,"date":"2026-01-28T16:03:52","date_gmt":"2026-01-28T08:03:52","guid":{"rendered":"https:\/\/www.peanuts-machine.com\/?post_type=product&#038;p=1149"},"modified":"2026-01-30T16:55:51","modified_gmt":"2026-01-30T08:55:51","slug":"rice-bar-production-line","status":"publish","type":"product","link":"https:\/\/www.peanuts-machine.com\/sw\/product\/rice-bar-production-line\/","title":{"rendered":"Mstari wa Uzalishaji wa Baa za Mchele | Mashine ya Baa za Vitafunwa ya Otomatiki"},"content":{"rendered":"<div class=\"kk-star-ratings kksr-auto kksr-align-left kksr-valign-top\"     data-payload='{&quot;align&quot;:&quot;left&quot;,&quot;id&quot;:&quot;1149&quot;,&quot;slug&quot;:&quot;default&quot;,&quot;valign&quot;:&quot;top&quot;,&quot;ignore&quot;:&quot;&quot;,&quot;reference&quot;:&quot;auto&quot;,&quot;class&quot;:&quot;&quot;,&quot;count&quot;:&quot;29&quot;,&quot;legendonly&quot;:&quot;&quot;,&quot;readonly&quot;:&quot;&quot;,&quot;score&quot;:&quot;4.7&quot;,&quot;starsonly&quot;:&quot;&quot;,&quot;best&quot;:&quot;5&quot;,&quot;gap&quot;:&quot;5&quot;,&quot;greet&quot;:&quot;Rate this product&quot;,&quot;legend&quot;:&quot;4.7\\\/5 - (29 votes)&quot;,&quot;size&quot;:&quot;24&quot;,&quot;title&quot;:&quot;Rice Bar Production Line | Automatic Snack Bar Machine&quot;,&quot;width&quot;:&quot;133.8&quot;,&quot;_legend&quot;:&quot;{score}\\\/{best} - ({count} {votes})&quot;,&quot;font_factor&quot;:&quot;1.25&quot;}'>              <div class=\"kksr-stars\">      <div class=\"kksr-stars-inactive\">             <div class=\"kksr-star\" data-star=\"1\" style=\"padding-right: 5px\">               <div class=\"kksr-icon\" style=\"width: 24px; height: 24px;\"><\/div>         <\/div>             <div class=\"kksr-star\" data-star=\"2\" style=\"padding-right: 5px\">               <div class=\"kksr-icon\" style=\"width: 24px; height: 24px;\"><\/div>         <\/div>             <div class=\"kksr-star\" data-star=\"3\" style=\"padding-right: 5px\">               <div class=\"kksr-icon\" style=\"width: 24px; height: 24px;\"><\/div>         <\/div>             <div class=\"kksr-star\" data-star=\"4\" style=\"padding-right: 5px\">               <div class=\"kksr-icon\" style=\"width: 24px; height: 24px;\"><\/div>         <\/div>             <div class=\"kksr-star\" data-star=\"5\" style=\"padding-right: 5px\">               <div class=\"kksr-icon\" style=\"width: 24px; height: 24px;\"><\/div>         <\/div>     <\/div>      <div class=\"kksr-stars-active\" style=\"width: 133.8px;\">             <div class=\"kksr-star\" style=\"padding-right: 5px\">               <div class=\"kksr-icon\" style=\"width: 24px; height: 24px;\"><\/div>         <\/div>             <div class=\"kksr-star\" style=\"padding-right: 5px\">               <div class=\"kksr-icon\" style=\"width: 24px; height: 24px;\"><\/div>         <\/div>             <div class=\"kksr-star\" style=\"padding-right: 5px\">               <div class=\"kksr-icon\" style=\"width: 24px; height: 24px;\"><\/div>         <\/div>             <div class=\"kksr-star\" style=\"padding-right: 5px\">               <div class=\"kksr-icon\" style=\"width: 24px; height: 24px;\"><\/div>         <\/div>             <div class=\"kksr-star\" style=\"padding-right: 5px\">               <div class=\"kksr-icon\" style=\"width: 24px; height: 24px;\"><\/div>         <\/div>     <\/div> <\/div>                   <div class=\"kksr-legend\" style=\"font-size: 19.2px;\">             4.7\/5 - (29 r\u00f6ster)    <\/div>     <\/div>  <p>Den helt automatiska produktionslinjen f\u00f6r puffade riskakor \u00e4r specifikt utformad f\u00f6r kontinuerlig, storskalig produktion av puffade riskakor, kornbollar och olika puffade kornkonfektyrprodukter. Den tillgodoser kontinuerliga produktionskrav p\u00e5 cirka 80\u2013150 kg\/h. <\/p>    <p>This integrated system combines puffing, sugar boiling, mixing, molding, and packaging into one unit. It comprehensively meets food processing enterprises&#8217; requirements for efficiency, quality, and diverse product offerings.<\/p>    <figure class=\"wp-block-embed aligncenter is-type-video is-provider-youtube wp-block-embed-youtube wp-embed-aspect-16-9 wp-has-aspect-ratio\"><div class=\"wp-block-embed__wrapper\"> <iframe loading=\"lazy\" title=\"Puffed Rice Cereal Bar Production Line | Efficient &amp; High-Quality \ud83c\udf7f#riceballs #cerealbar\" width=\"500\" height=\"281\" src=\"https:\/\/www.youtube.com\/embed\/OcXKtBMlMGw?feature=oembed\" frameborder=\"0\" allow=\"accelerometer; autoplay; clipboard-write; encrypted-media; gyroscope; picture-in-picture; web-share\" referrerpolicy=\"strict-origin-when-cross-origin\" allowfullscreen><\/iframe> <\/div><figcaption class=\"wp-element-caption\">Automatisk produktionslinje f\u00f6r riskakor arbetsvideo<\/figcaption><\/figure>    <h2 class=\"wp-block-heading\">Till\u00e4mpningar av produktionslinjen f\u00f6r riskakor<\/h2>    <p>Denna puffade riskaka roterande formningslinje \u00e4r l\u00e4mplig f\u00f6r bearbetning av olika kornbaserade och n\u00f6tbaserade snacks. Typiska produkter inkluderar men \u00e4r inte begr\u00e4nsade till:<\/p>    <ul class=\"wp-block-list\"> <li>Puffade riskakor \/ Puffade riskonfektbollar<\/li>    <li>Kornbollar, Havrebollar, Majsbollar<\/li>    <li>N\u00f6tenergibollar, Proteinbollar<\/li>    <li>Puffat riskonfekt, Multigrain godisprodukter<\/li>    <li>Runda, Cylindrisk, Sf\u00e4risk och Andra Formade Produkter<\/li> <\/ul>    <p>Bred anv\u00e4ndning i snacksfabriker, godisbearbetningsanl\u00e4ggningar, kornlivsmedelsf\u00f6retag och exportinriktade livsmedelsbearbetningsprojekt.<\/p>    <figure class=\"wp-block-gallery has-nested-images columns-default is-cropped wp-block-gallery-2 is-layout-flex wp-block-gallery-is-layout-flex\"> <figure class=\"wp-block-image size-large\"><img loading=\"lazy\" decoding=\"async\" width=\"720\" height=\"540\" data-id=\"1154\" src=\"https:\/\/www.peanuts-machine.com\/wp-content\/uploads\/2026\/01\/rice-snack-bar-production.webp\" alt=\"produktion av riskakor\" class=\"wp-image-1154\" title=\"\" srcset=\"https:\/\/www.peanuts-machine.com\/wp-content\/uploads\/2026\/01\/rice-snack-bar-production.webp 720w, https:\/\/www.peanuts-machine.com\/wp-content\/uploads\/2026\/01\/rice-snack-bar-production-300x225.webp 300w, https:\/\/www.peanuts-machine.com\/wp-content\/uploads\/2026\/01\/rice-snack-bar-production-16x12.webp 16w\" sizes=\"auto, (max-width: 720px) 100vw, 720px\" \/><figcaption class=\"wp-element-caption\">produktion av riskakor<\/figcaption><\/figure>    <figure class=\"wp-block-image size-large\"><img loading=\"lazy\" decoding=\"async\" width=\"720\" height=\"540\" data-id=\"1153\" src=\"https:\/\/www.peanuts-machine.com\/wp-content\/uploads\/2026\/01\/rice-balls.webp\" alt=\"riskakor\" class=\"wp-image-1153\" title=\"\" srcset=\"https:\/\/www.peanuts-machine.com\/wp-content\/uploads\/2026\/01\/rice-balls.webp 720w, https:\/\/www.peanuts-machine.com\/wp-content\/uploads\/2026\/01\/rice-balls-300x225.webp 300w, https:\/\/www.peanuts-machine.com\/wp-content\/uploads\/2026\/01\/rice-balls-16x12.webp 16w\" sizes=\"auto, (max-width: 720px) 100vw, 720px\" \/><figcaption class=\"wp-element-caption\">riskakor<\/figcaption><\/figure>    <figure class=\"wp-block-image size-large\"><img loading=\"lazy\" decoding=\"async\" width=\"720\" height=\"540\" data-id=\"1152\" src=\"https:\/\/www.peanuts-machine.com\/wp-content\/uploads\/2026\/01\/cereal-bar.webp\" alt=\"cereal bar\" class=\"wp-image-1152\" title=\"\" srcset=\"https:\/\/www.peanuts-machine.com\/wp-content\/uploads\/2026\/01\/cereal-bar.webp 720w, https:\/\/www.peanuts-machine.com\/wp-content\/uploads\/2026\/01\/cereal-bar-300x225.webp 300w, https:\/\/www.peanuts-machine.com\/wp-content\/uploads\/2026\/01\/cereal-bar-16x12.webp 16w\" sizes=\"auto, (max-width: 720px) 100vw, 720px\" \/><figcaption class=\"wp-element-caption\">cereal bar<\/figcaption><\/figure> <\/figure>    <h2 class=\"wp-block-heading\">F\u00f6rdelar med riskaka roterande formningslinje<\/h2>    <ul class=\"wp-block-list\"> <li>H\u00f6g automatisering: kontinuerlig drift fr\u00e5n ingredienspuffning till formning och f\u00f6rpackning minskar avsev\u00e4rt arbetskostnader.<\/li>    <li>Konsekvent produktformning: roterande formning s\u00e4kerst\u00e4ller enhetlig storlek och vikt.<\/li>    <li>M\u00e5ngsidig anpassningsf\u00f6rm\u00e5ga: bearbetar olika korn, n\u00f6tter och ingredienskombinationer.<\/li>    <li>Livsmedelsklassad strukturell design: kritisk utrustning konstruerad av rostfritt st\u00e5l, som uppfyller livsmedelshygienstandarder.<\/li>    <li>Stabil produktion och h\u00f6g effektivitet: idealisk f\u00f6r medel- till storskalig konsekvent produktion.<\/li>    <li>Anv\u00e4ndarv\u00e4nlig drift och underh\u00e5ll: tydlig layout, kontrollerbara parametrar och l\u00e5g felaktighetsgrad.<\/li> <\/ul>    <h2 class=\"wp-block-heading\">Processfl\u00f6de f\u00f6r produktion av snacksbars<\/h2>    <p>Hela produktionslinjen f\u00f6r riskakor inkluderar f\u00f6ljande processer:<\/p>    <ul class=\"wp-block-list\"> <li><strong>Kornpuffning<\/strong> \u2192 <strong>Sockerkokning<\/strong> \u2192 <strong>Kuchanganya<\/strong> \u2192 <strong>Roterande formning<\/strong> \u2192 <strong>F\u00f6rpackning<\/strong><\/li> <\/ul>    <figure class=\"wp-block-gallery has-nested-images columns-default is-cropped wp-block-gallery-3 is-layout-flex wp-block-gallery-is-layout-flex\"> <figure class=\"wp-block-image size-large\"><img loading=\"lazy\" decoding=\"async\" width=\"720\" height=\"540\" data-id=\"1155\" src=\"https:\/\/www.peanuts-machine.com\/wp-content\/uploads\/2026\/01\/rice-bar-making-machine.webp\" alt=\"riskaka tillverkningsmaskin\" class=\"wp-image-1155\" title=\"\" srcset=\"https:\/\/www.peanuts-machine.com\/wp-content\/uploads\/2026\/01\/rice-bar-making-machine.webp 720w, https:\/\/www.peanuts-machine.com\/wp-content\/uploads\/2026\/01\/rice-bar-making-machine-300x225.webp 300w, https:\/\/www.peanuts-machine.com\/wp-content\/uploads\/2026\/01\/rice-bar-making-machine-16x12.webp 16w\" sizes=\"auto, (max-width: 720px) 100vw, 720px\" \/><figcaption class=\"wp-element-caption\">riskaka tillverkningsmaskin<\/figcaption><\/figure>    <figure class=\"wp-block-image size-large\"><img loading=\"lazy\" decoding=\"async\" width=\"720\" height=\"540\" data-id=\"1156\" src=\"https:\/\/www.peanuts-machine.com\/wp-content\/uploads\/2026\/01\/rice-bar-production-line.webp\" alt=\"produktionslinje f\u00f6r riskakor\" class=\"wp-image-1156\" title=\"\" srcset=\"https:\/\/www.peanuts-machine.com\/wp-content\/uploads\/2026\/01\/rice-bar-production-line.webp 720w, https:\/\/www.peanuts-machine.com\/wp-content\/uploads\/2026\/01\/rice-bar-production-line-300x225.webp 300w, https:\/\/www.peanuts-machine.com\/wp-content\/uploads\/2026\/01\/rice-bar-production-line-16x12.webp 16w\" sizes=\"auto, (max-width: 720px) 100vw, 720px\" \/><figcaption class=\"wp-element-caption\">produktionslinje f\u00f6r riskakor<\/figcaption><\/figure> <\/figure>    <p>Nedan f\u00f6ljer en detaljerad introduktion till varje k\u00e4rnmaskin i produktionslinjen:<\/p>    <h3 class=\"wp-block-heading\">SLP-60 luftfl\u00f6despuffningsmaskin<\/h3>    <p>Anv\u00e4nds f\u00f6r snabb puffning av korn som ris, majs, vete, havre, sojab\u00f6nor och hirs. Bevarar ursprunglig smak och n\u00e4rings\u00e4mnen samtidigt som den s\u00e4kerst\u00e4ller enhetlig puffning.<\/p>    <figure class=\"wp-block-table is-style-stripes\"><table class=\"has-fixed-layout\"><tbody><tr><td><strong>Kitu<\/strong><\/td><td><strong>Maelezo ya Kiufundi<\/strong><\/td><\/tr><tr><td>Voltage<\/td><td>380V \/ 50Hz<\/td><\/tr><tr><td>Nguvu<\/td><td>0.75 kW<\/td><\/tr><tr><td>Uwezo<\/td><td>90\u2013100 kg\/h<\/td><\/tr><tr><td>Uzito<\/td><td>500 kg<\/td><\/tr><tr><td>Ukubwa<\/td><td>1600 \u00d7 820 \u00d7 1370 mm<\/td><\/tr><\/tbody><\/table><figcaption class=\"wp-element-caption\">Tekniska parametrar f\u00f6r luftfl\u00f6despuffningsmaskin<\/figcaption><\/figure>    <h3 class=\"wp-block-heading\">TZ-200 jackad gryta maskin<\/h3>    <p>Uppv\u00e4rmning, kokning och temperaturkontroll f\u00f6r sirap, honung eller sockerl\u00f6sningar. S\u00e4kerst\u00e4ller j\u00e4mn uppv\u00e4rmning med justerbara temperaturinst\u00e4llningar, l\u00e4mplig f\u00f6r kontinuerlig produktion.<\/p>    <figure class=\"wp-block-table is-style-stripes\"><table class=\"has-fixed-layout\"><tbody><tr><td><strong>Kitu<\/strong><\/td><td><strong>Maelezo ya Kiufundi<\/strong><\/td><\/tr><tr><td>Voltage<\/td><td>380V \/ 50Hz<\/td><\/tr><tr><td>Nguvu<\/td><td>15 kW<\/td><\/tr><tr><td>Kipenyo<\/td><td>\u00d8840 mm<\/td><\/tr><tr><td>Uzito<\/td><td>480 kg<\/td><\/tr><tr><td>Ukubwa<\/td><td>1470 \u00d7 905 \u00d7 990 mm<\/td><\/tr><\/tbody><\/table><figcaption class=\"wp-element-caption\">Teknisk data f\u00f6r jackad gryta maskin<\/figcaption><\/figure>    <figure class=\"wp-block-gallery has-nested-images columns-default is-cropped wp-block-gallery-4 is-layout-flex wp-block-gallery-is-layout-flex\"> <figure class=\"wp-block-image size-large\"><img loading=\"lazy\" decoding=\"async\" width=\"720\" height=\"540\" data-id=\"1157\" src=\"https:\/\/www.peanuts-machine.com\/wp-content\/uploads\/2026\/01\/puffing-machine.webp\" alt=\"puffningsmaskin\" class=\"wp-image-1157\" title=\"\" srcset=\"https:\/\/www.peanuts-machine.com\/wp-content\/uploads\/2026\/01\/puffing-machine.webp 720w, https:\/\/www.peanuts-machine.com\/wp-content\/uploads\/2026\/01\/puffing-machine-300x225.webp 300w, https:\/\/www.peanuts-machine.com\/wp-content\/uploads\/2026\/01\/puffing-machine-16x12.webp 16w\" sizes=\"auto, (max-width: 720px) 100vw, 720px\" \/><figcaption class=\"wp-element-caption\">puffningsmaskin<\/figcaption><\/figure>    <figure class=\"wp-block-image size-large\"><img loading=\"lazy\" decoding=\"async\" width=\"720\" height=\"540\" data-id=\"1158\" src=\"https:\/\/www.peanuts-machine.com\/wp-content\/uploads\/2026\/01\/sugar-boiling-pot.webp\" alt=\"sockerkokande gryta\" class=\"wp-image-1158\" title=\"\" srcset=\"https:\/\/www.peanuts-machine.com\/wp-content\/uploads\/2026\/01\/sugar-boiling-pot.webp 720w, https:\/\/www.peanuts-machine.com\/wp-content\/uploads\/2026\/01\/sugar-boiling-pot-300x225.webp 300w, https:\/\/www.peanuts-machine.com\/wp-content\/uploads\/2026\/01\/sugar-boiling-pot-16x12.webp 16w\" sizes=\"auto, (max-width: 720px) 100vw, 720px\" \/><figcaption class=\"wp-element-caption\">sockerkokande gryta<\/figcaption><\/figure>    <figure class=\"wp-block-image size-large\"><img loading=\"lazy\" decoding=\"async\" width=\"720\" height=\"540\" data-id=\"1159\" src=\"https:\/\/www.peanuts-machine.com\/wp-content\/uploads\/2026\/01\/mixer.webp\" alt=\"kichanganyaji\" class=\"wp-image-1159\" title=\"\" srcset=\"https:\/\/www.peanuts-machine.com\/wp-content\/uploads\/2026\/01\/mixer.webp 720w, https:\/\/www.peanuts-machine.com\/wp-content\/uploads\/2026\/01\/mixer-300x225.webp 300w, https:\/\/www.peanuts-machine.com\/wp-content\/uploads\/2026\/01\/mixer-16x12.webp 16w\" sizes=\"auto, (max-width: 720px) 100vw, 720px\" \/><figcaption class=\"wp-element-caption\">kichanganyaji<\/figcaption><\/figure> <\/figure>    <h3 class=\"wp-block-heading\">TZ-15 blandningsmaskin<\/h3>    <p>Blanda noggrant den f\u00f6rberedda sirapen med puffade korn, n\u00f6tter och andra ingredienser. Utrustad med ett temperaturkontrollsystem och isolerad struktur f\u00f6r att s\u00e4kerst\u00e4lla j\u00e4mn blandning och f\u00f6rhindra klumpning.<\/p>    <figure class=\"wp-block-table is-style-stripes\"><table class=\"has-fixed-layout\"><tbody><tr><td><strong>Kitu<\/strong><\/td><td><strong>Maelezo ya Kiufundi<\/strong><\/td><\/tr><tr><td>Voltage<\/td><td>380V \/ 50Hz<\/td><\/tr><tr><td>Nguvu<\/td><td>1.1 kW<\/td><\/tr><tr><td>Uwezo<\/td><td>10 kg \/ batch<\/td><\/tr><tr><td>Ukubwa<\/td><td>700 \u00d7 800 \u00d7 1200 mm<\/td><\/tr><\/tbody><\/table><figcaption class=\"wp-element-caption\">Tekniska parametrar f\u00f6r mixer f\u00f6r produktionslinje f\u00f6r riskakor<\/figcaption><\/figure>    <h3 class=\"wp-block-heading\">HY-MZ100 snurrplattformsformningsmaskin<\/h3>    <p>K\u00e4rnformningsutrustning uppn\u00e5r automatiserad formning av sf\u00e4riska, cirkul\u00e4ra, cylindriska och andra produkter genom snurrplattor. Den levererar estetiskt tilltalande resultat med h\u00f6g effektivitet.<\/p>    <figure class=\"wp-block-table is-style-stripes\"><table class=\"has-fixed-layout\"><tbody><tr><td><strong>Kitu<\/strong><\/td><td><strong>Maelezo ya Kiufundi<\/strong><\/td><\/tr><tr><td>Voltage<\/td><td>380V \/ 50Hz<\/td><\/tr><tr><td>Nguvu<\/td><td>2.2 kW<\/td><\/tr><tr><td>Uwezo<\/td><td>80\u2013150 kg\/h<\/td><\/tr><tr><td>Ukubwa<\/td><td>1160 \u00d7 1160 \u00d7 1380 mm<\/td><\/tr><\/tbody><\/table><figcaption class=\"wp-element-caption\">Tekniska parametrar f\u00f6r formningsmaskin f\u00f6r riskakor<\/figcaption><\/figure>    <figure class=\"wp-block-gallery has-nested-images columns-default is-cropped wp-block-gallery-5 is-layout-flex wp-block-gallery-is-layout-flex\"> <figure class=\"wp-block-image size-large\"><img loading=\"lazy\" decoding=\"async\" width=\"720\" height=\"540\" data-id=\"1161\" src=\"https:\/\/www.peanuts-machine.com\/wp-content\/uploads\/2026\/01\/machine-internal-view.webp\" alt=\"maskinens interna vy\" class=\"wp-image-1161\" title=\"\" srcset=\"https:\/\/www.peanuts-machine.com\/wp-content\/uploads\/2026\/01\/machine-internal-view.webp 720w, https:\/\/www.peanuts-machine.com\/wp-content\/uploads\/2026\/01\/machine-internal-view-300x225.webp 300w, https:\/\/www.peanuts-machine.com\/wp-content\/uploads\/2026\/01\/machine-internal-view-16x12.webp 16w\" sizes=\"auto, (max-width: 720px) 100vw, 720px\" \/><figcaption class=\"wp-element-caption\">maskinens interna vy<\/figcaption><\/figure>    <figure class=\"wp-block-image size-large\"><img loading=\"lazy\" decoding=\"async\" width=\"720\" height=\"540\" data-id=\"1160\" src=\"https:\/\/www.peanuts-machine.com\/wp-content\/uploads\/2026\/01\/cereal-bar-machine-mold.webp\" alt=\"cerealbar maskinform\" class=\"wp-image-1160\" title=\"\" srcset=\"https:\/\/www.peanuts-machine.com\/wp-content\/uploads\/2026\/01\/cereal-bar-machine-mold.webp 720w, https:\/\/www.peanuts-machine.com\/wp-content\/uploads\/2026\/01\/cereal-bar-machine-mold-300x225.webp 300w, https:\/\/www.peanuts-machine.com\/wp-content\/uploads\/2026\/01\/cereal-bar-machine-mold-16x12.webp 16w\" sizes=\"auto, (max-width: 720px) 100vw, 720px\" \/><figcaption class=\"wp-element-caption\">cerealbar maskinform<\/figcaption><\/figure>    <figure class=\"wp-block-image size-large\"><img loading=\"lazy\" decoding=\"async\" width=\"720\" height=\"540\" data-id=\"1162\" src=\"https:\/\/www.peanuts-machine.com\/wp-content\/uploads\/2026\/01\/rice-ball-forming-machine.webp\" alt=\"riskaka formningsmaskin\" class=\"wp-image-1162\" title=\"\" srcset=\"https:\/\/www.peanuts-machine.com\/wp-content\/uploads\/2026\/01\/rice-ball-forming-machine.webp 720w, https:\/\/www.peanuts-machine.com\/wp-content\/uploads\/2026\/01\/rice-ball-forming-machine-300x225.webp 300w, https:\/\/www.peanuts-machine.com\/wp-content\/uploads\/2026\/01\/rice-ball-forming-machine-16x12.webp 16w\" sizes=\"auto, (max-width: 720px) 100vw, 720px\" \/><figcaption class=\"wp-element-caption\">riskaka formningsmaskin<\/figcaption><\/figure> <\/figure>    <h3 class=\"wp-block-heading\">TZ-320 f\u00f6rpackningsmaskin<\/h3>    <p>L\u00e4mplig f\u00f6r h\u00f6g hastighet f\u00f6rpackning av olika regelbundna formade livsmedel s\u00e5som puffade riskakor, puffat riskonfekt, sacha-kex och energibars. Har attraktiva f\u00f6rseglingar och stark anpassningsf\u00f6rm\u00e5ga.<\/p>    <figure class=\"wp-block-table is-style-stripes\"><table class=\"has-fixed-layout\"><tbody><tr><td><strong>Kitu<\/strong><\/td><td><strong>Maelezo ya Kiufundi<\/strong><\/td><\/tr><tr><td>Voltage<\/td><td>220V<\/td><\/tr><tr><td>Nguvu<\/td><td>2.5 kW<\/td><\/tr><tr><td>Kasi ya Ufungaji<\/td><td>50\u2013300 st\/min<\/td><\/tr><tr><td>F\u00f6rpackningsstorlek<\/td><td>L: 50\u2013300 mm \/ B: 50\u2013310 mm \/ H: 5\u201360 mm<\/td><\/tr><tr><td>Ukubwa wa Mashine<\/td><td>3800 \u00d7 780 \u00d7 1500 mm<\/td><\/tr><\/tbody><\/table><figcaption class=\"wp-element-caption\">Teknisk data f\u00f6r f\u00f6rpackningsmaskin f\u00f6r cerealbar<\/figcaption><\/figure>    <h2 class=\"wp-block-heading\">Hitimisho<\/h2>    <p>Produktionslinjen f\u00f6r puffade riskakor har blivit en idealisk l\u00f6sning f\u00f6r bearbetning av kornbollar och puffade konfektyrprodukter, tack vare sina flexibla och m\u00e5ngsidiga formningsmetoder. Denna produktionslinje \u00e4r l\u00e4mplig f\u00f6r b\u00e5de storskalig, standardiserad produktion och kan flexibelt konfigureras f\u00f6r att m\u00f6ta olika produkt- och kapacitetskrav.<\/p>    <p class=\"translation-block\">Dessutom erbjuder vi ett sortiment av bearbetningsutrustning f\u00f6r jordn\u00f6tter och n\u00f6tter, s\u00e5som <strong><em><a href=\"https:\/\/www.peanuts-machine.com\/sw\/product\/peanut-cereal-bar-production-line\/\">jordn\u00f6tsgodisbearbetningslinjer<\/a><\/em><\/strong>, f\u00f6r att m\u00f6ta olika produktformer och marknadspositioneringskrav. Tveka inte att kontakta oss n\u00e4r som helst f\u00f6r utrustningsval och l\u00f6sningskonfiguration. Vi tillhandah\u00e5ller professionella, effektiva en-stopptj\u00e4nster.<\/p>","protected":false},"excerpt":{"rendered":"<p>Mstari wa uzalishaji wa baa za mchele unajumuisha michakato ikiwa ni pamoja na puffing, kuchemsha sukari, kuchanganya, kuunda, na kufunga. Inazalisha kwa ufanisi mipira ya mchele wa puffed, mipira ya nafaka, na bidhaa mbalimbali za tamu za msingi wa karanga.<\/p>","protected":false},"author":1,"featured_media":1163,"parent":0,"template":"","tags":[45,59],"product-type":[3],"class_list":["post-1149","product","type-product","status-publish","has-post-thumbnail","hentry","tag-cereal-bar","tag-rice-bar","product-type-peanut-processing-lines"],"_links":{"self":[{"href":"https:\/\/www.peanuts-machine.com\/sw\/wp-json\/wp\/v2\/product\/1149","targetHints":{"allow":["GET"]}}],"collection":[{"href":"https:\/\/www.peanuts-machine.com\/sw\/wp-json\/wp\/v2\/product"}],"about":[{"href":"https:\/\/www.peanuts-machine.com\/sw\/wp-json\/wp\/v2\/types\/product"}],"author":[{"embeddable":true,"href":"https:\/\/www.peanuts-machine.com\/sw\/wp-json\/wp\/v2\/users\/1"}],"wp:featuredmedia":[{"embeddable":true,"href":"https:\/\/www.peanuts-machine.com\/sw\/wp-json\/wp\/v2\/media\/1163"}],"wp:attachment":[{"href":"https:\/\/www.peanuts-machine.com\/sw\/wp-json\/wp\/v2\/media?parent=1149"}],"wp:term":[{"taxonomy":"post_tag","embeddable":true,"href":"https:\/\/www.peanuts-machine.com\/sw\/wp-json\/wp\/v2\/tags?post=1149"},{"taxonomy":"product-type","embeddable":true,"href":"https:\/\/www.peanuts-machine.com\/sw\/wp-json\/wp\/v2\/product-type?post=1149"}],"curies":[{"name":"wp","href":"https:\/\/api.w.org\/{rel}","templated":true}]}}