{"id":124,"date":"2022-08-10T03:19:23","date_gmt":"2022-08-10T03:19:23","guid":{"rendered":"https:\/\/www.peanuts-machine.com\/?post_type=product&#038;p=124"},"modified":"2026-01-14T15:57:42","modified_gmt":"2026-01-14T07:57:42","slug":"coated-peanut-making-machine","status":"publish","type":"product","link":"https:\/\/www.peanuts-machine.com\/sw\/product\/coated-peanut-making-machine\/","title":{"rendered":"Mashine ya Kutengeneza Karanga | Mashine ya Kupaka Karanga"},"content":{"rendered":"<div class=\"kk-star-ratings kksr-auto kksr-align-left kksr-valign-top\"     data-payload='{&quot;align&quot;:&quot;left&quot;,&quot;id&quot;:&quot;124&quot;,&quot;slug&quot;:&quot;default&quot;,&quot;valign&quot;:&quot;top&quot;,&quot;ignore&quot;:&quot;&quot;,&quot;reference&quot;:&quot;auto&quot;,&quot;class&quot;:&quot;&quot;,&quot;count&quot;:&quot;9&quot;,&quot;legendonly&quot;:&quot;&quot;,&quot;readonly&quot;:&quot;&quot;,&quot;score&quot;:&quot;4.8&quot;,&quot;starsonly&quot;:&quot;&quot;,&quot;best&quot;:&quot;5&quot;,&quot;gap&quot;:&quot;5&quot;,&quot;greet&quot;:&quot;Rate this product&quot;,&quot;legend&quot;:&quot;4.8\\\/5 - (9 votes)&quot;,&quot;size&quot;:&quot;24&quot;,&quot;title&quot;:&quot;Coated Peanut Making Machine | Peanut Coating Machine&quot;,&quot;width&quot;:&quot;136.7&quot;,&quot;_legend&quot;:&quot;{score}\\\/{best} - ({count} {votes})&quot;,&quot;font_factor&quot;:&quot;1.25&quot;}'>              <div class=\"kksr-stars\">      <div class=\"kksr-stars-inactive\">             <div class=\"kksr-star\" data-star=\"1\" style=\"padding-right: 5px\">               <div class=\"kksr-icon\" style=\"width: 24px; height: 24px;\"><\/div>         <\/div>             <div class=\"kksr-star\" data-star=\"2\" style=\"padding-right: 5px\">               <div class=\"kksr-icon\" style=\"width: 24px; height: 24px;\"><\/div>         <\/div>             <div class=\"kksr-star\" data-star=\"3\" style=\"padding-right: 5px\">               <div class=\"kksr-icon\" style=\"width: 24px; height: 24px;\"><\/div>         <\/div>             <div class=\"kksr-star\" data-star=\"4\" style=\"padding-right: 5px\">               <div class=\"kksr-icon\" style=\"width: 24px; height: 24px;\"><\/div>         <\/div>             <div class=\"kksr-star\" data-star=\"5\" style=\"padding-right: 5px\">               <div class=\"kksr-icon\" style=\"width: 24px; height: 24px;\"><\/div>         <\/div>     <\/div>      <div class=\"kksr-stars-active\" style=\"width: 136.7px;\">             <div class=\"kksr-star\" style=\"padding-right: 5px\">               <div class=\"kksr-icon\" style=\"width: 24px; height: 24px;\"><\/div>         <\/div>             <div class=\"kksr-star\" style=\"padding-right: 5px\">               <div class=\"kksr-icon\" style=\"width: 24px; height: 24px;\"><\/div>         <\/div>             <div class=\"kksr-star\" style=\"padding-right: 5px\">               <div class=\"kksr-icon\" style=\"width: 24px; height: 24px;\"><\/div>         <\/div>             <div class=\"kksr-star\" style=\"padding-right: 5px\">               <div class=\"kksr-icon\" style=\"width: 24px; height: 24px;\"><\/div>         <\/div>             <div class=\"kksr-star\" style=\"padding-right: 5px\">               <div class=\"kksr-icon\" style=\"width: 24px; height: 24px;\"><\/div>         <\/div>     <\/div> <\/div>                   <div class=\"kksr-legend\" style=\"font-size: 19.2px;\">             4.8\/5 - (9 kura)    <\/div>     <\/div>  <p>Idealisk f\u00f6r livsmedel, l\u00e4kemedel, kemikalier och andra industrier, denna maskin f\u00f6r att g\u00f6ra jordn\u00f6tter i rostfritt st\u00e5l \u00e4r tillverkad av en livsmedelsklassad kammare i rostfritt st\u00e5l + Teflon nano-bel\u00e4ggning, vilket m\u00f6jligg\u00f6r effektiv termisk prestanda och en l\u00e4ttst\u00e4dad design. <\/p>    <p>Det kan inte bara massproducera fem kryddor, choklad, kakao, vanilj och andra smaker av belagda n\u00f6tter, utan ocks\u00e5 anpassa sig till olika former av bel\u00e4ggningsbehov s\u00e5som piller och b\u00f6nor. <\/p>    <p>Maskinen st\u00f6der olika anpassade funktioner som stegl\u00f6s hastighetskontroll, v\u00e4tskesprutning, varm luftcirkulation och dammborttagning, etc., vilket verkligen realiserar den integrerade driften fr\u00e5n inpackning till torkning och \u00f6kar godk\u00e4nnandefrekvensen f\u00f6r inpackning till 99%.<\/p>    <figure class=\"wp-block-embed aligncenter is-type-video is-provider-youtube wp-block-embed-youtube wp-embed-aspect-16-9 wp-has-aspect-ratio\"><div class=\"wp-block-embed__wrapper\"> <iframe loading=\"lazy\" title=\"High-Efficiency Peanut &amp; Nut Coating Machine | Smooth and Even Coating#nutmachine #peanut\" width=\"500\" height=\"281\" src=\"https:\/\/www.youtube.com\/embed\/SLyS-0WMuGM?feature=oembed\" frameborder=\"0\" allow=\"accelerometer; autoplay; clipboard-write; encrypted-media; gyroscope; picture-in-picture; web-share\" referrerpolicy=\"strict-origin-when-cross-origin\" allowfullscreen><\/iframe> <\/div><figcaption class=\"wp-element-caption\">Video ya kufanya kazi ya mashine ya karanga iliyofunikwa<\/figcaption><\/figure>    <h2 class=\"wp-block-heading\">Je, ni mipako gani kwenye karanga?<\/h2>    <p>Wakati wa kufunika karanga (au maharagwe mengine na vidonge), mapishi ya kawaida ya kufunika yanatengenezwa kwa viambato vya asili kama maziwa ya nazi, sukari, unga wa sesame mweupe, unga wa mchele wa gundi, na unga, ambayo sio tu huunda filamu sawa yenye kushikilia vizuri, bali pia ina viambato salama na vinavyoweza kuliwa.<\/p>   <div class=\"wp-block-image\"> <figure class=\"aligncenter size-full\"><img loading=\"lazy\" decoding=\"async\" width=\"720\" height=\"540\" src=\"https:\/\/www.peanuts-machine.com\/wp-content\/uploads\/2022\/08\/final-products.webp\" alt=\"bidhaa za kumaliza\" class=\"wp-image-127\" title=\"\" srcset=\"https:\/\/www.peanuts-machine.com\/wp-content\/uploads\/2022\/08\/final-products.webp 720w, https:\/\/www.peanuts-machine.com\/wp-content\/uploads\/2022\/08\/final-products-300x225.webp 300w\" sizes=\"auto, (max-width: 720px) 100vw, 720px\" \/><figcaption class=\"wp-element-caption\">bidhaa za kumaliza<\/figcaption><\/figure> <\/div>   <h2 class=\"wp-block-heading\">Vipengele vya mashine ya kutengeneza karanga iliyofunikwa<\/h2>    <ul class=\"wp-block-list\"> <li>Uendeshaji laini, kelele ya chini, uendeshaji rahisi na ufanisi wa juu.<\/li>    <li>Mashine nzima imetengenezwa kwa chuma cha pua, ambayo ni ya usafi, nzuri na ya kudumu.<\/li>    <li>Inaweza kuwa na kifaa cha kulisha kiotomatiki, kifaa cha kuondoa vumbi na mfumo wa kupiga hewa baridi.<\/li>    <li>Sura ya sufuria ya mipako inaweza kubinafsishwa kulingana na mahitaji, na pia inaweza kufanywa kwa aina iliyofungwa kikamilifu.<\/li>    <li>Mbalimbali ya maombi. Inafaa kwa mipako ya karanga, korosho, maharagwe ya Kijapani, hawthorn ya soya, maharagwe mapana na vifaa vingine.<\/li> <\/ul>   <div class=\"wp-block-image\"> <figure class=\"aligncenter size-full\"><img loading=\"lazy\" decoding=\"async\" width=\"720\" height=\"540\" src=\"https:\/\/www.peanuts-machine.com\/wp-content\/uploads\/2022\/08\/coated-peanut-making-machine-for-sale.webp\" alt=\"mashine ya kutengeneza karanga iliyofunikwa inauzwa\" class=\"wp-image-126\" title=\"\" srcset=\"https:\/\/www.peanuts-machine.com\/wp-content\/uploads\/2022\/08\/coated-peanut-making-machine-for-sale.webp 720w, https:\/\/www.peanuts-machine.com\/wp-content\/uploads\/2022\/08\/coated-peanut-making-machine-for-sale-300x225.webp 300w\" sizes=\"auto, (max-width: 720px) 100vw, 720px\" \/><figcaption class=\"wp-element-caption\">mashine ya kutengeneza karanga iliyofunikwa inauzwa<\/figcaption><\/figure> <\/div>   <h2 class=\"wp-block-heading\" id=\"h-what-is-the-peanut-coating-process\">Muundo kuu wa mashine ya mipako ya karanga<\/h2>    <p>Mashine ya kutengeneza hamburgers za karanga ina vipengele kadhaa: fremu, gearbox, kifaa cha kupasha joto, sufuria ya kufunika sukari, bunduki ya kunyunyizia, mfumo wa kunyunyizia, na console ya PLC.<\/p>    <ul class=\"wp-block-list\"> <li>Mashine ya kutengeneza njugu iliyopakwa kiotomatiki inaendeshwa na mfumo wa udhibiti ambao hurahisisha kugeuza na kusongesha kwa nyenzo. <\/li>    <li>Bunduki ya dawa hutumia mipako kulingana na vigezo maalum. <\/li>    <li>Wakati huo huo, baraza la mawaziri la hewa ya moto hutoa hewa ya joto ili kukausha mipako kwenye nyenzo, na kusababisha kumaliza laini kwenye bidhaa ya mwisho.<\/li> <\/ul>   <div class=\"wp-block-image\"> <figure class=\"aligncenter size-full\"><img loading=\"lazy\" decoding=\"async\" width=\"720\" height=\"944\" src=\"https:\/\/www.peanuts-machine.com\/wp-content\/uploads\/2022\/08\/nut-coating-machine-structure.webp\" alt=\"muundo wa mashine ya mipako ya nati\" class=\"wp-image-129\" title=\"\" srcset=\"https:\/\/www.peanuts-machine.com\/wp-content\/uploads\/2022\/08\/nut-coating-machine-structure.webp 720w, https:\/\/www.peanuts-machine.com\/wp-content\/uploads\/2022\/08\/nut-coating-machine-structure-229x300.webp 229w\" sizes=\"auto, (max-width: 720px) 100vw, 720px\" \/><figcaption class=\"wp-element-caption\">muundo wa mashine ya mipako ya nati<\/figcaption><\/figure> <\/div>   <h2 class=\"wp-block-heading\" id=\"h-features-of-coated-peanut-making-machine\">Mtiririko wa kazi wa mashine ya kutengeneza vitafunio vya karanga<\/h2>   <div id=\"rank-math-howto\" class=\"rank-math-block\" > <div class=\"rank-math-howto-description\">  <\/div>  <div class=\"rank-math-steps\"> <div id=\"howto-step-1736326338787\" class=\"rank-math-step\"> <h3 class=\"rank-math-step-title\">Kuandaa karanga<\/h3> <div class=\"rank-math-step-content\"><p>Hakikisha karanga zimesafishwa vizuri, zimekauka kabisa, na hazina vitu vya kigeni au uchafu. Kulingana na aina ya mipako unayochagua na uwezo wa mashine yako ya kutengeneza karanga iliyopakwa, unaweza kuhitaji kuganda karanga mapema.<\/p> <\/div> <\/div> <div id=\"howto-step-1736326357379\" class=\"rank-math-step\"> <h3 class=\"rank-math-step-title\">Mipangilio ya koti la karanga vizuri<\/h3> <div class=\"rank-math-step-content\"><p>Ili kufikia matokeo unayotaka ya kupaka, unaweza kurekebisha vigezo kama vile halijoto, kasi ya mzunguko na sauti ya kupaka ili kutosheleza mahitaji yako mahususi. Kurekebisha mipangilio hii ni muhimu kwa uthabiti na kwa kuzalisha karanga zilizopakwa ubora wa juu.<\/p> <\/div> <\/div> <div id=\"howto-step-1736326368771\" class=\"rank-math-step\"> <h3 class=\"rank-math-step-title\">Kupakia karanga kwenye koti la karanga<\/h3> <div class=\"rank-math-step-content\"><p>Fungua hopper au chute ya kupakia ya mashine ya kutengeneza karanga zilizofunikwa na kumwaga karanga zilizopangwa. Kuwa makini usijaze kupita kiasi, kwani hii inaweza kusababisha kuziba au usambazaji usio sawa wa kifuniko. Mizani bora inahakikisha mchanganyiko wa ladha na muundo wa kupendeza.<\/p> <\/div> <\/div> <div id=\"howto-step-1736326379307\" class=\"rank-math-step\"> <h3 class=\"rank-math-step-title\">Kuanza mchakato wa mipako<\/h3> <div class=\"rank-math-step-content\"><p>Muda wa muda na kasi ya kuzunguka inaweza kutofautiana kulingana na unene wa mipako unayotaka. Ndani ya drum inayozunguka, mfumo wa mipako utaweka mipako iliyochaguliwa, ukibadilisha karanga kuwa kitafunwa kitamu.<\/p> <\/div> <\/div> <\/div> <\/div>       <figure class=\"wp-block-embed aligncenter is-type-video is-provider-youtube wp-block-embed-youtube wp-embed-aspect-16-9 wp-has-aspect-ratio\"><div class=\"wp-block-embed__wrapper\"> <iframe loading=\"lazy\" title=\"Jordn\u00f6tsbel\u00e4ggningsmaskin f\u00f6r n\u00f6tter och snacksbearbetning | H\u00f6g effektivitet och precision #jordn\u00f6t\" width=\"422\" height=\"750\" src=\"https:\/\/www.youtube.com\/embed\/p6jiNRUXJOs?feature=oembed\" frameborder=\"0\" allow=\"accelerometer; autoplay; clipboard-write; encrypted-media; gyroscope; picture-in-picture; web-share\" referrerpolicy=\"strict-origin-when-cross-origin\" allowfullscreen><\/iframe> <\/div><figcaption class=\"wp-element-caption\">video ya mashine ya kufunika karanga<\/figcaption><\/figure>   <div class=\"wp-block-image\"> <figure class=\"aligncenter size-full\"><img loading=\"lazy\" decoding=\"async\" width=\"720\" height=\"540\" src=\"https:\/\/www.peanuts-machine.com\/wp-content\/uploads\/2022\/08\/peanut-snack-production-machine.webp\" alt=\"mashine ya kuzalisha vitafunio vya karanga\" class=\"wp-image-651\" title=\"\" srcset=\"https:\/\/www.peanuts-machine.com\/wp-content\/uploads\/2022\/08\/peanut-snack-production-machine.webp 720w, https:\/\/www.peanuts-machine.com\/wp-content\/uploads\/2022\/08\/peanut-snack-production-machine-300x225.webp 300w, https:\/\/www.peanuts-machine.com\/wp-content\/uploads\/2022\/08\/peanut-snack-production-machine-16x12.webp 16w\" sizes=\"auto, (max-width: 720px) 100vw, 720px\" \/><figcaption class=\"wp-element-caption\">mashine ya kuzalisha vitafunio vya karanga<\/figcaption><\/figure> <\/div>   <h2 class=\"wp-block-heading\" id=\"h-coated-peanut-making-machine-parameters\">Vigezo vya mashine ya mipako ya unga wa karanga<\/h2>    <figure class=\"wp-block-table is-style-stripes\"><table><tbody><tr><td>Mfano<\/td><td>TZ-400<\/td><td>TZ-600<\/td><td>TZ-800<\/td><td>TZ-1000<\/td><\/tr><tr><td>Uwezo<\/td><td>30kg\/saa<\/td><td>60kg\/saa<\/td><td>100kg \/ h<\/td><td>150kg\/saa<\/td><\/tr><tr><td>Nguvu<\/td><td>0.75kw<\/td><td>0.75kw<\/td><td>1.1kw<\/td><td>1.1kw<\/td><\/tr><tr><td>Kipenyo<\/td><td>400 mm<\/td><td>600 mm<\/td><td>800 mm<\/td><td>1000 mm<\/td><\/tr><tr><td>Ukubwa<\/td><td>550*400*800mm<\/td><td>800*600*900mm<\/td><td>1000*800*1430mm<\/td><td>1100*1000*1560mm<\/td><\/tr><tr><td>Uzito<\/td><td>38kg<\/td><td>85kg<\/td><td>205kg<\/td><td>220kg<\/td><\/tr><\/tbody><\/table><figcaption class=\"wp-element-caption\">data ya kiufundi ya vifaa vya mipako ya karanga<\/figcaption><\/figure>   <div class=\"wp-block-image\"> <figure class=\"aligncenter size-full\"><img loading=\"lazy\" decoding=\"async\" width=\"720\" height=\"540\" src=\"https:\/\/www.peanuts-machine.com\/wp-content\/uploads\/2022\/08\/peanut-candy-coating-machine.webp\" alt=\"mashine ya mipako ya pipi ya karanga\" class=\"wp-image-652\" title=\"\" srcset=\"https:\/\/www.peanuts-machine.com\/wp-content\/uploads\/2022\/08\/peanut-candy-coating-machine.webp 720w, https:\/\/www.peanuts-machine.com\/wp-content\/uploads\/2022\/08\/peanut-candy-coating-machine-300x225.webp 300w, https:\/\/www.peanuts-machine.com\/wp-content\/uploads\/2022\/08\/peanut-candy-coating-machine-16x12.webp 16w\" sizes=\"auto, (max-width: 720px) 100vw, 720px\" \/><figcaption class=\"wp-element-caption\">mashine ya mipako ya pipi ya karanga<\/figcaption><\/figure> <\/div>   <h2 class=\"wp-block-heading\">Kwa nini kutengeneza karanga zilizofunikwa?<\/h2>    <ul class=\"wp-block-list\"> <li>Sockerbel\u00e4ggning, kryddor och sesamfr\u00f6pulver g\u00f6r jordn\u00f6tter mer krispiga och l\u00e4ckra.<\/li>    <li>Ingredienser som socker, klibbig rismj\u00f6l och kokosmj\u00f6lk i bel\u00e4ggningen hj\u00e4lper till att \u00e5terst\u00e4lla energi och \u00f6ka m\u00e4ttnad.<\/li>    <li>M\u00e5ttlig konsumtion av belagda jordn\u00f6tter kan hj\u00e4lpa till att stabilisera blodsockret genom att frig\u00f6ra socker l\u00e5ngsamt.<\/li>    <li>Proteini wa ubora wa juu na mafuta yenye afya katika karanga, pamoja na hisia ya kujitosheleza inayotolewa na mipako, yanaweza kuwa na faida za kiafya kwa moyo na usimamizi wa uzito.<\/li>    <li>\u00c4ven om de \u00e4r n\u00e4ringsrika, l\u00e4gger bel\u00e4ggningen till kalorier och socker, s\u00e5 det rekommenderas att de anv\u00e4nds som ett snacks och att intaget kontrolleras.<\/li> <\/ul>   <div class=\"wp-block-image\"> <figure class=\"aligncenter size-full\"><img loading=\"lazy\" decoding=\"async\" width=\"720\" height=\"540\" src=\"https:\/\/www.peanuts-machine.com\/wp-content\/uploads\/2022\/08\/nut-coating-machine.webp\" alt=\"mashine ya mipako ya nati\" class=\"wp-image-656\" title=\"\" srcset=\"https:\/\/www.peanuts-machine.com\/wp-content\/uploads\/2022\/08\/nut-coating-machine.webp 720w, https:\/\/www.peanuts-machine.com\/wp-content\/uploads\/2022\/08\/nut-coating-machine-300x225.webp 300w, https:\/\/www.peanuts-machine.com\/wp-content\/uploads\/2022\/08\/nut-coating-machine-16x12.webp 16w\" sizes=\"auto, (max-width: 720px) 100vw, 720px\" \/><figcaption class=\"wp-element-caption\">mashine ya mipako ya nati<\/figcaption><\/figure> <\/div>  <div class=\"wp-block-image\"> <figure class=\"aligncenter size-full\"><img loading=\"lazy\" decoding=\"async\" width=\"720\" height=\"540\" src=\"https:\/\/www.peanuts-machine.com\/wp-content\/uploads\/2022\/08\/sugar-coating-machine-in-stock.webp\" alt=\"Mashine ya kuweka sukari kwenye hisa\" class=\"wp-image-130\" title=\"\" srcset=\"https:\/\/www.peanuts-machine.com\/wp-content\/uploads\/2022\/08\/sugar-coating-machine-in-stock.webp 720w, https:\/\/www.peanuts-machine.com\/wp-content\/uploads\/2022\/08\/sugar-coating-machine-in-stock-300x225.webp 300w\" sizes=\"auto, (max-width: 720px) 100vw, 720px\" \/><figcaption class=\"wp-element-caption\">Mashine ya kuweka sukari kwenye hisa<\/figcaption><\/figure> <\/div>   <h2 class=\"wp-block-heading\" id=\"h-peanut-coating-machine-for-sale\">Mashine ya mipako ya nut inauzwa<\/h2>    <p class=\"translation-block\">Ni mashine muhimu zaidi katika <a href=\"https:\/\/www.peanuts-machine.com\/sw\/product\/coated-peanut-production-line\/\">mchakato wa uzalishaji wa karanga zilizofunikwa na unga<\/a>. Tunatoa aina mbalimbali za mashine za kutengeneza karanga zilizofunikwa, ambayo inamaanisha bei inaweza kutofautiana kulingana na mashine maalum. Aidha, tunaweza kubinafsisha mashine ili kukidhi mahitaji ya kipekee ya wateja wetu. Ikiwa unavutiwa na mashine hii, tafadhali usisite kuwasiliana nasi.<\/p>    <figure class=\"wp-block-embed aligncenter is-type-video is-provider-youtube wp-block-embed-youtube wp-embed-aspect-16-9 wp-has-aspect-ratio\"><div class=\"wp-block-embed__wrapper\"> <iframe loading=\"lazy\" title=\"Mashine ya Kupaka Karanga | Video ya Kutengeneza Karanga Iliyopakwa\" width=\"500\" height=\"281\" src=\"https:\/\/www.youtube.com\/embed\/b38_jr7zqyU?feature=oembed\" frameborder=\"0\" allow=\"accelerometer; autoplay; clipboard-write; encrypted-media; gyroscope; picture-in-picture; web-share\" referrerpolicy=\"strict-origin-when-cross-origin\" allowfullscreen><\/iframe> <\/div><figcaption class=\"wp-element-caption\">video ya mashine ya kutengeneza karanga iliyofunikwa<\/figcaption><\/figure>","protected":false},"excerpt":{"rendered":"<p>Mashine ya kutengenezea karanga iliyofunikwa inafaa kwa usindikaji wa kila aina ya karanga na bidhaa zingine zilizopakwa. Ni bora kwa viwanda vya dawa, chakula na kemikali.<\/p>","protected":false},"author":1,"featured_media":128,"parent":0,"template":"","tags":[43],"product-type":[53,46],"class_list":["post-124","product","type-product","status-publish","has-post-thumbnail","hentry","tag-coated-peanut","product-type-peanut-coating-machine","product-type-products"],"_links":{"self":[{"href":"https:\/\/www.peanuts-machine.com\/sw\/wp-json\/wp\/v2\/product\/124","targetHints":{"allow":["GET"]}}],"collection":[{"href":"https:\/\/www.peanuts-machine.com\/sw\/wp-json\/wp\/v2\/product"}],"about":[{"href":"https:\/\/www.peanuts-machine.com\/sw\/wp-json\/wp\/v2\/types\/product"}],"author":[{"embeddable":true,"href":"https:\/\/www.peanuts-machine.com\/sw\/wp-json\/wp\/v2\/users\/1"}],"wp:featuredmedia":[{"embeddable":true,"href":"https:\/\/www.peanuts-machine.com\/sw\/wp-json\/wp\/v2\/media\/128"}],"wp:attachment":[{"href":"https:\/\/www.peanuts-machine.com\/sw\/wp-json\/wp\/v2\/media?parent=124"}],"wp:term":[{"taxonomy":"post_tag","embeddable":true,"href":"https:\/\/www.peanuts-machine.com\/sw\/wp-json\/wp\/v2\/tags?post=124"},{"taxonomy":"product-type","embeddable":true,"href":"https:\/\/www.peanuts-machine.com\/sw\/wp-json\/wp\/v2\/product-type?post=124"}],"curies":[{"name":"wp","href":"https:\/\/api.w.org\/{rel}","templated":true}]}}