{"id":294,"date":"2022-12-30T15:22:40","date_gmt":"2022-12-30T07:22:40","guid":{"rendered":"https:\/\/www.peanuts-machine.com\/?post_type=product&#038;p=294"},"modified":"2026-01-13T15:49:31","modified_gmt":"2026-01-13T07:49:31","slug":"small-scale-peanut-butter-making-machine","status":"publish","type":"product","link":"https:\/\/www.peanuts-machine.com\/sw\/product\/small-scale-peanut-butter-making-machine\/","title":{"rendered":"Mashine Ndogo Ya Kutengeneza Siagi Ya Karanga Inauzwa"},"content":{"rendered":"<div class=\"kk-star-ratings kksr-auto kksr-align-left kksr-valign-top\"     data-payload='{&quot;align&quot;:&quot;left&quot;,&quot;id&quot;:&quot;294&quot;,&quot;slug&quot;:&quot;default&quot;,&quot;valign&quot;:&quot;top&quot;,&quot;ignore&quot;:&quot;&quot;,&quot;reference&quot;:&quot;auto&quot;,&quot;class&quot;:&quot;&quot;,&quot;count&quot;:&quot;30&quot;,&quot;legendonly&quot;:&quot;&quot;,&quot;readonly&quot;:&quot;&quot;,&quot;score&quot;:&quot;4.8&quot;,&quot;starsonly&quot;:&quot;&quot;,&quot;best&quot;:&quot;5&quot;,&quot;gap&quot;:&quot;5&quot;,&quot;greet&quot;:&quot;Rate this product&quot;,&quot;legend&quot;:&quot;4.8\\\/5 - (30 votes)&quot;,&quot;size&quot;:&quot;24&quot;,&quot;title&quot;:&quot;Small Scale Peanut Butter Making Machine for Sale&quot;,&quot;width&quot;:&quot;136.7&quot;,&quot;_legend&quot;:&quot;{score}\\\/{best} - ({count} {votes})&quot;,&quot;font_factor&quot;:&quot;1.25&quot;}'>              <div class=\"kksr-stars\">      <div class=\"kksr-stars-inactive\">             <div class=\"kksr-star\" data-star=\"1\" style=\"padding-right: 5px\">               <div class=\"kksr-icon\" style=\"width: 24px; height: 24px;\"><\/div>         <\/div>             <div class=\"kksr-star\" data-star=\"2\" style=\"padding-right: 5px\">               <div class=\"kksr-icon\" style=\"width: 24px; height: 24px;\"><\/div>         <\/div>             <div class=\"kksr-star\" data-star=\"3\" style=\"padding-right: 5px\">               <div class=\"kksr-icon\" style=\"width: 24px; height: 24px;\"><\/div>         <\/div>             <div class=\"kksr-star\" data-star=\"4\" style=\"padding-right: 5px\">               <div class=\"kksr-icon\" style=\"width: 24px; height: 24px;\"><\/div>         <\/div>             <div class=\"kksr-star\" data-star=\"5\" style=\"padding-right: 5px\">               <div class=\"kksr-icon\" style=\"width: 24px; height: 24px;\"><\/div>         <\/div>     <\/div>      <div class=\"kksr-stars-active\" style=\"width: 136.7px;\">             <div class=\"kksr-star\" style=\"padding-right: 5px\">               <div class=\"kksr-icon\" style=\"width: 24px; height: 24px;\"><\/div>         <\/div>             <div class=\"kksr-star\" style=\"padding-right: 5px\">               <div class=\"kksr-icon\" style=\"width: 24px; height: 24px;\"><\/div>         <\/div>             <div class=\"kksr-star\" style=\"padding-right: 5px\">               <div class=\"kksr-icon\" style=\"width: 24px; height: 24px;\"><\/div>         <\/div>             <div class=\"kksr-star\" style=\"padding-right: 5px\">               <div class=\"kksr-icon\" style=\"width: 24px; height: 24px;\"><\/div>         <\/div>             <div class=\"kksr-star\" style=\"padding-right: 5px\">               <div class=\"kksr-icon\" style=\"width: 24px; height: 24px;\"><\/div>         <\/div>     <\/div> <\/div>                   <div class=\"kksr-legend\" style=\"font-size: 19.2px;\">             4.8\/5 - (30 kura)    <\/div>     <\/div>  <p>Mashine ndogo ya kutengeneza siagi ya karanga ni kifaa chenye matumizi mengi kilichoundwa kwa ajili ya kutengeneza aina mbalimbali za kitamu, lishe na safi, ikiwa ni pamoja na siagi ya karanga na kuweka mbegu za ufuta. Zaidi ya hayo, inaweza kusaga viungo mbalimbali ili kutengeneza maziwa ya karanga, maziwa ya protini, maziwa ya soya, jamu, siagi ya mooncake, siagi ya mlozi, na siagi ya korosho. <\/p>    <p>Mashine hii imeundwa kwa chuma cha pua kinachodumu na rahisi kusafisha na kuahidi maisha marefu. Kwa uwezo wa ajabu wa kudhibiti saizi za chembe zinazodhibitiwa kuanzia mikroni 100 hadi 150 na kufikia usawaziko zaidi ya 90%, kinu hiki kinaonekana kuwa chaguo bora zaidi katika usindikaji wa unga laini.<\/p>   <div class=\"wp-block-image\"> <figure class=\"aligncenter size-full\"><img loading=\"lazy\" decoding=\"async\" width=\"720\" height=\"540\" src=\"https:\/\/www.peanuts-machine.com\/wp-content\/uploads\/2022\/12\/small-scale-peanut-butter-making-machine.webp\" alt=\"mashine ndogo ya kutengeneza siagi ya karanga\" class=\"wp-image-297\" title=\"\" srcset=\"https:\/\/www.peanuts-machine.com\/wp-content\/uploads\/2022\/12\/small-scale-peanut-butter-making-machine.webp 720w, https:\/\/www.peanuts-machine.com\/wp-content\/uploads\/2022\/12\/small-scale-peanut-butter-making-machine-300x225.webp 300w\" sizes=\"auto, (max-width: 720px) 100vw, 720px\" \/><figcaption class=\"wp-element-caption\">mashine ndogo ya kutengeneza siagi ya karanga<\/figcaption><\/figure> <\/div>   <h2 class=\"wp-block-heading\">Utumiaji wa mashine ya kutengeneza siagi ya karanga<\/h2>    <p>Mashine hii ndogo ya kutengeneza siagi ya karanga ina uwezo wa kusaga viungo mbalimbali, ikiwa ni pamoja na karanga, mlozi, ufuta, nyanya, korosho, maharagwe, njegere, pilipili hoho, kitunguu saumu na tangawizi. Ni bora kwa matumizi katika mikahawa, maduka makubwa, viwanda vidogo vya usindikaji, viwanda vikubwa, na mipangilio mingine ya viwanda, na kuifanya kuwa mali muhimu kwa biashara yoyote.<\/p>    <figure class=\"wp-block-embed aligncenter is-type-video is-provider-youtube wp-block-embed-youtube wp-embed-aspect-16-9 wp-has-aspect-ratio\"><div class=\"wp-block-embed__wrapper\"> <iframe loading=\"lazy\" title=\"\ud83e\udd5c High-Efficiency Peanut Butter Colloid Mill | Smooth &amp; Creamy Every Time#peanutbutter #colloidmill\" width=\"500\" height=\"281\" src=\"https:\/\/www.youtube.com\/embed\/tJwzcOk7gCE?feature=oembed\" frameborder=\"0\" allow=\"accelerometer; autoplay; clipboard-write; encrypted-media; gyroscope; picture-in-picture; web-share\" referrerpolicy=\"strict-origin-when-cross-origin\" allowfullscreen><\/iframe> <\/div><figcaption class=\"wp-element-caption\">Video ya kufanya kazi ya mashine ya kusaga mchuzi wa karanga<\/figcaption><\/figure>    <h2 class=\"wp-block-heading\">Sifa ndogo za siagi ya karanga za kinu<\/h2>    <ul class=\"wp-block-list\"> <li>Sehemu kuu za mashine hujengwa kutoka kwa chuma cha pua, na kuifanya iwe rahisi kusafisha na kudumu sana.<\/li>    <li>Vipande vya abrasive vimeundwa kutoka kwa nyenzo za abrasive za ubora wa juu na wakala wa kuunganisha nguvu, kuhakikisha utendaji wa muda mrefu.<\/li>    <li>Nafasi kati ya vile vya abrasive inaweza kurekebishwa ili kukidhi viwango mbalimbali vya kusaga.<\/li>    <li>Karanga zinaweza kusindikwa moja kwa moja kwenye siagi ya karanga bila hitaji la kusagwa kabla.<\/li>    <li>Saizi yake ndogo na muundo wa kompakt husababisha alama ndogo, na kuifanya iwe rahisi kutumia na rahisi kuitunza.<\/li>    <li>Pato la juu na ufanisi hufanya iwe chaguo maarufu kwa matumizi ya nyumbani na ya kibiashara.<\/li>    <li>Mashine hii ndogo ya kutengeneza siagi ya karanga ina matumizi mbalimbali, yanafaa kwa viwanda kama vile chakula, kemikali, kemikali za kila siku, dawa, ujenzi, na zaidi.<\/li> <\/ul>   <div class=\"wp-block-image\"> <figure class=\"aligncenter size-full\"><img loading=\"lazy\" decoding=\"async\" width=\"720\" height=\"540\" src=\"https:\/\/www.peanuts-machine.com\/wp-content\/uploads\/2022\/08\/peanut-butter-maker-shipment.webp\" alt=\"mashine ndogo ya siagi ya karanga\" class=\"wp-image-142\" title=\"\" srcset=\"https:\/\/www.peanuts-machine.com\/wp-content\/uploads\/2022\/08\/peanut-butter-maker-shipment.webp 720w, https:\/\/www.peanuts-machine.com\/wp-content\/uploads\/2022\/08\/peanut-butter-maker-shipment-300x225.webp 300w\" sizes=\"auto, (max-width: 720px) 100vw, 720px\" \/><figcaption class=\"wp-element-caption\">mashine ndogo ya siagi ya karanga<\/figcaption><\/figure> <\/div>   <h2 class=\"wp-block-heading\">Vigezo vya kinu ya siagi ya karanga <\/h2>    <p>Mashine hii ndogo ya kutengeneza siagi ya karanga ndiyo chaguo linalopendekezwa kwa wazalishaji wengi wa kibiashara wa siagi ya njugu. Husaga karanga, mlozi, ufuta na viungo vingine bila shida kuwa mchuzi laini, laini na wa krimu, unaofaa kabisa mahitaji ya uzalishaji wa biashara ndogo na za kati. <\/p>    <p>Zaidi ya hayo, muundo wake wa kuunganishwa, viwango vya chini vya kelele, na taratibu rahisi za kusafisha na matengenezo huifanya kuwa maarufu kati ya makampuni ya ndani na ya kimataifa.<\/p>    <figure class=\"wp-block-table is-style-stripes\"><table><tbody><tr><td>Mfano<\/td><td>Uwezo (kg\/h)<\/td><td>Ukubwa wa mashine (mm)<\/td><td>Nguvu (kw)<\/td><td>Uzito (kg)<\/td><\/tr><tr><td>TZ-70<\/td><td>50-80<\/td><td>650*320*650<\/td><td>2.2<\/td><td>70<\/td><\/tr><tr><td>TZ-85<\/td><td>100-150<\/td><td>900*350*900<\/td><td>5.5<\/td><td>170<\/td><\/tr><tr><td>TZ-130<\/td><td>200-300<\/td><td>1000*350*1000<\/td><td>11<\/td><td>270<\/td><\/tr><\/tbody><\/table><figcaption class=\"wp-element-caption\">data ya kiufundi ya mashine ndogo ya kutengeneza siagi ya karanga<\/figcaption><\/figure>    <p>Besides these three models, we offer additional options for customers to select from. If you&#8217;re interested in this machine, please don&#8217;t hesitate to contact us.<\/p>   <div class=\"wp-block-image\"> <figure class=\"aligncenter size-full\"><img loading=\"lazy\" decoding=\"async\" width=\"720\" height=\"540\" src=\"https:\/\/www.peanuts-machine.com\/wp-content\/uploads\/2022\/12\/small-scale-peanut-butter-making-machines.webp\" alt=\"Vifaa Vidogo vya Kutengeneza Mchuzi wa Karanga\" class=\"wp-image-985\" title=\"\" srcset=\"https:\/\/www.peanuts-machine.com\/wp-content\/uploads\/2022\/12\/small-scale-peanut-butter-making-machines.webp 720w, https:\/\/www.peanuts-machine.com\/wp-content\/uploads\/2022\/12\/small-scale-peanut-butter-making-machines-300x225.webp 300w, https:\/\/www.peanuts-machine.com\/wp-content\/uploads\/2022\/12\/small-scale-peanut-butter-making-machines-16x12.webp 16w\" sizes=\"auto, (max-width: 720px) 100vw, 720px\" \/><figcaption class=\"wp-element-caption\">Vifaa Vidogo vya Kutengeneza Mchuzi wa Karanga<\/figcaption><\/figure> <\/div>   <h2 class=\"wp-block-heading\">Kanuni ya kazi ya mashine ndogo ya siagi ya karanga<\/h2>    <p>Mashine ya siagi ya karanga, pia inajulikana kama kinu cha siagi ya karanga, ina pengo dogo linaloweza kurekebishwa kati ya vijenzi vyake viwili vya kusaga.<\/p>    <ul class=\"wp-block-list\"> <li>N\u00e4r materialet r\u00f6r sig genom detta gap accelererar rotorns h\u00f6gvarviga rotation materialet som klibbar fast vid dess yta, medan materialet p\u00e5 statorn f\u00f6rblir stilla.<\/li>    <li>Hii huleta tofauti kubwa ya kasi, ikiweka nyenzo chini ya nguvu kali za kimwili kama vile kukata, msuguano, mitetemo ya masafa ya juu, na midundo ya haraka.<\/li>    <li>Kama matokeo, nyenzo hiyo inasisitizwa kwa ufanisi, hutawanywa, imetengenezwa kwa homogenized, na kusagwa, hatimaye huzalisha siagi ya karanga.<\/li> <\/ul>   <div class=\"wp-block-image\"> <figure class=\"aligncenter size-full\"><img loading=\"lazy\" decoding=\"async\" width=\"750\" height=\"577\" src=\"https:\/\/www.peanuts-machine.com\/wp-content\/uploads\/2022\/12\/groundnut-grinder-machine.webp\" alt=\"mashine ya kusaga karanga\" class=\"wp-image-295\" title=\"\" srcset=\"https:\/\/www.peanuts-machine.com\/wp-content\/uploads\/2022\/12\/groundnut-grinder-machine.webp 750w, https:\/\/www.peanuts-machine.com\/wp-content\/uploads\/2022\/12\/groundnut-grinder-machine-300x231.webp 300w\" sizes=\"auto, (max-width: 750px) 100vw, 750px\" \/><figcaption class=\"wp-element-caption\">mashine ya kusaga karanga<\/figcaption><\/figure> <\/div>   <h2 class=\"wp-block-heading\">Ubunifu wa mashine ndogo ya kutengeneza siagi ya karanga<\/h2>    <p>Mashine hii ndogo ya kutengeneza siagi ya karanga ina hopa ya chuma cha pua, viunga vya bomba la maji baridi ya chuma cha pua, diski inayoweza kubadilishwa, na mlango wa kutokeza wa chuma cha pua, vyote vikitumika kwa msingi wa kazi nzito kwa uthabiti zaidi.<\/p>    <p>Mashine ni pamoja na chumba cha kusaga kilicho na maeneo matatu tofauti ya kusaga: ya kwanza kwa ajili ya kusaga coarse, ya pili ya kusaga vizuri, na ya tatu ya kusaga zaidi.<\/p>    <p>Kwa kurekebisha pengo kati ya stator na rotor, unaweza kufikia athari bora ya kusagwa ya superfine. Kwa wale wanaotafuta siagi laini zaidi ya karanga, tunaweza pia kujumuisha kisagia cha ziada cha kusaga mara mbili.<\/p>   <div class=\"wp-block-image\"> <figure class=\"aligncenter size-full\"><img loading=\"lazy\" decoding=\"async\" width=\"750\" height=\"805\" src=\"https:\/\/www.peanuts-machine.com\/wp-content\/uploads\/2022\/08\/structure-of-small-peanut-butter-colloid-mill.webp\" alt=\"muundo wa kinu ndogo ya siagi ya karanga ya colloid\" class=\"wp-image-98\" title=\"\" srcset=\"https:\/\/www.peanuts-machine.com\/wp-content\/uploads\/2022\/08\/structure-of-small-peanut-butter-colloid-mill.webp 750w, https:\/\/www.peanuts-machine.com\/wp-content\/uploads\/2022\/08\/structure-of-small-peanut-butter-colloid-mill-280x300.webp 280w\" sizes=\"auto, (max-width: 750px) 100vw, 750px\" \/><figcaption class=\"wp-element-caption\">muundo wa kinu ndogo ya siagi ya karanga ya colloid<\/figcaption><\/figure> <\/div>   <h2 class=\"wp-block-heading\">Kitengeneza siagi ya karanga ya viwandani inauzwa<\/h2>    <p class=\"translation-block\">Nuestra f\u00e1brica ofrece una amplia gama de m\u00e1quinas de mantequilla de man\u00ed peque\u00f1as. Adem\u00e1s de nuestras opciones a peque\u00f1a escala, tambi\u00e9n tenemos <a href=\"https:\/\/www.peanuts-machine.com\/sw\/product\/commercial-peanut-butter-machine\/\">m\u00e1quinas comerciales de mantequilla de man\u00ed<\/a> disponibles. La gran m\u00e1quina de molienda de mantequilla de man\u00ed puede producir hasta 1000kg\/h. <\/p>    <p>Hii inaruhusu wateja kuchagua mashine zinazofaa zaidi mahitaji yao, zenye chaguo nyingi za kuchagua. Zaidi ya hayo, ikiwa una mahitaji maalum, tunafurahi kutoa huduma maalum ili kukidhi mahitaji hayo.<\/p>   <div class=\"wp-block-image\"> <figure class=\"aligncenter size-full\"><img loading=\"lazy\" decoding=\"async\" width=\"720\" height=\"540\" src=\"https:\/\/www.peanuts-machine.com\/wp-content\/uploads\/2022\/12\/stainless-steel-peanut-butter-machines.webp\" alt=\"Mashine za karanga za chuma cha pua\" class=\"wp-image-986\" title=\"\" srcset=\"https:\/\/www.peanuts-machine.com\/wp-content\/uploads\/2022\/12\/stainless-steel-peanut-butter-machines.webp 720w, https:\/\/www.peanuts-machine.com\/wp-content\/uploads\/2022\/12\/stainless-steel-peanut-butter-machines-300x225.webp 300w, https:\/\/www.peanuts-machine.com\/wp-content\/uploads\/2022\/12\/stainless-steel-peanut-butter-machines-16x12.webp 16w\" sizes=\"auto, (max-width: 720px) 100vw, 720px\" \/><figcaption class=\"wp-element-caption\">Mashine za karanga za chuma cha pua<\/figcaption><\/figure> <\/div>   <h2 class=\"wp-block-heading\">Je, ni faida gani za siagi ya karanga?<\/h2>    <p>Siagi ya karanga ni chanzo kikubwa cha nyuzi lishe, ambayo inaweza kusaidia kudhibiti viwango vya sukari ya damu na cholesterol wakati pia kupunguza hatari ya saratani ya koloni. <\/p>    <p>Zaidi ya hayo, imejaa virutubisho muhimu, ikiwa ni pamoja na protini, vitamini E, B3, na madini muhimu kama vile shaba, chuma, kalsiamu na potasiamu. Kula siagi mbichi ya karanga kunaweza kuongeza faida hizi hata zaidi. <\/p>   <div class=\"wp-block-image\"> <figure class=\"aligncenter size-full\"><img loading=\"lazy\" decoding=\"async\" width=\"720\" height=\"540\" src=\"https:\/\/www.peanuts-machine.com\/wp-content\/uploads\/2022\/12\/nut-nutter-grinding-mills.webp\" alt=\"mafuta ya kusaga nut nutter\" class=\"wp-image-987\" title=\"\" srcset=\"https:\/\/www.peanuts-machine.com\/wp-content\/uploads\/2022\/12\/nut-nutter-grinding-mills.webp 720w, https:\/\/www.peanuts-machine.com\/wp-content\/uploads\/2022\/12\/nut-nutter-grinding-mills-300x225.webp 300w, https:\/\/www.peanuts-machine.com\/wp-content\/uploads\/2022\/12\/nut-nutter-grinding-mills-16x12.webp 16w\" sizes=\"auto, (max-width: 720px) 100vw, 720px\" \/><figcaption class=\"wp-element-caption\">mafuta ya kusaga nut nutter<\/figcaption><\/figure> <\/div>   <p class=\"translation-block\">Muchas personas est\u00e1n preocupadas de que consumir mantequilla de man\u00ed pueda provocar aumento de peso, pero en realidad puede ayudar a que te sientas satisfecho. Una porci\u00f3n peque\u00f1a de mantequilla de man\u00ed puede suprimir el hambre con m\u00e1s eficacia que comidas t\u00edpicas como arroz o pasta. Si te ci\u00f1es al tama\u00f1o de porci\u00f3n adecuado, puedes disfrutar <a href=\"https:\/\/en.wikipedia.org\/wiki\/Peanut_butter\" target=\"_blank\" rel=\"noopener\">de la mantequilla de man\u00ed<\/a> manteniendo un peso saludable.<\/p>","protected":false},"excerpt":{"rendered":"<p>Mashine ndogo ya kutengeneza siagi ya karanga inaweza kutumika tofauti kwa kutengeneza anuwai ya kitamu, lishe na safi. Ina uwezo wa kudhibiti ukubwa wa chembe kutoka mikroni 100 hadi 150 na zaidi ya 90% sare.<\/p>","protected":false},"author":1,"featured_media":298,"parent":0,"template":"","tags":[35],"product-type":[51,46],"class_list":["post-294","product","type-product","status-publish","has-post-thumbnail","hentry","tag-peanut-butter","product-type-peanut-butter-machine","product-type-products"],"_links":{"self":[{"href":"https:\/\/www.peanuts-machine.com\/sw\/wp-json\/wp\/v2\/product\/294","targetHints":{"allow":["GET"]}}],"collection":[{"href":"https:\/\/www.peanuts-machine.com\/sw\/wp-json\/wp\/v2\/product"}],"about":[{"href":"https:\/\/www.peanuts-machine.com\/sw\/wp-json\/wp\/v2\/types\/product"}],"author":[{"embeddable":true,"href":"https:\/\/www.peanuts-machine.com\/sw\/wp-json\/wp\/v2\/users\/1"}],"wp:featuredmedia":[{"embeddable":true,"href":"https:\/\/www.peanuts-machine.com\/sw\/wp-json\/wp\/v2\/media\/298"}],"wp:attachment":[{"href":"https:\/\/www.peanuts-machine.com\/sw\/wp-json\/wp\/v2\/media?parent=294"}],"wp:term":[{"taxonomy":"post_tag","embeddable":true,"href":"https:\/\/www.peanuts-machine.com\/sw\/wp-json\/wp\/v2\/tags?post=294"},{"taxonomy":"product-type","embeddable":true,"href":"https:\/\/www.peanuts-machine.com\/sw\/wp-json\/wp\/v2\/product-type?post=294"}],"curies":[{"name":"wp","href":"https:\/\/api.w.org\/{rel}","templated":true}]}}