{"id":310,"date":"2023-01-14T15:51:13","date_gmt":"2023-01-14T07:51:13","guid":{"rendered":"https:\/\/www.peanuts-machine.com\/?post_type=product&#038;p=310"},"modified":"2026-01-15T17:47:54","modified_gmt":"2026-01-15T09:47:54","slug":"wet-groundnut-peeling-machine","status":"publish","type":"product","link":"https:\/\/www.peanuts-machine.com\/sw\/product\/wet-groundnut-peeling-machine\/","title":{"rendered":"Mashine ya Kunyoa Njugu | Kiondoa Ngozi ya Karanga"},"content":{"rendered":"<div class=\"kk-star-ratings kksr-auto kksr-align-left kksr-valign-top\"     data-payload='{&quot;align&quot;:&quot;left&quot;,&quot;id&quot;:&quot;310&quot;,&quot;slug&quot;:&quot;default&quot;,&quot;valign&quot;:&quot;top&quot;,&quot;ignore&quot;:&quot;&quot;,&quot;reference&quot;:&quot;auto&quot;,&quot;class&quot;:&quot;&quot;,&quot;count&quot;:&quot;10&quot;,&quot;legendonly&quot;:&quot;&quot;,&quot;readonly&quot;:&quot;&quot;,&quot;score&quot;:&quot;4.6&quot;,&quot;starsonly&quot;:&quot;&quot;,&quot;best&quot;:&quot;5&quot;,&quot;gap&quot;:&quot;5&quot;,&quot;greet&quot;:&quot;Rate this product&quot;,&quot;legend&quot;:&quot;4.6\\\/5 - (10 votes)&quot;,&quot;size&quot;:&quot;24&quot;,&quot;title&quot;:&quot;Wet Groundnut Peeling Machine | Peanut Skin Remover&quot;,&quot;width&quot;:&quot;130.9&quot;,&quot;_legend&quot;:&quot;{score}\\\/{best} - ({count} {votes})&quot;,&quot;font_factor&quot;:&quot;1.25&quot;}'>              <div class=\"kksr-stars\">      <div class=\"kksr-stars-inactive\">             <div class=\"kksr-star\" data-star=\"1\" style=\"padding-right: 5px\">               <div class=\"kksr-icon\" style=\"width: 24px; height: 24px;\"><\/div>         <\/div>             <div class=\"kksr-star\" data-star=\"2\" style=\"padding-right: 5px\">               <div class=\"kksr-icon\" style=\"width: 24px; height: 24px;\"><\/div>         <\/div>             <div class=\"kksr-star\" data-star=\"3\" style=\"padding-right: 5px\">               <div class=\"kksr-icon\" style=\"width: 24px; height: 24px;\"><\/div>         <\/div>             <div class=\"kksr-star\" data-star=\"4\" style=\"padding-right: 5px\">               <div class=\"kksr-icon\" style=\"width: 24px; height: 24px;\"><\/div>         <\/div>             <div class=\"kksr-star\" data-star=\"5\" style=\"padding-right: 5px\">               <div class=\"kksr-icon\" style=\"width: 24px; height: 24px;\"><\/div>         <\/div>     <\/div>      <div class=\"kksr-stars-active\" style=\"width: 130.9px;\">             <div class=\"kksr-star\" style=\"padding-right: 5px\">               <div class=\"kksr-icon\" style=\"width: 24px; height: 24px;\"><\/div>         <\/div>             <div class=\"kksr-star\" style=\"padding-right: 5px\">               <div class=\"kksr-icon\" style=\"width: 24px; height: 24px;\"><\/div>         <\/div>             <div class=\"kksr-star\" style=\"padding-right: 5px\">               <div class=\"kksr-icon\" style=\"width: 24px; height: 24px;\"><\/div>         <\/div>             <div class=\"kksr-star\" style=\"padding-right: 5px\">               <div class=\"kksr-icon\" style=\"width: 24px; height: 24px;\"><\/div>         <\/div>             <div class=\"kksr-star\" style=\"padding-right: 5px\">               <div class=\"kksr-icon\" style=\"width: 24px; height: 24px;\"><\/div>         <\/div>     <\/div> <\/div>                   <div class=\"kksr-legend\" style=\"font-size: 19.2px;\">             4.6\/5 - (10 kura)    <\/div>     <\/div>  <p>Mashine ya kuondoa ganda la karanga mvua inatumia magurudumu ya mpira laini wa hali ya juu kuondoa ganda jekundu la karanga kwa ufanisi kupitia msuguano wa kimwili. Mchakato wake wa kuondoa ganda ni mpole na hauharibu muundo wa lishe na rangi ya karanga wenyewe. Karanga iliyoandaliwa baada ya kuondoa ganda ni nyeupe, isiyo na uharibifu, na bila kubadilika rangi, ambayo inaboresha kwa kiasi kikubwa thamani ya ziada ya bidhaa. <\/p>    <p>Det \u00e4r inte bara l\u00e4mpligt f\u00f6r jordn\u00f6tter, utan kan ocks\u00e5 skala mandlar, breda b\u00f6nor, sojab\u00f6nor, mungb\u00f6nor, kik\u00e4rtor, gr\u00f6na b\u00f6nor och favab\u00f6nor etc. Det \u00e4r den nyckelutrustning som anv\u00e4nds i den djupa bearbetningsproduktionslinjen f\u00f6r jordn\u00f6tsolja, jordn\u00f6tsmj\u00f6lk, friterade jordn\u00f6tter, kryddiga jordn\u00f6tter, mandeldrycker osv. <\/p>    <figure class=\"wp-block-embed aligncenter is-type-video is-provider-youtube wp-block-embed-youtube wp-embed-aspect-16-9 wp-has-aspect-ratio\"><div class=\"wp-block-embed__wrapper\"> <iframe loading=\"lazy\" title=\"Mashine Bora ya Kumenya Karanga - Uondoaji Bora wa Ngozi#peanut #groundnut #peeling #peeler\" width=\"500\" height=\"281\" src=\"https:\/\/www.youtube.com\/embed\/ZWbRkVyX7do?feature=oembed\" frameborder=\"0\" allow=\"accelerometer; autoplay; clipboard-write; encrypted-media; gyroscope; picture-in-picture; web-share\" referrerpolicy=\"strict-origin-when-cross-origin\" allowfullscreen><\/iframe> <\/div><figcaption class=\"wp-element-caption\">mashine ya kumenya karanga yenye unyevunyevu inayofanya kazi video<\/figcaption><\/figure>    <p class=\"translation-block\">Tofauti na mashine ya kawaida ya kubandua kokwa za karanga za kavu, mashine hii inafaa kwa malighafi iliyotiwa maji, inaweza kutumika kama mashine ya kusimama pekee au operesheni ya mstari wa uzalishaji, kukidhi mahitaji mbalimbali ya uzalishaji.<\/p>    <h2 class=\"wp-block-heading\">Faida za mashine ya kumenya karanga mvua<\/h2>    <ul class=\"wp-block-list\"> <li>Kusafisha peeling: kiwango cha peeling ni hadi 98%, haraka na safi, karanga ni kamili na nzuri.<\/li>    <li>Uendeshaji rahisi: mimina tu karanga zilizowekwa kwenye maji, mashine inaweza kukamilisha peeling kiotomatiki.<\/li>    <li>Salama na ya usafi: mashine nzima imetengenezwa kwa chuma cha pua, imara na inayodumu, rahisi kusafisha, inakidhi mahitaji ya usalama wa chakula.<\/li>    <li>Matumizi mbalimbali: si tu karanga, bali pia almond, soya, maharagwe mapana, mchele wa vitunguu, nk., viungo mbalimbali vinapatikana.<\/li>    <li>Automatisk separation av resterande skal: skalen kommer automatiskt att separeras fr\u00e5n jordn\u00f6tterna, rena jordn\u00f6tter utan blandat skal, l\u00e4tt f\u00f6r efterf\u00f6ljande bearbetning.<\/li>    <li>Saidia kubinafsisha: unaweza kubinafsisha mashine kwa matumizi yako mwenyewe kulingana na mahitaji ya wateja.<\/li>    <li>Mifano mbalimbali inapatikana: kuna mifano yenye matokeo tofauti, inayofaa kwa warsha za familia, viwanda vidogo na uzalishaji wa kiwango kikubwa.<\/li> <\/ul>    <figure class=\"wp-block-gallery has-nested-images columns-default is-cropped wp-block-gallery-2 is-layout-flex wp-block-gallery-is-layout-flex\"> <figure class=\"wp-block-image size-large\"><img loading=\"lazy\" decoding=\"async\" width=\"720\" height=\"540\" data-id=\"315\" src=\"https:\/\/www.peanuts-machine.com\/wp-content\/uploads\/2023\/01\/wet-type-groundnut-peeling-machine.webp\" alt=\"mashine ya kumenya njugu aina ya mvua\" class=\"wp-image-315\" title=\"\" srcset=\"https:\/\/www.peanuts-machine.com\/wp-content\/uploads\/2023\/01\/wet-type-groundnut-peeling-machine.webp 720w, https:\/\/www.peanuts-machine.com\/wp-content\/uploads\/2023\/01\/wet-type-groundnut-peeling-machine-300x225.webp 300w\" sizes=\"auto, (max-width: 720px) 100vw, 720px\" \/><figcaption class=\"wp-element-caption\">mashine ya kumenya njugu aina ya mvua<\/figcaption><\/figure>    <figure class=\"wp-block-image size-large\"><img loading=\"lazy\" decoding=\"async\" width=\"720\" height=\"540\" data-id=\"316\" src=\"https:\/\/www.peanuts-machine.com\/wp-content\/uploads\/2023\/01\/widely-application.webp\" alt=\"maombi kwa upana\" class=\"wp-image-316\" title=\"\" srcset=\"https:\/\/www.peanuts-machine.com\/wp-content\/uploads\/2023\/01\/widely-application.webp 720w, https:\/\/www.peanuts-machine.com\/wp-content\/uploads\/2023\/01\/widely-application-300x225.webp 300w\" sizes=\"auto, (max-width: 720px) 100vw, 720px\" \/><figcaption class=\"wp-element-caption\">maombi kwa upana<\/figcaption><\/figure> <\/figure>    <h2 class=\"wp-block-heading\">Mashine ya kuondoa ganda la karanga mvua inafanya kazi vipi?<\/h2>    <p>Mashine ya kuondoa ngozi ya karanga mvua inafanya kazi kwa kanuni ya kuondoa ngozi kupitia msuguano wa magurudumu ya mpira, ikiruhusu kuondoa ngozi ya karanga kwa upole kama vile mikono ya binadamu ingefanya.<\/p>    <ul class=\"wp-block-list\"> <li>F\u00f6r att anv\u00e4nda maskinen, bl\u00f6tl\u00e4gg helt enkelt jordn\u00f6tterna i n\u00e5gra \u00f6gonblick, h\u00e4ll sedan dem i tr\u00e5get. De riktade st\u00e4ngerna och matningshjulen p\u00e5 vardera sidan leder jordn\u00f6tterna in i de roterande gummihjulen, som \u00e4r s\u00e4krade av tre starka tryckare. (Efter att ha bl\u00f6tlagts i varmt vatten \u00e4r det viktigt att f\u00f6ra in varmt vatten i skalaren f\u00f6r att f\u00f6rhindra att jordn\u00f6tterna torkar ut eller kyls ner.) <\/li>    <li>Mara tu blade inapokata ngozi nyekundu ya nje, punje ya karanga huvuliwa, na gurudumu la mpira husukuma punje iliyovuliwa kwenye hopa, ikitenganisha na ngozi nyekundu. <\/li> <\/ul>   <div class=\"wp-block-image\"> <figure class=\"aligncenter size-full\"><img loading=\"lazy\" decoding=\"async\" width=\"720\" height=\"540\" src=\"https:\/\/www.peanuts-machine.com\/wp-content\/uploads\/2023\/01\/structure-details-of-peanut-peeler-machine.webp\" alt=\"maelezo ya muundo wa mashine ya kumenya karanga\" class=\"wp-image-314\" title=\"\" srcset=\"https:\/\/www.peanuts-machine.com\/wp-content\/uploads\/2023\/01\/structure-details-of-peanut-peeler-machine.webp 720w, https:\/\/www.peanuts-machine.com\/wp-content\/uploads\/2023\/01\/structure-details-of-peanut-peeler-machine-300x225.webp 300w\" sizes=\"auto, (max-width: 720px) 100vw, 720px\" \/><figcaption class=\"wp-element-caption\">maelezo ya muundo wa mashine ya kumenya karanga<\/figcaption><\/figure> <\/div>   <p>Kabla ya kumenya, mchele na maharagwe yanapaswa kulowekwa kwa maji ya moto kwa dakika 3-5 kwa joto la digrii 97-98. Mchakato wa kuloweka na muda ni muhimu kwa kukomboa kwa ufanisi karanga zilizo mvua. <\/p>    <p>Uzoefu umeonyesha kuwa kulowekwa kwenye maji baridi kwa dakika 30 za kwanza, ikifuatiwa na dakika 0.5-1 kwenye maji ya moto, husababisha karanga kuwa baridi ndani na moto nje, na kutoa unyevu wa kutosha. Hii inasababisha ngozi ya nje kupanua kutokana na maji ya moto, na kufanya mchakato wa shelling iwe rahisi zaidi!<\/p>    <figure class=\"wp-block-gallery has-nested-images columns-default is-cropped wp-block-gallery-3 is-layout-flex wp-block-gallery-is-layout-flex\"> <figure class=\"wp-block-image size-large\"><img loading=\"lazy\" decoding=\"async\" width=\"720\" height=\"540\" data-id=\"1036\" src=\"https:\/\/www.peanuts-machine.com\/wp-content\/uploads\/2023\/01\/wet-peanut-peeling-machine-1.webp\" alt=\"mashine mvua ya kumenya karanga\" class=\"wp-image-1036\" title=\"\" srcset=\"https:\/\/www.peanuts-machine.com\/wp-content\/uploads\/2023\/01\/wet-peanut-peeling-machine-1.webp 720w, https:\/\/www.peanuts-machine.com\/wp-content\/uploads\/2023\/01\/wet-peanut-peeling-machine-1-300x225.webp 300w, https:\/\/www.peanuts-machine.com\/wp-content\/uploads\/2023\/01\/wet-peanut-peeling-machine-1-16x12.webp 16w\" sizes=\"auto, (max-width: 720px) 100vw, 720px\" \/><figcaption class=\"wp-element-caption\">mashine mvua ya kumenya karanga<\/figcaption><\/figure>    <figure class=\"wp-block-image size-large\"><img loading=\"lazy\" decoding=\"async\" width=\"720\" height=\"540\" data-id=\"1037\" src=\"https:\/\/www.peanuts-machine.com\/wp-content\/uploads\/2023\/01\/wet-peanut-skin-remover.webp\" alt=\"Kiondoa Ngozi ya Karanga Kavu\" class=\"wp-image-1037\" title=\"\" srcset=\"https:\/\/www.peanuts-machine.com\/wp-content\/uploads\/2023\/01\/wet-peanut-skin-remover.webp 720w, https:\/\/www.peanuts-machine.com\/wp-content\/uploads\/2023\/01\/wet-peanut-skin-remover-300x225.webp 300w, https:\/\/www.peanuts-machine.com\/wp-content\/uploads\/2023\/01\/wet-peanut-skin-remover-16x12.webp 16w\" sizes=\"auto, (max-width: 720px) 100vw, 720px\" \/><figcaption class=\"wp-element-caption\">Kiondoa Ngozi ya Karanga Kavu<\/figcaption><\/figure> <\/figure>    <h2 class=\"wp-block-heading\">Vigezo vya mashine ya kuchubua ngozi ya karanga<\/h2>    <figure class=\"wp-block-table is-style-stripes\"><table><tbody><tr><td>Mfano<\/td><td>TZ-1<\/td><td>TZ-2<\/td><td>TZ-3<\/td><td>TZ-4<\/td><\/tr><tr><td>Uwezo (kg\/h)<\/td><td>200-300<\/td><td>400-500<\/td><td>600-800<\/td><td>800-1000<\/td><\/tr><tr><td>Nguvu ya injini (kw)<\/td><td>0.55<\/td><td>0.55*2<\/td><td>0.55 *3<\/td><td>0.55 *4<\/td><\/tr><tr><td>Nguvu ya shabiki (kw)<\/td><td>0.37<\/td><td>0.37<\/td><td>0.37<\/td><td>0.37<\/td><\/tr><tr><td>Voltage (v)<\/td><td>380\/220<\/td><td>380\/220<\/td><td>380\/220<\/td><td>380\/220<\/td><\/tr><tr><td>Mara kwa mara\u00a0(hz)<\/td><td>50<\/td><td>50<\/td><td>50<\/td><td>50<\/td><\/tr><tr><td>Kiwango cha peeling<\/td><td>\u226598%<\/td><td>\u226598%<\/td><td>\u226598%<\/td><td>\u226598%<\/td><\/tr><tr><td>Ukubwa (mm)<\/td><td>1100*400*1100<\/td><td>1100*700*1100<\/td><td>1100*1000*1100<\/td><td>1100*1400*1100<\/td><\/tr><\/tbody><\/table><figcaption class=\"wp-element-caption\">data za kiufundi za mashine ya peeling ya karanga za aina ya mvua<\/figcaption><\/figure>    <p>Hapa kuna vigezo maalum vya mashine nne tofauti za kumenya njugu aina ya mvua. Uwezo wa pato la mashine ni 200-300 kg \/ h, 400-500 kg \/ h, 600-800 kg \/ h, na 800-1000 kg \/ h. <\/p>    <p>Nguvu ya magari kwa mashine hizi ni 0.55 kW, 1.1 kW, 1.65 kW, na 2.2 kW, kwa mtiririko huo. Unaweza kurejelea jedwali letu la parameta kwa maelezo zaidi. Chagua mashine ambayo inafaa zaidi mahitaji yako.<\/p>    <figure class=\"wp-block-gallery has-nested-images columns-default is-cropped wp-block-gallery-4 is-layout-flex wp-block-gallery-is-layout-flex\"> <figure class=\"wp-block-image size-large\"><img loading=\"lazy\" decoding=\"async\" width=\"540\" height=\"720\" data-id=\"1038\" src=\"https:\/\/www.peanuts-machine.com\/wp-content\/uploads\/2023\/01\/peanut-red-skin-peeling-machine-for-sale-1.webp\" alt=\"mashine ya kuchubua ngozi nyekundu ya karanga inauzwa\" class=\"wp-image-1038\" title=\"\" srcset=\"https:\/\/www.peanuts-machine.com\/wp-content\/uploads\/2023\/01\/peanut-red-skin-peeling-machine-for-sale-1.webp 540w, https:\/\/www.peanuts-machine.com\/wp-content\/uploads\/2023\/01\/peanut-red-skin-peeling-machine-for-sale-1-225x300.webp 225w, https:\/\/www.peanuts-machine.com\/wp-content\/uploads\/2023\/01\/peanut-red-skin-peeling-machine-for-sale-1-9x12.webp 9w\" sizes=\"auto, (max-width: 540px) 100vw, 540px\" \/><figcaption class=\"wp-element-caption\">mashine ya kuchubua ngozi nyekundu ya karanga inauzwa<\/figcaption><\/figure>    <figure class=\"wp-block-image size-large\"><img loading=\"lazy\" decoding=\"async\" width=\"540\" height=\"720\" data-id=\"1039\" src=\"https:\/\/www.peanuts-machine.com\/wp-content\/uploads\/2023\/01\/stainless-steel-wet-groundnut-peeling-machine.webp\" alt=\"Mashine ya kuondoa karanga ya chuma isiyochakaa ya majimaji\" class=\"wp-image-1039\" title=\"\" srcset=\"https:\/\/www.peanuts-machine.com\/wp-content\/uploads\/2023\/01\/stainless-steel-wet-groundnut-peeling-machine.webp 540w, https:\/\/www.peanuts-machine.com\/wp-content\/uploads\/2023\/01\/stainless-steel-wet-groundnut-peeling-machine-225x300.webp 225w, https:\/\/www.peanuts-machine.com\/wp-content\/uploads\/2023\/01\/stainless-steel-wet-groundnut-peeling-machine-9x12.webp 9w\" sizes=\"auto, (max-width: 540px) 100vw, 540px\" \/><figcaption class=\"wp-element-caption\">Mashine ya kuondoa karanga ya chuma isiyochakaa ya majimaji<\/figcaption><\/figure> <\/figure>    <figure class=\"wp-block-gallery has-nested-images columns-default is-cropped wp-block-gallery-5 is-layout-flex wp-block-gallery-is-layout-flex\"> <figure class=\"wp-block-image size-large\"><img loading=\"lazy\" decoding=\"async\" width=\"720\" height=\"540\" data-id=\"616\" src=\"https:\/\/www.peanuts-machine.com\/wp-content\/uploads\/2023\/01\/peanut-processing-equipment.webp\" alt=\"vifaa vya kusindika karanga\" class=\"wp-image-616\" title=\"\" srcset=\"https:\/\/www.peanuts-machine.com\/wp-content\/uploads\/2023\/01\/peanut-processing-equipment.webp 720w, https:\/\/www.peanuts-machine.com\/wp-content\/uploads\/2023\/01\/peanut-processing-equipment-300x225.webp 300w, https:\/\/www.peanuts-machine.com\/wp-content\/uploads\/2023\/01\/peanut-processing-equipment-16x12.webp 16w\" sizes=\"auto, (max-width: 720px) 100vw, 720px\" \/><figcaption class=\"wp-element-caption\">vifaa vya kusindika karanga<\/figcaption><\/figure>    <figure class=\"wp-block-image size-large\"><img loading=\"lazy\" decoding=\"async\" width=\"720\" height=\"540\" data-id=\"617\" src=\"https:\/\/www.peanuts-machine.com\/wp-content\/uploads\/2023\/01\/peanut-skin-remover.webp\" alt=\"kiondoa ngozi ya karanga\" class=\"wp-image-617\" title=\"\" srcset=\"https:\/\/www.peanuts-machine.com\/wp-content\/uploads\/2023\/01\/peanut-skin-remover.webp 720w, https:\/\/www.peanuts-machine.com\/wp-content\/uploads\/2023\/01\/peanut-skin-remover-300x225.webp 300w, https:\/\/www.peanuts-machine.com\/wp-content\/uploads\/2023\/01\/peanut-skin-remover-16x12.webp 16w\" sizes=\"auto, (max-width: 720px) 100vw, 720px\" \/><figcaption class=\"wp-element-caption\">kiondoa ngozi ya karanga<\/figcaption><\/figure> <\/figure>    <h2 class=\"wp-block-heading\">Bei ya mashine ya kuondoa ngozi ya karanga aina ya mvua<\/h2>    <p>Bei ya mashine ya kumenya karanga inaweza kutofautiana kwa kiasi kikubwa kutokana na sababu kadhaa. <\/p>    <ul class=\"wp-block-list\"> <li>Kwanza, mashine zenye pato la juu kwa kawaida huja kwa bei ya juu ikilinganishwa na zile zilizo na pato la chini. <\/li>    <li>Zaidi ya hayo, ubora wa mashine una jukumu muhimu; mashine za ubora wa juu kwa ujumla ni ghali zaidi kuliko wenzao wa ubora wa chini. <\/li>    <li>Watengenezaji wengine wanaweza kuchagua nyenzo zisizo za viwango vya chakula katika mashine zao za kumenya ngozi ya karanga ili kupunguza gharama. <\/li>    <li>Mwishowe, gharama za usafirishaji ni jambo lingine muhimu la kuzingatia. <\/li> <\/ul>    <p>Om du \u00e4r intresserad av priset p\u00e5 en maskin f\u00f6r att skala jordn\u00f6tter av v\u00e5t typ, v\u00e4nligen kontakta oss med dina krav och plats, s\u00e5 \u00e5terkommer vi till dig snabbt.<\/p>   <div class=\"wp-block-image\"> <figure class=\"aligncenter size-full\"><img loading=\"lazy\" decoding=\"async\" width=\"720\" height=\"540\" src=\"https:\/\/www.peanuts-machine.com\/wp-content\/uploads\/2023\/01\/peanut-peeling-machine-shipped-to-kenya.webp\" alt=\"mashine ya kumenya karanga kusafirishwa hadi kenya\" class=\"wp-image-311\" title=\"\" srcset=\"https:\/\/www.peanuts-machine.com\/wp-content\/uploads\/2023\/01\/peanut-peeling-machine-shipped-to-kenya.webp 720w, https:\/\/www.peanuts-machine.com\/wp-content\/uploads\/2023\/01\/peanut-peeling-machine-shipped-to-kenya-300x225.webp 300w\" sizes=\"auto, (max-width: 720px) 100vw, 720px\" \/><figcaption class=\"wp-element-caption\">mashine ya kumenya karanga kusafirishwa hadi kenya<\/figcaption><\/figure> <\/div>   <h2 class=\"wp-block-heading\">Wapi kununua mashine ya kumenya karanga?<\/h2>    <ul class=\"wp-block-list\"> <li>Unaweza kupata mashine ya kumenya karanga ndani ya nchi, ambayo itasaidia kupunguza gharama za usafirishaji na kurahisisha matengenezo.<\/li>    <li>Ikiwa unajua marafiki ambao wana uzoefu na aina hii ya ununuzi, fikiria kununua mashine kupitia wao.<\/li>    <li>Kwa ununuzi wa mtandaoni, kutokana na maendeleo katika usafirishaji wa kimataifa, unaweza kuagiza mashine ya kumenya njugu ya hali ya juu ya aina ya mvua kutoka nchi nyingine, kukupa chaguo zaidi. Kama mtengenezaji mtaalamu wa mashine mvua ya kumenya karanga, tunatoa aina mbalimbali za mifano kwa wateja kuchagua kutoka, kuhakikisha ubora ni uhakika.<\/li> <\/ul>   <div class=\"wp-block-image\"> <figure class=\"aligncenter size-full\"><img loading=\"lazy\" decoding=\"async\" width=\"720\" height=\"540\" src=\"https:\/\/www.peanuts-machine.com\/wp-content\/uploads\/2023\/01\/machine-certifications.webp\" alt=\"vyeti vya mashine\" class=\"wp-image-618\" title=\"\" srcset=\"https:\/\/www.peanuts-machine.com\/wp-content\/uploads\/2023\/01\/machine-certifications.webp 720w, https:\/\/www.peanuts-machine.com\/wp-content\/uploads\/2023\/01\/machine-certifications-300x225.webp 300w, https:\/\/www.peanuts-machine.com\/wp-content\/uploads\/2023\/01\/machine-certifications-16x12.webp 16w\" sizes=\"auto, (max-width: 720px) 100vw, 720px\" \/><figcaption class=\"wp-element-caption\">vyeti vya mashine<\/figcaption><\/figure> <\/div>   <p>Asante kwa kutembelea tovuti yetu! Ikiwa una nia ya sekta ya usindikaji wa karanga na una maswali yoyote, tafadhali jisikie huru kuwasilisha fomu iliyo upande wa kulia. Tutajibu ujumbe wako ndani ya saa 24.<\/p>","protected":false},"excerpt":{"rendered":"<p>Mashine ya kumenya njugu yenye unyevunyevu hutumia magurudumu laini ya mpira ili kuondoa vyema ngozi nyekundu kutoka kwa karanga. Ni kifaa kamili cha karanga za kukaanga, maziwa ya njugu, peremende, keki ya karanga na mafuta ya karanga. <\/p>","protected":false},"author":1,"featured_media":313,"parent":0,"template":"","tags":[37,36],"product-type":[49,46],"class_list":["post-310","product","type-product","status-publish","has-post-thumbnail","hentry","tag-groundnut","tag-peanut","product-type-peanut-peeling-machine","product-type-products"],"_links":{"self":[{"href":"https:\/\/www.peanuts-machine.com\/sw\/wp-json\/wp\/v2\/product\/310","targetHints":{"allow":["GET"]}}],"collection":[{"href":"https:\/\/www.peanuts-machine.com\/sw\/wp-json\/wp\/v2\/product"}],"about":[{"href":"https:\/\/www.peanuts-machine.com\/sw\/wp-json\/wp\/v2\/types\/product"}],"author":[{"embeddable":true,"href":"https:\/\/www.peanuts-machine.com\/sw\/wp-json\/wp\/v2\/users\/1"}],"wp:featuredmedia":[{"embeddable":true,"href":"https:\/\/www.peanuts-machine.com\/sw\/wp-json\/wp\/v2\/media\/313"}],"wp:attachment":[{"href":"https:\/\/www.peanuts-machine.com\/sw\/wp-json\/wp\/v2\/media?parent=310"}],"wp:term":[{"taxonomy":"post_tag","embeddable":true,"href":"https:\/\/www.peanuts-machine.com\/sw\/wp-json\/wp\/v2\/tags?post=310"},{"taxonomy":"product-type","embeddable":true,"href":"https:\/\/www.peanuts-machine.com\/sw\/wp-json\/wp\/v2\/product-type?post=310"}],"curies":[{"name":"wp","href":"https:\/\/api.w.org\/{rel}","templated":true}]}}