{"id":344,"date":"2023-03-15T15:14:48","date_gmt":"2023-03-15T07:14:48","guid":{"rendered":"https:\/\/www.peanuts-machine.com\/?post_type=product&#038;p=344"},"modified":"2026-01-14T16:10:25","modified_gmt":"2026-01-14T08:10:25","slug":"groundnut-frying-machine","status":"publish","type":"product","link":"https:\/\/www.peanuts-machine.com\/sw\/product\/groundnut-frying-machine\/","title":{"rendered":"Mashine ya Kupiga Mafuta ya Karanga ya Kibiashara | Frya ya Chakula ya Chuma Isiyo na Kufa"},"content":{"rendered":"<div class=\"kk-star-ratings kksr-auto kksr-align-left kksr-valign-top\"     data-payload='{&quot;align&quot;:&quot;left&quot;,&quot;id&quot;:&quot;344&quot;,&quot;slug&quot;:&quot;default&quot;,&quot;valign&quot;:&quot;top&quot;,&quot;ignore&quot;:&quot;&quot;,&quot;reference&quot;:&quot;auto&quot;,&quot;class&quot;:&quot;&quot;,&quot;count&quot;:&quot;23&quot;,&quot;legendonly&quot;:&quot;&quot;,&quot;readonly&quot;:&quot;&quot;,&quot;score&quot;:&quot;4.7&quot;,&quot;starsonly&quot;:&quot;&quot;,&quot;best&quot;:&quot;5&quot;,&quot;gap&quot;:&quot;5&quot;,&quot;greet&quot;:&quot;Rate this product&quot;,&quot;legend&quot;:&quot;4.7\\\/5 - (23 votes)&quot;,&quot;size&quot;:&quot;24&quot;,&quot;title&quot;:&quot;Commercial Groundnut Frying Machine | Stainless Steel Food Fryer&quot;,&quot;width&quot;:&quot;133.8&quot;,&quot;_legend&quot;:&quot;{score}\\\/{best} - ({count} {votes})&quot;,&quot;font_factor&quot;:&quot;1.25&quot;}'>              <div class=\"kksr-stars\">      <div class=\"kksr-stars-inactive\">             <div class=\"kksr-star\" data-star=\"1\" style=\"padding-right: 5px\">               <div class=\"kksr-icon\" style=\"width: 24px; height: 24px;\"><\/div>         <\/div>             <div class=\"kksr-star\" data-star=\"2\" style=\"padding-right: 5px\">               <div class=\"kksr-icon\" style=\"width: 24px; height: 24px;\"><\/div>         <\/div>             <div class=\"kksr-star\" data-star=\"3\" style=\"padding-right: 5px\">               <div class=\"kksr-icon\" style=\"width: 24px; height: 24px;\"><\/div>         <\/div>             <div class=\"kksr-star\" data-star=\"4\" style=\"padding-right: 5px\">               <div class=\"kksr-icon\" style=\"width: 24px; height: 24px;\"><\/div>         <\/div>             <div class=\"kksr-star\" data-star=\"5\" style=\"padding-right: 5px\">               <div class=\"kksr-icon\" style=\"width: 24px; height: 24px;\"><\/div>         <\/div>     <\/div>      <div class=\"kksr-stars-active\" style=\"width: 133.8px;\">             <div class=\"kksr-star\" style=\"padding-right: 5px\">               <div class=\"kksr-icon\" style=\"width: 24px; height: 24px;\"><\/div>         <\/div>             <div class=\"kksr-star\" style=\"padding-right: 5px\">               <div class=\"kksr-icon\" style=\"width: 24px; height: 24px;\"><\/div>         <\/div>             <div class=\"kksr-star\" style=\"padding-right: 5px\">               <div class=\"kksr-icon\" style=\"width: 24px; height: 24px;\"><\/div>         <\/div>             <div class=\"kksr-star\" style=\"padding-right: 5px\">               <div class=\"kksr-icon\" style=\"width: 24px; height: 24px;\"><\/div>         <\/div>             <div class=\"kksr-star\" style=\"padding-right: 5px\">               <div class=\"kksr-icon\" style=\"width: 24px; height: 24px;\"><\/div>         <\/div>     <\/div> <\/div>                   <div class=\"kksr-legend\" style=\"font-size: 19.2px;\">             4.7\/5 - (23 kura)    <\/div>     <\/div>  <p>Mashine ya kukaanga karanga ni vifaa vya kukaanga vya kibiashara vinavyotumika sana kwa aina mbalimbali za bidhaa za chakula kama karanga, chakula kilichovutwa, bidhaa za pasta, nyama, samaki na bidhaa za soya.<\/p>    <p>Den antar avancerad teknik f\u00f6r blandning av olja och vatten, vilket kan filtrera rester automatiskt. Detta f\u00f6rl\u00e4nger inte bara effektivt anv\u00e4ndningscykeln f\u00f6r matolja, utan sparar ocks\u00e5 upp till 50% av matoljan och 40% av elf\u00f6rbrukningen, vilket avsev\u00e4rt minskar produktionskostnaderna.<\/p>    <p>Vifaa vimewekwa na mfumo wa kudhibiti joto kiotomatiki ili kuhakikisha kukaanga sawa na ubora thabiti wa viambato. Inasaidia joto la umeme na joto la makaa ili kukidhi mahitaji ya mazingira tofauti ya uzalishaji.<\/p>    <p>Oavsett om det \u00e4r en jordn\u00f6tsbearbetningsanl\u00e4ggning eller en livsmedelsproduktionsanl\u00e4ggning, \u00e4r denna friterare det idealiska valet f\u00f6r att hj\u00e4lpa dig att enkelt f\u00f6rb\u00e4ttra produktions effektivitet och livsmedelskvalitet.<\/p>   <div class=\"wp-block-image\"> <figure class=\"aligncenter size-full\"><img loading=\"lazy\" decoding=\"async\" width=\"720\" height=\"540\" src=\"https:\/\/www.peanuts-machine.com\/wp-content\/uploads\/2023\/03\/machine-for-frying-groundnut.webp\" alt=\"mashine ya kukaanga njugu\" class=\"wp-image-350\" title=\"\" srcset=\"https:\/\/www.peanuts-machine.com\/wp-content\/uploads\/2023\/03\/machine-for-frying-groundnut.webp 720w, https:\/\/www.peanuts-machine.com\/wp-content\/uploads\/2023\/03\/machine-for-frying-groundnut-300x225.webp 300w\" sizes=\"auto, (max-width: 720px) 100vw, 720px\" \/><figcaption class=\"wp-element-caption\">mashine ya kukaanga njugu<\/figcaption><\/figure> <\/div>   <h2 class=\"wp-block-heading\">Maombi ya mashine ya kukaranga chakula<\/h2>    <p>Kikaangio cha chakula ni bora kwa tasnia ya usindikaji wa chakula, mikahawa ya chakula cha haraka, maduka ya kuku wa kukaanga, jikoni za keki, na zaidi. Hapa kuna orodha fupi ya aina mbalimbali za vyakula vinavyoweza kutayarishwa: <\/p>    <ul class=\"wp-block-list\"> <li>Karanga: maharagwe mapana, mbaazi, karanga, karanga za pine.<\/li>    <li>Vitafunio vya kuvuta pumzi: potpourri, chips za viazi.<\/li>    <li>Vitu vya pasta: masikio ya paka, keki za shell, donuts, sachima, potpourri.<\/li>    <li>Sahani za nyama: mkate wa nyama, mapaja ya kuku.<\/li>    <li>Chakula cha baharini: croaker ya njano, scallops.<\/li>    <li>Bidhaa za soya: tofu kavu, pumzi ya tofu, na wengine.<\/li> <\/ul>   <div class=\"wp-block-image\"> <figure class=\"aligncenter size-full\"><img loading=\"lazy\" decoding=\"async\" width=\"720\" height=\"540\" src=\"https:\/\/www.peanuts-machine.com\/wp-content\/uploads\/2023\/03\/application-scope.webp\" alt=\"wigo wa maombi\" class=\"wp-image-345\" title=\"\" srcset=\"https:\/\/www.peanuts-machine.com\/wp-content\/uploads\/2023\/03\/application-scope.webp 720w, https:\/\/www.peanuts-machine.com\/wp-content\/uploads\/2023\/03\/application-scope-300x225.webp 300w\" sizes=\"auto, (max-width: 720px) 100vw, 720px\" \/><figcaption class=\"wp-element-caption\">wigo wa maombi<\/figcaption><\/figure> <\/div>   <h2 class=\"wp-block-heading\">Kanuni ya kazi ya mashine ya kukaanga karanga<\/h2>    <ul class=\"wp-block-list\"> <li>Metod f\u00f6r uppv\u00e4rmning: utrustningen anv\u00e4nder elektricitet eller gas som v\u00e4rmek\u00e4lla f\u00f6r att v\u00e4rma oljetanken s\u00e5 att oljans temperatur gradvis stiger f\u00f6r att uppn\u00e5 den temperatur som kr\u00e4vs f\u00f6r att fritera ingredienser.<\/li>    <li>Automatisk omr\u00f6rning: det interna transmissionssystemet driver omr\u00f6rningsanordningen att vrida upp och ner. Ingredienserna v\u00e4rms j\u00e4mnt i oljan, vilket undviker lokaliserad fritering av pasta eller oj\u00e4mn uppv\u00e4rmning.<\/li>    <li>Frying uniform: n\u00e4r oljetemperaturen n\u00e5r den inst\u00e4llda v\u00e4rden, tills\u00e4tt ingredienserna. R\u00f6rfunktionen s\u00e4kerst\u00e4ller att alla ingredienser steks j\u00e4mnt, vilket f\u00f6rb\u00e4ttrar smaken och kvaliteten p\u00e5 de friterade produkterna.<\/li>    <li>Separering av rester: rester som genereras under fritering sjunker automatiskt till botten. Detta f\u00f6rhindrar effektivt att oljans kvalitet f\u00f6rs\u00e4mras och f\u00f6rl\u00e4nger livsl\u00e4ngden p\u00e5 matlagningsoljan.<\/li>    <li>Struktur f\u00f6r olja-vatten-separation: anv\u00e4nder avancerad teknik f\u00f6r olja-vatten-separation, den friterade maten flyter p\u00e5 ytan av oljan, medan vatten och f\u00f6roreningar sjunker till botten, vilket h\u00e5ller oljan ren.<\/li>    <li>Utoaji wa moja kwa moja: baada ya kukaanga kukamilika, vifaa vinaweza kutenganisha kiotomatiki viungo kutoka kwa mafuta. Hii inarahisisha ukusanyaji wa bidhaa zilizokamilika na kuboresha ufanisi wa uzalishaji.<\/li> <\/ul>    <figure class=\"wp-block-embed aligncenter is-type-video is-provider-youtube wp-block-embed-youtube wp-embed-aspect-16-9 wp-has-aspect-ratio\"><div class=\"wp-block-embed__wrapper\"> <iframe loading=\"lazy\" title=\"Mashine ya Kukaanga Karanga Kwa ajili ya Kukaanga Karanga, Kidevu, Karanga, Nyama, Chakula cha Kupunjwa.\" width=\"500\" height=\"281\" src=\"https:\/\/www.youtube.com\/embed\/Sb2JiGceo_A?feature=oembed\" frameborder=\"0\" allow=\"accelerometer; autoplay; clipboard-write; encrypted-media; gyroscope; picture-in-picture; web-share\" referrerpolicy=\"strict-origin-when-cross-origin\" allowfullscreen><\/iframe> <\/div><figcaption class=\"wp-element-caption\">video ya mashine ya kukaanga karanga<\/figcaption><\/figure>    <h2 class=\"wp-block-heading\">Tekniska parametrar f\u00f6r matfriteringsmaskin<\/h2>    <p>Vi erbjuder elektriska och gasdrivna uppv\u00e4rmningstyper av jordn\u00f6tsfriteringsmaskiner. Dessutom tillhandah\u00e5ller vi alternativ baserat p\u00e5 form, med b\u00e5de runda och fyrkantiga maskiner tillg\u00e4ngliga. Valet beror slutligen p\u00e5 kundens plats och personliga preferenser.<\/p>    <h3 class=\"wp-block-heading\">Mashine ya kukaanga gesi yenye joto pande zote<\/h3>    <figure class=\"wp-block-table is-style-stripes\"><table><tbody><tr><td>Mfano<\/td><td>TZ-RG1000<\/td><td>TZ-RG1200<\/td><td>TZ-RG1500<\/td><\/tr><tr><td>Ukubwa(mm)<\/td><td>1450x1200x1700<\/td><td>1650x1400x1700<\/td><td>1950x1600x1700<\/td><\/tr><tr><td>Nguvu ya kutokwa (kw)<\/td><td>0.75<\/td><td>0.75<\/td><td>1.1<\/td><\/tr><tr><td>Nguvu ya kuchochea (kw)<\/td><td>0.75<\/td><td>0.75<\/td><td>1.5<\/td><\/tr><tr><td>Nguvu ya kupokanzwa<\/td><td>Kilocalorie 100000<\/td><td>Kilocalorie 200000<\/td><td>Kilocalorie 200000<\/td><\/tr><tr><td>Ukubwa wa eneo la kukaangia (mm)<\/td><td>1000&#215;350<\/td><td>1200&#215;350<\/td><td>1500&#215;350<\/td><\/tr><\/tbody><\/table><\/figure>    <h3 class=\"wp-block-heading\">Kikaangio cha chakula cha kibiashara kinachopashwa joto cha umeme<\/h3>    <figure class=\"wp-block-table is-style-stripes\"><table><tbody><tr><td>Mfano<\/td><td>TZ-RE1000<\/td><td>TZ-RE1200<\/td><td>TZ-RE1500<\/td><\/tr><tr><td>Ukubwa(mm)<\/td><td>1250x1200x1700<\/td><td>1450x1400x1700<\/td><td>1750x1700x1700<\/td><\/tr><tr><td>Nguvu ya kutokwa (kw)<\/td><td>0.75<\/td><td>0.75<\/td><td>1.5<\/td><\/tr><tr><td>Nguvu ya kuchochea (kw)<\/td><td>0.75<\/td><td>1.1<\/td><td>1.5<\/td><\/tr><tr><td>Ukubwa wa eneo la kukaangia (mm)<\/td><td>1000&#215;350<\/td><td>1200&#215;350<\/td><td>1500&#215;350<\/td><\/tr><\/tbody><\/table><\/figure>   <div class=\"wp-block-image\"> <figure class=\"aligncenter size-full\"><img loading=\"lazy\" decoding=\"async\" width=\"720\" height=\"540\" src=\"https:\/\/www.peanuts-machine.com\/wp-content\/uploads\/2023\/03\/stirrer-device-of-the-machine.webp\" alt=\"kifaa cha kusukuma cha mashine\" class=\"wp-image-353\" title=\"\" srcset=\"https:\/\/www.peanuts-machine.com\/wp-content\/uploads\/2023\/03\/stirrer-device-of-the-machine.webp 720w, https:\/\/www.peanuts-machine.com\/wp-content\/uploads\/2023\/03\/stirrer-device-of-the-machine-300x225.webp 300w\" sizes=\"auto, (max-width: 720px) 100vw, 720px\" \/><figcaption class=\"wp-element-caption\">kifaa cha kusukuma cha mashine<\/figcaption><\/figure> <\/div>   <h3 class=\"wp-block-heading\">Mashine ya kikaangio cha kupokanzwa umeme ya mraba<\/h3>    <figure class=\"wp-block-table is-style-stripes\"><table><tbody><tr><td>Mfano<\/td><td>TZ-SE1000<\/td><td>TZ-SE1500<\/td><td>TZ-SE2000<\/td><\/tr><tr><td>Ukubwa(mm)<\/td><td>1400x1100x1700<\/td><td>1900x1100x1700<\/td><td>2400x1100x1700<\/td><\/tr><tr><td>Nguvu ya kutokwa (kw)<\/td><td>0.75<\/td><td>0.75<\/td><td>1.5<\/td><\/tr><tr><td>Nguvu ya kupokanzwa (kw)<\/td><td>40<\/td><td>60<\/td><td>90<\/td><\/tr><tr><td>Ukubwa wa eneo la kukaangia (mm)<\/td><td>1200&#215;800<\/td><td>1500&#215;800<\/td><td>2000&#215;800<\/td><\/tr><\/tbody><\/table><\/figure>    <h3 class=\"wp-block-heading\">Mashine ya kukaanga gesi ya mraba inapokanzwa<\/h3>    <figure class=\"wp-block-table is-style-stripes\"><table><tbody><tr><td>Mfano<\/td><td>TZ-SG1000<\/td><td>TZ-SG1500<\/td><td>TZ-SG2000<\/td><\/tr><tr><td>Ukubwa(mm)<\/td><td>1400x1500x1700<\/td><td>1900x1500x1700<\/td><td>2400x1500x1700<\/td><\/tr><tr><td>Nguvu ya kutokwa (kw)<\/td><td>0.75<\/td><td>0.75<\/td><td>1.5<\/td><\/tr><tr><td>Nguvu ya kupokanzwa<\/td><td>Kilocalorie 100000<\/td><td>Kilocalorie 200000<\/td><td>Kilocalorie 200000<\/td><\/tr><tr><td>Ukubwa wa eneo la kukaangia (mm)<\/td><td>1200&#215;800<\/td><td>1500&#215;800<\/td><td>2000&#215;800<\/td><\/tr><\/tbody><\/table><\/figure>    <p>Juu ni vigezo vya kiufundi vya mashine 4 za kukaanga. Ikiwa unahitaji mashine ya kukaanga karanga ya ubora wa juu, karibuni kuwasiliana nasi wakati wowote.<\/p>    <h2 class=\"wp-block-heading\">H\u00f6jdpunkter f\u00f6r jordn\u00f6tsfriteringsmaskin<\/h2>    <ul class=\"wp-block-list\"> <li>Inbyggd omr\u00f6rningsmekanism kan kontinuerligt v\u00e4nda ingredienserna, s\u00e5 att jordn\u00f6tterna och andra material v\u00e4rms j\u00e4mnt, vilket effektivt f\u00f6rhindrar fenomenet med klibbigt botten och fastnar i kastrullen.<\/li>    <li>Mashine ya kuka karanga ina kazi ya kudhibiti joto kwa akili. Wakati joto la mafuta linapofikia kikomo kilichowekwa, joto la umeme au burner litasitishwa kiotomatiki ili kudumisha joto bora la kukaanga.<\/li>    <li>Utrustad med elektrisk lyft- och urladdningsanordning, urladdas materialet automatiskt efter att stekningen \u00e4r klar, vilket kraftigt minskar arbetsintensiteten och f\u00f6rb\u00e4ttrar arbets effektiviteten.<\/li>    <li>Mwili umeundwa kwa chuma cha pua 304, chenye nguvu kubwa, upinzani wa kutu, rahisi kusafisha, inakidhi viwango vya afya vya usindikaji wa chakula.<\/li>    <li>Att anv\u00e4nda aluminium silikat v\u00e4rmeisoleringsbomull, bra v\u00e4rmeisoleringsprestanda, kan effektivt l\u00e5sa v\u00e4rmen, minska v\u00e4rmef\u00f6rlust, spara el och br\u00e4nslekostnader.<\/li> <\/ul>   <div class=\"wp-block-image\"> <figure class=\"aligncenter size-full\"><img loading=\"lazy\" decoding=\"async\" width=\"720\" height=\"540\" src=\"https:\/\/www.peanuts-machine.com\/wp-content\/uploads\/2023\/03\/small-peanut-frying-machine.webp\" alt=\"mashine ndogo ya kukaanga karanga\" class=\"wp-image-352\" title=\"\" srcset=\"https:\/\/www.peanuts-machine.com\/wp-content\/uploads\/2023\/03\/small-peanut-frying-machine.webp 720w, https:\/\/www.peanuts-machine.com\/wp-content\/uploads\/2023\/03\/small-peanut-frying-machine-300x225.webp 300w\" sizes=\"auto, (max-width: 720px) 100vw, 720px\" \/><figcaption class=\"wp-element-caption\">mashine ndogo ya kukaanga karanga<\/figcaption><\/figure> <\/div>   <h2 class=\"wp-block-heading\">Jinsi ya kuandaa karanga kabla ya kukaanga?<\/h2>    <ol class=\"wp-block-list\"> <li>Chagua karanga mbichi mbichi. <\/li>    <li>Ondoa maganda na ngozi kutoka kwa karanga. Mashine ya kumenya karanga na mashine ya kumenya karanga yenye unyevunyevu inaweza kuwa muhimu kwa kazi hii. <\/li>    <li>Osha na kavu karanga baada ya kusindika. <\/li>    <li>Washa kikaango hadi 175\u00b0C. Unaweza kutumia kipimajoto ili kuhakikisha mafuta yapo kwenye joto linalofaa. <\/li>    <li>Ongeza karanga kwa mafuta ya moto. <\/li>    <li>Fry yao hadi kufikia rangi ya dhahabu au rangi ya giza, kulingana na upendeleo wako. Hii kawaida huchukua kama dakika 10 hadi 15. <\/li>    <li>N\u00e4r du \u00e4r klar, h\u00e4ll ut de stekta jordn\u00f6tterna f\u00f6r att svalna. Dessutom \u00e4r det viktigt att regelbundet <a href=\"https:\/\/www.peanuts-machine.com\/sw\/Info\/maintenance-points-of-automatic-groundnut-frying-machine\/\">tunza mashine yako ya kukaangia karanga<\/a> ili kuhakikisha maisha yake marefu.<\/li> <\/ol>   <div class=\"wp-block-image\"> <figure class=\"aligncenter size-full\"><img loading=\"lazy\" decoding=\"async\" width=\"720\" height=\"540\" src=\"https:\/\/www.peanuts-machine.com\/wp-content\/uploads\/2023\/03\/groundnut-frying-machine.webp\" alt=\"mashine ya kukaanga karanga\" class=\"wp-image-349\" title=\"\" srcset=\"https:\/\/www.peanuts-machine.com\/wp-content\/uploads\/2023\/03\/groundnut-frying-machine.webp 720w, https:\/\/www.peanuts-machine.com\/wp-content\/uploads\/2023\/03\/groundnut-frying-machine-300x225.webp 300w\" sizes=\"auto, (max-width: 720px) 100vw, 720px\" \/><figcaption class=\"wp-element-caption\">mashine ya kukaanga karanga<\/figcaption><\/figure> <\/div>   <h2 class=\"wp-block-heading\">Wapi kununua mashine ya kukaanga kiotomatiki?<\/h2>    <p class=\"translation-block\">Tukiwa na uzoefu wa zaidi ya miaka 20 katika utengenezaji wa mashine, tunatoa sio tu mashine za hali ya juu za kukaanga karanga bali pia <a href=\"https:\/\/www.peanuts-machine.com\/sw\/product\/groundnut-sheller\/\">mashine za maganda ya karanga<\/a>, <a href=\"https:\/\/www.peanuts-machine.com\/sw\/product\/peanut-roasting-machine\/\">mashine za karanga zilizochomwa<\/a>, na <a href=\"https:\/\/www.peanuts-machine.com\/sw\/product\/commercial-peanut-butter-machine\/\">vifaa vya kutengeneza siagi ya karanga<\/a>, miongoni mwa chaguzi zingine. Ikiwa unahitaji mashine yoyote ya <a href=\"https:\/\/en.wikipedia.org\/wiki\/Peanut\" target=\"_blank\" rel=\"noopener\">karanga<\/a>, tafadhali jisikie huru kuwasiliana nasi.<\/p>","protected":false},"excerpt":{"rendered":"<p>Mashine ya kuka karanga ya chuma isiyo na kutu ina vifaa vya kuchanganya kiotomatiki, udhibiti wa joto, na kazi za kutolewa. Inafaa kwa mchakato wa kukaanga aina nyingi za vyakula.<\/p>","protected":false},"author":1,"featured_media":351,"parent":0,"template":"","tags":[36],"product-type":[54,46],"class_list":["post-344","product","type-product","status-publish","has-post-thumbnail","hentry","tag-peanut","product-type-other-peanut-related-machine","product-type-products"],"_links":{"self":[{"href":"https:\/\/www.peanuts-machine.com\/sw\/wp-json\/wp\/v2\/product\/344","targetHints":{"allow":["GET"]}}],"collection":[{"href":"https:\/\/www.peanuts-machine.com\/sw\/wp-json\/wp\/v2\/product"}],"about":[{"href":"https:\/\/www.peanuts-machine.com\/sw\/wp-json\/wp\/v2\/types\/product"}],"author":[{"embeddable":true,"href":"https:\/\/www.peanuts-machine.com\/sw\/wp-json\/wp\/v2\/users\/1"}],"wp:featuredmedia":[{"embeddable":true,"href":"https:\/\/www.peanuts-machine.com\/sw\/wp-json\/wp\/v2\/media\/351"}],"wp:attachment":[{"href":"https:\/\/www.peanuts-machine.com\/sw\/wp-json\/wp\/v2\/media?parent=344"}],"wp:term":[{"taxonomy":"post_tag","embeddable":true,"href":"https:\/\/www.peanuts-machine.com\/sw\/wp-json\/wp\/v2\/tags?post=344"},{"taxonomy":"product-type","embeddable":true,"href":"https:\/\/www.peanuts-machine.com\/sw\/wp-json\/wp\/v2\/product-type?post=344"}],"curies":[{"name":"wp","href":"https:\/\/api.w.org\/{rel}","templated":true}]}}