{"id":47,"date":"2022-08-09T07:33:37","date_gmt":"2022-08-09T07:33:37","guid":{"rendered":"https:\/\/www.peanuts-machine.com\/?post_type=product&#038;p=47"},"modified":"2026-03-23T16:06:37","modified_gmt":"2026-03-23T08:06:37","slug":"peanut-butter-production-line","status":"publish","type":"product","link":"https:\/\/www.peanuts-machine.com\/sw\/product\/peanut-butter-production-line\/","title":{"rendered":"Mstari wa Uzalishaji wa Siagi ya Karanga 500-2000Kg\/h | Mstari wa Viwanda wa Siagi ya Karanga"},"content":{"rendered":"<div class=\"kk-star-ratings kksr-auto kksr-align-left kksr-valign-top\"     data-payload='{&quot;align&quot;:&quot;left&quot;,&quot;id&quot;:&quot;47&quot;,&quot;slug&quot;:&quot;default&quot;,&quot;valign&quot;:&quot;top&quot;,&quot;ignore&quot;:&quot;&quot;,&quot;reference&quot;:&quot;auto&quot;,&quot;class&quot;:&quot;&quot;,&quot;count&quot;:&quot;21&quot;,&quot;legendonly&quot;:&quot;&quot;,&quot;readonly&quot;:&quot;&quot;,&quot;score&quot;:&quot;4.7&quot;,&quot;starsonly&quot;:&quot;&quot;,&quot;best&quot;:&quot;5&quot;,&quot;gap&quot;:&quot;5&quot;,&quot;greet&quot;:&quot;Rate this product&quot;,&quot;legend&quot;:&quot;4.7\\\/5 - (21 votes)&quot;,&quot;size&quot;:&quot;24&quot;,&quot;title&quot;:&quot;500-2000Kg\\\/h Peanut Butter Production Line | Industrial Nut Butter Line&quot;,&quot;width&quot;:&quot;133.8&quot;,&quot;_legend&quot;:&quot;{score}\\\/{best} - ({count} {votes})&quot;,&quot;font_factor&quot;:&quot;1.25&quot;}'>              <div class=\"kksr-stars\">      <div class=\"kksr-stars-inactive\">             <div class=\"kksr-star\" data-star=\"1\" style=\"padding-right: 5px\">               <div class=\"kksr-icon\" style=\"width: 24px; height: 24px;\"><\/div>         <\/div>             <div class=\"kksr-star\" data-star=\"2\" style=\"padding-right: 5px\">               <div class=\"kksr-icon\" style=\"width: 24px; height: 24px;\"><\/div>         <\/div>             <div class=\"kksr-star\" data-star=\"3\" style=\"padding-right: 5px\">               <div class=\"kksr-icon\" style=\"width: 24px; height: 24px;\"><\/div>         <\/div>             <div class=\"kksr-star\" data-star=\"4\" style=\"padding-right: 5px\">               <div class=\"kksr-icon\" style=\"width: 24px; height: 24px;\"><\/div>         <\/div>             <div class=\"kksr-star\" data-star=\"5\" style=\"padding-right: 5px\">               <div class=\"kksr-icon\" style=\"width: 24px; height: 24px;\"><\/div>         <\/div>     <\/div>      <div class=\"kksr-stars-active\" style=\"width: 133.8px;\">             <div class=\"kksr-star\" style=\"padding-right: 5px\">               <div class=\"kksr-icon\" style=\"width: 24px; height: 24px;\"><\/div>         <\/div>             <div class=\"kksr-star\" style=\"padding-right: 5px\">               <div class=\"kksr-icon\" style=\"width: 24px; height: 24px;\"><\/div>         <\/div>             <div class=\"kksr-star\" style=\"padding-right: 5px\">               <div class=\"kksr-icon\" style=\"width: 24px; height: 24px;\"><\/div>         <\/div>             <div class=\"kksr-star\" style=\"padding-right: 5px\">               <div class=\"kksr-icon\" style=\"width: 24px; height: 24px;\"><\/div>         <\/div>             <div class=\"kksr-star\" style=\"padding-right: 5px\">               <div class=\"kksr-icon\" style=\"width: 24px; height: 24px;\"><\/div>         <\/div>     <\/div> <\/div>                   <div class=\"kksr-legend\" style=\"font-size: 19.2px;\">             4.7\/5 - (21 kura)    <\/div>     <\/div>  <p>The peanut butter production line is a specialized, fully automated processing system designed for the efficient production of various types of peanut butter. Taizy&#8217;s nut butter processing line offers multiple capacity options tailored to customer needs, ranging from 500 kg\/h to 2,000 kg\/h, accommodating production scales from small workshops to large-scale factories.<\/p>    <p>Wakati wa uzalishaji, karanga zilizochaguliwa kwa uangalifu hupitia michakato kama vile kuchoma kwa joto la juu, kuondoa maganda, na kusaga ili kuzalisha siagi ya karanga yenye ubora wa juu. Iwe ni siagi ya karanga laini ya jadi au siagi ya karanga yenye vipande vya karanga vilivyoongezwa, mfumo unaweza kufikia usindikaji wa ubora wa juu kwa urahisi.<\/p>    <figure class=\"wp-block-embed aligncenter is-type-video is-provider-youtube wp-block-embed-youtube wp-embed-aspect-16-9 wp-has-aspect-ratio\"><div class=\"wp-block-embed__wrapper\"> <iframe loading=\"lazy\" title=\"Fr\u00e5n jordn\u00f6tter till perfektion | Jordn\u00f6tssm\u00f6rsproduktionslinje i aktion \ud83e\udd5c\u2728#jordn\u00f6tssm\u00f6r\" width=\"500\" height=\"281\" src=\"https:\/\/www.youtube.com\/embed\/hpgksLfMthQ?feature=oembed\" frameborder=\"0\" allow=\"accelerometer; autoplay; clipboard-write; encrypted-media; gyroscope; picture-in-picture; web-share\" referrerpolicy=\"strict-origin-when-cross-origin\" allowfullscreen><\/iframe> <\/div><figcaption class=\"wp-element-caption\">Video ya kazi ya laini ya uzalishaji wa siagi ya karanga katika kiwanda<\/figcaption><\/figure>    <p>Mstari mzima wa uzalishaji umeandaliwa kwa kiwango kikubwa na hufanya kazi katika mfumo uliofungwa kikamilifu, unaojumuisha operesheni rahisi, uendeshaji laini, viwango vya chini vya kelele, upinzani wa kutu, na urahisi wa matengenezo. Hii inahakikisha ubora wa bidhaa thabiti na imeifanya ipendwe sana katika masoko ya ndani na nje.<\/p>   <div class=\"wp-block-image\"> <figure class=\"aligncenter size-full\"><img loading=\"lazy\" decoding=\"async\" width=\"1024\" height=\"576\" src=\"https:\/\/www.peanuts-machine.com\/wp-content\/uploads\/2022\/08\/automatic-peanut-butter-processing-line.webp\" alt=\"laini ya usindikaji wa siagi ya karanga moja kwa moja\" class=\"wp-image-51\" title=\"\" srcset=\"https:\/\/www.peanuts-machine.com\/wp-content\/uploads\/2022\/08\/automatic-peanut-butter-processing-line.webp 1024w, https:\/\/www.peanuts-machine.com\/wp-content\/uploads\/2022\/08\/automatic-peanut-butter-processing-line-300x169.webp 300w, https:\/\/www.peanuts-machine.com\/wp-content\/uploads\/2022\/08\/automatic-peanut-butter-processing-line-768x432.webp 768w\" sizes=\"auto, (max-width: 1024px) 100vw, 1024px\" \/><figcaption class=\"wp-element-caption\">laini ya usindikaji wa siagi ya karanga moja kwa moja<\/figcaption><\/figure> <\/div>   <h2 class=\"wp-block-heading\">Je, ni matumizi gani ya siagi ya karanga?<\/h2>    <p>Siagi ya karanga ni kitoweo kinachopendwa duniani kote ambacho kinaweza kutumika katika vyakula vitamu na vyenye ladha, na kinatumiwa sana katika vyakula mbalimbali:<\/p>    <ul class=\"wp-block-list\"> <li>Vyakula vya mtindo wa Magharibi: hutumiwa katika pancakes, sandwiches, biskuti zenye ladha ya karanga, keki zilizooka, pipi, nafaka za kifungua kinywa, na aiskrimu, n.k.<\/li>    <li>Vyakula vya mtindo wa Kichina: hutumiwa katika tambi za kukaanga, tambi kavu za moto, tambi za kukaanga, michuzi ya dip ya hot pot, buns za mvuke, na kama kitoweo cha vyakula vya kukaanga.<\/li>    <li>Matumizi mengine: inaweza kutumika kama kiungo cha ndani au kuenea kwa keki, mkate, buns, dessert, na zaidi.<\/li> <\/ul>   <div class=\"wp-block-image\"> <figure class=\"aligncenter size-full\"><img loading=\"lazy\" decoding=\"async\" width=\"720\" height=\"540\" src=\"https:\/\/www.peanuts-machine.com\/wp-content\/uploads\/2022\/08\/peanut-butter.webp\" alt=\"siagi ya karanga\" class=\"wp-image-54\" title=\"\" srcset=\"https:\/\/www.peanuts-machine.com\/wp-content\/uploads\/2022\/08\/peanut-butter.webp 720w, https:\/\/www.peanuts-machine.com\/wp-content\/uploads\/2022\/08\/peanut-butter-300x225.webp 300w\" sizes=\"auto, (max-width: 720px) 100vw, 720px\" \/><figcaption class=\"wp-element-caption\">siagi ya karanga<\/figcaption><\/figure> <\/div>   <h2 class=\"wp-block-heading\">Vipengele vya laini ya uzalishaji wa siagi ya karanga kiotomatiki<\/h2>    <ul class=\"wp-block-list\"> <li>Inashughulikia mchakato mzima kutoka kuchoma, maganda, kusagwa, kusaga, hadi ufungaji, kupunguza kwa kiasi kikubwa gharama za wafanyikazi.<\/li>    <li>Imejengwa kabisa kutoka kwa chuma cha pua kinachostahimili kutu, ikihakikisha uendeshaji laini, maisha marefu ya huduma, na muundo uliofungwa kikamilifu ili kuzuia uchafuzi.<\/li>    <li>Magari yaliyoboreshwa ya kusaga coarse na laini huhakikisha umbile laini na laini la siagi ya karanga.<\/li>    <li>Ina kiolesura cha skrini ya kugusa kwa shughuli za kiotomatiki, na kuifanya iwe rahisi kutumia na kudhibiti.<\/li>    <li>Inaweza kuzalisha siagi ya karanga laini, yenye vipande, tamu, au ya chumvi, na pia inafaa kwa siagi ya ufuta, siagi ya lozi, na bidhaa zingine.<\/li>    <li>Inaweza kubinafsishwa ili kukidhi mahitaji ya wateja kwa uwezo wa uzalishaji na usanidi, inayofaa kwa viwanda vya ukubwa mbalimbali.<\/li>    <li>Imethibitishwa na CE, inatii viwango vya kimataifa vya usalama na ubora, na kuhakikisha uaminifu wa bidhaa.<\/li> <\/ul>   <div class=\"wp-block-image\"> <figure class=\"aligncenter size-full\"><img loading=\"lazy\" decoding=\"async\" width=\"720\" height=\"540\" src=\"https:\/\/www.peanuts-machine.com\/wp-content\/uploads\/2022\/08\/peanut-butter-production-line-1.webp\" alt=\"mstari wa uzalishaji wa siagi ya karanga\" class=\"wp-image-794\" title=\"\" srcset=\"https:\/\/www.peanuts-machine.com\/wp-content\/uploads\/2022\/08\/peanut-butter-production-line-1.webp 720w, https:\/\/www.peanuts-machine.com\/wp-content\/uploads\/2022\/08\/peanut-butter-production-line-1-300x225.webp 300w, https:\/\/www.peanuts-machine.com\/wp-content\/uploads\/2022\/08\/peanut-butter-production-line-1-16x12.webp 16w\" sizes=\"auto, (max-width: 720px) 100vw, 720px\" \/><figcaption class=\"wp-element-caption\">mstari wa uzalishaji wa siagi ya karanga<\/figcaption><\/figure> <\/div>  <div class=\"wp-block-image\"> <figure class=\"aligncenter size-full\"><img loading=\"lazy\" decoding=\"async\" width=\"720\" height=\"540\" src=\"https:\/\/www.peanuts-machine.com\/wp-content\/uploads\/2022\/08\/automatic-nut-butter-production-line.webp\" alt=\"mstari wa uzalishaji wa siagi ya karanga wa kiotomatiki\" class=\"wp-image-1120\" title=\"\" srcset=\"https:\/\/www.peanuts-machine.com\/wp-content\/uploads\/2022\/08\/automatic-nut-butter-production-line.webp 720w, https:\/\/www.peanuts-machine.com\/wp-content\/uploads\/2022\/08\/automatic-nut-butter-production-line-300x225.webp 300w, https:\/\/www.peanuts-machine.com\/wp-content\/uploads\/2022\/08\/automatic-nut-butter-production-line-16x12.webp 16w\" sizes=\"auto, (max-width: 720px) 100vw, 720px\" \/><figcaption class=\"wp-element-caption\">mstari wa uzalishaji wa siagi ya karanga wa kiotomatiki<\/figcaption><\/figure> <\/div>   <h2 class=\"wp-block-heading\" id=\"h-how-peanut-butter-is-made-in-factories\">Je! siagi ya karanga hutengenezwaje viwandani?<\/h2>    <p>Laini ya uzalishaji wa siagi ya karanga hutumia michakato ya kiotomatiki kikamilifu ili kufikia usindikaji mzuri kutoka kwa malighafi hadi bidhaa zilizokamilika. Michakato mikuu ni pamoja na:<\/p>    <ol class=\"wp-block-list\"> <li>Kuchoma na kupoeza: kuchoma kwa joto la juu huongeza harufu ya karanga, ikifuatiwa na upoezaji wa haraka kupitia ukanda wa kupoeza ili kuziandaa kwa maganda.<\/li>    <li>Maganda na kusaga: baada ya maganda bora, karanga hupondwa kuwa kuweka laini.<\/li>    <li>Kuongeza viungo na kuondoa hewa: viungo huongezwa kulingana na fomula ili kuhakikisha ladha sare, wakati kuondoa hewa huongeza muda wa kuisha kwa bidhaa.<\/li>    <li>Ufungaji: siagi ya karanga iliyokamilika hujazwa kiotomatiki kwenye chupa au makopo kwa kutumia vifaa vya kujaza kiotomatiki, na kuifanya iwe rahisi kuuza.<\/li> <\/ol>    <figure class=\"wp-block-embed aligncenter is-type-video is-provider-youtube wp-block-embed-youtube wp-embed-aspect-16-9 wp-has-aspect-ratio\"><div class=\"wp-block-embed__wrapper\"> <iframe loading=\"lazy\" title=\"Laini Kubwa ya Uzalishaji Siagi ya Karanga | Mashine ya Kutengeneza Siagi ya Karanga\" width=\"500\" height=\"281\" src=\"https:\/\/www.youtube.com\/embed\/6hxYN-_xMGQ?feature=oembed\" frameborder=\"0\" allow=\"accelerometer; autoplay; clipboard-write; encrypted-media; gyroscope; picture-in-picture; web-share\" referrerpolicy=\"strict-origin-when-cross-origin\" allowfullscreen><\/iframe> <\/div><figcaption class=\"wp-element-caption\">Video ya mtiririko wa kazi wa laini ya uzalishaji wa siagi ya karanga<\/figcaption><\/figure>    <h2 class=\"wp-block-heading\" id=\"h-peanut-butter-processing-machine-introduction\">Utangulizi wa mashine ya kusindika siagi ya karanga<\/h2>    <ol class=\"wp-block-list\"> <li><strong><em><a href=\"https:\/\/www.peanuts-machine.com\/sw\/product\/continuous-peanut-roasting-oven\/\">Mashine ya kukaanga karanga<\/a><\/em><\/strong>: udhibiti wa joto kiotomatiki huhakikisha harufu sare.<\/li>    <li>Ukanda wa kupoeza: upoezaji wa haraka huboresha ufanisi wa maganda unaofuata.<\/li>    <li><strong><em><a href=\"https:\/\/www.peanuts-machine.com\/sw\/product\/peanut-peeling-and-splitting-machine\/\">Mashine ya kumenya karanga<\/a><\/em><\/strong>: kiwango cha maganda hadi 96%, kuboresha ubora wa kusaga.<\/li>    <li>Mashine ya kusaga siagi ya karanga: kifaa kuu kinachoweza kuzalisha siagi ya karanga yenye ufanisi wa juu.<\/li>    <li>Tangki ya kuchanganya: inasaidia kuchanganya viungo mbalimbali, na ladha zinazoweza kubinafsishwa.<\/li>    <li>Tangki ya kuondoa hewa: huondoa hewa ili kuongeza muda wa kuisha kwa bidhaa.<\/li>    <li><strong><em><a href=\"https:\/\/www.peanuts-machine.com\/sw\/product\/peanut-butter-filling-machine\/\">Mashine ya kujaza siagi ya karanga<\/a><\/em><\/strong>: kujaza na kuziba kiotomatiki kikamilifu, kuboresha ufanisi wa uzalishaji.<\/li> <\/ol>   <div class=\"wp-block-image\"> <figure class=\"aligncenter size-full\"><img loading=\"lazy\" decoding=\"async\" width=\"720\" height=\"540\" src=\"https:\/\/www.peanuts-machine.com\/wp-content\/uploads\/2022\/08\/continuous-peanut-roasting-machine.webp\" alt=\"Mashine ya kuoka korosho endelevu\" class=\"wp-image-1122\" title=\"\" srcset=\"https:\/\/www.peanuts-machine.com\/wp-content\/uploads\/2022\/08\/continuous-peanut-roasting-machine.webp 720w, https:\/\/www.peanuts-machine.com\/wp-content\/uploads\/2022\/08\/continuous-peanut-roasting-machine-300x225.webp 300w, https:\/\/www.peanuts-machine.com\/wp-content\/uploads\/2022\/08\/continuous-peanut-roasting-machine-16x12.webp 16w\" sizes=\"auto, (max-width: 720px) 100vw, 720px\" \/><figcaption class=\"wp-element-caption\">Mashine ya kuoka korosho endelevu<\/figcaption><\/figure> <\/div>  <div class=\"wp-block-image\"> <figure class=\"aligncenter size-full\"><img loading=\"lazy\" decoding=\"async\" width=\"720\" height=\"540\" src=\"https:\/\/www.peanuts-machine.com\/wp-content\/uploads\/2022\/08\/peanut-peeling-and-separating-machine.webp\" alt=\"Mashine ya kuondoa ngozi na kugawanya karanga\" class=\"wp-image-1123\" title=\"\" srcset=\"https:\/\/www.peanuts-machine.com\/wp-content\/uploads\/2022\/08\/peanut-peeling-and-separating-machine.webp 720w, https:\/\/www.peanuts-machine.com\/wp-content\/uploads\/2022\/08\/peanut-peeling-and-separating-machine-300x225.webp 300w, https:\/\/www.peanuts-machine.com\/wp-content\/uploads\/2022\/08\/peanut-peeling-and-separating-machine-16x12.webp 16w\" sizes=\"auto, (max-width: 720px) 100vw, 720px\" \/><figcaption class=\"wp-element-caption\">Mashine ya kuondoa ngozi na kugawanya karanga<\/figcaption><\/figure> <\/div>  <div class=\"wp-block-image\"> <figure class=\"aligncenter size-full\"><img loading=\"lazy\" decoding=\"async\" width=\"720\" height=\"540\" src=\"https:\/\/www.peanuts-machine.com\/wp-content\/uploads\/2022\/08\/peanut-butter-grinding-machine-1.webp\" alt=\"mashine ya kusaga siagi ya karanga\" class=\"wp-image-1119\" title=\"\" srcset=\"https:\/\/www.peanuts-machine.com\/wp-content\/uploads\/2022\/08\/peanut-butter-grinding-machine-1.webp 720w, https:\/\/www.peanuts-machine.com\/wp-content\/uploads\/2022\/08\/peanut-butter-grinding-machine-1-300x225.webp 300w, https:\/\/www.peanuts-machine.com\/wp-content\/uploads\/2022\/08\/peanut-butter-grinding-machine-1-16x12.webp 16w\" sizes=\"auto, (max-width: 720px) 100vw, 720px\" \/><figcaption class=\"wp-element-caption\">mashine ya kusaga siagi ya karanga<\/figcaption><\/figure> <\/div>   <h2 class=\"wp-block-heading\" id=\"h-200-kg-h-peanut-butter-production-line-parameters\">Vigezo vya laini ya uzalishaji wa siagi ya karanga 200kg\/h<\/h2>    <figure class=\"wp-block-table is-style-stripes\"><table><tbody><tr><td>Jina<\/td><td>Nguvu<\/td><td>Ukubwa<\/td><td>Uzito<\/td><\/tr><tr><td>Mashine ya kukaanga karanga<\/td><td>130kw<\/td><td>8500*1800*2600mm<\/td><td>3000kg<\/td><\/tr><tr><td>Conveyor<\/td><td>0.75kw<\/td><td>900*750*3000mm<\/td><td>260kg<\/td><\/tr><tr><td>Ukanda wa baridi<\/td><td>5.6kw<\/td><td>6000*1200*1600mm<\/td><td>600kg<\/td><\/tr><tr><td>Mashine ya kuondoa ngozi ya karanga nusu<\/td><td>3 kw<\/td><td>1900*800*1350mm<\/td><td>500kg&nbsp;<\/td><\/tr><tr><td>Silo ya kuhifadhi<\/td><td>0.04kw<\/td><td>1200*1100*3300mm<\/td><td>200kg<\/td><\/tr><tr><td>Kinu cha baridi<\/td><td>30*2kw<\/td><td>1400*1250*2000mm<\/td><td>1300kg<\/td><\/tr><tr><td>Kuchanganya tank<\/td><td>3 kw<\/td><td>1000*1000*1900mm(500L)<\/td><td>200kg<\/td><\/tr><tr><td>Tangi ya utupu<\/td><td>3 1.5kw<\/td><td>900*900*2500mm(500L)<\/td><td>300kg<\/td><\/tr><tr><td>Tangi ya kuhifadhi<\/td><td>1.5kw<\/td><td>900*900*1200mm(500L)<\/td><td>150kg<\/td><\/tr><\/tbody><\/table><figcaption class=\"wp-element-caption\">Data ya kiufundi ya laini ndogo ya uzalishaji wa siagi ya karanga<\/figcaption><\/figure>   <div class=\"wp-block-image\"> <figure class=\"aligncenter size-full\"><img loading=\"lazy\" decoding=\"async\" width=\"720\" height=\"540\" src=\"https:\/\/www.peanuts-machine.com\/wp-content\/uploads\/2022\/08\/peanut-butter-processing-plant-1.webp\" alt=\"kiwanda cha kusindika siagi ya karanga\" class=\"wp-image-1118\" title=\"\" srcset=\"https:\/\/www.peanuts-machine.com\/wp-content\/uploads\/2022\/08\/peanut-butter-processing-plant-1.webp 720w, https:\/\/www.peanuts-machine.com\/wp-content\/uploads\/2022\/08\/peanut-butter-processing-plant-1-300x225.webp 300w, https:\/\/www.peanuts-machine.com\/wp-content\/uploads\/2022\/08\/peanut-butter-processing-plant-1-16x12.webp 16w\" sizes=\"auto, (max-width: 720px) 100vw, 720px\" \/><figcaption class=\"wp-element-caption\">kiwanda cha kusindika siagi ya karanga<\/figcaption><\/figure> <\/div>   <h2 class=\"wp-block-heading\" id=\"h-how-to-make-your-own-peanut-butter-in-store\">Jinsi ya kutengeneza siagi ya karanga mwenyewe kwenye duka?<\/h2>    <p class=\"translation-block\">Ikiwa unafungua duka na unataka kuuza siagi ya karanga kwa faida, huna haja ya kuwekeza kwenye mstari mkubwa wa uzalishaji. Kile unachohitaji ni <strong><em><a href=\"https:\/\/www.peanuts-machine.com\/sw\/product\/small-peanut-butter-processing-line\/\">kiwanda kidogo cha usindikaji wa siagi ya karanga<\/a><\/em><\/strong>.<\/p>    <ul class=\"wp-block-list\"> <li>Gharama ya chini, ukubwa wa compact: Vifaa ni vya bei nafuu, vya compact, na vinavyookoa nafasi, na kuifanya iwe bora kwa maduka madogo na ya kati.<\/li>    <li>Rahisi kuendesha, ubora thabiti: Mashine inaweza kuzalisha kwa urahisi siagi ya karanga laini na yenye ladha ambayo inakidhi mahitaji ya mauzo ya duka.<\/li>    <li>Shughuli rahisi: Haikidhi tu mahitaji ya usambazaji wa bidhaa wa duka lako mwenyewe bali pia hukuruhusu kupanua njia za faida kupitia usindikaji wa kundi ndogo.<\/li> <\/ul>   <div class=\"wp-block-image\"> <figure class=\"aligncenter size-full\"><img loading=\"lazy\" decoding=\"async\" width=\"720\" height=\"540\" src=\"https:\/\/www.peanuts-machine.com\/wp-content\/uploads\/2022\/08\/nut-butter-processing-plant.webp\" alt=\"kiwanda cha kusindika siagi ya karanga\" class=\"wp-image-795\" title=\"\" srcset=\"https:\/\/www.peanuts-machine.com\/wp-content\/uploads\/2022\/08\/nut-butter-processing-plant.webp 720w, https:\/\/www.peanuts-machine.com\/wp-content\/uploads\/2022\/08\/nut-butter-processing-plant-300x225.webp 300w, https:\/\/www.peanuts-machine.com\/wp-content\/uploads\/2022\/08\/nut-butter-processing-plant-16x12.webp 16w\" sizes=\"auto, (max-width: 720px) 100vw, 720px\" \/><figcaption class=\"wp-element-caption\">kiwanda cha kusindika siagi ya karanga<\/figcaption><\/figure> <\/div>   <h2 class=\"wp-block-heading\" id=\"h-factors-affecting-the-cost-of-a-peanut-butter-processing-plant\">Sababu zinazoathiri gharama ya mimea ya usindikaji wa siagi ya karanga<\/h2>    <ul class=\"wp-block-list\"> <li>Mahali pa kiwanda: kodi za kiwanda na bei za ardhi ni za juu karibu na kituo cha mji, kwa hivyo kuchagua eneo mbali na jiji ni la kiuchumi zaidi.<\/li>    <li>Usanidi wa laini ya uzalishaji: laini za uzalishaji wa siagi ya karanga kiotomatiki kikamilifu ni za ufanisi sana lakini ni za gharama kubwa zaidi. Wakati fedha ni chache, laini za uzalishaji za nusu-otomatiki zinaweza kuchaguliwa, ambazo zinahitaji uwekezaji mdogo.<\/li>    <li>Gharama za wafanyikazi: uchumi unapoboreka, gharama za wafanyikazi pia zinapanda, kwa hivyo gharama za wafanyikazi ni moja ya mambo muhimu yanayoathiri gharama za jumla.<\/li> <\/ul>   <div class=\"wp-block-image\"> <figure class=\"aligncenter size-full\"><img loading=\"lazy\" decoding=\"async\" width=\"720\" height=\"540\" src=\"https:\/\/www.peanuts-machine.com\/wp-content\/uploads\/2022\/08\/commercial-peanut-butter-line.webp\" alt=\"Laini ya siagi ya karanga ya kibiashara\" class=\"wp-image-796\" title=\"\" srcset=\"https:\/\/www.peanuts-machine.com\/wp-content\/uploads\/2022\/08\/commercial-peanut-butter-line.webp 720w, https:\/\/www.peanuts-machine.com\/wp-content\/uploads\/2022\/08\/commercial-peanut-butter-line-300x225.webp 300w, https:\/\/www.peanuts-machine.com\/wp-content\/uploads\/2022\/08\/commercial-peanut-butter-line-16x12.webp 16w\" sizes=\"auto, (max-width: 720px) 100vw, 720px\" \/><figcaption class=\"wp-element-caption\">Laini ya siagi ya karanga ya kibiashara<\/figcaption><\/figure> <\/div>   <p class=\"translation-block\">Kulingana na nguvu yako ya kifedha na mahitaji ya uzalishaji, kuchagua suluhisho sahihi ni muhimu ili kufikia usawa bora kati ya uwekezaji na mapato. Taizy inatoa wateja chaguzi mbalimbali, kutoka kwa laini ndogo za nusu-kiotomatiki hadi laini kubwa za kiotomatiki kamili, zinazokusaidia kuzindua kwa urahisi biashara yako ya usindikaji wa <a href=\"https:\/\/en.wikipedia.org\/wiki\/Peanut_butter\" target=\"_blank\" rel=\"noopener\">siagi ya karanga<\/a>.<\/p>","protected":false},"excerpt":{"rendered":"<p>Laini ya uzalishaji wa siagi ya karanga inaweza kubinafsishwa na inaweza kuzalisha aina mbalimbali za siagi za karanga. Kwa uwezo wa uzalishaji wa kilo 200-1000 kwa saa, inafaa kwa uzalishaji katika viwanda vya viwango tofauti.<\/p>","protected":false},"author":1,"featured_media":50,"parent":0,"template":"","tags":[35],"product-type":[3],"class_list":["post-47","product","type-product","status-publish","has-post-thumbnail","hentry","tag-peanut-butter","product-type-peanut-processing-lines"],"_links":{"self":[{"href":"https:\/\/www.peanuts-machine.com\/sw\/wp-json\/wp\/v2\/product\/47","targetHints":{"allow":["GET"]}}],"collection":[{"href":"https:\/\/www.peanuts-machine.com\/sw\/wp-json\/wp\/v2\/product"}],"about":[{"href":"https:\/\/www.peanuts-machine.com\/sw\/wp-json\/wp\/v2\/types\/product"}],"author":[{"embeddable":true,"href":"https:\/\/www.peanuts-machine.com\/sw\/wp-json\/wp\/v2\/users\/1"}],"wp:featuredmedia":[{"embeddable":true,"href":"https:\/\/www.peanuts-machine.com\/sw\/wp-json\/wp\/v2\/media\/50"}],"wp:attachment":[{"href":"https:\/\/www.peanuts-machine.com\/sw\/wp-json\/wp\/v2\/media?parent=47"}],"wp:term":[{"taxonomy":"post_tag","embeddable":true,"href":"https:\/\/www.peanuts-machine.com\/sw\/wp-json\/wp\/v2\/tags?post=47"},{"taxonomy":"product-type","embeddable":true,"href":"https:\/\/www.peanuts-machine.com\/sw\/wp-json\/wp\/v2\/product-type?post=47"}],"curies":[{"name":"wp","href":"https:\/\/api.w.org\/{rel}","templated":true}]}}