{"id":78,"date":"2022-08-09T10:25:49","date_gmt":"2022-08-09T10:25:49","guid":{"rendered":"https:\/\/www.peanuts-machine.com\/?post_type=product&#038;p=78"},"modified":"2026-01-14T15:41:24","modified_gmt":"2026-01-14T07:41:24","slug":"peanut-roasting-machine","status":"publish","type":"product","link":"https:\/\/www.peanuts-machine.com\/sw\/product\/peanut-roasting-machine\/","title":{"rendered":"Mashine ya Kuchoma Karanga | Mchoma Karanga"},"content":{"rendered":"<div class=\"kk-star-ratings kksr-auto kksr-align-left kksr-valign-top\"     data-payload='{&quot;align&quot;:&quot;left&quot;,&quot;id&quot;:&quot;78&quot;,&quot;slug&quot;:&quot;default&quot;,&quot;valign&quot;:&quot;top&quot;,&quot;ignore&quot;:&quot;&quot;,&quot;reference&quot;:&quot;auto&quot;,&quot;class&quot;:&quot;&quot;,&quot;count&quot;:&quot;20&quot;,&quot;legendonly&quot;:&quot;&quot;,&quot;readonly&quot;:&quot;&quot;,&quot;score&quot;:&quot;4.7&quot;,&quot;starsonly&quot;:&quot;&quot;,&quot;best&quot;:&quot;5&quot;,&quot;gap&quot;:&quot;5&quot;,&quot;greet&quot;:&quot;Rate this product&quot;,&quot;legend&quot;:&quot;4.7\\\/5 - (20 votes)&quot;,&quot;size&quot;:&quot;24&quot;,&quot;title&quot;:&quot;Roasted Peanuts Machine | Groundnut Roaster&quot;,&quot;width&quot;:&quot;133.8&quot;,&quot;_legend&quot;:&quot;{score}\\\/{best} - ({count} {votes})&quot;,&quot;font_factor&quot;:&quot;1.25&quot;}'>              <div class=\"kksr-stars\">      <div class=\"kksr-stars-inactive\">             <div class=\"kksr-star\" data-star=\"1\" style=\"padding-right: 5px\">               <div class=\"kksr-icon\" style=\"width: 24px; height: 24px;\"><\/div>         <\/div>             <div class=\"kksr-star\" data-star=\"2\" style=\"padding-right: 5px\">               <div class=\"kksr-icon\" style=\"width: 24px; height: 24px;\"><\/div>         <\/div>             <div class=\"kksr-star\" data-star=\"3\" style=\"padding-right: 5px\">               <div class=\"kksr-icon\" style=\"width: 24px; height: 24px;\"><\/div>         <\/div>             <div class=\"kksr-star\" data-star=\"4\" style=\"padding-right: 5px\">               <div class=\"kksr-icon\" style=\"width: 24px; height: 24px;\"><\/div>         <\/div>             <div class=\"kksr-star\" data-star=\"5\" style=\"padding-right: 5px\">               <div class=\"kksr-icon\" style=\"width: 24px; height: 24px;\"><\/div>         <\/div>     <\/div>      <div class=\"kksr-stars-active\" style=\"width: 133.8px;\">             <div class=\"kksr-star\" style=\"padding-right: 5px\">               <div class=\"kksr-icon\" style=\"width: 24px; height: 24px;\"><\/div>         <\/div>             <div class=\"kksr-star\" style=\"padding-right: 5px\">               <div class=\"kksr-icon\" style=\"width: 24px; height: 24px;\"><\/div>         <\/div>             <div class=\"kksr-star\" style=\"padding-right: 5px\">               <div class=\"kksr-icon\" style=\"width: 24px; height: 24px;\"><\/div>         <\/div>             <div class=\"kksr-star\" style=\"padding-right: 5px\">               <div class=\"kksr-icon\" style=\"width: 24px; height: 24px;\"><\/div>         <\/div>             <div class=\"kksr-star\" style=\"padding-right: 5px\">               <div class=\"kksr-icon\" style=\"width: 24px; height: 24px;\"><\/div>         <\/div>     <\/div> <\/div>                   <div class=\"kksr-legend\" style=\"font-size: 19.2px;\">             4.7\/5 - (20 kura)    <\/div>     <\/div>  <p>Mashine hii ya karanga zilizopikwa inatumia drum inayozunguka na teknolojia ya mzunguko wa hewa moto wa tabaka nyingi, na inadaptisha kwa usahihi aina 12 za karanga, kama vile karanga, mbegu za alizeti, batanas, na kadhalika, kupitia udhibiti wa joto wa eneo pana wa 0-300\u2103 na kupika kwa akili kwa dakika 15-30.<\/p>    <p>Maskinen kan s\u00e4kerst\u00e4lla att n\u00f6tkn\u00e4ckningsgraden minskas med 90% och samtidigt \u00f6ka den termiska effektiviteten till 2,3 g\u00e5nger j\u00e4mf\u00f6rt med traditionell utrustning. <\/p>    <p>Inasaidia kubadilisha bure vyanzo vinne vya joto: umeme, gesi, mafuta ya mafuta na makaa ya mawe, na inaweza kufikia uwezo wa juu wa 650kg\/h, ikihakikisha kuwa makosa ya maudhui ya unyevu ya kila karanga yanadhibitiwa ndani ya \u00b10.5%.<\/p>    <figure class=\"wp-block-embed aligncenter is-type-video is-provider-youtube wp-block-embed-youtube wp-embed-aspect-16-9 wp-has-aspect-ratio\"><div class=\"wp-block-embed__wrapper\"> <iframe loading=\"lazy\" title=\"Imilishe Sanaa ya Kuchoma Karanga: Mwongozo wa Mwisho wa Kutumia Mashine ya Kuchoma Karanga!\" width=\"500\" height=\"281\" src=\"https:\/\/www.youtube.com\/embed\/ywy1h1PrqeQ?feature=oembed\" frameborder=\"0\" allow=\"accelerometer; autoplay; clipboard-write; encrypted-media; gyroscope; picture-in-picture; web-share\" referrerpolicy=\"strict-origin-when-cross-origin\" allowfullscreen><\/iframe> <\/div><figcaption class=\"wp-element-caption\">mahali pa kufanyia kazi mashine ya karanga za kuchoma<\/figcaption><\/figure>    <h2 class=\"wp-block-heading\" id=\"h-what-are-the-advantages-of-the-taizy-groundnut-roaster\">Faida za kuchoma karanga za Taizy<\/h2>    <ol class=\"wp-block-list\"> <li>Mashine ya karanga iliyopikwa imeundwa kwa chuma cha pua. Ni imara na ya kudumu.<\/li>    <li>Muundo wa kipekee wa roller unafanya karanga kupashwa joto kwa usawa, na haupelekei kushikamana na sufuria.<\/li>    <li>Kiwango cha juu cha automatisering. Uendeshaji wa kitufe cha kushinikiza hupunguza makosa yanayosababishwa na ushiriki wa mikono.<\/li>    <li>Imewekwa na sensor ya joto, ambayo inaweza kuzuia kupikwa kwa usawa kunakosababishwa na joto la juu.<\/li>    <li>Njia anuwai za kupokanzwa kwa chaguo lako. Mashine inaweza kuwashwa na inapokanzwa umeme, inapokanzwa mafuta, inapokanzwa gesi, inapokanzwa makaa ya mawe, nk.<\/li> <\/ol>    <figure class=\"wp-block-gallery has-nested-images columns-default is-cropped wp-block-gallery-2 is-layout-flex wp-block-gallery-is-layout-flex\"> <figure class=\"wp-block-image size-large\"><img loading=\"lazy\" decoding=\"async\" width=\"720\" height=\"540\" data-id=\"84\" src=\"https:\/\/www.peanuts-machine.com\/wp-content\/uploads\/2022\/08\/rosating-machine.webp\" alt=\"mashine ya kuchoma karanga inauzwa\" class=\"wp-image-84\" title=\"\" srcset=\"https:\/\/www.peanuts-machine.com\/wp-content\/uploads\/2022\/08\/rosating-machine.webp 720w, https:\/\/www.peanuts-machine.com\/wp-content\/uploads\/2022\/08\/rosating-machine-300x225.webp 300w\" sizes=\"auto, (max-width: 720px) 100vw, 720px\" \/><figcaption class=\"wp-element-caption\">mashine ya kuchoma karanga inauzwa<\/figcaption><\/figure>    <figure class=\"wp-block-image size-large\"><img loading=\"lazy\" decoding=\"async\" width=\"720\" height=\"540\" data-id=\"83\" src=\"https:\/\/www.peanuts-machine.com\/wp-content\/uploads\/2022\/08\/roasted-peanuts.webp\" alt=\"karanga za kuchoma\" class=\"wp-image-83\" title=\"\" srcset=\"https:\/\/www.peanuts-machine.com\/wp-content\/uploads\/2022\/08\/roasted-peanuts.webp 720w, https:\/\/www.peanuts-machine.com\/wp-content\/uploads\/2022\/08\/roasted-peanuts-300x225.webp 300w\" sizes=\"auto, (max-width: 720px) 100vw, 720px\" \/><figcaption class=\"wp-element-caption\">karanga za kuchoma<\/figcaption><\/figure> <\/figure>    <h2 class=\"wp-block-heading\" id=\"h-parameters-of-the-machine\">Parametri za ma\u0161inu za pe\u010dene kikirike<\/h2>    <figure class=\"wp-block-table is-style-stripes\"><table><tbody><tr><td>Mfano<\/td><td>Uwezo (kg\/h)<\/td><td>Nguvu ya Magari\u00a0(kw)<\/td><td>Nguvu ya Umeme ya Kupasha joto\u00a0(kw)<\/td><\/tr><tr><td>MHK-1<\/td><td>80-120<\/td><td>1.1<\/td><td>18<\/td><\/tr><tr><td>MHK-2<\/td><td>180-250<\/td><td>2.2<\/td><td>35<\/td><\/tr><tr><td>MHK-3<\/td><td>280-350<\/td><td>3.3<\/td><td>45<\/td><\/tr><tr><td>MHK-4<\/td><td>380-450<\/td><td>4.4<\/td><td>60<\/td><\/tr><tr><td>MHK-5<\/td><td>500-650<\/td><td>5.5<\/td><td>75<\/td><\/tr><\/tbody><\/table><figcaption class=\"wp-element-caption\">mashine ya kukaanga karanga inauzwa<\/figcaption><\/figure>    <p>Mashine tano za karanga za kukaanga zenye uwezo wa kuanzia 80-650kg\/h zinapatikana kwa wateja kuchagua. Saizi ya pato imedhamiriwa na idadi ya oveni za kuchoma.<\/p>    <p>Hivi sasa, mashine zinazouzwa kwa kawaida ni wachomaji wa oveni moja, wachomaji wa oveni mara mbili, wachomaji wa oveni tatu, na wachomaji wa oveni watano.<\/p>    <div class=\"wp-block-columns is-layout-flex wp-container-core-columns-is-layout-9d6595d7 wp-block-columns-is-layout-flex\"> <div class=\"wp-block-column is-layout-flow wp-block-column-is-layout-flow\"> <figure class=\"wp-block-image size-full\"><img loading=\"lazy\" decoding=\"async\" width=\"720\" height=\"540\" src=\"https:\/\/www.peanuts-machine.com\/wp-content\/uploads\/2022\/08\/peanut-roaster.webp\" alt=\"mchoma karanga\" class=\"wp-image-82\" title=\"\" srcset=\"https:\/\/www.peanuts-machine.com\/wp-content\/uploads\/2022\/08\/peanut-roaster.webp 720w, https:\/\/www.peanuts-machine.com\/wp-content\/uploads\/2022\/08\/peanut-roaster-300x225.webp 300w\" sizes=\"auto, (max-width: 720px) 100vw, 720px\" \/><figcaption class=\"wp-element-caption\">choma karanga moja ya oveni<\/figcaption><\/figure> <\/div>    <div class=\"wp-block-column is-layout-flow wp-block-column-is-layout-flow\"> <figure class=\"wp-block-image size-full\"><img loading=\"lazy\" decoding=\"async\" width=\"720\" height=\"540\" src=\"https:\/\/www.peanuts-machine.com\/wp-content\/uploads\/2022\/08\/stock-of-peanut-roasting-machine.webp\" alt=\"oveni mbili za kuchoma mashine ya karanga\" class=\"wp-image-86\" title=\"\" srcset=\"https:\/\/www.peanuts-machine.com\/wp-content\/uploads\/2022\/08\/stock-of-peanut-roasting-machine.webp 720w, https:\/\/www.peanuts-machine.com\/wp-content\/uploads\/2022\/08\/stock-of-peanut-roasting-machine-300x225.webp 300w\" sizes=\"auto, (max-width: 720px) 100vw, 720px\" \/><figcaption class=\"wp-element-caption\">oveni mbili za kuchoma mashine ya karanga<\/figcaption><\/figure> <\/div>    <div class=\"wp-block-column is-layout-flow wp-block-column-is-layout-flow\"> <figure class=\"wp-block-image size-full\"><img loading=\"lazy\" decoding=\"async\" width=\"720\" height=\"540\" src=\"https:\/\/www.peanuts-machine.com\/wp-content\/uploads\/2022\/08\/three-oven-peanut-roaster.webp\" alt=\"oveni tatu za kuchoma karanga\" class=\"wp-image-323\" title=\"\" srcset=\"https:\/\/www.peanuts-machine.com\/wp-content\/uploads\/2022\/08\/three-oven-peanut-roaster.webp 720w, https:\/\/www.peanuts-machine.com\/wp-content\/uploads\/2022\/08\/three-oven-peanut-roaster-300x225.webp 300w\" sizes=\"auto, (max-width: 720px) 100vw, 720px\" \/><figcaption class=\"wp-element-caption\">oveni tatu za kuchoma karanga<\/figcaption><\/figure> <\/div> <\/div>    <h2 class=\"wp-block-heading\" id=\"h-how-does-the-peanut-roasting-machine-work\">Je, mashine ya karanga za kuchoma hufanya kazi gani?<\/h2>    <p>Kichoma karanga hutumia hewa moto kama chombo chake cha kukanza na hutegemea mionzi ya joto ili kupasha moto ngoma moja kwa moja. Kipunguza kasi kilicho nyuma ya mashine huzungusha ngoma, huku bati la ond lililoundwa mahususi ndani husaidia kusogeza karanga mbele na nyuma, na kuhakikisha kuwa zinachomwa sawasawa. Waendeshaji wanaweza kuweka joto la kazi na wakati kulingana na mahitaji yao. <\/p>    <figure class=\"wp-block-embed is-type-video is-provider-youtube wp-block-embed-youtube wp-embed-aspect-16-9 wp-has-aspect-ratio\"><div class=\"wp-block-embed__wrapper\"> <iframe loading=\"lazy\" title=\"Mashine ya Kuchoma Karanga | Kichoma Karanga | Tengeneza Karanga Zilizochomwa Haraka\" width=\"500\" height=\"281\" src=\"https:\/\/www.youtube.com\/embed\/aYLIP4u-Tmo?feature=oembed\" frameborder=\"0\" allow=\"accelerometer; autoplay; clipboard-write; encrypted-media; gyroscope; picture-in-picture; web-share\" referrerpolicy=\"strict-origin-when-cross-origin\" allowfullscreen><\/iframe> <\/div><figcaption class=\"wp-element-caption\">video ya mashine ya kukaanga karanga<\/figcaption><\/figure>    <p>\u00c4ven om vi har lagt till en termostat p\u00e5 Drum Peanut Roaster-panelen m\u00e5ste operat\u00f6ren fortfarande \u00f6vervaka rostningsprocessen och g\u00f6ra justeringar n\u00e4r n\u00f6tterna tas bort. Varje typ av n\u00f6t Rosts olika baserat p\u00e5 faktorer som fuktinneh\u00e5ll och storlek, vilket ocks\u00e5 p\u00e5verkar rostningstiden.<\/p>   <div class=\"wp-block-image\"> <figure class=\"aligncenter size-full\"><img loading=\"lazy\" decoding=\"async\" width=\"720\" height=\"540\" src=\"https:\/\/www.peanuts-machine.com\/wp-content\/uploads\/2022\/08\/structure-of-the-peanut-roasting-machine.webp\" alt=\"muundo wa mashine ya kukaanga karanga\" class=\"wp-image-485\" title=\"\" srcset=\"https:\/\/www.peanuts-machine.com\/wp-content\/uploads\/2022\/08\/structure-of-the-peanut-roasting-machine.webp 720w, https:\/\/www.peanuts-machine.com\/wp-content\/uploads\/2022\/08\/structure-of-the-peanut-roasting-machine-300x225.webp 300w, https:\/\/www.peanuts-machine.com\/wp-content\/uploads\/2022\/08\/structure-of-the-peanut-roasting-machine-16x12.webp 16w\" sizes=\"auto, (max-width: 720px) 100vw, 720px\" \/><figcaption class=\"wp-element-caption\">muundo wa mashine ya kukaanga karanga<\/figcaption><\/figure> <\/div>   <p>Povu ya insulation ya mafuta ni nyongeza ya lazima katika mashine ya karanga iliyochomwa. Ni nyenzo inayotumika kwa uhifadhi wa joto na insulation, ambayo inaweza kuzuia upotezaji wa joto kwa ufanisi. Pia inahakikisha kwamba karanga zimepashwa moto sawasawa wakati wa kuchomwa.<\/p>   <div class=\"wp-block-image\"> <figure class=\"aligncenter size-full\"><img loading=\"lazy\" decoding=\"async\" width=\"720\" height=\"540\" src=\"https:\/\/www.peanuts-machine.com\/wp-content\/uploads\/2022\/08\/heat-insulation-foam.webp\" alt=\"povu ya insulation ya joto\" class=\"wp-image-486\" title=\"\" srcset=\"https:\/\/www.peanuts-machine.com\/wp-content\/uploads\/2022\/08\/heat-insulation-foam.webp 720w, https:\/\/www.peanuts-machine.com\/wp-content\/uploads\/2022\/08\/heat-insulation-foam-300x225.webp 300w, https:\/\/www.peanuts-machine.com\/wp-content\/uploads\/2022\/08\/heat-insulation-foam-16x12.webp 16w\" sizes=\"auto, (max-width: 720px) 100vw, 720px\" \/><figcaption class=\"wp-element-caption\">povu ya insulation ya joto<\/figcaption><\/figure> <\/div>   <p>Wakati wa mchakato mzima wa kuoka, vifaa haviwasiliana na moshi na moto. Kwa hiyo, hii inahakikisha usafi wa chakula. Hii ni chaguo nzuri kwa watu ambao wanataka kuingia katika biashara ya karanga za kuchoma.<\/p>   <div class=\"wp-block-image\"> <figure class=\"aligncenter size-full\"><img loading=\"lazy\" decoding=\"async\" width=\"720\" height=\"540\" src=\"https:\/\/www.peanuts-machine.com\/wp-content\/uploads\/2022\/08\/the-internal-details-of-the-machine.webp\" alt=\"maelezo ya ndani ya mashine\" class=\"wp-image-326\" title=\"\" srcset=\"https:\/\/www.peanuts-machine.com\/wp-content\/uploads\/2022\/08\/the-internal-details-of-the-machine.webp 720w, https:\/\/www.peanuts-machine.com\/wp-content\/uploads\/2022\/08\/the-internal-details-of-the-machine-300x225.webp 300w\" sizes=\"auto, (max-width: 720px) 100vw, 720px\" \/><figcaption class=\"wp-element-caption\">maelezo ya ndani ya mashine<\/figcaption><\/figure> <\/div>   <h2 class=\"wp-block-heading\">Aina za wachomaji wa karanga<\/h2>    <p>Mbali na wachomaji wa karanga wa kawaida. Pia tuna mashine kubwa za viwandani za kukaanga karanga na choma cha karanga zinazouzwa. Nitaelezea maelezo maalum kwa undani hapa chini.<\/p>    <h2 class=\"wp-block-heading\" id=\"h-large-peanut-roasting-machine-for-sale\">Mashine ya viwandani ya kuchoma karanga inauzwa<\/h2>    <p>Kama mtengenezaji wa kitaalamu wa kuchoma karanga, pia tuna choma choma cha karanga kikubwa cha viwandani chenye matundu yanayoendelea. Pato la mashine hii linaweza kufikia 1t\/h. <\/p>    <p>Mashine kubwa ya karanga zilizochomwa hutumia feni inayozunguka kubadilisha joto. Hii inaweza kufikia uchomaji mkali wa mtiririko wa hewa ili kuboresha ufanisi wa kukaanga na ubora wa kukaanga. Sehemu ya nyuma ya mashine ina eneo la baridi. Hii inafanikisha uzalishaji jumuishi wa kuchoma na ubaridi. <\/p>    <p>Kwa hivyo, ikiwa unatafuta choma cha karanga kubwa kwa kampuni zako za kukaanga njugu, tafadhali jisikie huru kuwasiliana nasi.<\/p>   <div class=\"wp-block-image\"> <figure class=\"aligncenter size-full\"><img loading=\"lazy\" decoding=\"async\" width=\"720\" height=\"540\" src=\"https:\/\/www.peanuts-machine.com\/wp-content\/uploads\/2022\/08\/industrial-peanut-roaster.webp\" alt=\"choma karanga za viwandani\" class=\"wp-image-33\" title=\"\" srcset=\"https:\/\/www.peanuts-machine.com\/wp-content\/uploads\/2022\/08\/industrial-peanut-roaster.webp 720w, https:\/\/www.peanuts-machine.com\/wp-content\/uploads\/2022\/08\/industrial-peanut-roaster-300x225.webp 300w\" sizes=\"auto, (max-width: 720px) 100vw, 720px\" \/><figcaption class=\"wp-element-caption\">choma karanga za viwandani<\/figcaption><\/figure> <\/div>   <h3 class=\"wp-block-heading\" id=\"h-parameters-of-commercial-peanut-roaster\">Vigezo vya kichoma karanga kibiashara<\/h3>    <figure class=\"wp-block-table is-style-stripes\"><table><tbody><tr><td>Snaga vo\u017enje<\/td><td>15kw<\/td><\/tr><tr><td>Nguvu ya kupokanzwa<\/td><td>230kw<\/td><\/tr><tr><td>Debljina materijala<\/td><td>50-60mm<\/td><\/tr><tr><td>Uwezo<\/td><td>1t\/saa<\/td><\/tr><\/tbody><\/table><figcaption class=\"wp-element-caption\">mashine ya kuchoma karanga za viwandani<\/figcaption><\/figure>    <p>Ut\u00f6ver denna modell har vi andra modeller av industriella jordn\u00f6tsrostare till salu. F\u00f6r dina specifika behov kan du kontakta oss via kontaktinformationen i det nedre h\u00f6gra h\u00f6rnet.<\/p>    <h2 class=\"wp-block-heading\">Tanuri ya kuzungusha karanga<\/h2>    <p class=\"translation-block\"><span id=\"The_peanut_swing_oven\">Tanuri ya mzunguko ya karanga<\/span> hutumiwa sana kwa kuoka karanga zilizofunikwa, maharage ya kakao, karanga za ngozi ya samaki, maharage ya Kikorea, na vyakula vingine vya granular.<\/p>    <p>Wakati wa mchakato wa kufanya kazi wa mashine ya karanga iliyochomwa, oveni inayozunguka huendelea kugeuza bidhaa zilizooka kwa kuzungusha kila wakati au kuzunguka. Hii inahakikisha kwamba nyenzo zimepashwa joto sawasawa na huepuka kuzidisha kwa ndani au kuwaka.<\/p>    <p>Kiolesura cha waendeshaji wa tanuri ya swing kawaida ni rahisi na angavu, kuruhusu mtumiaji kuweka kwa urahisi na kurekebisha vigezo vya kuoka.<\/p>    <figure class=\"wp-block-embed aligncenter is-type-video is-provider-youtube wp-block-embed-youtube wp-embed-aspect-16-9 wp-has-aspect-ratio\"><div class=\"wp-block-embed__wrapper\"> <iframe loading=\"lazy\" title=\"Mashine Ya Kuchomea Karanga | Tanuri ya Peanut Swing | Mchakato wa Kuchoma Karanga\/Karanga\" width=\"500\" height=\"281\" src=\"https:\/\/www.youtube.com\/embed\/sc-RtbC7bJ8?feature=oembed\" frameborder=\"0\" allow=\"accelerometer; autoplay; clipboard-write; encrypted-media; gyroscope; picture-in-picture; web-share\" referrerpolicy=\"strict-origin-when-cross-origin\" allowfullscreen><\/iframe> <\/div><figcaption class=\"wp-element-caption\">video ya oveni ya karanga<\/figcaption><\/figure>    <h3 class=\"wp-block-heading\">Data ya kiufundi ya swing tanuri ya kuoka karanga<\/h3>    <figure class=\"wp-block-table is-style-stripes\"><table><tbody><tr><td>Mfano<\/td><td>TZ-100<\/td><td>TZ-300<\/td><\/tr><tr><td>Uwezo<\/td><td>80-100kg \/ h<\/td><td>200-300kg \/ h<\/td><\/tr><tr><td>Halijoto<\/td><td>180-220 \u2103<\/td><td>180-220 \u2103<\/td><\/tr><tr><td>Voltage<\/td><td>380v\u00a050hz<\/td><td>380v\u00a050hz<\/td><\/tr><tr><td>Nguvu<\/td><td>25kw<\/td><td>70kw<\/td><\/tr><tr><td>Ukubwa<\/td><td>2.2*2*1.4m<\/td><td>3.2*2.7*1.9m<\/td><\/tr><\/tbody><\/table><figcaption class=\"wp-element-caption\">swing oveni ya kuoka karanga<\/figcaption><\/figure>    <p>Hapo juu ni oveni 2 za kuuza moto za karanga. Moja ina uwezo wa 80-100kg\/h na nyingine ina uwezo wa 200-300kg\/h. Joto la kuoka ni nyuzi 180-220 Celsius.<\/p>   <div class=\"wp-block-image\"> <figure class=\"aligncenter size-full\"><img loading=\"lazy\" decoding=\"async\" width=\"720\" height=\"540\" src=\"https:\/\/www.peanuts-machine.com\/wp-content\/uploads\/2023\/02\/coated-peanut-swing-oven.webp\" alt=\"coated karanga swing tanuri\" class=\"wp-image-333\" title=\"\" srcset=\"https:\/\/www.peanuts-machine.com\/wp-content\/uploads\/2023\/02\/coated-peanut-swing-oven.webp 720w, https:\/\/www.peanuts-machine.com\/wp-content\/uploads\/2023\/02\/coated-peanut-swing-oven-300x225.webp 300w\" sizes=\"auto, (max-width: 720px) 100vw, 720px\" \/><figcaption class=\"wp-element-caption\">coated karanga swing tanuri<\/figcaption><\/figure> <\/div>   <h2 class=\"wp-block-heading\" id=\"h-where-to-buy-peanut-roasting-machine\">Wapi kununua mashine ya karanga za kuchoma?<\/h2>    <p>Taizy Machinery ni mtaalamu wa kutengeneza mashine ya kukaanga karanga. Kwa hivyo, tunaweza kukupa mashine za hali ya juu na huduma zilizobinafsishwa. <\/p>    <p class=\"translation-block\">Kwa sababu mashine ya karanga iliyochomwa ni vifaa kuu vya laini ya uzalishaji wa siagi ya karanga na <a href=\"https:\/\/www.peanuts-machine.com\/sw\/product\/peanut-roasting-line\/\">laini ya kuchoma karanga<\/a>, tuna hisa ya kutosha katika kiwanda chetu. Hii inamaanisha kuwa tunaweza kusafirisha bidhaa hizo bandarini haraka iwezekanavyo. <\/p>    <figure class=\"wp-block-gallery has-nested-images columns-default is-cropped wp-block-gallery-3 is-layout-flex wp-block-gallery-is-layout-flex\"> <figure class=\"wp-block-image size-large\"><img loading=\"lazy\" decoding=\"async\" width=\"720\" height=\"540\" data-id=\"49\" src=\"https:\/\/www.peanuts-machine.com\/wp-content\/uploads\/2022\/08\/peanut-butter-production-line.webp\" alt=\"laini ya usindikaji wa siagi ya karanga moja kwa moja\" class=\"wp-image-49\" title=\"\" srcset=\"https:\/\/www.peanuts-machine.com\/wp-content\/uploads\/2022\/08\/peanut-butter-production-line.webp 720w, https:\/\/www.peanuts-machine.com\/wp-content\/uploads\/2022\/08\/peanut-butter-production-line-300x225.webp 300w\" sizes=\"auto, (max-width: 720px) 100vw, 720px\" \/><figcaption class=\"wp-element-caption\">laini ya usindikaji wa siagi ya karanga moja kwa moja<\/figcaption><\/figure>    <figure class=\"wp-block-image size-large\"><img loading=\"lazy\" decoding=\"async\" width=\"720\" height=\"540\" data-id=\"81\" src=\"https:\/\/www.peanuts-machine.com\/wp-content\/uploads\/2022\/08\/automatic-nut-roasting-machine_\u7ed3\u679c.webp\" alt=\"njia kubwa ya kuchomea karanga\" class=\"wp-image-81\" title=\"\" srcset=\"https:\/\/www.peanuts-machine.com\/wp-content\/uploads\/2022\/08\/automatic-nut-roasting-machine_\u7ed3\u679c.webp 720w, https:\/\/www.peanuts-machine.com\/wp-content\/uploads\/2022\/08\/automatic-nut-roasting-machine_\u7ed3\u679c-300x225.webp 300w\" sizes=\"auto, (max-width: 720px) 100vw, 720px\" \/><figcaption class=\"wp-element-caption\">njia kubwa ya kuchomea karanga<\/figcaption><\/figure> <\/figure>    <p class=\"translation-block\">Mashine hii ya karanga iliyochomwa ni mashine kuu ya <a href=\"https:\/\/www.peanuts-machine.com\/sw\/product\/peanut-butter-production-line\/\">laini ya uzalishaji wa siagi ya karanga<\/a>. Tunazo pia <a href=\"https:\/\/www.peanuts-machine.com\/sw\/product\/peanut-peeling-machine\/\">mashine za maganda ya karanga<\/a> zinauzwa. Ikiwa unazihitaji, jisikie huru kuwasiliana nasi.<\/p>   <div class=\"wp-block-image\"> <figure class=\"aligncenter size-full\"><img loading=\"lazy\" decoding=\"async\" width=\"720\" height=\"540\" src=\"https:\/\/www.peanuts-machine.com\/wp-content\/uploads\/2022\/08\/dry-type-peanut-peeling-machine.webp\" alt=\"mashine ya aina kavu ya kumenya njugu\" class=\"wp-image-62\" title=\"\" srcset=\"https:\/\/www.peanuts-machine.com\/wp-content\/uploads\/2022\/08\/dry-type-peanut-peeling-machine.webp 720w, https:\/\/www.peanuts-machine.com\/wp-content\/uploads\/2022\/08\/dry-type-peanut-peeling-machine-300x225.webp 300w\" sizes=\"auto, (max-width: 720px) 100vw, 720px\" \/><figcaption class=\"wp-element-caption\">mashine ya aina kavu ya kumenya njugu<\/figcaption><\/figure> <\/div>   <h2 class=\"wp-block-heading\">Kutengeneza siagi ya karanga na karanga za kuchoma<\/h2>    <p class=\"translation-block\">Unaweza kutengeneza <a href=\"https:\/\/en.wikipedia.org\/wiki\/Peanut_butter\" target=\"_blank\" rel=\"noopener\">siagi ya karanga<\/a> na karanga zilizochomwa. Kuoka karanga pia ni hatua muhimu katika kutengeneza siagi ya karanga. Unahitaji kujua kwamba karanga mbichi hazifai kwa siagi ya karanga. Ladha chungu ya ngozi nyekundu ya karanga itafanya siagi ya karanga kuwa na ladha mbaya. Kwa upande mwingine, karanga mbichi zina maji mengi sana.<\/p>    <p class=\"translation-block\">Katika kampuni yetu, pia tuna <a href=\"https:\/\/www.peanuts-machine.com\/sw\/product\/commercial-peanut-butter-machine\/\">vifaa maalum vya kutengeneza siagi ya karanga<\/a> vinauzwa. Jisikie huru kuwasiliana nasi ikiwa unazihitaji.<\/p>","protected":false},"excerpt":{"rendered":"<p>Mashine ndogo ya karanga za kuchoma na choma karanga kubwa inauzwa. Inaweza kuchoma karanga, mbegu za alizeti, pistachio, hazelnuts, lozi, na karanga nyinginezo, ili kuhakikisha hakuna uchafuzi wa mazingira, hakuna uharibifu, joto la wazi, na ladha nzuri. <\/p>","protected":false},"author":1,"featured_media":80,"parent":0,"template":"","tags":[36],"product-type":[50,46],"class_list":["post-78","product","type-product","status-publish","has-post-thumbnail","hentry","tag-peanut","product-type-peanut-roasting-machine","product-type-products"],"_links":{"self":[{"href":"https:\/\/www.peanuts-machine.com\/sw\/wp-json\/wp\/v2\/product\/78","targetHints":{"allow":["GET"]}}],"collection":[{"href":"https:\/\/www.peanuts-machine.com\/sw\/wp-json\/wp\/v2\/product"}],"about":[{"href":"https:\/\/www.peanuts-machine.com\/sw\/wp-json\/wp\/v2\/types\/product"}],"author":[{"embeddable":true,"href":"https:\/\/www.peanuts-machine.com\/sw\/wp-json\/wp\/v2\/users\/1"}],"wp:featuredmedia":[{"embeddable":true,"href":"https:\/\/www.peanuts-machine.com\/sw\/wp-json\/wp\/v2\/media\/80"}],"wp:attachment":[{"href":"https:\/\/www.peanuts-machine.com\/sw\/wp-json\/wp\/v2\/media?parent=78"}],"wp:term":[{"taxonomy":"post_tag","embeddable":true,"href":"https:\/\/www.peanuts-machine.com\/sw\/wp-json\/wp\/v2\/tags?post=78"},{"taxonomy":"product-type","embeddable":true,"href":"https:\/\/www.peanuts-machine.com\/sw\/wp-json\/wp\/v2\/product-type?post=78"}],"curies":[{"name":"wp","href":"https:\/\/api.w.org\/{rel}","templated":true}]}}