{"id":99,"date":"2022-08-10T01:54:28","date_gmt":"2022-08-10T01:54:28","guid":{"rendered":"https:\/\/www.peanuts-machine.com\/?post_type=product&#038;p=99"},"modified":"2026-01-13T15:32:18","modified_gmt":"2026-01-13T07:32:18","slug":"peanut-butter-filling-machine","status":"publish","type":"product","link":"https:\/\/www.peanuts-machine.com\/sw\/product\/peanut-butter-filling-machine\/","title":{"rendered":"Maskin f\u00f6r fyllning av jordn\u00f6tssm\u00f6r | Maskin f\u00f6r f\u00f6rpackning av livsmedelspasta"},"content":{"rendered":"<div class=\"kk-star-ratings kksr-auto kksr-align-left kksr-valign-top\"     data-payload='{&quot;align&quot;:&quot;left&quot;,&quot;id&quot;:&quot;99&quot;,&quot;slug&quot;:&quot;default&quot;,&quot;valign&quot;:&quot;top&quot;,&quot;ignore&quot;:&quot;&quot;,&quot;reference&quot;:&quot;auto&quot;,&quot;class&quot;:&quot;&quot;,&quot;count&quot;:&quot;15&quot;,&quot;legendonly&quot;:&quot;&quot;,&quot;readonly&quot;:&quot;&quot;,&quot;score&quot;:&quot;4.9&quot;,&quot;starsonly&quot;:&quot;&quot;,&quot;best&quot;:&quot;5&quot;,&quot;gap&quot;:&quot;5&quot;,&quot;greet&quot;:&quot;Rate this product&quot;,&quot;legend&quot;:&quot;4.9\\\/5 - (15 votes)&quot;,&quot;size&quot;:&quot;24&quot;,&quot;title&quot;:&quot;Peanut Butter Filling Machine | Food Paste Packaging Machine&quot;,&quot;width&quot;:&quot;139.6&quot;,&quot;_legend&quot;:&quot;{score}\\\/{best} - ({count} {votes})&quot;,&quot;font_factor&quot;:&quot;1.25&quot;}'>              <div class=\"kksr-stars\">      <div class=\"kksr-stars-inactive\">             <div class=\"kksr-star\" data-star=\"1\" style=\"padding-right: 5px\">               <div class=\"kksr-icon\" style=\"width: 24px; height: 24px;\"><\/div>         <\/div>             <div class=\"kksr-star\" data-star=\"2\" style=\"padding-right: 5px\">               <div class=\"kksr-icon\" style=\"width: 24px; height: 24px;\"><\/div>         <\/div>             <div class=\"kksr-star\" data-star=\"3\" style=\"padding-right: 5px\">               <div class=\"kksr-icon\" style=\"width: 24px; height: 24px;\"><\/div>         <\/div>             <div class=\"kksr-star\" data-star=\"4\" style=\"padding-right: 5px\">               <div class=\"kksr-icon\" style=\"width: 24px; height: 24px;\"><\/div>         <\/div>             <div class=\"kksr-star\" data-star=\"5\" style=\"padding-right: 5px\">               <div class=\"kksr-icon\" style=\"width: 24px; height: 24px;\"><\/div>         <\/div>     <\/div>      <div class=\"kksr-stars-active\" style=\"width: 139.6px;\">             <div class=\"kksr-star\" style=\"padding-right: 5px\">               <div class=\"kksr-icon\" style=\"width: 24px; height: 24px;\"><\/div>         <\/div>             <div class=\"kksr-star\" style=\"padding-right: 5px\">               <div class=\"kksr-icon\" style=\"width: 24px; height: 24px;\"><\/div>         <\/div>             <div class=\"kksr-star\" style=\"padding-right: 5px\">               <div class=\"kksr-icon\" style=\"width: 24px; height: 24px;\"><\/div>         <\/div>             <div class=\"kksr-star\" style=\"padding-right: 5px\">               <div class=\"kksr-icon\" style=\"width: 24px; height: 24px;\"><\/div>         <\/div>             <div class=\"kksr-star\" style=\"padding-right: 5px\">               <div class=\"kksr-icon\" style=\"width: 24px; height: 24px;\"><\/div>         <\/div>     <\/div> <\/div>                   <div class=\"kksr-legend\" style=\"font-size: 19.2px;\">             4.9\/5 - (15 kura)    <\/div>     <\/div>  <p>Maskinen f\u00f6r fyllning av jordn\u00f6tssm\u00f6r \u00e4r speciellt utformad f\u00f6r flytande och visk\u00f6sa s\u00e5ser, som \u00e4r allm\u00e4nt anv\u00e4nda i automatisk f\u00f6rpackning av jordn\u00f6tssm\u00f6r, sesampasta, sylt och andra livsmedelsprodukter. <\/p>    <p>Denna utrustning \u00e4r en nyckelkomponent i produktionslinjen f\u00f6r jordn\u00f6tssm\u00f6r, som inte bara f\u00f6rb\u00e4ttrar fyllningseffektiviteten utan ocks\u00e5 garanterar renheten och stabiliteten i f\u00f6rpackningsprocessen. <\/p>    <p>Oavsett om det \u00e4r en liten verkstad som just har startat eller en fabrik med batchproduktion, kan vi erbjuda b\u00e5de helt automatiska och semi-automatiska modeller f\u00f6r att m\u00f6ta de faktiska behoven hos olika kunder.<\/p>    <figure class=\"wp-block-embed aligncenter is-type-video is-provider-youtube wp-block-embed-youtube wp-embed-aspect-16-9 wp-has-aspect-ratio\"><div class=\"wp-block-embed__wrapper\"> <iframe loading=\"lazy\" title=\"Automatisk maskin f\u00f6r fyllning av jordn\u00f6tssm\u00f6rsglas | Precision &amp; Effektivitet #jordn\u00f6tssm\u00f6r #fyllningsmaskin\" width=\"500\" height=\"281\" src=\"https:\/\/www.youtube.com\/embed\/EkCZhYds2dw?feature=oembed\" frameborder=\"0\" allow=\"accelerometer; autoplay; clipboard-write; encrypted-media; gyroscope; picture-in-picture; web-share\" referrerpolicy=\"strict-origin-when-cross-origin\" allowfullscreen><\/iframe> <\/div><figcaption class=\"wp-element-caption\">Arbetsvideo av jordn\u00f6tssm\u00f6rfyllningsmaskin<\/figcaption><\/figure>    <h2 class=\"wp-block-heading\">Till\u00e4mpningsomr\u00e5de f\u00f6r jordn\u00f6tssm\u00f6rpackningsmaskin<\/h2>    <ul class=\"wp-block-list\"> <li>Klibbiga livsmedel som jordn\u00f6tssm\u00f6r, sesamsm\u00f6r, het s\u00e5s, sylt, etc.<\/li>    <li>Flytande kryddor som honung, kondenserad mj\u00f6lk, salladsdressing, ketchup, etc.<\/li>    <li>Kosmetika som lotioner, kr\u00e4mer och andra halvflytande produkter.<\/li>    <li>Kr\u00e4mer och flytande mediciner inom l\u00e4kemedelsindustrin.<\/li>    <li>Kemisk industriolja, sm\u00f6rjmedel, reng\u00f6ringsmedel, etc.<\/li> <\/ul>   <div class=\"wp-block-image\"> <figure class=\"aligncenter size-full\"><img loading=\"lazy\" decoding=\"async\" width=\"720\" height=\"540\" src=\"https:\/\/www.peanuts-machine.com\/wp-content\/uploads\/2022\/08\/application-of-peanut-butter-2.webp\" alt=\"matumizi ya siagi ya karanga\" class=\"wp-image-325\" title=\"\" srcset=\"https:\/\/www.peanuts-machine.com\/wp-content\/uploads\/2022\/08\/application-of-peanut-butter-2.webp 720w, https:\/\/www.peanuts-machine.com\/wp-content\/uploads\/2022\/08\/application-of-peanut-butter-2-300x225.webp 300w\" sizes=\"auto, (max-width: 720px) 100vw, 720px\" \/><figcaption class=\"wp-element-caption\">matumizi ya siagi ya karanga<\/figcaption><\/figure> <\/div>  <div class=\"wp-block-image\"> <figure class=\"aligncenter size-full\"><img loading=\"lazy\" decoding=\"async\" width=\"720\" height=\"540\" src=\"https:\/\/www.peanuts-machine.com\/wp-content\/uploads\/2022\/08\/finished-products-1.webp\" alt=\"bidhaa za kumaliza\" class=\"wp-image-104\" title=\"\" srcset=\"https:\/\/www.peanuts-machine.com\/wp-content\/uploads\/2022\/08\/finished-products-1.webp 720w, https:\/\/www.peanuts-machine.com\/wp-content\/uploads\/2022\/08\/finished-products-1-300x225.webp 300w\" sizes=\"auto, (max-width: 720px) 100vw, 720px\" \/><figcaption class=\"wp-element-caption\">bidhaa za kumaliza<\/figcaption><\/figure> <\/div>   <h2 class=\"wp-block-heading\">F\u00f6rdelar med jordn\u00f6tssm\u00f6rfyllningsmaskin<\/h2>    <ul class=\"wp-block-list\"> <li>Design utan dropp: fyllningsmunstycket \u00e4r utrustat med en droppskyddanordning som automatiskt st\u00e4ngs i slutet av fyllningen f\u00f6r att undvika produktavfall och f\u00f6rorening.<\/li>    <li>S\u00e4ker drift: utrustad med en v\u00e4tskebr\u00e4da f\u00f6r att samla upp kvarvarande v\u00e4tska, h\u00e5lla utrustningen prydlig och ren, minska rester p\u00e5 marken och s\u00e4kerst\u00e4lla saniteten i produktionsmilj\u00f6n.<\/li>    <li>Praktisk reng\u00f6ring: rimlig strukturell design, enkel demontering, l\u00e4tt att reng\u00f6ra och underh\u00e5lla, i enlighet med livsmedelshygienstandarder.<\/li>    <li>Stark flaskkompatibilitet: justerbar struktur \u00e4r l\u00e4mplig f\u00f6r olika flaskstorlekar, ingen behov av att byta delar, sparar omst\u00e4llningstid.<\/li>    <li>H\u00f6g grad av automatisering: helt automatiskt eller semi-automatiskt system enligt kundens krav, vilket kraftigt f\u00f6rb\u00e4ttrar produktionseffektiviteten och minskar arbetskostnader.<\/li> <\/ul>   <div class=\"wp-block-image\"> <figure class=\"aligncenter size-full\"><img loading=\"lazy\" decoding=\"async\" width=\"720\" height=\"540\" src=\"https:\/\/www.peanuts-machine.com\/wp-content\/uploads\/2022\/08\/peanut-butter-filling-machine-1.webp\" alt=\"mashine ya kujaza siagi ya karanga\" class=\"wp-image-767\" title=\"\" srcset=\"https:\/\/www.peanuts-machine.com\/wp-content\/uploads\/2022\/08\/peanut-butter-filling-machine-1.webp 720w, https:\/\/www.peanuts-machine.com\/wp-content\/uploads\/2022\/08\/peanut-butter-filling-machine-1-300x225.webp 300w, https:\/\/www.peanuts-machine.com\/wp-content\/uploads\/2022\/08\/peanut-butter-filling-machine-1-16x12.webp 16w\" sizes=\"auto, (max-width: 720px) 100vw, 720px\" \/><figcaption class=\"wp-element-caption\">mashine ya kujaza siagi ya karanga<\/figcaption><\/figure> <\/div>   <h2 class=\"wp-block-heading\" id=\"h-the-working-principle-of-peanut-butter-filler\">Arbetsprincip f\u00f6r fyllningsmaskin f\u00f6r jordn\u00f6tssm\u00f6r<\/h2>    <p>Kijazaji cha siagi ya karanga kina pua inayojitegemea ya kujaza, skrini ya kugusa ya kielektroniki, kisafirishaji, na kabati ya kudhibiti umeme.<\/p>    <ol class=\"wp-block-list\"> <li>Starta utrustningen: efter att str\u00f6mmen har slagits p\u00e5, b\u00f6rjar maskinen att fungera och den pneumatiska kolvpumpen aktiveras, redo att utf\u00f6ra sug- och fyllnings\u00e5tg\u00e4rden.<\/li>    <li>Sugningsprocess: den pneumatiskt kontrollerade kolvpumpen drar jordn\u00f6tssm\u00f6r och andra material fr\u00e5n lagertanken in i den kvantitativa m\u00e4tcylindern.<\/li>    <li>Automatisk positionering: n\u00e4r doseringscylindern suger in den inst\u00e4llda m\u00e4ngden jordn\u00f6tssm\u00f6r, r\u00f6r sig fyllningsmunstycket automatiskt till toppen av flaskans mun f\u00f6r positionering.<\/li>    <li>Fyllning och urladdning: ventilen p\u00e5 fyllningsmunstycket sjunker, jordn\u00f6tssm\u00f6r injiceras kvantitativt i f\u00f6rpackningsflaskan genom materialledningen.<\/li>    <li>Precis kontroll: anv\u00e4ndare kan justera slagl\u00e4ngden eller parametrarna f\u00f6r den pneumatiska kolvpumpen f\u00f6r att exakt kontrollera fyllningsm\u00e4ngden varje g\u00e5ng.<\/li>    <li>Antidroppfunktion: efter att fyllningen \u00e4r klar st\u00e4nger munstycket automatiskt f\u00f6r att f\u00f6rhindra dropp och s\u00e4kerst\u00e4lla ren och hygienisk fyllning.<\/li> <\/ol>   <div class=\"wp-block-image\"> <figure class=\"aligncenter size-full\"><img loading=\"lazy\" decoding=\"async\" width=\"720\" height=\"540\" src=\"https:\/\/www.peanuts-machine.com\/wp-content\/uploads\/2022\/08\/nut-paste-filler-machine.webp\" alt=\"Mashine ya kujaza mchuzi wa karanga\" class=\"wp-image-900\" title=\"\" srcset=\"https:\/\/www.peanuts-machine.com\/wp-content\/uploads\/2022\/08\/nut-paste-filler-machine.webp 720w, https:\/\/www.peanuts-machine.com\/wp-content\/uploads\/2022\/08\/nut-paste-filler-machine-300x225.webp 300w, https:\/\/www.peanuts-machine.com\/wp-content\/uploads\/2022\/08\/nut-paste-filler-machine-16x12.webp 16w\" sizes=\"auto, (max-width: 720px) 100vw, 720px\" \/><figcaption class=\"wp-element-caption\">Mashine ya kujaza mchuzi wa karanga<\/figcaption><\/figure> <\/div>   <div class=\"wp-block-columns is-layout-flex wp-container-core-columns-is-layout-9d6595d7 wp-block-columns-is-layout-flex\"> <div class=\"wp-block-column is-layout-flow wp-block-column-is-layout-flow\"> <figure class=\"wp-block-image size-full\"><img loading=\"lazy\" decoding=\"async\" width=\"302\" height=\"221\" src=\"https:\/\/www.peanuts-machine.com\/wp-content\/uploads\/2022\/08\/servo-motor.webp\" alt=\"servo motor\" class=\"wp-image-112\" title=\"\" srcset=\"https:\/\/www.peanuts-machine.com\/wp-content\/uploads\/2022\/08\/servo-motor.webp 302w, https:\/\/www.peanuts-machine.com\/wp-content\/uploads\/2022\/08\/servo-motor-300x220.webp 300w\" sizes=\"auto, (max-width: 302px) 100vw, 302px\" \/><figcaption class=\"wp-element-caption\">servo motor<\/figcaption><\/figure> <\/div>    <div class=\"wp-block-column is-layout-flow wp-block-column-is-layout-flow\"> <figure class=\"wp-block-image size-full\"><img loading=\"lazy\" decoding=\"async\" width=\"351\" height=\"193\" src=\"https:\/\/www.peanuts-machine.com\/wp-content\/uploads\/2022\/08\/paste-filling-pneumatic-device.webp\" alt=\"kuweka kujaza kifaa nyumatiki\" class=\"wp-image-110\" title=\"\" srcset=\"https:\/\/www.peanuts-machine.com\/wp-content\/uploads\/2022\/08\/paste-filling-pneumatic-device.webp 351w, https:\/\/www.peanuts-machine.com\/wp-content\/uploads\/2022\/08\/paste-filling-pneumatic-device-300x165.webp 300w\" sizes=\"auto, (max-width: 351px) 100vw, 351px\" \/><figcaption class=\"wp-element-caption\">kuweka kujaza kifaa nyumatiki<\/figcaption><\/figure> <\/div>    <div class=\"wp-block-column is-layout-flow wp-block-column-is-layout-flow\"> <figure class=\"wp-block-image size-full\"><img loading=\"lazy\" decoding=\"async\" width=\"353\" height=\"203\" src=\"https:\/\/www.peanuts-machine.com\/wp-content\/uploads\/2022\/08\/filling-nozzle.webp\" alt=\"pua ya kujaza\" class=\"wp-image-109\" title=\"\" srcset=\"https:\/\/www.peanuts-machine.com\/wp-content\/uploads\/2022\/08\/filling-nozzle.webp 353w, https:\/\/www.peanuts-machine.com\/wp-content\/uploads\/2022\/08\/filling-nozzle-300x173.webp 300w\" sizes=\"auto, (max-width: 353px) 100vw, 353px\" \/><figcaption class=\"wp-element-caption\">pua ya kujaza<\/figcaption><\/figure> <\/div> <\/div>    <figure class=\"wp-block-embed aligncenter is-type-video is-provider-youtube wp-block-embed-youtube wp-embed-aspect-16-9 wp-has-aspect-ratio\"><div class=\"wp-block-embed__wrapper\"> <iframe loading=\"lazy\" title=\"Mashine ya Kujaza Siagi ya Karanga | Jaza Siagi ya Karanga kwa Sekunde Moja na Kijaza Siagi ya Karanga\" width=\"500\" height=\"281\" src=\"https:\/\/www.youtube.com\/embed\/h2xL4Z-rbF0?feature=oembed\" frameborder=\"0\" allow=\"accelerometer; autoplay; clipboard-write; encrypted-media; gyroscope; picture-in-picture; web-share\" referrerpolicy=\"strict-origin-when-cross-origin\" allowfullscreen><\/iframe> <\/div><figcaption class=\"wp-element-caption\">Driftsvideo av automatisk jordn\u00f6tssm\u00f6rfyllningsmaskin<\/figcaption><\/figure>    <h2 class=\"wp-block-heading\" id=\"h-machine-parameters\">Parametrar f\u00f6r fyllningsmaskin f\u00f6r n\u00f6tter<\/h2>    <figure class=\"wp-block-table is-style-stripes\"><table><tbody><tr><td>Jina<\/td><td>Fyllningsmaskin med 4 huvuden<\/td><\/tr><tr><td>Nyenzo<\/td><td>Chuma\u00a0Stainless<\/td><\/tr><tr><td>Kichwa cha kujaza<\/td><td>4 Vichwa<\/td><\/tr><tr><td>Aina Inayoendeshwa<\/td><td>Pneumatisk och Elektrisk<\/td><\/tr><tr><td>Efterf\u00f6rs\u00e4ljningsservice tillhandah\u00e5lls<\/td><td>Dhamana: mwaka 1; | Msaada wa Kiufundi wa Video<\/td><\/tr><tr><td>Fyllvolym<\/td><td>500-3000 ml<\/td><\/tr><tr><td>Fyllningshastighet<\/td><td>2 huvuden: 240KG-960KG; 4 huvuden: 480KG-1920KG<\/td><\/tr><tr><td>Kiasi cha Hopper<\/td><td>350L<\/td><\/tr><tr><td>Nguvu<\/td><td>220V, 50Hz, 500W<\/td><\/tr><tr><td>Ukubwa wa Mashine<\/td><td>1850mm*1040mm*1900mm<\/td><\/tr><tr><td>Uzito<\/td><td>700KG<\/td><\/tr><\/tbody><\/table><figcaption class=\"wp-element-caption\">Tekniska parametrar f\u00f6r maskin f\u00f6r fyllning av jordn\u00f6tssm\u00f6r<\/figcaption><\/figure>   <div class=\"wp-block-image\"> <figure class=\"aligncenter size-full\"><img loading=\"lazy\" decoding=\"async\" width=\"720\" height=\"540\" src=\"https:\/\/www.peanuts-machine.com\/wp-content\/uploads\/2022\/08\/viscous-liquid-filling-machine.webp\" alt=\"Mashine ya kujaza mnyororo wa viscous\" class=\"wp-image-901\" title=\"\" srcset=\"https:\/\/www.peanuts-machine.com\/wp-content\/uploads\/2022\/08\/viscous-liquid-filling-machine.webp 720w, https:\/\/www.peanuts-machine.com\/wp-content\/uploads\/2022\/08\/viscous-liquid-filling-machine-300x225.webp 300w, https:\/\/www.peanuts-machine.com\/wp-content\/uploads\/2022\/08\/viscous-liquid-filling-machine-16x12.webp 16w\" sizes=\"auto, (max-width: 720px) 100vw, 720px\" \/><figcaption class=\"wp-element-caption\">Mashine ya kujaza mnyororo wa viscous<\/figcaption><\/figure> <\/div>   <h2 class=\"wp-block-heading\" id=\"h-do-you-want-to-get-the-complete-peanut-butter-filling-system\">Je, unataka kupata mfumo kamili wa kujaza siagi ya karanga?<\/h2>    <p>Om du inte bara beh\u00f6ver en maskin f\u00f6r att fylla jordn\u00f6tssm\u00f6r, utan ocks\u00e5 vill s\u00e4tta upp en komplett och effektiv fyllningsproduktionslinje, kan Taizy erbjuda dig ett professionellt komplett system f\u00f6r fyllning av jordn\u00f6tssm\u00f6r.<\/p>    <p>Hela linjen t\u00e4cker hela processen fr\u00e5n kodning och m\u00e4rkning till fyllning och kapsling. Utrustningen inkluderar kodningsmaskin, m\u00e4rkningmaskin, fyllningsmaskin och kapslingsmaskin, varje steg i produktionslinjen \u00e4r exakt, effektivt och automatiserat f\u00f6r att s\u00e4kerst\u00e4lla att produkterna \u00e4r snygga, vackra och standardiserade.<\/p>    <p>Oavsett om det g\u00e4ller stormarknader, grossistmarknader eller e-handelsplattformar kan jordn\u00f6tssm\u00f6rprodukter som fylls med detta system uppn\u00e5 enhetliga och standardiserade f\u00f6rpackningsresultat, vilket hj\u00e4lper dig att skapa en professionell varum\u00e4rkesimage.<\/p>    <p>Vi kan erbjuda flexibla konfigurationer enligt dina utg\u00e5ngskrav och budget, v\u00e4lkommen att konsultera f\u00f6r detaljerade l\u00f6sningar och offerter n\u00e4r som helst.<\/p>   <div class=\"wp-block-image\"> <figure class=\"aligncenter size-full\"><img loading=\"lazy\" decoding=\"async\" width=\"720\" height=\"540\" src=\"https:\/\/www.peanuts-machine.com\/wp-content\/uploads\/2022\/08\/peanut-butter-production-line.webp\" alt=\"mstari wa uzalishaji wa siagi ya karanga\" class=\"wp-image-49\" title=\"\" srcset=\"https:\/\/www.peanuts-machine.com\/wp-content\/uploads\/2022\/08\/peanut-butter-production-line.webp 720w, https:\/\/www.peanuts-machine.com\/wp-content\/uploads\/2022\/08\/peanut-butter-production-line-300x225.webp 300w\" sizes=\"auto, (max-width: 720px) 100vw, 720px\" \/><figcaption class=\"wp-element-caption\">mstari wa uzalishaji wa siagi ya karanga<\/figcaption><\/figure> <\/div>   <h2 class=\"wp-block-heading\" id=\"h-small-peanut-butter-filling-machine-for-sale\">Anpassad fyllningsmaskin f\u00f6r jordn\u00f6tssm\u00f6r till salu<\/h2>    <p>Maskinen f\u00f6r fyllning av jordn\u00f6tssm\u00f6r fr\u00e5n Taizy \u00e4r inte bara l\u00e4tt att anv\u00e4nda och kompakt, utan har ocks\u00e5 praktiska funktioner som droppskydd, \u00e4r l\u00e4tt att reng\u00f6ra och anpassningsbar till olika flasktyper. <\/p>    <p class=\"translation-block\">Tunazalisha vifaa vya <a href=\"https:\/\/www.peanuts-machine.com\/sw\/product\/peanut-butter-production-line\/\"><strong><em>mstari wa uzalishaji wa siagi ya karanga<\/em><\/strong><\/a> vinavyofaa kwa uzalishaji wa kiwango kikubwa, na pia mashine ndogo za <a href=\"https:\/\/www.peanuts-machine.com\/sw\/product\/commercial-peanut-butter-machine\/\"><strong><em>uchakataji wa siagi ya karanga<\/em><\/strong><\/a> zinazofaa kwa biashara ndogo na za kati au viwanda vinavyoanza, zenye utendaji wa gharama ya juu na kizingiti cha chini cha uwekezaji.<\/p>    <p class=\"translation-block\">Zaidi ya hayo, vifaa vina matumizi mengi, sio tu kwa kujaza <a href=\"https:\/\/en.wikipedia.org\/wiki\/Peanut_butter\" target=\"_blank\" rel=\"noopener\">siagi ya karanga<\/a>, lakini pia kwa uzalishaji wa kujaza wa vimiminika au vifaa vya mnato kama vile ketchup, jam, asali, juisi, krimu ya ngozi, shampoo, na kadhalika. Inatumika sana katika tasnia nyingi kama vile chakula, viungo, kemikali za kila siku, dawa, na kadhalika.<\/p>    <p>Oavsett om du vill \u00f6ka produktionskapaciteten, f\u00f6rb\u00e4ttra effektiviteten eller planera att b\u00f6rja fr\u00e5n grunden inom jordn\u00f6tssm\u00f6rsindustrin, kan vi erbjuda dig helhetsl\u00f6sningar och uppm\u00e4rksam eftermarknadsservice. Tveka inte att kontakta oss f\u00f6r skr\u00e4ddarsydda l\u00f6sningar och offerter f\u00f6r att g\u00f6ra din fyllningsproduktion mer effektiv, professionell och p\u00e5litlig!<\/p>","protected":false},"excerpt":{"rendered":"<p>Maskinen f\u00f6r fyllning av jordn\u00f6tssm\u00f6r anv\u00e4nds f\u00f6r f\u00f6rpackning av v\u00e4tska och pasta material, l\u00e4mplig f\u00f6r jordn\u00f6tssm\u00f6r, sylt, ketchup och m\u00e5nga andra produkter, med f\u00f6rdelar som fyllningsprecision, droppskydd och s\u00e5 vidare.<\/p>","protected":false},"author":1,"featured_media":111,"parent":0,"template":"","tags":[35],"product-type":[51,46],"class_list":["post-99","product","type-product","status-publish","has-post-thumbnail","hentry","tag-peanut-butter","product-type-peanut-butter-machine","product-type-products"],"_links":{"self":[{"href":"https:\/\/www.peanuts-machine.com\/sw\/wp-json\/wp\/v2\/product\/99","targetHints":{"allow":["GET"]}}],"collection":[{"href":"https:\/\/www.peanuts-machine.com\/sw\/wp-json\/wp\/v2\/product"}],"about":[{"href":"https:\/\/www.peanuts-machine.com\/sw\/wp-json\/wp\/v2\/types\/product"}],"author":[{"embeddable":true,"href":"https:\/\/www.peanuts-machine.com\/sw\/wp-json\/wp\/v2\/users\/1"}],"wp:featuredmedia":[{"embeddable":true,"href":"https:\/\/www.peanuts-machine.com\/sw\/wp-json\/wp\/v2\/media\/111"}],"wp:attachment":[{"href":"https:\/\/www.peanuts-machine.com\/sw\/wp-json\/wp\/v2\/media?parent=99"}],"wp:term":[{"taxonomy":"post_tag","embeddable":true,"href":"https:\/\/www.peanuts-machine.com\/sw\/wp-json\/wp\/v2\/tags?post=99"},{"taxonomy":"product-type","embeddable":true,"href":"https:\/\/www.peanuts-machine.com\/sw\/wp-json\/wp\/v2\/product-type?post=99"}],"curies":[{"name":"wp","href":"https:\/\/api.w.org\/{rel}","templated":true}]}}